{"id":98542,"date":"2025-02-18T11:15:40","date_gmt":"2025-02-18T10:15:40","guid":{"rendered":"https:\/\/www.koonings.com\/inspiration\/magasin-de-mariage-roermond\/"},"modified":"2025-09-29T12:08:05","modified_gmt":"2025-09-29T10:08:05","slug":"magasin-de-mariage-roermond","status":"publish","type":"page","link":"https:\/\/www.koonings.com\/fr\/inspiration\/magasin-de-mariage-roermond\/","title":{"rendered":"Magasin de mariage Roermond"},"content":{"rendered":"\r\n\r\n<div class=\"eye-element fullwidth-row alignfull style-both bg--none  alignfull \" style=\" \">\r\n\r\n    <div class=\"container\">\r\n        <div class=\"row\">\r\n            <div class=\"col-12\">\r\n                <div class=\"acf-innerblocks-container\">\n\n<h1 class=\"wp-block-heading has-text-align-center\" id=\"bruidswinkel-roermond\">Magasin de mariage Roermond<\/h1>\n\n\n\n<p class=\"has-text-align-center\">Vous cherchez un magasin de mariage \u00e0 Roermond ? En 35 minutes, vous serez face \u00e0 la plus grande collection de mode nuptiale du Limbourg. Dans le pittoresque Valkenburg, le <a href=\"https:\/\/www.koonings.com\/fr\/valkenburg\/\">magasin de robes de mari\u00e9e Koonings The Wedding Castle<\/a> est situ\u00e9 dans le majestueux Kasteel Oost. Vous y trouverez certainement la robe de mari\u00e9e de vos r\u00eaves.   <\/p>\n\n\n\r\n<div class=\"eye-element bsbutton text-center \" >\r\n\t        <a class=\"btn btn-gold\" href=\"\/afspraak-maken\"\r\n           target=\"\">Prenez rendez-vous<\/a>\r\n\t<\/div>\n<\/div>\r\n            <\/div>\r\n        <\/div>\r\n    <\/div>\r\n\r\n<\/div>\r\n\r\n    \r\n\r\n<div class=\"eye-element fullwidth-row alignfull style-both bg--none  alignfull \" style=\" \">\r\n\r\n    <div class=\"container\">\r\n        <div class=\"row\">\r\n            <div class=\"col-12\">\r\n                <div class=\"acf-innerblocks-container\">\n\n<div class=\"ghostkit-grid ghostkit-grid-gap-md\"><div class=\"ghostkit-grid-inner\">\n<div class=\"ghostkit-col ghostkit-col-md-12 ghostkit-col-6\"><div class=\"ghostkit-col-content is-layout-flow wp-block-ghostkit-grid-column-is-layout-flow\">\r\n<div class=\"eye-block empty-space empty-space--small pt-md-3 pb-md-3 pt-2 pb-2\" ><\/div>\n\n\n<h2 class=\"wp-block-heading\" id=\"de-laatste-bruidsmode-nabij-roermond\">La derni\u00e8re mode nuptiale pr\u00e8s de Roermond<\/h2>\n\n\n\n<p>Chez Koonings, tout est question d&#8217;exp\u00e9rience. Dans le cadre f\u00e9erique de Kasteel Oost, nos stylistes exp\u00e9riment\u00e9s vous aideront \u00e0 trouver la robe qui convient parfaitement \u00e0 votre style et \u00e0 votre personnalit\u00e9. Que vous r\u00eaviez d&#8217;une robe de princesse romantique, d&#8217;une coupe moderne et \u00e9l\u00e9gante ou d&#8217;un look boh\u00e8me, nous avons tout ce qu&#8217;il vous faut.  <\/p>\n\n\n\n<p>Notre collection comprend des milliers de robes de marques renomm\u00e9es et de cr\u00e9ateurs exclusifs. Gr\u00e2ce \u00e0 nos ann\u00e9es d&#8217;expertise et \u00e0 notre service personnalis\u00e9, nous faisons de votre recherche une exp\u00e9rience unique. <\/p>\n\n\n\r\n<div class=\"eye-element bsbutton text-start \" >\r\n\t        <a class=\"btn btn-primary\" href=\"\/moodboard-maken\/\"\r\n           target=\"\">Cr\u00e9ez votre propre tableau d&#8217;humeur<\/a>\r\n\t<\/div><\/div><\/div>\n\n\n\n<div class=\"ghostkit-col ghostkit-col-md-12 ghostkit-col-6\"><div class=\"ghostkit-col-content is-layout-flow wp-block-ghostkit-grid-column-is-layout-flow\">\r\n<div class=\"eye-element images style-default variant-1 multi-image\">\r\n\r\n\t        <div class=\"composition\">\r\n\t\t\t                <div class=\"image-0\">\r\n                    <img decoding=\"async\" class=\"img-fluid\" src=\"https:\/\/www.koonings.com\/wp-content\/uploads\/2024\/07\/thumbnail_IMG_9798-225x300.jpg\" srcset=\"https:\/\/www.koonings.com\/wp-content\/uploads\/2024\/07\/thumbnail_IMG_9798-225x300.jpg 225w, https:\/\/www.koonings.com\/wp-content\/uploads\/2024\/07\/thumbnail_IMG_9798-768x1024.jpg 768w, https:\/\/www.koonings.com\/wp-content\/uploads\/2024\/07\/thumbnail_IMG_9798-1152x1536.jpg 1152w, https:\/\/www.koonings.com\/wp-content\/uploads\/2024\/07\/thumbnail_IMG_9798.jpg 1440w\" alt=\"\">\r\n                <\/div>\r\n\t\t\t\r\n            <div class=\"swiper images-swiper\">\r\n\r\n\t\t\t\t\r\n                <div class=\"swiper-wrapper\">\r\n\t\t\t\t\t                        <li class=\"swiper-slide\">\r\n                            <img decoding=\"async\" class=\" img-fluid\" src=\"https:\/\/www.koonings.com\/wp-content\/uploads\/2024\/07\/Wit-Baron-van-Mettecoven-1024x576.jpg\" srcset=\"https:\/\/www.koonings.com\/wp-content\/uploads\/2024\/07\/Wit-Baron-van-Mettecoven-scaled.jpg\" alt=\"\">\r\n                        <\/li>\r\n\t\t\t\t\t                        <li class=\"swiper-slide\">\r\n                            <img decoding=\"async\" class=\" img-fluid\" src=\"https:\/\/www.koonings.com\/wp-content\/uploads\/2024\/07\/KOO_castle_dronebeeld-1024x573.jpg\" srcset=\"https:\/\/www.koonings.com\/wp-content\/uploads\/2024\/07\/KOO_castle_dronebeeld.jpg\" alt=\"\">\r\n                        <\/li>\r\n\t\t\t\t\t                        <li class=\"swiper-slide\">\r\n                            <img decoding=\"async\" class=\" img-fluid\" src=\"https:\/\/www.koonings.com\/wp-content\/uploads\/2024\/07\/foto1WDS_0170-kopie-1024x683.jpg\" srcset=\"https:\/\/www.koonings.com\/wp-content\/uploads\/2024\/07\/foto1WDS_0170-kopie-scaled.jpg\" alt=\"\">\r\n                        <\/li>\r\n\t\t\t\t\t                <\/div>\r\n\r\n                <div class=\"swiper-pagination\"><\/div>\r\n\r\n                <div class=\"swiper-button-prev\"><\/div>\r\n                <div class=\"swiper-button-next\"><\/div>\r\n\r\n            <\/div>\r\n\r\n        <\/div>\r\n\t\r\n\t<\/div><\/div><\/div>\n<\/div><\/div>\n\n<\/div>\r\n            <\/div>\r\n        <\/div>\r\n    <\/div>\r\n\r\n<\/div>\r\n\r\n    \r\n\r\n<div class=\"eye-element fullwidth-row alignfull style-both bg--lightgray  alignfull \" style=\" \">\r\n\r\n    <div class=\"container\">\r\n        <div class=\"row\">\r\n            <div class=\"col-12\">\r\n                <div class=\"acf-innerblocks-container\">\n\n<h2 class=\"wp-block-heading\" id=\"waarom-bruiden-uit-roermond-naar-koonings-komen\">Pourquoi les mari\u00e9es de Roermond s&#8217;adressent-elles \u00e0 Koonings ?<\/h2>\n\n\n\n<div class=\"ghostkit-grid ghostkit-grid-gap-md\"><div class=\"ghostkit-grid-inner\">\n<div class=\"ghostkit-col ghostkit-col-lg-12 ghostkit-col-2 is-layout-flow wp-block-ghostkit-grid-column-is-layout-flow\"><div class=\"ghostkit-col-content\"><\/div><\/div>\n\n\n\n<div class=\"ghostkit-col ghostkit-col-lg-12 ghostkit-col-8\"><div class=\"ghostkit-col-content is-layout-flow wp-block-ghostkit-grid-column-is-layout-flow\">\n<ol start=\"1\" class=\"wp-block-list\">\n<li><strong><a href=\"https:\/\/www.koonings.com\/inspiratie\/bruidsmode-in-zuid-limburg\/\">La plus grande collection de robes de mari\u00e9e du Limbourg<\/a><\/strong> &#8211; Une s\u00e9lection in\u00e9gal\u00e9e de robes de mari\u00e9e pour tous les styles.<\/li>\n\n\n\n<li><strong>Emplacement unique<\/strong> &#8211; Le passage dans l&#8217;\u00e9poustouflant Castle East rendra votre exp\u00e9rience encore plus sp\u00e9ciale.<\/li>\n\n\n\n<li><strong>Conseils d&#8217;experts<\/strong> &#8211; Nos stylistes vous aideront avec toute leur attention et leur expertise.<\/li>\n\n\n\n<li><strong>Facile \u00e0 atteindre<\/strong> &#8211; En 35 minutes, vous pouvez vous rendre en voiture de Roermond \u00e0 la boutique de mariage pr\u00e8s de Roermond.<\/li>\n\n\n\n<li><strong>Connu des m\u00e9dias<\/strong>, Koonings est le magasin de robes de mari\u00e9e de <em>Say Yes to the Dress<\/em> et <em>Married at First Sight<\/em>.<\/li>\n<\/ol>\n<\/div><\/div>\n\n\n\n<div class=\"ghostkit-col ghostkit-col-lg-12 ghostkit-col-2 is-layout-flow wp-block-ghostkit-grid-column-is-layout-flow\"><div class=\"ghostkit-col-content\"><\/div><\/div>\n<\/div><\/div>\n\n<\/div>\r\n            <\/div>\r\n        <\/div>\r\n    <\/div>\r\n\r\n<\/div>\r\n\r\n    \r\n\r\n<div class=\"eye-element fullwidth-row alignfull style-both bg--none  alignfull \" style=\" \">\r\n\r\n    <div class=\"container\">\r\n        <div class=\"row\">\r\n            <div class=\"col-12\">\r\n                <div class=\"acf-innerblocks-container\">\n\n<h2 class=\"wp-block-heading\" id=\"routebeschrijving-van-roermond-naar-bruidswinkel-koonings-the-wedding-castle\">Itin\u00e9raire de Roermond au magasin de mariage Koonings The Wedding Castle<\/h2>\n\n\n\n<p>Depuis Roermond, vous pouvez facilement emprunter l&#8217;A73 et l&#8217;A79 en direction de Valkenburg. Prenez la sortie 4 et suivez les panneaux indiquant Kasteel Oost. Nous disposons d&#8217;un vaste parking gratuit sur notre site. Planifiez facilement votre itin\u00e9raire avec <a href=\"https:\/\/www.google.com\/maps\/dir\/\/Oosterweg+30,+6301+PX+Valkenburg\/@51.4686976,5.7638912,12z\/data=!4m8!4m7!1m0!1m5!1m1!1s0x47c09556dd064395:0x4979aaf79c0c47c4!2m2!1d5.8418127!2d50.8618943\" target=\"_blank\" rel=\"noreferrer noopener\">Google Maps<\/a> et d\u00e9couvrez notre collection par vous-m\u00eame.   <\/p>\n\n\n\n<div class=\"ghostkit-grid ghostkit-grid-gap-md\"><div class=\"ghostkit-grid-inner\">\n<div class=\"ghostkit-col ghostkit-col-lg-12 ghostkit-col-2 is-layout-flow wp-block-ghostkit-grid-column-is-layout-flow\"><div class=\"ghostkit-col-content\"><\/div><\/div>\n\n\n\n<div class=\"ghostkit-col ghostkit-col-lg-12 ghostkit-col-8\"><div class=\"ghostkit-col-content is-layout-flow wp-block-ghostkit-grid-column-is-layout-flow\">\n<div class=\"ghostkit-google-maps\" style=\"min-height:350px\" data-lat=\"51.259032721107396\" data-lng=\"5.7598854798944865\" data-zoom=\"8\" data-show-zoom-buttons=\"true\" data-show-map-type-buttons=\"true\" data-show-street-view-button=\"true\" data-show-fullscreen-button=\"true\" data-option-scroll-wheel=\"true\" data-option-draggable=\"true\" data-styles=\"\"><div class=\"ghostkit-google-maps-marker\" data-title=\"Koonings The Wedding Castle\" data-lat=\"50.8620043\" data-lng=\"5.841919499999999\" data-address=\"Oost, Oosterweg 36, 6301 PX Valkenburg, Nederland\"><div class=\"ghostkit-pro-google-maps-marker-info-window-text\" style=\"display:none\"><p>Kasteel Oost, Oosterweg 30, 6301 PX Valkenburg<\/p><\/div><\/div><\/div>\n<\/div><\/div>\n\n\n\n<div class=\"ghostkit-col ghostkit-col-lg-12 ghostkit-col-2 is-layout-flow wp-block-ghostkit-grid-column-is-layout-flow\"><div class=\"ghostkit-col-content\"><\/div><\/div>\n<\/div><\/div>\n\n<\/div>\r\n            <\/div>\r\n        <\/div>\r\n    <\/div>\r\n\r\n<\/div>\r\n\r\n    \r\n\r\n<div class=\"eye-element fullwidth-row alignfull style-both bg--lightgray  alignfull \" style=\" \">\r\n\r\n    <div class=\"container\">\r\n        <div class=\"row\">\r\n            <div class=\"col-12\">\r\n                <div class=\"acf-innerblocks-container\">\n\n<div class=\"ghostkit-grid ghostkit-grid-gap-md\"><div class=\"ghostkit-grid-inner\">\n<div class=\"ghostkit-col ghostkit-col-md-12 ghostkit-col-6\"><div class=\"ghostkit-col-content is-layout-flow wp-block-ghostkit-grid-column-is-layout-flow\">\n<h2 class=\"wp-block-heading\" id=\"bruidsmode-in-zuid-limburg\">La mode nuptiale dans le Limbourg du Sud<\/h2>\n\n\n\n<p>Vous r\u00eavez d&#8217;une robe de mari\u00e9e qui vous convienne parfaitement ? Passez donc chez Koonings The Wedding Castle et laissez-vous s\u00e9duire par la plus grande collection de <a href=\"https:\/\/www.koonings.com\/inspiratie\/bruidsmode-in-zuid-limburg\/\">mode nuptiale du Limbourg<\/a>. Que vous veniez de Roermond, de <a href=\"https:\/\/www.koonings.com\/inspiratie\/bruidsmode-in-maastricht\/\">Maastricht<\/a> ou de Valkenburg, nous vous aiderons volontiers \u00e0 trouver la robe de vos r\u00eaves. Prenez rendez-vous d\u00e8s aujourd&#8217;hui et d\u00e9couvrez la magie de Koonings !   <\/p>\n\n\n\r\n<div class=\"eye-element bsbutton text-start \" >\r\n\t        <a class=\"btn btn-primary\" href=\"\/bruid\/trouwjurken\"\r\n           target=\"\">Voir la collection de robes de mari\u00e9e<\/a>\r\n\t<\/div>\n\n\r\n<div class=\"eye-block empty-space empty-space--small pt-md-3 pb-md-3 pt-2 pb-2\" ><\/div>\n\n\n<h2 class=\"wp-block-heading\" id=\"bruidsmode-voor-de-hele-bruiloftsgroep\">La mode nuptiale pour tout le groupe de mariage<\/h2>\n\n\n\n<p>Outre les robes de mari\u00e9e, la boutique de mariage Koonings propose \u00e9galement une mode nuptiale \u00e9l\u00e9gante pour le mari\u00e9, les t\u00e9moins et les enfants. Des costumes et accessoires de luxe pour les messieurs aux jolies tenues pour les bouqueti\u00e8res et les porteurs d&#8217;anneaux, vous trouverez dans notre magasin tout ce qu&#8217;il faut pour habiller avec style l&#8217;ensemble de votre groupe. <\/p>\n<\/div><\/div>\n\n\n\n<div class=\"ghostkit-col ghostkit-col-md-12 ghostkit-col-6\"><div class=\"ghostkit-col-content is-layout-flow wp-block-ghostkit-grid-column-is-layout-flow\">\r\n<div class=\"eye-element images style-default variant-1 multi-image\">\r\n\r\n\t        <div class=\"composition\">\r\n\t\t\t                <div class=\"image-0\">\r\n                    <img decoding=\"async\" class=\"img-fluid\" src=\"https:\/\/www.koonings.com\/wp-content\/uploads\/2024\/08\/koonings-trouwpak-wilvorst-green-wedding-trouwkostuum-gw-look2-a-212x300.jpg\" srcset=\"https:\/\/www.koonings.com\/wp-content\/uploads\/2024\/08\/koonings-trouwpak-wilvorst-green-wedding-trouwkostuum-gw-look2-a-212x300.jpg 212w, https:\/\/www.koonings.com\/wp-content\/uploads\/2024\/08\/koonings-trouwpak-wilvorst-green-wedding-trouwkostuum-gw-look2-a.jpg 679w\" alt=\"\">\r\n                <\/div>\r\n\t\t\t\r\n            <div class=\"swiper images-swiper\">\r\n\r\n\t\t\t\t\r\n                <div class=\"swiper-wrapper\">\r\n\t\t\t\t\t                        <li class=\"swiper-slide\">\r\n                            <img decoding=\"async\" class=\" img-fluid\" src=\"https:\/\/www.koonings.com\/wp-content\/uploads\/2024\/07\/herenpakken-1024x671.png\" srcset=\"https:\/\/www.koonings.com\/wp-content\/uploads\/2024\/07\/herenpakken.png\" alt=\"Koonings herenpakken\">\r\n                        <\/li>\r\n\t\t\t\t\t                <\/div>\r\n\r\n                <div class=\"swiper-pagination\"><\/div>\r\n\r\n                <div class=\"swiper-button-prev\"><\/div>\r\n                <div class=\"swiper-button-next\"><\/div>\r\n\r\n            <\/div>\r\n\r\n        <\/div>\r\n\t\r\n\t<\/div><\/div><\/div>\n<\/div><\/div>\n\n<\/div>\r\n            <\/div>\r\n        <\/div>\r\n    <\/div>\r\n\r\n<\/div>\r\n\r\n    \r\n\r\n<div class=\"eye-element fullwidth-row alignfull style-both bg--none  alignfull \" style=\" \">\r\n\r\n    <div class=\"container\">\r\n        <div class=\"row\">\r\n            <div class=\"col-12\">\r\n                <div class=\"acf-innerblocks-container\">\n\n<h2 class=\"wp-block-heading has-text-align-center\" id=\"plan-jouw-pasafspraak\">Planifiez votre rendez-vous d&#8217;essayage<\/h2>\n\n\n\n<p class=\"has-text-align-center\">\u00cates-vous pr\u00eate \u00e0 trouver la robe de vos r\u00eaves ? Visitez Koonings The Wedding Castle et laissez-vous s\u00e9duire par notre impressionnante collection. Que vous soyez \u00e0 la <a href=\"https:\/\/www.koonings.com\/inspiratie\/bruidsmode-echt\/\">recherche d&#8217;une robe de mari\u00e9e \u00e0 Echt<\/a>, Roermond ou ailleurs dans la r\u00e9gion, nous nous ferons un plaisir de vous aider. Prenez rendez-vous d\u00e8s aujourd&#8217;hui et d\u00e9couvrez la magie de Koonings !   <\/p>\n\n\n\r\n<div class=\"eye-element bsbutton text-center \" >\r\n\t        <a class=\"btn btn-gold\" href=\"\/afspraak-maken\"\r\n           target=\"\">Prenez rendez-vous<\/a>\r\n\t<\/div>\n<\/div>\r\n            <\/div>\r\n        <\/div>\r\n    <\/div>\r\n\r\n<\/div>\r\n\r\n    ","protected":false},"excerpt":{"rendered":"","protected":false},"author":2,"featured_media":0,"parent":16224,"menu_order":0,"comment_status":"closed","ping_status":"closed","template":"","meta":{"_acf_changed":false,"ghostkit_customizer_options":"","ghostkit_custom_css":"","ghostkit_custom_js_head":"","ghostkit_custom_js_foot":"","ghostkit_typography":"","footnotes":""},"class_list":["post-98542","page","type-page","status-publish","hentry"],"acf":[],"yoast_head":"<!-- This site is optimized with the Yoast SEO plugin v27.3 - https:\/\/yoast.com\/product\/yoast-seo-wordpress\/ -->\n<title>Magasin de mariage Roermond | Koonings<\/title>\n<meta name=\"description\" content=\"Vous cherchez un magasin de mariage \u00e0 Roermond ? En 35 minutes, vous serez face \u00e0 la plus grande collection de mode nuptiale du Limbourg.\" \/>\n<meta name=\"robots\" content=\"index, follow, max-snippet:-1, max-image-preview:large, max-video-preview:-1\" \/>\n<link rel=\"canonical\" href=\"https:\/\/www.koonings.com\/fr\/inspiration\/magasin-de-mariage-roermond\/\" \/>\n<meta property=\"og:locale\" content=\"fr_FR\" \/>\n<meta property=\"og:type\" content=\"article\" \/>\n<meta property=\"og:title\" content=\"Magasin de mariage Roermond | Koonings\" \/>\n<meta property=\"og:description\" content=\"Vous cherchez un magasin de mariage \u00e0 Roermond ? En 35 minutes, vous serez face \u00e0 la plus grande collection de mode nuptiale du Limbourg.\" \/>\n<meta property=\"og:url\" content=\"https:\/\/www.koonings.com\/fr\/inspiration\/magasin-de-mariage-roermond\/\" \/>\n<meta property=\"og:site_name\" content=\"Koonings\" \/>\n<meta property=\"article:publisher\" content=\"https:\/\/www.facebook.com\/kooningstheweddingpalace\" \/>\n<meta property=\"article:modified_time\" content=\"2025-09-29T10:08:05+00:00\" \/>\n<meta property=\"og:image\" content=\"https:\/\/www.koonings.com\/wp-content\/uploads\/2024\/06\/palace-hero-screenshot-1024x575.png\" \/>\n\t<meta property=\"og:image:width\" content=\"1024\" \/>\n\t<meta property=\"og:image:height\" content=\"575\" \/>\n\t<meta property=\"og:image:type\" content=\"image\/png\" \/>\n<meta name=\"twitter:card\" content=\"summary_large_image\" \/>\n<meta name=\"twitter:label1\" content=\"Dur\u00e9e de lecture estim\u00e9e\" \/>\n\t<meta name=\"twitter:data1\" content=\"3 minutes\" \/>\n<script type=\"application\/ld+json\" class=\"yoast-schema-graph\">{\"@context\":\"https:\\\/\\\/schema.org\",\"@graph\":[{\"@type\":\"WebPage\",\"@id\":\"https:\\\/\\\/www.koonings.com\\\/fr\\\/inspiration\\\/magasin-de-mariage-roermond\\\/\",\"url\":\"https:\\\/\\\/www.koonings.com\\\/fr\\\/inspiration\\\/magasin-de-mariage-roermond\\\/\",\"name\":\"Magasin de mariage Roermond | Koonings\",\"isPartOf\":{\"@id\":\"https:\\\/\\\/www.koonings.com\\\/fr\\\/#website\"},\"datePublished\":\"2025-02-18T10:15:40+00:00\",\"dateModified\":\"2025-09-29T10:08:05+00:00\",\"description\":\"Vous cherchez un magasin de mariage \u00e0 Roermond ? En 35 minutes, vous serez face \u00e0 la plus grande collection de mode nuptiale du Limbourg.\",\"breadcrumb\":{\"@id\":\"https:\\\/\\\/www.koonings.com\\\/fr\\\/inspiration\\\/magasin-de-mariage-roermond\\\/#breadcrumb\"},\"inLanguage\":\"fr-FR\",\"potentialAction\":[{\"@type\":\"ReadAction\",\"target\":[\"https:\\\/\\\/www.koonings.com\\\/fr\\\/inspiration\\\/magasin-de-mariage-roermond\\\/\"]}]},{\"@type\":\"BreadcrumbList\",\"@id\":\"https:\\\/\\\/www.koonings.com\\\/fr\\\/inspiration\\\/magasin-de-mariage-roermond\\\/#breadcrumb\",\"itemListElement\":[{\"@type\":\"ListItem\",\"position\":1,\"name\":\"Home\",\"item\":\"https:\\\/\\\/www.koonings.com\\\/fr\\\/\"},{\"@type\":\"ListItem\",\"position\":2,\"name\":\"Inspiration\",\"item\":\"https:\\\/\\\/www.koonings.com\\\/fr\\\/inspiration\\\/\"},{\"@type\":\"ListItem\",\"position\":3,\"name\":\"Magasin de mariage Roermond\"}]},{\"@type\":\"WebSite\",\"@id\":\"https:\\\/\\\/www.koonings.com\\\/fr\\\/#website\",\"url\":\"https:\\\/\\\/www.koonings.com\\\/fr\\\/\",\"name\":\"Koonings\",\"description\":\"De grootste bruidsmodewinkel ter wereld\",\"publisher\":{\"@id\":\"https:\\\/\\\/www.koonings.com\\\/fr\\\/#organization\"},\"potentialAction\":[{\"@type\":\"SearchAction\",\"target\":{\"@type\":\"EntryPoint\",\"urlTemplate\":\"https:\\\/\\\/www.koonings.com\\\/fr\\\/?s={search_term_string}\"},\"query-input\":{\"@type\":\"PropertyValueSpecification\",\"valueRequired\":true,\"valueName\":\"search_term_string\"}}],\"inLanguage\":\"fr-FR\"},{\"@type\":\"Organization\",\"@id\":\"https:\\\/\\\/www.koonings.com\\\/fr\\\/#organization\",\"name\":\"Koonings\",\"url\":\"https:\\\/\\\/www.koonings.com\\\/fr\\\/\",\"logo\":{\"@type\":\"ImageObject\",\"inLanguage\":\"fr-FR\",\"@id\":\"https:\\\/\\\/www.koonings.com\\\/fr\\\/#\\\/schema\\\/logo\\\/image\\\/\",\"url\":\"https:\\\/\\\/www.koonings.com\\\/wp-content\\\/uploads\\\/2024\\\/07\\\/logo.png\",\"contentUrl\":\"https:\\\/\\\/www.koonings.com\\\/wp-content\\\/uploads\\\/2024\\\/07\\\/logo.png\",\"width\":600,\"height\":428,\"caption\":\"Koonings\"},\"image\":{\"@id\":\"https:\\\/\\\/www.koonings.com\\\/fr\\\/#\\\/schema\\\/logo\\\/image\\\/\"},\"sameAs\":[\"https:\\\/\\\/www.facebook.com\\\/kooningstheweddingpalace\",\"https:\\\/\\\/www.instagram.com\\\/kooningstheweddingpalace\",\"https:\\\/\\\/www.pinterest.com\\\/koonings\",\"https:\\\/\\\/www.youtube.com\\\/kooningstheweddingpalace\"]}]}<\/script>\n<!-- \/ Yoast SEO plugin. -->","yoast_head_json":{"title":"Magasin de mariage Roermond | Koonings","description":"Vous cherchez un magasin de mariage \u00e0 Roermond ? En 35 minutes, vous serez face \u00e0 la plus grande collection de mode nuptiale du Limbourg.","robots":{"index":"index","follow":"follow","max-snippet":"max-snippet:-1","max-image-preview":"max-image-preview:large","max-video-preview":"max-video-preview:-1"},"canonical":"https:\/\/www.koonings.com\/fr\/inspiration\/magasin-de-mariage-roermond\/","og_locale":"fr_FR","og_type":"article","og_title":"Magasin de mariage Roermond | Koonings","og_description":"Vous cherchez un magasin de mariage \u00e0 Roermond ? En 35 minutes, vous serez face \u00e0 la plus grande collection de mode nuptiale du Limbourg.","og_url":"https:\/\/www.koonings.com\/fr\/inspiration\/magasin-de-mariage-roermond\/","og_site_name":"Koonings","article_publisher":"https:\/\/www.facebook.com\/kooningstheweddingpalace","article_modified_time":"2025-09-29T10:08:05+00:00","og_image":[{"width":1024,"height":575,"url":"https:\/\/www.koonings.com\/wp-content\/uploads\/2024\/06\/palace-hero-screenshot-1024x575.png","type":"image\/png"}],"twitter_card":"summary_large_image","twitter_misc":{"Dur\u00e9e de lecture estim\u00e9e":"3 minutes"},"schema":{"@context":"https:\/\/schema.org","@graph":[{"@type":"WebPage","@id":"https:\/\/www.koonings.com\/fr\/inspiration\/magasin-de-mariage-roermond\/","url":"https:\/\/www.koonings.com\/fr\/inspiration\/magasin-de-mariage-roermond\/","name":"Magasin de mariage Roermond | Koonings","isPartOf":{"@id":"https:\/\/www.koonings.com\/fr\/#website"},"datePublished":"2025-02-18T10:15:40+00:00","dateModified":"2025-09-29T10:08:05+00:00","description":"Vous cherchez un magasin de mariage \u00e0 Roermond ? En 35 minutes, vous serez face \u00e0 la plus grande collection de mode nuptiale du Limbourg.","breadcrumb":{"@id":"https:\/\/www.koonings.com\/fr\/inspiration\/magasin-de-mariage-roermond\/#breadcrumb"},"inLanguage":"fr-FR","potentialAction":[{"@type":"ReadAction","target":["https:\/\/www.koonings.com\/fr\/inspiration\/magasin-de-mariage-roermond\/"]}]},{"@type":"BreadcrumbList","@id":"https:\/\/www.koonings.com\/fr\/inspiration\/magasin-de-mariage-roermond\/#breadcrumb","itemListElement":[{"@type":"ListItem","position":1,"name":"Home","item":"https:\/\/www.koonings.com\/fr\/"},{"@type":"ListItem","position":2,"name":"Inspiration","item":"https:\/\/www.koonings.com\/fr\/inspiration\/"},{"@type":"ListItem","position":3,"name":"Magasin de mariage Roermond"}]},{"@type":"WebSite","@id":"https:\/\/www.koonings.com\/fr\/#website","url":"https:\/\/www.koonings.com\/fr\/","name":"Koonings","description":"De grootste bruidsmodewinkel ter wereld","publisher":{"@id":"https:\/\/www.koonings.com\/fr\/#organization"},"potentialAction":[{"@type":"SearchAction","target":{"@type":"EntryPoint","urlTemplate":"https:\/\/www.koonings.com\/fr\/?s={search_term_string}"},"query-input":{"@type":"PropertyValueSpecification","valueRequired":true,"valueName":"search_term_string"}}],"inLanguage":"fr-FR"},{"@type":"Organization","@id":"https:\/\/www.koonings.com\/fr\/#organization","name":"Koonings","url":"https:\/\/www.koonings.com\/fr\/","logo":{"@type":"ImageObject","inLanguage":"fr-FR","@id":"https:\/\/www.koonings.com\/fr\/#\/schema\/logo\/image\/","url":"https:\/\/www.koonings.com\/wp-content\/uploads\/2024\/07\/logo.png","contentUrl":"https:\/\/www.koonings.com\/wp-content\/uploads\/2024\/07\/logo.png","width":600,"height":428,"caption":"Koonings"},"image":{"@id":"https:\/\/www.koonings.com\/fr\/#\/schema\/logo\/image\/"},"sameAs":["https:\/\/www.facebook.com\/kooningstheweddingpalace","https:\/\/www.instagram.com\/kooningstheweddingpalace","https:\/\/www.pinterest.com\/koonings","https:\/\/www.youtube.com\/kooningstheweddingpalace"]}]}},"_links":{"self":[{"href":"https:\/\/www.koonings.com\/fr\/wp-json\/wp\/v2\/pages\/98542","targetHints":{"allow":["GET"]}}],"collection":[{"href":"https:\/\/www.koonings.com\/fr\/wp-json\/wp\/v2\/pages"}],"about":[{"href":"https:\/\/www.koonings.com\/fr\/wp-json\/wp\/v2\/types\/page"}],"author":[{"embeddable":true,"href":"https:\/\/www.koonings.com\/fr\/wp-json\/wp\/v2\/users\/2"}],"replies":[{"embeddable":true,"href":"https:\/\/www.koonings.com\/fr\/wp-json\/wp\/v2\/comments?post=98542"}],"version-history":[{"count":1,"href":"https:\/\/www.koonings.com\/fr\/wp-json\/wp\/v2\/pages\/98542\/revisions"}],"predecessor-version":[{"id":98543,"href":"https:\/\/www.koonings.com\/fr\/wp-json\/wp\/v2\/pages\/98542\/revisions\/98543"}],"up":[{"embeddable":true,"href":"https:\/\/www.koonings.com\/fr\/wp-json\/wp\/v2\/pages\/16224"}],"wp:attachment":[{"href":"https:\/\/www.koonings.com\/fr\/wp-json\/wp\/v2\/media?parent=98542"}],"curies":[{"name":"wp","href":"https:\/\/api.w.org\/{rel}","templated":true}]}}