{"id":98534,"date":"2025-01-16T12:08:50","date_gmt":"2025-01-16T11:08:50","guid":{"rendered":"https:\/\/www.koonings.com\/inspiration\/magasin-de-mariage-landgraaf\/"},"modified":"2025-09-29T12:07:39","modified_gmt":"2025-09-29T10:07:39","slug":"magasin-de-mariage-landgraaf","status":"publish","type":"page","link":"https:\/\/www.koonings.com\/fr\/inspiration\/magasin-de-mariage-landgraaf\/","title":{"rendered":"Magasin de mariage Landgraaf"},"content":{"rendered":"\r\n\r\n<div class=\"eye-element fullwidth-row alignfull style-both bg--none  alignfull \" style=\" \">\r\n\r\n    <div class=\"container\">\r\n        <div class=\"row\">\r\n            <div class=\"col-12\">\r\n                <div class=\"acf-innerblocks-container\">\n\n<h1 class=\"wp-block-heading has-text-align-center\" id=\"bruidswinkel-landgraaf\">Magasin de mariage Landgraaf<\/h1>\n\n\n\n<p class=\"has-text-align-center\">Vous cherchez un magasin de mariage \u00e0 Landgraaf ? \u00c0 15 minutes en voiture de Landgraaf, vous trouverez <a href=\"https:\/\/www.koonings.com\/fr\/valkenburg\/\">Koonings The Wedding Castle<\/a>, situ\u00e9 dans le charmant Kasteel Oost \u00e0 Valkenburg. Dans un cadre inspirant et romantique, vous d\u00e9couvrirez la plus grande <a href=\"https:\/\/www.koonings.com\/fr\/mariee\/robes-de-mariee\/\">collection de robes de mari\u00e9e<\/a> du Limbourg. Une visite dans notre magasin de robes de mari\u00e9e, c&#8217;est plus que du shopping &#8211; c&#8217;est une exp\u00e9rience inoubliable.   <\/p>\n\n\n\r\n<div class=\"eye-element bsbutton text-center \" >\r\n\t        <a class=\"btn btn-gold\" href=\"\/afspraak-maken\"\r\n           target=\"\">Prenez rendez-vous<\/a>\r\n\t<\/div>\n<\/div>\r\n            <\/div>\r\n        <\/div>\r\n    <\/div>\r\n\r\n<\/div>\r\n\r\n    \r\n\r\n<div class=\"eye-element fullwidth-row alignfull style-both bg--none  alignfull \" style=\" \">\r\n\r\n    <div class=\"container\">\r\n        <div class=\"row\">\r\n            <div class=\"col-12\">\r\n                <div class=\"acf-innerblocks-container\">\n\n<div class=\"ghostkit-grid ghostkit-grid-gap-md\"><div class=\"ghostkit-grid-inner\">\n<div class=\"ghostkit-col ghostkit-col-md-12 ghostkit-col-6\"><div class=\"ghostkit-col-content is-layout-flow wp-block-ghostkit-grid-column-is-layout-flow\">\n<h2 class=\"wp-block-heading\" id=\"een-unieke-ervaring-voor-bruiden-uit-landgraaf\">Une exp\u00e9rience unique pour les mari\u00e9es de Landgraaf<\/h2>\n\n\n\n<p>Chez Koonings The Wedding Castle, tout tourne autour de votre look de mari\u00e9e parfait. Notre ch\u00e2teau historique offre un cadre atmosph\u00e9rique dans lequel vous pouvez essayer notre vaste collection de robes de mari\u00e9e \u00e0 votre guise. Des robes de princesse classiques aux mod\u00e8les modernes et audacieux, nous avons des robes dans tous les styles et toutes les tailles pour que chaque mari\u00e9e se sente sp\u00e9ciale.  <\/p>\n\n\n\n<p>Ce qui rend Koonings si sp\u00e9cial, ce n&#8217;est pas seulement la taille de notre collection, mais aussi l&#8217;attention personnelle que vous recevez. Nos stylistes exp\u00e9riment\u00e9s sont \u00e0 l&#8217;\u00e9coute de vos souhaits et vous aident \u00e0 chaque \u00e9tape pour que vous trouviez la robe de mari\u00e9e id\u00e9ale. Le tout dans un cadre qui respire le luxe et la tranquillit\u00e9.  <\/p>\n\n\n\r\n<div class=\"eye-element bsbutton text-start \" >\r\n\t        <a class=\"btn btn-primary\" href=\"\/moodboard-maken\/\"\r\n           target=\"\">Cr\u00e9ez votre propre tableau d&#8217;humeur pour votre robe de mari\u00e9e<\/a>\r\n\t<\/div><\/div><\/div>\n\n\n\n<div class=\"ghostkit-col ghostkit-col-md-12 ghostkit-col-6\"><div class=\"ghostkit-col-content is-layout-flow wp-block-ghostkit-grid-column-is-layout-flow\">\r\n<div class=\"eye-element images style-default variant-1 multi-image\">\r\n\r\n\t        <div class=\"composition\">\r\n\t\t\t                <div class=\"image-0\">\r\n                    <img decoding=\"async\" class=\"img-fluid\" src=\"https:\/\/www.koonings.com\/wp-content\/uploads\/2024\/07\/WDS_9086-2-200x300.jpg\" srcset=\"https:\/\/www.koonings.com\/wp-content\/uploads\/2024\/07\/WDS_9086-2-200x300.jpg 200w, https:\/\/www.koonings.com\/wp-content\/uploads\/2024\/07\/WDS_9086-2-683x1024.jpg 683w, https:\/\/www.koonings.com\/wp-content\/uploads\/2024\/07\/WDS_9086-2-768x1152.jpg 768w, https:\/\/www.koonings.com\/wp-content\/uploads\/2024\/07\/WDS_9086-2-1024x1536.jpg 1024w, https:\/\/www.koonings.com\/wp-content\/uploads\/2024\/07\/WDS_9086-2-1365x2048.jpg 1365w, https:\/\/www.koonings.com\/wp-content\/uploads\/2024\/07\/WDS_9086-2-scaled.jpg 1707w\" alt=\"\">\r\n                <\/div>\r\n\t\t\t\r\n            <div class=\"swiper images-swiper\">\r\n\r\n\t\t\t\t\r\n                <div class=\"swiper-wrapper\">\r\n\t\t\t\t\t                        <li class=\"swiper-slide\">\r\n                            <img decoding=\"async\" class=\" img-fluid\" src=\"https:\/\/www.koonings.com\/wp-content\/uploads\/2024\/07\/foto1WDS_0170-kopie-1024x683.jpg\" srcset=\"https:\/\/www.koonings.com\/wp-content\/uploads\/2024\/07\/foto1WDS_0170-kopie-scaled.jpg\" alt=\"\">\r\n                        <\/li>\r\n\t\t\t\t\t                <\/div>\r\n\r\n                <div class=\"swiper-pagination\"><\/div>\r\n\r\n                <div class=\"swiper-button-prev\"><\/div>\r\n                <div class=\"swiper-button-next\"><\/div>\r\n\r\n            <\/div>\r\n\r\n        <\/div>\r\n\t\r\n\t<\/div><\/div><\/div>\n<\/div><\/div>\n\n<\/div>\r\n            <\/div>\r\n        <\/div>\r\n    <\/div>\r\n\r\n<\/div>\r\n\r\n    \r\n\r\n<div class=\"eye-element fullwidth-row alignfull style-both bg--none  alignfull \" style=\" \">\r\n\r\n    <div class=\"container\">\r\n        <div class=\"row\">\r\n            <div class=\"col-12\">\r\n                <div class=\"acf-innerblocks-container\">\n\n<h2 class=\"wp-block-heading\" id=\"de-voordelen-van-koonings-voor-bruiden-uit-landgraaf\">Les avantages de Koonings pour les jeunes mari\u00e9es de Landgraaf<\/h2>\n\n\n\n<ul start=\"1\" class=\"wp-block-list\">\n<li><strong>La plus grande collection du Limbourg<\/strong>: Avec des milliers de robes de mari\u00e9e, nous offrons la plus grande collection du Limbourg.<\/li>\n\n\n\n<li><strong>Un lieu exclusif<\/strong>: Le magnifique ch\u00e2teau historique de Castle East offre un cadre unique et inspirant.<\/li>\n\n\n\n<li><strong>Des stylistes exp\u00e9riment\u00e9s<\/strong>: Nos experts \u00e9coutent vos souhaits, r\u00e9fl\u00e9chissent avec vous et vous aident \u00e0 trouver la robe de vos r\u00eaves, \u00e9tape par \u00e9tape.<\/li>\n\n\n\n<li><strong>\u00c0 proximit\u00e9 de Landgraaf<\/strong>: \u00c0 15 minutes en voiture, vous pouvez vous rendre au magasin de mariage The Wedding Castle.<\/li>\n\n\n\n<li><strong>Un nom de confiance<\/strong>: en tant que membre de Koonings, connu pour ses programmes t\u00e9l\u00e9vis\u00e9s tels que <em>Say Yes to the Dress<\/em>, nous garantissons la qualit\u00e9 et le service.<\/li>\n<\/ul>\n\n<\/div>\r\n            <\/div>\r\n        <\/div>\r\n    <\/div>\r\n\r\n<\/div>\r\n\r\n    \r\n\r\n<div class=\"eye-element fullwidth-row alignfull style-both bg--lightgray  alignfull \" style=\" \">\r\n\r\n    <div class=\"container\">\r\n        <div class=\"row\">\r\n            <div class=\"col-12\">\r\n                <div class=\"acf-innerblocks-container\">\n\n<h2 class=\"wp-block-heading has-text-align-center\" id=\"routebeschrijving-van-landgraaf-naar-koonings-the-wedding-castle\">Itin\u00e9raire de Landgraaf \u00e0 Koonings The Wedding Castle<\/h2>\n\n\n\n<p class=\"has-text-align-center\">Koonings The Wedding Castle est facilement accessible depuis Landgraaf. Suivez la N281 en direction de Valkenburg et prenez la sortie Kasteel Oost. \u00c0 partir de l\u00e0, des panneaux vous indiquent la direction de notre ch\u00e2teau historique. Pour un itin\u00e9raire d\u00e9taill\u00e9, vous pouvez utiliser <a href=\"https:\/\/www.google.com\/maps\/dir\/\/Oosterweg+30,+6301+PX+Valkenburg\/@50.8618028,5.7593203,22964m\/data=!3m1!1e3!4m8!4m7!1m0!1m5!1m1!1s0x47c09556dd064395:0x4979aaf79c0c47c4!2m2!1d5.8418127!2d50.8618943?entry=ttu&amp;g_ep=EgoyMDI1MDExMC4wIKXMDSoASAFQAw%3D%3D\" target=\"_blank\" rel=\"noreferrer noopener\">Google Maps<\/a>. Le stationnement est gratuit dans notre grand parking.    <\/p>\n\n\n\n<div class=\"ghostkit-google-maps\" style=\"min-height:350px\" data-lat=\"50.8620043\" data-lng=\"5.841919500000001\" data-zoom=\"10\" data-show-zoom-buttons=\"true\" data-show-map-type-buttons=\"true\" data-show-street-view-button=\"true\" data-show-fullscreen-button=\"true\" data-option-scroll-wheel=\"true\" data-option-draggable=\"true\" data-styles=\"\"><div class=\"ghostkit-google-maps-marker\" data-title=\"Koonings The Wedding Castle\" data-lat=\"50.8620043\" data-lng=\"5.841919499999999\" data-address=\"Oost, Oosterweg 36, 6301 PX Valkenburg, Nederland\"><div class=\"ghostkit-pro-google-maps-marker-info-window-text\" style=\"display:none\"><p>Oosterweg 36<br>6301 PX Valkenburg<\/p><\/div><\/div><\/div>\n\n<\/div>\r\n            <\/div>\r\n        <\/div>\r\n    <\/div>\r\n\r\n<\/div>\r\n\r\n    \r\n\r\n<div class=\"eye-element fullwidth-row alignfull style-both bg--none  alignfull \" style=\" \">\r\n\r\n    <div class=\"container\">\r\n        <div class=\"row\">\r\n            <div class=\"col-12\">\r\n                <div class=\"acf-innerblocks-container\">\n\n<div class=\"ghostkit-grid ghostkit-grid-gap-md\"><div class=\"ghostkit-grid-inner\">\n<div class=\"ghostkit-col ghostkit-col-md-12 ghostkit-col-6\"><div class=\"ghostkit-col-content is-layout-flow wp-block-ghostkit-grid-column-is-layout-flow\">\r\n<div class=\"eye-block empty-space empty-space--large pt-md-5 pb-md-5 pt-4 pb-4\" ><\/div>\n\n\n<h2 class=\"wp-block-heading\" id=\"van-bruid-tot-bruidegom-alles-om-jullie-bruiloft-compleet-te-maken\">De la mari\u00e9e au mari\u00e9, tout ce qu&#8217;il faut pour que votre mariage soit complet<\/h2>\n\n\n\n<p>Chez Koonings, vous trouverez non seulement les plus belles robes de mari\u00e9e, mais aussi une <a href=\"https:\/\/www.koonings.com\/fr\/marie\/costumes-de-mariage\/\">tenue compl\u00e8te pour le mari\u00e9<\/a> et les autres <a href=\"https:\/\/www.koonings.com\/fr\/collection-de-mariages\/invites-et-gala\/mode-feminine\/\">invit\u00e9s<\/a>. Nous proposons une vaste collection de costumes et d&#8217;accessoires \u00e9l\u00e9gants pour les hommes, ainsi que de jolis <a href=\"https:\/\/www.koonings.com\/fr\/collection-de-mariages\/enfants\/\">v\u00eatements pour les enfants<\/a> qui jouent un r\u00f4le dans votre grand jour. Nous veillons ainsi \u00e0 ce que tout le monde brille lors de votre mariage.  <\/p>\n<\/div><\/div>\n\n\n\n<div class=\"ghostkit-col ghostkit-col-md-12 ghostkit-col-6\"><div class=\"ghostkit-col-content is-layout-flow wp-block-ghostkit-grid-column-is-layout-flow\">\r\n<div class=\"eye-element images style-default variant-1 multi-image\">\r\n\r\n\t        <div class=\"composition\">\r\n\t\t\t                <div class=\"image-0\">\r\n                    <img decoding=\"async\" class=\"img-fluid\" src=\"https:\/\/www.koonings.com\/wp-content\/uploads\/2024\/08\/koonings-trouwpak-wilvorst-green-wedding-trouwkostuum-gw-look7-a.jpg-212x300.webp\" srcset=\"https:\/\/www.koonings.com\/wp-content\/uploads\/2024\/08\/koonings-trouwpak-wilvorst-green-wedding-trouwkostuum-gw-look7-a.jpg-212x300.webp 212w, https:\/\/www.koonings.com\/wp-content\/uploads\/2024\/08\/koonings-trouwpak-wilvorst-green-wedding-trouwkostuum-gw-look7-a.jpg.webp 459w\" alt=\"\">\r\n                <\/div>\r\n\t\t\t\r\n            <div class=\"swiper images-swiper\">\r\n\r\n\t\t\t\t\r\n                <div class=\"swiper-wrapper\">\r\n\t\t\t\t\t                        <li class=\"swiper-slide\">\r\n                            <img decoding=\"async\" class=\" img-fluid\" src=\"https:\/\/www.koonings.com\/wp-content\/uploads\/2024\/07\/herenpakken-1024x671.png\" srcset=\"https:\/\/www.koonings.com\/wp-content\/uploads\/2024\/07\/herenpakken.png\" alt=\"Koonings herenpakken\">\r\n                        <\/li>\r\n\t\t\t\t\t                <\/div>\r\n\r\n                <div class=\"swiper-pagination\"><\/div>\r\n\r\n                <div class=\"swiper-button-prev\"><\/div>\r\n                <div class=\"swiper-button-next\"><\/div>\r\n\r\n            <\/div>\r\n\r\n        <\/div>\r\n\t\r\n\t<\/div><\/div><\/div>\n<\/div><\/div>\n\n<\/div>\r\n            <\/div>\r\n        <\/div>\r\n    <\/div>\r\n\r\n<\/div>\r\n\r\n    \r\n\r\n<div class=\"eye-element fullwidth-row alignfull style-both bg--none  alignfull \" style=\" \">\r\n\r\n    <div class=\"container\">\r\n        <div class=\"row\">\r\n            <div class=\"col-12\">\r\n                <div class=\"acf-innerblocks-container\">\n\n<h2 class=\"wp-block-heading has-text-align-center\" id=\"plan-jouw-bezoek\">Planifiez votre visite<\/h2>\n\n\n\n<p class=\"has-text-align-center\">Votre recherche de mode nuptiale commence chez Koonings The Wedding Castle, qui propose la plus grande collection de <a href=\"https:\/\/www.koonings.com\/inspiratie\/bruidsmode-in-zuid-limburg\/\">mode nuptiale du Limbourg<\/a>. Depuis Landgraaf, vous pouvez vous rendre en 15 minutes \u00e0 Valkenburg, o\u00f9 vous d\u00e9couvrirez un monde de mode nuptiale dans un cadre magique. Prenez rendez-vous d\u00e8s aujourd&#8217;hui et laissez-nous vous aider \u00e0 trouver la robe parfaite pour votre grand jour. Nous nous r\u00e9jouissons de vous accueillir !   <\/p>\n\n\n\r\n<div class=\"eye-element bsbutton text-center \" >\r\n\t        <a class=\"btn btn-gold\" href=\"\/afspraak-maken\"\r\n           target=\"\">Prenez rendez-vous<\/a>\r\n\t<\/div>\n<\/div>\r\n            <\/div>\r\n        <\/div>\r\n    <\/div>\r\n\r\n<\/div>\r\n\r\n    ","protected":false},"excerpt":{"rendered":"","protected":false},"author":2,"featured_media":0,"parent":16224,"menu_order":0,"comment_status":"closed","ping_status":"closed","template":"","meta":{"_acf_changed":false,"ghostkit_customizer_options":"","ghostkit_custom_css":"","ghostkit_custom_js_head":"","ghostkit_custom_js_foot":"","ghostkit_typography":"","footnotes":""},"class_list":["post-98534","page","type-page","status-publish","hentry"],"acf":[],"yoast_head":"<!-- This site is optimized with the Yoast SEO plugin v27.3 - https:\/\/yoast.com\/product\/yoast-seo-wordpress\/ -->\n<title>Magasin de mariage Landgraaf | Koonings<\/title>\n<meta name=\"description\" content=\"Vous cherchez un magasin de mariage \u00e0 Landgraaf ? \u00c0 15 minutes en voiture de Landgraaf, vous trouverez le magasin de mariage Koonings The Wedding Castle.\" \/>\n<meta name=\"robots\" content=\"index, follow, max-snippet:-1, max-image-preview:large, max-video-preview:-1\" \/>\n<link rel=\"canonical\" href=\"https:\/\/www.koonings.com\/fr\/inspiration\/magasin-de-mariage-landgraaf\/\" \/>\n<meta property=\"og:locale\" content=\"fr_FR\" \/>\n<meta property=\"og:type\" content=\"article\" \/>\n<meta property=\"og:title\" content=\"Magasin de mariage Landgraaf | Koonings\" \/>\n<meta property=\"og:description\" content=\"Vous cherchez un magasin de mariage \u00e0 Landgraaf ? \u00c0 15 minutes en voiture de Landgraaf, vous trouverez le magasin de mariage Koonings The Wedding Castle.\" \/>\n<meta property=\"og:url\" content=\"https:\/\/www.koonings.com\/fr\/inspiration\/magasin-de-mariage-landgraaf\/\" \/>\n<meta property=\"og:site_name\" content=\"Koonings\" \/>\n<meta property=\"article:publisher\" content=\"https:\/\/www.facebook.com\/kooningstheweddingpalace\" \/>\n<meta property=\"article:modified_time\" content=\"2025-09-29T10:07:39+00:00\" \/>\n<meta property=\"og:image\" content=\"https:\/\/www.koonings.com\/wp-content\/uploads\/2024\/06\/palace-hero-screenshot-1024x575.png\" \/>\n\t<meta property=\"og:image:width\" content=\"1024\" \/>\n\t<meta property=\"og:image:height\" content=\"575\" \/>\n\t<meta property=\"og:image:type\" content=\"image\/png\" \/>\n<meta name=\"twitter:card\" content=\"summary_large_image\" \/>\n<meta name=\"twitter:label1\" content=\"Dur\u00e9e de lecture estim\u00e9e\" \/>\n\t<meta name=\"twitter:data1\" content=\"3 minutes\" \/>\n<script type=\"application\/ld+json\" class=\"yoast-schema-graph\">{\"@context\":\"https:\\\/\\\/schema.org\",\"@graph\":[{\"@type\":\"WebPage\",\"@id\":\"https:\\\/\\\/www.koonings.com\\\/fr\\\/inspiration\\\/magasin-de-mariage-landgraaf\\\/\",\"url\":\"https:\\\/\\\/www.koonings.com\\\/fr\\\/inspiration\\\/magasin-de-mariage-landgraaf\\\/\",\"name\":\"Magasin de mariage Landgraaf | Koonings\",\"isPartOf\":{\"@id\":\"https:\\\/\\\/www.koonings.com\\\/fr\\\/#website\"},\"datePublished\":\"2025-01-16T11:08:50+00:00\",\"dateModified\":\"2025-09-29T10:07:39+00:00\",\"description\":\"Vous cherchez un magasin de mariage \u00e0 Landgraaf ? \u00c0 15 minutes en voiture de Landgraaf, vous trouverez le magasin de mariage Koonings The Wedding Castle.\",\"breadcrumb\":{\"@id\":\"https:\\\/\\\/www.koonings.com\\\/fr\\\/inspiration\\\/magasin-de-mariage-landgraaf\\\/#breadcrumb\"},\"inLanguage\":\"fr-FR\",\"potentialAction\":[{\"@type\":\"ReadAction\",\"target\":[\"https:\\\/\\\/www.koonings.com\\\/fr\\\/inspiration\\\/magasin-de-mariage-landgraaf\\\/\"]}]},{\"@type\":\"BreadcrumbList\",\"@id\":\"https:\\\/\\\/www.koonings.com\\\/fr\\\/inspiration\\\/magasin-de-mariage-landgraaf\\\/#breadcrumb\",\"itemListElement\":[{\"@type\":\"ListItem\",\"position\":1,\"name\":\"Home\",\"item\":\"https:\\\/\\\/www.koonings.com\\\/fr\\\/\"},{\"@type\":\"ListItem\",\"position\":2,\"name\":\"Inspiration\",\"item\":\"https:\\\/\\\/www.koonings.com\\\/fr\\\/inspiration\\\/\"},{\"@type\":\"ListItem\",\"position\":3,\"name\":\"Magasin de mariage Landgraaf\"}]},{\"@type\":\"WebSite\",\"@id\":\"https:\\\/\\\/www.koonings.com\\\/fr\\\/#website\",\"url\":\"https:\\\/\\\/www.koonings.com\\\/fr\\\/\",\"name\":\"Koonings\",\"description\":\"De grootste bruidsmodewinkel ter wereld\",\"publisher\":{\"@id\":\"https:\\\/\\\/www.koonings.com\\\/fr\\\/#organization\"},\"potentialAction\":[{\"@type\":\"SearchAction\",\"target\":{\"@type\":\"EntryPoint\",\"urlTemplate\":\"https:\\\/\\\/www.koonings.com\\\/fr\\\/?s={search_term_string}\"},\"query-input\":{\"@type\":\"PropertyValueSpecification\",\"valueRequired\":true,\"valueName\":\"search_term_string\"}}],\"inLanguage\":\"fr-FR\"},{\"@type\":\"Organization\",\"@id\":\"https:\\\/\\\/www.koonings.com\\\/fr\\\/#organization\",\"name\":\"Koonings\",\"url\":\"https:\\\/\\\/www.koonings.com\\\/fr\\\/\",\"logo\":{\"@type\":\"ImageObject\",\"inLanguage\":\"fr-FR\",\"@id\":\"https:\\\/\\\/www.koonings.com\\\/fr\\\/#\\\/schema\\\/logo\\\/image\\\/\",\"url\":\"https:\\\/\\\/www.koonings.com\\\/wp-content\\\/uploads\\\/2024\\\/07\\\/logo.png\",\"contentUrl\":\"https:\\\/\\\/www.koonings.com\\\/wp-content\\\/uploads\\\/2024\\\/07\\\/logo.png\",\"width\":600,\"height\":428,\"caption\":\"Koonings\"},\"image\":{\"@id\":\"https:\\\/\\\/www.koonings.com\\\/fr\\\/#\\\/schema\\\/logo\\\/image\\\/\"},\"sameAs\":[\"https:\\\/\\\/www.facebook.com\\\/kooningstheweddingpalace\",\"https:\\\/\\\/www.instagram.com\\\/kooningstheweddingpalace\",\"https:\\\/\\\/www.pinterest.com\\\/koonings\",\"https:\\\/\\\/www.youtube.com\\\/kooningstheweddingpalace\"]}]}<\/script>\n<!-- \/ Yoast SEO plugin. -->","yoast_head_json":{"title":"Magasin de mariage Landgraaf | Koonings","description":"Vous cherchez un magasin de mariage \u00e0 Landgraaf ? \u00c0 15 minutes en voiture de Landgraaf, vous trouverez le magasin de mariage Koonings The Wedding Castle.","robots":{"index":"index","follow":"follow","max-snippet":"max-snippet:-1","max-image-preview":"max-image-preview:large","max-video-preview":"max-video-preview:-1"},"canonical":"https:\/\/www.koonings.com\/fr\/inspiration\/magasin-de-mariage-landgraaf\/","og_locale":"fr_FR","og_type":"article","og_title":"Magasin de mariage Landgraaf | Koonings","og_description":"Vous cherchez un magasin de mariage \u00e0 Landgraaf ? \u00c0 15 minutes en voiture de Landgraaf, vous trouverez le magasin de mariage Koonings The Wedding Castle.","og_url":"https:\/\/www.koonings.com\/fr\/inspiration\/magasin-de-mariage-landgraaf\/","og_site_name":"Koonings","article_publisher":"https:\/\/www.facebook.com\/kooningstheweddingpalace","article_modified_time":"2025-09-29T10:07:39+00:00","og_image":[{"width":1024,"height":575,"url":"https:\/\/www.koonings.com\/wp-content\/uploads\/2024\/06\/palace-hero-screenshot-1024x575.png","type":"image\/png"}],"twitter_card":"summary_large_image","twitter_misc":{"Dur\u00e9e de lecture estim\u00e9e":"3 minutes"},"schema":{"@context":"https:\/\/schema.org","@graph":[{"@type":"WebPage","@id":"https:\/\/www.koonings.com\/fr\/inspiration\/magasin-de-mariage-landgraaf\/","url":"https:\/\/www.koonings.com\/fr\/inspiration\/magasin-de-mariage-landgraaf\/","name":"Magasin de mariage Landgraaf | Koonings","isPartOf":{"@id":"https:\/\/www.koonings.com\/fr\/#website"},"datePublished":"2025-01-16T11:08:50+00:00","dateModified":"2025-09-29T10:07:39+00:00","description":"Vous cherchez un magasin de mariage \u00e0 Landgraaf ? \u00c0 15 minutes en voiture de Landgraaf, vous trouverez le magasin de mariage Koonings The Wedding Castle.","breadcrumb":{"@id":"https:\/\/www.koonings.com\/fr\/inspiration\/magasin-de-mariage-landgraaf\/#breadcrumb"},"inLanguage":"fr-FR","potentialAction":[{"@type":"ReadAction","target":["https:\/\/www.koonings.com\/fr\/inspiration\/magasin-de-mariage-landgraaf\/"]}]},{"@type":"BreadcrumbList","@id":"https:\/\/www.koonings.com\/fr\/inspiration\/magasin-de-mariage-landgraaf\/#breadcrumb","itemListElement":[{"@type":"ListItem","position":1,"name":"Home","item":"https:\/\/www.koonings.com\/fr\/"},{"@type":"ListItem","position":2,"name":"Inspiration","item":"https:\/\/www.koonings.com\/fr\/inspiration\/"},{"@type":"ListItem","position":3,"name":"Magasin de mariage Landgraaf"}]},{"@type":"WebSite","@id":"https:\/\/www.koonings.com\/fr\/#website","url":"https:\/\/www.koonings.com\/fr\/","name":"Koonings","description":"De grootste bruidsmodewinkel ter wereld","publisher":{"@id":"https:\/\/www.koonings.com\/fr\/#organization"},"potentialAction":[{"@type":"SearchAction","target":{"@type":"EntryPoint","urlTemplate":"https:\/\/www.koonings.com\/fr\/?s={search_term_string}"},"query-input":{"@type":"PropertyValueSpecification","valueRequired":true,"valueName":"search_term_string"}}],"inLanguage":"fr-FR"},{"@type":"Organization","@id":"https:\/\/www.koonings.com\/fr\/#organization","name":"Koonings","url":"https:\/\/www.koonings.com\/fr\/","logo":{"@type":"ImageObject","inLanguage":"fr-FR","@id":"https:\/\/www.koonings.com\/fr\/#\/schema\/logo\/image\/","url":"https:\/\/www.koonings.com\/wp-content\/uploads\/2024\/07\/logo.png","contentUrl":"https:\/\/www.koonings.com\/wp-content\/uploads\/2024\/07\/logo.png","width":600,"height":428,"caption":"Koonings"},"image":{"@id":"https:\/\/www.koonings.com\/fr\/#\/schema\/logo\/image\/"},"sameAs":["https:\/\/www.facebook.com\/kooningstheweddingpalace","https:\/\/www.instagram.com\/kooningstheweddingpalace","https:\/\/www.pinterest.com\/koonings","https:\/\/www.youtube.com\/kooningstheweddingpalace"]}]}},"_links":{"self":[{"href":"https:\/\/www.koonings.com\/fr\/wp-json\/wp\/v2\/pages\/98534","targetHints":{"allow":["GET"]}}],"collection":[{"href":"https:\/\/www.koonings.com\/fr\/wp-json\/wp\/v2\/pages"}],"about":[{"href":"https:\/\/www.koonings.com\/fr\/wp-json\/wp\/v2\/types\/page"}],"author":[{"embeddable":true,"href":"https:\/\/www.koonings.com\/fr\/wp-json\/wp\/v2\/users\/2"}],"replies":[{"embeddable":true,"href":"https:\/\/www.koonings.com\/fr\/wp-json\/wp\/v2\/comments?post=98534"}],"version-history":[{"count":1,"href":"https:\/\/www.koonings.com\/fr\/wp-json\/wp\/v2\/pages\/98534\/revisions"}],"predecessor-version":[{"id":98535,"href":"https:\/\/www.koonings.com\/fr\/wp-json\/wp\/v2\/pages\/98534\/revisions\/98535"}],"up":[{"embeddable":true,"href":"https:\/\/www.koonings.com\/fr\/wp-json\/wp\/v2\/pages\/16224"}],"wp:attachment":[{"href":"https:\/\/www.koonings.com\/fr\/wp-json\/wp\/v2\/media?parent=98534"}],"curies":[{"name":"wp","href":"https:\/\/api.w.org\/{rel}","templated":true}]}}