{"id":98473,"date":"2025-03-06T16:23:02","date_gmt":"2025-03-06T15:23:02","guid":{"rendered":"https:\/\/www.koonings.com\/contact-presse\/"},"modified":"2025-09-29T12:00:57","modified_gmt":"2025-09-29T10:00:57","slug":"contact-presse","status":"publish","type":"page","link":"https:\/\/www.koonings.com\/fr\/contact-presse\/","title":{"rendered":"Contact presse"},"content":{"rendered":"\r\n\r\n<div class=\"eye-element fullwidth-row alignfull style-both bg--none  alignfull \" style=\" \">\r\n\r\n    <div class=\"container\">\r\n        <div class=\"row\">\r\n            <div class=\"col-12\">\r\n                <div class=\"acf-innerblocks-container\">\n\n<h1 class=\"wp-block-heading has-text-align-center\" id=\"pers-media-en-samenwerkingen\">Presse, m\u00e9dias et collaborations<\/h1>\n\n\n\n<p class=\"has-text-align-center\">Chez Koonings, nous recevons r\u00e9guli\u00e8rement des demandes de presse, de m\u00e9dias et de collaborations. Pour que votre question parvienne \u00e0 la bonne personne, nous avons r\u00e9pertori\u00e9 les options de contact ci-dessous. <\/p>\n\n\n\r\n\r\n<div class=\"eye-element fullwidth-row alignfull style-both bg--none  alignfull \" style=\" \">\r\n\r\n    <div class=\"container\">\r\n        <div class=\"row\">\r\n            <div class=\"col-12\">\r\n                <div class=\"acf-innerblocks-container\">\n\r\n<div class=\"eye-block onpagenav  \">\r\n    <div class=\"container-fluid p-sm-0\">\r\n        <nav id=\"onpage-nav\" class=\"navbar navbar-expand text-center\" aria-label=\"Inhoudsopgave\">\r\n            <div class=\" justify-content-center\" id=\"navbarSupportedContent\">\r\n                <ul class=\"nav navbar-nav\">\r\n                    <li class=\"nav-item single-hint d-none\" style=\"pointer-events: none;\">\r\n                        <a class=\"nav-link\" href=\"javascript:void()\">Table des mati\u00e8res<\/a>\r\n                    <\/li>\r\n                                            <li class=\"nav-item\">\r\n                            <a class=\"nav-link\" href=\"#demandes-de-renseignements-a-la-presse-section\">Demandes de renseignements \u00e0 la presse<\/a>\r\n                        <\/li>\r\n                                            <li class=\"nav-item\">\r\n                            <a class=\"nav-link\" href=\"#collaborations-et-partenariats-section\">Collaborations et partenariats<\/a>\r\n                        <\/li>\r\n                                            <li class=\"nav-item\">\r\n                            <a class=\"nav-link\" href=\"#materiel-de-presse-et-bibliotheque-dimages-section\">Mat\u00e9riel de presse et biblioth\u00e8que d&#8217;images<\/a>\r\n                        <\/li>\r\n                                            <li class=\"nav-item\">\r\n                            <a class=\"nav-link\" href=\"#questions-frequemment-posees-section\">Questions fr\u00e9quemment pos\u00e9es<\/a>\r\n                        <\/li>\r\n                                    <\/ul>\r\n            <\/div>\r\n            <div class=\"dropdown\">\r\n                <a class=\"dropdown-toggle btn btn-primary\" id=\"dropdownMenuButton\" data-bs-toggle=\"dropdown\" aria-haspopup=\"true\" aria-expanded=\"false\">\r\n                    <i class=\"fa-solid fa-chevron-down\"><\/i>\r\n                <\/a>\r\n                <div class=\"dropdown-menu dropdown-menu-right\" aria-labelledby=\"dropdownMenuButton\">\r\n                <\/div>\r\n            <\/div>\r\n        <\/nav>\r\n    <\/div>\r\n<\/div>\n<\/div>\r\n            <\/div>\r\n        <\/div>\r\n    <\/div>\r\n\r\n<\/div>\r\n\r\n    \n\n\r\n<div id=\"demandes-de-renseignements-a-la-presse-section\" class=\"eye-block menu-section\" title=\"demandes-de-renseignements-a-la-presse\" data-section-name=\"Demandes de renseignements \u00e0 la presse\"><\/div>\r\n\n\n\n<h2 class=\"wp-block-heading\" id=\"persaanvragen\"><strong>Demandes de renseignements \u00e0 la presse<\/strong><\/h2>\n\n\n\n<p>Pour les interviews, les communiqu\u00e9s de presse et les demandes g\u00e9n\u00e9rales des m\u00e9dias, veuillez nous contacter \u00e0 l&#8217;adresse <strong>marketing@koonings.com<\/strong>. Nous nous ferons un plaisir de vous fournir des informations sur Koonings, des demandes de presse et des informations d&#8217;actualit\u00e9. <\/p>\n\n<\/div>\r\n            <\/div>\r\n        <\/div>\r\n    <\/div>\r\n\r\n<\/div>\r\n\r\n    \r\n\r\n<div class=\"eye-element fullwidth-row alignfull style-both bg--none  alignfull \" style=\" \">\r\n\r\n    <div class=\"container\">\r\n        <div class=\"row\">\r\n            <div class=\"col-12\">\r\n                <div class=\"acf-innerblocks-container\">\n\r\n<div id=\"collaborations-et-partenariats-section\" class=\"eye-block menu-section\" title=\"collaborations-et-partenariats\" data-section-name=\"Collaborations et partenariats\"><\/div>\r\n\n\n\n<h2 class=\"wp-block-heading\" id=\"samenwerkingen-partnerships\"><strong>Collaborations et partenariats<\/strong><\/h2>\n\n\n\n<p>Vous \u00eates un influenceur, un partenaire de marque ou vous travaillez sur un \u00e9v\u00e9nement pour lequel Koonings serait un excellent compl\u00e9ment ? Nous sommes ouverts aux collaborations qui correspondent \u00e0 notre marque. Envoyez votre proposition \u00e0 <strong>marketing@koonings.com<\/strong> et notre \u00e9quipe prendra contact avec vous.  <\/p>\n\n\n\r\n<div class=\"eye-block empty-space empty-space--small pt-md-3 pb-md-3 pt-2 pb-2\" ><\/div>\n\n\n<p><em><strong>D\u00e9fil\u00e9 de mode nuptiale pour mannequins<\/strong><\/em><\/p>\n\n\n\n<p>Pour nos mannequins de d\u00e9fil\u00e9 de mode nuptiale, nous ne publions pas d&#8217;offres d&#8217;emploi mais utilisons une base de donn\u00e9es. Vous pouvez y laisser vos coordonn\u00e9es. Pour chaque d\u00e9fil\u00e9, nous s\u00e9lectionnons les mannequins qui correspondent le mieux \u00e0 ce d\u00e9fil\u00e9 sp\u00e9cifique.  <\/p>\n\n\n\n<ul class=\"wp-block-list\">\n<li>Vous trouverez le lien pour votre candidature sous le <a href=\"https:\/\/www.instagram.com\/stories\/highlights\/17869276902035621\/\" target=\"_blank\" rel=\"noreferrer noopener\">point fort &#8220;mod\u00e8le&#8221;<\/a> sur notre <a href=\"https:\/\/www.instagram.com\/kooningstheweddingpalace\/\" target=\"_blank\" rel=\"noreferrer noopener\">page instagram<\/a>.<br\/><br\/><\/li>\n<\/ul>\n\n\n\n<p>D\u00e8s que nous aurons un spectacle qui vous conviendra, nous vous en informerons !<\/p>\n\n<\/div>\r\n            <\/div>\r\n        <\/div>\r\n    <\/div>\r\n\r\n<\/div>\r\n\r\n    \r\n\r\n<div class=\"eye-element fullwidth-row alignfull style-both bg--none  alignfull \" style=\" \">\r\n\r\n    <div class=\"container\">\r\n        <div class=\"row\">\r\n            <div class=\"col-12\">\r\n                <div class=\"acf-innerblocks-container\">\n\r\n<div id=\"materiel-de-presse-et-bibliotheque-dimages-section\" class=\"eye-block menu-section\" title=\"materiel-de-presse-et-bibliotheque-dimages\" data-section-name=\"Mat\u00e9riel de presse et biblioth\u00e8que d'images\"><\/div>\r\n\n\n\n<h2 class=\"wp-block-heading\" id=\"persmateriaal-beeldbank\"><strong>Mat\u00e9riel de presse et biblioth\u00e8que d&#8217;images<\/strong><\/h2>\n\n\n\n<p>Vous recherchez des logos, des photos ou d&#8217;autres documents de presse ? Envoyez votre demande \u00e0 <strong>marketing@koonings.com,<\/strong> et nous nous ferons un plaisir de vous fournir les fichiers et les lignes directrices appropri\u00e9s. <\/p>\n\n<\/div>\r\n            <\/div>\r\n        <\/div>\r\n    <\/div>\r\n\r\n<\/div>\r\n\r\n    \r\n\r\n<div class=\"eye-element fullwidth-row alignfull style-both bg--none  alignfull \" style=\" \">\r\n\r\n    <div class=\"container\">\r\n        <div class=\"row\">\r\n            <div class=\"col-12\">\r\n                <div class=\"acf-innerblocks-container\">\n\r\n<div id=\"questions-frequemment-posees-section\" class=\"eye-block menu-section\" title=\"questions-frequemment-posees\" data-section-name=\"Questions fr\u00e9quemment pos\u00e9es\"><\/div>\r\n\n\n\n<h2 class=\"wp-block-heading\" id=\"veelgestelde-vragen\"><strong>Questions fr\u00e9quemment pos\u00e9es<\/strong><\/h2>\n\n\n\n<ul class=\"wp-block-list\">\n<li><strong>Puis-je organiser une s\u00e9ance photo chez Koonings ?<\/strong><br\/>Oui, c&#8217;est possible sur demande. Envoyez-nous votre proposition \u00e0 <strong>marketing@koonings.com, en<\/strong> pr\u00e9cisant la date, le concept et les installations n\u00e9cessaires. <\/li>\n\n\n\n<li><strong>O\u00f9 puis-je t\u00e9l\u00e9charger votre logo et vos images ?<\/strong><br\/>Contactez <strong>marketing@koonings.com<\/strong> et pr\u00e9cisez ce dont vous avez besoin. Nous nous ferons un plaisir de vous envoyer les fichiers et les lignes directrices appropri\u00e9s. <\/li>\n<\/ul>\n\n<\/div>\r\n            <\/div>\r\n        <\/div>\r\n    <\/div>\r\n\r\n<\/div>\r\n\r\n    \r\n\r\n<div class=\"eye-element fullwidth-row alignfull style-both bg--none  alignfull \" style=\" \">\r\n\r\n    <div class=\"container\">\r\n        <div class=\"row\">\r\n            <div class=\"col-12\">\r\n                <div class=\"acf-innerblocks-container\">\n\n<h2 class=\"wp-block-heading\" id=\"reactietermijn\"><strong>D\u00e9lai de r\u00e9ponse<\/strong><\/h2>\n\n\n\n<p>Nous nous effor\u00e7ons de r\u00e9pondre aux demandes de presse et de collaboration dans un d\u00e9lai de <strong>3 jours ouvrables<\/strong>. Pour les <strong>demandes urgentes<\/strong>, veuillez le mentionner dans l&#8217;objet de votre e-mail afin que nous puissions y r\u00e9pondre imm\u00e9diatement. <\/p>\n\n<\/div>\r\n            <\/div>\r\n        <\/div>\r\n    <\/div>\r\n\r\n<\/div>\r\n\r\n    ","protected":false},"excerpt":{"rendered":"","protected":false},"author":2,"featured_media":0,"parent":0,"menu_order":0,"comment_status":"closed","ping_status":"closed","template":"","meta":{"_acf_changed":false,"ghostkit_customizer_options":"","ghostkit_custom_css":"","ghostkit_custom_js_head":"","ghostkit_custom_js_foot":"","ghostkit_typography":"","footnotes":""},"class_list":["post-98473","page","type-page","status-publish","hentry"],"acf":[],"yoast_head":"<!-- This site is optimized with the Yoast SEO plugin v26.8 - https:\/\/yoast.com\/product\/yoast-seo-wordpress\/ -->\n<title>Contact presse | Koonings<\/title>\n<meta name=\"robots\" content=\"index, follow, max-snippet:-1, max-image-preview:large, max-video-preview:-1\" \/>\n<link rel=\"canonical\" href=\"https:\/\/www.koonings.com\/fr\/contact-presse\/\" \/>\n<meta property=\"og:locale\" content=\"fr_FR\" \/>\n<meta property=\"og:type\" content=\"article\" \/>\n<meta property=\"og:title\" content=\"Contact presse | Koonings\" \/>\n<meta property=\"og:url\" content=\"https:\/\/www.koonings.com\/fr\/contact-presse\/\" \/>\n<meta property=\"og:site_name\" content=\"Koonings\" \/>\n<meta property=\"article:publisher\" content=\"https:\/\/www.facebook.com\/kooningstheweddingpalace\" \/>\n<meta property=\"article:modified_time\" content=\"2025-09-29T10:00:57+00:00\" \/>\n<meta property=\"og:image\" content=\"https:\/\/www.koonings.com\/wp-content\/uploads\/2024\/06\/palace-hero-screenshot-1024x575.png\" \/>\n\t<meta property=\"og:image:width\" content=\"1024\" \/>\n\t<meta property=\"og:image:height\" content=\"575\" \/>\n\t<meta property=\"og:image:type\" content=\"image\/png\" \/>\n<meta name=\"twitter:card\" content=\"summary_large_image\" \/>\n<meta name=\"twitter:label1\" content=\"Dur\u00e9e de lecture estim\u00e9e\" \/>\n\t<meta name=\"twitter:data1\" content=\"2 minutes\" \/>\n<script type=\"application\/ld+json\" class=\"yoast-schema-graph\">{\"@context\":\"https:\/\/schema.org\",\"@graph\":[{\"@type\":\"WebPage\",\"@id\":\"https:\/\/www.koonings.com\/fr\/contact-presse\/\",\"url\":\"https:\/\/www.koonings.com\/fr\/contact-presse\/\",\"name\":\"Contact presse | Koonings\",\"isPartOf\":{\"@id\":\"https:\/\/www.koonings.com\/fr\/#website\"},\"datePublished\":\"2025-03-06T15:23:02+00:00\",\"dateModified\":\"2025-09-29T10:00:57+00:00\",\"breadcrumb\":{\"@id\":\"https:\/\/www.koonings.com\/fr\/contact-presse\/#breadcrumb\"},\"inLanguage\":\"fr-FR\",\"potentialAction\":[{\"@type\":\"ReadAction\",\"target\":[\"https:\/\/www.koonings.com\/fr\/contact-presse\/\"]}]},{\"@type\":\"BreadcrumbList\",\"@id\":\"https:\/\/www.koonings.com\/fr\/contact-presse\/#breadcrumb\",\"itemListElement\":[{\"@type\":\"ListItem\",\"position\":1,\"name\":\"Home\",\"item\":\"https:\/\/www.koonings.com\/fr\/\"},{\"@type\":\"ListItem\",\"position\":2,\"name\":\"Contact presse\"}]},{\"@type\":\"WebSite\",\"@id\":\"https:\/\/www.koonings.com\/fr\/#website\",\"url\":\"https:\/\/www.koonings.com\/fr\/\",\"name\":\"Koonings\",\"description\":\"De grootste bruidsmodewinkel ter wereld\",\"publisher\":{\"@id\":\"https:\/\/www.koonings.com\/fr\/#organization\"},\"potentialAction\":[{\"@type\":\"SearchAction\",\"target\":{\"@type\":\"EntryPoint\",\"urlTemplate\":\"https:\/\/www.koonings.com\/fr\/?s={search_term_string}\"},\"query-input\":{\"@type\":\"PropertyValueSpecification\",\"valueRequired\":true,\"valueName\":\"search_term_string\"}}],\"inLanguage\":\"fr-FR\"},{\"@type\":\"Organization\",\"@id\":\"https:\/\/www.koonings.com\/fr\/#organization\",\"name\":\"Koonings\",\"url\":\"https:\/\/www.koonings.com\/fr\/\",\"logo\":{\"@type\":\"ImageObject\",\"inLanguage\":\"fr-FR\",\"@id\":\"https:\/\/www.koonings.com\/fr\/#\/schema\/logo\/image\/\",\"url\":\"https:\/\/www.koonings.com\/wp-content\/uploads\/2024\/07\/logo.png\",\"contentUrl\":\"https:\/\/www.koonings.com\/wp-content\/uploads\/2024\/07\/logo.png\",\"width\":600,\"height\":428,\"caption\":\"Koonings\"},\"image\":{\"@id\":\"https:\/\/www.koonings.com\/fr\/#\/schema\/logo\/image\/\"},\"sameAs\":[\"https:\/\/www.facebook.com\/kooningstheweddingpalace\",\"https:\/\/www.instagram.com\/kooningstheweddingpalace\",\"https:\/\/www.pinterest.com\/koonings\",\"https:\/\/www.youtube.com\/kooningstheweddingpalace\"]}]}<\/script>\n<!-- \/ Yoast SEO plugin. -->","yoast_head_json":{"title":"Contact presse | Koonings","robots":{"index":"index","follow":"follow","max-snippet":"max-snippet:-1","max-image-preview":"max-image-preview:large","max-video-preview":"max-video-preview:-1"},"canonical":"https:\/\/www.koonings.com\/fr\/contact-presse\/","og_locale":"fr_FR","og_type":"article","og_title":"Contact presse | Koonings","og_url":"https:\/\/www.koonings.com\/fr\/contact-presse\/","og_site_name":"Koonings","article_publisher":"https:\/\/www.facebook.com\/kooningstheweddingpalace","article_modified_time":"2025-09-29T10:00:57+00:00","og_image":[{"width":1024,"height":575,"url":"https:\/\/www.koonings.com\/wp-content\/uploads\/2024\/06\/palace-hero-screenshot-1024x575.png","type":"image\/png"}],"twitter_card":"summary_large_image","twitter_misc":{"Dur\u00e9e de lecture estim\u00e9e":"2 minutes"},"schema":{"@context":"https:\/\/schema.org","@graph":[{"@type":"WebPage","@id":"https:\/\/www.koonings.com\/fr\/contact-presse\/","url":"https:\/\/www.koonings.com\/fr\/contact-presse\/","name":"Contact presse | Koonings","isPartOf":{"@id":"https:\/\/www.koonings.com\/fr\/#website"},"datePublished":"2025-03-06T15:23:02+00:00","dateModified":"2025-09-29T10:00:57+00:00","breadcrumb":{"@id":"https:\/\/www.koonings.com\/fr\/contact-presse\/#breadcrumb"},"inLanguage":"fr-FR","potentialAction":[{"@type":"ReadAction","target":["https:\/\/www.koonings.com\/fr\/contact-presse\/"]}]},{"@type":"BreadcrumbList","@id":"https:\/\/www.koonings.com\/fr\/contact-presse\/#breadcrumb","itemListElement":[{"@type":"ListItem","position":1,"name":"Home","item":"https:\/\/www.koonings.com\/fr\/"},{"@type":"ListItem","position":2,"name":"Contact presse"}]},{"@type":"WebSite","@id":"https:\/\/www.koonings.com\/fr\/#website","url":"https:\/\/www.koonings.com\/fr\/","name":"Koonings","description":"De grootste bruidsmodewinkel ter wereld","publisher":{"@id":"https:\/\/www.koonings.com\/fr\/#organization"},"potentialAction":[{"@type":"SearchAction","target":{"@type":"EntryPoint","urlTemplate":"https:\/\/www.koonings.com\/fr\/?s={search_term_string}"},"query-input":{"@type":"PropertyValueSpecification","valueRequired":true,"valueName":"search_term_string"}}],"inLanguage":"fr-FR"},{"@type":"Organization","@id":"https:\/\/www.koonings.com\/fr\/#organization","name":"Koonings","url":"https:\/\/www.koonings.com\/fr\/","logo":{"@type":"ImageObject","inLanguage":"fr-FR","@id":"https:\/\/www.koonings.com\/fr\/#\/schema\/logo\/image\/","url":"https:\/\/www.koonings.com\/wp-content\/uploads\/2024\/07\/logo.png","contentUrl":"https:\/\/www.koonings.com\/wp-content\/uploads\/2024\/07\/logo.png","width":600,"height":428,"caption":"Koonings"},"image":{"@id":"https:\/\/www.koonings.com\/fr\/#\/schema\/logo\/image\/"},"sameAs":["https:\/\/www.facebook.com\/kooningstheweddingpalace","https:\/\/www.instagram.com\/kooningstheweddingpalace","https:\/\/www.pinterest.com\/koonings","https:\/\/www.youtube.com\/kooningstheweddingpalace"]}]}},"_links":{"self":[{"href":"https:\/\/www.koonings.com\/fr\/wp-json\/wp\/v2\/pages\/98473","targetHints":{"allow":["GET"]}}],"collection":[{"href":"https:\/\/www.koonings.com\/fr\/wp-json\/wp\/v2\/pages"}],"about":[{"href":"https:\/\/www.koonings.com\/fr\/wp-json\/wp\/v2\/types\/page"}],"author":[{"embeddable":true,"href":"https:\/\/www.koonings.com\/fr\/wp-json\/wp\/v2\/users\/2"}],"replies":[{"embeddable":true,"href":"https:\/\/www.koonings.com\/fr\/wp-json\/wp\/v2\/comments?post=98473"}],"version-history":[{"count":1,"href":"https:\/\/www.koonings.com\/fr\/wp-json\/wp\/v2\/pages\/98473\/revisions"}],"predecessor-version":[{"id":98474,"href":"https:\/\/www.koonings.com\/fr\/wp-json\/wp\/v2\/pages\/98473\/revisions\/98474"}],"wp:attachment":[{"href":"https:\/\/www.koonings.com\/fr\/wp-json\/wp\/v2\/media?parent=98473"}],"curies":[{"name":"wp","href":"https:\/\/api.w.org\/{rel}","templated":true}]}}