{"id":98470,"date":"2025-06-05T11:59:04","date_gmt":"2025-06-05T09:59:04","guid":{"rendered":"https:\/\/www.koonings.com\/traduction-de-la-page-de-test\/"},"modified":"2025-09-29T12:00:30","modified_gmt":"2025-09-29T10:00:30","slug":"traduction-de-la-page-de-test","status":"publish","type":"page","link":"https:\/\/www.koonings.com\/fr\/traduction-de-la-page-de-test\/","title":{"rendered":"Traduction de la page de test"},"content":{"rendered":"\n<p>Il s&#8217;agit d&#8217;un texte n\u00e9erlandais.<\/p>\n\r\n<div class=\"eye-block empty-space empty-space--small pt-md-3 pb-md-3 pt-2 pb-2\" ><\/div>\n<p>Et voici la deuxi\u00e8me partie qui a \u00e9t\u00e9 ajust\u00e9e<\/p>\n\n<p>E maintenant une troisi\u00e8me pi\u00e8ce<\/p>\n","protected":false},"excerpt":{"rendered":"<p>Il s&#8217;agit d&#8217;un texte n\u00e9erlandais. Et voici la deuxi\u00e8me partie qui a \u00e9t\u00e9 ajust\u00e9e E maintenant une troisi\u00e8me pi\u00e8ce<\/p>\n","protected":false},"author":1,"featured_media":0,"parent":0,"menu_order":0,"comment_status":"closed","ping_status":"closed","template":"","meta":{"_acf_changed":false,"ghostkit_customizer_options":"","ghostkit_custom_css":"","ghostkit_custom_js_head":"","ghostkit_custom_js_foot":"","ghostkit_typography":"","footnotes":""},"class_list":["post-98470","page","type-page","status-publish","hentry"],"acf":[],"yoast_head":"<!-- This site is optimized with the Yoast SEO plugin v27.3 - https:\/\/yoast.com\/product\/yoast-seo-wordpress\/ -->\n<title>Traduction de la page de test | Koonings<\/title>\n<meta name=\"robots\" content=\"index, follow, max-snippet:-1, max-image-preview:large, max-video-preview:-1\" \/>\n<link rel=\"canonical\" href=\"https:\/\/www.koonings.com\/fr\/traduction-de-la-page-de-test\/\" \/>\n<meta property=\"og:locale\" content=\"fr_FR\" \/>\n<meta property=\"og:type\" content=\"article\" \/>\n<meta property=\"og:title\" content=\"Traduction de la page de test | Koonings\" \/>\n<meta property=\"og:description\" content=\"Il s&#8217;agit d&#8217;un texte n\u00e9erlandais. Et voici la deuxi\u00e8me partie qui a \u00e9t\u00e9 ajust\u00e9e E maintenant une troisi\u00e8me pi\u00e8ce\" \/>\n<meta property=\"og:url\" content=\"https:\/\/www.koonings.com\/fr\/traduction-de-la-page-de-test\/\" \/>\n<meta property=\"og:site_name\" content=\"Koonings\" \/>\n<meta property=\"article:publisher\" content=\"https:\/\/www.facebook.com\/kooningstheweddingpalace\" \/>\n<meta property=\"article:modified_time\" content=\"2025-09-29T10:00:30+00:00\" \/>\n<meta property=\"og:image\" content=\"https:\/\/www.koonings.com\/wp-content\/uploads\/2024\/06\/palace-hero-screenshot-1024x575.png\" \/>\n\t<meta property=\"og:image:width\" content=\"1024\" \/>\n\t<meta property=\"og:image:height\" content=\"575\" \/>\n\t<meta property=\"og:image:type\" content=\"image\/png\" \/>\n<meta name=\"twitter:card\" content=\"summary_large_image\" \/>\n<script type=\"application\/ld+json\" class=\"yoast-schema-graph\">{\"@context\":\"https:\\\/\\\/schema.org\",\"@graph\":[{\"@type\":\"WebPage\",\"@id\":\"https:\\\/\\\/www.koonings.com\\\/fr\\\/traduction-de-la-page-de-test\\\/\",\"url\":\"https:\\\/\\\/www.koonings.com\\\/fr\\\/traduction-de-la-page-de-test\\\/\",\"name\":\"Traduction de la page de test | Koonings\",\"isPartOf\":{\"@id\":\"https:\\\/\\\/www.koonings.com\\\/fr\\\/#website\"},\"datePublished\":\"2025-06-05T09:59:04+00:00\",\"dateModified\":\"2025-09-29T10:00:30+00:00\",\"breadcrumb\":{\"@id\":\"https:\\\/\\\/www.koonings.com\\\/fr\\\/traduction-de-la-page-de-test\\\/#breadcrumb\"},\"inLanguage\":\"fr-FR\",\"potentialAction\":[{\"@type\":\"ReadAction\",\"target\":[\"https:\\\/\\\/www.koonings.com\\\/fr\\\/traduction-de-la-page-de-test\\\/\"]}]},{\"@type\":\"BreadcrumbList\",\"@id\":\"https:\\\/\\\/www.koonings.com\\\/fr\\\/traduction-de-la-page-de-test\\\/#breadcrumb\",\"itemListElement\":[{\"@type\":\"ListItem\",\"position\":1,\"name\":\"Home\",\"item\":\"https:\\\/\\\/www.koonings.com\\\/fr\\\/\"},{\"@type\":\"ListItem\",\"position\":2,\"name\":\"Traduction de la page de test\"}]},{\"@type\":\"WebSite\",\"@id\":\"https:\\\/\\\/www.koonings.com\\\/fr\\\/#website\",\"url\":\"https:\\\/\\\/www.koonings.com\\\/fr\\\/\",\"name\":\"Koonings\",\"description\":\"De grootste bruidsmodewinkel ter wereld\",\"publisher\":{\"@id\":\"https:\\\/\\\/www.koonings.com\\\/fr\\\/#organization\"},\"potentialAction\":[{\"@type\":\"SearchAction\",\"target\":{\"@type\":\"EntryPoint\",\"urlTemplate\":\"https:\\\/\\\/www.koonings.com\\\/fr\\\/?s={search_term_string}\"},\"query-input\":{\"@type\":\"PropertyValueSpecification\",\"valueRequired\":true,\"valueName\":\"search_term_string\"}}],\"inLanguage\":\"fr-FR\"},{\"@type\":\"Organization\",\"@id\":\"https:\\\/\\\/www.koonings.com\\\/fr\\\/#organization\",\"name\":\"Koonings\",\"url\":\"https:\\\/\\\/www.koonings.com\\\/fr\\\/\",\"logo\":{\"@type\":\"ImageObject\",\"inLanguage\":\"fr-FR\",\"@id\":\"https:\\\/\\\/www.koonings.com\\\/fr\\\/#\\\/schema\\\/logo\\\/image\\\/\",\"url\":\"https:\\\/\\\/www.koonings.com\\\/wp-content\\\/uploads\\\/2024\\\/07\\\/logo.png\",\"contentUrl\":\"https:\\\/\\\/www.koonings.com\\\/wp-content\\\/uploads\\\/2024\\\/07\\\/logo.png\",\"width\":600,\"height\":428,\"caption\":\"Koonings\"},\"image\":{\"@id\":\"https:\\\/\\\/www.koonings.com\\\/fr\\\/#\\\/schema\\\/logo\\\/image\\\/\"},\"sameAs\":[\"https:\\\/\\\/www.facebook.com\\\/kooningstheweddingpalace\",\"https:\\\/\\\/www.instagram.com\\\/kooningstheweddingpalace\",\"https:\\\/\\\/www.pinterest.com\\\/koonings\",\"https:\\\/\\\/www.youtube.com\\\/kooningstheweddingpalace\"]}]}<\/script>\n<!-- \/ Yoast SEO plugin. -->","yoast_head_json":{"title":"Traduction de la page de test | Koonings","robots":{"index":"index","follow":"follow","max-snippet":"max-snippet:-1","max-image-preview":"max-image-preview:large","max-video-preview":"max-video-preview:-1"},"canonical":"https:\/\/www.koonings.com\/fr\/traduction-de-la-page-de-test\/","og_locale":"fr_FR","og_type":"article","og_title":"Traduction de la page de test | Koonings","og_description":"Il s&#8217;agit d&#8217;un texte n\u00e9erlandais. Et voici la deuxi\u00e8me partie qui a \u00e9t\u00e9 ajust\u00e9e E maintenant une troisi\u00e8me pi\u00e8ce","og_url":"https:\/\/www.koonings.com\/fr\/traduction-de-la-page-de-test\/","og_site_name":"Koonings","article_publisher":"https:\/\/www.facebook.com\/kooningstheweddingpalace","article_modified_time":"2025-09-29T10:00:30+00:00","og_image":[{"width":1024,"height":575,"url":"https:\/\/www.koonings.com\/wp-content\/uploads\/2024\/06\/palace-hero-screenshot-1024x575.png","type":"image\/png"}],"twitter_card":"summary_large_image","schema":{"@context":"https:\/\/schema.org","@graph":[{"@type":"WebPage","@id":"https:\/\/www.koonings.com\/fr\/traduction-de-la-page-de-test\/","url":"https:\/\/www.koonings.com\/fr\/traduction-de-la-page-de-test\/","name":"Traduction de la page de test | Koonings","isPartOf":{"@id":"https:\/\/www.koonings.com\/fr\/#website"},"datePublished":"2025-06-05T09:59:04+00:00","dateModified":"2025-09-29T10:00:30+00:00","breadcrumb":{"@id":"https:\/\/www.koonings.com\/fr\/traduction-de-la-page-de-test\/#breadcrumb"},"inLanguage":"fr-FR","potentialAction":[{"@type":"ReadAction","target":["https:\/\/www.koonings.com\/fr\/traduction-de-la-page-de-test\/"]}]},{"@type":"BreadcrumbList","@id":"https:\/\/www.koonings.com\/fr\/traduction-de-la-page-de-test\/#breadcrumb","itemListElement":[{"@type":"ListItem","position":1,"name":"Home","item":"https:\/\/www.koonings.com\/fr\/"},{"@type":"ListItem","position":2,"name":"Traduction de la page de test"}]},{"@type":"WebSite","@id":"https:\/\/www.koonings.com\/fr\/#website","url":"https:\/\/www.koonings.com\/fr\/","name":"Koonings","description":"De grootste bruidsmodewinkel ter wereld","publisher":{"@id":"https:\/\/www.koonings.com\/fr\/#organization"},"potentialAction":[{"@type":"SearchAction","target":{"@type":"EntryPoint","urlTemplate":"https:\/\/www.koonings.com\/fr\/?s={search_term_string}"},"query-input":{"@type":"PropertyValueSpecification","valueRequired":true,"valueName":"search_term_string"}}],"inLanguage":"fr-FR"},{"@type":"Organization","@id":"https:\/\/www.koonings.com\/fr\/#organization","name":"Koonings","url":"https:\/\/www.koonings.com\/fr\/","logo":{"@type":"ImageObject","inLanguage":"fr-FR","@id":"https:\/\/www.koonings.com\/fr\/#\/schema\/logo\/image\/","url":"https:\/\/www.koonings.com\/wp-content\/uploads\/2024\/07\/logo.png","contentUrl":"https:\/\/www.koonings.com\/wp-content\/uploads\/2024\/07\/logo.png","width":600,"height":428,"caption":"Koonings"},"image":{"@id":"https:\/\/www.koonings.com\/fr\/#\/schema\/logo\/image\/"},"sameAs":["https:\/\/www.facebook.com\/kooningstheweddingpalace","https:\/\/www.instagram.com\/kooningstheweddingpalace","https:\/\/www.pinterest.com\/koonings","https:\/\/www.youtube.com\/kooningstheweddingpalace"]}]}},"_links":{"self":[{"href":"https:\/\/www.koonings.com\/fr\/wp-json\/wp\/v2\/pages\/98470","targetHints":{"allow":["GET"]}}],"collection":[{"href":"https:\/\/www.koonings.com\/fr\/wp-json\/wp\/v2\/pages"}],"about":[{"href":"https:\/\/www.koonings.com\/fr\/wp-json\/wp\/v2\/types\/page"}],"author":[{"embeddable":true,"href":"https:\/\/www.koonings.com\/fr\/wp-json\/wp\/v2\/users\/1"}],"replies":[{"embeddable":true,"href":"https:\/\/www.koonings.com\/fr\/wp-json\/wp\/v2\/comments?post=98470"}],"version-history":[{"count":1,"href":"https:\/\/www.koonings.com\/fr\/wp-json\/wp\/v2\/pages\/98470\/revisions"}],"predecessor-version":[{"id":98471,"href":"https:\/\/www.koonings.com\/fr\/wp-json\/wp\/v2\/pages\/98470\/revisions\/98471"}],"wp:attachment":[{"href":"https:\/\/www.koonings.com\/fr\/wp-json\/wp\/v2\/media?parent=98470"}],"curies":[{"name":"wp","href":"https:\/\/api.w.org\/{rel}","templated":true}]}}