{"id":86747,"date":"2025-05-23T16:08:05","date_gmt":"2025-05-23T14:08:05","guid":{"rendered":"https:\/\/www.koonings.com\/marie\/chaussures\/"},"modified":"2025-06-17T09:58:05","modified_gmt":"2025-06-17T07:58:05","slug":"chaussures","status":"publish","type":"page","link":"https:\/\/www.koonings.com\/fr\/marie\/chaussures\/","title":{"rendered":"Chaussures"},"content":{"rendered":"\r\n\r\n<div class=\"eye-element fullwidth-row alignfull style-both bg--none  alignfull \" style=\" \">\r\n\r\n    <div class=\"container\">\r\n        <div class=\"row\">\r\n            <div class=\"col-12\">\r\n                <div class=\"acf-innerblocks-container\">\n\n<h1 class=\"wp-block-heading has-text-align-center\" id=\"trouwschoenen-voor-heren\">Chaussures de mariage pour hommes<\/h1>\n\n\n\n<p class=\"has-text-align-center\">En tant que mari\u00e9, vous ne voulez pas seulement \u00eatre beau &#8211; vous voulez \u00eatre vous-m\u00eame, avec style. Les bonnes chaussures de mariage compl\u00e8tent votre look, renforcent votre posture et vous permettent d&#8217;\u00eatre confiant tout au long de la journ\u00e9e, de la c\u00e9r\u00e9monie \u00e0 la piste de danse. <\/p>\n\n\n\r\n\r\n<div class=\"eye-element fullwidth-row alignfull style-both bg--none  alignfull \" style=\" \">\r\n\r\n    <div class=\"container\">\r\n        <div class=\"row\">\r\n            <div class=\"col-12\">\r\n                <div class=\"acf-innerblocks-container\">\n\n<div class=\"ghostkit-grid ghostkit-grid-gap-md\"><div class=\"ghostkit-grid-inner\">\n<div class=\"ghostkit-col ghostkit-col-md-12 ghostkit-col-6\"><div class=\"ghostkit-col-content is-layout-flow wp-block-ghostkit-grid-column-is-layout-flow\">\n<h2 class=\"wp-block-heading\" id=\"materiaal-comfort-pasvorm\">Mat\u00e9riau, confort et ajustement<\/h2>\n\n\n\n<p>Nos chaussures de mariage pour homme sont fabriqu\u00e9es en cuir, en daim ou en vernis de haute qualit\u00e9, soigneusement finies et con\u00e7ues pour le confort. De nombreux mod\u00e8les sont dot\u00e9s de semelles int\u00e9rieures souples et de doublures respirantes, pour que vous puissiez les porter toute la journ\u00e9e sans effort. Depuis le moment o\u00f9 vous dites oui jusqu&#8217;\u00e0 l&#8217;aube de la nuit.  <\/p>\n<\/div><\/div>\n\n\n\n<div class=\"ghostkit-col ghostkit-col-md-12 ghostkit-col-6\"><div class=\"ghostkit-col-content is-layout-flow wp-block-ghostkit-grid-column-is-layout-flow\">\n<figure class=\"wp-block-image size-large\"><img decoding=\"async\" width=\"1024\" height=\"768\" src=\"https:\/\/www.koonings.com\/wp-content\/uploads\/2025\/05\/IMG_6672-1024x768.jpeg\" alt=\"\" class=\"wp-image-86272\" srcset=\"https:\/\/www.koonings.com\/wp-content\/uploads\/2025\/05\/IMG_6672-1024x768.jpeg 1024w, https:\/\/www.koonings.com\/wp-content\/uploads\/2025\/05\/IMG_6672-300x225.jpeg 300w, https:\/\/www.koonings.com\/wp-content\/uploads\/2025\/05\/IMG_6672-768x576.jpeg 768w, https:\/\/www.koonings.com\/wp-content\/uploads\/2025\/05\/IMG_6672-1536x1152.jpeg 1536w, https:\/\/www.koonings.com\/wp-content\/uploads\/2025\/05\/IMG_6672-2048x1536.jpeg 2048w\" sizes=\"(max-width: 1024px) 100vw, 1024px\" \/><\/figure>\n<\/div><\/div>\n<\/div><\/div>\n\n<\/div>\r\n            <\/div>\r\n        <\/div>\r\n    <\/div>\r\n\r\n<\/div>\r\n\r\n    \n\n\r\n\r\n<div class=\"eye-element fullwidth-row alignfull style-both bg--none  alignfull \" style=\" \">\r\n\r\n    <div class=\"container\">\r\n        <div class=\"row\">\r\n            <div class=\"col-12\">\r\n                <div class=\"acf-innerblocks-container\">\n\n<pre class=\"wp-block-verse has-text-align-center\">Le style commence d\u00e8s le premier pas<br\/><\/pre>\n\n\n\n<p class=\"has-text-align-center\">Chez Koonings, nous avons une vision d&#8217;ensemble. Vos chaussures de mariage sont plus qu&#8217;un simple choix pratique &#8211; elles sont la base de votre look. Demandez conseil, trouvez ce qui vous convient et compl\u00e9tez votre look.  <\/p>\n\n\n\r\n<div class=\"eye-element bsbutton text-center \" >\r\n\t        <a class=\"btn btn-gold\" href=\"https:\/\/www.koonings.com\/fr\/prendre-un-rendez-vous\/\"\r\n           target=\"\">Prenez rendez-vous<\/a>\r\n\t<\/div>\n<\/div>\r\n            <\/div>\r\n        <\/div>\r\n    <\/div>\r\n\r\n<\/div>\r\n\r\n    \n<\/div>\r\n            <\/div>\r\n        <\/div>\r\n    <\/div>\r\n\r\n<\/div>\r\n\r\n    ","protected":false},"excerpt":{"rendered":"","protected":false},"author":2,"featured_media":0,"parent":16553,"menu_order":0,"comment_status":"closed","ping_status":"closed","template":"","meta":{"_acf_changed":false,"ghostkit_customizer_options":"","ghostkit_custom_css":"","ghostkit_custom_js_head":"","ghostkit_custom_js_foot":"","ghostkit_typography":"","footnotes":""},"class_list":["post-86747","page","type-page","status-publish","hentry"],"acf":[],"yoast_head":"<!-- This site is optimized with the Yoast SEO plugin v27.3 - https:\/\/yoast.com\/product\/yoast-seo-wordpress\/ -->\n<title>Chaussures de mariage pour hommes | Koonings<\/title>\n<meta name=\"description\" content=\"D\u00e9couvrez des chaussures de mariage \u00e9l\u00e9gantes pour hommes chez Koonings. Classiques, modernes ou audacieuses, elles sont toujours parfaitement assorties \u00e0 votre costume de mariage.\" \/>\n<meta name=\"robots\" content=\"index, follow, max-snippet:-1, max-image-preview:large, max-video-preview:-1\" \/>\n<link rel=\"canonical\" href=\"https:\/\/www.koonings.com\/fr\/marie\/chaussures\/\" \/>\n<meta property=\"og:locale\" content=\"fr_FR\" \/>\n<meta property=\"og:type\" content=\"article\" \/>\n<meta property=\"og:title\" content=\"Chaussures de mariage pour hommes | Koonings\" \/>\n<meta property=\"og:description\" content=\"D\u00e9couvrez des chaussures de mariage \u00e9l\u00e9gantes pour hommes chez Koonings. Classiques, modernes ou audacieuses, elles sont toujours parfaitement assorties \u00e0 votre costume de mariage.\" \/>\n<meta property=\"og:url\" content=\"https:\/\/www.koonings.com\/fr\/marie\/chaussures\/\" \/>\n<meta property=\"og:site_name\" content=\"Koonings\" \/>\n<meta property=\"article:publisher\" content=\"https:\/\/www.facebook.com\/kooningstheweddingpalace\" \/>\n<meta property=\"article:modified_time\" content=\"2025-06-17T07:58:05+00:00\" \/>\n<meta property=\"og:image\" content=\"https:\/\/www.koonings.com\/wp-content\/uploads\/2025\/05\/IMG_6672-scaled.jpeg\" \/>\n\t<meta property=\"og:image:width\" content=\"2560\" \/>\n\t<meta property=\"og:image:height\" content=\"1920\" \/>\n\t<meta property=\"og:image:type\" content=\"image\/jpeg\" \/>\n<meta name=\"twitter:card\" content=\"summary_large_image\" \/>\n<meta name=\"twitter:label1\" content=\"Dur\u00e9e de lecture estim\u00e9e\" \/>\n\t<meta name=\"twitter:data1\" content=\"1 minute\" \/>\n<script type=\"application\/ld+json\" class=\"yoast-schema-graph\">{\"@context\":\"https:\\\/\\\/schema.org\",\"@graph\":[{\"@type\":\"WebPage\",\"@id\":\"https:\\\/\\\/www.koonings.com\\\/fr\\\/marie\\\/chaussures\\\/\",\"url\":\"https:\\\/\\\/www.koonings.com\\\/fr\\\/marie\\\/chaussures\\\/\",\"name\":\"Chaussures de mariage pour hommes | Koonings\",\"isPartOf\":{\"@id\":\"https:\\\/\\\/www.koonings.com\\\/fr\\\/#website\"},\"primaryImageOfPage\":{\"@id\":\"https:\\\/\\\/www.koonings.com\\\/fr\\\/marie\\\/chaussures\\\/#primaryimage\"},\"image\":{\"@id\":\"https:\\\/\\\/www.koonings.com\\\/fr\\\/marie\\\/chaussures\\\/#primaryimage\"},\"thumbnailUrl\":\"https:\\\/\\\/www.koonings.com\\\/wp-content\\\/uploads\\\/2025\\\/05\\\/IMG_6672-1024x768.jpeg\",\"datePublished\":\"2025-05-23T14:08:05+00:00\",\"dateModified\":\"2025-06-17T07:58:05+00:00\",\"description\":\"D\u00e9couvrez des chaussures de mariage \u00e9l\u00e9gantes pour hommes chez Koonings. Classiques, modernes ou audacieuses, elles sont toujours parfaitement assorties \u00e0 votre costume de mariage.\",\"breadcrumb\":{\"@id\":\"https:\\\/\\\/www.koonings.com\\\/fr\\\/marie\\\/chaussures\\\/#breadcrumb\"},\"inLanguage\":\"fr-FR\",\"potentialAction\":[{\"@type\":\"ReadAction\",\"target\":[\"https:\\\/\\\/www.koonings.com\\\/fr\\\/marie\\\/chaussures\\\/\"]}]},{\"@type\":\"ImageObject\",\"inLanguage\":\"fr-FR\",\"@id\":\"https:\\\/\\\/www.koonings.com\\\/fr\\\/marie\\\/chaussures\\\/#primaryimage\",\"url\":\"https:\\\/\\\/www.koonings.com\\\/wp-content\\\/uploads\\\/2025\\\/05\\\/IMG_6672-1024x768.jpeg\",\"contentUrl\":\"https:\\\/\\\/www.koonings.com\\\/wp-content\\\/uploads\\\/2025\\\/05\\\/IMG_6672-1024x768.jpeg\"},{\"@type\":\"BreadcrumbList\",\"@id\":\"https:\\\/\\\/www.koonings.com\\\/fr\\\/marie\\\/chaussures\\\/#breadcrumb\",\"itemListElement\":[{\"@type\":\"ListItem\",\"position\":1,\"name\":\"Home\",\"item\":\"https:\\\/\\\/www.koonings.com\\\/fr\\\/\"},{\"@type\":\"ListItem\",\"position\":2,\"name\":\"Mari\u00e9\",\"item\":\"https:\\\/\\\/www.koonings.com\\\/fr\\\/marie\\\/\"},{\"@type\":\"ListItem\",\"position\":3,\"name\":\"Chaussures\"}]},{\"@type\":\"WebSite\",\"@id\":\"https:\\\/\\\/www.koonings.com\\\/fr\\\/#website\",\"url\":\"https:\\\/\\\/www.koonings.com\\\/fr\\\/\",\"name\":\"Koonings\",\"description\":\"De grootste bruidsmodewinkel ter wereld\",\"publisher\":{\"@id\":\"https:\\\/\\\/www.koonings.com\\\/fr\\\/#organization\"},\"potentialAction\":[{\"@type\":\"SearchAction\",\"target\":{\"@type\":\"EntryPoint\",\"urlTemplate\":\"https:\\\/\\\/www.koonings.com\\\/fr\\\/?s={search_term_string}\"},\"query-input\":{\"@type\":\"PropertyValueSpecification\",\"valueRequired\":true,\"valueName\":\"search_term_string\"}}],\"inLanguage\":\"fr-FR\"},{\"@type\":\"Organization\",\"@id\":\"https:\\\/\\\/www.koonings.com\\\/fr\\\/#organization\",\"name\":\"Koonings\",\"url\":\"https:\\\/\\\/www.koonings.com\\\/fr\\\/\",\"logo\":{\"@type\":\"ImageObject\",\"inLanguage\":\"fr-FR\",\"@id\":\"https:\\\/\\\/www.koonings.com\\\/fr\\\/#\\\/schema\\\/logo\\\/image\\\/\",\"url\":\"https:\\\/\\\/www.koonings.com\\\/wp-content\\\/uploads\\\/2024\\\/07\\\/logo.png\",\"contentUrl\":\"https:\\\/\\\/www.koonings.com\\\/wp-content\\\/uploads\\\/2024\\\/07\\\/logo.png\",\"width\":600,\"height\":428,\"caption\":\"Koonings\"},\"image\":{\"@id\":\"https:\\\/\\\/www.koonings.com\\\/fr\\\/#\\\/schema\\\/logo\\\/image\\\/\"},\"sameAs\":[\"https:\\\/\\\/www.facebook.com\\\/kooningstheweddingpalace\",\"https:\\\/\\\/www.instagram.com\\\/kooningstheweddingpalace\",\"https:\\\/\\\/www.pinterest.com\\\/koonings\",\"https:\\\/\\\/www.youtube.com\\\/kooningstheweddingpalace\"]}]}<\/script>\n<!-- \/ Yoast SEO plugin. -->","yoast_head_json":{"title":"Chaussures de mariage pour hommes | Koonings","description":"D\u00e9couvrez des chaussures de mariage \u00e9l\u00e9gantes pour hommes chez Koonings. Classiques, modernes ou audacieuses, elles sont toujours parfaitement assorties \u00e0 votre costume de mariage.","robots":{"index":"index","follow":"follow","max-snippet":"max-snippet:-1","max-image-preview":"max-image-preview:large","max-video-preview":"max-video-preview:-1"},"canonical":"https:\/\/www.koonings.com\/fr\/marie\/chaussures\/","og_locale":"fr_FR","og_type":"article","og_title":"Chaussures de mariage pour hommes | Koonings","og_description":"D\u00e9couvrez des chaussures de mariage \u00e9l\u00e9gantes pour hommes chez Koonings. Classiques, modernes ou audacieuses, elles sont toujours parfaitement assorties \u00e0 votre costume de mariage.","og_url":"https:\/\/www.koonings.com\/fr\/marie\/chaussures\/","og_site_name":"Koonings","article_publisher":"https:\/\/www.facebook.com\/kooningstheweddingpalace","article_modified_time":"2025-06-17T07:58:05+00:00","og_image":[{"width":2560,"height":1920,"url":"https:\/\/www.koonings.com\/wp-content\/uploads\/2025\/05\/IMG_6672-scaled.jpeg","type":"image\/jpeg"}],"twitter_card":"summary_large_image","twitter_misc":{"Dur\u00e9e de lecture estim\u00e9e":"1 minute"},"schema":{"@context":"https:\/\/schema.org","@graph":[{"@type":"WebPage","@id":"https:\/\/www.koonings.com\/fr\/marie\/chaussures\/","url":"https:\/\/www.koonings.com\/fr\/marie\/chaussures\/","name":"Chaussures de mariage pour hommes | Koonings","isPartOf":{"@id":"https:\/\/www.koonings.com\/fr\/#website"},"primaryImageOfPage":{"@id":"https:\/\/www.koonings.com\/fr\/marie\/chaussures\/#primaryimage"},"image":{"@id":"https:\/\/www.koonings.com\/fr\/marie\/chaussures\/#primaryimage"},"thumbnailUrl":"https:\/\/www.koonings.com\/wp-content\/uploads\/2025\/05\/IMG_6672-1024x768.jpeg","datePublished":"2025-05-23T14:08:05+00:00","dateModified":"2025-06-17T07:58:05+00:00","description":"D\u00e9couvrez des chaussures de mariage \u00e9l\u00e9gantes pour hommes chez Koonings. Classiques, modernes ou audacieuses, elles sont toujours parfaitement assorties \u00e0 votre costume de mariage.","breadcrumb":{"@id":"https:\/\/www.koonings.com\/fr\/marie\/chaussures\/#breadcrumb"},"inLanguage":"fr-FR","potentialAction":[{"@type":"ReadAction","target":["https:\/\/www.koonings.com\/fr\/marie\/chaussures\/"]}]},{"@type":"ImageObject","inLanguage":"fr-FR","@id":"https:\/\/www.koonings.com\/fr\/marie\/chaussures\/#primaryimage","url":"https:\/\/www.koonings.com\/wp-content\/uploads\/2025\/05\/IMG_6672-1024x768.jpeg","contentUrl":"https:\/\/www.koonings.com\/wp-content\/uploads\/2025\/05\/IMG_6672-1024x768.jpeg"},{"@type":"BreadcrumbList","@id":"https:\/\/www.koonings.com\/fr\/marie\/chaussures\/#breadcrumb","itemListElement":[{"@type":"ListItem","position":1,"name":"Home","item":"https:\/\/www.koonings.com\/fr\/"},{"@type":"ListItem","position":2,"name":"Mari\u00e9","item":"https:\/\/www.koonings.com\/fr\/marie\/"},{"@type":"ListItem","position":3,"name":"Chaussures"}]},{"@type":"WebSite","@id":"https:\/\/www.koonings.com\/fr\/#website","url":"https:\/\/www.koonings.com\/fr\/","name":"Koonings","description":"De grootste bruidsmodewinkel ter wereld","publisher":{"@id":"https:\/\/www.koonings.com\/fr\/#organization"},"potentialAction":[{"@type":"SearchAction","target":{"@type":"EntryPoint","urlTemplate":"https:\/\/www.koonings.com\/fr\/?s={search_term_string}"},"query-input":{"@type":"PropertyValueSpecification","valueRequired":true,"valueName":"search_term_string"}}],"inLanguage":"fr-FR"},{"@type":"Organization","@id":"https:\/\/www.koonings.com\/fr\/#organization","name":"Koonings","url":"https:\/\/www.koonings.com\/fr\/","logo":{"@type":"ImageObject","inLanguage":"fr-FR","@id":"https:\/\/www.koonings.com\/fr\/#\/schema\/logo\/image\/","url":"https:\/\/www.koonings.com\/wp-content\/uploads\/2024\/07\/logo.png","contentUrl":"https:\/\/www.koonings.com\/wp-content\/uploads\/2024\/07\/logo.png","width":600,"height":428,"caption":"Koonings"},"image":{"@id":"https:\/\/www.koonings.com\/fr\/#\/schema\/logo\/image\/"},"sameAs":["https:\/\/www.facebook.com\/kooningstheweddingpalace","https:\/\/www.instagram.com\/kooningstheweddingpalace","https:\/\/www.pinterest.com\/koonings","https:\/\/www.youtube.com\/kooningstheweddingpalace"]}]}},"_links":{"self":[{"href":"https:\/\/www.koonings.com\/fr\/wp-json\/wp\/v2\/pages\/86747","targetHints":{"allow":["GET"]}}],"collection":[{"href":"https:\/\/www.koonings.com\/fr\/wp-json\/wp\/v2\/pages"}],"about":[{"href":"https:\/\/www.koonings.com\/fr\/wp-json\/wp\/v2\/types\/page"}],"author":[{"embeddable":true,"href":"https:\/\/www.koonings.com\/fr\/wp-json\/wp\/v2\/users\/2"}],"replies":[{"embeddable":true,"href":"https:\/\/www.koonings.com\/fr\/wp-json\/wp\/v2\/comments?post=86747"}],"version-history":[{"count":1,"href":"https:\/\/www.koonings.com\/fr\/wp-json\/wp\/v2\/pages\/86747\/revisions"}],"predecessor-version":[{"id":86748,"href":"https:\/\/www.koonings.com\/fr\/wp-json\/wp\/v2\/pages\/86747\/revisions\/86748"}],"up":[{"embeddable":true,"href":"https:\/\/www.koonings.com\/fr\/wp-json\/wp\/v2\/pages\/16553"}],"wp:attachment":[{"href":"https:\/\/www.koonings.com\/fr\/wp-json\/wp\/v2\/media?parent=86747"}],"curies":[{"name":"wp","href":"https:\/\/api.w.org\/{rel}","templated":true}]}}