{"id":86410,"date":"2025-06-06T16:19:05","date_gmt":"2025-06-06T14:19:05","guid":{"rendered":"https:\/\/www.koonings.com\/?page_id=86410"},"modified":"2025-06-17T10:06:18","modified_gmt":"2025-06-17T08:06:18","slug":"le-bapteme-2","status":"publish","type":"page","link":"https:\/\/www.koonings.com\/fr\/collection-de-mariages\/enfants\/le-bapteme-2\/","title":{"rendered":"demoiselles d&#8217;honneur et gar\u00e7ons d&#8217;honneur"},"content":{"rendered":"\r\n\r\n<div class=\"eye-element fullwidth-row alignfull style-both bg--none  alignfull \" style=\" \">\r\n\r\n    <div class=\"container\">\r\n        <div class=\"row\">\r\n            <div class=\"col-12\">\r\n                <div class=\"acf-innerblocks-container\">\n\n<div class=\"ghostkit-grid ghostkit-grid-gap-lg ghostkit-grid-align-items-center\"><div class=\"ghostkit-grid-inner\">\n<div class=\"ghostkit-col ghostkit-col-md-12 ghostkit-col-6\"><div class=\"ghostkit-col-content is-layout-flow wp-block-ghostkit-grid-column-is-layout-flow\">\n<h1 class=\"wp-block-heading\" id=\"doopkleding-bij-koonings\">Demoiselles d&#8217;honneur et gar\u00e7ons d&#8217;honneur<\/h1>\n\n\n\n<h3 class=\"wp-block-heading\" id=\"kleine-rollen-grote-indruk\">Petits r\u00f4les, grande impression<\/h3>\n\n\n\n<p>Votre grand jour est plac\u00e9 sous le signe de l&#8217;amour, de la connexion et des personnes qui vous sont les plus proches. Et quoi de mieux que de donner un r\u00f4le aux plus petits ? Qu&#8217;il s&#8217;agisse de votre ni\u00e8ce marchant devant vous avec des fleurs ou de votre fils se tenant fi\u00e8rement \u00e0 vos c\u00f4t\u00e9s en tant que gar\u00e7on d&#8217;honneur : ensemble, ils rendent ce moment encore plus sp\u00e9cial.  <\/p>\n\n\n\n<p>Chez Koonings, vous trouverez une belle collection de v\u00eatements pour les demoiselles d&#8217;honneur et les gar\u00e7ons d&#8217;honneur. Des robes, des costumes et des accessoires dans toutes sortes de styles &#8211; du classique au moderne &#8211; mais toujours \u00e9l\u00e9gants et avec le souci du d\u00e9tail. Et vous voulez vraiment quelque chose d&#8217;unique ? Dans ce cas, nous concevrons avec amour une tenue personnalis\u00e9e, assortie \u00e0 votre robe, au costume de votre partenaire ou \u00e0 votre palette de couleurs.   <\/p>\n\n\n\r\n<div class=\"eye-element bsbutton text-start \" >\r\n\t        <a class=\"btn btn-gold\" href=\"https:\/\/www.koonings.com\/fr\/prendre-un-rendez-vous\/\"\r\n           target=\"\">Prenez rendez-vous<\/a>\r\n\t<\/div><\/div><\/div>\n\n\n\n<div class=\"ghostkit-col ghostkit-col-md-12 ghostkit-col-6\"><div class=\"ghostkit-col-content is-layout-flow wp-block-ghostkit-grid-column-is-layout-flow\">\r\n<div class=\"eye-element images style-default variant-1 multi-image\">\r\n\r\n\t        <div class=\"composition\">\r\n\t\t\t                <div class=\"image-0\">\r\n                    <img decoding=\"async\" class=\"img-fluid\" src=\"https:\/\/www.koonings.com\/wp-content\/uploads\/2025\/06\/2204-89-225x300.jpeg\" srcset=\"https:\/\/www.koonings.com\/wp-content\/uploads\/2025\/06\/2204-89-225x300.jpeg 225w, https:\/\/www.koonings.com\/wp-content\/uploads\/2025\/06\/2204-89-768x1024.jpeg 768w, https:\/\/www.koonings.com\/wp-content\/uploads\/2025\/06\/2204-89-1152x1536.jpeg 1152w, https:\/\/www.koonings.com\/wp-content\/uploads\/2025\/06\/2204-89-1536x2048.jpeg 1536w, https:\/\/www.koonings.com\/wp-content\/uploads\/2025\/06\/2204-89-scaled.jpeg 1920w\" alt=\"\">\r\n                <\/div>\r\n\t\t\t\r\n            <div class=\"swiper images-swiper\">\r\n\r\n\t\t\t\t\r\n                <div class=\"swiper-wrapper\">\r\n\t\t\t\t\t                        <li class=\"swiper-slide\">\r\n                            <img decoding=\"async\" class=\" img-fluid\" src=\"https:\/\/www.koonings.com\/wp-content\/uploads\/2025\/06\/2204-133-1024x768.jpeg\" srcset=\"https:\/\/www.koonings.com\/wp-content\/uploads\/2025\/06\/2204-133-scaled.jpeg\" alt=\"\">\r\n                        <\/li>\r\n\t\t\t\t\t                <\/div>\r\n\r\n                <div class=\"swiper-pagination\"><\/div>\r\n\r\n                <div class=\"swiper-button-prev\"><\/div>\r\n                <div class=\"swiper-button-next\"><\/div>\r\n\r\n            <\/div>\r\n\r\n        <\/div>\r\n\t\r\n\t<\/div><\/div><\/div>\n<\/div><\/div>\n\n<\/div>\r\n            <\/div>\r\n        <\/div>\r\n    <\/div>\r\n\r\n<\/div>\r\n\r\n    \r\n\r\n<div class=\"eye-element fullwidth-row alignfull style-both bg--none  alignfull \" style=\" \">\r\n\r\n    <div class=\"container\">\r\n        <div class=\"row\">\r\n            <div class=\"col-12\">\r\n                <div class=\"acf-innerblocks-container\">\n\n<div class=\"ghostkit-grid ghostkit-grid-gap-lg ghostkit-grid-align-items-center\"><div class=\"ghostkit-grid-inner\">\n<div class=\"ghostkit-col ghostkit-col-md-12 ghostkit-col-6\"><div class=\"ghostkit-col-content is-layout-flow wp-block-ghostkit-grid-column-is-layout-flow\">\r\n<div class=\"eye-element images style-default variant-2 multi-image\">\r\n\r\n\t        <div class=\"composition\">\r\n\t\t\t                <div class=\"image-0\">\r\n                    <img decoding=\"async\" class=\"img-fluid\" src=\"https:\/\/www.koonings.com\/wp-content\/uploads\/2025\/06\/2204-47-225x300.jpeg\" srcset=\"https:\/\/www.koonings.com\/wp-content\/uploads\/2025\/06\/2204-47-225x300.jpeg 225w, https:\/\/www.koonings.com\/wp-content\/uploads\/2025\/06\/2204-47-768x1024.jpeg 768w, https:\/\/www.koonings.com\/wp-content\/uploads\/2025\/06\/2204-47-1152x1536.jpeg 1152w, https:\/\/www.koonings.com\/wp-content\/uploads\/2025\/06\/2204-47-1536x2048.jpeg 1536w, https:\/\/www.koonings.com\/wp-content\/uploads\/2025\/06\/2204-47-scaled.jpeg 1920w\" alt=\"\">\r\n                <\/div>\r\n\t\t\t\r\n            <div class=\"swiper images-swiper\">\r\n\r\n\t\t\t\t\r\n                <div class=\"swiper-wrapper\">\r\n\t\t\t\t\t                        <li class=\"swiper-slide\">\r\n                            <img decoding=\"async\" class=\" img-fluid\" src=\"https:\/\/www.koonings.com\/wp-content\/uploads\/2025\/06\/2204-28-768x1024.jpeg\" srcset=\"https:\/\/www.koonings.com\/wp-content\/uploads\/2025\/06\/2204-28-scaled-e1749219876222.jpeg\" alt=\"\">\r\n                        <\/li>\r\n\t\t\t\t\t                <\/div>\r\n\r\n                <div class=\"swiper-pagination\"><\/div>\r\n\r\n                <div class=\"swiper-button-prev\"><\/div>\r\n                <div class=\"swiper-button-next\"><\/div>\r\n\r\n            <\/div>\r\n\r\n        <\/div>\r\n\t\r\n\t<\/div><\/div><\/div>\n\n\n\n<div class=\"ghostkit-col ghostkit-col-md-12 ghostkit-col-6\"><div class=\"ghostkit-col-content is-layout-flow wp-block-ghostkit-grid-column-is-layout-flow\">\n<h1 class=\"wp-block-heading\" id=\"doopkleding-bij-koonings\">Robes de mari\u00e9e<\/h1>\n\n\n\n<p>Une demoiselle d&#8217;honneur dans une robe qui correspond parfaitement \u00e0 votre style &#8211; voil\u00e0 une image de r\u00eave qui bouge. Que vous optiez pour une version mini de votre robe de mari\u00e9e ou pour une version a\u00e9rienne et ludique dans la m\u00eame couleur ou le m\u00eame tissu, nous veillons \u00e0 ce que l&#8217;image soit la bonne. <\/p>\n\n\n\n<p>Notre collection de robes de demoiselle d&#8217;honneur comprend :<\/p>\n\n\n\n<ul class=\"wp-block-list\">\n<li>Tulle a\u00e9r\u00e9, satin ou dentelle<\/li>\n\n\n\n<li>Mod\u00e8les avec ou sans manches<\/li>\n\n\n\n<li>Au choix avec un n\u0153ud, des fleurs ou un ruban<\/li>\n\n\n\n<li>Robes avec ou sans tra\u00eene<\/li>\n\n\n\n<li>Casquettes, bandeaux pour les cheveux, chaussures et chaussettes comme accessoires assortis<\/li>\n<\/ul>\n\n\n\n<p>Vous souhaitez une robe de demoiselle d&#8217;honneur enti\u00e8rement personnalis\u00e9e ? Nos coupeurs r\u00e9fl\u00e9chiront avec vous et cr\u00e9eront avec soin un mod\u00e8le qui correspondra parfaitement \u00e0 vos souhaits, au th\u00e8me et \u00e0 la journ\u00e9e. <\/p>\n\n\n\n<p>Un seul regard \u00e0 votre demoiselle d&#8217;honneur et les larmes sont d\u00e9j\u00e0 au rendez-vous. Ce sont des moments que vous n&#8217;oublierez jamais. <\/p>\n\n\n\r\n<div class=\"eye-element bsbutton text-start \" >\r\n\t        <a class=\"btn btn-gold\" href=\"https:\/\/www.koonings.com\/fr\/prendre-un-rendez-vous\/\"\r\n           target=\"\">Prenez rendez-vous<\/a>\r\n\t<\/div><\/div><\/div>\n<\/div><\/div>\n\n<\/div>\r\n            <\/div>\r\n        <\/div>\r\n    <\/div>\r\n\r\n<\/div>\r\n\r\n    \r\n\r\n<div class=\"eye-element fullwidth-row alignfull style-both bg--none  alignfull \" style=\" \">\r\n\r\n    <div class=\"container\">\r\n        <div class=\"row\">\r\n            <div class=\"col-12\">\r\n                <div class=\"acf-innerblocks-container\">\n\n<div class=\"ghostkit-grid ghostkit-grid-gap-lg ghostkit-grid-align-items-center\"><div class=\"ghostkit-grid-inner\">\n<div class=\"ghostkit-col ghostkit-col-md-12 ghostkit-col-6\"><div class=\"ghostkit-col-content is-layout-flow wp-block-ghostkit-grid-column-is-layout-flow\">\n<h1 class=\"wp-block-heading\" id=\"doopkleding-bij-koonings\">Robes de mari\u00e9e<\/h1>\n\n\n\n<p>Les gar\u00e7ons m\u00e9ritent eux aussi une tenue qui leur donne l&#8217;impression d&#8217;\u00eatre sp\u00e9ciaux. Notre collection pour les gar\u00e7ons d&#8217;honneur se compose de costumes et de combinaisons festives qui sont \u00e0 la hauteur de leur r\u00f4le. Pensez \u00e0 des bas en lin avec des bretelles, des gilets dans le tissu du mari\u00e9 ou un mini blazer de la m\u00eame couleur que son costume.  <\/p>\n\n\n\n<p>Chez Koonings, vous avez le choix :<\/p>\n\n\n\n<ul class=\"wp-block-list\">\n<li>Costumes classiques ou modernes pour gar\u00e7ons<\/li>\n\n\n\n<li>Gilet ou veste dans le m\u00eame tissu que celui du mari\u00e9<\/li>\n\n\n\n<li>N\u0153uds papillons ou cravates assortis<\/li>\n\n\n\n<li>Des tissus confortables pour jouer et se faire photographier<\/li>\n<\/ul>\n\n\n\n<p>Et bien s\u00fbr, vous pouvez \u00e9galement faire confectionner une tenue sur mesure pour le gar\u00e7on d&#8217;honneur, avec des d\u00e9tails personnalis\u00e9s qui rendront cette journ\u00e9e encore plus sp\u00e9ciale.<\/p>\n\n\n\n<p>Un petit gentleman \u00e0 l&#8217;allure imposante &#8211; pr\u00eat \u00e0 s&#8217;acquitter de sa t\u00e2che \u00e0 vos c\u00f4t\u00e9s ou aux c\u00f4t\u00e9s de votre partenaire.<\/p>\n\n\n\r\n<div class=\"eye-element bsbutton text-start \" >\r\n\t        <a class=\"btn btn-gold\" href=\"https:\/\/www.koonings.com\/fr\/prendre-un-rendez-vous\/\"\r\n           target=\"\">Prenez rendez-vous<\/a>\r\n\t<\/div><\/div><\/div>\n\n\n\n<div class=\"ghostkit-col ghostkit-col-md-12 ghostkit-col-6\"><div class=\"ghostkit-col-content is-layout-flow wp-block-ghostkit-grid-column-is-layout-flow\">\r\n<div class=\"eye-element images style-default variant-1 multi-image\">\r\n\r\n\t        <div class=\"composition\">\r\n\t\t\t                <div class=\"image-0\">\r\n                    <img decoding=\"async\" class=\"img-fluid\" src=\"https:\/\/www.koonings.com\/wp-content\/uploads\/2025\/06\/2204-79-225x300.jpeg\" srcset=\"https:\/\/www.koonings.com\/wp-content\/uploads\/2025\/06\/2204-79-225x300.jpeg 225w, https:\/\/www.koonings.com\/wp-content\/uploads\/2025\/06\/2204-79-768x1024.jpeg 768w, https:\/\/www.koonings.com\/wp-content\/uploads\/2025\/06\/2204-79-1152x1536.jpeg 1152w, https:\/\/www.koonings.com\/wp-content\/uploads\/2025\/06\/2204-79-1536x2048.jpeg 1536w, https:\/\/www.koonings.com\/wp-content\/uploads\/2025\/06\/2204-79-scaled.jpeg 1920w\" alt=\"\">\r\n                <\/div>\r\n\t\t\t\r\n            <div class=\"swiper images-swiper\">\r\n\r\n\t\t\t\t\r\n                <div class=\"swiper-wrapper\">\r\n\t\t\t\t\t                        <li class=\"swiper-slide\">\r\n                            <img decoding=\"async\" class=\" img-fluid\" src=\"https:\/\/www.koonings.com\/wp-content\/uploads\/2025\/06\/2204-64-768x1024.jpeg\" srcset=\"https:\/\/www.koonings.com\/wp-content\/uploads\/2025\/06\/2204-64-scaled-e1748955558624.jpeg\" alt=\"\">\r\n                        <\/li>\r\n\t\t\t\t\t                <\/div>\r\n\r\n                <div class=\"swiper-pagination\"><\/div>\r\n\r\n                <div class=\"swiper-button-prev\"><\/div>\r\n                <div class=\"swiper-button-next\"><\/div>\r\n\r\n            <\/div>\r\n\r\n        <\/div>\r\n\t\r\n\t<\/div><\/div><\/div>\n<\/div><\/div>\n\n\n\r\n\r\n<div class=\"eye-element fullwidth-row alignfull style-both bg--none  alignfull \" style=\" \">\r\n\r\n    <div class=\"container\">\r\n        <div class=\"row\">\r\n            <div class=\"col-12\">\r\n                <div class=\"acf-innerblocks-container\">\n\n<h2 class=\"wp-block-heading has-text-align-center\" id=\"alles-afgestemd-alles-verzorgd\">Tout est r\u00e9gl\u00e9. Tout a \u00e9t\u00e9 pris en charge. <\/h2>\n\n\n\n<p class=\"has-text-align-center\">L&#8217;ensemble de vos tenues forme une image globale. Chez Koonings, nous pensons \u00e0 l&#8217;ensemble du stylisme : de votre robe de mari\u00e9e \u00e0 son costume, en passant par les tenues des enfants. Nous veillons \u00e0 ce que l&#8217;ensemble soit \u00e9quilibr\u00e9, tant sur le plan visuel qu&#8217;\u00e9motionnel. Car le moment o\u00f9 un enfant entre dans la salle de mariage dans une robe ou un costume assorti au v\u00f4tre ? C&#8217;est \u00e9mouvant.    <\/p>\n\n\n\n<p class=\"has-text-align-center\">Cerise sur le g\u00e2teau : nos d\u00e9coupeurs peuvent tout r\u00e9aliser. Vous voulez des tissus assortis, la m\u00eame dentelle, un ruban de votre voile ou un d\u00e9tail de sa veste incorpor\u00e9 dans les tenues des enfants ? Vous pouvez le faire.  <\/p>\n\n\n\r\n<div class=\"eye-block empty-space empty-space--small pt-md-3 pb-md-3 pt-2 pb-2\" ><\/div>\n\n\n<h2 class=\"wp-block-heading has-text-align-center\" id=\"kom-inspiratie-opdoen\">Venez vous inspirer<\/h2>\n\n\n\n<p class=\"has-text-align-center\">Vous souhaitez voir notre collection ou discuter d&#8217;un projet sur mesure ? Prenez rendez-vous. Nous prenons le temps d&#8217;\u00e9couter vos souhaits et sommes heureux de r\u00e9fl\u00e9chir avec vous \u00e0 la mani\u00e8re dont vos petits assistants de mariage peuvent faire une impression inoubliable.  <\/p>\n\n\n\n<p class=\"has-text-align-center\">Votre moment devient encore plus beau lorsque vous le partagez avec une demoiselle d&#8217;honneur ou un gar\u00e7on d&#8217;honneur \u00e0 vos c\u00f4t\u00e9s.<\/p>\n\n\n\r\n<div class=\"eye-element bsbutton text-center \" >\r\n\t        <a class=\"btn btn-gold\" href=\"https:\/\/www.koonings.com\/fr\/prendre-un-rendez-vous\/\"\r\n           target=\"\">Prenez rendez-vous<\/a>\r\n\t<\/div>\n<\/div>\r\n            <\/div>\r\n        <\/div>\r\n    <\/div>\r\n\r\n<\/div>\r\n\r\n    \n<\/div>\r\n            <\/div>\r\n        <\/div>\r\n    <\/div>\r\n\r\n<\/div>\r\n\r\n    ","protected":false},"excerpt":{"rendered":"","protected":false},"author":2,"featured_media":0,"parent":16658,"menu_order":0,"comment_status":"closed","ping_status":"closed","template":"","meta":{"_acf_changed":false,"ghostkit_customizer_options":"","ghostkit_custom_css":"","ghostkit_custom_js_head":"","ghostkit_custom_js_foot":"","ghostkit_typography":"","footnotes":""},"class_list":["post-86410","page","type-page","status-publish","hentry"],"acf":[],"yoast_head":"<!-- This site is optimized with the Yoast SEO plugin v27.3 - https:\/\/yoast.com\/product\/yoast-seo-wordpress\/ -->\n<title>Bridesmaid &amp; Bridesmaid Dress | Koonings<\/title>\n<meta name=\"description\" content=\"Chez Koonings, vous trouverez une belle collection de v\u00eatements pour les demoiselles d&#039;honneur et les gar\u00e7ons d&#039;honneur. Des robes, des costumes et des accessoires dans toutes sortes de styles.\" \/>\n<meta name=\"robots\" content=\"index, follow, max-snippet:-1, max-image-preview:large, max-video-preview:-1\" \/>\n<link rel=\"canonical\" href=\"https:\/\/www.koonings.com\/fr\/collection-de-mariages\/enfants\/le-bapteme-2\/\" \/>\n<meta property=\"og:locale\" content=\"fr_FR\" \/>\n<meta property=\"og:type\" content=\"article\" \/>\n<meta property=\"og:title\" content=\"Bridesmaid &amp; Bridesmaid Dress | Koonings\" \/>\n<meta property=\"og:description\" content=\"Chez Koonings, vous trouverez une belle collection de v\u00eatements pour les demoiselles d&#039;honneur et les gar\u00e7ons d&#039;honneur. Des robes, des costumes et des accessoires dans toutes sortes de styles.\" \/>\n<meta property=\"og:url\" content=\"https:\/\/www.koonings.com\/fr\/collection-de-mariages\/enfants\/le-bapteme-2\/\" \/>\n<meta property=\"og:site_name\" content=\"Koonings\" \/>\n<meta property=\"article:publisher\" content=\"https:\/\/www.facebook.com\/kooningstheweddingpalace\" \/>\n<meta property=\"article:modified_time\" content=\"2025-06-17T08:06:18+00:00\" \/>\n<meta property=\"og:image\" content=\"https:\/\/www.koonings.com\/wp-content\/uploads\/2024\/06\/palace-hero-screenshot-1024x575.png\" \/>\n\t<meta property=\"og:image:width\" content=\"1024\" \/>\n\t<meta property=\"og:image:height\" content=\"575\" \/>\n\t<meta property=\"og:image:type\" content=\"image\/png\" \/>\n<meta name=\"twitter:card\" content=\"summary_large_image\" \/>\n<meta name=\"twitter:label1\" content=\"Dur\u00e9e de lecture estim\u00e9e\" \/>\n\t<meta name=\"twitter:data1\" content=\"3 minutes\" \/>\n<script type=\"application\/ld+json\" class=\"yoast-schema-graph\">{\"@context\":\"https:\\\/\\\/schema.org\",\"@graph\":[{\"@type\":\"WebPage\",\"@id\":\"https:\\\/\\\/www.koonings.com\\\/fr\\\/collection-de-mariages\\\/enfants\\\/le-bapteme-2\\\/\",\"url\":\"https:\\\/\\\/www.koonings.com\\\/fr\\\/collection-de-mariages\\\/enfants\\\/le-bapteme-2\\\/\",\"name\":\"Bridesmaid & Bridesmaid Dress | Koonings\",\"isPartOf\":{\"@id\":\"https:\\\/\\\/www.koonings.com\\\/fr\\\/#website\"},\"datePublished\":\"2025-06-06T14:19:05+00:00\",\"dateModified\":\"2025-06-17T08:06:18+00:00\",\"description\":\"Chez Koonings, vous trouverez une belle collection de v\u00eatements pour les demoiselles d'honneur et les gar\u00e7ons d'honneur. Des robes, des costumes et des accessoires dans toutes sortes de styles.\",\"breadcrumb\":{\"@id\":\"https:\\\/\\\/www.koonings.com\\\/fr\\\/collection-de-mariages\\\/enfants\\\/le-bapteme-2\\\/#breadcrumb\"},\"inLanguage\":\"fr-FR\",\"potentialAction\":[{\"@type\":\"ReadAction\",\"target\":[\"https:\\\/\\\/www.koonings.com\\\/fr\\\/collection-de-mariages\\\/enfants\\\/le-bapteme-2\\\/\"]}]},{\"@type\":\"BreadcrumbList\",\"@id\":\"https:\\\/\\\/www.koonings.com\\\/fr\\\/collection-de-mariages\\\/enfants\\\/le-bapteme-2\\\/#breadcrumb\",\"itemListElement\":[{\"@type\":\"ListItem\",\"position\":1,\"name\":\"Home\",\"item\":\"https:\\\/\\\/www.koonings.com\\\/fr\\\/\"},{\"@type\":\"ListItem\",\"position\":2,\"name\":\"Collection de mariages\",\"item\":\"https:\\\/\\\/www.koonings.com\\\/fr\\\/collection-de-mariages\\\/\"},{\"@type\":\"ListItem\",\"position\":3,\"name\":\"Enfants\",\"item\":\"https:\\\/\\\/www.koonings.com\\\/fr\\\/collection-de-mariages\\\/enfants\\\/\"},{\"@type\":\"ListItem\",\"position\":4,\"name\":\"demoiselles d&rsquo;honneur et gar\u00e7ons d&rsquo;honneur\"}]},{\"@type\":\"WebSite\",\"@id\":\"https:\\\/\\\/www.koonings.com\\\/fr\\\/#website\",\"url\":\"https:\\\/\\\/www.koonings.com\\\/fr\\\/\",\"name\":\"Koonings\",\"description\":\"De grootste bruidsmodewinkel ter wereld\",\"publisher\":{\"@id\":\"https:\\\/\\\/www.koonings.com\\\/fr\\\/#organization\"},\"potentialAction\":[{\"@type\":\"SearchAction\",\"target\":{\"@type\":\"EntryPoint\",\"urlTemplate\":\"https:\\\/\\\/www.koonings.com\\\/fr\\\/?s={search_term_string}\"},\"query-input\":{\"@type\":\"PropertyValueSpecification\",\"valueRequired\":true,\"valueName\":\"search_term_string\"}}],\"inLanguage\":\"fr-FR\"},{\"@type\":\"Organization\",\"@id\":\"https:\\\/\\\/www.koonings.com\\\/fr\\\/#organization\",\"name\":\"Koonings\",\"url\":\"https:\\\/\\\/www.koonings.com\\\/fr\\\/\",\"logo\":{\"@type\":\"ImageObject\",\"inLanguage\":\"fr-FR\",\"@id\":\"https:\\\/\\\/www.koonings.com\\\/fr\\\/#\\\/schema\\\/logo\\\/image\\\/\",\"url\":\"https:\\\/\\\/www.koonings.com\\\/wp-content\\\/uploads\\\/2024\\\/07\\\/logo.png\",\"contentUrl\":\"https:\\\/\\\/www.koonings.com\\\/wp-content\\\/uploads\\\/2024\\\/07\\\/logo.png\",\"width\":600,\"height\":428,\"caption\":\"Koonings\"},\"image\":{\"@id\":\"https:\\\/\\\/www.koonings.com\\\/fr\\\/#\\\/schema\\\/logo\\\/image\\\/\"},\"sameAs\":[\"https:\\\/\\\/www.facebook.com\\\/kooningstheweddingpalace\",\"https:\\\/\\\/www.instagram.com\\\/kooningstheweddingpalace\",\"https:\\\/\\\/www.pinterest.com\\\/koonings\",\"https:\\\/\\\/www.youtube.com\\\/kooningstheweddingpalace\"]}]}<\/script>\n<!-- \/ Yoast SEO plugin. -->","yoast_head_json":{"title":"Bridesmaid & Bridesmaid Dress | Koonings","description":"Chez Koonings, vous trouverez une belle collection de v\u00eatements pour les demoiselles d'honneur et les gar\u00e7ons d'honneur. Des robes, des costumes et des accessoires dans toutes sortes de styles.","robots":{"index":"index","follow":"follow","max-snippet":"max-snippet:-1","max-image-preview":"max-image-preview:large","max-video-preview":"max-video-preview:-1"},"canonical":"https:\/\/www.koonings.com\/fr\/collection-de-mariages\/enfants\/le-bapteme-2\/","og_locale":"fr_FR","og_type":"article","og_title":"Bridesmaid & Bridesmaid Dress | Koonings","og_description":"Chez Koonings, vous trouverez une belle collection de v\u00eatements pour les demoiselles d'honneur et les gar\u00e7ons d'honneur. Des robes, des costumes et des accessoires dans toutes sortes de styles.","og_url":"https:\/\/www.koonings.com\/fr\/collection-de-mariages\/enfants\/le-bapteme-2\/","og_site_name":"Koonings","article_publisher":"https:\/\/www.facebook.com\/kooningstheweddingpalace","article_modified_time":"2025-06-17T08:06:18+00:00","og_image":[{"width":1024,"height":575,"url":"https:\/\/www.koonings.com\/wp-content\/uploads\/2024\/06\/palace-hero-screenshot-1024x575.png","type":"image\/png"}],"twitter_card":"summary_large_image","twitter_misc":{"Dur\u00e9e de lecture estim\u00e9e":"3 minutes"},"schema":{"@context":"https:\/\/schema.org","@graph":[{"@type":"WebPage","@id":"https:\/\/www.koonings.com\/fr\/collection-de-mariages\/enfants\/le-bapteme-2\/","url":"https:\/\/www.koonings.com\/fr\/collection-de-mariages\/enfants\/le-bapteme-2\/","name":"Bridesmaid & Bridesmaid Dress | Koonings","isPartOf":{"@id":"https:\/\/www.koonings.com\/fr\/#website"},"datePublished":"2025-06-06T14:19:05+00:00","dateModified":"2025-06-17T08:06:18+00:00","description":"Chez Koonings, vous trouverez une belle collection de v\u00eatements pour les demoiselles d'honneur et les gar\u00e7ons d'honneur. Des robes, des costumes et des accessoires dans toutes sortes de styles.","breadcrumb":{"@id":"https:\/\/www.koonings.com\/fr\/collection-de-mariages\/enfants\/le-bapteme-2\/#breadcrumb"},"inLanguage":"fr-FR","potentialAction":[{"@type":"ReadAction","target":["https:\/\/www.koonings.com\/fr\/collection-de-mariages\/enfants\/le-bapteme-2\/"]}]},{"@type":"BreadcrumbList","@id":"https:\/\/www.koonings.com\/fr\/collection-de-mariages\/enfants\/le-bapteme-2\/#breadcrumb","itemListElement":[{"@type":"ListItem","position":1,"name":"Home","item":"https:\/\/www.koonings.com\/fr\/"},{"@type":"ListItem","position":2,"name":"Collection de mariages","item":"https:\/\/www.koonings.com\/fr\/collection-de-mariages\/"},{"@type":"ListItem","position":3,"name":"Enfants","item":"https:\/\/www.koonings.com\/fr\/collection-de-mariages\/enfants\/"},{"@type":"ListItem","position":4,"name":"demoiselles d&rsquo;honneur et gar\u00e7ons d&rsquo;honneur"}]},{"@type":"WebSite","@id":"https:\/\/www.koonings.com\/fr\/#website","url":"https:\/\/www.koonings.com\/fr\/","name":"Koonings","description":"De grootste bruidsmodewinkel ter wereld","publisher":{"@id":"https:\/\/www.koonings.com\/fr\/#organization"},"potentialAction":[{"@type":"SearchAction","target":{"@type":"EntryPoint","urlTemplate":"https:\/\/www.koonings.com\/fr\/?s={search_term_string}"},"query-input":{"@type":"PropertyValueSpecification","valueRequired":true,"valueName":"search_term_string"}}],"inLanguage":"fr-FR"},{"@type":"Organization","@id":"https:\/\/www.koonings.com\/fr\/#organization","name":"Koonings","url":"https:\/\/www.koonings.com\/fr\/","logo":{"@type":"ImageObject","inLanguage":"fr-FR","@id":"https:\/\/www.koonings.com\/fr\/#\/schema\/logo\/image\/","url":"https:\/\/www.koonings.com\/wp-content\/uploads\/2024\/07\/logo.png","contentUrl":"https:\/\/www.koonings.com\/wp-content\/uploads\/2024\/07\/logo.png","width":600,"height":428,"caption":"Koonings"},"image":{"@id":"https:\/\/www.koonings.com\/fr\/#\/schema\/logo\/image\/"},"sameAs":["https:\/\/www.facebook.com\/kooningstheweddingpalace","https:\/\/www.instagram.com\/kooningstheweddingpalace","https:\/\/www.pinterest.com\/koonings","https:\/\/www.youtube.com\/kooningstheweddingpalace"]}]}},"_links":{"self":[{"href":"https:\/\/www.koonings.com\/fr\/wp-json\/wp\/v2\/pages\/86410","targetHints":{"allow":["GET"]}}],"collection":[{"href":"https:\/\/www.koonings.com\/fr\/wp-json\/wp\/v2\/pages"}],"about":[{"href":"https:\/\/www.koonings.com\/fr\/wp-json\/wp\/v2\/types\/page"}],"author":[{"embeddable":true,"href":"https:\/\/www.koonings.com\/fr\/wp-json\/wp\/v2\/users\/2"}],"replies":[{"embeddable":true,"href":"https:\/\/www.koonings.com\/fr\/wp-json\/wp\/v2\/comments?post=86410"}],"version-history":[{"count":3,"href":"https:\/\/www.koonings.com\/fr\/wp-json\/wp\/v2\/pages\/86410\/revisions"}],"predecessor-version":[{"id":86764,"href":"https:\/\/www.koonings.com\/fr\/wp-json\/wp\/v2\/pages\/86410\/revisions\/86764"}],"up":[{"embeddable":true,"href":"https:\/\/www.koonings.com\/fr\/wp-json\/wp\/v2\/pages\/16658"}],"wp:attachment":[{"href":"https:\/\/www.koonings.com\/fr\/wp-json\/wp\/v2\/media?parent=86410"}],"curies":[{"name":"wp","href":"https:\/\/api.w.org\/{rel}","templated":true}]}}