{"id":86321,"date":"2025-05-30T10:50:41","date_gmt":"2025-05-30T08:50:41","guid":{"rendered":"https:\/\/www.koonings.com\/?page_id=86321"},"modified":"2025-09-29T12:25:38","modified_gmt":"2025-09-29T10:25:38","slug":"mode-feminine-2","status":"publish","type":"page","link":"https:\/\/www.koonings.com\/fr\/collection-de-mariages\/invites-et-gala\/mode-feminine-2\/","title":{"rendered":"V\u00eatements de la m\u00e8re de la mari\u00e9e"},"content":{"rendered":"\r\n\r\n<div class=\"eye-element fullwidth-row alignfull style-both bg--none  alignfull \" style=\" \">\r\n\r\n    <div class=\"container\">\r\n        <div class=\"row\">\r\n            <div class=\"col-12\">\r\n                <div class=\"acf-innerblocks-container\">\n\n<h1 class=\"wp-block-heading\" id=\"moeder-van-de-bruid-kleding\">V\u00eatements de la m\u00e8re de la mari\u00e9e<\/h1>\n\n<\/div>\r\n            <\/div>\r\n        <\/div>\r\n    <\/div>\r\n\r\n<\/div>\r\n\r\n    \r\n\r\n<div class=\"eye-element fullwidth-row alignfull style-both bg--none  alignfull \" style=\" \">\r\n\r\n    <div class=\"container\">\r\n        <div class=\"row\">\r\n            <div class=\"col-12\">\r\n                <div class=\"acf-innerblocks-container\">\n\n<p class=\"has-text-align-center\">Vous y trouverez bient\u00f4t les v\u00eatements de la m\u00e8re de la mari\u00e9e de Koonings.<\/p>\n\n\n\r\n<div class=\"eye-block empty-space empty-space--large pt-md-5 pb-md-5 pt-4 pb-4\" ><\/div>\n\n\n<h2 class=\"wp-block-heading\" id=\"vind-de-trouwjurk-van-jouw-dromen-bij-koonings\">V\u00eatements pour la m\u00e8re de la mari\u00e9e chez Koonings<\/h2>\n\n\n\n<p>En tant que m\u00e8re de la mari\u00e9e, vous vivez le mariage de votre fille avec beaucoup de fiert\u00e9, d&#8217;amour et d&#8217;\u00e9motion. C&#8217;est un jour o\u00f9 vous n&#8217;\u00eates pas oblig\u00e9e d&#8217;\u00eatre au premier plan, mais o\u00f9 vous pouvez briller. Et pour cela, les bons <strong>v\u00eatements de m\u00e8re de la mari\u00e9e<\/strong> sont indispensables.  <\/p>\n\n\n\n<h2 class=\"wp-block-heading\" id=\"een-bijzondere-dag-verdient-een-bijzondere-look\">Un jour sp\u00e9cial m\u00e9rite un look sp\u00e9cial<\/h2>\n\n\n\n<p>En tant que m\u00e8re de la mari\u00e9e, vous m\u00e9ritez \u00e9galement un look sp\u00e9cial. Chez Koonings, nous comprenons que vous recherchiez une tenue \u00e9l\u00e9gante, confortable et adapt\u00e9e \u00e0 l&#8217;ambiance de la journ\u00e9e. Notre collection est sp\u00e9cialement con\u00e7ue pour les femmes qui veulent \u00eatre pr\u00e9sentes avec style, sans exc\u00e8s &#8211; mais avec classe et caract\u00e8re.  <\/p>\n\n\n\n<h2 class=\"wp-block-heading\" id=\"jouw-rol-is-bijzonder-jouw-outfit-ook\">Votre r\u00f4le est particulier, votre tenue aussi<\/h2>\n\n\n\n<p>Chaque mariage est unique et chaque m\u00e8re a son propre style. C&#8217;est pourquoi chez Koonings, vous trouverez des v\u00eatements pour la m\u00e8re de la mari\u00e9e dans toutes sortes de styles, de coupes et de couleurs. Leur point commun ? Ils vous donnent la confiance n\u00e9cessaire pour briller lors d&#8217;un jour qui est au moins aussi \u00e9mouvant et festif pour vous que pour la mari\u00e9e elle-m\u00eame.   <\/p>\n\n\n\n<h3 class=\"wp-block-heading\" id=\"kleuren-materialen-die-jou-laten-stralen\">Des couleurs et des mat\u00e9riaux qui vous font briller<\/h3>\n\n\n\n<p>Les v\u00eatements de la m\u00e8re de la mari\u00e9e sont souvent synonymes de luxe subtil. Des v\u00eatements qui ne se contentent pas d&#8217;\u00eatre jolis, mais qui sont agr\u00e9ables \u00e0 porter, qui bougent avec vous et qui s&#8217;adaptent au moment. La couleur joue un r\u00f4le important \u00e0 cet \u00e9gard. Les teintes les plus couramment choisies sont les suivantes :   <\/p>\n\n\n\n<p><strong>Rouge vin ou p\u00e9trole<\/strong> &#8211; pour un look puissant et chaleureux<\/p>\n\n\n\n<p><strong>Bleu tendre ou menthe<\/strong> &#8211; frais et accessible<\/p>\n\n\n\n<p><strong>Champagne ou blush<\/strong> &#8211; \u00e9l\u00e9gant sans se faire remarquer<\/p>\n\n\n\n<p><strong>Bleu fonc\u00e9 ou taupe<\/strong> &#8211; \u00e9l\u00e9gant et flatteur<\/p>\n\n\n\n<p><strong>Gris argent\u00e9 ou vert pastel<\/strong> &#8211; moderne et doux<\/p>\n\n\n\n<h2 class=\"wp-block-heading\" id=\"persoonlijke-aandacht-omdat-je-dat-verdient\">Une attention personnelle, parce que vous le m\u00e9ritez<\/h2>\n\n\n\n<p>Trouver la tenue id\u00e9ale pour la m\u00e8re de la mari\u00e9e, c&#8217;est bien plus que faire du shopping. C&#8217;est un moment pour prendre soin de vous alors que vous vous pr\u00e9parez \u00e0 une journ\u00e9e qui sera enti\u00e8rement consacr\u00e9e \u00e0 votre fille. C&#8217;est pourquoi nos stylistes prennent du temps pour vous. Nous \u00e9coutons vos souhaits, nous pensons au cadre et nous faisons en sorte que vous vous sentiez consid\u00e9r\u00e9e. Nous tenons compte de la mari\u00e9e, des couleurs, du cadre et de votre confort. Parce qu&#8217;en ce jour plein d&#8217;\u00e9motion, vous voulez pouvoir vous amuser sans vous soucier de votre tenue.     <\/p>\n\n\n\n<h2 class=\"wp-block-heading\" id=\"schoenen-accessoires-de-finishing-touch\">Chaussures et accessoires : la touche finale<\/h2>\n\n\n\n<p>Un escarpin \u00e9l\u00e9gant, une pochette ou un bijou subtil compl\u00e8teront votre look. Dans notre collection, vous trouverez des accessoires qui s&#8217;accordent parfaitement avec les tenues de la m\u00e8re de la mari\u00e9e, qu&#8217;elles soient discr\u00e8tes ou sophistiqu\u00e9es. <\/p>\n\n\n\n<h2 class=\"wp-block-heading\" id=\"maak-je-klaar-voor-een-dag-vol-trots\">Pr\u00e9parez-vous \u00e0 une journ\u00e9e pleine de fiert\u00e9<\/h2>\n\n\n\n<p>Laissez-vous guider par notre \u00e9quipe et d\u00e9couvrez combien il est agr\u00e9able d&#8217;essayer des v\u00eatements dans un environnement o\u00f9 l&#8217;attention et le style sont r\u00e9unis. Ce jour-l\u00e0, vous jouez un r\u00f4le particulier. Chez Koonings, nous veillons \u00e0 ce que vous rayonniez. <\/p>\n\n\n\n<p><strong>Votre fille brille en tant que mari\u00e9e. Vous brillez en tant que m\u00e8re. <\/strong><\/p>\n\n\n\r\n<div class=\"eye-element bsbutton text-start \" >\r\n\t        <a class=\"btn btn-gold\" href=\"https:\/\/www.koonings.com\/fr\/prendre-un-rendez-vous\/\"\r\n           target=\"\">Prenez rendez-vous<\/a>\r\n\t<\/div>\n<\/div>\r\n            <\/div>\r\n        <\/div>\r\n    <\/div>\r\n\r\n<\/div>\r\n\r\n    ","protected":false},"excerpt":{"rendered":"","protected":false},"author":2,"featured_media":0,"parent":16648,"menu_order":0,"comment_status":"closed","ping_status":"closed","template":"","meta":{"_acf_changed":false,"ghostkit_customizer_options":"","ghostkit_custom_css":"","ghostkit_custom_js_head":"","ghostkit_custom_js_foot":"","ghostkit_typography":"","footnotes":""},"class_list":["post-86321","page","type-page","status-publish","hentry"],"acf":[],"yoast_head":"<!-- This site is optimized with the Yoast SEO plugin v27.3 - https:\/\/yoast.com\/product\/yoast-seo-wordpress\/ -->\n<title>V\u00eatements de la m\u00e8re de la mari\u00e9e | Koonings%.<\/title>\n<meta name=\"description\" content=\"En tant que m\u00e8re de la mari\u00e9e, vous vivez le mariage de votre fille avec fiert\u00e9 et amour. Pour cela, il est indispensable de porter les bons v\u00eatements de m\u00e8re de famille.\" \/>\n<meta name=\"robots\" content=\"index, follow, max-snippet:-1, max-image-preview:large, max-video-preview:-1\" \/>\n<link rel=\"canonical\" href=\"https:\/\/www.koonings.com\/fr\/collection-de-mariages\/invites-et-gala\/mode-feminine-2\/\" \/>\n<meta property=\"og:locale\" content=\"fr_FR\" \/>\n<meta property=\"og:type\" content=\"article\" \/>\n<meta property=\"og:title\" content=\"V\u00eatements de la m\u00e8re de la mari\u00e9e | Koonings%.\" \/>\n<meta property=\"og:description\" content=\"En tant que m\u00e8re de la mari\u00e9e, vous vivez le mariage de votre fille avec fiert\u00e9 et amour. Pour cela, il est indispensable de porter les bons v\u00eatements de m\u00e8re de famille.\" \/>\n<meta property=\"og:url\" content=\"https:\/\/www.koonings.com\/fr\/collection-de-mariages\/invites-et-gala\/mode-feminine-2\/\" \/>\n<meta property=\"og:site_name\" content=\"Koonings\" \/>\n<meta property=\"article:publisher\" content=\"https:\/\/www.facebook.com\/kooningstheweddingpalace\" \/>\n<meta property=\"article:modified_time\" content=\"2025-09-29T10:25:38+00:00\" \/>\n<meta property=\"og:image\" content=\"https:\/\/www.koonings.com\/wp-content\/uploads\/2024\/06\/palace-hero-screenshot-1024x575.png\" \/>\n\t<meta property=\"og:image:width\" content=\"1024\" \/>\n\t<meta property=\"og:image:height\" content=\"575\" \/>\n\t<meta property=\"og:image:type\" content=\"image\/png\" \/>\n<meta name=\"twitter:card\" content=\"summary_large_image\" \/>\n<meta name=\"twitter:label1\" content=\"Dur\u00e9e de lecture estim\u00e9e\" \/>\n\t<meta name=\"twitter:data1\" content=\"3 minutes\" \/>\n<script type=\"application\/ld+json\" class=\"yoast-schema-graph\">{\"@context\":\"https:\\\/\\\/schema.org\",\"@graph\":[{\"@type\":\"WebPage\",\"@id\":\"https:\\\/\\\/www.koonings.com\\\/fr\\\/collection-de-mariages\\\/invites-et-gala\\\/mode-feminine-2\\\/\",\"url\":\"https:\\\/\\\/www.koonings.com\\\/fr\\\/collection-de-mariages\\\/invites-et-gala\\\/mode-feminine-2\\\/\",\"name\":\"V\u00eatements de la m\u00e8re de la mari\u00e9e | Koonings%.\",\"isPartOf\":{\"@id\":\"https:\\\/\\\/www.koonings.com\\\/fr\\\/#website\"},\"datePublished\":\"2025-05-30T08:50:41+00:00\",\"dateModified\":\"2025-09-29T10:25:38+00:00\",\"description\":\"En tant que m\u00e8re de la mari\u00e9e, vous vivez le mariage de votre fille avec fiert\u00e9 et amour. Pour cela, il est indispensable de porter les bons v\u00eatements de m\u00e8re de famille.\",\"breadcrumb\":{\"@id\":\"https:\\\/\\\/www.koonings.com\\\/fr\\\/collection-de-mariages\\\/invites-et-gala\\\/mode-feminine-2\\\/#breadcrumb\"},\"inLanguage\":\"fr-FR\",\"potentialAction\":[{\"@type\":\"ReadAction\",\"target\":[\"https:\\\/\\\/www.koonings.com\\\/fr\\\/collection-de-mariages\\\/invites-et-gala\\\/mode-feminine-2\\\/\"]}]},{\"@type\":\"BreadcrumbList\",\"@id\":\"https:\\\/\\\/www.koonings.com\\\/fr\\\/collection-de-mariages\\\/invites-et-gala\\\/mode-feminine-2\\\/#breadcrumb\",\"itemListElement\":[{\"@type\":\"ListItem\",\"position\":1,\"name\":\"Home\",\"item\":\"https:\\\/\\\/www.koonings.com\\\/fr\\\/\"},{\"@type\":\"ListItem\",\"position\":2,\"name\":\"Collection de mariages\",\"item\":\"https:\\\/\\\/www.koonings.com\\\/fr\\\/collection-de-mariages\\\/\"},{\"@type\":\"ListItem\",\"position\":3,\"name\":\"Invit\u00e9s et gala\",\"item\":\"https:\\\/\\\/www.koonings.com\\\/fr\\\/collection-de-mariages\\\/invites-et-gala\\\/\"},{\"@type\":\"ListItem\",\"position\":4,\"name\":\"V\u00eatements de la m\u00e8re de la mari\u00e9e\"}]},{\"@type\":\"WebSite\",\"@id\":\"https:\\\/\\\/www.koonings.com\\\/fr\\\/#website\",\"url\":\"https:\\\/\\\/www.koonings.com\\\/fr\\\/\",\"name\":\"Koonings\",\"description\":\"De grootste bruidsmodewinkel ter wereld\",\"publisher\":{\"@id\":\"https:\\\/\\\/www.koonings.com\\\/fr\\\/#organization\"},\"potentialAction\":[{\"@type\":\"SearchAction\",\"target\":{\"@type\":\"EntryPoint\",\"urlTemplate\":\"https:\\\/\\\/www.koonings.com\\\/fr\\\/?s={search_term_string}\"},\"query-input\":{\"@type\":\"PropertyValueSpecification\",\"valueRequired\":true,\"valueName\":\"search_term_string\"}}],\"inLanguage\":\"fr-FR\"},{\"@type\":\"Organization\",\"@id\":\"https:\\\/\\\/www.koonings.com\\\/fr\\\/#organization\",\"name\":\"Koonings\",\"url\":\"https:\\\/\\\/www.koonings.com\\\/fr\\\/\",\"logo\":{\"@type\":\"ImageObject\",\"inLanguage\":\"fr-FR\",\"@id\":\"https:\\\/\\\/www.koonings.com\\\/fr\\\/#\\\/schema\\\/logo\\\/image\\\/\",\"url\":\"https:\\\/\\\/www.koonings.com\\\/wp-content\\\/uploads\\\/2024\\\/07\\\/logo.png\",\"contentUrl\":\"https:\\\/\\\/www.koonings.com\\\/wp-content\\\/uploads\\\/2024\\\/07\\\/logo.png\",\"width\":600,\"height\":428,\"caption\":\"Koonings\"},\"image\":{\"@id\":\"https:\\\/\\\/www.koonings.com\\\/fr\\\/#\\\/schema\\\/logo\\\/image\\\/\"},\"sameAs\":[\"https:\\\/\\\/www.facebook.com\\\/kooningstheweddingpalace\",\"https:\\\/\\\/www.instagram.com\\\/kooningstheweddingpalace\",\"https:\\\/\\\/www.pinterest.com\\\/koonings\",\"https:\\\/\\\/www.youtube.com\\\/kooningstheweddingpalace\"]}]}<\/script>\n<!-- \/ Yoast SEO plugin. -->","yoast_head_json":{"title":"V\u00eatements de la m\u00e8re de la mari\u00e9e | Koonings%.","description":"En tant que m\u00e8re de la mari\u00e9e, vous vivez le mariage de votre fille avec fiert\u00e9 et amour. Pour cela, il est indispensable de porter les bons v\u00eatements de m\u00e8re de famille.","robots":{"index":"index","follow":"follow","max-snippet":"max-snippet:-1","max-image-preview":"max-image-preview:large","max-video-preview":"max-video-preview:-1"},"canonical":"https:\/\/www.koonings.com\/fr\/collection-de-mariages\/invites-et-gala\/mode-feminine-2\/","og_locale":"fr_FR","og_type":"article","og_title":"V\u00eatements de la m\u00e8re de la mari\u00e9e | Koonings%.","og_description":"En tant que m\u00e8re de la mari\u00e9e, vous vivez le mariage de votre fille avec fiert\u00e9 et amour. Pour cela, il est indispensable de porter les bons v\u00eatements de m\u00e8re de famille.","og_url":"https:\/\/www.koonings.com\/fr\/collection-de-mariages\/invites-et-gala\/mode-feminine-2\/","og_site_name":"Koonings","article_publisher":"https:\/\/www.facebook.com\/kooningstheweddingpalace","article_modified_time":"2025-09-29T10:25:38+00:00","og_image":[{"width":1024,"height":575,"url":"https:\/\/www.koonings.com\/wp-content\/uploads\/2024\/06\/palace-hero-screenshot-1024x575.png","type":"image\/png"}],"twitter_card":"summary_large_image","twitter_misc":{"Dur\u00e9e de lecture estim\u00e9e":"3 minutes"},"schema":{"@context":"https:\/\/schema.org","@graph":[{"@type":"WebPage","@id":"https:\/\/www.koonings.com\/fr\/collection-de-mariages\/invites-et-gala\/mode-feminine-2\/","url":"https:\/\/www.koonings.com\/fr\/collection-de-mariages\/invites-et-gala\/mode-feminine-2\/","name":"V\u00eatements de la m\u00e8re de la mari\u00e9e | Koonings%.","isPartOf":{"@id":"https:\/\/www.koonings.com\/fr\/#website"},"datePublished":"2025-05-30T08:50:41+00:00","dateModified":"2025-09-29T10:25:38+00:00","description":"En tant que m\u00e8re de la mari\u00e9e, vous vivez le mariage de votre fille avec fiert\u00e9 et amour. Pour cela, il est indispensable de porter les bons v\u00eatements de m\u00e8re de famille.","breadcrumb":{"@id":"https:\/\/www.koonings.com\/fr\/collection-de-mariages\/invites-et-gala\/mode-feminine-2\/#breadcrumb"},"inLanguage":"fr-FR","potentialAction":[{"@type":"ReadAction","target":["https:\/\/www.koonings.com\/fr\/collection-de-mariages\/invites-et-gala\/mode-feminine-2\/"]}]},{"@type":"BreadcrumbList","@id":"https:\/\/www.koonings.com\/fr\/collection-de-mariages\/invites-et-gala\/mode-feminine-2\/#breadcrumb","itemListElement":[{"@type":"ListItem","position":1,"name":"Home","item":"https:\/\/www.koonings.com\/fr\/"},{"@type":"ListItem","position":2,"name":"Collection de mariages","item":"https:\/\/www.koonings.com\/fr\/collection-de-mariages\/"},{"@type":"ListItem","position":3,"name":"Invit\u00e9s et gala","item":"https:\/\/www.koonings.com\/fr\/collection-de-mariages\/invites-et-gala\/"},{"@type":"ListItem","position":4,"name":"V\u00eatements de la m\u00e8re de la mari\u00e9e"}]},{"@type":"WebSite","@id":"https:\/\/www.koonings.com\/fr\/#website","url":"https:\/\/www.koonings.com\/fr\/","name":"Koonings","description":"De grootste bruidsmodewinkel ter wereld","publisher":{"@id":"https:\/\/www.koonings.com\/fr\/#organization"},"potentialAction":[{"@type":"SearchAction","target":{"@type":"EntryPoint","urlTemplate":"https:\/\/www.koonings.com\/fr\/?s={search_term_string}"},"query-input":{"@type":"PropertyValueSpecification","valueRequired":true,"valueName":"search_term_string"}}],"inLanguage":"fr-FR"},{"@type":"Organization","@id":"https:\/\/www.koonings.com\/fr\/#organization","name":"Koonings","url":"https:\/\/www.koonings.com\/fr\/","logo":{"@type":"ImageObject","inLanguage":"fr-FR","@id":"https:\/\/www.koonings.com\/fr\/#\/schema\/logo\/image\/","url":"https:\/\/www.koonings.com\/wp-content\/uploads\/2024\/07\/logo.png","contentUrl":"https:\/\/www.koonings.com\/wp-content\/uploads\/2024\/07\/logo.png","width":600,"height":428,"caption":"Koonings"},"image":{"@id":"https:\/\/www.koonings.com\/fr\/#\/schema\/logo\/image\/"},"sameAs":["https:\/\/www.facebook.com\/kooningstheweddingpalace","https:\/\/www.instagram.com\/kooningstheweddingpalace","https:\/\/www.pinterest.com\/koonings","https:\/\/www.youtube.com\/kooningstheweddingpalace"]}]}},"_links":{"self":[{"href":"https:\/\/www.koonings.com\/fr\/wp-json\/wp\/v2\/pages\/86321","targetHints":{"allow":["GET"]}}],"collection":[{"href":"https:\/\/www.koonings.com\/fr\/wp-json\/wp\/v2\/pages"}],"about":[{"href":"https:\/\/www.koonings.com\/fr\/wp-json\/wp\/v2\/types\/page"}],"author":[{"embeddable":true,"href":"https:\/\/www.koonings.com\/fr\/wp-json\/wp\/v2\/users\/2"}],"replies":[{"embeddable":true,"href":"https:\/\/www.koonings.com\/fr\/wp-json\/wp\/v2\/comments?post=86321"}],"version-history":[{"count":3,"href":"https:\/\/www.koonings.com\/fr\/wp-json\/wp\/v2\/pages\/86321\/revisions"}],"predecessor-version":[{"id":98654,"href":"https:\/\/www.koonings.com\/fr\/wp-json\/wp\/v2\/pages\/86321\/revisions\/98654"}],"up":[{"embeddable":true,"href":"https:\/\/www.koonings.com\/fr\/wp-json\/wp\/v2\/pages\/16648"}],"wp:attachment":[{"href":"https:\/\/www.koonings.com\/fr\/wp-json\/wp\/v2\/media?parent=86321"}],"curies":[{"name":"wp","href":"https:\/\/api.w.org\/{rel}","templated":true}]}}