{"id":85262,"date":"2025-04-24T11:06:54","date_gmt":"2025-04-24T09:06:54","guid":{"rendered":"https:\/\/www.koonings.com\/?page_id=85262"},"modified":"2025-09-29T12:09:01","modified_gmt":"2025-09-29T10:09:01","slug":"say-yes-to-the-dress-2","status":"publish","type":"page","link":"https:\/\/www.koonings.com\/fr\/tv-et-presse\/say-yes-to-the-dress-2\/","title":{"rendered":"Les vraies femmes au foyer du Sud"},"content":{"rendered":"\r\n\r\n<div class=\"eye-element fullwidth-row alignfull style-both bg--none  alignfull \" style=\" \">\r\n\r\n    <div class=\"container\">\r\n        <div class=\"row\">\r\n            <div class=\"col-12\">\r\n                <div class=\"acf-innerblocks-container\">\n\n<div class=\"ghostkit-grid ghostkit-grid-gap-md ghostkit-grid-align-items-center ghostkit-grid-justify-content-center\"><div class=\"ghostkit-grid-inner\">\n<div class=\"ghostkit-col ghostkit-col-md-12 ghostkit-col-6\"><div class=\"ghostkit-col-content is-layout-flow wp-block-ghostkit-grid-column-is-layout-flow\">\r\n<div class=\"eye-element images style-default variant-2 single-image\">\r\n\r\n\t        <div class=\"composition\">\r\n\t\t\t\r\n            <div class=\"swiper images-swiper\">\r\n\r\n\t\t\t\t\r\n                <div class=\"swiper-wrapper\">\r\n\t\t\t\t\t                        <li class=\"swiper-slide\">\r\n                            <img decoding=\"async\" class=\" img-fluid\" src=\"https:\/\/www.koonings.com\/wp-content\/uploads\/2025\/02\/Real-Housewives-vh-Zuiden-de-goede-683x1024.jpg\" srcset=\"https:\/\/www.koonings.com\/wp-content\/uploads\/2025\/02\/Real-Housewives-vh-Zuiden-de-goede-scaled.jpg\" alt=\"\">\r\n                        <\/li>\r\n\t\t\t\t\t                <\/div>\r\n\r\n                <div class=\"swiper-pagination\"><\/div>\r\n\r\n                <div class=\"swiper-button-prev\"><\/div>\r\n                <div class=\"swiper-button-next\"><\/div>\r\n\r\n            <\/div>\r\n\r\n        <\/div>\r\n\t\r\n\t<\/div><\/div><\/div>\n\n\n\n<div class=\"ghostkit-col ghostkit-col-md-12 ghostkit-col-6\"><div class=\"ghostkit-col-content is-layout-flow wp-block-ghostkit-grid-column-is-layout-flow\">\n<h1 class=\"wp-block-heading\" id=\"say-yes-to-the-dress\">Ramona Koonings brille dans The Real Housewives of the South<\/h1>\n\n\n\n<p>Dans <em>The Real Housewives of the South<\/em>, vous suivez huit femmes au franc-parler et \u00e0 la r\u00e9ussite incontestable qui marquent de leur empreinte le sud des Pays-Bas. Cette s\u00e9rie de t\u00e9l\u00e9r\u00e9alit\u00e9 est pleine d&#8217;\u00e9v\u00e9nements styl\u00e9s, d&#8217;histoires personnelles et d&#8217;une bonne dose de flair &#8211; et bien s\u00fbr, la dose n\u00e9cessaire de drame ne manque pas non plus. <\/p>\n\n\n\n<p>L&#8217;une des protagonistes n&#8217;est autre que Ramona Koonings : femme de pouvoir, entrepreneuse et \u00e9g\u00e9rie de la plus grande maison de mode nuptiale au monde.<\/p>\n<\/div><\/div>\n<\/div><\/div>\n\n<\/div>\r\n            <\/div>\r\n        <\/div>\r\n    <\/div>\r\n\r\n<\/div>\r\n\r\n    \r\n\r\n<div class=\"eye-element fullwidth-row alignfull style-both bg--lightgray  alignfull \" style=\" \">\r\n\r\n    <div class=\"container\">\r\n        <div class=\"row\">\r\n            <div class=\"col-12\">\r\n                <div class=\"acf-innerblocks-container\">\n\n<h2 class=\"wp-block-heading has-text-align-center\" id=\"ramona-koonings-een-leven-vol-magie-en-ambitie\">Ramona Koonings : une vie de magie et d&#8217;ambition<\/h2>\n\n\n\n<p class=\"has-text-align-center\">En tant que fondatrice et propri\u00e9taire de Koonings Bridal Fashion et de Kasteel Oost \u00e0 Valkenburg, Ramona montre dans cette s\u00e9rie non seulement son impressionnant esprit d&#8217;entreprise, mais aussi comment elle cr\u00e9e chaque jour de la magie pour des milliers de mari\u00e9es. Elle vous ouvre les portes de son univers plein d&#8217;amour, de luxe et d&#8217;attention personnelle, et vous fait d\u00e9couvrir en exclusivit\u00e9 les coulisses de la gestion de son empire nuptial. <\/p>\n\n\n\n<p class=\"has-text-align-center\">Son \u00e9nergie, son flair et sa vision font d&#8217;elle un mod\u00e8le inspirant pour les femmes qui r\u00eavent de plus &#8211; qu&#8217;il s&#8217;agisse de se marier, d&#8217;\u00eatre entrepreneur ou simplement de vivre pleinement leur vie.<\/p>\n\n\n\r\n<div class=\"eye-block empty-space empty-space--medium pt-md-4 pb-md-4 pt-3 pb-3\" ><\/div>\n<\/div>\r\n            <\/div>\r\n        <\/div>\r\n    <\/div>\r\n\r\n<\/div>\r\n\r\n    \r\n\r\n<div class=\"eye-element fullwidth-row alignfull style-both bg--none  alignfull \" style=\" \">\r\n\r\n    <div class=\"container\">\r\n        <div class=\"row\">\r\n            <div class=\"col-12\">\r\n                <div class=\"acf-innerblocks-container\">\n\n<div class=\"ghostkit-grid ghostkit-grid-gap-md ghostkit-grid-align-items-center ghostkit-grid-justify-content-center\"><div class=\"ghostkit-grid-inner\">\n<div class=\"ghostkit-col ghostkit-col-md-12 ghostkit-col-6\"><div class=\"ghostkit-col-content is-layout-flow wp-block-ghostkit-grid-column-is-layout-flow\">\n<figure class=\"wp-block-image size-full\"><img decoding=\"async\" width=\"1080\" height=\"707\" src=\"https:\/\/www.koonings.com\/wp-content\/uploads\/2024\/10\/real_housewives_van_het_zuiden.jpg\" alt=\"\" class=\"wp-image-24348\" style=\"aspect-ratio:4\/3;object-fit:cover\" srcset=\"https:\/\/www.koonings.com\/wp-content\/uploads\/2024\/10\/real_housewives_van_het_zuiden.jpg 1080w, https:\/\/www.koonings.com\/wp-content\/uploads\/2024\/10\/real_housewives_van_het_zuiden-300x196.jpg 300w, https:\/\/www.koonings.com\/wp-content\/uploads\/2024\/10\/real_housewives_van_het_zuiden-1024x670.jpg 1024w, https:\/\/www.koonings.com\/wp-content\/uploads\/2024\/10\/real_housewives_van_het_zuiden-768x503.jpg 768w\" sizes=\"(max-width: 1080px) 100vw, 1080px\" \/><\/figure>\n<\/div><\/div>\n\n\n\n<div class=\"ghostkit-col ghostkit-col-md-12 ghostkit-col-6 ghostkit-col-align-self-center\"><div class=\"ghostkit-col-content is-layout-flow wp-block-ghostkit-grid-column-is-layout-flow\">\n<h2 class=\"wp-block-heading\" id=\"say-yes-to-the-dress\">Rencontrez les femmes du Sud<\/h2>\n\n\n\n<p>Outre Ramona, vous verrez \u00e9galement passer ces femmes impressionnantes :<\/p>\n\n\n\n<p><strong>Petrouschka<\/strong> &#8211; Maman \u00e9l\u00e9gante et amoureuse des animaux avec un c\u00f4t\u00e9 excentrique.<\/p>\n\n\n\n<p><strong>Annu<\/strong> &#8211; Reine du champagne et copropri\u00e9taire du restaurant GEM.<\/p>\n\n\n\n<p><strong>Brigitte<\/strong> &#8211; \u00c9l\u00e9gante et puissante, propri\u00e9taire d&#8217;un club exclusif.<\/p>\n\n\n\n<p><strong>Chayenne <\/strong>&#8211; Femme d&#8217;affaires pur sang dans le secteur de la construction et passionn\u00e9e de football.<\/p>\n\n\n\n<p><strong>Estelle<\/strong> &#8211; Entrepreneuse dans l&#8217;immobilier avec un sens du sport et une maison de r\u00eave en construction.<\/p>\n\n\n\n<p><strong>Lizbeth<\/strong> &#8211; Active au niveau international dans le domaine de l&#8217;immobilier, de Duba\u00ef au Mexique.<\/p>\n\n\n\n<p><strong>Marjan<\/strong> &#8211; Le &#8220;Coco Chanel du Sud&#8221;, flamboyant et plein d&#8217;id\u00e9es.<\/p>\n\n\n\r\n<div class=\"eye-element bsbutton text-start \" >\r\n\t        <a class=\"btn btn-primary\" href=\"\/fr\/a-propos\/blog\/les-vraies-femmes-au-foyer-du-sud\/rencontrez-les-femmes-de-lemission-the-real-housewives-of-the-south\/\"\r\n           target=\"\">Voici les femmes de l&#8217;\u00e9mission The Real Housewives of the South<\/a>\r\n\t<\/div><\/div><\/div>\n<\/div><\/div>\n\n<\/div>\r\n            <\/div>\r\n        <\/div>\r\n    <\/div>\r\n\r\n<\/div>\r\n\r\n    \r\n\r\n<div class=\"eye-element fullwidth-row alignfull style-both bg--lightgray  alignfull \" style=\" \">\r\n\r\n    <div class=\"container\">\r\n        <div class=\"row\">\r\n            <div class=\"col-12\">\r\n                <div class=\"acf-innerblocks-container\">\n\n<h2 class=\"wp-block-heading has-text-align-center\" id=\"ramona-koonings-een-leven-vol-magie-en-ambitie\">Suivez l&#8217;histoire<\/h2>\n\n\n\n<p class=\"has-text-align-center\"><em>The Real Housewives of the South<\/em> offre un m\u00e9lange inspirant d&#8217;histoires personnelles, d&#8217;ambitions et d&#8217;\u00e9motions. Des tenues \u00e9tincelantes aux conversations intimes, cette s\u00e9rie montre des femmes dans la fleur de l&#8217;\u00e2ge, chacune \u00e0 sa mani\u00e8re. <\/p>\n\n\n\n<p>La pr\u00e9sence de Ramona est unique en son genre : elle incarne la combinaison du style, de l&#8217;esprit d&#8217;entreprise et de l&#8217;exp\u00e9rience authentique. Que vous la voyiez lors d&#8217;une consultation strat\u00e9gique ou lors d&#8217;un moment d&#8217;\u00e9motion \u00e0 Deurne, elle rayonne. <\/p>\n\n\n\n<p class=\"has-text-align-center\"><em>Curieux de d\u00e9couvrir la magie de Ramona ?<\/em> D\u00e9couvrez son histoire dans <em>The Real Housewives of the South<\/em>. De nouvelles mises \u00e0 jour quotidiennes sur son univers glamour ?   <a href=\"https:\/\/www.instagram.com\/ramonakoonings\/?utm_source=ig_web_button_share_sheet\" target=\"_blank\" rel=\"noreferrer noopener\">Suivez \u00e9galement Ramona sur instagram  &gt;<\/a><\/p>\n\n<\/div>\r\n            <\/div>\r\n        <\/div>\r\n    <\/div>\r\n\r\n<\/div>\r\n\r\n    \r\n\r\n<div class=\"eye-element fullwidth-row alignfull style-both bg--none  alignfull \" style=\" \">\r\n\r\n    <div class=\"container\">\r\n        <div class=\"row\">\r\n            <div class=\"col-12\">\r\n                <div class=\"acf-innerblocks-container\">\n\n<figure class=\"wp-block-embed is-type-video is-provider-vimeo wp-block-embed-vimeo wp-embed-aspect-16-9 wp-has-aspect-ratio\"><div class=\"wp-block-embed__wrapper\">\n<iframe loading=\"lazy\" src=\"https:\/\/player.vimeo.com\/video\/1066588502?dnt=1&amp;app_id=122963\" width=\"500\" height=\"281\" frameborder=\"0\" allow=\"autoplay; fullscreen; picture-in-picture; clipboard-write; encrypted-media; web-share\" referrerpolicy=\"strict-origin-when-cross-origin\"><\/iframe>\n<\/div><\/figure>\n\n<\/div>\r\n            <\/div>\r\n        <\/div>\r\n    <\/div>\r\n\r\n<\/div>\r\n\r\n    ","protected":false},"excerpt":{"rendered":"","protected":false},"author":2,"featured_media":0,"parent":16651,"menu_order":0,"comment_status":"closed","ping_status":"closed","template":"","meta":{"_acf_changed":false,"ghostkit_customizer_options":"","ghostkit_custom_css":"","ghostkit_custom_js_head":"","ghostkit_custom_js_foot":"","ghostkit_typography":"","footnotes":""},"class_list":["post-85262","page","type-page","status-publish","hentry"],"acf":[],"yoast_head":"<!-- This site is optimized with the Yoast SEO plugin v27.3 - https:\/\/yoast.com\/product\/yoast-seo-wordpress\/ -->\n<title>Les vraies femmes au foyer du Sud | Koonings<\/title>\n<meta name=\"robots\" content=\"index, follow, max-snippet:-1, max-image-preview:large, max-video-preview:-1\" \/>\n<link rel=\"canonical\" href=\"https:\/\/www.koonings.com\/fr\/tv-et-presse\/say-yes-to-the-dress-2\/\" \/>\n<meta property=\"og:locale\" content=\"fr_FR\" \/>\n<meta property=\"og:type\" content=\"article\" \/>\n<meta property=\"og:title\" content=\"Les vraies femmes au foyer du Sud | Koonings\" \/>\n<meta property=\"og:url\" content=\"https:\/\/www.koonings.com\/fr\/tv-et-presse\/say-yes-to-the-dress-2\/\" \/>\n<meta property=\"og:site_name\" content=\"Koonings\" \/>\n<meta property=\"article:publisher\" content=\"https:\/\/www.facebook.com\/kooningstheweddingpalace\" \/>\n<meta property=\"article:modified_time\" content=\"2025-09-29T10:09:01+00:00\" \/>\n<meta property=\"og:image\" content=\"https:\/\/www.koonings.com\/wp-content\/uploads\/2024\/10\/real_housewives_van_het_zuiden.jpg\" \/>\n<meta name=\"twitter:card\" content=\"summary_large_image\" \/>\n<meta name=\"twitter:label1\" content=\"Dur\u00e9e de lecture estim\u00e9e\" \/>\n\t<meta name=\"twitter:data1\" content=\"2 minutes\" \/>\n<script type=\"application\/ld+json\" class=\"yoast-schema-graph\">{\"@context\":\"https:\\\/\\\/schema.org\",\"@graph\":[{\"@type\":\"WebPage\",\"@id\":\"https:\\\/\\\/www.koonings.com\\\/fr\\\/tv-et-presse\\\/say-yes-to-the-dress-2\\\/\",\"url\":\"https:\\\/\\\/www.koonings.com\\\/fr\\\/tv-et-presse\\\/say-yes-to-the-dress-2\\\/\",\"name\":\"Les vraies femmes au foyer du Sud | Koonings\",\"isPartOf\":{\"@id\":\"https:\\\/\\\/www.koonings.com\\\/fr\\\/#website\"},\"primaryImageOfPage\":{\"@id\":\"https:\\\/\\\/www.koonings.com\\\/fr\\\/tv-et-presse\\\/say-yes-to-the-dress-2\\\/#primaryimage\"},\"image\":{\"@id\":\"https:\\\/\\\/www.koonings.com\\\/fr\\\/tv-et-presse\\\/say-yes-to-the-dress-2\\\/#primaryimage\"},\"thumbnailUrl\":\"https:\\\/\\\/www.koonings.com\\\/wp-content\\\/uploads\\\/2024\\\/10\\\/real_housewives_van_het_zuiden.jpg\",\"datePublished\":\"2025-04-24T09:06:54+00:00\",\"dateModified\":\"2025-09-29T10:09:01+00:00\",\"breadcrumb\":{\"@id\":\"https:\\\/\\\/www.koonings.com\\\/fr\\\/tv-et-presse\\\/say-yes-to-the-dress-2\\\/#breadcrumb\"},\"inLanguage\":\"fr-FR\",\"potentialAction\":[{\"@type\":\"ReadAction\",\"target\":[\"https:\\\/\\\/www.koonings.com\\\/fr\\\/tv-et-presse\\\/say-yes-to-the-dress-2\\\/\"]}]},{\"@type\":\"ImageObject\",\"inLanguage\":\"fr-FR\",\"@id\":\"https:\\\/\\\/www.koonings.com\\\/fr\\\/tv-et-presse\\\/say-yes-to-the-dress-2\\\/#primaryimage\",\"url\":\"https:\\\/\\\/www.koonings.com\\\/wp-content\\\/uploads\\\/2024\\\/10\\\/real_housewives_van_het_zuiden.jpg\",\"contentUrl\":\"https:\\\/\\\/www.koonings.com\\\/wp-content\\\/uploads\\\/2024\\\/10\\\/real_housewives_van_het_zuiden.jpg\"},{\"@type\":\"BreadcrumbList\",\"@id\":\"https:\\\/\\\/www.koonings.com\\\/fr\\\/tv-et-presse\\\/say-yes-to-the-dress-2\\\/#breadcrumb\",\"itemListElement\":[{\"@type\":\"ListItem\",\"position\":1,\"name\":\"Home\",\"item\":\"https:\\\/\\\/www.koonings.com\\\/fr\\\/\"},{\"@type\":\"ListItem\",\"position\":2,\"name\":\"TV et presse\",\"item\":\"https:\\\/\\\/www.koonings.com\\\/fr\\\/tv-et-presse\\\/\"},{\"@type\":\"ListItem\",\"position\":3,\"name\":\"Les vraies femmes au foyer du Sud\"}]},{\"@type\":\"WebSite\",\"@id\":\"https:\\\/\\\/www.koonings.com\\\/fr\\\/#website\",\"url\":\"https:\\\/\\\/www.koonings.com\\\/fr\\\/\",\"name\":\"Koonings\",\"description\":\"De grootste bruidsmodewinkel ter wereld\",\"publisher\":{\"@id\":\"https:\\\/\\\/www.koonings.com\\\/fr\\\/#organization\"},\"potentialAction\":[{\"@type\":\"SearchAction\",\"target\":{\"@type\":\"EntryPoint\",\"urlTemplate\":\"https:\\\/\\\/www.koonings.com\\\/fr\\\/?s={search_term_string}\"},\"query-input\":{\"@type\":\"PropertyValueSpecification\",\"valueRequired\":true,\"valueName\":\"search_term_string\"}}],\"inLanguage\":\"fr-FR\"},{\"@type\":\"Organization\",\"@id\":\"https:\\\/\\\/www.koonings.com\\\/fr\\\/#organization\",\"name\":\"Koonings\",\"url\":\"https:\\\/\\\/www.koonings.com\\\/fr\\\/\",\"logo\":{\"@type\":\"ImageObject\",\"inLanguage\":\"fr-FR\",\"@id\":\"https:\\\/\\\/www.koonings.com\\\/fr\\\/#\\\/schema\\\/logo\\\/image\\\/\",\"url\":\"https:\\\/\\\/www.koonings.com\\\/wp-content\\\/uploads\\\/2024\\\/07\\\/logo.png\",\"contentUrl\":\"https:\\\/\\\/www.koonings.com\\\/wp-content\\\/uploads\\\/2024\\\/07\\\/logo.png\",\"width\":600,\"height\":428,\"caption\":\"Koonings\"},\"image\":{\"@id\":\"https:\\\/\\\/www.koonings.com\\\/fr\\\/#\\\/schema\\\/logo\\\/image\\\/\"},\"sameAs\":[\"https:\\\/\\\/www.facebook.com\\\/kooningstheweddingpalace\",\"https:\\\/\\\/www.instagram.com\\\/kooningstheweddingpalace\",\"https:\\\/\\\/www.pinterest.com\\\/koonings\",\"https:\\\/\\\/www.youtube.com\\\/kooningstheweddingpalace\"]}]}<\/script>\n<!-- \/ Yoast SEO plugin. -->","yoast_head_json":{"title":"Les vraies femmes au foyer du Sud | Koonings","robots":{"index":"index","follow":"follow","max-snippet":"max-snippet:-1","max-image-preview":"max-image-preview:large","max-video-preview":"max-video-preview:-1"},"canonical":"https:\/\/www.koonings.com\/fr\/tv-et-presse\/say-yes-to-the-dress-2\/","og_locale":"fr_FR","og_type":"article","og_title":"Les vraies femmes au foyer du Sud | Koonings","og_url":"https:\/\/www.koonings.com\/fr\/tv-et-presse\/say-yes-to-the-dress-2\/","og_site_name":"Koonings","article_publisher":"https:\/\/www.facebook.com\/kooningstheweddingpalace","article_modified_time":"2025-09-29T10:09:01+00:00","og_image":[{"url":"https:\/\/www.koonings.com\/wp-content\/uploads\/2024\/10\/real_housewives_van_het_zuiden.jpg","type":"","width":"","height":""}],"twitter_card":"summary_large_image","twitter_misc":{"Dur\u00e9e de lecture estim\u00e9e":"2 minutes"},"schema":{"@context":"https:\/\/schema.org","@graph":[{"@type":"WebPage","@id":"https:\/\/www.koonings.com\/fr\/tv-et-presse\/say-yes-to-the-dress-2\/","url":"https:\/\/www.koonings.com\/fr\/tv-et-presse\/say-yes-to-the-dress-2\/","name":"Les vraies femmes au foyer du Sud | Koonings","isPartOf":{"@id":"https:\/\/www.koonings.com\/fr\/#website"},"primaryImageOfPage":{"@id":"https:\/\/www.koonings.com\/fr\/tv-et-presse\/say-yes-to-the-dress-2\/#primaryimage"},"image":{"@id":"https:\/\/www.koonings.com\/fr\/tv-et-presse\/say-yes-to-the-dress-2\/#primaryimage"},"thumbnailUrl":"https:\/\/www.koonings.com\/wp-content\/uploads\/2024\/10\/real_housewives_van_het_zuiden.jpg","datePublished":"2025-04-24T09:06:54+00:00","dateModified":"2025-09-29T10:09:01+00:00","breadcrumb":{"@id":"https:\/\/www.koonings.com\/fr\/tv-et-presse\/say-yes-to-the-dress-2\/#breadcrumb"},"inLanguage":"fr-FR","potentialAction":[{"@type":"ReadAction","target":["https:\/\/www.koonings.com\/fr\/tv-et-presse\/say-yes-to-the-dress-2\/"]}]},{"@type":"ImageObject","inLanguage":"fr-FR","@id":"https:\/\/www.koonings.com\/fr\/tv-et-presse\/say-yes-to-the-dress-2\/#primaryimage","url":"https:\/\/www.koonings.com\/wp-content\/uploads\/2024\/10\/real_housewives_van_het_zuiden.jpg","contentUrl":"https:\/\/www.koonings.com\/wp-content\/uploads\/2024\/10\/real_housewives_van_het_zuiden.jpg"},{"@type":"BreadcrumbList","@id":"https:\/\/www.koonings.com\/fr\/tv-et-presse\/say-yes-to-the-dress-2\/#breadcrumb","itemListElement":[{"@type":"ListItem","position":1,"name":"Home","item":"https:\/\/www.koonings.com\/fr\/"},{"@type":"ListItem","position":2,"name":"TV et presse","item":"https:\/\/www.koonings.com\/fr\/tv-et-presse\/"},{"@type":"ListItem","position":3,"name":"Les vraies femmes au foyer du Sud"}]},{"@type":"WebSite","@id":"https:\/\/www.koonings.com\/fr\/#website","url":"https:\/\/www.koonings.com\/fr\/","name":"Koonings","description":"De grootste bruidsmodewinkel ter wereld","publisher":{"@id":"https:\/\/www.koonings.com\/fr\/#organization"},"potentialAction":[{"@type":"SearchAction","target":{"@type":"EntryPoint","urlTemplate":"https:\/\/www.koonings.com\/fr\/?s={search_term_string}"},"query-input":{"@type":"PropertyValueSpecification","valueRequired":true,"valueName":"search_term_string"}}],"inLanguage":"fr-FR"},{"@type":"Organization","@id":"https:\/\/www.koonings.com\/fr\/#organization","name":"Koonings","url":"https:\/\/www.koonings.com\/fr\/","logo":{"@type":"ImageObject","inLanguage":"fr-FR","@id":"https:\/\/www.koonings.com\/fr\/#\/schema\/logo\/image\/","url":"https:\/\/www.koonings.com\/wp-content\/uploads\/2024\/07\/logo.png","contentUrl":"https:\/\/www.koonings.com\/wp-content\/uploads\/2024\/07\/logo.png","width":600,"height":428,"caption":"Koonings"},"image":{"@id":"https:\/\/www.koonings.com\/fr\/#\/schema\/logo\/image\/"},"sameAs":["https:\/\/www.facebook.com\/kooningstheweddingpalace","https:\/\/www.instagram.com\/kooningstheweddingpalace","https:\/\/www.pinterest.com\/koonings","https:\/\/www.youtube.com\/kooningstheweddingpalace"]}]}},"_links":{"self":[{"href":"https:\/\/www.koonings.com\/fr\/wp-json\/wp\/v2\/pages\/85262","targetHints":{"allow":["GET"]}}],"collection":[{"href":"https:\/\/www.koonings.com\/fr\/wp-json\/wp\/v2\/pages"}],"about":[{"href":"https:\/\/www.koonings.com\/fr\/wp-json\/wp\/v2\/types\/page"}],"author":[{"embeddable":true,"href":"https:\/\/www.koonings.com\/fr\/wp-json\/wp\/v2\/users\/2"}],"replies":[{"embeddable":true,"href":"https:\/\/www.koonings.com\/fr\/wp-json\/wp\/v2\/comments?post=85262"}],"version-history":[{"count":3,"href":"https:\/\/www.koonings.com\/fr\/wp-json\/wp\/v2\/pages\/85262\/revisions"}],"predecessor-version":[{"id":98549,"href":"https:\/\/www.koonings.com\/fr\/wp-json\/wp\/v2\/pages\/85262\/revisions\/98549"}],"up":[{"embeddable":true,"href":"https:\/\/www.koonings.com\/fr\/wp-json\/wp\/v2\/pages\/16651"}],"wp:attachment":[{"href":"https:\/\/www.koonings.com\/fr\/wp-json\/wp\/v2\/media?parent=85262"}],"curies":[{"name":"wp","href":"https:\/\/api.w.org\/{rel}","templated":true}]}}