{"id":19649,"date":"2024-08-13T16:24:00","date_gmt":"2024-08-13T14:24:00","guid":{"rendered":"https:\/\/www.koonings.com\/valkenburg\/lhistoire\/"},"modified":"2024-08-14T17:38:43","modified_gmt":"2024-08-14T15:38:43","slug":"lhistoire","status":"publish","type":"page","link":"https:\/\/www.koonings.com\/fr\/valkenburg\/lhistoire\/","title":{"rendered":"L&#8217;histoire"},"content":{"rendered":"\r\n\r\n<div class=\"eye-element fullwidth-row alignfull style-both bg--none  alignfull \" style=\" \">\r\n\r\n    <div class=\"container\">\r\n        <div class=\"row\">\r\n            <div class=\"col-12\">\r\n                <div class=\"acf-innerblocks-container\">\n\n<h1 class=\"wp-block-heading has-text-align-center\" id=\"een-plek-met-geschiedenis\"><strong>Un lieu charg\u00e9 d&#8217;histoire<\/strong><\/h1>\n\n\n\n<p class=\"has-text-align-center\">L&#8217;ann\u00e9e officielle de construction du ch\u00e2teau d&#8217;East Castle remonte \u00e0 1836.\nMais son histoire mouvement\u00e9e remonte \u00e0 1563, date \u00e0 laquelle il a \u00e9t\u00e9 mentionn\u00e9 pour la premi\u00e8re fois dans des documents, puis en tant que domaine, dans le cadre de travaux de r\u00e9novation et de reconstruction planifi\u00e9s.\nLors de la premi\u00e8re vente document\u00e9e en 1587, il a \u00e9t\u00e9 appel\u00e9 pour la premi\u00e8re fois Castle East, nom qu&#8217;il porte encore aujourd&#8217;hui.  <\/p>\n\n\n\n<p class=\"has-text-align-center\">Castle East retrace des si\u00e8cles d&#8217;histoire mouvement\u00e9e.\nUn magnifique b\u00e2timent qui a toujours appartenu \u00e0 de riches familles nobles et dans lequel des personnalit\u00e9s de haut rang allaient et venaient.\n\u00c0 son apog\u00e9e, en 1626, Kasteel Oost \u00e9tait un lieu o\u00f9 de magnifiques festins se d\u00e9roulaient pendant des jours et o\u00f9 la haute soci\u00e9t\u00e9 se rencontrait.\nAu fil des si\u00e8cles, le ch\u00e2teau a connu une histoire mouvement\u00e9e, faite d&#8217;h\u00e9ritages et de divers transferts de propri\u00e9t\u00e9, qui se sont toujours d\u00e9roul\u00e9s au sein de la haute noblesse.\nTous avaient cependant une chose en commun : l&#8217;attachement et l&#8217;amour pour le ch\u00e2teau d&#8217;Oost et ses terres.    <\/p>\n\n<\/div>\r\n            <\/div>\r\n        <\/div>\r\n    <\/div>\r\n\r\n<\/div>\r\n\r\n    \r\n\r\n<div class=\"eye-element fullwidth-row alignfull faux-bg--lightgray style-left  alignfull \" style=\"\">\r\n<div class=\"bg bg--lightgray\" style=\"\"><\/div>\r\n\r\n    <div class=\"container\">\r\n        <div class=\"row\">\r\n            <div class=\"col-12\">\r\n                <div class=\"acf-innerblocks-container\">\n\n<div class=\"ghostkit-grid ghostkit-grid-gap-md\"><div class=\"ghostkit-grid-inner\">\n<div class=\"ghostkit-col ghostkit-col-md-12 ghostkit-col-6 ghostkit-col-align-self-center\"><div class=\"ghostkit-col-content is-layout-flow wp-block-ghostkit-grid-column-is-layout-flow\">\n<h2 class=\"wp-block-heading\" id=\"verbouwing-van-het-pand\"><strong>Reconstruction de la propri\u00e9t\u00e9<\/strong><\/h2>\n\n\n\n<p>A partir de 1830, le propri\u00e9taire belge Jonkheer de Pit\u00e9 a eu une influence particuli\u00e8re, dont les mesures structurelles ont fortement influenc\u00e9 l&#8217;architecture actuelle de Castle East.\nIl a notamment fait agrandir l&#8217;aile ouest, lui a donn\u00e9 sa peinture jaune ocre actuelle et a fait int\u00e9grer les armoiries dans le pignon de la toiture avant, qui ornent encore aujourd&#8217;hui l&#8217;entr\u00e9e.\nIl donne ainsi au ch\u00e2teau son style n\u00e9oclassique, encore conserv\u00e9 aujourd&#8217;hui.  <\/p>\n<\/div><\/div>\n\n\n\n<div class=\"ghostkit-col ghostkit-col-md-12 ghostkit-col-6\"><div class=\"ghostkit-col-content is-layout-flow wp-block-ghostkit-grid-column-is-layout-flow\">\r\n<div class=\"eye-element images style-default variant-1 single-image\">\r\n\r\n\t        <div class=\"composition\">\r\n\t\t\t\r\n            <div class=\"swiper images-swiper\">\r\n\r\n\t\t\t\t\r\n                <div class=\"swiper-wrapper\">\r\n\t\t\t\t\t                        <li class=\"swiper-slide\">\r\n                            <img decoding=\"async\" class=\" img-fluid\" src=\"https:\/\/www.koonings.com\/wp-content\/uploads\/2024\/06\/KOO_Aad_Valkenburg-2-1024x585.jpeg\" srcset=\"https:\/\/www.koonings.com\/wp-content\/uploads\/2024\/06\/KOO_Aad_Valkenburg-2.jpeg\" alt=\"\">\r\n                        <\/li>\r\n\t\t\t\t\t                <\/div>\r\n\r\n                <div class=\"swiper-pagination\"><\/div>\r\n\r\n                <div class=\"swiper-button-prev\"><\/div>\r\n                <div class=\"swiper-button-next\"><\/div>\r\n\r\n            <\/div>\r\n\r\n        <\/div>\r\n\t\r\n\t<\/div><\/div><\/div>\n<\/div><\/div>\n\n<\/div>\r\n            <\/div>\r\n        <\/div>\r\n    <\/div>\r\n\r\n<\/div>\r\n\r\n    \r\n\r\n<div class=\"eye-element fullwidth-row alignfull style-both bg--none  alignfull \" style=\" \">\r\n\r\n    <div class=\"container\">\r\n        <div class=\"row\">\r\n            <div class=\"col-12\">\r\n                <div class=\"acf-innerblocks-container\">\n\n<h2 class=\"wp-block-heading has-text-align-center\" id=\"de-draai\"><strong>Le coup de th\u00e9\u00e2tre<\/strong><\/h2>\n\n\n\n<p class=\"has-text-align-center\">Sans le savoir, il \u00e9tait d\u00e9j\u00e0 l&#8217;un des derniers propri\u00e9taires priv\u00e9s et aristocratiques de la propri\u00e9t\u00e9.\nComme les noms l&#8217;indiquent, la fille de De Pit\u00e9, Alide, future baronne von Schrader, et sa fille Helene, future Wolff Metternich, ont toutes deux \u00e9pous\u00e9 des hommes d&#8217;origine allemande.\nCompte tenu de l&#8217;\u00e9volution historique de l&#8217;\u00e9poque, c&#8217;est une raison suffisante pour que les Pays-Bas, au d\u00e9but de la Seconde Guerre mondiale, confisquent la propri\u00e9t\u00e9 comme propri\u00e9t\u00e9 de l&#8217;ennemi et l&#8217;exploitent comme propri\u00e9t\u00e9 de l&#8217;\u00c9tat \u00e0 partir de ce moment-l\u00e0.    <\/p>\n\n\n\n<p class=\"has-text-align-center\">Bien que des id\u00e9es initiales aient vu le jour au d\u00e9but des ann\u00e9es 1940 pour transformer la propri\u00e9t\u00e9 en un casino avec un h\u00f4tel et un jardin de th\u00e9, elles n&#8217;ont pas pu \u00eatre mises en \u0153uvre en raison de l&#8217;occupation allemande.<\/p>\n\n<\/div>\r\n            <\/div>\r\n        <\/div>\r\n    <\/div>\r\n\r\n<\/div>\r\n\r\n    \r\n\r\n<div class=\"eye-element fullwidth-row alignfull faux-bg--lightgray style-right  alignfull \" style=\"\">\r\n<div class=\"bg bg--lightgray\" style=\"\"><\/div>\r\n\r\n    <div class=\"container\">\r\n        <div class=\"row\">\r\n            <div class=\"col-12\">\r\n                <div class=\"acf-innerblocks-container\">\n\n<div class=\"ghostkit-grid ghostkit-grid-gap-md ghostkit-grid-align-items-center\"><div class=\"ghostkit-grid-inner\">\n<div class=\"ghostkit-col ghostkit-col-md-12 ghostkit-col-6\"><div class=\"ghostkit-col-content is-layout-flow wp-block-ghostkit-grid-column-is-layout-flow\">\r\n<div class=\"eye-element images style-default variant-2 single-image\">\r\n\r\n\t        <div class=\"composition\">\r\n\t\t\t\r\n            <div class=\"swiper images-swiper\">\r\n\r\n\t\t\t\t\r\n                <div class=\"swiper-wrapper\">\r\n\t\t\t\t\t                        <li class=\"swiper-slide\">\r\n                            <img decoding=\"async\" class=\" img-fluid\" src=\"https:\/\/www.koonings.com\/wp-content\/uploads\/2024\/07\/rijksmonument_36828_kasteel_oost_valkenburg_0-1024x768.jpeg\" srcset=\"https:\/\/www.koonings.com\/wp-content\/uploads\/2024\/07\/rijksmonument_36828_kasteel_oost_valkenburg_0-scaled-e1720178932176.jpeg\" alt=\"The Wedding Castle - Kasteel Oost Valkenburg\">\r\n                        <\/li>\r\n\t\t\t\t\t                <\/div>\r\n\r\n                <div class=\"swiper-pagination\"><\/div>\r\n\r\n                <div class=\"swiper-button-prev\"><\/div>\r\n                <div class=\"swiper-button-next\"><\/div>\r\n\r\n            <\/div>\r\n\r\n        <\/div>\r\n\t\r\n\t<\/div><\/div><\/div>\n\n\n\n<div class=\"ghostkit-col ghostkit-col-md-12 ghostkit-col-6\"><div class=\"ghostkit-col-content is-layout-flow wp-block-ghostkit-grid-column-is-layout-flow\">\n<h2 class=\"wp-block-heading\" id=\"nieuwe-gebruik\"><strong>Nouvelle utilisation<\/strong><\/h2>\n\n\n\n<p>Apr\u00e8s la fin de la guerre, \u00e0 partir de 1946, le Kasteel Oost s&#8217;est vu attribuer une nouvelle vocation par l&#8217;\u00e9cole d&#8217;agriculture de Valkenburg, ce qui a eu une forte influence sur l&#8217;agencement et l&#8217;utilisation de la propri\u00e9t\u00e9.\nD&#8217;importants travaux de r\u00e9novation et d&#8217;\u00e9lectricit\u00e9, le r\u00e9am\u00e9nagement de l&#8217;\u00e9tage sup\u00e9rieur du b\u00e2timent principal et la construction d&#8217;appartements dans l&#8217;aile ouest ont \u00e9t\u00e9 r\u00e9alis\u00e9s en 1957, entra\u00eenant un changement complet de l&#8217;utilisation du palais.\nPlus de 422 paysans ont \u00e9t\u00e9 \u00e9duqu\u00e9s pendant environ 25 ans avant que l&#8217;\u00e9cole ne ferme ses portes en raison de mesures de restructuration \u00e9conomique.\nPendant de nombreuses ann\u00e9es, le ch\u00e2teau a fait l&#8217;objet d&#8217;importants travaux de restauration, mais il est rest\u00e9 vide et inutilis\u00e9.   <\/p>\n\n\n\n<p>\u00c0 partir de 1978, le ch\u00e2teau a connu une nouvelle renaissance \u00e0 l&#8217;\u00e9tage inf\u00e9rieur, gr\u00e2ce \u00e0 la municipalit\u00e9 de Valkenburg elle-m\u00eame, qui a d\u00e9cid\u00e9 d&#8217;y construire un &#8220;palais romantique du mariage&#8221;, dans lequel le premier couple a \u00e9chang\u00e9 ses v\u0153ux de mariage le 26 ao\u00fbt 1978.\nUn projet qui sera suivi par des dizaines d&#8217;autres et qui reviendront \u00e0 l&#8217;avenir \u00e0 Koonings, le ch\u00e2teau des mariages. <\/p>\n<\/div><\/div>\n<\/div><\/div>\n\n<\/div>\r\n            <\/div>\r\n        <\/div>\r\n    <\/div>\r\n\r\n<\/div>\r\n\r\n    \r\n\r\n<div class=\"eye-element fullwidth-row alignfull style-both bg--none  alignfull \" style=\" \">\r\n\r\n    <div class=\"container\">\r\n        <div class=\"row\">\r\n            <div class=\"col-12\">\r\n                <div class=\"acf-innerblocks-container\">\n\n<div class=\"ghostkit-grid ghostkit-grid-gap-md ghostkit-grid-align-items-center\"><div class=\"ghostkit-grid-inner\">\n<div class=\"ghostkit-col ghostkit-col-md-12 ghostkit-col-6\"><div class=\"ghostkit-col-content is-layout-flow wp-block-ghostkit-grid-column-is-layout-flow\">\n<h2 class=\"wp-block-heading\" id=\"2018-vandaag\"><strong>\u00c9crire des contes de f\u00e9es<\/strong><\/h2>\n\n\n\n<p>En 2023, Ramona Koonings, propri\u00e9taire de Koonings The Wedding Palace, a eu l&#8217;occasion de participer \u00e0 l&#8217;appel d&#8217;offres pour la vente de Kasteel Oost et de r\u00e9aliser enfin son r\u00eave le plus cher en ouvrant un ch\u00e2teau de mariage.\nGr\u00e2ce \u00e0 un concept global d\u00e9velopp\u00e9 avec amour pour cette propri\u00e9t\u00e9 unique, elle remporte l&#8217;appel d&#8217;offres et devient propri\u00e9taire de Kasteel Oost en 2024.\nC&#8217;est ainsi que na\u00eet Koonings The Wedding Castle.  <\/p>\n<\/div><\/div>\n\n\n\n<div class=\"ghostkit-col ghostkit-col-md-12 ghostkit-col-6\"><div class=\"ghostkit-col-content is-layout-flow wp-block-ghostkit-grid-column-is-layout-flow\">\r\n<div class=\"eye-element images style-default variant-1 multi-image\">\r\n\r\n\t        <div class=\"composition\">\r\n\t\t\t                <div class=\"image-0\">\r\n                    <img decoding=\"async\" class=\"img-fluid\" src=\"https:\/\/www.koonings.com\/wp-content\/uploads\/2024\/08\/koo_valkenburg_vacature_binnenkant_3.png-300x212.webp\" srcset=\"https:\/\/www.koonings.com\/wp-content\/uploads\/2024\/08\/koo_valkenburg_vacature_binnenkant_3.png-300x212.webp 300w, https:\/\/www.koonings.com\/wp-content\/uploads\/2024\/08\/koo_valkenburg_vacature_binnenkant_3.png-1024x724.webp 1024w, https:\/\/www.koonings.com\/wp-content\/uploads\/2024\/08\/koo_valkenburg_vacature_binnenkant_3.png-768x543.webp 768w, https:\/\/www.koonings.com\/wp-content\/uploads\/2024\/08\/koo_valkenburg_vacature_binnenkant_3.png.webp 1300w\" alt=\"Binnenkant\">\r\n                <\/div>\r\n\t\t\t\r\n            <div class=\"swiper images-swiper\">\r\n\r\n\t\t\t\t\r\n                <div class=\"swiper-wrapper\">\r\n\t\t\t\t\t                        <li class=\"swiper-slide\">\r\n                            <img decoding=\"async\" class=\" img-fluid\" src=\"https:\/\/www.koonings.com\/wp-content\/uploads\/2024\/08\/koo_valkenburg_vacature_binnenkant_1.png-1024x724.webp\" srcset=\"https:\/\/www.koonings.com\/wp-content\/uploads\/2024\/08\/koo_valkenburg_vacature_binnenkant_1.png.webp\" alt=\"Binnenkant Valkenburg\">\r\n                        <\/li>\r\n\t\t\t\t\t                <\/div>\r\n\r\n                <div class=\"swiper-pagination\"><\/div>\r\n\r\n                <div class=\"swiper-button-prev\"><\/div>\r\n                <div class=\"swiper-button-next\"><\/div>\r\n\r\n            <\/div>\r\n\r\n        <\/div>\r\n\t\r\n\t        <a href=\"https:\/\/www.koonings.com\/album\/the-wedding-castle-valkenburg\/\" title=\"Voir toutes les photos\">\r\n            <i class=\"fa-light fa-rectangle-vertical-history me-1\"><\/i>\r\n            <span>Voir toutes les photos<\/span>\r\n        <\/a>\r\n\t<\/div><\/div><\/div>\n<\/div><\/div>\n\n<\/div>\r\n            <\/div>\r\n        <\/div>\r\n    <\/div>\r\n\r\n<\/div>\r\n\r\n    ","protected":false},"excerpt":{"rendered":"","protected":false},"author":1,"featured_media":0,"parent":16211,"menu_order":0,"comment_status":"closed","ping_status":"closed","template":"","meta":{"_acf_changed":false,"ghostkit_customizer_options":"","ghostkit_custom_css":"","ghostkit_custom_js_head":"","ghostkit_custom_js_foot":"","ghostkit_typography":"","footnotes":""},"class_list":["post-19649","page","type-page","status-publish","hentry"],"acf":[],"yoast_head":"<!-- This site is optimized with the Yoast SEO plugin v27.3 - https:\/\/yoast.com\/product\/yoast-seo-wordpress\/ -->\n<title>L&#039;histoire | Koonings<\/title>\n<meta name=\"robots\" content=\"index, follow, max-snippet:-1, max-image-preview:large, max-video-preview:-1\" \/>\n<link rel=\"canonical\" href=\"https:\/\/www.koonings.com\/fr\/valkenburg\/lhistoire\/\" \/>\n<meta property=\"og:locale\" content=\"fr_FR\" \/>\n<meta property=\"og:type\" content=\"article\" \/>\n<meta property=\"og:title\" content=\"L&#039;histoire | Koonings\" \/>\n<meta property=\"og:url\" content=\"https:\/\/www.koonings.com\/fr\/valkenburg\/lhistoire\/\" \/>\n<meta property=\"og:site_name\" content=\"Koonings\" \/>\n<meta property=\"article:publisher\" content=\"https:\/\/www.facebook.com\/kooningstheweddingpalace\" \/>\n<meta property=\"article:modified_time\" content=\"2024-08-14T15:38:43+00:00\" \/>\n<meta property=\"og:image\" content=\"https:\/\/www.koonings.com\/wp-content\/uploads\/2024\/06\/palace-hero-screenshot-1024x575.png\" \/>\n\t<meta property=\"og:image:width\" content=\"1024\" \/>\n\t<meta property=\"og:image:height\" content=\"575\" \/>\n\t<meta property=\"og:image:type\" content=\"image\/png\" \/>\n<meta name=\"twitter:card\" content=\"summary_large_image\" \/>\n<meta name=\"twitter:label1\" content=\"Dur\u00e9e de lecture estim\u00e9e\" \/>\n\t<meta name=\"twitter:data1\" content=\"4 minutes\" \/>\n<script type=\"application\/ld+json\" class=\"yoast-schema-graph\">{\"@context\":\"https:\\\/\\\/schema.org\",\"@graph\":[{\"@type\":\"WebPage\",\"@id\":\"https:\\\/\\\/www.koonings.com\\\/fr\\\/valkenburg\\\/lhistoire\\\/\",\"url\":\"https:\\\/\\\/www.koonings.com\\\/fr\\\/valkenburg\\\/lhistoire\\\/\",\"name\":\"L'histoire | Koonings\",\"isPartOf\":{\"@id\":\"https:\\\/\\\/www.koonings.com\\\/fr\\\/#website\"},\"datePublished\":\"2024-08-13T14:24:00+00:00\",\"dateModified\":\"2024-08-14T15:38:43+00:00\",\"breadcrumb\":{\"@id\":\"https:\\\/\\\/www.koonings.com\\\/fr\\\/valkenburg\\\/lhistoire\\\/#breadcrumb\"},\"inLanguage\":\"fr-FR\",\"potentialAction\":[{\"@type\":\"ReadAction\",\"target\":[\"https:\\\/\\\/www.koonings.com\\\/fr\\\/valkenburg\\\/lhistoire\\\/\"]}]},{\"@type\":\"BreadcrumbList\",\"@id\":\"https:\\\/\\\/www.koonings.com\\\/fr\\\/valkenburg\\\/lhistoire\\\/#breadcrumb\",\"itemListElement\":[{\"@type\":\"ListItem\",\"position\":1,\"name\":\"Home\",\"item\":\"https:\\\/\\\/www.koonings.com\\\/fr\\\/\"},{\"@type\":\"ListItem\",\"position\":2,\"name\":\"Valkenburg\",\"item\":\"https:\\\/\\\/www.koonings.com\\\/fr\\\/valkenburg\\\/\"},{\"@type\":\"ListItem\",\"position\":3,\"name\":\"L&#8217;histoire\"}]},{\"@type\":\"WebSite\",\"@id\":\"https:\\\/\\\/www.koonings.com\\\/fr\\\/#website\",\"url\":\"https:\\\/\\\/www.koonings.com\\\/fr\\\/\",\"name\":\"Koonings\",\"description\":\"De grootste bruidsmodewinkel ter wereld\",\"publisher\":{\"@id\":\"https:\\\/\\\/www.koonings.com\\\/fr\\\/#organization\"},\"potentialAction\":[{\"@type\":\"SearchAction\",\"target\":{\"@type\":\"EntryPoint\",\"urlTemplate\":\"https:\\\/\\\/www.koonings.com\\\/fr\\\/?s={search_term_string}\"},\"query-input\":{\"@type\":\"PropertyValueSpecification\",\"valueRequired\":true,\"valueName\":\"search_term_string\"}}],\"inLanguage\":\"fr-FR\"},{\"@type\":\"Organization\",\"@id\":\"https:\\\/\\\/www.koonings.com\\\/fr\\\/#organization\",\"name\":\"Koonings\",\"url\":\"https:\\\/\\\/www.koonings.com\\\/fr\\\/\",\"logo\":{\"@type\":\"ImageObject\",\"inLanguage\":\"fr-FR\",\"@id\":\"https:\\\/\\\/www.koonings.com\\\/fr\\\/#\\\/schema\\\/logo\\\/image\\\/\",\"url\":\"https:\\\/\\\/www.koonings.com\\\/wp-content\\\/uploads\\\/2024\\\/07\\\/logo.png\",\"contentUrl\":\"https:\\\/\\\/www.koonings.com\\\/wp-content\\\/uploads\\\/2024\\\/07\\\/logo.png\",\"width\":600,\"height\":428,\"caption\":\"Koonings\"},\"image\":{\"@id\":\"https:\\\/\\\/www.koonings.com\\\/fr\\\/#\\\/schema\\\/logo\\\/image\\\/\"},\"sameAs\":[\"https:\\\/\\\/www.facebook.com\\\/kooningstheweddingpalace\",\"https:\\\/\\\/www.instagram.com\\\/kooningstheweddingpalace\",\"https:\\\/\\\/www.pinterest.com\\\/koonings\",\"https:\\\/\\\/www.youtube.com\\\/kooningstheweddingpalace\"]}]}<\/script>\n<!-- \/ Yoast SEO plugin. -->","yoast_head_json":{"title":"L'histoire | Koonings","robots":{"index":"index","follow":"follow","max-snippet":"max-snippet:-1","max-image-preview":"max-image-preview:large","max-video-preview":"max-video-preview:-1"},"canonical":"https:\/\/www.koonings.com\/fr\/valkenburg\/lhistoire\/","og_locale":"fr_FR","og_type":"article","og_title":"L'histoire | Koonings","og_url":"https:\/\/www.koonings.com\/fr\/valkenburg\/lhistoire\/","og_site_name":"Koonings","article_publisher":"https:\/\/www.facebook.com\/kooningstheweddingpalace","article_modified_time":"2024-08-14T15:38:43+00:00","og_image":[{"width":1024,"height":575,"url":"https:\/\/www.koonings.com\/wp-content\/uploads\/2024\/06\/palace-hero-screenshot-1024x575.png","type":"image\/png"}],"twitter_card":"summary_large_image","twitter_misc":{"Dur\u00e9e de lecture estim\u00e9e":"4 minutes"},"schema":{"@context":"https:\/\/schema.org","@graph":[{"@type":"WebPage","@id":"https:\/\/www.koonings.com\/fr\/valkenburg\/lhistoire\/","url":"https:\/\/www.koonings.com\/fr\/valkenburg\/lhistoire\/","name":"L'histoire | Koonings","isPartOf":{"@id":"https:\/\/www.koonings.com\/fr\/#website"},"datePublished":"2024-08-13T14:24:00+00:00","dateModified":"2024-08-14T15:38:43+00:00","breadcrumb":{"@id":"https:\/\/www.koonings.com\/fr\/valkenburg\/lhistoire\/#breadcrumb"},"inLanguage":"fr-FR","potentialAction":[{"@type":"ReadAction","target":["https:\/\/www.koonings.com\/fr\/valkenburg\/lhistoire\/"]}]},{"@type":"BreadcrumbList","@id":"https:\/\/www.koonings.com\/fr\/valkenburg\/lhistoire\/#breadcrumb","itemListElement":[{"@type":"ListItem","position":1,"name":"Home","item":"https:\/\/www.koonings.com\/fr\/"},{"@type":"ListItem","position":2,"name":"Valkenburg","item":"https:\/\/www.koonings.com\/fr\/valkenburg\/"},{"@type":"ListItem","position":3,"name":"L&#8217;histoire"}]},{"@type":"WebSite","@id":"https:\/\/www.koonings.com\/fr\/#website","url":"https:\/\/www.koonings.com\/fr\/","name":"Koonings","description":"De grootste bruidsmodewinkel ter wereld","publisher":{"@id":"https:\/\/www.koonings.com\/fr\/#organization"},"potentialAction":[{"@type":"SearchAction","target":{"@type":"EntryPoint","urlTemplate":"https:\/\/www.koonings.com\/fr\/?s={search_term_string}"},"query-input":{"@type":"PropertyValueSpecification","valueRequired":true,"valueName":"search_term_string"}}],"inLanguage":"fr-FR"},{"@type":"Organization","@id":"https:\/\/www.koonings.com\/fr\/#organization","name":"Koonings","url":"https:\/\/www.koonings.com\/fr\/","logo":{"@type":"ImageObject","inLanguage":"fr-FR","@id":"https:\/\/www.koonings.com\/fr\/#\/schema\/logo\/image\/","url":"https:\/\/www.koonings.com\/wp-content\/uploads\/2024\/07\/logo.png","contentUrl":"https:\/\/www.koonings.com\/wp-content\/uploads\/2024\/07\/logo.png","width":600,"height":428,"caption":"Koonings"},"image":{"@id":"https:\/\/www.koonings.com\/fr\/#\/schema\/logo\/image\/"},"sameAs":["https:\/\/www.facebook.com\/kooningstheweddingpalace","https:\/\/www.instagram.com\/kooningstheweddingpalace","https:\/\/www.pinterest.com\/koonings","https:\/\/www.youtube.com\/kooningstheweddingpalace"]}]}},"_links":{"self":[{"href":"https:\/\/www.koonings.com\/fr\/wp-json\/wp\/v2\/pages\/19649","targetHints":{"allow":["GET"]}}],"collection":[{"href":"https:\/\/www.koonings.com\/fr\/wp-json\/wp\/v2\/pages"}],"about":[{"href":"https:\/\/www.koonings.com\/fr\/wp-json\/wp\/v2\/types\/page"}],"author":[{"embeddable":true,"href":"https:\/\/www.koonings.com\/fr\/wp-json\/wp\/v2\/users\/1"}],"replies":[{"embeddable":true,"href":"https:\/\/www.koonings.com\/fr\/wp-json\/wp\/v2\/comments?post=19649"}],"version-history":[{"count":2,"href":"https:\/\/www.koonings.com\/fr\/wp-json\/wp\/v2\/pages\/19649\/revisions"}],"predecessor-version":[{"id":21594,"href":"https:\/\/www.koonings.com\/fr\/wp-json\/wp\/v2\/pages\/19649\/revisions\/21594"}],"up":[{"embeddable":true,"href":"https:\/\/www.koonings.com\/fr\/wp-json\/wp\/v2\/pages\/16211"}],"wp:attachment":[{"href":"https:\/\/www.koonings.com\/fr\/wp-json\/wp\/v2\/media?parent=19649"}],"curies":[{"name":"wp","href":"https:\/\/api.w.org\/{rel}","templated":true}]}}