{"id":17321,"date":"2024-08-12T14:22:41","date_gmt":"2024-08-12T12:22:41","guid":{"rendered":"https:\/\/www.koonings.com\/inspiration\/code-vestimentaire-festival-chic\/"},"modified":"2024-08-13T22:27:48","modified_gmt":"2024-08-13T20:27:48","slug":"code-vestimentaire-festival-chic","status":"publish","type":"page","link":"https:\/\/www.koonings.com\/fr\/inspiration\/code-vestimentaire-festival-chic\/","title":{"rendered":"Code vestimentaire festival chic"},"content":{"rendered":"\r\n\r\n<div class=\"eye-element fullwidth-row alignfull style-both bg--none  alignfull \" style=\" \">\r\n\r\n    <div class=\"container\">\r\n        <div class=\"row\">\r\n            <div class=\"col-12\">\r\n                <div class=\"acf-innerblocks-container\">\n\n<h1 class=\"wp-block-heading has-text-align-center\" id=\"vind-jouw-unieke-festival-chique-bruiloft-look\">Trouvez votre look de mariage Festival Chic unique<div><strong style=\"box-sizing: inherit; margin-bottom: 0px; margin-top: 0px;\"><\/strong><span lang=\"EN-GB\" style=\"box-sizing: inherit; margin-bottom: 0px;\"><\/span><\/div><\/h1>\n\n\n\n<p class=\"has-text-align-center\">Le code vestimentaire &#8220;festival chic&#8221; n&#8217;existe pas depuis tr\u00e8s longtemps, mais il est extr\u00eamement populaire.\nCe code vestimentaire moderne est de plus en plus r\u00e9pandu dans les mariages.\nVous voulez savoir comment composer la tenue festival chic parfaite pour un mariage ?\nAlors lisez vite ce qui suit.     <\/p>\n\n\n\r\n<div class=\"eye-block empty-space empty-space--small pt-md-3 pb-md-3 pt-2 pb-2\" ><\/div>\n\n\r\n<div class=\"eye-block onpagenav  \">\r\n    <div class=\"container-fluid p-sm-0\">\r\n        <nav id=\"onpage-nav\" class=\"navbar navbar-expand text-center\" aria-label=\"Inhoudsopgave\">\r\n            <div class=\" justify-content-center\" id=\"navbarSupportedContent\">\r\n                <ul class=\"nav navbar-nav\">\r\n                    <li class=\"nav-item single-hint d-none\" style=\"pointer-events: none;\">\r\n                        <a class=\"nav-link\" href=\"javascript:void()\">Table des mati\u00e8res<\/a>\r\n                    <\/li>\r\n                                            <li class=\"nav-item\">\r\n                            <a class=\"nav-link\" href=\"#voici-le-code-vestimentaire-du-festival-chic-section\">Voici le code vestimentaire du festival chic<\/a>\r\n                        <\/li>\r\n                                            <li class=\"nav-item\">\r\n                            <a class=\"nav-link\" href=\"#festival-chic-pour-les-femmes-section\">Festival chic pour les femmes<\/a>\r\n                        <\/li>\r\n                                            <li class=\"nav-item\">\r\n                            <a class=\"nav-link\" href=\"#festival-chic-pour-hommes-section\">Festival chic pour hommes<\/a>\r\n                        <\/li>\r\n                                            <li class=\"nav-item\">\r\n                            <a class=\"nav-link\" href=\"#le-chic-des-festivals-a-faire-et-a-ne-pas-faire-section\">Le chic des festivals : \u00e0 faire et \u00e0 ne pas faire<\/a>\r\n                        <\/li>\r\n                                            <li class=\"nav-item\">\r\n                            <a class=\"nav-link\" href=\"#autres-codes-vestimentaires-section\">Autres codes vestimentaires<\/a>\r\n                        <\/li>\r\n                                    <\/ul>\r\n            <\/div>\r\n            <div class=\"dropdown\">\r\n                <a class=\"dropdown-toggle btn btn-primary\" id=\"dropdownMenuButton\" data-bs-toggle=\"dropdown\" aria-haspopup=\"true\" aria-expanded=\"false\">\r\n                    <i class=\"fa-solid fa-chevron-down\"><\/i>\r\n                <\/a>\r\n                <div class=\"dropdown-menu dropdown-menu-right\" aria-labelledby=\"dropdownMenuButton\">\r\n                <\/div>\r\n            <\/div>\r\n        <\/nav>\r\n    <\/div>\r\n<\/div>\n\n\r\n<div class=\"eye-block empty-space empty-space--medium pt-md-4 pb-md-4 pt-3 pb-3\" ><\/div>\n\n\r\n<div id=\"voici-le-code-vestimentaire-du-festival-chic-section\" class=\"eye-block menu-section\" title=\"voici-le-code-vestimentaire-du-festival-chic\" data-section-name=\"Voici le code vestimentaire du festival chic\"><\/div>\r\n\n\n\n<h2 class=\"wp-block-heading\" id=\"summerchique\">Voici le code vestimentaire du festival chic<\/h2>\n\n\n\n<p>Vous \u00eates invit\u00e9 \u00e0 un mariage sur le th\u00e8me des festivals ?\nOu bien le code vestimentaire &#8220;festival chic&#8221; figure-t-il sur la carte de mariage ?\nDans ce cas, il vous faut la tenue id\u00e9ale.\nLe code vestimentaire &#8220;festival chic&#8221; est synonyme d&#8217;ambiance estivale.\nMais comment cr\u00e9er un look cr\u00e9atif avec cette ambiance de festival tout en restant suffisamment classe pour un mariage ?\nCet \u00e9quilibre est un v\u00e9ritable d\u00e9fi et nous le comprenons parfaitement.\nAlors nous vous expliquons !      <\/p>\n\n\n\r\n<div class=\"eye-block empty-space empty-space--medium pt-md-4 pb-md-4 pt-3 pb-3\" ><\/div>\n\n\r\n<div id=\"festival-chic-pour-les-femmes-section\" class=\"eye-block menu-section\" title=\"festival-chic-pour-les-femmes\" data-section-name=\"Festival chic pour les femmes\"><\/div>\r\n\n\n\n<h2 class=\"wp-block-heading\" id=\"summerchique\">Festival chic pour les femmes<\/h2>\n\n\n\n<p>Pour les femmes, le code vestimentaire du festival chic consiste \u00e0 adopter un look estival, cr\u00e9atif et joyeux.\nLes couleurs et les imprim\u00e9s s&#8217;y pr\u00eatent parfaitement.\nDes couleurs vives et des imprim\u00e9s charg\u00e9s aux tons neutres et aux imprim\u00e9s calmes.\nLes robes, les jupes et les combinaisons sont les options id\u00e9ales.\nDe pr\u00e9f\u00e9rence, ne choisissez pas le daim, le cuir ou la fourrure comme mati\u00e8res.\nPour le code vestimentaire du festival chic, portez des v\u00eatements confortables et a\u00e9r\u00e9s.       <\/p>\n\n\n\n<p>Mais n&#8217;oubliez pas le mot chic dans le code vestimentaire.\nVeillez \u00e0 ce que votre tenue reste suffisamment classe pour un mariage.\nPas de d\u00e9bardeurs ni de shorts.\nLes d\u00e9collet\u00e9s et les jambes nues sont acceptables, mais pas trop.   <\/p>\n\n\n\n<p><br\/>A<strong>ccessoires <\/strong> En mati\u00e8re d&#8217;<a href=\"https:\/\/www.koonings.com\/fr\/mariee\/accessoires\/\">accessoires<\/a>, vous pouvez tout m\u00e9langer.\nRien n&#8217;est trop fou, tout va bien !\nLes bijoux tels que les longs colliers, plusieurs bracelets fins ou les bagues \u00e0 effet donnent un effet ludique \u00e0 votre tenue.\nLes accessoires tels que les chapeaux, les lunettes de soleil, les bandanas et les fleurs cr\u00e9ent une ambiance estivale qui s&#8217;accorde parfaitement avec le code vestimentaire du festival.   <\/p>\n\n\n\n<p><br\/>C<strong>haussures <\/strong> Pour les chaussures, il est pr\u00e9f\u00e9rable d&#8217;opter pour des sandales ou des chaussures compens\u00e9es.\nSi votre tenue est un peu plus chic, vous pouvez choisir de la combiner avec une paire de bottes robustes.\nSurtout, ne portez pas d&#8217;escarpins, ils sont trop chics pour ce code vestimentaire  <\/p>\n\n\n\r\n<div class=\"eye-block empty-space empty-space--medium pt-md-4 pb-md-4 pt-3 pb-3\" ><\/div>\n\n\n<h2 class=\"wp-block-heading\" id=\"dameskort\">Festival chic pour les femmes en bref<\/h2>\n\n\n\n<ul class=\"wp-block-list\">\n<li>Code vestimentaire d\u00e9contract\u00e9, mais avec juste ce qu&#8217;il faut de classe<\/li>\n\n\n\n<li>M\u00e9langez et associez : soyez cr\u00e9atifs !<\/li>\n\n\n\n<li>Beaucoup d&#8217;accessoires d&#8217;\u00e9t\u00e9, comme des bijoux, des lunettes de soleil et un chapeau.<\/li>\n\n\n\n<li>Des sandales ou des chaussures compens\u00e9es au lieu d&#8217;escarpins<\/li>\n<\/ul>\n\n\n\r\n<div class=\"eye-element bsbutton text-start \" >\r\n\t        <a class=\"btn btn-primary\" href=\"https:\/\/www.koonings.com\/fr\/collection-de-mariages\/invites-et-gala\/mode-feminine\/\"\r\n           target=\"\">Consultez notre collection de mode f\u00e9minine<\/a>\r\n\t<\/div>\n\n\r\n<div class=\"eye-block empty-space empty-space--medium pt-md-4 pb-md-4 pt-3 pb-3\" ><\/div>\n\n\r\n<div id=\"festival-chic-pour-hommes-section\" class=\"eye-block menu-section\" title=\"festival-chic-pour-hommes\" data-section-name=\"Festival chic pour hommes\"><\/div>\r\n\n\n\n<h2 class=\"wp-block-heading\" id=\"hiermee-moet-je-rekening-houden\">Festival chic pour hommes<\/h2>\n\n\n\n<p>Pour les hommes aussi, le code vestimentaire du festival chic se r\u00e9sume \u00e0 un look joyeux, estival et cr\u00e9atif.\nPas de costume trois pi\u00e8ces ni de chaussures en cuir verni.\nUne tenue l\u00e9g\u00e8re et confortable convient parfaitement, mais veillez \u00e0 ne pas porter de v\u00eatements trop grands.\nLe slim ajoute un peu de classe \u00e0 votre look.\nChoisissez du lin ou du coton l\u00e9ger avec un imprim\u00e9 ou une couleur gaie.      <\/p>\n\n\n\n<p>Un beau costume vous mettra toujours \u00e0 la bonne place pour ce code vestimentaire.\nMais le chic festivalier exige une certaine nonchalance.\nC&#8217;est pourquoi votre costume ne doit pas n\u00e9cessairement se composer d&#8217;un pantalon et d&#8217;un blazer assortis.\nSoyez cr\u00e9atif et combinez les couleurs et les imprim\u00e9s.\nN&#8217;oubliez pas qu&#8217;il y a une diff\u00e9rence entre la gaiet\u00e9 et l&#8217;erreur.      <\/p>\n\n\n\n<p>Vous pr\u00e9f\u00e9rez ne pas porter de costume ?\nVous pouvez alors opter pour un pantalon chino avec un beau polo.\nOu optez pour un look encore plus d\u00e9contract\u00e9 et portez votre polo sur un short.    <\/p>\n\n\n\n<p><br\/>A<strong>ccessoires <\/strong> Vous avez une tenue \u00e0 l&#8217;imprim\u00e9 charg\u00e9 ?\n\u00c9quilibrez votre look avec des accessoires peu nombreux et discrets.\nVous avez une tenue discr\u00e8te ?\nDans ce cas, vous pouvez la rendre aussi folle que vous le souhaitez avec des accessoires.\nUn chapeau, des bracelets en cuir ou des lunettes de soleil.    <\/p>\n\n\n\n<p><br\/>C<strong>haussures<\/strong> Concernant les chaussures<strong> <\/strong>le code vestimentaire festival chic est tout aussi simple.<strong> <\/strong>Portez vos belles baskets ou une paire de mocassins d&#8217;\u00e9t\u00e9.\nVous voulez vous assurer qu&#8217;elles s&#8217;accordent bien avec le reste de votre tenue ?\nChoisissez des chaussures dont la couleur est assortie au reste de votre tenue.  <\/p>\n\n\n\r\n<div class=\"eye-block empty-space empty-space--medium pt-md-4 pb-md-4 pt-3 pb-3\" ><\/div>\n\n\n<h2 class=\"wp-block-heading\" id=\"herenkort\">Festival chic pour hommes en bref<\/h2>\n\n\n\n<ul class=\"wp-block-list\">\n<li>Code vestimentaire d\u00e9contract\u00e9, mais avec juste ce qu&#8217;il faut de classe<\/li>\n\n\n\n<li>Mince ou a\u00e9r\u00e9<\/li>\n\n\n\n<li>Accessoires tels que chapeau ou lunettes de soleil<\/li>\n\n\n\n<li>Des baskets \u00e9l\u00e9gantes ou des mocassins d&#8217;\u00e9t\u00e9<\/li>\n<\/ul>\n\n\n\r\n<div class=\"eye-element bsbutton text-start \" >\r\n\t        <a class=\"btn btn-primary\" href=\"https:\/\/www.koonings.com\/fr\/collection-de-mariages\/invites-et-gala\/invites-de-mariage-masculins\/\"\r\n           target=\"\">Voir notre collection de v\u00eatements pour hommes<\/a>\r\n\t<\/div>\n\n\r\n<div class=\"eye-block empty-space empty-space--medium pt-md-4 pb-md-4 pt-3 pb-3\" ><\/div>\n\n\r\n<div id=\"le-chic-des-festivals-a-faire-et-a-ne-pas-faire-section\" class=\"eye-block menu-section\" title=\"le-chic-des-festivals-a-faire-et-a-ne-pas-faire\" data-section-name=\"Le chic des festivals : \u00e0 faire et \u00e0 ne pas faire\"><\/div>\r\n\n\n\n<h2 class=\"wp-block-heading\" id=\"do\">Le chic des festivals : \u00e0 faire et \u00e0 ne pas faire<\/h2>\n\n\n\n<h3 class=\"wp-block-heading\" id=\"dames\">Femmes<\/h3>\n\n\n\n<p><strong>\u00c0 faire<\/strong><\/p>\n\n\n\n<ul class=\"wp-block-list\">\n<li>Optez pour un tissu a\u00e9r\u00e9<\/li>\n\n\n\n<li>Couleurs et imprim\u00e9s gais<\/li>\n\n\n\n<li>Utilisez des accessoires d&#8217;\u00e9t\u00e9<\/li>\n\n\n\n<li>Sandales ou semelles compens\u00e9es<\/li>\n<\/ul>\n\n\n\n<p><strong>\u00c0 ne pas faire<\/strong><\/p>\n\n\n\n<ul class=\"wp-block-list\">\n<li>N&#8217;oubliez pas le mot chic<\/li>\n\n\n\n<li>Pas de d\u00e9bardeurs ni de shorts<\/li>\n\n\n\n<li>\u00c9vitez le daim, le cuir et la fourrure<\/li>\n<\/ul>\n\n\n\n<h3 class=\"wp-block-heading\" id=\"heren\">Hommes  <\/h3>\n\n\n\n<p><strong>\u00c0 faire<\/strong><\/p>\n\n\n\n<ul class=\"wp-block-list\">\n<li>Optez pour un tissu a\u00e9r\u00e9<\/li>\n\n\n\n<li>Couleurs et imprim\u00e9s gais<\/li>\n\n\n\n<li>Utilisez des accessoires d&#8217;\u00e9t\u00e9<\/li>\n\n\n\n<li>Baskets ou mocassins<\/li>\n<\/ul>\n\n\n\n<p><strong>\u00c0 ne pas faire<\/strong><\/p>\n\n\n\n<ul class=\"wp-block-list\">\n<li>N&#8217;oubliez pas le mot chic<\/li>\n\n\n\n<li>Pas de v\u00eatements trop grands<\/li>\n\n\n\n<li>\u00c9vitez le daim, le cuir et la fourrure<\/li>\n<\/ul>\n\n\n\r\n<div class=\"eye-block empty-space empty-space--medium pt-md-4 pb-md-4 pt-3 pb-3\" ><\/div>\n\n\r\n<div id=\"autres-codes-vestimentaires-section\" class=\"eye-block menu-section\" title=\"autres-codes-vestimentaires\" data-section-name=\"Autres codes vestimentaires\"><\/div>\r\n\n\n\n<h2 class=\"wp-block-heading\" id=\"andere\"><strong>Autres codes vestimentaires<\/strong><\/h2>\n\n\n\n<p>Allez-vous bient\u00f4t c\u00e9l\u00e9brer un mariage avec un code vestimentaire diff\u00e9rent ?\nSi c&#8217;est le cas, lisez les lignes directrices de ces codes vestimentaires populaires <a href=\"\"><strong>codes vestimentaires populaires<\/strong><\/a>: <\/p>\n\n\n\n<p><a href=\"https:\/\/www.koonings.com\/fr\/inspiration\/code-vestimentaire-hiver-chic\/\"><strong>Chic hivernal<\/strong><\/a><\/p>\n\n\n\n<p><strong><a href=\"https:\/\/www.koonings.com\/fr\/inspiration\/code-vestimentaire-cocktail\/\">Cocktail<\/a><\/strong><\/p>\n\n\n\n<p><strong><a href=\"https:\/\/www.koonings.com\/fr\/inspiration\/code-vestimentaire-tenue-de-ville\/\">Tenue de ville<\/a><\/strong><\/p>\n\n\n\n<p><strong><a href=\"https:\/\/www.koonings.com\/fr\/inspiration\/code-vestimentaire-chic-et-decontracte\/\">D\u00e9contract\u00e9 chic<\/a><\/strong><\/p>\n\n\n\n<p><strong><a href=\"https:\/\/www.koonings.com\/fr\/inspiration\/code-vestimentaire-boheme\/\">Boh\u00e8me<\/a><\/strong><\/p>\n\n\n\n<p><strong><a href=\"https:\/\/www.koonings.com\/fr\/inspiration\/code-vestimentaire-cravate-noire\/\">Cravate noire<\/a><\/strong><\/p>\n\n\n\n<p><strong><a href=\"https:\/\/www.koonings.com\/fr\/inspiration\/code-vestimentaire-decontracte\/\">D\u00e9contract\u00e9<\/a><\/strong><\/p>\n\n\n\n<p><strong><a href=\"https:\/\/www.koonings.com\/fr\/inspiration\/code-vestimentaire-festival-chic\/\">Festival chic<\/a><\/strong><\/p>\n\n<\/div>\r\n            <\/div>\r\n        <\/div>\r\n    <\/div>\r\n\r\n<\/div>\r\n\r\n    ","protected":false},"excerpt":{"rendered":"","protected":false},"author":1,"featured_media":0,"parent":16224,"menu_order":0,"comment_status":"closed","ping_status":"closed","template":"","meta":{"_acf_changed":false,"ghostkit_customizer_options":"","ghostkit_custom_css":"","ghostkit_custom_js_head":"","ghostkit_custom_js_foot":"","ghostkit_typography":"","footnotes":""},"class_list":["post-17321","page","type-page","status-publish","hentry"],"acf":[],"yoast_head":"<!-- This site is optimized with the Yoast SEO plugin v27.3 - https:\/\/yoast.com\/product\/yoast-seo-wordpress\/ -->\n<title>Code vestimentaire Festival chic | Koonings<\/title>\n<meta name=\"description\" content=\"Le code vestimentaire &quot;festival chic&quot; n&#039;existe pas depuis longtemps, mais il est extr\u00eamement populaire. D\u00e9couvrez ici comment composer la tenue festival chic parfaite pour un mariage !\" \/>\n<meta name=\"robots\" content=\"index, follow, max-snippet:-1, max-image-preview:large, max-video-preview:-1\" \/>\n<link rel=\"canonical\" href=\"https:\/\/www.koonings.com\/fr\/inspiration\/code-vestimentaire-festival-chic\/\" \/>\n<meta property=\"og:locale\" content=\"fr_FR\" \/>\n<meta property=\"og:type\" content=\"article\" \/>\n<meta property=\"og:title\" content=\"Code vestimentaire Festival chic | Koonings\" \/>\n<meta property=\"og:description\" content=\"Le code vestimentaire &quot;festival chic&quot; n&#039;existe pas depuis longtemps, mais il est extr\u00eamement populaire. D\u00e9couvrez ici comment composer la tenue festival chic parfaite pour un mariage !\" \/>\n<meta property=\"og:url\" content=\"https:\/\/www.koonings.com\/fr\/inspiration\/code-vestimentaire-festival-chic\/\" \/>\n<meta property=\"og:site_name\" content=\"Koonings\" \/>\n<meta property=\"article:publisher\" content=\"https:\/\/www.facebook.com\/kooningstheweddingpalace\" \/>\n<meta property=\"article:modified_time\" content=\"2024-08-13T20:27:48+00:00\" \/>\n<meta property=\"og:image\" content=\"https:\/\/www.koonings.com\/wp-content\/uploads\/2024\/06\/palace-hero-screenshot-1024x575.png\" \/>\n\t<meta property=\"og:image:width\" content=\"1024\" \/>\n\t<meta property=\"og:image:height\" content=\"575\" \/>\n\t<meta property=\"og:image:type\" content=\"image\/png\" \/>\n<meta name=\"twitter:card\" content=\"summary_large_image\" \/>\n<meta name=\"twitter:label1\" content=\"Dur\u00e9e de lecture estim\u00e9e\" \/>\n\t<meta name=\"twitter:data1\" content=\"5 minutes\" \/>\n<script type=\"application\/ld+json\" class=\"yoast-schema-graph\">{\"@context\":\"https:\\\/\\\/schema.org\",\"@graph\":[{\"@type\":\"WebPage\",\"@id\":\"https:\\\/\\\/www.koonings.com\\\/fr\\\/inspiration\\\/code-vestimentaire-festival-chic\\\/\",\"url\":\"https:\\\/\\\/www.koonings.com\\\/fr\\\/inspiration\\\/code-vestimentaire-festival-chic\\\/\",\"name\":\"Code vestimentaire Festival chic | Koonings\",\"isPartOf\":{\"@id\":\"https:\\\/\\\/www.koonings.com\\\/fr\\\/#website\"},\"datePublished\":\"2024-08-12T12:22:41+00:00\",\"dateModified\":\"2024-08-13T20:27:48+00:00\",\"description\":\"Le code vestimentaire \\\"festival chic\\\" n'existe pas depuis longtemps, mais il est extr\u00eamement populaire. D\u00e9couvrez ici comment composer la tenue festival chic parfaite pour un mariage !\",\"breadcrumb\":{\"@id\":\"https:\\\/\\\/www.koonings.com\\\/fr\\\/inspiration\\\/code-vestimentaire-festival-chic\\\/#breadcrumb\"},\"inLanguage\":\"fr-FR\",\"potentialAction\":[{\"@type\":\"ReadAction\",\"target\":[\"https:\\\/\\\/www.koonings.com\\\/fr\\\/inspiration\\\/code-vestimentaire-festival-chic\\\/\"]}]},{\"@type\":\"BreadcrumbList\",\"@id\":\"https:\\\/\\\/www.koonings.com\\\/fr\\\/inspiration\\\/code-vestimentaire-festival-chic\\\/#breadcrumb\",\"itemListElement\":[{\"@type\":\"ListItem\",\"position\":1,\"name\":\"Home\",\"item\":\"https:\\\/\\\/www.koonings.com\\\/fr\\\/\"},{\"@type\":\"ListItem\",\"position\":2,\"name\":\"Inspiration\",\"item\":\"https:\\\/\\\/www.koonings.com\\\/fr\\\/inspiration\\\/\"},{\"@type\":\"ListItem\",\"position\":3,\"name\":\"Code vestimentaire festival chic\"}]},{\"@type\":\"WebSite\",\"@id\":\"https:\\\/\\\/www.koonings.com\\\/fr\\\/#website\",\"url\":\"https:\\\/\\\/www.koonings.com\\\/fr\\\/\",\"name\":\"Koonings\",\"description\":\"De grootste bruidsmodewinkel ter wereld\",\"publisher\":{\"@id\":\"https:\\\/\\\/www.koonings.com\\\/fr\\\/#organization\"},\"potentialAction\":[{\"@type\":\"SearchAction\",\"target\":{\"@type\":\"EntryPoint\",\"urlTemplate\":\"https:\\\/\\\/www.koonings.com\\\/fr\\\/?s={search_term_string}\"},\"query-input\":{\"@type\":\"PropertyValueSpecification\",\"valueRequired\":true,\"valueName\":\"search_term_string\"}}],\"inLanguage\":\"fr-FR\"},{\"@type\":\"Organization\",\"@id\":\"https:\\\/\\\/www.koonings.com\\\/fr\\\/#organization\",\"name\":\"Koonings\",\"url\":\"https:\\\/\\\/www.koonings.com\\\/fr\\\/\",\"logo\":{\"@type\":\"ImageObject\",\"inLanguage\":\"fr-FR\",\"@id\":\"https:\\\/\\\/www.koonings.com\\\/fr\\\/#\\\/schema\\\/logo\\\/image\\\/\",\"url\":\"https:\\\/\\\/www.koonings.com\\\/wp-content\\\/uploads\\\/2024\\\/07\\\/logo.png\",\"contentUrl\":\"https:\\\/\\\/www.koonings.com\\\/wp-content\\\/uploads\\\/2024\\\/07\\\/logo.png\",\"width\":600,\"height\":428,\"caption\":\"Koonings\"},\"image\":{\"@id\":\"https:\\\/\\\/www.koonings.com\\\/fr\\\/#\\\/schema\\\/logo\\\/image\\\/\"},\"sameAs\":[\"https:\\\/\\\/www.facebook.com\\\/kooningstheweddingpalace\",\"https:\\\/\\\/www.instagram.com\\\/kooningstheweddingpalace\",\"https:\\\/\\\/www.pinterest.com\\\/koonings\",\"https:\\\/\\\/www.youtube.com\\\/kooningstheweddingpalace\"]}]}<\/script>\n<!-- \/ Yoast SEO plugin. -->","yoast_head_json":{"title":"Code vestimentaire Festival chic | Koonings","description":"Le code vestimentaire \"festival chic\" n'existe pas depuis longtemps, mais il est extr\u00eamement populaire. D\u00e9couvrez ici comment composer la tenue festival chic parfaite pour un mariage !","robots":{"index":"index","follow":"follow","max-snippet":"max-snippet:-1","max-image-preview":"max-image-preview:large","max-video-preview":"max-video-preview:-1"},"canonical":"https:\/\/www.koonings.com\/fr\/inspiration\/code-vestimentaire-festival-chic\/","og_locale":"fr_FR","og_type":"article","og_title":"Code vestimentaire Festival chic | Koonings","og_description":"Le code vestimentaire \"festival chic\" n'existe pas depuis longtemps, mais il est extr\u00eamement populaire. D\u00e9couvrez ici comment composer la tenue festival chic parfaite pour un mariage !","og_url":"https:\/\/www.koonings.com\/fr\/inspiration\/code-vestimentaire-festival-chic\/","og_site_name":"Koonings","article_publisher":"https:\/\/www.facebook.com\/kooningstheweddingpalace","article_modified_time":"2024-08-13T20:27:48+00:00","og_image":[{"width":1024,"height":575,"url":"https:\/\/www.koonings.com\/wp-content\/uploads\/2024\/06\/palace-hero-screenshot-1024x575.png","type":"image\/png"}],"twitter_card":"summary_large_image","twitter_misc":{"Dur\u00e9e de lecture estim\u00e9e":"5 minutes"},"schema":{"@context":"https:\/\/schema.org","@graph":[{"@type":"WebPage","@id":"https:\/\/www.koonings.com\/fr\/inspiration\/code-vestimentaire-festival-chic\/","url":"https:\/\/www.koonings.com\/fr\/inspiration\/code-vestimentaire-festival-chic\/","name":"Code vestimentaire Festival chic | Koonings","isPartOf":{"@id":"https:\/\/www.koonings.com\/fr\/#website"},"datePublished":"2024-08-12T12:22:41+00:00","dateModified":"2024-08-13T20:27:48+00:00","description":"Le code vestimentaire \"festival chic\" n'existe pas depuis longtemps, mais il est extr\u00eamement populaire. D\u00e9couvrez ici comment composer la tenue festival chic parfaite pour un mariage !","breadcrumb":{"@id":"https:\/\/www.koonings.com\/fr\/inspiration\/code-vestimentaire-festival-chic\/#breadcrumb"},"inLanguage":"fr-FR","potentialAction":[{"@type":"ReadAction","target":["https:\/\/www.koonings.com\/fr\/inspiration\/code-vestimentaire-festival-chic\/"]}]},{"@type":"BreadcrumbList","@id":"https:\/\/www.koonings.com\/fr\/inspiration\/code-vestimentaire-festival-chic\/#breadcrumb","itemListElement":[{"@type":"ListItem","position":1,"name":"Home","item":"https:\/\/www.koonings.com\/fr\/"},{"@type":"ListItem","position":2,"name":"Inspiration","item":"https:\/\/www.koonings.com\/fr\/inspiration\/"},{"@type":"ListItem","position":3,"name":"Code vestimentaire festival chic"}]},{"@type":"WebSite","@id":"https:\/\/www.koonings.com\/fr\/#website","url":"https:\/\/www.koonings.com\/fr\/","name":"Koonings","description":"De grootste bruidsmodewinkel ter wereld","publisher":{"@id":"https:\/\/www.koonings.com\/fr\/#organization"},"potentialAction":[{"@type":"SearchAction","target":{"@type":"EntryPoint","urlTemplate":"https:\/\/www.koonings.com\/fr\/?s={search_term_string}"},"query-input":{"@type":"PropertyValueSpecification","valueRequired":true,"valueName":"search_term_string"}}],"inLanguage":"fr-FR"},{"@type":"Organization","@id":"https:\/\/www.koonings.com\/fr\/#organization","name":"Koonings","url":"https:\/\/www.koonings.com\/fr\/","logo":{"@type":"ImageObject","inLanguage":"fr-FR","@id":"https:\/\/www.koonings.com\/fr\/#\/schema\/logo\/image\/","url":"https:\/\/www.koonings.com\/wp-content\/uploads\/2024\/07\/logo.png","contentUrl":"https:\/\/www.koonings.com\/wp-content\/uploads\/2024\/07\/logo.png","width":600,"height":428,"caption":"Koonings"},"image":{"@id":"https:\/\/www.koonings.com\/fr\/#\/schema\/logo\/image\/"},"sameAs":["https:\/\/www.facebook.com\/kooningstheweddingpalace","https:\/\/www.instagram.com\/kooningstheweddingpalace","https:\/\/www.pinterest.com\/koonings","https:\/\/www.youtube.com\/kooningstheweddingpalace"]}]}},"_links":{"self":[{"href":"https:\/\/www.koonings.com\/fr\/wp-json\/wp\/v2\/pages\/17321","targetHints":{"allow":["GET"]}}],"collection":[{"href":"https:\/\/www.koonings.com\/fr\/wp-json\/wp\/v2\/pages"}],"about":[{"href":"https:\/\/www.koonings.com\/fr\/wp-json\/wp\/v2\/types\/page"}],"author":[{"embeddable":true,"href":"https:\/\/www.koonings.com\/fr\/wp-json\/wp\/v2\/users\/1"}],"replies":[{"embeddable":true,"href":"https:\/\/www.koonings.com\/fr\/wp-json\/wp\/v2\/comments?post=17321"}],"version-history":[{"count":1,"href":"https:\/\/www.koonings.com\/fr\/wp-json\/wp\/v2\/pages\/17321\/revisions"}],"predecessor-version":[{"id":17322,"href":"https:\/\/www.koonings.com\/fr\/wp-json\/wp\/v2\/pages\/17321\/revisions\/17322"}],"up":[{"embeddable":true,"href":"https:\/\/www.koonings.com\/fr\/wp-json\/wp\/v2\/pages\/16224"}],"wp:attachment":[{"href":"https:\/\/www.koonings.com\/fr\/wp-json\/wp\/v2\/media?parent=17321"}],"curies":[{"name":"wp","href":"https:\/\/api.w.org\/{rel}","templated":true}]}}