{"id":17313,"date":"2024-08-12T14:22:31","date_gmt":"2024-08-12T12:22:31","guid":{"rendered":"https:\/\/www.koonings.com\/inspiration\/code-vestimentaire-decontracte\/"},"modified":"2024-08-13T22:27:49","modified_gmt":"2024-08-13T20:27:49","slug":"code-vestimentaire-decontracte","status":"publish","type":"page","link":"https:\/\/www.koonings.com\/fr\/inspiration\/code-vestimentaire-decontracte\/","title":{"rendered":"Code vestimentaire : d\u00e9contract\u00e9"},"content":{"rendered":"\r\n\r\n<div class=\"eye-element fullwidth-row alignfull style-both bg--none  alignfull \" style=\" \">\r\n\r\n    <div class=\"container\">\r\n        <div class=\"row\">\r\n            <div class=\"col-12\">\r\n                <div class=\"acf-innerblocks-container\">\n\n<h1 class=\"wp-block-heading has-text-align-center\" id=\"stijlvol-en-comfortabel-zo-draag-je-de-smart-casual-dresscode\"><strong>\u00c9l\u00e9gant et confortable : voici comment porter le<\/strong>code vestimentaire &#8220;<strong>smart<\/strong>casual<strong>&#8220;.<\/strong><br\/><div><span lang=\"EN-GB\" style=\"box-sizing: inherit; margin-bottom: 0px;\"><\/span><\/div><\/h1>\n\n\n\n<p class=\"has-text-align-center\">Le nom dit tout.\nLe code vestimentaire smart casual est d\u00e9contract\u00e9 mais avec une touche de chic.\nLe point de d\u00e9part est un look \u00e9l\u00e9gant, \u00e0 la mode et soign\u00e9.\nVous \u00eates tr\u00e8s libre dans le choix de vos v\u00eatements, c&#8217;est pourquoi ce code vestimentaire est de plus en plus populaire.\nMais cela rend \u00e9galement difficile l&#8217;\u00e9valuation de la tenue qui convient.\nVous pouvez lire ici ce qu&#8217;implique exactement le code vestimentaire &#8220;smart casual&#8221; !     <br\/><\/p>\n\n\n\r\n<div class=\"eye-block empty-space empty-space--small pt-md-3 pb-md-3 pt-2 pb-2\" ><\/div>\n\n\r\n<div class=\"eye-block onpagenav  \">\r\n    <div class=\"container-fluid p-sm-0\">\r\n        <nav id=\"onpage-nav\" class=\"navbar navbar-expand text-center\" aria-label=\"Inhoudsopgave\">\r\n            <div class=\" justify-content-center\" id=\"navbarSupportedContent\">\r\n                <ul class=\"nav navbar-nav\">\r\n                    <li class=\"nav-item single-hint d-none\" style=\"pointer-events: none;\">\r\n                        <a class=\"nav-link\" href=\"javascript:void()\">Table des mati\u00e8res<\/a>\r\n                    <\/li>\r\n                                            <li class=\"nav-item\">\r\n                            <a class=\"nav-link\" href=\"#quest-ce-que-la-decontraction-section\">Qu&#8217;est-ce que la d\u00e9contraction ?<\/a>\r\n                        <\/li>\r\n                                            <li class=\"nav-item\">\r\n                            <a class=\"nav-link\" href=\"#decontracte-pour-les-femmes-section\">D\u00e9contract\u00e9 pour les femmes<\/a>\r\n                        <\/li>\r\n                                            <li class=\"nav-item\">\r\n                            <a class=\"nav-link\" href=\"#decontracte-pour-les-hommes-section\">D\u00e9contract\u00e9 pour les hommes<\/a>\r\n                        <\/li>\r\n                                            <li class=\"nav-item\">\r\n                            <a class=\"nav-link\" href=\"#les-choses-a-faire-et-a-ne-pas-faire-en-matiere-delegance-decontractee-section\">Les choses \u00e0 faire et \u00e0 ne pas faire en mati\u00e8re d&#8217;\u00e9l\u00e9gance d\u00e9contract\u00e9e<\/a>\r\n                        <\/li>\r\n                                            <li class=\"nav-item\">\r\n                            <a class=\"nav-link\" href=\"#la-difference-entre-une-tenue-decontractee-et-une-tenue-decontractee-chic-section\">La diff\u00e9rence entre une tenue d\u00e9contract\u00e9e et une tenue d\u00e9contract\u00e9e chic  <\/a>\r\n                        <\/li>\r\n                                            <li class=\"nav-item\">\r\n                            <a class=\"nav-link\" href=\"#autres-codes-vestimentaires-section\">Autres codes vestimentaires<\/a>\r\n                        <\/li>\r\n                                    <\/ul>\r\n            <\/div>\r\n            <div class=\"dropdown\">\r\n                <a class=\"dropdown-toggle btn btn-primary\" id=\"dropdownMenuButton\" data-bs-toggle=\"dropdown\" aria-haspopup=\"true\" aria-expanded=\"false\">\r\n                    <i class=\"fa-solid fa-chevron-down\"><\/i>\r\n                <\/a>\r\n                <div class=\"dropdown-menu dropdown-menu-right\" aria-labelledby=\"dropdownMenuButton\">\r\n                <\/div>\r\n            <\/div>\r\n        <\/nav>\r\n    <\/div>\r\n<\/div>\n\n\r\n<div class=\"eye-block empty-space empty-space--medium pt-md-4 pb-md-4 pt-3 pb-3\" ><\/div>\n\n\r\n<div id=\"quest-ce-que-la-decontraction-section\" class=\"eye-block menu-section\" title=\"quest-ce-que-la-decontraction\" data-section-name=\"Qu'est-ce que la d\u00e9contraction ?\"><\/div>\r\n\n\n\n<h2 class=\"wp-block-heading\" id=\"summerchique\">Qu&#8217;est-ce que la d\u00e9contraction ?<\/h2>\n\n\n\n<p>Dans ce cas, &#8220;Smart&#8221; signifie &#8220;soign\u00e9&#8221;.\nLe nom du code vestimentaire dit donc exactement ce qu&#8217;il veut dire.\nDe mani\u00e8re cr\u00e9ative et ludique, vous combinez vos v\u00eatements pour obtenir l&#8217;\u00e9quilibre parfait.\nMais ce code vestimentaire n&#8217;est pas si facile \u00e0 d\u00e9crire en quelques mots.\nEn effet, le terme &#8220;smart casual&#8221; est tr\u00e8s large et peut \u00eatre interpr\u00e9t\u00e9 de diff\u00e9rentes mani\u00e8res.\nCe qui est appropri\u00e9 d\u00e9pend de l&#8217;occasion.\nNous vous expliquons comment appliquer le code vestimentaire smart casual pour un mariage.      <\/p>\n\n\n\r\n<div class=\"eye-block empty-space empty-space--medium pt-md-4 pb-md-4 pt-3 pb-3\" ><\/div>\n\n\r\n<div id=\"decontracte-pour-les-femmes-section\" class=\"eye-block menu-section\" title=\"decontracte-pour-les-femmes\" data-section-name=\"D\u00e9contract\u00e9 pour les femmes\"><\/div>\r\n\n\n\n<h2 class=\"wp-block-heading\" id=\"summerchique\">D\u00e9contract\u00e9 pour les femmes<\/h2>\n\n\n\n<p>Pour les femmes, une tenue d\u00e9contract\u00e9e est synonyme d&#8217;un look soign\u00e9, mais pas trop habill\u00e9.\nIl s&#8217;agit de trouver l&#8217;\u00e9quilibre parfait entre confort et chic.\nPensez \u00e0 une jolie robe ou jupe \u00e0 la mode.\nOu choisissez un pantalon tendance ou une combinaison moderne avec un blazer ou un cardigan.   <\/p>\n\n\n\n<p>La tenue d\u00e9contract\u00e9e est un code vestimentaire accessible et informel.\nAlors que dans les codes vestimentaires formels, l&#8217;utilisation de couleurs et d&#8217;imprim\u00e9s est souvent un v\u00e9ritable interdit, ici, elle est m\u00eame encourag\u00e9e.\nRendez votre tenue personnelle et unique avec des couleurs vives et des imprim\u00e9s joyeux.\nTant que vous gardez l&#8217;\u00e9quilibre entre d\u00e9contraction et chic, vous pouvez laisser libre cours \u00e0 votre cr\u00e9ativit\u00e9.   <\/p>\n\n\n\n<p>N&#8217;oubliez pas de ne pas rendre votre tenue trop sexy.\nOptez pour un look chic et ne laissez pas trop de peau \u00e0 d\u00e9couvert.\nBien que la tenue d\u00e9contract\u00e9e soit un code vestimentaire libre, il s&#8217;agit tout de m\u00eame d&#8217;un mariage.\n\u00c9vitez donc les shorts, les jeans et les tongs.     <\/p>\n\n\n\n<p>Avec vos accessoires et vos chaussures, vous cr\u00e9ez des possibilit\u00e9s infinies.\nVos v\u00eatements sont un peu trop d\u00e9contract\u00e9s ?\nCompensez par un escarpin soign\u00e9.\nVotre tenue est un peu trop chic ?\nVous pouvez donner une touche d\u00e9contract\u00e9e \u00e0 votre tenue avec des bijoux color\u00e9s.\nGardez \u00e0 l&#8217;esprit que le code vestimentaire &#8220;smart casual&#8221; exige de la subtilit\u00e9 en mati\u00e8re d&#8217;accessoires.\nIl est donc pr\u00e9f\u00e9rable d&#8217;\u00e9viter les bijoux tape-\u00e0-l&#8217;\u0153il.      <\/p>\n\n\n\r\n<div class=\"eye-block empty-space empty-space--medium pt-md-4 pb-md-4 pt-3 pb-3\" ><\/div>\n\n\n<h2 class=\"wp-block-heading\" id=\"dameskort\">Une tenue d\u00e9contract\u00e9e pour les femmes en bref<\/h2>\n\n\n\n<ul class=\"wp-block-list\">\n<li>Des v\u00eatements d\u00e9contract\u00e9s avec une touche de chic<\/li>\n\n\n\n<li>Une tenue semi-formelle<\/li>\n\n\n\n<li>Les couleurs et les imprim\u00e9s sont autoris\u00e9s<\/li>\n\n\n\n<li>\u00c9vitez les shorts, les jeans et les tongs.<\/li>\n\n\n\n<li>Cr\u00e9ez l&#8217;\u00e9quilibre avec les bons accessoires<\/li>\n<\/ul>\n\n\n\r\n<div class=\"eye-element bsbutton text-start \" >\r\n\t        <a class=\"btn btn-primary\" href=\"https:\/\/www.koonings.com\/fr\/collection-de-mariages\/invites-et-gala\/mode-feminine\/\"\r\n           target=\"\">Consultez notre collection de mode f\u00e9minine<\/a>\r\n\t<\/div>\n\n\r\n<div class=\"eye-block empty-space empty-space--medium pt-md-4 pb-md-4 pt-3 pb-3\" ><\/div>\n\n\r\n<div id=\"decontracte-pour-les-hommes-section\" class=\"eye-block menu-section\" title=\"decontracte-pour-les-hommes\" data-section-name=\"D\u00e9contract\u00e9 pour les hommes\"><\/div>\r\n\n\n\n<h2 class=\"wp-block-heading\" id=\"hiermee-moet-je-rekening-houden\">D\u00e9contract\u00e9 pour les hommes<\/h2>\n\n\n\n<p>Pour les hommes aussi, il s&#8217;agit d&#8217;une tenue confortable mais soign\u00e9e.\nLa base du code vestimentaire smart casual est donc une chemise soign\u00e9e.\nAssociez votre chemise \u00e0 un pantalon soign\u00e9 si vous optez pour un look plus chic, ou choisissez un beau chino si vous pr\u00e9f\u00e9rez un look plus d\u00e9contract\u00e9.  <\/p>\n\n\n\n<p>Les jeans sont souvent trop d\u00e9contract\u00e9s.\nLes jeans trou\u00e9s, d\u00e9chir\u00e9s ou d\u00e9lav\u00e9s n&#8217;ont pas besoin de quitter le placard pour ce code vestimentaire.\nSi vous optez pour une paire de jeans noirs soign\u00e9s, veillez \u00e0 rehausser le reste de votre tenue avec une chemise soign\u00e9e et une cravate.  <\/p>\n\n\n\n<p>Il fait un peu plus froid le jour du mariage ?\nDans ce cas, vous pouvez opter pour une veste \u00e0 la mode.\nVeillez toutefois \u00e0 ne pas rendre votre tenue trop chic avec celle-ci.    <\/p>\n\n\n\n<p>Compl\u00e9tez votre tenue d\u00e9contract\u00e9e par des chaussures et des accessoires parfaits.\nLa cravate est autoris\u00e9e, mais elle rend la tenue imm\u00e9diatement plus formelle.\nUn accessoire qui n&#8217;est absolument pas n\u00e9cessaire pour ce code vestimentaire.  <\/p>\n\n\n\n<p>Les baskets sont souvent trop d\u00e9contract\u00e9es pour le code vestimentaire chic et d\u00e9contract\u00e9 des mariages.\nVotre tenue est-elle raisonnablement chic ?\nDans ce cas, une bonne paire de baskets fera l&#8217;affaire.\nSinon, laissez les baskets au placard et optez pour une paire de pantoufles ou de chaussures \u00e0 lacets.   <\/p>\n\n\n\r\n<div class=\"eye-block empty-space empty-space--medium pt-md-4 pb-md-4 pt-3 pb-3\" ><\/div>\n\n\n<h2 class=\"wp-block-heading\" id=\"herenkort\">La d\u00e9contraction pour les hommes en bref<\/h2>\n\n\n\n<ul class=\"wp-block-list\">\n<li>Smart Casual est un v\u00eatement d\u00e9contract\u00e9 avec une touche de chic.<\/li>\n\n\n\n<li>Une tenue semi-formelle<\/li>\n\n\n\n<li>Une chemise soign\u00e9e est la base<\/li>\n\n\n\n<li>\u00c9vitez les shorts, les jeans et les tongs.<\/li>\n<\/ul>\n\n\n\r\n<div class=\"eye-element bsbutton text-start \" >\r\n\t        <a class=\"btn btn-primary\" href=\"https:\/\/www.koonings.com\/fr\/collection-de-mariages\/invites-et-gala\/invites-de-mariage-masculins\/\"\r\n           target=\"\">Voir notre collection de v\u00eatements pour hommes<\/a>\r\n\t<\/div>\n\n\r\n<div class=\"eye-block empty-space empty-space--medium pt-md-4 pb-md-4 pt-3 pb-3\" ><\/div>\n\n\r\n<div id=\"les-choses-a-faire-et-a-ne-pas-faire-en-matiere-delegance-decontractee-section\" class=\"eye-block menu-section\" title=\"les-choses-a-faire-et-a-ne-pas-faire-en-matiere-delegance-decontractee\" data-section-name=\"Les choses \u00e0 faire et \u00e0 ne pas faire en mati\u00e8re d'\u00e9l\u00e9gance d\u00e9contract\u00e9e\"><\/div>\r\n\n\n\n<h2 class=\"wp-block-heading\" id=\"do\">Les choses \u00e0 faire et \u00e0 ne pas faire en mati\u00e8re d&#8217;\u00e9l\u00e9gance d\u00e9contract\u00e9e<\/h2>\n\n\n\n<h3 class=\"wp-block-heading\" id=\"dames\">Femmes  <\/h3>\n\n\n\n<p><strong>\u00c0 faire<\/strong><\/p>\n\n\n\n<ul class=\"wp-block-list\">\n<li>Utilisez des couleurs et des imprim\u00e9s<\/li>\n\n\n\n<li>Portez des chaussures soign\u00e9es<\/li>\n\n\n\n<li>Cr\u00e9ez un \u00e9quilibre avec vos accessoires<\/li>\n\n\n\n<li>Gardez la classe<\/li>\n<\/ul>\n\n\n\n<p><strong>\u00c0 ne pas faire<\/strong><\/p>\n\n\n\n<ul class=\"wp-block-list\">\n<li>Pas de shorts ni de jeans<\/li>\n\n\n\n<li>Ne portez pas de tongs ou de baskets.<\/li>\n\n\n\n<li>\u00c9vitez les bijoux tape-\u00e0-l&#8217;\u0153il<\/li>\n<\/ul>\n\n\n\n<h3 class=\"wp-block-heading\" id=\"heren\">Heren<\/h3>\n\n\n\n<p><strong>\u00c0 faire<\/strong><\/p>\n\n\n\n<ul class=\"wp-block-list\">\n<li>Une chemise soign\u00e9e est indispensable<\/li>\n\n\n\n<li>Portez des pantalons ou des chinos soign\u00e9s<\/li>\n\n\n\n<li>Associez-les \u00e0 des chaussures soign\u00e9es<\/li>\n<\/ul>\n\n\n\n<p><strong>\u00c0 ne pas faire<\/strong><\/p>\n\n\n\n<ul class=\"wp-block-list\">\n<li>\u00c9vitez les shorts et les jeans<\/li>\n\n\n\n<li>Ne portez pas de tongs ou de baskets.<\/li>\n<\/ul>\n\n\n\r\n<div class=\"eye-block empty-space empty-space--medium pt-md-4 pb-md-4 pt-3 pb-3\" ><\/div>\n\n\r\n<div id=\"la-difference-entre-une-tenue-decontractee-et-une-tenue-decontractee-chic-section\" class=\"eye-block menu-section\" title=\"la-difference-entre-une-tenue-decontractee-et-une-tenue-decontractee-chic\" data-section-name=\"La diff\u00e9rence entre une tenue d\u00e9contract\u00e9e et une tenue d\u00e9contract\u00e9e chic  \"><\/div>\r\n\n\n\n<h2 class=\"wp-block-heading\" id=\"andere\">La diff\u00e9rence entre une tenue d\u00e9contract\u00e9e et une tenue d\u00e9contract\u00e9e chic  <\/h2>\n\n\n\n<p>Les termes &#8220;d\u00e9contract\u00e9 \u00e9l\u00e9gant&#8221; et &#8220;d\u00e9contract\u00e9 chic&#8221; sont souvent utilis\u00e9s de mani\u00e8re interchangeable, mais il existe des diff\u00e9rences subtiles entre ces deux codes vestimentaires.\nLes deux styles m\u00e9langent des \u00e9l\u00e9ments d\u00e9contract\u00e9s et formels, mais ils ont des nuances et des accents diff\u00e9rents. <\/p>\n\n\n\n<p><br\/>F<strong>ormalit\u00e9 : <\/strong> le style d\u00e9contract\u00e9 est l\u00e9g\u00e8rement plus formel que le style d\u00e9contract\u00e9 chic<strong>. <\/strong><\/p>\n\n\n\n<p><br\/>F<strong>ocus :<\/strong> la d\u00e9contraction intelligente met l&#8217;accent sur un look soign\u00e9 et soign\u00e9, tandis que la d\u00e9contraction chic met l&#8217;accent sur la mode et les \u00e9l\u00e9ments branch\u00e9s.<\/p>\n\n\n\n<p><strong>Accessoires :<\/strong> <br\/>Le style d\u00e9contract\u00e9 et \u00e9l\u00e9gant conserve des accessoires subtils, tandis que le style d\u00e9contract\u00e9 et chic peut inclure des accessoires plus voyants et plus \u00e0 la mode.<\/p>\n\n\n\r\n<div class=\"eye-block empty-space empty-space--medium pt-md-4 pb-md-4 pt-3 pb-3\" ><\/div>\n\n\r\n<div id=\"autres-codes-vestimentaires-section\" class=\"eye-block menu-section\" title=\"autres-codes-vestimentaires\" data-section-name=\"Autres codes vestimentaires\"><\/div>\r\n\n\n\n<h2 class=\"wp-block-heading\" id=\"andere\"><strong>Autres codes vestimentaires<\/strong><\/h2>\n\n\n\n<p>Allez-vous bient\u00f4t c\u00e9l\u00e9brer un mariage avec un code vestimentaire diff\u00e9rent ?\nSi c&#8217;est le cas, lisez les lignes directrices de ces codes vestimentaires populaires <a href=\"\"><strong>codes vestimentaires populaires<\/strong><\/a>: <\/p>\n\n\n\n<p><a href=\"https:\/\/www.koonings.com\/fr\/inspiration\/code-vestimentaire-hiver-chic\/\"><strong>Chic hivernal<\/strong><\/a><\/p>\n\n\n\n<p><strong><a href=\"https:\/\/www.koonings.com\/fr\/inspiration\/code-vestimentaire-cocktail\/\">Cocktail<\/a><\/strong><\/p>\n\n\n\n<p><strong><a href=\"https:\/\/www.koonings.com\/fr\/inspiration\/code-vestimentaire-tenue-de-ville\/\">Tenue de ville<\/a><\/strong><\/p>\n\n\n\n<p><strong><a href=\"https:\/\/www.koonings.com\/fr\/inspiration\/code-vestimentaire-chic-et-decontracte\/\">D\u00e9contract\u00e9 chic<\/a><\/strong><\/p>\n\n\n\n<p><strong><a href=\"https:\/\/www.koonings.com\/fr\/inspiration\/code-vestimentaire-boheme\/\">Boh\u00e8me<\/a><\/strong><\/p>\n\n\n\n<p><strong><a href=\"https:\/\/www.koonings.com\/fr\/inspiration\/code-vestimentaire-cravate-noire\/\">Cravate noire<\/a><\/strong><\/p>\n\n\n\n<p><strong><a href=\"https:\/\/www.koonings.com\/fr\/inspiration\/code-vestimentaire-decontracte\/\">D\u00e9contract\u00e9<\/a><\/strong><\/p>\n\n\n\n<p><strong><a href=\"https:\/\/www.koonings.com\/fr\/inspiration\/code-vestimentaire-festival-chic\/\">Festival chic<\/a><\/strong><\/p>\n\n<\/div>\r\n            <\/div>\r\n        <\/div>\r\n    <\/div>\r\n\r\n<\/div>\r\n\r\n    ","protected":false},"excerpt":{"rendered":"","protected":false},"author":1,"featured_media":0,"parent":16224,"menu_order":0,"comment_status":"closed","ping_status":"closed","template":"","meta":{"_acf_changed":false,"ghostkit_customizer_options":"","ghostkit_custom_css":"","ghostkit_custom_js_head":"","ghostkit_custom_js_foot":"","ghostkit_typography":"","footnotes":""},"class_list":["post-17313","page","type-page","status-publish","hentry"],"acf":[],"yoast_head":"<!-- This site is optimized with the Yoast SEO plugin v27.3 - https:\/\/yoast.com\/product\/yoast-seo-wordpress\/ -->\n<title>Code vestimentaire d\u00e9contract\u00e9 | Koonings<\/title>\n<meta name=\"description\" content=\"Le code vestimentaire &quot;smart casual&quot; est tr\u00e8s large. Il est donc difficile de d\u00e9terminer quelle tenue est appropri\u00e9e. Lisez ici ce qu&#039;implique le code vestimentaire &quot;smart casual&quot; !\" \/>\n<meta name=\"robots\" content=\"index, follow, max-snippet:-1, max-image-preview:large, max-video-preview:-1\" \/>\n<link rel=\"canonical\" href=\"https:\/\/www.koonings.com\/fr\/inspiration\/code-vestimentaire-decontracte\/\" \/>\n<meta property=\"og:locale\" content=\"fr_FR\" \/>\n<meta property=\"og:type\" content=\"article\" \/>\n<meta property=\"og:title\" content=\"Code vestimentaire d\u00e9contract\u00e9 | Koonings\" \/>\n<meta property=\"og:description\" content=\"Le code vestimentaire &quot;smart casual&quot; est tr\u00e8s large. Il est donc difficile de d\u00e9terminer quelle tenue est appropri\u00e9e. Lisez ici ce qu&#039;implique le code vestimentaire &quot;smart casual&quot; !\" \/>\n<meta property=\"og:url\" content=\"https:\/\/www.koonings.com\/fr\/inspiration\/code-vestimentaire-decontracte\/\" \/>\n<meta property=\"og:site_name\" content=\"Koonings\" \/>\n<meta property=\"article:publisher\" content=\"https:\/\/www.facebook.com\/kooningstheweddingpalace\" \/>\n<meta property=\"article:modified_time\" content=\"2024-08-13T20:27:49+00:00\" \/>\n<meta property=\"og:image\" content=\"https:\/\/www.koonings.com\/wp-content\/uploads\/2024\/06\/palace-hero-screenshot-1024x575.png\" \/>\n\t<meta property=\"og:image:width\" content=\"1024\" \/>\n\t<meta property=\"og:image:height\" content=\"575\" \/>\n\t<meta property=\"og:image:type\" content=\"image\/png\" \/>\n<meta name=\"twitter:card\" content=\"summary_large_image\" \/>\n<meta name=\"twitter:label1\" content=\"Dur\u00e9e de lecture estim\u00e9e\" \/>\n\t<meta name=\"twitter:data1\" content=\"5 minutes\" \/>\n<script type=\"application\/ld+json\" class=\"yoast-schema-graph\">{\"@context\":\"https:\\\/\\\/schema.org\",\"@graph\":[{\"@type\":\"WebPage\",\"@id\":\"https:\\\/\\\/www.koonings.com\\\/fr\\\/inspiration\\\/code-vestimentaire-decontracte\\\/\",\"url\":\"https:\\\/\\\/www.koonings.com\\\/fr\\\/inspiration\\\/code-vestimentaire-decontracte\\\/\",\"name\":\"Code vestimentaire d\u00e9contract\u00e9 | Koonings\",\"isPartOf\":{\"@id\":\"https:\\\/\\\/www.koonings.com\\\/fr\\\/#website\"},\"datePublished\":\"2024-08-12T12:22:31+00:00\",\"dateModified\":\"2024-08-13T20:27:49+00:00\",\"description\":\"Le code vestimentaire \\\"smart casual\\\" est tr\u00e8s large. Il est donc difficile de d\u00e9terminer quelle tenue est appropri\u00e9e. Lisez ici ce qu'implique le code vestimentaire \\\"smart casual\\\" !\",\"breadcrumb\":{\"@id\":\"https:\\\/\\\/www.koonings.com\\\/fr\\\/inspiration\\\/code-vestimentaire-decontracte\\\/#breadcrumb\"},\"inLanguage\":\"fr-FR\",\"potentialAction\":[{\"@type\":\"ReadAction\",\"target\":[\"https:\\\/\\\/www.koonings.com\\\/fr\\\/inspiration\\\/code-vestimentaire-decontracte\\\/\"]}]},{\"@type\":\"BreadcrumbList\",\"@id\":\"https:\\\/\\\/www.koonings.com\\\/fr\\\/inspiration\\\/code-vestimentaire-decontracte\\\/#breadcrumb\",\"itemListElement\":[{\"@type\":\"ListItem\",\"position\":1,\"name\":\"Home\",\"item\":\"https:\\\/\\\/www.koonings.com\\\/fr\\\/\"},{\"@type\":\"ListItem\",\"position\":2,\"name\":\"Inspiration\",\"item\":\"https:\\\/\\\/www.koonings.com\\\/fr\\\/inspiration\\\/\"},{\"@type\":\"ListItem\",\"position\":3,\"name\":\"Code vestimentaire : d\u00e9contract\u00e9\"}]},{\"@type\":\"WebSite\",\"@id\":\"https:\\\/\\\/www.koonings.com\\\/fr\\\/#website\",\"url\":\"https:\\\/\\\/www.koonings.com\\\/fr\\\/\",\"name\":\"Koonings\",\"description\":\"De grootste bruidsmodewinkel ter wereld\",\"publisher\":{\"@id\":\"https:\\\/\\\/www.koonings.com\\\/fr\\\/#organization\"},\"potentialAction\":[{\"@type\":\"SearchAction\",\"target\":{\"@type\":\"EntryPoint\",\"urlTemplate\":\"https:\\\/\\\/www.koonings.com\\\/fr\\\/?s={search_term_string}\"},\"query-input\":{\"@type\":\"PropertyValueSpecification\",\"valueRequired\":true,\"valueName\":\"search_term_string\"}}],\"inLanguage\":\"fr-FR\"},{\"@type\":\"Organization\",\"@id\":\"https:\\\/\\\/www.koonings.com\\\/fr\\\/#organization\",\"name\":\"Koonings\",\"url\":\"https:\\\/\\\/www.koonings.com\\\/fr\\\/\",\"logo\":{\"@type\":\"ImageObject\",\"inLanguage\":\"fr-FR\",\"@id\":\"https:\\\/\\\/www.koonings.com\\\/fr\\\/#\\\/schema\\\/logo\\\/image\\\/\",\"url\":\"https:\\\/\\\/www.koonings.com\\\/wp-content\\\/uploads\\\/2024\\\/07\\\/logo.png\",\"contentUrl\":\"https:\\\/\\\/www.koonings.com\\\/wp-content\\\/uploads\\\/2024\\\/07\\\/logo.png\",\"width\":600,\"height\":428,\"caption\":\"Koonings\"},\"image\":{\"@id\":\"https:\\\/\\\/www.koonings.com\\\/fr\\\/#\\\/schema\\\/logo\\\/image\\\/\"},\"sameAs\":[\"https:\\\/\\\/www.facebook.com\\\/kooningstheweddingpalace\",\"https:\\\/\\\/www.instagram.com\\\/kooningstheweddingpalace\",\"https:\\\/\\\/www.pinterest.com\\\/koonings\",\"https:\\\/\\\/www.youtube.com\\\/kooningstheweddingpalace\"]}]}<\/script>\n<!-- \/ Yoast SEO plugin. -->","yoast_head_json":{"title":"Code vestimentaire d\u00e9contract\u00e9 | Koonings","description":"Le code vestimentaire \"smart casual\" est tr\u00e8s large. Il est donc difficile de d\u00e9terminer quelle tenue est appropri\u00e9e. Lisez ici ce qu'implique le code vestimentaire \"smart casual\" !","robots":{"index":"index","follow":"follow","max-snippet":"max-snippet:-1","max-image-preview":"max-image-preview:large","max-video-preview":"max-video-preview:-1"},"canonical":"https:\/\/www.koonings.com\/fr\/inspiration\/code-vestimentaire-decontracte\/","og_locale":"fr_FR","og_type":"article","og_title":"Code vestimentaire d\u00e9contract\u00e9 | Koonings","og_description":"Le code vestimentaire \"smart casual\" est tr\u00e8s large. Il est donc difficile de d\u00e9terminer quelle tenue est appropri\u00e9e. Lisez ici ce qu'implique le code vestimentaire \"smart casual\" !","og_url":"https:\/\/www.koonings.com\/fr\/inspiration\/code-vestimentaire-decontracte\/","og_site_name":"Koonings","article_publisher":"https:\/\/www.facebook.com\/kooningstheweddingpalace","article_modified_time":"2024-08-13T20:27:49+00:00","og_image":[{"width":1024,"height":575,"url":"https:\/\/www.koonings.com\/wp-content\/uploads\/2024\/06\/palace-hero-screenshot-1024x575.png","type":"image\/png"}],"twitter_card":"summary_large_image","twitter_misc":{"Dur\u00e9e de lecture estim\u00e9e":"5 minutes"},"schema":{"@context":"https:\/\/schema.org","@graph":[{"@type":"WebPage","@id":"https:\/\/www.koonings.com\/fr\/inspiration\/code-vestimentaire-decontracte\/","url":"https:\/\/www.koonings.com\/fr\/inspiration\/code-vestimentaire-decontracte\/","name":"Code vestimentaire d\u00e9contract\u00e9 | Koonings","isPartOf":{"@id":"https:\/\/www.koonings.com\/fr\/#website"},"datePublished":"2024-08-12T12:22:31+00:00","dateModified":"2024-08-13T20:27:49+00:00","description":"Le code vestimentaire \"smart casual\" est tr\u00e8s large. Il est donc difficile de d\u00e9terminer quelle tenue est appropri\u00e9e. Lisez ici ce qu'implique le code vestimentaire \"smart casual\" !","breadcrumb":{"@id":"https:\/\/www.koonings.com\/fr\/inspiration\/code-vestimentaire-decontracte\/#breadcrumb"},"inLanguage":"fr-FR","potentialAction":[{"@type":"ReadAction","target":["https:\/\/www.koonings.com\/fr\/inspiration\/code-vestimentaire-decontracte\/"]}]},{"@type":"BreadcrumbList","@id":"https:\/\/www.koonings.com\/fr\/inspiration\/code-vestimentaire-decontracte\/#breadcrumb","itemListElement":[{"@type":"ListItem","position":1,"name":"Home","item":"https:\/\/www.koonings.com\/fr\/"},{"@type":"ListItem","position":2,"name":"Inspiration","item":"https:\/\/www.koonings.com\/fr\/inspiration\/"},{"@type":"ListItem","position":3,"name":"Code vestimentaire : d\u00e9contract\u00e9"}]},{"@type":"WebSite","@id":"https:\/\/www.koonings.com\/fr\/#website","url":"https:\/\/www.koonings.com\/fr\/","name":"Koonings","description":"De grootste bruidsmodewinkel ter wereld","publisher":{"@id":"https:\/\/www.koonings.com\/fr\/#organization"},"potentialAction":[{"@type":"SearchAction","target":{"@type":"EntryPoint","urlTemplate":"https:\/\/www.koonings.com\/fr\/?s={search_term_string}"},"query-input":{"@type":"PropertyValueSpecification","valueRequired":true,"valueName":"search_term_string"}}],"inLanguage":"fr-FR"},{"@type":"Organization","@id":"https:\/\/www.koonings.com\/fr\/#organization","name":"Koonings","url":"https:\/\/www.koonings.com\/fr\/","logo":{"@type":"ImageObject","inLanguage":"fr-FR","@id":"https:\/\/www.koonings.com\/fr\/#\/schema\/logo\/image\/","url":"https:\/\/www.koonings.com\/wp-content\/uploads\/2024\/07\/logo.png","contentUrl":"https:\/\/www.koonings.com\/wp-content\/uploads\/2024\/07\/logo.png","width":600,"height":428,"caption":"Koonings"},"image":{"@id":"https:\/\/www.koonings.com\/fr\/#\/schema\/logo\/image\/"},"sameAs":["https:\/\/www.facebook.com\/kooningstheweddingpalace","https:\/\/www.instagram.com\/kooningstheweddingpalace","https:\/\/www.pinterest.com\/koonings","https:\/\/www.youtube.com\/kooningstheweddingpalace"]}]}},"_links":{"self":[{"href":"https:\/\/www.koonings.com\/fr\/wp-json\/wp\/v2\/pages\/17313","targetHints":{"allow":["GET"]}}],"collection":[{"href":"https:\/\/www.koonings.com\/fr\/wp-json\/wp\/v2\/pages"}],"about":[{"href":"https:\/\/www.koonings.com\/fr\/wp-json\/wp\/v2\/types\/page"}],"author":[{"embeddable":true,"href":"https:\/\/www.koonings.com\/fr\/wp-json\/wp\/v2\/users\/1"}],"replies":[{"embeddable":true,"href":"https:\/\/www.koonings.com\/fr\/wp-json\/wp\/v2\/comments?post=17313"}],"version-history":[{"count":2,"href":"https:\/\/www.koonings.com\/fr\/wp-json\/wp\/v2\/pages\/17313\/revisions"}],"predecessor-version":[{"id":18119,"href":"https:\/\/www.koonings.com\/fr\/wp-json\/wp\/v2\/pages\/17313\/revisions\/18119"}],"up":[{"embeddable":true,"href":"https:\/\/www.koonings.com\/fr\/wp-json\/wp\/v2\/pages\/16224"}],"wp:attachment":[{"href":"https:\/\/www.koonings.com\/fr\/wp-json\/wp\/v2\/media?parent=17313"}],"curies":[{"name":"wp","href":"https:\/\/api.w.org\/{rel}","templated":true}]}}