{"id":17301,"date":"2024-08-12T14:22:08","date_gmt":"2024-08-12T12:22:08","guid":{"rendered":"https:\/\/www.koonings.com\/inspiration\/code-vestimentaire-boheme\/"},"modified":"2024-08-13T22:27:23","modified_gmt":"2024-08-13T20:27:23","slug":"code-vestimentaire-boheme","status":"publish","type":"page","link":"https:\/\/www.koonings.com\/fr\/inspiration\/code-vestimentaire-boheme\/","title":{"rendered":"Code vestimentaire boh\u00e8me"},"content":{"rendered":"\r\n\r\n<div class=\"eye-element fullwidth-row alignfull style-both bg--none  alignfull \" style=\" \">\r\n\r\n    <div class=\"container\">\r\n        <div class=\"row\">\r\n            <div class=\"col-12\">\r\n                <div class=\"acf-innerblocks-container\">\n\n<h1 class=\"wp-block-heading has-text-align-center\" id=\"bohemian-dresscode-de-stijl-voor-de-relaxte-bruiloft\">Code vestimentaire boh\u00e8me : le style pour un mariage d\u00e9contract\u00e9<\/h1>\n\n\n\n<p class=\"has-text-align-center\">Le style boh\u00e8me, souvent abr\u00e9g\u00e9 en boho, est extr\u00eamement populaire, et ce pour de bonnes raisons.\nCe code vestimentaire moderne est parfait pour les occasions d\u00e9contract\u00e9es mais festives.\nL&#8217;ambiance estivale et d\u00e9contract\u00e9e convient parfaitement \u00e0 un mariage sur la plage, dans un jardin ou \u00e0 l&#8217;occasion d&#8217;un festival.\nVous voulez savoir exactement ce que signifie le code vestimentaire boh\u00e8me ?\nLisez la suite !    <br\/><\/p>\n\n\n\r\n<div class=\"eye-block empty-space empty-space--small pt-md-3 pb-md-3 pt-2 pb-2\" ><\/div>\n\n\r\n<div class=\"eye-block onpagenav  \">\r\n    <div class=\"container-fluid p-sm-0\">\r\n        <nav id=\"onpage-nav\" class=\"navbar navbar-expand text-center\" aria-label=\"Inhoudsopgave\">\r\n            <div class=\" justify-content-center\" id=\"navbarSupportedContent\">\r\n                <ul class=\"nav navbar-nav\">\r\n                    <li class=\"nav-item single-hint d-none\" style=\"pointer-events: none;\">\r\n                        <a class=\"nav-link\" href=\"javascript:void()\">Table des mati\u00e8res<\/a>\r\n                    <\/li>\r\n                                            <li class=\"nav-item\">\r\n                            <a class=\"nav-link\" href=\"#cest-le-code-vestimentaire-de-la-boheme-section\">C&#8217;est le code vestimentaire de la boh\u00e8me<\/a>\r\n                        <\/li>\r\n                                            <li class=\"nav-item\">\r\n                            <a class=\"nav-link\" href=\"#boheme-pour-les-femmes-section\">Boh\u00e8me pour les femmes<\/a>\r\n                        <\/li>\r\n                                            <li class=\"nav-item\">\r\n                            <a class=\"nav-link\" href=\"#boheme-pour-hommes-section\">Boh\u00e8me pour hommes<\/a>\r\n                        <\/li>\r\n                                            <li class=\"nav-item\">\r\n                            <a class=\"nav-link\" href=\"#dos-donts-du-code-vestimentaire-bohemien-section\">Do&#8217;s &amp; Don&#8217;ts du code vestimentaire boh\u00e9mien<\/a>\r\n                        <\/li>\r\n                                            <li class=\"nav-item\">\r\n                            <a class=\"nav-link\" href=\"#autres-codes-vestimentaires-section\">Autres codes vestimentaires<\/a>\r\n                        <\/li>\r\n                                    <\/ul>\r\n            <\/div>\r\n            <div class=\"dropdown\">\r\n                <a class=\"dropdown-toggle btn btn-primary\" id=\"dropdownMenuButton\" data-bs-toggle=\"dropdown\" aria-haspopup=\"true\" aria-expanded=\"false\">\r\n                    <i class=\"fa-solid fa-chevron-down\"><\/i>\r\n                <\/a>\r\n                <div class=\"dropdown-menu dropdown-menu-right\" aria-labelledby=\"dropdownMenuButton\">\r\n                <\/div>\r\n            <\/div>\r\n        <\/nav>\r\n    <\/div>\r\n<\/div>\n\n\r\n<div class=\"eye-block empty-space empty-space--medium pt-md-4 pb-md-4 pt-3 pb-3\" ><\/div>\n\n\r\n<div id=\"cest-le-code-vestimentaire-de-la-boheme-section\" class=\"eye-block menu-section\" title=\"cest-le-code-vestimentaire-de-la-boheme\" data-section-name=\"C'est le code vestimentaire de la boh\u00e8me\"><\/div>\r\n\n\n\n<h2 class=\"wp-block-heading\" id=\"perfect dames\">C&#8217;est le code vestimentaire de la boh\u00e8me<\/h2>\n\n\n\n<p>Le code vestimentaire boh\u00e8me se caract\u00e9rise par une ambiance d\u00e9tendue et d\u00e9contract\u00e9e.\nLes couleurs claires, les \u00e9l\u00e9ments naturels, les tissus amples et les silhouettes larges occupent le devant de la sc\u00e8ne.\nPensez aux robes maxi et aux jupes longues avec des imprim\u00e9s floraux et des d\u00e9tails en dentelle.\nLa devise &#8220;Less is more&#8221; ne s&#8217;applique pas \u00e0 ce code vestimentaire.\nVous pouvez donc faire des folies en mati\u00e8re d&#8217;accessoires.      <\/p>\n\n\n\n<p>Si vous pensez que les influences hippies du code vestimentaire boh\u00e8me sont trop d\u00e9contract\u00e9es pour un mariage, vous avez tort.\nVous pouvez m\u00eame le rendre un peu plus d\u00e9contract\u00e9 avec le code vestimentaire <a href=\"\"><strong>code vestimentaire festival chic<\/strong><\/a>.\nVous voulez un peu plus d&#8217;\u00e9l\u00e9gance ?\nDans ce cas, vous pouvez opter pour le style boh\u00e8me chic.\nLa combinaison parfaite entre la d\u00e9contraction du look hippie et les d\u00e9tails chics.      <\/p>\n\n\n\n<p>Avec le code vestimentaire boh\u00e8me chic, vous tenez compte de choses l\u00e9g\u00e8rement diff\u00e9rentes.\nOptez, par exemple, pour des tissus plus luxueux et des d\u00e9tails plus chics.\nMais conservez l&#8217;ambiance d\u00e9contract\u00e9e qui caract\u00e9rise le style boh\u00e8me.  <\/p>\n\n\n\r\n<div class=\"eye-block empty-space empty-space--medium pt-md-4 pb-md-4 pt-3 pb-3\" ><\/div>\n\n\r\n<div id=\"boheme-pour-les-femmes-section\" class=\"eye-block menu-section\" title=\"boheme-pour-les-femmes\" data-section-name=\"Boh\u00e8me pour les femmes\"><\/div>\r\n\n\n\n<h2 class=\"wp-block-heading\" id=\"dames\">Boh\u00e8me pour les femmes<\/h2>\n\n\n\n<p>Vous \u00eates invit\u00e9e \u00e0 un mariage et le code vestimentaire boh\u00e8me figure sur la carte de mariage ?\nVous voulez \u00eatre s\u00fbre d&#8217;avoir la tenue parfaite pour le mariage. <a href=\"\"><strong>parfaite pour le mariage<\/strong><\/a> choisissez.\nNe vous inqui\u00e9tez pas.\nGardez ces conseils \u00e0 l&#8217;esprit et vous obtiendrez le look parfait.   <\/p>\n\n\n\n<p>L&#8217;allure d\u00e9contract\u00e9e est au c\u0153ur de ce code vestimentaire.\nLa boh\u00e8me est la combinaison parfaite entre la nonchalance et le chic.\nVous ne pouvez pas vous tromper en choisissant des tissus l\u00e9gers et souples dans des couleurs naturelles.\nPensez aux robes maxi et aux jupes longues.\nMais les robes courtes peuvent elles aussi donner une impression de boh\u00e8me.      <\/p>\n\n\n\n<p>Choisissez une tenue dans des couleurs naturelles et terreuses, mais \u00e9vitez le blanc.\nApr\u00e8s tout, il s&#8217;agit d&#8217;un mariage.\nLes tons beige, terracotta et pastel font toujours l&#8217;affaire.\nVous voulez vous d\u00e9marquer un peu plus ?\nOptez pour un vert naturel.    <\/p>\n\n\n\n<p>Les franges, les broderies et les d\u00e9tails en dentelle donneront instantan\u00e9ment \u00e0 votre tenue un air boh\u00e8me.\nCes \u00e9l\u00e9ments ne correspondent pas \u00e0 votre style ?\nN&#8217;ayez pas peur de les ajouter quand m\u00eame pour le code vestimentaire boho.\nVous serez \u00e9tonn\u00e9e de l&#8217;effet que peut avoir un petit d\u00e9tail.   <\/p>\n\n\n\n<p><br\/>C<strong>haussures<\/strong> Assortissez votre tenue aux chaussures parfaites !\nAvec le code vestimentaire boh\u00e8me, vous avez l&#8217;embarras du choix.\nEt le grand avantage ?\nLe but est que votre tenue soit confortable, et cela passe aussi par vos chaussures.\nOptez pour de jolies bottines \u00e0 franges, mettez de jolies sandales ou optez pour une jolie paire d&#8217;espadrilles.    <\/p>\n\n\n\n<p><br\/>A<strong>ccessoires<\/strong> Votre tenue est vraiment compl\u00e9t\u00e9e par des<a href=\"https:\/\/www.koonings.com\/bruid\/bruidsaccessoires\">accessoires<\/a>.\nLe code vestimentaire boh\u00e9mien ne se r\u00e9sume pas \u00e0 &#8220;moins, c&#8217;est plus&#8221;.\nRestez fid\u00e8le aux accents et aux couleurs qui correspondent \u00e0 l&#8217;ambiance naturelle, et vous aurez toujours raison.\nDes bijoux avec des plumes, des bagues de cheville et d&#8217;orteil, des chapeaux, des sacs en rotin tress\u00e9 et d&#8217;autres accessoires floraux compl\u00e8tent votre look.   <\/p>\n\n\n\n<p>Vous n&#8217;avez pas non plus \u00e0 vous soucier de vos cheveux.\nPas de coupe serr\u00e9e, mais une coiffure d\u00e9contract\u00e9e \u00e0 moiti\u00e9 relev\u00e9e, un bandeau ou un bandana pour un style boh\u00e8me ! <\/p>\n\n\n\n<h3 class=\"wp-block-heading\" id=\"bohemian-chic\"><strong>Boh\u00e8me<\/strong><strong> chic<\/strong><\/h3>\n\n\n\n<p>Les mari\u00e9s ont opt\u00e9 pour un style boh\u00e8me chic ?\nDans ce cas, gardez \u00e0 l&#8217;esprit que votre tenue doit \u00eatre l\u00e9g\u00e8rement diff\u00e9rente.\nLes grandes lignes restent les m\u00eames, mais optez pour des tissus plus luxueux et des robes plus longues.\nVos chaussures peuvent \u00e9galement \u00eatre am\u00e9lior\u00e9es par l&#8217;ajout d&#8217;un talon.\nOptez pour une sandale \u00e0 talon d\u00e9contract\u00e9e ou de jolis talons compens\u00e9s entour\u00e9s de corde.    <\/p>\n\n\n\r\n<div class=\"eye-element bsbutton text-start \" >\r\n\t        <a class=\"btn btn-primary\" href=\"https:\/\/www.koonings.com\/fr\/collection-de-mariages\/invites-et-gala\/mode-feminine\/\"\r\n           target=\"\">Voir la collection de mode f\u00e9minine<\/a>\r\n\t<\/div>\n\n\r\n<div class=\"eye-block empty-space empty-space--medium pt-md-4 pb-md-4 pt-3 pb-3\" ><\/div>\n\n\n<h2 class=\"wp-block-heading\" id=\"andere\">Boh\u00e8me pour les femmes en bref<\/h2>\n\n\n\n<ul class=\"wp-block-list\">\n<li>D\u00e9contract\u00e9 mais chic<\/li>\n\n\n\n<li>Tissus l\u00e9gers et souples<\/li>\n\n\n\n<li>Couleurs naturelles<\/li>\n\n\n\n<li>Sandales, espadrilles ou bottes \u00e0 franges<\/li>\n\n\n\n<li>Fleurs et plumes comme accessoires<\/li>\n<\/ul>\n\n\n\r\n<div class=\"eye-block empty-space empty-space--medium pt-md-4 pb-md-4 pt-3 pb-3\" ><\/div>\n\n\r\n<div id=\"boheme-pour-hommes-section\" class=\"eye-block menu-section\" title=\"boheme-pour-hommes\" data-section-name=\"Boh\u00e8me pour hommes\"><\/div>\r\n\n\n\n<h2 class=\"wp-block-heading\" id=\"dames\">Boh\u00e8me pour hommes<\/h2>\n\n\n\n<p>Bien que le code vestimentaire boh\u00e8me se concentre souvent sur les femmes, cela ne rend pas justice \u00e0 ce style.\nEn effet, les hommes aussi peuvent \u00eatre \u00e0 la mode.\nEn tant que gentleman, optez pour des tissus l\u00e9gers et souples comme le lin.\nCela cr\u00e9era instantan\u00e9ment une ambiance d\u00e9contract\u00e9e.\nVous n&#8217;\u00eates pas oblig\u00e9 d&#8217;opter tout de suite pour des v\u00eatements trop grands.\nMais veillez \u00e0 ce que vos v\u00eatements ne soient pas trop serr\u00e9s, ce qui ne correspond pas \u00e0 l&#8217;ambiance boh\u00e8me.       <\/p>\n\n\n\n<p>Vous optez pour un pantalon avec une chemise ?\nLaissez le bouton du haut d\u00e9tach\u00e9 pour un look encore plus d\u00e9contract\u00e9.\nIl fait tr\u00e8s chaud le jour du mariage ?\nDans ce cas, vous avez de la chance avec ce code vestimentaire, car m\u00eame les shorts sont autoris\u00e9s !   <\/p>\n\n\n\n<p>Restez fid\u00e8le aux couleurs naturelles comme le beige, le jaune ocre et la terre cuite.\nOu optez pour des tons pastel. <\/p>\n\n\n\n<p><br\/>C<strong>haussures<\/strong> Les mocassins sont les chaussures id\u00e9ales pour les hommes dans le cadre du code vestimentaire boh\u00e8me.\nLes sandales s&#8217;accordent \u00e9galement avec l&#8217;ambiance d\u00e9contract\u00e9e.\nBien que les baskets soient d\u00e9contract\u00e9es, elles sont trop sportives pour ce code vestimentaire.\nLaissez donc vos baskets au placard   <\/p>\n\n\n\n<p>Pour ce qui est de la mati\u00e8re, vous \u00eates libre de choisir ce qui vous convient le mieux, mais gardez \u00e0 l&#8217;esprit le look.\nLe daim a un aspect doux qui se marie bien avec le style boho.\nEssayez d&#8217;\u00e9viter le cuir dans tous les cas.  <\/p>\n\n\n\n<p><br\/>A<strong>ccessoires<\/strong> Le chapeau est l&#8217;accessoire id\u00e9al du style boh\u00e8me pour les femmes et les hommes.\nVous n&#8217;aimez pas les chapeaux ?\nOptez alors pour des bijoux comme un bracelet tress\u00e9 ou en tissu, ou portez un collier en bois.\nL\u00e0 encore, restez dans les tons et les mati\u00e8res terreux.   <\/p>\n\n\n\r\n<div class=\"eye-element bsbutton text-start \" >\r\n\t        <a class=\"btn btn-primary\" href=\"https:\/\/www.koonings.com\/fr\/collection-de-mariages\/invites-et-gala\/invites-de-mariage-masculins\/\"\r\n           target=\"\">Voir la collection de v\u00eatements pour hommes<\/a>\r\n\t<\/div>\n\n\r\n<div class=\"eye-block empty-space empty-space--medium pt-md-4 pb-md-4 pt-3 pb-3\" ><\/div>\n\n\n<h2 class=\"wp-block-heading\" id=\"herenkort\">Boh\u00e8me pour hommes en bref<\/h2>\n\n\n\n<ul class=\"wp-block-list\">\n<li>D\u00e9contract\u00e9 mais chic<\/li>\n\n\n\n<li>Couleurs naturelles<\/li>\n\n\n\n<li>Tissus l\u00e9gers et souples<\/li>\n\n\n\n<li>Mocassins ou sandales<\/li>\n\n\n\n<li>Bracelets ou chapeaux tress\u00e9s<\/li>\n<\/ul>\n\n\n\r\n<div class=\"eye-block empty-space empty-space--medium pt-md-4 pb-md-4 pt-3 pb-3\" ><\/div>\n\n\r\n<div id=\"dos-donts-du-code-vestimentaire-bohemien-section\" class=\"eye-block menu-section\" title=\"dos-donts-du-code-vestimentaire-bohemien\" data-section-name=\"Do's &amp; Don'ts du code vestimentaire boh\u00e9mien\"><\/div>\r\n\n\n\n<h2 class=\"wp-block-heading\" id=\"do\">Do&#8217;s &amp; Don&#8217;ts du code vestimentaire boh\u00e9mien<\/h2>\n\n\n\n<p><strong>\u00c0 faire<\/strong><\/p>\n\n\n\n<ul class=\"wp-block-list\">\n<li>Optez pour des couleurs naturelles<\/li>\n\n\n\n<li>Privil\u00e9giez les tissus l\u00e9gers et souples<\/li>\n\n\n\n<li>Portez une tenue confortable<\/li>\n\n\n\n<li>Utilisez des franges et des broderies<\/li>\n<\/ul>\n\n\n\n<p><strong>\u00c0 ne pas faire<\/strong><\/p>\n\n\n\n<ul class=\"wp-block-list\">\n<li>\u00c9vitez les couleurs vives et sombres  <\/li>\n\n\n\n<li>N&#8217;arrivez pas en jeans ou en surv\u00eatement  <\/li>\n<\/ul>\n\n\n\r\n<div class=\"eye-block empty-space empty-space--medium pt-md-4 pb-md-4 pt-3 pb-3\" ><\/div>\n\n\r\n<div id=\"autres-codes-vestimentaires-section\" class=\"eye-block menu-section\" title=\"autres-codes-vestimentaires\" data-section-name=\"Autres codes vestimentaires\"><\/div>\r\n\n\n\n<h2 class=\"wp-block-heading\" id=\"andere\"><strong>Autres codes vestimentaires<\/strong><\/h2>\n\n\n\n<p>Allez-vous bient\u00f4t c\u00e9l\u00e9brer un mariage avec un code vestimentaire diff\u00e9rent ?\nSi c&#8217;est le cas, lisez les lignes directrices de ces codes vestimentaires populaires <a href=\"\"><strong>codes vestimentaires populaires<\/strong><\/a>: <\/p>\n\n\n\n<p><a href=\"https:\/\/www.koonings.com\/fr\/inspiration\/code-vestimentaire-hiver-chic\/\"><strong>Chic hivernal<\/strong><\/a><\/p>\n\n\n\n<p><strong><a href=\"https:\/\/www.koonings.com\/fr\/inspiration\/code-vestimentaire-cocktail\/\">Cocktail<\/a><\/strong><\/p>\n\n\n\n<p><strong><a href=\"https:\/\/www.koonings.com\/fr\/inspiration\/code-vestimentaire-tenue-de-ville\/\">Tenue de ville<\/a><\/strong><\/p>\n\n\n\n<p><strong><a href=\"https:\/\/www.koonings.com\/fr\/inspiration\/code-vestimentaire-chic-et-decontracte\/\">D\u00e9contract\u00e9 chic<\/a><\/strong><\/p>\n\n\n\n<p><strong><a href=\"https:\/\/www.koonings.com\/fr\/inspiration\/code-vestimentaire-boheme\/\">Boh\u00e8me<\/a><\/strong><\/p>\n\n\n\n<p><strong><a href=\"https:\/\/www.koonings.com\/fr\/inspiration\/code-vestimentaire-cravate-noire\/\">Cravate noire<\/a><\/strong><\/p>\n\n\n\n<p><strong><a href=\"https:\/\/www.koonings.com\/fr\/inspiration\/code-vestimentaire-decontracte\/\">D\u00e9contract\u00e9<\/a><\/strong><\/p>\n\n\n\n<p><strong><a href=\"https:\/\/www.koonings.com\/fr\/inspiration\/code-vestimentaire-festival-chic\/\">Festival chic<\/a><\/strong><\/p>\n\n<\/div>\r\n            <\/div>\r\n        <\/div>\r\n    <\/div>\r\n\r\n<\/div>\r\n\r\n    ","protected":false},"excerpt":{"rendered":"","protected":false},"author":1,"featured_media":0,"parent":16224,"menu_order":0,"comment_status":"closed","ping_status":"closed","template":"","meta":{"_acf_changed":false,"ghostkit_customizer_options":"","ghostkit_custom_css":"","ghostkit_custom_js_head":"","ghostkit_custom_js_foot":"","ghostkit_typography":"","footnotes":""},"class_list":["post-17301","page","type-page","status-publish","hentry"],"acf":[],"yoast_head":"<!-- This site is optimized with the Yoast SEO plugin v27.3 - https:\/\/yoast.com\/product\/yoast-seo-wordpress\/ -->\n<title>Code vestimentaire boh\u00e8me | Koonings<\/title>\n<meta name=\"description\" content=\"Le style boh\u00e8me, souvent abr\u00e9g\u00e9 en boho, est extr\u00eamement populaire, et ce pour de bonnes raisons. Vous voulez savoir ce que signifie exactement le code vestimentaire boh\u00e8me ? Lisez ce qui suit !\" \/>\n<meta name=\"robots\" content=\"index, follow, max-snippet:-1, max-image-preview:large, max-video-preview:-1\" \/>\n<link rel=\"canonical\" href=\"https:\/\/www.koonings.com\/fr\/inspiration\/code-vestimentaire-boheme\/\" \/>\n<meta property=\"og:locale\" content=\"fr_FR\" \/>\n<meta property=\"og:type\" content=\"article\" \/>\n<meta property=\"og:title\" content=\"Code vestimentaire boh\u00e8me | Koonings\" \/>\n<meta property=\"og:description\" content=\"Le style boh\u00e8me, souvent abr\u00e9g\u00e9 en boho, est extr\u00eamement populaire, et ce pour de bonnes raisons. Vous voulez savoir ce que signifie exactement le code vestimentaire boh\u00e8me ? Lisez ce qui suit !\" \/>\n<meta property=\"og:url\" content=\"https:\/\/www.koonings.com\/fr\/inspiration\/code-vestimentaire-boheme\/\" \/>\n<meta property=\"og:site_name\" content=\"Koonings\" \/>\n<meta property=\"article:publisher\" content=\"https:\/\/www.facebook.com\/kooningstheweddingpalace\" \/>\n<meta property=\"article:modified_time\" content=\"2024-08-13T20:27:23+00:00\" \/>\n<meta property=\"og:image\" content=\"https:\/\/www.koonings.com\/wp-content\/uploads\/2024\/06\/palace-hero-screenshot-1024x575.png\" \/>\n\t<meta property=\"og:image:width\" content=\"1024\" \/>\n\t<meta property=\"og:image:height\" content=\"575\" \/>\n\t<meta property=\"og:image:type\" content=\"image\/png\" \/>\n<meta name=\"twitter:card\" content=\"summary_large_image\" \/>\n<meta name=\"twitter:label1\" content=\"Dur\u00e9e de lecture estim\u00e9e\" \/>\n\t<meta name=\"twitter:data1\" content=\"6 minutes\" \/>\n<script type=\"application\/ld+json\" class=\"yoast-schema-graph\">{\"@context\":\"https:\\\/\\\/schema.org\",\"@graph\":[{\"@type\":\"WebPage\",\"@id\":\"https:\\\/\\\/www.koonings.com\\\/fr\\\/inspiration\\\/code-vestimentaire-boheme\\\/\",\"url\":\"https:\\\/\\\/www.koonings.com\\\/fr\\\/inspiration\\\/code-vestimentaire-boheme\\\/\",\"name\":\"Code vestimentaire boh\u00e8me | Koonings\",\"isPartOf\":{\"@id\":\"https:\\\/\\\/www.koonings.com\\\/fr\\\/#website\"},\"datePublished\":\"2024-08-12T12:22:08+00:00\",\"dateModified\":\"2024-08-13T20:27:23+00:00\",\"description\":\"Le style boh\u00e8me, souvent abr\u00e9g\u00e9 en boho, est extr\u00eamement populaire, et ce pour de bonnes raisons. Vous voulez savoir ce que signifie exactement le code vestimentaire boh\u00e8me ? Lisez ce qui suit !\",\"breadcrumb\":{\"@id\":\"https:\\\/\\\/www.koonings.com\\\/fr\\\/inspiration\\\/code-vestimentaire-boheme\\\/#breadcrumb\"},\"inLanguage\":\"fr-FR\",\"potentialAction\":[{\"@type\":\"ReadAction\",\"target\":[\"https:\\\/\\\/www.koonings.com\\\/fr\\\/inspiration\\\/code-vestimentaire-boheme\\\/\"]}]},{\"@type\":\"BreadcrumbList\",\"@id\":\"https:\\\/\\\/www.koonings.com\\\/fr\\\/inspiration\\\/code-vestimentaire-boheme\\\/#breadcrumb\",\"itemListElement\":[{\"@type\":\"ListItem\",\"position\":1,\"name\":\"Home\",\"item\":\"https:\\\/\\\/www.koonings.com\\\/fr\\\/\"},{\"@type\":\"ListItem\",\"position\":2,\"name\":\"Inspiration\",\"item\":\"https:\\\/\\\/www.koonings.com\\\/fr\\\/inspiration\\\/\"},{\"@type\":\"ListItem\",\"position\":3,\"name\":\"Code vestimentaire boh\u00e8me\"}]},{\"@type\":\"WebSite\",\"@id\":\"https:\\\/\\\/www.koonings.com\\\/fr\\\/#website\",\"url\":\"https:\\\/\\\/www.koonings.com\\\/fr\\\/\",\"name\":\"Koonings\",\"description\":\"De grootste bruidsmodewinkel ter wereld\",\"publisher\":{\"@id\":\"https:\\\/\\\/www.koonings.com\\\/fr\\\/#organization\"},\"potentialAction\":[{\"@type\":\"SearchAction\",\"target\":{\"@type\":\"EntryPoint\",\"urlTemplate\":\"https:\\\/\\\/www.koonings.com\\\/fr\\\/?s={search_term_string}\"},\"query-input\":{\"@type\":\"PropertyValueSpecification\",\"valueRequired\":true,\"valueName\":\"search_term_string\"}}],\"inLanguage\":\"fr-FR\"},{\"@type\":\"Organization\",\"@id\":\"https:\\\/\\\/www.koonings.com\\\/fr\\\/#organization\",\"name\":\"Koonings\",\"url\":\"https:\\\/\\\/www.koonings.com\\\/fr\\\/\",\"logo\":{\"@type\":\"ImageObject\",\"inLanguage\":\"fr-FR\",\"@id\":\"https:\\\/\\\/www.koonings.com\\\/fr\\\/#\\\/schema\\\/logo\\\/image\\\/\",\"url\":\"https:\\\/\\\/www.koonings.com\\\/wp-content\\\/uploads\\\/2024\\\/07\\\/logo.png\",\"contentUrl\":\"https:\\\/\\\/www.koonings.com\\\/wp-content\\\/uploads\\\/2024\\\/07\\\/logo.png\",\"width\":600,\"height\":428,\"caption\":\"Koonings\"},\"image\":{\"@id\":\"https:\\\/\\\/www.koonings.com\\\/fr\\\/#\\\/schema\\\/logo\\\/image\\\/\"},\"sameAs\":[\"https:\\\/\\\/www.facebook.com\\\/kooningstheweddingpalace\",\"https:\\\/\\\/www.instagram.com\\\/kooningstheweddingpalace\",\"https:\\\/\\\/www.pinterest.com\\\/koonings\",\"https:\\\/\\\/www.youtube.com\\\/kooningstheweddingpalace\"]}]}<\/script>\n<!-- \/ Yoast SEO plugin. -->","yoast_head_json":{"title":"Code vestimentaire boh\u00e8me | Koonings","description":"Le style boh\u00e8me, souvent abr\u00e9g\u00e9 en boho, est extr\u00eamement populaire, et ce pour de bonnes raisons. Vous voulez savoir ce que signifie exactement le code vestimentaire boh\u00e8me ? Lisez ce qui suit !","robots":{"index":"index","follow":"follow","max-snippet":"max-snippet:-1","max-image-preview":"max-image-preview:large","max-video-preview":"max-video-preview:-1"},"canonical":"https:\/\/www.koonings.com\/fr\/inspiration\/code-vestimentaire-boheme\/","og_locale":"fr_FR","og_type":"article","og_title":"Code vestimentaire boh\u00e8me | Koonings","og_description":"Le style boh\u00e8me, souvent abr\u00e9g\u00e9 en boho, est extr\u00eamement populaire, et ce pour de bonnes raisons. Vous voulez savoir ce que signifie exactement le code vestimentaire boh\u00e8me ? Lisez ce qui suit !","og_url":"https:\/\/www.koonings.com\/fr\/inspiration\/code-vestimentaire-boheme\/","og_site_name":"Koonings","article_publisher":"https:\/\/www.facebook.com\/kooningstheweddingpalace","article_modified_time":"2024-08-13T20:27:23+00:00","og_image":[{"width":1024,"height":575,"url":"https:\/\/www.koonings.com\/wp-content\/uploads\/2024\/06\/palace-hero-screenshot-1024x575.png","type":"image\/png"}],"twitter_card":"summary_large_image","twitter_misc":{"Dur\u00e9e de lecture estim\u00e9e":"6 minutes"},"schema":{"@context":"https:\/\/schema.org","@graph":[{"@type":"WebPage","@id":"https:\/\/www.koonings.com\/fr\/inspiration\/code-vestimentaire-boheme\/","url":"https:\/\/www.koonings.com\/fr\/inspiration\/code-vestimentaire-boheme\/","name":"Code vestimentaire boh\u00e8me | Koonings","isPartOf":{"@id":"https:\/\/www.koonings.com\/fr\/#website"},"datePublished":"2024-08-12T12:22:08+00:00","dateModified":"2024-08-13T20:27:23+00:00","description":"Le style boh\u00e8me, souvent abr\u00e9g\u00e9 en boho, est extr\u00eamement populaire, et ce pour de bonnes raisons. Vous voulez savoir ce que signifie exactement le code vestimentaire boh\u00e8me ? Lisez ce qui suit !","breadcrumb":{"@id":"https:\/\/www.koonings.com\/fr\/inspiration\/code-vestimentaire-boheme\/#breadcrumb"},"inLanguage":"fr-FR","potentialAction":[{"@type":"ReadAction","target":["https:\/\/www.koonings.com\/fr\/inspiration\/code-vestimentaire-boheme\/"]}]},{"@type":"BreadcrumbList","@id":"https:\/\/www.koonings.com\/fr\/inspiration\/code-vestimentaire-boheme\/#breadcrumb","itemListElement":[{"@type":"ListItem","position":1,"name":"Home","item":"https:\/\/www.koonings.com\/fr\/"},{"@type":"ListItem","position":2,"name":"Inspiration","item":"https:\/\/www.koonings.com\/fr\/inspiration\/"},{"@type":"ListItem","position":3,"name":"Code vestimentaire boh\u00e8me"}]},{"@type":"WebSite","@id":"https:\/\/www.koonings.com\/fr\/#website","url":"https:\/\/www.koonings.com\/fr\/","name":"Koonings","description":"De grootste bruidsmodewinkel ter wereld","publisher":{"@id":"https:\/\/www.koonings.com\/fr\/#organization"},"potentialAction":[{"@type":"SearchAction","target":{"@type":"EntryPoint","urlTemplate":"https:\/\/www.koonings.com\/fr\/?s={search_term_string}"},"query-input":{"@type":"PropertyValueSpecification","valueRequired":true,"valueName":"search_term_string"}}],"inLanguage":"fr-FR"},{"@type":"Organization","@id":"https:\/\/www.koonings.com\/fr\/#organization","name":"Koonings","url":"https:\/\/www.koonings.com\/fr\/","logo":{"@type":"ImageObject","inLanguage":"fr-FR","@id":"https:\/\/www.koonings.com\/fr\/#\/schema\/logo\/image\/","url":"https:\/\/www.koonings.com\/wp-content\/uploads\/2024\/07\/logo.png","contentUrl":"https:\/\/www.koonings.com\/wp-content\/uploads\/2024\/07\/logo.png","width":600,"height":428,"caption":"Koonings"},"image":{"@id":"https:\/\/www.koonings.com\/fr\/#\/schema\/logo\/image\/"},"sameAs":["https:\/\/www.facebook.com\/kooningstheweddingpalace","https:\/\/www.instagram.com\/kooningstheweddingpalace","https:\/\/www.pinterest.com\/koonings","https:\/\/www.youtube.com\/kooningstheweddingpalace"]}]}},"_links":{"self":[{"href":"https:\/\/www.koonings.com\/fr\/wp-json\/wp\/v2\/pages\/17301","targetHints":{"allow":["GET"]}}],"collection":[{"href":"https:\/\/www.koonings.com\/fr\/wp-json\/wp\/v2\/pages"}],"about":[{"href":"https:\/\/www.koonings.com\/fr\/wp-json\/wp\/v2\/types\/page"}],"author":[{"embeddable":true,"href":"https:\/\/www.koonings.com\/fr\/wp-json\/wp\/v2\/users\/1"}],"replies":[{"embeddable":true,"href":"https:\/\/www.koonings.com\/fr\/wp-json\/wp\/v2\/comments?post=17301"}],"version-history":[{"count":2,"href":"https:\/\/www.koonings.com\/fr\/wp-json\/wp\/v2\/pages\/17301\/revisions"}],"predecessor-version":[{"id":18105,"href":"https:\/\/www.koonings.com\/fr\/wp-json\/wp\/v2\/pages\/17301\/revisions\/18105"}],"up":[{"embeddable":true,"href":"https:\/\/www.koonings.com\/fr\/wp-json\/wp\/v2\/pages\/16224"}],"wp:attachment":[{"href":"https:\/\/www.koonings.com\/fr\/wp-json\/wp\/v2\/media?parent=17301"}],"curies":[{"name":"wp","href":"https:\/\/api.w.org\/{rel}","templated":true}]}}