{"id":17102,"date":"2024-08-07T21:06:48","date_gmt":"2024-08-07T19:06:48","guid":{"rendered":"https:\/\/www.koonings.com\/inspiration\/costume-de-mariage\/"},"modified":"2025-09-29T12:39:31","modified_gmt":"2025-09-29T10:39:31","slug":"costume-de-mariage","status":"publish","type":"page","link":"https:\/\/www.koonings.com\/fr\/inspiration\/costume-de-mariage\/","title":{"rendered":"Costume de mariage"},"content":{"rendered":"\r\n\r\n<div class=\"eye-element fullwidth-row alignfull style-both bg--none  alignfull \" style=\" \">\r\n\r\n    <div class=\"container\">\r\n        <div class=\"row\">\r\n            <div class=\"col-12\">\r\n                <div class=\"acf-innerblocks-container\">\n\n<h1 class=\"wp-block-heading has-text-align-center\" id=\"welke-bruiloft-kleding-draag-je-als-gast\"><br\/>Le style parfait : d\u00e9couvrez le costume de mariage id\u00e9al<\/h1>\n\n\n\n<p class=\"has-text-align-center\">Aucun jour n&#8217;est aussi important que celui de votre mariage. Pour vous, futur mari\u00e9, il est essentiel de trouver le costume de mariage parfait. Avec nous, il s&#8217;agit de trouver le costume id\u00e9al, o\u00f9 le charme classique s&#8217;allie \u00e0 la modernit\u00e9.  <\/p>\n\n\n\r\n<div class=\"eye-element bsbutton text-center \" >\r\n\t        <a class=\"btn btn-gold\" href=\"https:\/\/www.koonings.com\/fr\/prendre-un-rendez-vous\/\"\r\n           target=\"\">Prenez rendez-vous<\/a>\r\n\t<\/div>\n<\/div>\r\n            <\/div>\r\n        <\/div>\r\n    <\/div>\r\n\r\n<\/div>\r\n\r\n    \r\n\r\n<div class=\"eye-element fullwidth-row alignfull style-both bg--none  alignfull \" style=\" \">\r\n\r\n    <div class=\"container\">\r\n        <div class=\"row\">\r\n            <div class=\"col-12\">\r\n                <div class=\"acf-innerblocks-container\">\n\n<h2 class=\"wp-block-heading has-text-align-center\" id=\"van-klassiek-tot-hedendaags-een-overvloed-aan-stijlen\">Du classique au contemporain : une pl\u00e9thore de styles<\/h2>\n\n\n\n<p class=\"has-text-align-center\">Entrez dans le monde des costumes de mariage et d\u00e9couvrez une collection enchanteresse. Des classiques intemporels aux styles audacieux et contemporains. Optez-vous pour un costume de mariage moderne dans une couleur tendance comme le vert ou le bleu ? Ou un costume classique avec un imprim\u00e9 baroque unique ? Vous trouverez toujours un costume de mariage qui vous convient et qui correspond \u00e0 votre personnalit\u00e9.    <\/p>\n\n\n\r\n<div class=\"eye-element bsbutton text-center \" >\r\n\t        <a class=\"btn btn-primary\" href=\"https:\/\/www.koonings.com\/fr\/marie\/costumes-de-mariage\/\"\r\n           target=\"\">Trouvez votre costume de mariage !<\/a>\r\n\t<\/div>\n<\/div>\r\n            <\/div>\r\n        <\/div>\r\n    <\/div>\r\n\r\n<\/div>\r\n\r\n    \r\n\r\n<div class=\"eye-element fullwidth-row alignfull style-both bg--none  alignfull \" style=\" \">\r\n\r\n    <div class=\"container\">\r\n        <div class=\"row\">\r\n            <div class=\"col-12\">\r\n                <div class=\"acf-innerblocks-container\">\n\n<div class=\"ghostkit-grid ghostkit-grid-gap-md\"><div class=\"ghostkit-grid-inner\">\n<div class=\"ghostkit-col ghostkit-col-lg-12 ghostkit-col-4\"><div class=\"ghostkit-col-content is-layout-flow wp-block-ghostkit-grid-column-is-layout-flow\">\n<figure class=\"wp-block-image size-full\"><img decoding=\"async\" width=\"626\" height=\"945\" src=\"https:\/\/www.koonings.com\/wp-content\/uploads\/2024\/08\/koonings-trouwpak-immediate-1354-17102-58-trouwkostuum-a.jpg\" alt=\"Koonings Wedding Suit Immediate Wedding Suit Weddingsuit\" class=\"wp-image-14642\" style=\"aspect-ratio:3\/4;object-fit:cover\" srcset=\"https:\/\/www.koonings.com\/wp-content\/uploads\/2024\/08\/koonings-trouwpak-immediate-1354-17102-58-trouwkostuum-a.jpg 626w, https:\/\/www.koonings.com\/wp-content\/uploads\/2024\/08\/koonings-trouwpak-immediate-1354-17102-58-trouwkostuum-a-199x300.jpg 199w\" sizes=\"(max-width: 626px) 100vw, 626px\" \/><\/figure>\n<\/div><\/div>\n\n\n\n<div class=\"ghostkit-col ghostkit-col-lg-12 ghostkit-col-4\"><div class=\"ghostkit-col-content is-layout-flow wp-block-ghostkit-grid-column-is-layout-flow\">\n<figure class=\"wp-block-image size-full\"><img decoding=\"async\" width=\"601\" height=\"850\" src=\"https:\/\/www.koonings.com\/wp-content\/uploads\/2024\/08\/koonings-trouwpak-wilvorst-green-wedding-trouwkostuum-gw-look1-b.jpg\" alt=\"Koonings Wedding Suit Wilvorst Green Wedding GW Look 1\" class=\"wp-image-14646\" style=\"aspect-ratio:3\/4;object-fit:cover\" srcset=\"https:\/\/www.koonings.com\/wp-content\/uploads\/2024\/08\/koonings-trouwpak-wilvorst-green-wedding-trouwkostuum-gw-look1-b.jpg 601w, https:\/\/www.koonings.com\/wp-content\/uploads\/2024\/08\/koonings-trouwpak-wilvorst-green-wedding-trouwkostuum-gw-look1-b-212x300.jpg 212w\" sizes=\"(max-width: 601px) 100vw, 601px\" \/><\/figure>\n<\/div><\/div>\n\n\n\n<div class=\"ghostkit-col ghostkit-col-lg-12 ghostkit-col-4\"><div class=\"ghostkit-col-content is-layout-flow wp-block-ghostkit-grid-column-is-layout-flow\">\n<figure class=\"wp-block-image size-large\"><img decoding=\"async\" width=\"683\" height=\"1024\" src=\"https:\/\/www.koonings.com\/wp-content\/uploads\/2024\/08\/koonings-trouwpak-roberto-vicentti-special-edition-74.20.911-trouwkostuum-683x1024.jpg\" alt=\"Roberto Vicentti Eternal Special Edition 74.20.911\" class=\"wp-image-14650\" style=\"aspect-ratio:3\/4;object-fit:cover\" srcset=\"https:\/\/www.koonings.com\/wp-content\/uploads\/2024\/08\/koonings-trouwpak-roberto-vicentti-special-edition-74.20.911-trouwkostuum-683x1024.jpg 683w, https:\/\/www.koonings.com\/wp-content\/uploads\/2024\/08\/koonings-trouwpak-roberto-vicentti-special-edition-74.20.911-trouwkostuum-200x300.jpg 200w, https:\/\/www.koonings.com\/wp-content\/uploads\/2024\/08\/koonings-trouwpak-roberto-vicentti-special-edition-74.20.911-trouwkostuum-768x1152.jpg 768w, https:\/\/www.koonings.com\/wp-content\/uploads\/2024\/08\/koonings-trouwpak-roberto-vicentti-special-edition-74.20.911-trouwkostuum-1024x1536.jpg 1024w, https:\/\/www.koonings.com\/wp-content\/uploads\/2024\/08\/koonings-trouwpak-roberto-vicentti-special-edition-74.20.911-trouwkostuum-1365x2048.jpg 1365w, https:\/\/www.koonings.com\/wp-content\/uploads\/2024\/08\/koonings-trouwpak-roberto-vicentti-special-edition-74.20.911-trouwkostuum-scaled.jpg 1707w\" sizes=\"(max-width: 683px) 100vw, 683px\" \/><\/figure>\n<\/div><\/div>\n<\/div><\/div>\n\n<\/div>\r\n            <\/div>\r\n        <\/div>\r\n    <\/div>\r\n\r\n<\/div>\r\n\r\n    \r\n\r\n<div class=\"eye-element fullwidth-row alignfull style-both bg--none  alignfull \" style=\" \">\r\n\r\n    <div class=\"container\">\r\n        <div class=\"row\">\r\n            <div class=\"col-12\">\r\n                <div class=\"acf-innerblocks-container\">\n\n<div class=\"ghostkit-grid ghostkit-grid-gap-md ghostkit-grid-align-items-center\"><div class=\"ghostkit-grid-inner\">\n<div class=\"ghostkit-col ghostkit-col-md-12 ghostkit-col-6\"><div class=\"ghostkit-col-content is-layout-flow wp-block-ghostkit-grid-column-is-layout-flow\">\n<h2 class=\"wp-block-heading\" id=\"trouwkostuums-van-topmerken\">Costumes de mariage de grandes marques<\/h2>\n\n\n\n<p>La qualit\u00e9 et le style sont nos priorit\u00e9s. C&#8217;est pourquoi tous nos costumes de mariage sont soigneusement s\u00e9lectionn\u00e9s parmi les collections des plus grandes marques. Vous \u00eates ainsi assur\u00e9 non seulement d&#8217;une confection et d&#8217;une coupe parfaites, mais aussi d&#8217;un style in\u00e9gal\u00e9 que seuls les meilleurs noms du secteur peuvent offrir.<br\/>Dans la boutique pour hommes de Koonings The Wedding Palace, vous trouverez des costumes de mariage de marques telles que :  <\/p>\n\n\n\n<ul class=\"wp-block-list\">\n<li><a href=\"https:\/\/www.koonings.com\/fr\/marie\/costumes-de-mariage\/?f%5B0%5D=merk%3A480\">Mode imm\u00e9diate<\/a><\/li>\n\n\n\n<li><a href=\"https:\/\/www.koonings.com\/fr\/marie\/costumes-de-mariage\/?f%5B0%5D=merk%3A456&#038;f%5B1%5D=merk%3A633\">Guglielmo G.<\/a><\/li>\n\n\n\n<li><a href=\"https:\/\/www.koonings.com\/fr\/marie\/costumes-de-mariage\/?f%5B0%5D=merk%3A591\">Cleofe Finati<\/a><\/li>\n\n\n\n<li><a href=\"https:\/\/www.koonings.com\/fr\/marie\/costumes-de-mariage\/?f%5B0%5D=merk%3A486\">Roberto Vicentti<\/a><\/li>\n\n\n\n<li><a href=\"https:\/\/www.koonings.com\/fr\/marie\/costumes-de-mariage\/?f%5B0%5D=merk%3A492&#038;f%5B1%5D=merk%3A618\">Wilvorst<\/a><br\/> <\/li>\n<\/ul>\n<\/div><\/div>\n\n\n\n<div class=\"ghostkit-col ghostkit-col-md-12 ghostkit-col-6\"><div class=\"ghostkit-col-content is-layout-flow wp-block-ghostkit-grid-column-is-layout-flow\">\n<figure class=\"wp-block-image size-large\"><img decoding=\"async\" width=\"725\" height=\"1024\" src=\"https:\/\/www.koonings.com\/wp-content\/uploads\/2024\/08\/koonings-trouwpak-roberto-vicentti-trend-82.21.710-trouwkostuum-725x1024.jpg\" alt=\"Roberto Vicentti Tendance &#xE9;ternelle 82.21.710\" class=\"wp-image-14664\" style=\"aspect-ratio:3\/4;object-fit:cover\" srcset=\"https:\/\/www.koonings.com\/wp-content\/uploads\/2024\/08\/koonings-trouwpak-roberto-vicentti-trend-82.21.710-trouwkostuum-725x1024.jpg 725w, https:\/\/www.koonings.com\/wp-content\/uploads\/2024\/08\/koonings-trouwpak-roberto-vicentti-trend-82.21.710-trouwkostuum-213x300.jpg 213w, https:\/\/www.koonings.com\/wp-content\/uploads\/2024\/08\/koonings-trouwpak-roberto-vicentti-trend-82.21.710-trouwkostuum-768x1084.jpg 768w, https:\/\/www.koonings.com\/wp-content\/uploads\/2024\/08\/koonings-trouwpak-roberto-vicentti-trend-82.21.710-trouwkostuum-1088x1536.jpg 1088w, https:\/\/www.koonings.com\/wp-content\/uploads\/2024\/08\/koonings-trouwpak-roberto-vicentti-trend-82.21.710-trouwkostuum-1451x2048.jpg 1451w, https:\/\/www.koonings.com\/wp-content\/uploads\/2024\/08\/koonings-trouwpak-roberto-vicentti-trend-82.21.710-trouwkostuum-scaled.jpg 1813w\" sizes=\"(max-width: 725px) 100vw, 725px\" \/><\/figure>\n<\/div><\/div>\n<\/div><\/div>\n\n<\/div>\r\n            <\/div>\r\n        <\/div>\r\n    <\/div>\r\n\r\n<\/div>\r\n\r\n    \r\n\r\n<div class=\"eye-element fullwidth-row alignfull style-both bg--none  alignfull \" style=\" \">\r\n\r\n    <div class=\"container\">\r\n        <div class=\"row\">\r\n            <div class=\"col-12\">\r\n                <div class=\"acf-innerblocks-container\">\n\n<h2 class=\"wp-block-heading has-text-align-center\" id=\"draag\">Votre costume de mariage, votre histoire<\/h2>\n\n\n\n<p>Avec nous, il ne s&#8217;agit pas seulement de choisir un costume de mariage, mais de cr\u00e9er votre histoire unique. Le jour de votre mariage est le jour le plus important de votre vie et votre costume de mariage doit pouvoir le refl\u00e9ter. Nos stylistes exp\u00e9riment\u00e9s sont l\u00e0 pour vous guider. Ensemble, nous adapterons soigneusement chaque d\u00e9tail, coupe et accessoire \u00e0 vos go\u00fbts et \u00e0 votre personnalit\u00e9, afin que votre costume de mariage soit non seulement parfaitement ajust\u00e9, mais qu&#8217;il raconte aussi votre histoire.   <\/p>\n\n\n\r\n<div class=\"eye-block empty-space empty-space--medium pt-md-4 pb-md-4 pt-3 pb-3\" ><\/div>\n\n\n<h2 class=\"wp-block-heading has-text-align-center\" id=\"personalisatie-op-maat\">Personnalisation sur mesure<\/h2>\n\n\n\n<p class=\"has-text-align-center\">Gr\u00e2ce \u00e0 notre atelier interne, nous pouvons r\u00e9aliser votre <a href=\"https:\/\/www.koonings.com\/fr\/inspiration\/costume-sur-mesure\/\"><strong>costume de mariage sur mesure<\/strong><\/a> sur mesure. En respectant les moindres d\u00e9tails ou en r\u00e9pondant \u00e0 des demandes particuli\u00e8res. Sans rien d\u00e9voiler, bien s\u00fbr ! Vous serez un beau couple lors de votre premi\u00e8re rencontre, lorsque vous vous direz oui et sur toutes les photos de votre journ\u00e9e inoubliable.     <\/p>\n\n<\/div>\r\n            <\/div>\r\n        <\/div>\r\n    <\/div>\r\n\r\n<\/div>\r\n\r\n    \r\n\r\n<div class=\"eye-element fullwidth-row alignfull style-both bg--none  alignfull \" style=\" \">\r\n\r\n    <div class=\"container\">\r\n        <div class=\"row\">\r\n            <div class=\"col-12\">\r\n                <div class=\"acf-innerblocks-container\">\n\n<div class=\"ghostkit-grid ghostkit-grid-gap-md ghostkit-grid-align-items-center\"><div class=\"ghostkit-grid-inner\">\n<div class=\"ghostkit-col ghostkit-col-md-12 ghostkit-col-6\"><div class=\"ghostkit-col-content is-layout-flow wp-block-ghostkit-grid-column-is-layout-flow\">\n<h2 class=\"wp-block-heading has-text-align-left\" id=\"the-perfect-match\">L&#8217;accord parfait <\/h2>\n\n\n\n<p>Votre future \u00e9pouse a trouv\u00e9 sa robe ? Alors c&#8217;est \u00e0 vous de jouer. Nous ferons en sorte que votre costume de mariage soit parfaitement assorti \u00e0 la robe de ses r\u00eaves. La styliste se fera un plaisir de parcourir les m\u00e8tres suppl\u00e9mentaires dans l&#8217;all\u00e9e pour s&#8217;assurer que vous apparaissez \u00e0 l&#8217;autel dans votre propre style, mais que vous \u00eates assorties l&#8217;une \u00e0 l&#8217;autre. Et ce, sans m\u00eame que vous ayez vu les tenues de mariage de l&#8217;autre.    <\/p>\n\n\n\n<h2 class=\"wp-block-heading\" id=\"accessoires-de-finishing-touch-voor-jouw-trouwkostuum\">Accessoires : la touche finale de votre costume de mariage<\/h2>\n\n\n\n<p class=\"has-text-align-left\">Un costume de mariage \u00e9l\u00e9gant n&#8217;est pas complet sans les bons accessoires. Nos stylistes exp\u00e9riment\u00e9s sont pr\u00eats \u00e0 vous conseiller sur les compl\u00e9ments parfaits. Qu&#8217;il s&#8217;agisse d&#8217;une paire de chaussures raffin\u00e9es, d&#8217;un gilet qui apporte une touche de classe, ou des d\u00e9tails subtils que sont les boutons de manchette et les carr\u00e9s de poche. Les possibilit\u00e9s sont infinies.   <\/p>\n<\/div><\/div>\n\n\n\n<div class=\"ghostkit-col ghostkit-col-md-12 ghostkit-col-6\"><div class=\"ghostkit-col-content is-layout-flow wp-block-ghostkit-grid-column-is-layout-flow\">\n<figure class=\"wp-block-image size-large\"><img decoding=\"async\" width=\"677\" height=\"1024\" src=\"https:\/\/www.koonings.com\/wp-content\/uploads\/2024\/08\/koonings-trouwpak-wilvorst-green-wedding-trouwkostuum-gw-look3-b_0-677x1024.jpg\" alt=\"Koonings Wedding Suit Wilvorst Green Wedding GW Look 3\" class=\"wp-image-14658\" style=\"aspect-ratio:3\/4;object-fit:cover\" srcset=\"https:\/\/www.koonings.com\/wp-content\/uploads\/2024\/08\/koonings-trouwpak-wilvorst-green-wedding-trouwkostuum-gw-look3-b_0-677x1024.jpg 677w, https:\/\/www.koonings.com\/wp-content\/uploads\/2024\/08\/koonings-trouwpak-wilvorst-green-wedding-trouwkostuum-gw-look3-b_0-198x300.jpg 198w, https:\/\/www.koonings.com\/wp-content\/uploads\/2024\/08\/koonings-trouwpak-wilvorst-green-wedding-trouwkostuum-gw-look3-b_0-768x1162.jpg 768w, https:\/\/www.koonings.com\/wp-content\/uploads\/2024\/08\/koonings-trouwpak-wilvorst-green-wedding-trouwkostuum-gw-look3-b_0.jpg 850w\" sizes=\"(max-width: 677px) 100vw, 677px\" \/><\/figure>\n<\/div><\/div>\n<\/div><\/div>\n\n\n\r\n<div class=\"eye-block empty-space empty-space--large pt-md-5 pb-md-5 pt-4 pb-4\" ><\/div>\n\n\n<h2 class=\"wp-block-heading has-text-align-center\" id=\"jouw-best-man-een-eervolle-rol-een-stijlvol-kostuum\">Votre t\u00e9moin : un r\u00f4le honorable, un costume \u00e9l\u00e9gant<\/h2>\n\n\n\n<p class=\"has-text-align-center\">Tout comme la demoiselle d&#8217;honneur, votre &#8220;t\u00e9moin&#8221; m\u00e9rite lui aussi une tenue qui donne le ton. Explorez avec nous les options qui s&#8217;offrent \u00e0 votre groupe de mari\u00e9s. Des classiques intemporels aux n\u0153uds \u00e9clatants, nous sommes pr\u00eats \u00e0 faire en sorte que toute votre \u00e9quipe brille \u00e0 vos c\u00f4t\u00e9s dans un magnifique costume.    <\/p>\n\n\n\n<p class=\"has-text-align-center\">Laissez-nous vous guider vers le costume de mariage parfait, qui n&#8217;est pas seulement une tenue, mais le reflet de votre style, de votre personnalit\u00e9 et le d\u00e9but d&#8217;un nouveau chapitre de votre vie. Consultez la <a href=\"https:\/\/www.koonings.com\/fr\/marie\/costumes-de-mariage\/\"><strong>collection compl\u00e8te de costumes de mariage<\/strong><\/a> et prenez rendez-vous d\u00e8s aujourd&#8217;hui ! <\/p>\n\n\n\n<div class=\"wp-block-group is-content-justification-center is-layout-flex wp-container-core-group-is-layout-64b26803 wp-block-group-is-layout-flex\">\r\n<div class=\"eye-element bsbutton text-start \" >\r\n\t        <a class=\"btn btn-gold\" href=\"https:\/\/www.koonings.com\/fr\/prendre-un-rendez-vous\/\"\r\n           target=\"\">Prenez rendez-vous<\/a>\r\n\t<\/div><\/div>\n\n<\/div>\r\n            <\/div>\r\n        <\/div>\r\n    <\/div>\r\n\r\n<\/div>\r\n\r\n    ","protected":false},"excerpt":{"rendered":"","protected":false},"author":1,"featured_media":0,"parent":16224,"menu_order":0,"comment_status":"closed","ping_status":"closed","template":"","meta":{"_acf_changed":false,"ghostkit_customizer_options":"","ghostkit_custom_css":"","ghostkit_custom_js_head":"","ghostkit_custom_js_foot":"","ghostkit_typography":"","footnotes":""},"class_list":["post-17102","page","type-page","status-publish","hentry"],"acf":[],"yoast_head":"<!-- This site is optimized with the Yoast SEO plugin v27.3 - https:\/\/yoast.com\/product\/yoast-seo-wordpress\/ -->\n<title>Costume de mariage | Koonings<\/title>\n<meta name=\"robots\" content=\"index, follow, max-snippet:-1, max-image-preview:large, max-video-preview:-1\" \/>\n<link rel=\"canonical\" href=\"https:\/\/www.koonings.com\/fr\/inspiration\/costume-de-mariage\/\" \/>\n<meta property=\"og:locale\" content=\"fr_FR\" \/>\n<meta property=\"og:type\" content=\"article\" \/>\n<meta property=\"og:title\" content=\"Costume de mariage | Koonings\" \/>\n<meta property=\"og:url\" content=\"https:\/\/www.koonings.com\/fr\/inspiration\/costume-de-mariage\/\" \/>\n<meta property=\"og:site_name\" content=\"Koonings\" \/>\n<meta property=\"article:publisher\" content=\"https:\/\/www.facebook.com\/kooningstheweddingpalace\" \/>\n<meta property=\"article:modified_time\" content=\"2025-09-29T10:39:31+00:00\" \/>\n<meta property=\"og:image\" content=\"https:\/\/www.koonings.com\/wp-content\/uploads\/2024\/08\/koonings-trouwpak-immediate-1354-17102-58-trouwkostuum-a.jpg\" \/>\n\t<meta property=\"og:image:width\" content=\"626\" \/>\n\t<meta property=\"og:image:height\" content=\"945\" \/>\n\t<meta property=\"og:image:type\" content=\"image\/jpeg\" \/>\n<meta name=\"twitter:card\" content=\"summary_large_image\" \/>\n<meta name=\"twitter:label1\" content=\"Dur\u00e9e de lecture estim\u00e9e\" \/>\n\t<meta name=\"twitter:data1\" content=\"3 minutes\" \/>\n<script type=\"application\/ld+json\" class=\"yoast-schema-graph\">{\"@context\":\"https:\\\/\\\/schema.org\",\"@graph\":[{\"@type\":\"WebPage\",\"@id\":\"https:\\\/\\\/www.koonings.com\\\/fr\\\/inspiration\\\/costume-de-mariage\\\/\",\"url\":\"https:\\\/\\\/www.koonings.com\\\/fr\\\/inspiration\\\/costume-de-mariage\\\/\",\"name\":\"Costume de mariage | Koonings\",\"isPartOf\":{\"@id\":\"https:\\\/\\\/www.koonings.com\\\/fr\\\/#website\"},\"primaryImageOfPage\":{\"@id\":\"https:\\\/\\\/www.koonings.com\\\/fr\\\/inspiration\\\/costume-de-mariage\\\/#primaryimage\"},\"image\":{\"@id\":\"https:\\\/\\\/www.koonings.com\\\/fr\\\/inspiration\\\/costume-de-mariage\\\/#primaryimage\"},\"thumbnailUrl\":\"https:\\\/\\\/www.koonings.com\\\/wp-content\\\/uploads\\\/2024\\\/08\\\/koonings-trouwpak-immediate-1354-17102-58-trouwkostuum-a.jpg\",\"datePublished\":\"2024-08-07T19:06:48+00:00\",\"dateModified\":\"2025-09-29T10:39:31+00:00\",\"breadcrumb\":{\"@id\":\"https:\\\/\\\/www.koonings.com\\\/fr\\\/inspiration\\\/costume-de-mariage\\\/#breadcrumb\"},\"inLanguage\":\"fr-FR\",\"potentialAction\":[{\"@type\":\"ReadAction\",\"target\":[\"https:\\\/\\\/www.koonings.com\\\/fr\\\/inspiration\\\/costume-de-mariage\\\/\"]}]},{\"@type\":\"ImageObject\",\"inLanguage\":\"fr-FR\",\"@id\":\"https:\\\/\\\/www.koonings.com\\\/fr\\\/inspiration\\\/costume-de-mariage\\\/#primaryimage\",\"url\":\"https:\\\/\\\/www.koonings.com\\\/wp-content\\\/uploads\\\/2024\\\/08\\\/koonings-trouwpak-immediate-1354-17102-58-trouwkostuum-a.jpg\",\"contentUrl\":\"https:\\\/\\\/www.koonings.com\\\/wp-content\\\/uploads\\\/2024\\\/08\\\/koonings-trouwpak-immediate-1354-17102-58-trouwkostuum-a.jpg\"},{\"@type\":\"BreadcrumbList\",\"@id\":\"https:\\\/\\\/www.koonings.com\\\/fr\\\/inspiration\\\/costume-de-mariage\\\/#breadcrumb\",\"itemListElement\":[{\"@type\":\"ListItem\",\"position\":1,\"name\":\"Home\",\"item\":\"https:\\\/\\\/www.koonings.com\\\/fr\\\/\"},{\"@type\":\"ListItem\",\"position\":2,\"name\":\"Inspiration\",\"item\":\"https:\\\/\\\/www.koonings.com\\\/fr\\\/inspiration\\\/\"},{\"@type\":\"ListItem\",\"position\":3,\"name\":\"Costume de mariage\"}]},{\"@type\":\"WebSite\",\"@id\":\"https:\\\/\\\/www.koonings.com\\\/fr\\\/#website\",\"url\":\"https:\\\/\\\/www.koonings.com\\\/fr\\\/\",\"name\":\"Koonings\",\"description\":\"De grootste bruidsmodewinkel ter wereld\",\"publisher\":{\"@id\":\"https:\\\/\\\/www.koonings.com\\\/fr\\\/#organization\"},\"potentialAction\":[{\"@type\":\"SearchAction\",\"target\":{\"@type\":\"EntryPoint\",\"urlTemplate\":\"https:\\\/\\\/www.koonings.com\\\/fr\\\/?s={search_term_string}\"},\"query-input\":{\"@type\":\"PropertyValueSpecification\",\"valueRequired\":true,\"valueName\":\"search_term_string\"}}],\"inLanguage\":\"fr-FR\"},{\"@type\":\"Organization\",\"@id\":\"https:\\\/\\\/www.koonings.com\\\/fr\\\/#organization\",\"name\":\"Koonings\",\"url\":\"https:\\\/\\\/www.koonings.com\\\/fr\\\/\",\"logo\":{\"@type\":\"ImageObject\",\"inLanguage\":\"fr-FR\",\"@id\":\"https:\\\/\\\/www.koonings.com\\\/fr\\\/#\\\/schema\\\/logo\\\/image\\\/\",\"url\":\"https:\\\/\\\/www.koonings.com\\\/wp-content\\\/uploads\\\/2024\\\/07\\\/logo.png\",\"contentUrl\":\"https:\\\/\\\/www.koonings.com\\\/wp-content\\\/uploads\\\/2024\\\/07\\\/logo.png\",\"width\":600,\"height\":428,\"caption\":\"Koonings\"},\"image\":{\"@id\":\"https:\\\/\\\/www.koonings.com\\\/fr\\\/#\\\/schema\\\/logo\\\/image\\\/\"},\"sameAs\":[\"https:\\\/\\\/www.facebook.com\\\/kooningstheweddingpalace\",\"https:\\\/\\\/www.instagram.com\\\/kooningstheweddingpalace\",\"https:\\\/\\\/www.pinterest.com\\\/koonings\",\"https:\\\/\\\/www.youtube.com\\\/kooningstheweddingpalace\"]}]}<\/script>\n<!-- \/ Yoast SEO plugin. -->","yoast_head_json":{"title":"Costume de mariage | Koonings","robots":{"index":"index","follow":"follow","max-snippet":"max-snippet:-1","max-image-preview":"max-image-preview:large","max-video-preview":"max-video-preview:-1"},"canonical":"https:\/\/www.koonings.com\/fr\/inspiration\/costume-de-mariage\/","og_locale":"fr_FR","og_type":"article","og_title":"Costume de mariage | Koonings","og_url":"https:\/\/www.koonings.com\/fr\/inspiration\/costume-de-mariage\/","og_site_name":"Koonings","article_publisher":"https:\/\/www.facebook.com\/kooningstheweddingpalace","article_modified_time":"2025-09-29T10:39:31+00:00","og_image":[{"width":626,"height":945,"url":"https:\/\/www.koonings.com\/wp-content\/uploads\/2024\/08\/koonings-trouwpak-immediate-1354-17102-58-trouwkostuum-a.jpg","type":"image\/jpeg"}],"twitter_card":"summary_large_image","twitter_misc":{"Dur\u00e9e de lecture estim\u00e9e":"3 minutes"},"schema":{"@context":"https:\/\/schema.org","@graph":[{"@type":"WebPage","@id":"https:\/\/www.koonings.com\/fr\/inspiration\/costume-de-mariage\/","url":"https:\/\/www.koonings.com\/fr\/inspiration\/costume-de-mariage\/","name":"Costume de mariage | Koonings","isPartOf":{"@id":"https:\/\/www.koonings.com\/fr\/#website"},"primaryImageOfPage":{"@id":"https:\/\/www.koonings.com\/fr\/inspiration\/costume-de-mariage\/#primaryimage"},"image":{"@id":"https:\/\/www.koonings.com\/fr\/inspiration\/costume-de-mariage\/#primaryimage"},"thumbnailUrl":"https:\/\/www.koonings.com\/wp-content\/uploads\/2024\/08\/koonings-trouwpak-immediate-1354-17102-58-trouwkostuum-a.jpg","datePublished":"2024-08-07T19:06:48+00:00","dateModified":"2025-09-29T10:39:31+00:00","breadcrumb":{"@id":"https:\/\/www.koonings.com\/fr\/inspiration\/costume-de-mariage\/#breadcrumb"},"inLanguage":"fr-FR","potentialAction":[{"@type":"ReadAction","target":["https:\/\/www.koonings.com\/fr\/inspiration\/costume-de-mariage\/"]}]},{"@type":"ImageObject","inLanguage":"fr-FR","@id":"https:\/\/www.koonings.com\/fr\/inspiration\/costume-de-mariage\/#primaryimage","url":"https:\/\/www.koonings.com\/wp-content\/uploads\/2024\/08\/koonings-trouwpak-immediate-1354-17102-58-trouwkostuum-a.jpg","contentUrl":"https:\/\/www.koonings.com\/wp-content\/uploads\/2024\/08\/koonings-trouwpak-immediate-1354-17102-58-trouwkostuum-a.jpg"},{"@type":"BreadcrumbList","@id":"https:\/\/www.koonings.com\/fr\/inspiration\/costume-de-mariage\/#breadcrumb","itemListElement":[{"@type":"ListItem","position":1,"name":"Home","item":"https:\/\/www.koonings.com\/fr\/"},{"@type":"ListItem","position":2,"name":"Inspiration","item":"https:\/\/www.koonings.com\/fr\/inspiration\/"},{"@type":"ListItem","position":3,"name":"Costume de mariage"}]},{"@type":"WebSite","@id":"https:\/\/www.koonings.com\/fr\/#website","url":"https:\/\/www.koonings.com\/fr\/","name":"Koonings","description":"De grootste bruidsmodewinkel ter wereld","publisher":{"@id":"https:\/\/www.koonings.com\/fr\/#organization"},"potentialAction":[{"@type":"SearchAction","target":{"@type":"EntryPoint","urlTemplate":"https:\/\/www.koonings.com\/fr\/?s={search_term_string}"},"query-input":{"@type":"PropertyValueSpecification","valueRequired":true,"valueName":"search_term_string"}}],"inLanguage":"fr-FR"},{"@type":"Organization","@id":"https:\/\/www.koonings.com\/fr\/#organization","name":"Koonings","url":"https:\/\/www.koonings.com\/fr\/","logo":{"@type":"ImageObject","inLanguage":"fr-FR","@id":"https:\/\/www.koonings.com\/fr\/#\/schema\/logo\/image\/","url":"https:\/\/www.koonings.com\/wp-content\/uploads\/2024\/07\/logo.png","contentUrl":"https:\/\/www.koonings.com\/wp-content\/uploads\/2024\/07\/logo.png","width":600,"height":428,"caption":"Koonings"},"image":{"@id":"https:\/\/www.koonings.com\/fr\/#\/schema\/logo\/image\/"},"sameAs":["https:\/\/www.facebook.com\/kooningstheweddingpalace","https:\/\/www.instagram.com\/kooningstheweddingpalace","https:\/\/www.pinterest.com\/koonings","https:\/\/www.youtube.com\/kooningstheweddingpalace"]}]}},"_links":{"self":[{"href":"https:\/\/www.koonings.com\/fr\/wp-json\/wp\/v2\/pages\/17102","targetHints":{"allow":["GET"]}}],"collection":[{"href":"https:\/\/www.koonings.com\/fr\/wp-json\/wp\/v2\/pages"}],"about":[{"href":"https:\/\/www.koonings.com\/fr\/wp-json\/wp\/v2\/types\/page"}],"author":[{"embeddable":true,"href":"https:\/\/www.koonings.com\/fr\/wp-json\/wp\/v2\/users\/1"}],"replies":[{"embeddable":true,"href":"https:\/\/www.koonings.com\/fr\/wp-json\/wp\/v2\/comments?post=17102"}],"version-history":[{"count":2,"href":"https:\/\/www.koonings.com\/fr\/wp-json\/wp\/v2\/pages\/17102\/revisions"}],"predecessor-version":[{"id":98728,"href":"https:\/\/www.koonings.com\/fr\/wp-json\/wp\/v2\/pages\/17102\/revisions\/98728"}],"up":[{"embeddable":true,"href":"https:\/\/www.koonings.com\/fr\/wp-json\/wp\/v2\/pages\/16224"}],"wp:attachment":[{"href":"https:\/\/www.koonings.com\/fr\/wp-json\/wp\/v2\/media?parent=17102"}],"curies":[{"name":"wp","href":"https:\/\/api.w.org\/{rel}","templated":true}]}}