{"id":16699,"date":"2024-07-19T13:43:25","date_gmt":"2024-07-19T11:43:25","guid":{"rendered":"https:\/\/www.koonings.com\/paquet-vip\/"},"modified":"2025-09-29T12:56:11","modified_gmt":"2025-09-29T10:56:11","slug":"paquet-vip","status":"publish","type":"page","link":"https:\/\/www.koonings.com\/fr\/paquet-vip\/","title":{"rendered":"Paquet VIP"},"content":{"rendered":"\r\n\r\n<div class=\"eye-element fullwidth-row alignfull style-both bg--none  alignfull \" style=\" \">\r\n\r\n    <div class=\"container\">\r\n        <div class=\"row\">\r\n            <div class=\"col-12\">\r\n                <div class=\"acf-innerblocks-container\">\n\n<h1 class=\"wp-block-heading has-text-align-center\" id=\"jouw-droom-wordt-onze-missie\">Votre r\u00eave devient notre mission<\/h1>\n\n\n\n<p class=\"has-text-align-center\">Vous chercherez la robe avec nous et serez choy\u00e9e. L&#8217;un de nos stylistes vous guidera dans la recherche de la plus belle robe pendant que votre entourage s&#8217;allongera sur nos jolis canap\u00e9s et fauteuils. <\/p>\n\n\n\r\n<div class=\"eye-element bsbutton text-center \" >\r\n\t        <a class=\"btn btn-primary\" href=\"#arrangementen\"\r\n           target=\"\">Voir le paquet<\/a>\r\n\t<\/div>\n\n\r\n<div class=\"eye-block empty-space empty-space--small pt-md-3 pb-md-3 pt-2 pb-2\" ><\/div>\n\n\n<div class=\"ghostkit-grid ghostkit-grid-gap-md ghostkit-grid-align-items-center\"><div class=\"ghostkit-grid-inner\">\n<div class=\"ghostkit-col ghostkit-col-md-12 ghostkit-col-6\"><div class=\"ghostkit-col-content is-layout-flow wp-block-ghostkit-grid-column-is-layout-flow\">\n<h2 class=\"wp-block-heading\" id=\"ervaar-het-gevoel-van-trouwjurken-passen\">Vous \u00eates au centre<\/h2>\n\n\n\n<p>Deux heures vous sont r\u00e9serv\u00e9es pour choisir et essayer en toute tranquillit\u00e9. Alors que votre entourage ne manque de rien, vous serez totalement d\u00e9charg\u00e9e par l&#8217;une de nos stylistes. L&#8217;objectif : trouver la robe qui vous convient. Vous opterez pour la couture ou peut-\u00eatre m\u00eame pour une robe sur mesure ? Votre r\u00eave devient notre mission !    <\/p>\n<\/div><\/div>\n\n\n\n<div class=\"ghostkit-col ghostkit-col-md-12 ghostkit-col-6\"><div class=\"ghostkit-col-content is-layout-flow wp-block-ghostkit-grid-column-is-layout-flow\">\r\n<div class=\"eye-element images style-default variant-1 multi-image\">\r\n\r\n\t        <div class=\"composition\">\r\n\t\t\t                <div class=\"image-0\">\r\n                    <img decoding=\"async\" class=\"img-fluid\" src=\"https:\/\/www.koonings.com\/wp-content\/uploads\/2025\/01\/2444-105-300x188.jpg\" srcset=\"https:\/\/www.koonings.com\/wp-content\/uploads\/2025\/01\/2444-105-300x188.jpg 300w, https:\/\/www.koonings.com\/wp-content\/uploads\/2025\/01\/2444-105-1024x640.jpg 1024w, https:\/\/www.koonings.com\/wp-content\/uploads\/2025\/01\/2444-105-768x480.jpg 768w, https:\/\/www.koonings.com\/wp-content\/uploads\/2025\/01\/2444-105-1536x960.jpg 1536w, https:\/\/www.koonings.com\/wp-content\/uploads\/2025\/01\/2444-105-2048x1280.jpg 2048w\" alt=\"\">\r\n                <\/div>\r\n\t\t\t\r\n            <div class=\"swiper images-swiper\">\r\n\r\n\t\t\t\t\r\n                <div class=\"swiper-wrapper\">\r\n\t\t\t\t\t                        <li class=\"swiper-slide\">\r\n                            <img decoding=\"async\" class=\" img-fluid\" src=\"https:\/\/www.koonings.com\/wp-content\/uploads\/2025\/01\/2444-101-1024x768.jpg\" srcset=\"https:\/\/www.koonings.com\/wp-content\/uploads\/2025\/01\/2444-101-scaled.jpg\" alt=\"\">\r\n                        <\/li>\r\n\t\t\t\t\t                <\/div>\r\n\r\n                <div class=\"swiper-pagination\"><\/div>\r\n\r\n                <div class=\"swiper-button-prev\"><\/div>\r\n                <div class=\"swiper-button-next\"><\/div>\r\n\r\n            <\/div>\r\n\r\n        <\/div>\r\n\t\r\n\t<\/div><\/div><\/div>\n<\/div><\/div>\n\n\n\r\n<div class=\"eye-block empty-space empty-space--large pt-md-5 pb-md-5 pt-4 pb-4\" ><\/div>\n\n\r\n\r\n<div class=\"eye-element fullwidth-row alignfull style-both bg--lightgray  alignfull \" style=\" \">\r\n\r\n    <div class=\"container\">\r\n        <div class=\"row\">\r\n            <div class=\"col-12\">\r\n                <div class=\"acf-innerblocks-container\">\n\n<div class=\"ghostkit-grid ghostkit-grid-gap-md ghostkit-grid-align-items-center\"><div class=\"ghostkit-grid-inner\">\n<div class=\"ghostkit-col ghostkit-col-md-12 ghostkit-col-6\"><div class=\"ghostkit-col-content is-layout-flow wp-block-ghostkit-grid-column-is-layout-flow\">\r\n<div class=\"eye-element images style-default variant-4 multi-image\">\r\n\r\n\t        <div class=\"composition\">\r\n\t\t\t                <div class=\"image-0\">\r\n                    <img decoding=\"async\" class=\"img-fluid\" src=\"https:\/\/www.koonings.com\/wp-content\/uploads\/2025\/01\/2444-106-2-300x300.jpg\" srcset=\"https:\/\/www.koonings.com\/wp-content\/uploads\/2025\/01\/2444-106-2-300x300.jpg 300w, https:\/\/www.koonings.com\/wp-content\/uploads\/2025\/01\/2444-106-2-1024x1024.jpg 1024w, https:\/\/www.koonings.com\/wp-content\/uploads\/2025\/01\/2444-106-2-150x150.jpg 150w, https:\/\/www.koonings.com\/wp-content\/uploads\/2025\/01\/2444-106-2-768x768.jpg 768w, https:\/\/www.koonings.com\/wp-content\/uploads\/2025\/01\/2444-106-2-1536x1536.jpg 1536w, https:\/\/www.koonings.com\/wp-content\/uploads\/2025\/01\/2444-106-2-2048x2048.jpg 2048w\" alt=\"\">\r\n                <\/div>\r\n\t\t\t\r\n            <div class=\"swiper images-swiper\">\r\n\r\n\t\t\t\t\r\n                <div class=\"swiper-wrapper\">\r\n\t\t\t\t\t                        <li class=\"swiper-slide\">\r\n                            <img decoding=\"async\" class=\" img-fluid\" src=\"https:\/\/www.koonings.com\/wp-content\/uploads\/2025\/01\/2444-81-1024x640.jpg\" srcset=\"https:\/\/www.koonings.com\/wp-content\/uploads\/2025\/01\/2444-81-scaled.jpg\" alt=\"\">\r\n                        <\/li>\r\n\t\t\t\t\t                <\/div>\r\n\r\n                <div class=\"swiper-pagination\"><\/div>\r\n\r\n                <div class=\"swiper-button-prev\"><\/div>\r\n                <div class=\"swiper-button-next\"><\/div>\r\n\r\n            <\/div>\r\n\r\n        <\/div>\r\n\t\r\n\t<\/div><\/div><\/div>\n\n\n\n<div class=\"ghostkit-col ghostkit-col-md-12 ghostkit-col-6\"><div class=\"ghostkit-col-content is-layout-flow wp-block-ghostkit-grid-column-is-layout-flow\">\n<h2 class=\"wp-block-heading\" id=\"ervaar-het-gevoel-van-trouwjurken-passen\">Rendre votre rendez-vous encore plus sp\u00e9cial<\/h2>\n\n\n\n<p>Pendant que votre entourage attend vos beaux moments de d\u00e9fil\u00e9, il d\u00e9guste de d\u00e9licieux en-cas et une s\u00e9lection de boissons chaudes et froides. Bref, une exp\u00e9rience pour tous. <\/p>\n<\/div><\/div>\n<\/div><\/div>\n\n<\/div>\r\n            <\/div>\r\n        <\/div>\r\n    <\/div>\r\n\r\n<\/div>\r\n\r\n    \n<\/div>\r\n            <\/div>\r\n        <\/div>\r\n    <\/div>\r\n\r\n<\/div>\r\n\r\n    \r\n\r\n<div class=\"eye-element fullwidth-row alignfull style-both bg--none  alignfull \" style=\" \">\r\n\r\n    <div class=\"container\">\r\n        <div class=\"row\">\r\n            <div class=\"col-12\">\r\n                <div class=\"acf-innerblocks-container\">\n\n<h2 class=\"wp-block-heading\" id=\"deurne\">Deurne<\/h2>\n\n\n\n<p><strong>Co\u00fbt Forfait VIP<\/strong><br\/>\u20ac 45 par personne*<br\/>Ce forfait comprend une bouteille de champagne Mo\u00ebt &amp; Chandon pour vous et tout votre entourage, trois tourn\u00e9es de boissons, une tour remplie de d\u00e9licieux en-cas \u00e0 d\u00e9guster entre les deux. En bref : un moment amusant pour c\u00e9l\u00e9brer l&#8217;amour avec des bouch\u00e9es assorties dans votre propre cabine d&#8217;essayage priv\u00e9e, y compris le podium. <br\/><br\/>*Pour les groupes de moins de cinq personnes, un montant minimum de 225 euros s&#8217;applique.<br\/><em>(Des boissons suppl\u00e9mentaires peuvent \u00eatre command\u00e9es et pay\u00e9es au restaurant apr\u00e8s le rendez-vous).<\/em><br\/> <\/p>\n\n\n\n<p><strong>Ou rendez votre rendez-vous VIP encore plus sp\u00e9cial avec les extras ci-dessous<\/strong><br\/><em>(Veuillez transmettre les am\u00e9liorations avant le rendez-vous)<\/em><br\/><br\/><strong>Champagne<\/strong><br\/><em>De 49 \u20ac \u00e0 990 \u20ac<br\/>Servi dans notre bar \u00e0 champagne<\/em><br\/><br\/><strong>Hu\u00eetres<\/strong><br\/><em>De \u20ac2.50 &#8211; \u20ac4.00<br\/>Servi par nos chefs.<\/em><br\/><br\/><strong>Caviar<\/strong><br\/><em>De 65 \u20ac \u00e0 225 \u20ac<br\/>Servi avec des blinis<\/em><\/p>\n\n\n\r\n<div class=\"eye-element bsbutton text-center \" >\r\n\t        <a class=\"btn btn-gold\" href=\"https:\/\/www.koonings.com\/fr\/prendre-un-rendez-vous\/\"\r\n           target=\"\">Prenez rendez-vous<\/a>\r\n\t<\/div>\n<\/div>\r\n            <\/div>\r\n        <\/div>\r\n    <\/div>\r\n\r\n<\/div>\r\n\r\n    \n<div class=\"ghostkit-grid ghostkit-grid-gap-md\"><div class=\"ghostkit-grid-inner\">\n<div class=\"ghostkit-col ghostkit-col-lg-12 ghostkit-col-4\"><div class=\"ghostkit-col-content is-layout-flow wp-block-ghostkit-grid-column-is-layout-flow\">\n<figure class=\"wp-block-image size-large\"><img decoding=\"async\" width=\"1024\" height=\"689\" src=\"https:\/\/www.koonings.com\/wp-content\/uploads\/2024\/07\/vip_1_0-1024x689.jpg\" alt=\"Salle d'essayage VIP avec podium\" class=\"wp-image-4022\" style=\"aspect-ratio:3\/4;object-fit:cover\" srcset=\"https:\/\/www.koonings.com\/wp-content\/uploads\/2024\/07\/vip_1_0-1024x689.jpg 1024w, https:\/\/www.koonings.com\/wp-content\/uploads\/2024\/07\/vip_1_0-300x202.jpg 300w, https:\/\/www.koonings.com\/wp-content\/uploads\/2024\/07\/vip_1_0-768x517.jpg 768w, https:\/\/www.koonings.com\/wp-content\/uploads\/2024\/07\/vip_1_0-1536x1033.jpg 1536w, https:\/\/www.koonings.com\/wp-content\/uploads\/2024\/07\/vip_1_0-2048x1378.jpg 2048w\" sizes=\"(max-width: 1024px) 100vw, 1024px\" \/><\/figure>\n\n\n\n<p class=\"has-text-align-center\">Propre cabine d&#8217;essayage avec podium<\/p>\n<\/div><\/div>\n\n\n\n<div class=\"ghostkit-col ghostkit-col-lg-12 ghostkit-col-4\"><div class=\"ghostkit-col-content is-layout-flow wp-block-ghostkit-grid-column-is-layout-flow\">\n<figure class=\"wp-block-image size-large\"><img decoding=\"async\" width=\"1920\" height=\"2560\" src=\"https:\/\/www.koonings.com\/wp-content\/uploads\/2025\/01\/2444-129-edited-scaled.jpg\" alt=\"\" class=\"wp-image-77099\" style=\"aspect-ratio:3\/4;object-fit:cover\" srcset=\"https:\/\/www.koonings.com\/wp-content\/uploads\/2025\/01\/2444-129-edited-scaled.jpg 1920w, https:\/\/www.koonings.com\/wp-content\/uploads\/2025\/01\/2444-129-edited-225x300.jpg 225w, https:\/\/www.koonings.com\/wp-content\/uploads\/2025\/01\/2444-129-edited-768x1024.jpg 768w, https:\/\/www.koonings.com\/wp-content\/uploads\/2025\/01\/2444-129-edited-1152x1536.jpg 1152w, https:\/\/www.koonings.com\/wp-content\/uploads\/2025\/01\/2444-129-edited-1536x2048.jpg 1536w\" sizes=\"(max-width: 1920px) 100vw, 1920px\" \/><\/figure>\n\n\n\n<p class=\"has-text-align-center\">Essayage de robes de mari\u00e9e avec votre styliste priv\u00e9<\/p>\n<\/div><\/div>\n\n\n\n<div class=\"ghostkit-col ghostkit-col-lg-12 ghostkit-col-4\"><div class=\"ghostkit-col-content is-layout-flow wp-block-ghostkit-grid-column-is-layout-flow\">\n<figure class=\"wp-block-image size-large\"><img decoding=\"async\" width=\"683\" height=\"1024\" src=\"https:\/\/www.koonings.com\/wp-content\/uploads\/2024\/07\/60349226_2340075462680299_49238673312448512_n-683x1024.jpeg\" alt=\"Du champagne Moet sera servi dans la salle d'exposition VIP.\" class=\"wp-image-4014\" style=\"aspect-ratio:3\/4;object-fit:cover\" srcset=\"https:\/\/www.koonings.com\/wp-content\/uploads\/2024\/07\/60349226_2340075462680299_49238673312448512_n-683x1024.jpeg 683w, https:\/\/www.koonings.com\/wp-content\/uploads\/2024\/07\/60349226_2340075462680299_49238673312448512_n-200x300.jpeg 200w, https:\/\/www.koonings.com\/wp-content\/uploads\/2024\/07\/60349226_2340075462680299_49238673312448512_n-768x1152.jpeg 768w, https:\/\/www.koonings.com\/wp-content\/uploads\/2024\/07\/60349226_2340075462680299_49238673312448512_n-1024x1536.jpeg 1024w, https:\/\/www.koonings.com\/wp-content\/uploads\/2024\/07\/60349226_2340075462680299_49238673312448512_n.jpeg 1365w\" sizes=\"(max-width: 683px) 100vw, 683px\" \/><\/figure>\n\n\n\n<p class=\"has-text-align-center\">Champagne du bar \u00e0 champagne<br\/><\/p>\n<\/div><\/div>\n<\/div><\/div>\n\r\n\r\n<div class=\"eye-element fullwidth-row alignfull style-both bg--none  alignfull \" style=\" \">\r\n\r\n    <div class=\"container\">\r\n        <div class=\"row\">\r\n            <div class=\"col-12\">\r\n                <div class=\"acf-innerblocks-container\">\n\n<h2 class=\"wp-block-heading\" id=\"deurne\">Valkenburg<\/h2>\n\n\n\n<p>Vous venez choisir votre robe de mari\u00e9e au Ch\u00e2teau du Mariage ? Dans ce cas, vous b\u00e9n\u00e9ficierez automatiquement d&#8217;un traitement VIP. Avec de d\u00e9licieux snacks et boissons, vous chercherez la robe de vos r\u00eaves avec votre styliste personnel.  <\/p>\n\n\n\r\n<div class=\"eye-element bsbutton text-center \" >\r\n\t        <a class=\"btn btn-gold\" href=\"https:\/\/www.koonings.com\/fr\/prendre-un-rendez-vous\/\"\r\n           target=\"\">Prenez rendez-vous<\/a>\r\n\t<\/div>\n<\/div>\r\n            <\/div>\r\n        <\/div>\r\n    <\/div>\r\n\r\n<\/div>\r\n\r\n    ","protected":false},"excerpt":{"rendered":"","protected":false},"author":1,"featured_media":0,"parent":0,"menu_order":0,"comment_status":"closed","ping_status":"closed","template":"","meta":{"_acf_changed":false,"ghostkit_customizer_options":"","ghostkit_custom_css":"","ghostkit_custom_js_head":"","ghostkit_custom_js_foot":"","ghostkit_typography":"","footnotes":""},"class_list":["post-16699","page","type-page","status-publish","hentry"],"acf":[],"yoast_head":"<!-- This site is optimized with the Yoast SEO plugin v27.3 - https:\/\/yoast.com\/product\/yoast-seo-wordpress\/ -->\n<title>Paquet VIP | Koonings<\/title>\n<meta name=\"robots\" content=\"index, follow, max-snippet:-1, max-image-preview:large, max-video-preview:-1\" \/>\n<link rel=\"canonical\" href=\"https:\/\/www.koonings.com\/fr\/paquet-vip\/\" \/>\n<meta property=\"og:locale\" content=\"fr_FR\" \/>\n<meta property=\"og:type\" content=\"article\" \/>\n<meta property=\"og:title\" content=\"Paquet VIP | Koonings\" \/>\n<meta property=\"og:url\" content=\"https:\/\/www.koonings.com\/fr\/paquet-vip\/\" \/>\n<meta property=\"og:site_name\" content=\"Koonings\" \/>\n<meta property=\"article:publisher\" content=\"https:\/\/www.facebook.com\/kooningstheweddingpalace\" \/>\n<meta property=\"article:modified_time\" content=\"2025-09-29T10:56:11+00:00\" \/>\n<meta property=\"og:image\" content=\"https:\/\/www.koonings.com\/wp-content\/uploads\/2024\/07\/vip_1_0-1024x689.jpg\" \/>\n<meta name=\"twitter:card\" content=\"summary_large_image\" \/>\n<meta name=\"twitter:label1\" content=\"Dur\u00e9e de lecture estim\u00e9e\" \/>\n\t<meta name=\"twitter:data1\" content=\"2 minutes\" \/>\n<script type=\"application\/ld+json\" class=\"yoast-schema-graph\">{\"@context\":\"https:\\\/\\\/schema.org\",\"@graph\":[{\"@type\":\"WebPage\",\"@id\":\"https:\\\/\\\/www.koonings.com\\\/fr\\\/paquet-vip\\\/\",\"url\":\"https:\\\/\\\/www.koonings.com\\\/fr\\\/paquet-vip\\\/\",\"name\":\"Paquet VIP | Koonings\",\"isPartOf\":{\"@id\":\"https:\\\/\\\/www.koonings.com\\\/fr\\\/#website\"},\"primaryImageOfPage\":{\"@id\":\"https:\\\/\\\/www.koonings.com\\\/fr\\\/paquet-vip\\\/#primaryimage\"},\"image\":{\"@id\":\"https:\\\/\\\/www.koonings.com\\\/fr\\\/paquet-vip\\\/#primaryimage\"},\"thumbnailUrl\":\"https:\\\/\\\/www.koonings.com\\\/wp-content\\\/uploads\\\/2024\\\/07\\\/vip_1_0-1024x689.jpg\",\"datePublished\":\"2024-07-19T11:43:25+00:00\",\"dateModified\":\"2025-09-29T10:56:11+00:00\",\"breadcrumb\":{\"@id\":\"https:\\\/\\\/www.koonings.com\\\/fr\\\/paquet-vip\\\/#breadcrumb\"},\"inLanguage\":\"fr-FR\",\"potentialAction\":[{\"@type\":\"ReadAction\",\"target\":[\"https:\\\/\\\/www.koonings.com\\\/fr\\\/paquet-vip\\\/\"]}]},{\"@type\":\"ImageObject\",\"inLanguage\":\"fr-FR\",\"@id\":\"https:\\\/\\\/www.koonings.com\\\/fr\\\/paquet-vip\\\/#primaryimage\",\"url\":\"https:\\\/\\\/www.koonings.com\\\/wp-content\\\/uploads\\\/2024\\\/07\\\/vip_1_0-1024x689.jpg\",\"contentUrl\":\"https:\\\/\\\/www.koonings.com\\\/wp-content\\\/uploads\\\/2024\\\/07\\\/vip_1_0-1024x689.jpg\"},{\"@type\":\"BreadcrumbList\",\"@id\":\"https:\\\/\\\/www.koonings.com\\\/fr\\\/paquet-vip\\\/#breadcrumb\",\"itemListElement\":[{\"@type\":\"ListItem\",\"position\":1,\"name\":\"Home\",\"item\":\"https:\\\/\\\/www.koonings.com\\\/fr\\\/\"},{\"@type\":\"ListItem\",\"position\":2,\"name\":\"Paquet VIP\"}]},{\"@type\":\"WebSite\",\"@id\":\"https:\\\/\\\/www.koonings.com\\\/fr\\\/#website\",\"url\":\"https:\\\/\\\/www.koonings.com\\\/fr\\\/\",\"name\":\"Koonings\",\"description\":\"De grootste bruidsmodewinkel ter wereld\",\"publisher\":{\"@id\":\"https:\\\/\\\/www.koonings.com\\\/fr\\\/#organization\"},\"potentialAction\":[{\"@type\":\"SearchAction\",\"target\":{\"@type\":\"EntryPoint\",\"urlTemplate\":\"https:\\\/\\\/www.koonings.com\\\/fr\\\/?s={search_term_string}\"},\"query-input\":{\"@type\":\"PropertyValueSpecification\",\"valueRequired\":true,\"valueName\":\"search_term_string\"}}],\"inLanguage\":\"fr-FR\"},{\"@type\":\"Organization\",\"@id\":\"https:\\\/\\\/www.koonings.com\\\/fr\\\/#organization\",\"name\":\"Koonings\",\"url\":\"https:\\\/\\\/www.koonings.com\\\/fr\\\/\",\"logo\":{\"@type\":\"ImageObject\",\"inLanguage\":\"fr-FR\",\"@id\":\"https:\\\/\\\/www.koonings.com\\\/fr\\\/#\\\/schema\\\/logo\\\/image\\\/\",\"url\":\"https:\\\/\\\/www.koonings.com\\\/wp-content\\\/uploads\\\/2024\\\/07\\\/logo.png\",\"contentUrl\":\"https:\\\/\\\/www.koonings.com\\\/wp-content\\\/uploads\\\/2024\\\/07\\\/logo.png\",\"width\":600,\"height\":428,\"caption\":\"Koonings\"},\"image\":{\"@id\":\"https:\\\/\\\/www.koonings.com\\\/fr\\\/#\\\/schema\\\/logo\\\/image\\\/\"},\"sameAs\":[\"https:\\\/\\\/www.facebook.com\\\/kooningstheweddingpalace\",\"https:\\\/\\\/www.instagram.com\\\/kooningstheweddingpalace\",\"https:\\\/\\\/www.pinterest.com\\\/koonings\",\"https:\\\/\\\/www.youtube.com\\\/kooningstheweddingpalace\"]}]}<\/script>\n<!-- \/ Yoast SEO plugin. -->","yoast_head_json":{"title":"Paquet VIP | Koonings","robots":{"index":"index","follow":"follow","max-snippet":"max-snippet:-1","max-image-preview":"max-image-preview:large","max-video-preview":"max-video-preview:-1"},"canonical":"https:\/\/www.koonings.com\/fr\/paquet-vip\/","og_locale":"fr_FR","og_type":"article","og_title":"Paquet VIP | Koonings","og_url":"https:\/\/www.koonings.com\/fr\/paquet-vip\/","og_site_name":"Koonings","article_publisher":"https:\/\/www.facebook.com\/kooningstheweddingpalace","article_modified_time":"2025-09-29T10:56:11+00:00","og_image":[{"url":"https:\/\/www.koonings.com\/wp-content\/uploads\/2024\/07\/vip_1_0-1024x689.jpg","type":"","width":"","height":""}],"twitter_card":"summary_large_image","twitter_misc":{"Dur\u00e9e de lecture estim\u00e9e":"2 minutes"},"schema":{"@context":"https:\/\/schema.org","@graph":[{"@type":"WebPage","@id":"https:\/\/www.koonings.com\/fr\/paquet-vip\/","url":"https:\/\/www.koonings.com\/fr\/paquet-vip\/","name":"Paquet VIP | Koonings","isPartOf":{"@id":"https:\/\/www.koonings.com\/fr\/#website"},"primaryImageOfPage":{"@id":"https:\/\/www.koonings.com\/fr\/paquet-vip\/#primaryimage"},"image":{"@id":"https:\/\/www.koonings.com\/fr\/paquet-vip\/#primaryimage"},"thumbnailUrl":"https:\/\/www.koonings.com\/wp-content\/uploads\/2024\/07\/vip_1_0-1024x689.jpg","datePublished":"2024-07-19T11:43:25+00:00","dateModified":"2025-09-29T10:56:11+00:00","breadcrumb":{"@id":"https:\/\/www.koonings.com\/fr\/paquet-vip\/#breadcrumb"},"inLanguage":"fr-FR","potentialAction":[{"@type":"ReadAction","target":["https:\/\/www.koonings.com\/fr\/paquet-vip\/"]}]},{"@type":"ImageObject","inLanguage":"fr-FR","@id":"https:\/\/www.koonings.com\/fr\/paquet-vip\/#primaryimage","url":"https:\/\/www.koonings.com\/wp-content\/uploads\/2024\/07\/vip_1_0-1024x689.jpg","contentUrl":"https:\/\/www.koonings.com\/wp-content\/uploads\/2024\/07\/vip_1_0-1024x689.jpg"},{"@type":"BreadcrumbList","@id":"https:\/\/www.koonings.com\/fr\/paquet-vip\/#breadcrumb","itemListElement":[{"@type":"ListItem","position":1,"name":"Home","item":"https:\/\/www.koonings.com\/fr\/"},{"@type":"ListItem","position":2,"name":"Paquet VIP"}]},{"@type":"WebSite","@id":"https:\/\/www.koonings.com\/fr\/#website","url":"https:\/\/www.koonings.com\/fr\/","name":"Koonings","description":"De grootste bruidsmodewinkel ter wereld","publisher":{"@id":"https:\/\/www.koonings.com\/fr\/#organization"},"potentialAction":[{"@type":"SearchAction","target":{"@type":"EntryPoint","urlTemplate":"https:\/\/www.koonings.com\/fr\/?s={search_term_string}"},"query-input":{"@type":"PropertyValueSpecification","valueRequired":true,"valueName":"search_term_string"}}],"inLanguage":"fr-FR"},{"@type":"Organization","@id":"https:\/\/www.koonings.com\/fr\/#organization","name":"Koonings","url":"https:\/\/www.koonings.com\/fr\/","logo":{"@type":"ImageObject","inLanguage":"fr-FR","@id":"https:\/\/www.koonings.com\/fr\/#\/schema\/logo\/image\/","url":"https:\/\/www.koonings.com\/wp-content\/uploads\/2024\/07\/logo.png","contentUrl":"https:\/\/www.koonings.com\/wp-content\/uploads\/2024\/07\/logo.png","width":600,"height":428,"caption":"Koonings"},"image":{"@id":"https:\/\/www.koonings.com\/fr\/#\/schema\/logo\/image\/"},"sameAs":["https:\/\/www.facebook.com\/kooningstheweddingpalace","https:\/\/www.instagram.com\/kooningstheweddingpalace","https:\/\/www.pinterest.com\/koonings","https:\/\/www.youtube.com\/kooningstheweddingpalace"]}]}},"_links":{"self":[{"href":"https:\/\/www.koonings.com\/fr\/wp-json\/wp\/v2\/pages\/16699","targetHints":{"allow":["GET"]}}],"collection":[{"href":"https:\/\/www.koonings.com\/fr\/wp-json\/wp\/v2\/pages"}],"about":[{"href":"https:\/\/www.koonings.com\/fr\/wp-json\/wp\/v2\/types\/page"}],"author":[{"embeddable":true,"href":"https:\/\/www.koonings.com\/fr\/wp-json\/wp\/v2\/users\/1"}],"replies":[{"embeddable":true,"href":"https:\/\/www.koonings.com\/fr\/wp-json\/wp\/v2\/comments?post=16699"}],"version-history":[{"count":2,"href":"https:\/\/www.koonings.com\/fr\/wp-json\/wp\/v2\/pages\/16699\/revisions"}],"predecessor-version":[{"id":98805,"href":"https:\/\/www.koonings.com\/fr\/wp-json\/wp\/v2\/pages\/16699\/revisions\/98805"}],"wp:attachment":[{"href":"https:\/\/www.koonings.com\/fr\/wp-json\/wp\/v2\/media?parent=16699"}],"curies":[{"name":"wp","href":"https:\/\/api.w.org\/{rel}","templated":true}]}}