{"id":16689,"date":"2024-07-19T14:16:31","date_gmt":"2024-07-19T12:16:31","guid":{"rendered":"https:\/\/www.koonings.com\/valkenburg\/restaurants\/restaurant-mon-reve\/"},"modified":"2025-02-07T14:35:03","modified_gmt":"2025-02-07T13:35:03","slug":"restaurant-mon-reve","status":"publish","type":"page","link":"https:\/\/www.koonings.com\/fr\/valkenburg\/restaurants\/restaurant-mon-reve\/","title":{"rendered":"Restaurant Mon R\u00eave"},"content":{"rendered":"\r\n\r\n<div class=\"eye-element fullwidth-row alignfull faux-bg--none style-right  alignfull \" style=\"\">\r\n<div class=\"bg bg--none\" style=\"\"><\/div>\r\n\r\n    <div class=\"container\">\r\n        <div class=\"row\">\r\n            <div class=\"col-12\">\r\n                <div class=\"acf-innerblocks-container\">\n\n<div class=\"ghostkit-grid ghostkit-grid-gap-md ghostkit-grid-align-items-center\"><div class=\"ghostkit-grid-inner\">\n<div class=\"ghostkit-col ghostkit-col-md-12 ghostkit-col-6\"><div class=\"ghostkit-col-content is-layout-flow wp-block-ghostkit-grid-column-is-layout-flow\">\r\n<div class=\"eye-element images style-default variant-2 single-image\">\r\n\r\n\t        <div class=\"composition\">\r\n\t\t\t\r\n            <div class=\"swiper images-swiper\">\r\n\r\n\t\t\t\t\r\n                <div class=\"swiper-wrapper\">\r\n\t\t\t\t\t                        <li class=\"swiper-slide\">\r\n                            <img decoding=\"async\" class=\" img-fluid\" src=\"https:\/\/www.koonings.com\/wp-content\/uploads\/2024\/11\/Vrijdag-15-november-2024-Kasteel-Oost-verkleind-7-1024x683.jpg\" srcset=\"https:\/\/www.koonings.com\/wp-content\/uploads\/2024\/11\/Vrijdag-15-november-2024-Kasteel-Oost-verkleind-7-scaled.jpg\" alt=\"restaurant_monreve\">\r\n                        <\/li>\r\n\t\t\t\t\t                <\/div>\r\n\r\n                <div class=\"swiper-pagination\"><\/div>\r\n\r\n                <div class=\"swiper-button-prev\"><\/div>\r\n                <div class=\"swiper-button-next\"><\/div>\r\n\r\n            <\/div>\r\n\r\n        <\/div>\r\n\t\r\n\t<\/div><\/div><\/div>\n\n\n\n<div class=\"ghostkit-col ghostkit-col-md-12 ghostkit-col-6\"><div class=\"ghostkit-col-content is-layout-flow wp-block-ghostkit-grid-column-is-layout-flow\">\n<h1 class=\"wp-block-heading\" id=\"restaurant-mon-reve\">Restaurant Mon R\u00eave<\/h1>\n\n\n\n<p>Descendez au sous-sol du magnifique Kasteel Oost \u00e0 Valkenburg et d\u00e9couvrez le nouveau restaurant luxueux.\nIci, dans l&#8217;atmosph\u00e8re enchanteresse d&#8217;une authentique cave \u00e0 vin, nous vous ferons vivre une exp\u00e9rience culinaire sans pr\u00e9c\u00e9dent.\nVoulez-vous vous joindre \u00e0 nous pour d\u00eener au restaurant Mon R\u00eave ?  <\/p>\n\n\n\n<p><em>L&#8217;exp\u00e9rience Kooning \u00e0 Valkenburg est encore en cours de d\u00e9veloppement.\nLes photos de cette page sont des impressions atmosph\u00e9riques. <\/em><\/p>\n\n\n\r\n<div class=\"eye-element bsbutton text-start \" >\r\n\t        <a class=\"btn btn-gold\" href=\"#aanvraagformulier\"\r\n           target=\"\">R\u00e9servez votre table \u00e0 l&#8217;avance<\/a>\r\n\t<\/div><\/div><\/div>\n<\/div><\/div>\n\n<\/div>\r\n            <\/div>\r\n        <\/div>\r\n    <\/div>\r\n\r\n<\/div>\r\n\r\n    \n\n\r\n\r\n<div class=\"eye-element fullwidth-row alignfull faux-bg--lightgray style-left  alignfull \" style=\"\">\r\n<div class=\"bg bg--lightgray\" style=\"\"><\/div>\r\n\r\n    <div class=\"container\">\r\n        <div class=\"row\">\r\n            <div class=\"col-12\">\r\n                <div class=\"acf-innerblocks-container\">\n\n<div class=\"ghostkit-grid ghostkit-grid-gap-md ghostkit-grid-align-items-center\"><div class=\"ghostkit-grid-inner\">\n<div class=\"ghostkit-col ghostkit-col-md-12 ghostkit-col-6 ghostkit-col-align-self-center\"><div class=\"ghostkit-col-content is-layout-flow wp-block-ghostkit-grid-column-is-layout-flow\">\n<h2 class=\"wp-block-heading\" id=\"een-oase-van-rust-en-sfeer\">Une cave \u00e0 vin pleine d&#8217;ambiance<\/h2>\n\n\n\n<p>La cave \u00e0 vin atmosph\u00e9rique situ\u00e9e dans le quartier historique de Kasteel Oost abrite le restaurant intime Mon R\u00eave.\nLe nom fait r\u00e9f\u00e9rence au r\u00eave de la propri\u00e9taire Ramona, qu&#8217;elle a r\u00e9alis\u00e9 avec Koonings The Wedding Castle.\nLe sous-sol d\u00e9gage un charme intemporel, o\u00f9 l&#8217;ancien et le nouveau se marient parfaitement.\nLes murs rustiques, l&#8217;\u00e9clairage doux et le mobilier \u00e9l\u00e9gant cr\u00e9ent une ambiance qui vous invite \u00e0 profiter et \u00e0 r\u00eaver litt\u00e9ralement.   <\/p>\n<\/div><\/div>\n\n\n\n<div class=\"ghostkit-col ghostkit-col-md-12 ghostkit-col-6\"><div class=\"ghostkit-col-content is-layout-flow wp-block-ghostkit-grid-column-is-layout-flow\">\r\n<div class=\"eye-element images style-default variant-1 single-image\">\r\n\r\n\t        <div class=\"composition\">\r\n\t\t\t\r\n            <div class=\"swiper images-swiper\">\r\n\r\n\t\t\t\t\r\n                <div class=\"swiper-wrapper\">\r\n\t\t\t\t\t                        <li class=\"swiper-slide\">\r\n                            <img decoding=\"async\" class=\" img-fluid\" src=\"https:\/\/www.koonings.com\/wp-content\/uploads\/2024\/08\/KOO_begaandegrond_kelder_restaurant_AI-1024x724.png\" srcset=\"https:\/\/www.koonings.com\/wp-content\/uploads\/2024\/08\/KOO_begaandegrond_kelder_restaurant_AI.png\" alt=\"Restaurant Mon Reve Valkenburg sfeerbeeld\">\r\n                        <\/li>\r\n\t\t\t\t\t                <\/div>\r\n\r\n                <div class=\"swiper-pagination\"><\/div>\r\n\r\n                <div class=\"swiper-button-prev\"><\/div>\r\n                <div class=\"swiper-button-next\"><\/div>\r\n\r\n            <\/div>\r\n\r\n        <\/div>\r\n\t\r\n\t<\/div><\/div><\/div>\n<\/div><\/div>\n\n<\/div>\r\n            <\/div>\r\n        <\/div>\r\n    <\/div>\r\n\r\n<\/div>\r\n\r\n    \n\n\r\n\r\n<div class=\"eye-element fullwidth-row alignfull style-both bg--none  alignfull \" style=\" \">\r\n\r\n    <div class=\"container\">\r\n        <div class=\"row\">\r\n            <div class=\"col-12\">\r\n                <div class=\"acf-innerblocks-container\">\n\n<div class=\"ghostkit-grid ghostkit-grid-gap-md ghostkit-grid-justify-content-center\"><div class=\"ghostkit-grid-inner\">\n<div class=\"ghostkit-col ghostkit-col-md-12 ghostkit-col-xl-8 ghostkit-col-7\"><div class=\"ghostkit-col-content is-layout-flow wp-block-ghostkit-grid-column-is-layout-flow\">\n<h2 class=\"wp-block-heading\" id=\"genieten-van-heerlijke-gerechten\">Des plats de qualit\u00e9 et des vins parfaits<\/h2>\n\n\n\n<p>Notre chef travaille avec passion et pr\u00e9cision pour ravir vos papilles avec des plats sophistiqu\u00e9s.\nChaque plat est une \u0153uvre d&#8217;art en soi, pr\u00e9par\u00e9e avec les meilleurs ingr\u00e9dients de la saison.\n\u00c0 chaque bouch\u00e9e, vous pouvez go\u00fbter le d\u00e9vouement et la cr\u00e9ativit\u00e9 qui caract\u00e9risent notre cuisine.\nEt qu&#8217;est-ce qu&#8217;un repas sans le vin parfait ?\nNotre sommelier s\u00e9lectionne soigneusement pour vous des vins assortis qui rehaussent et compl\u00e8tent les saveurs des plats.    <\/p>\n\n\n\r\n<div class=\"eye-block empty-space empty-space--small pt-md-3 pb-md-3 pt-2 pb-2\" ><\/div>\n\n\n<h2 class=\"wp-block-heading\" id=\"een-oase-van-rust-en-sfeer\">L&#8217;\u00e9quilibre parfait entre l&#8217;ancien et le nouveau<\/h2>\n\n\n\n<p>Le restaurant Mon R\u00eave est un lieu d&#8217;\u00e9quilibre.\nLe luxe moderne et le caract\u00e8re authentique du sous-sol offrent un cadre unique pour une exp\u00e9rience gastronomique inoubliable.\nQue vous veniez pour un d\u00eener romantique en t\u00eate-\u00e0-t\u00eate, une soir\u00e9e festive entre amis ou une r\u00e9union d&#8217;affaires.\nAu Mon R\u00eave, vous vivrez une soir\u00e9e inoubliable.   <\/p>\n<\/div><\/div>\n<\/div><\/div>\n\n<\/div>\r\n            <\/div>\r\n        <\/div>\r\n    <\/div>\r\n\r\n<\/div>\r\n\r\n    \n\n\r\n\r\n<div class=\"eye-element fullwidth-row alignfull faux-bg--lightgray style-right  alignfull \" style=\"\">\r\n<div class=\"bg bg--lightgray\" style=\"\"><\/div>\r\n\r\n    <div class=\"container\">\r\n        <div class=\"row\">\r\n            <div class=\"col-12\">\r\n                <div class=\"acf-innerblocks-container\">\n\n<div class=\"ghostkit-grid ghostkit-grid-gap-md ghostkit-grid-align-items-center\"><div class=\"ghostkit-grid-inner\">\n<div class=\"ghostkit-col ghostkit-col-md-12 ghostkit-col-6\"><div class=\"ghostkit-col-content is-layout-flow wp-block-ghostkit-grid-column-is-layout-flow\">\r\n<div class=\"eye-element images style-default variant-2 single-image\">\r\n\r\n\t        <div class=\"composition\">\r\n\t\t\t\r\n            <div class=\"swiper images-swiper\">\r\n\r\n\t\t\t\t\r\n                <div class=\"swiper-wrapper\">\r\n\t\t\t\t\t                        <li class=\"swiper-slide\">\r\n                            <img decoding=\"async\" class=\" img-fluid\" src=\"https:\/\/www.koonings.com\/wp-content\/uploads\/2024\/08\/KOO_begaandegrond_kelder_restaurant_AI-1024x724.png\" srcset=\"https:\/\/www.koonings.com\/wp-content\/uploads\/2024\/08\/KOO_begaandegrond_kelder_restaurant_AI.png\" alt=\"Restaurant Mon Reve Valkenburg sfeerbeeld\">\r\n                        <\/li>\r\n\t\t\t\t\t                <\/div>\r\n\r\n                <div class=\"swiper-pagination\"><\/div>\r\n\r\n                <div class=\"swiper-button-prev\"><\/div>\r\n                <div class=\"swiper-button-next\"><\/div>\r\n\r\n            <\/div>\r\n\r\n        <\/div>\r\n\t\r\n\t<\/div><\/div><\/div>\n\n\n\n<div class=\"ghostkit-col ghostkit-col-md-12 ghostkit-col-6\"><div class=\"ghostkit-col-content is-layout-flow wp-block-ghostkit-grid-column-is-layout-flow\">\n<h2 class=\"wp-block-heading\" id=\"genieten-van-heerlijke-gerechten\">Une exp\u00e9rience unique \u00e0 Valkenburg<\/h2>\n\n\n\n<p>Nous sommes impatients d&#8217;ouvrir nos portes et de vous accueillir dans notre nouveau restaurant Mon R\u00eave.\nNous ouvrirons nos portes \u00e0 la fin de l&#8217;ann\u00e9e et nous vous invitons \u00e0 faire partie de ce voyage sp\u00e9cial.\nInscrivez-vous d\u00e8s maintenant \u00e0 notre lettre d&#8217;information pour \u00eatre le premier \u00e0 \u00eatre inform\u00e9 de la date d&#8217;ouverture, des \u00e9v\u00e9nements sp\u00e9ciaux et des offres exclusives.  <\/p>\n\n\n\n<p>Venez d\u00e9couvrir la magie de Castle East et laissez-vous emporter par l&#8217;atmosph\u00e8re unique de notre cave \u00e0 vin.\nNous nous r\u00e9jouissons de vous accueillir bient\u00f4t. <a href=\"https:\/\/www.instagram.com\/inekesrestaurant\" target=\"_blank\" rel=\"noreferrer noopener\"><\/a><\/p>\n<\/div><\/div>\n<\/div><\/div>\n\n<\/div>\r\n            <\/div>\r\n        <\/div>\r\n    <\/div>\r\n\r\n<\/div>\r\n\r\n    \n\n\r\n\r\n<div class=\"eye-element fullwidth-row alignfull style-both bg--none  alignfull \" style=\" \">\r\n\r\n    <div class=\"container\">\r\n        <div class=\"row\">\r\n            <div class=\"col-12\">\r\n                <div class=\"acf-innerblocks-container\">\n\n<h2 class=\"wp-block-heading has-text-align-center\" id=\"aanvraagformulier\">Restez \u00e0 l&#8217;\u00e9coute<\/h2>\n\n\n\n<p class=\"has-text-align-center\">Remplissez le formulaire ci-dessous et nous vous informerons de la date \u00e0 laquelle vous pourrez r\u00e9server une table.<\/p>\n\n\n\n<div class=\"ghostkit-grid ghostkit-grid-gap-md ghostkit-grid-justify-content-center\"><div class=\"ghostkit-grid-inner\">\n<div class=\"ghostkit-col ghostkit-col-lg-10 ghostkit-col-xl-9 ghostkit-col-6\"><div class=\"ghostkit-col-content is-layout-flow wp-block-ghostkit-grid-column-is-layout-flow\"><style id=\"wpforms-css-vars-19621-block-f0c8d827-4718-43b9-9788-3e7274232115\">\n\t\t\t\t#wpforms-19621.wpforms-block-f0c8d827-4718-43b9-9788-3e7274232115 {\n\t\t\t\t--wpforms-field-size-input-height: 43px;\n--wpforms-field-size-input-spacing: 15px;\n--wpforms-field-size-font-size: 16px;\n--wpforms-field-size-line-height: 19px;\n--wpforms-field-size-padding-h: 14px;\n--wpforms-field-size-checkbox-size: 16px;\n--wpforms-field-size-sublabel-spacing: 5px;\n--wpforms-field-size-icon-size: 1;\n--wpforms-label-size-font-size: 16px;\n--wpforms-label-size-line-height: 19px;\n--wpforms-label-size-sublabel-font-size: 14px;\n--wpforms-label-size-sublabel-line-height: 17px;\n--wpforms-button-size-font-size: 17px;\n--wpforms-button-size-height: 41px;\n--wpforms-button-size-padding-h: 15px;\n--wpforms-button-size-margin-top: 10px;\n--wpforms-container-shadow-size-box-shadow: none;\n\t\t\t}\n\t\t\t<\/style><div class=\"wpforms-container wpforms-container-full text-center wpforms-block wpforms-block-f0c8d827-4718-43b9-9788-3e7274232115 wpforms-render-modern\" id=\"wpforms-19621\"><form id=\"wpforms-form-19621\" class=\"wpforms-validate wpforms-form wpforms-ajax-form\" data-formid=\"19621\" method=\"post\" enctype=\"multipart\/form-data\" action=\"\/fr\/wp-json\/wp\/v2\/pages\/16689\" data-token=\"99f4d0d624081b328810e7dce9791c02\" data-token-time=\"1779032055\"><noscript class=\"wpforms-error-noscript\">Veuillez activer JavaScript dans votre navigateur pour remplir ce formulaire.<\/noscript><div id=\"wpforms-error-noscript\" style=\"display: none;\">Veuillez activer JavaScript dans votre navigateur pour remplir ce formulaire.<\/div><div class=\"wpforms-field-container\"><div id=\"wpforms-19621-field_0-container\" class=\"wpforms-field wpforms-field-name\" data-field-id=\"0\"><label class=\"wpforms-field-label\" for=\"wpforms-19621-field_0\">Nom <span class=\"wpforms-required-label\" aria-hidden=\"true\">*<\/span><\/label><input type=\"text\" id=\"wpforms-19621-field_0\" class=\"wpforms-field-large wpforms-field-required\" name=\"wpforms[fields][0]\" aria-errormessage=\"wpforms-19621-field_0-error\" required><\/div><div id=\"wpforms-19621-field_4-container\" class=\"wpforms-field wpforms-field-layout\" data-field-id=\"4\"><div class=\"wpforms-field-layout-rows wpforms-field-large\"><div class=\"wpforms-layout-row\"><div class=\"wpforms-layout-column wpforms-layout-column-50\">\t\t<div id=\"wpforms-19621-field_5-container\"\n\t\t\tclass=\"wpforms-field wpforms-field-text\"\n\t\t\tdata-field-type=\"text\"\n\t\t\tdata-field-id=\"5\"\n\t\t\t>\n\t\t\t<label class=\"wpforms-field-label\" for=\"wpforms-19621-field_5\" >Mise Nom page<\/label>\n\t\t\t<input type=\"text\" id=\"wpforms-19621-field_5\" class=\"wpforms-field-medium\" name=\"wpforms[fields][5]\" >\n\t\t<\/div>\n\t\t<div id=\"wpforms-19621-field_1-container\" class=\"wpforms-field wpforms-field-email\" data-field-id=\"1\"><label class=\"wpforms-field-label\" for=\"wpforms-19621-field_1\">Courriel <span class=\"wpforms-required-label\" aria-hidden=\"true\">*<\/span><\/label><input type=\"email\" id=\"wpforms-19621-field_1\" class=\"wpforms-field-medium wpforms-field-required\" name=\"wpforms[fields][1]\" spellcheck=\"false\" aria-errormessage=\"wpforms-19621-field_1-error\" required><\/div><\/div><div class=\"wpforms-layout-column wpforms-layout-column-50\"><div id=\"wpforms-19621-field_3-container\" class=\"wpforms-field wpforms-field-phone\" data-field-id=\"3\"><label class=\"wpforms-field-label\" for=\"wpforms-19621-field_3\">T\u00e9l\u00e9phone <span class=\"wpforms-required-label\" aria-hidden=\"true\">*<\/span><\/label><input type=\"tel\" id=\"wpforms-19621-field_3\" class=\"wpforms-field-medium wpforms-field-required wpforms-smart-phone-field\" data-rule-smart-phone-field=\"true\" name=\"wpforms[fields][3]\" placeholder=\" \" aria-label=\"T\u00e9l\u00e9phone\" aria-errormessage=\"wpforms-19621-field_3-error\" required><\/div><\/div><\/div><\/div><\/div><div id=\"wpforms-19621-field_2-container\" class=\"wpforms-field wpforms-field-textarea\" data-field-id=\"2\"><label class=\"wpforms-field-label\" for=\"wpforms-19621-field_2\">Message<\/label><textarea id=\"wpforms-19621-field_2\" class=\"wpforms-field-medium\" name=\"wpforms[fields][2]\" aria-errormessage=\"wpforms-19621-field_2-error\" ><\/textarea><\/div><script>\n\t\t\t\t( function() {\n\t\t\t\t\tconst style = document.createElement( 'style' );\n\t\t\t\t\tstyle.appendChild( document.createTextNode( '#wpforms-19621-field_5-container { position: absolute !important; overflow: hidden !important; display: inline !important; height: 1px !important; width: 1px !important; z-index: -1000 !important; padding: 0 !important; } #wpforms-19621-field_5-container input { visibility: hidden; } #wpforms-conversational-form-page #wpforms-19621-field_5-container label { counter-increment: none; }' ) );\n\t\t\t\t\tdocument.head.appendChild( style );\n\t\t\t\t\tdocument.currentScript?.remove();\n\t\t\t\t} )();\n\t\t\t<\/script><\/div><!-- .wpforms-field-container --><div class=\"wpforms-recaptcha-container wpforms-is-turnstile\" ><div class=\"wpforms-turnstile\" data-sitekey=\"0x4AAAAAABYFdh_MDelKOMtD\" data-action=\"FormID-19621\"><\/div><input type=\"text\" name=\"g-recaptcha-hidden\" class=\"wpforms-recaptcha-hidden\" style=\"position:absolute!important;clip:rect(0,0,0,0)!important;height:1px!important;width:1px!important;border:0!important;overflow:hidden!important;padding:0!important;margin:0!important;\" data-rule-turnstile=\"1\"><\/div><div class=\"wpforms-submit-container\" ><input type=\"hidden\" name=\"wpforms[id]\" value=\"19621\"><input type=\"hidden\" name=\"page_title\" value=\"\"><input type=\"hidden\" name=\"page_url\" value=\"https:\/\/www.koonings.com\/fr\/wp-json\/wp\/v2\/pages\/16689\"><input type=\"hidden\" name=\"url_referer\" value=\"\"><button type=\"submit\" name=\"wpforms[submit]\" id=\"wpforms-submit-19621\" class=\"wpforms-submit\" data-alt-text=\"Exp\u00e9dition...\" data-submit-text=\"Envoyer\" aria-live=\"assertive\" value=\"wpforms-submit\">Envoyer<\/button><img decoding=\"async\" src=\"https:\/\/www.koonings.com\/wp-content\/plugins\/wpforms\/assets\/images\/submit-spin.svg\" class=\"wpforms-submit-spinner\" style=\"display: none;\" width=\"26\" height=\"26\" alt=\"Chargement en cours\"><\/div><\/form><\/div>  <!-- .wpforms-container --><\/div><\/div>\n<\/div><\/div>\n\n<\/div>\r\n            <\/div>\r\n        <\/div>\r\n    <\/div>\r\n\r\n<\/div>\r\n\r\n    ","protected":false},"excerpt":{"rendered":"","protected":false},"author":1,"featured_media":0,"parent":16681,"menu_order":0,"comment_status":"closed","ping_status":"closed","template":"","meta":{"_acf_changed":false,"ghostkit_customizer_options":"","ghostkit_custom_css":"","ghostkit_custom_js_head":"","ghostkit_custom_js_foot":"","ghostkit_typography":"","footnotes":""},"class_list":["post-16689","page","type-page","status-publish","hentry"],"acf":[],"yoast_head":"<!-- This site is optimized with the Yoast SEO plugin v27.3 - https:\/\/yoast.com\/product\/yoast-seo-wordpress\/ -->\n<title>Restaurant Mon R\u00eave | Koonings<\/title>\n<meta name=\"robots\" content=\"index, follow, max-snippet:-1, max-image-preview:large, max-video-preview:-1\" \/>\n<link rel=\"canonical\" href=\"https:\/\/www.koonings.com\/fr\/valkenburg\/restaurants\/restaurant-mon-reve\/\" \/>\n<meta property=\"og:locale\" content=\"fr_FR\" \/>\n<meta property=\"og:type\" content=\"article\" \/>\n<meta property=\"og:title\" content=\"Restaurant Mon R\u00eave | Koonings\" \/>\n<meta property=\"og:url\" content=\"https:\/\/www.koonings.com\/fr\/valkenburg\/restaurants\/restaurant-mon-reve\/\" \/>\n<meta property=\"og:site_name\" content=\"Koonings\" \/>\n<meta property=\"article:publisher\" content=\"https:\/\/www.facebook.com\/kooningstheweddingpalace\" \/>\n<meta property=\"article:modified_time\" content=\"2025-02-07T13:35:03+00:00\" \/>\n<meta property=\"og:image\" content=\"https:\/\/www.koonings.com\/wp-content\/uploads\/2024\/06\/palace-hero-screenshot-1024x575.png\" \/>\n\t<meta property=\"og:image:width\" content=\"1024\" \/>\n\t<meta property=\"og:image:height\" content=\"575\" \/>\n\t<meta property=\"og:image:type\" content=\"image\/png\" \/>\n<meta name=\"twitter:card\" content=\"summary_large_image\" \/>\n<meta name=\"twitter:label1\" content=\"Dur\u00e9e de lecture estim\u00e9e\" \/>\n\t<meta name=\"twitter:data1\" content=\"2 minutes\" \/>\n<script type=\"application\/ld+json\" class=\"yoast-schema-graph\">{\"@context\":\"https:\\\/\\\/schema.org\",\"@graph\":[{\"@type\":\"WebPage\",\"@id\":\"https:\\\/\\\/www.koonings.com\\\/fr\\\/valkenburg\\\/restaurants\\\/restaurant-mon-reve\\\/\",\"url\":\"https:\\\/\\\/www.koonings.com\\\/fr\\\/valkenburg\\\/restaurants\\\/restaurant-mon-reve\\\/\",\"name\":\"Restaurant Mon R\u00eave | Koonings\",\"isPartOf\":{\"@id\":\"https:\\\/\\\/www.koonings.com\\\/fr\\\/#website\"},\"datePublished\":\"2024-07-19T12:16:31+00:00\",\"dateModified\":\"2025-02-07T13:35:03+00:00\",\"breadcrumb\":{\"@id\":\"https:\\\/\\\/www.koonings.com\\\/fr\\\/valkenburg\\\/restaurants\\\/restaurant-mon-reve\\\/#breadcrumb\"},\"inLanguage\":\"fr-FR\",\"potentialAction\":[{\"@type\":\"ReadAction\",\"target\":[\"https:\\\/\\\/www.koonings.com\\\/fr\\\/valkenburg\\\/restaurants\\\/restaurant-mon-reve\\\/\"]}]},{\"@type\":\"BreadcrumbList\",\"@id\":\"https:\\\/\\\/www.koonings.com\\\/fr\\\/valkenburg\\\/restaurants\\\/restaurant-mon-reve\\\/#breadcrumb\",\"itemListElement\":[{\"@type\":\"ListItem\",\"position\":1,\"name\":\"Home\",\"item\":\"https:\\\/\\\/www.koonings.com\\\/fr\\\/\"},{\"@type\":\"ListItem\",\"position\":2,\"name\":\"Valkenburg\",\"item\":\"https:\\\/\\\/www.koonings.com\\\/fr\\\/valkenburg\\\/\"},{\"@type\":\"ListItem\",\"position\":3,\"name\":\"Restaurants\",\"item\":\"https:\\\/\\\/www.koonings.com\\\/fr\\\/valkenburg\\\/restaurants\\\/\"},{\"@type\":\"ListItem\",\"position\":4,\"name\":\"Restaurant Mon R\u00eave\"}]},{\"@type\":\"WebSite\",\"@id\":\"https:\\\/\\\/www.koonings.com\\\/fr\\\/#website\",\"url\":\"https:\\\/\\\/www.koonings.com\\\/fr\\\/\",\"name\":\"Koonings\",\"description\":\"De grootste bruidsmodewinkel ter wereld\",\"publisher\":{\"@id\":\"https:\\\/\\\/www.koonings.com\\\/fr\\\/#organization\"},\"potentialAction\":[{\"@type\":\"SearchAction\",\"target\":{\"@type\":\"EntryPoint\",\"urlTemplate\":\"https:\\\/\\\/www.koonings.com\\\/fr\\\/?s={search_term_string}\"},\"query-input\":{\"@type\":\"PropertyValueSpecification\",\"valueRequired\":true,\"valueName\":\"search_term_string\"}}],\"inLanguage\":\"fr-FR\"},{\"@type\":\"Organization\",\"@id\":\"https:\\\/\\\/www.koonings.com\\\/fr\\\/#organization\",\"name\":\"Koonings\",\"url\":\"https:\\\/\\\/www.koonings.com\\\/fr\\\/\",\"logo\":{\"@type\":\"ImageObject\",\"inLanguage\":\"fr-FR\",\"@id\":\"https:\\\/\\\/www.koonings.com\\\/fr\\\/#\\\/schema\\\/logo\\\/image\\\/\",\"url\":\"https:\\\/\\\/www.koonings.com\\\/wp-content\\\/uploads\\\/2024\\\/07\\\/logo.png\",\"contentUrl\":\"https:\\\/\\\/www.koonings.com\\\/wp-content\\\/uploads\\\/2024\\\/07\\\/logo.png\",\"width\":600,\"height\":428,\"caption\":\"Koonings\"},\"image\":{\"@id\":\"https:\\\/\\\/www.koonings.com\\\/fr\\\/#\\\/schema\\\/logo\\\/image\\\/\"},\"sameAs\":[\"https:\\\/\\\/www.facebook.com\\\/kooningstheweddingpalace\",\"https:\\\/\\\/www.instagram.com\\\/kooningstheweddingpalace\",\"https:\\\/\\\/www.pinterest.com\\\/koonings\",\"https:\\\/\\\/www.youtube.com\\\/kooningstheweddingpalace\"]}]}<\/script>\n<!-- \/ Yoast SEO plugin. -->","yoast_head_json":{"title":"Restaurant Mon R\u00eave | Koonings","robots":{"index":"index","follow":"follow","max-snippet":"max-snippet:-1","max-image-preview":"max-image-preview:large","max-video-preview":"max-video-preview:-1"},"canonical":"https:\/\/www.koonings.com\/fr\/valkenburg\/restaurants\/restaurant-mon-reve\/","og_locale":"fr_FR","og_type":"article","og_title":"Restaurant Mon R\u00eave | Koonings","og_url":"https:\/\/www.koonings.com\/fr\/valkenburg\/restaurants\/restaurant-mon-reve\/","og_site_name":"Koonings","article_publisher":"https:\/\/www.facebook.com\/kooningstheweddingpalace","article_modified_time":"2025-02-07T13:35:03+00:00","og_image":[{"width":1024,"height":575,"url":"https:\/\/www.koonings.com\/wp-content\/uploads\/2024\/06\/palace-hero-screenshot-1024x575.png","type":"image\/png"}],"twitter_card":"summary_large_image","twitter_misc":{"Dur\u00e9e de lecture estim\u00e9e":"2 minutes"},"schema":{"@context":"https:\/\/schema.org","@graph":[{"@type":"WebPage","@id":"https:\/\/www.koonings.com\/fr\/valkenburg\/restaurants\/restaurant-mon-reve\/","url":"https:\/\/www.koonings.com\/fr\/valkenburg\/restaurants\/restaurant-mon-reve\/","name":"Restaurant Mon R\u00eave | Koonings","isPartOf":{"@id":"https:\/\/www.koonings.com\/fr\/#website"},"datePublished":"2024-07-19T12:16:31+00:00","dateModified":"2025-02-07T13:35:03+00:00","breadcrumb":{"@id":"https:\/\/www.koonings.com\/fr\/valkenburg\/restaurants\/restaurant-mon-reve\/#breadcrumb"},"inLanguage":"fr-FR","potentialAction":[{"@type":"ReadAction","target":["https:\/\/www.koonings.com\/fr\/valkenburg\/restaurants\/restaurant-mon-reve\/"]}]},{"@type":"BreadcrumbList","@id":"https:\/\/www.koonings.com\/fr\/valkenburg\/restaurants\/restaurant-mon-reve\/#breadcrumb","itemListElement":[{"@type":"ListItem","position":1,"name":"Home","item":"https:\/\/www.koonings.com\/fr\/"},{"@type":"ListItem","position":2,"name":"Valkenburg","item":"https:\/\/www.koonings.com\/fr\/valkenburg\/"},{"@type":"ListItem","position":3,"name":"Restaurants","item":"https:\/\/www.koonings.com\/fr\/valkenburg\/restaurants\/"},{"@type":"ListItem","position":4,"name":"Restaurant Mon R\u00eave"}]},{"@type":"WebSite","@id":"https:\/\/www.koonings.com\/fr\/#website","url":"https:\/\/www.koonings.com\/fr\/","name":"Koonings","description":"De grootste bruidsmodewinkel ter wereld","publisher":{"@id":"https:\/\/www.koonings.com\/fr\/#organization"},"potentialAction":[{"@type":"SearchAction","target":{"@type":"EntryPoint","urlTemplate":"https:\/\/www.koonings.com\/fr\/?s={search_term_string}"},"query-input":{"@type":"PropertyValueSpecification","valueRequired":true,"valueName":"search_term_string"}}],"inLanguage":"fr-FR"},{"@type":"Organization","@id":"https:\/\/www.koonings.com\/fr\/#organization","name":"Koonings","url":"https:\/\/www.koonings.com\/fr\/","logo":{"@type":"ImageObject","inLanguage":"fr-FR","@id":"https:\/\/www.koonings.com\/fr\/#\/schema\/logo\/image\/","url":"https:\/\/www.koonings.com\/wp-content\/uploads\/2024\/07\/logo.png","contentUrl":"https:\/\/www.koonings.com\/wp-content\/uploads\/2024\/07\/logo.png","width":600,"height":428,"caption":"Koonings"},"image":{"@id":"https:\/\/www.koonings.com\/fr\/#\/schema\/logo\/image\/"},"sameAs":["https:\/\/www.facebook.com\/kooningstheweddingpalace","https:\/\/www.instagram.com\/kooningstheweddingpalace","https:\/\/www.pinterest.com\/koonings","https:\/\/www.youtube.com\/kooningstheweddingpalace"]}]}},"_links":{"self":[{"href":"https:\/\/www.koonings.com\/fr\/wp-json\/wp\/v2\/pages\/16689","targetHints":{"allow":["GET"]}}],"collection":[{"href":"https:\/\/www.koonings.com\/fr\/wp-json\/wp\/v2\/pages"}],"about":[{"href":"https:\/\/www.koonings.com\/fr\/wp-json\/wp\/v2\/types\/page"}],"author":[{"embeddable":true,"href":"https:\/\/www.koonings.com\/fr\/wp-json\/wp\/v2\/users\/1"}],"replies":[{"embeddable":true,"href":"https:\/\/www.koonings.com\/fr\/wp-json\/wp\/v2\/comments?post=16689"}],"version-history":[{"count":3,"href":"https:\/\/www.koonings.com\/fr\/wp-json\/wp\/v2\/pages\/16689\/revisions"}],"predecessor-version":[{"id":80692,"href":"https:\/\/www.koonings.com\/fr\/wp-json\/wp\/v2\/pages\/16689\/revisions\/80692"}],"up":[{"embeddable":true,"href":"https:\/\/www.koonings.com\/fr\/wp-json\/wp\/v2\/pages\/16681"}],"wp:attachment":[{"href":"https:\/\/www.koonings.com\/fr\/wp-json\/wp\/v2\/media?parent=16689"}],"curies":[{"name":"wp","href":"https:\/\/api.w.org\/{rel}","templated":true}]}}