{"id":16681,"date":"2024-07-12T16:58:13","date_gmt":"2024-07-12T14:58:13","guid":{"rendered":"https:\/\/www.koonings.com\/valkenburg\/restaurants\/"},"modified":"2025-09-29T12:38:45","modified_gmt":"2025-09-29T10:38:45","slug":"restaurants","status":"publish","type":"page","link":"https:\/\/www.koonings.com\/fr\/valkenburg\/restaurants\/","title":{"rendered":"Restaurants"},"content":{"rendered":"\r\n\r\n<div class=\"eye-element fullwidth-row alignfull style-both bg--none  alignfull \" style=\" \">\r\n\r\n    <div class=\"container\">\r\n        <div class=\"row\">\r\n            <div class=\"col-12\">\r\n                <div class=\"acf-innerblocks-container\">\n\n<h1 class=\"wp-block-heading has-text-align-center\" id=\"kom-je-bij-ons-eten\">Voulez-vous vous joindre \u00e0 nous pour le d\u00eener ?<\/h1>\n\n\n\n<h2 class=\"wp-block-heading has-text-align-center h3\" id=\"cheers-to-love\">A la sant\u00e9 de l&#8217;amour !<\/h2>\n\n\n\r\n<div class=\"eye-block empty-space empty-space--medium pt-md-4 pb-md-4 pt-3 pb-3\" ><\/div>\n\n\n<div class=\"ghostkit-grid ghostkit-grid-gap-md ghostkit-grid-align-items-center ghostkit-grid-justify-content-center equal-height-columns\"><div class=\"ghostkit-grid-inner\">\n<div class=\"ghostkit-col ghostkit-col-md-12 ghostkit-col-lg-6 ghostkit-col-xl-4 ghostkit-col-3\"><div class=\"ghostkit-col-content is-layout-flow wp-block-ghostkit-grid-column-is-layout-flow\">\r\n<article class=\"eye-element imagelinkcard without-sublinks\"\r\n         style=\"position: relative\">\r\n\t    <a href=\"https:\/\/www.koonings.com\/fr\/valkenburg\/restaurants\/orangerie\/\" target=\"\" class=\"main-link\"\r\n       title=\"Orangerie\">\r\n\t\t        <img decoding=\"async\" src=\"https:\/\/www.koonings.com\/wp-content\/uploads\/2024\/08\/KOO_orangerie4_AI-scaled.jpg\" srcset=\"https:\/\/www.koonings.com\/wp-content\/uploads\/2024\/08\/KOO_orangerie4_AI-scaled.jpg\" alt=\"Orangerie Valkenburg sfeerbeeld\"\r\n             class=\"imagelinkcard__image img-fluid\">\r\n\t\t        <!--        <div class=\"shine\"><\/div>-->\r\n    <\/a>\r\n\r\n\t        <div class=\"card-content\">\r\n\t\t\t                <a href=\"https:\/\/www.koonings.com\/fr\/valkenburg\/restaurants\/orangerie\/\" target=\"\" class=\"main-link\">\r\n                    <span>Orangerie<\/span>\r\n                <\/a>\r\n\t\t\t\r\n\t\t\t\r\n\t\t\t        <\/div>\r\n\t<\/article><\/div><\/div>\n\n\n\n<div class=\"ghostkit-col ghostkit-col-md-12 ghostkit-col-lg-6 ghostkit-col-xl-4 ghostkit-col-3\"><div class=\"ghostkit-col-content is-layout-flow wp-block-ghostkit-grid-column-is-layout-flow\">\r\n<article class=\"eye-element imagelinkcard without-sublinks\"\r\n         style=\"position: relative\">\r\n\t    <a href=\"https:\/\/www.koonings.com\/fr\/valkenburg\/restaurants\/restaurant-mon-reve\/\" target=\"\" class=\"main-link\"\r\n       title=\"Restaurant Mon R\u00eave\">\r\n\t\t        <img decoding=\"async\" src=\"https:\/\/www.koonings.com\/wp-content\/uploads\/2024\/08\/KOO_begaandegrond_kelder_restaurant_AI.png\" srcset=\"https:\/\/www.koonings.com\/wp-content\/uploads\/2024\/08\/KOO_begaandegrond_kelder_restaurant_AI.png\" alt=\"Restaurant Mon Reve Valkenburg sfeerbeeld\"\r\n             class=\"imagelinkcard__image img-fluid\">\r\n\t\t        <!--        <div class=\"shine\"><\/div>-->\r\n    <\/a>\r\n\r\n\t        <div class=\"card-content\">\r\n\t\t\t                <a href=\"https:\/\/www.koonings.com\/fr\/valkenburg\/restaurants\/restaurant-mon-reve\/\" target=\"\" class=\"main-link\">\r\n                    <span>Restaurant Mon R\u00eave<\/span>\r\n                <\/a>\r\n\t\t\t\r\n\t\t\t\r\n\t\t\t        <\/div>\r\n\t<\/article><\/div><\/div>\n<\/div><\/div>\n\n\n\r\n<div class=\"eye-block empty-space empty-space--small pt-md-3 pb-md-3 pt-2 pb-2\" ><\/div>\n\n\n<p class=\"has-text-align-center\"><em>L&#8217;exp\u00e9rience Kooning \u00e0 Valkenburg est encore en cours de d\u00e9veloppement. Les photos de cette page sont des impressions atmosph\u00e9riques. <\/em><\/p>\n\n<\/div>\r\n            <\/div>\r\n        <\/div>\r\n    <\/div>\r\n\r\n<\/div>\r\n\r\n    \r\n\r\n<div class=\"eye-element fullwidth-row alignfull faux-bg--lightgray style-right  alignfull \" style=\"\">\r\n<div class=\"bg bg--lightgray\" style=\"\"><\/div>\r\n\r\n    <div class=\"container\">\r\n        <div class=\"row\">\r\n            <div class=\"col-12\">\r\n                <div class=\"acf-innerblocks-container\">\n\n<div class=\"ghostkit-grid ghostkit-grid-gap-md ghostkit-grid-align-items-center\"><div class=\"ghostkit-grid-inner\">\n<div class=\"ghostkit-col ghostkit-col-md-12 ghostkit-col-6 ghostkit-col-align-self-center\"><div class=\"ghostkit-col-content is-layout-flow wp-block-ghostkit-grid-column-is-layout-flow\">\n<h2 class=\"wp-block-heading\" id=\"inekes-restaurant\">Orangerie<\/h2>\n\n\n\n<p>L&#8217;Orangerie est un endroit unique pour prendre un caf\u00e9, un d\u00e9licieux d\u00e9jeuner ou un bon verre de vin au milieu de la verdure. Dans une magnifique serre en verre, vous avez l&#8217;impression d&#8217;\u00eatre en plein air tout en \u00e9tant couvert. Quel que soit le temps, \u00e0 l&#8217;Orangerie, vous \u00eates toujours au chaud et au sec.    <\/p>\n\n\n\n<p>Avec sa propre cuisine, ce cadre ext\u00e9rieur exceptionnel offre non seulement la possibilit\u00e9 de venir d\u00e9guster (atmosph\u00e8re). Mais ses vastes installations vous permettent \u00e9galement d&#8217;organiser votre prochaine f\u00eate ou votre prochain \u00e9v\u00e9nement professionnel. <\/p>\n\n\n\n<div class=\"wp-block-group is-layout-flex wp-block-group-is-layout-flex\">\r\n<div class=\"eye-element bsbutton text-start \" style=\"display: inline-block;\">\r\n\t        <a class=\"btn btn-primary\" href=\"https:\/\/www.koonings.com\/fr\/valkenburg\/restaurants\/orangerie\/\"\r\n           target=\"\">En savoir plus sur l&#8217;Orangerie<\/a>\r\n\t<\/div><\/div>\n<\/div><\/div>\n\n\n\n<div class=\"ghostkit-col ghostkit-col-md-12 ghostkit-col-6\"><div class=\"ghostkit-col-content is-layout-flow wp-block-ghostkit-grid-column-is-layout-flow\">\r\n<div class=\"eye-element images style-default variant-1 multi-image\">\r\n\r\n\t        <div class=\"composition\">\r\n\t\t\t                <div class=\"image-0\">\r\n                    <img decoding=\"async\" class=\"img-fluid\" src=\"https:\/\/www.koonings.com\/wp-content\/uploads\/2024\/07\/inekes_restaurant_9-245x300.webp\" srcset=\"https:\/\/www.koonings.com\/wp-content\/uploads\/2024\/07\/inekes_restaurant_9-245x300.webp 245w, https:\/\/www.koonings.com\/wp-content\/uploads\/2024\/07\/inekes_restaurant_9-835x1024.webp 835w, https:\/\/www.koonings.com\/wp-content\/uploads\/2024\/07\/inekes_restaurant_9-768x942.webp 768w, https:\/\/www.koonings.com\/wp-content\/uploads\/2024\/07\/inekes_restaurant_9.webp 1060w\" alt=\"Koonings Ineke's Restaurant Ines Gomes\">\r\n                <\/div>\r\n\t\t\t\r\n            <div class=\"swiper images-swiper\">\r\n\r\n\t\t\t\t\r\n                <div class=\"swiper-wrapper\">\r\n\t\t\t\t\t                        <li class=\"swiper-slide\">\r\n                            <img decoding=\"async\" class=\" img-fluid\" src=\"https:\/\/www.koonings.com\/wp-content\/uploads\/2024\/08\/KOO_orangerie4_AI-1024x724.jpg\" srcset=\"https:\/\/www.koonings.com\/wp-content\/uploads\/2024\/08\/KOO_orangerie4_AI-scaled.jpg\" alt=\"Orangerie Valkenburg sfeerbeeld\">\r\n                        <\/li>\r\n\t\t\t\t\t                        <li class=\"swiper-slide\">\r\n                            <img decoding=\"async\" class=\" img-fluid\" src=\"https:\/\/www.koonings.com\/wp-content\/uploads\/2024\/08\/KOO_orangerie3_AI-1024x724.jpg\" srcset=\"https:\/\/www.koonings.com\/wp-content\/uploads\/2024\/08\/KOO_orangerie3_AI-scaled.jpg\" alt=\"Koonings Orangerie Valkenburg sfeerbeeld\">\r\n                        <\/li>\r\n\t\t\t\t\t                        <li class=\"swiper-slide\">\r\n                            <img decoding=\"async\" class=\" img-fluid\" src=\"https:\/\/www.koonings.com\/wp-content\/uploads\/2024\/08\/KOO_orangerie2_AI-1024x724.jpg\" srcset=\"https:\/\/www.koonings.com\/wp-content\/uploads\/2024\/08\/KOO_orangerie2_AI-scaled.jpg\" alt=\"Koonings Orangerie Valkenburg sfeerbeeld\">\r\n                        <\/li>\r\n\t\t\t\t\t                <\/div>\r\n\r\n                <div class=\"swiper-pagination\"><\/div>\r\n\r\n                <div class=\"swiper-button-prev\"><\/div>\r\n                <div class=\"swiper-button-next\"><\/div>\r\n\r\n            <\/div>\r\n\r\n        <\/div>\r\n\t\r\n\t<\/div><\/div><\/div>\n<\/div><\/div>\n\n<\/div>\r\n            <\/div>\r\n        <\/div>\r\n    <\/div>\r\n\r\n<\/div>\r\n\r\n    \r\n<div class=\"eye-block empty-space empty-space--small pt-md-3 pb-md-3 pt-2 pb-2\" ><\/div>\r\n\r\n<div class=\"eye-element fullwidth-row alignfull faux-bg--lightgray style-left  alignfull \" style=\"\">\r\n<div class=\"bg bg--lightgray\" style=\"\"><\/div>\r\n\r\n    <div class=\"container\">\r\n        <div class=\"row\">\r\n            <div class=\"col-12\">\r\n                <div class=\"acf-innerblocks-container\">\n\n<div class=\"ghostkit-grid ghostkit-grid-gap-md ghostkit-grid-align-items-center\"><div class=\"ghostkit-grid-inner\">\n<div class=\"ghostkit-col ghostkit-col-md-12 ghostkit-col-6\"><div class=\"ghostkit-col-content is-layout-flow wp-block-ghostkit-grid-column-is-layout-flow\">\r\n<div class=\"eye-element images style-default variant-2 multi-image\">\r\n\r\n\t        <div class=\"composition\">\r\n\t\t\t                <div class=\"image-0\">\r\n                    <img decoding=\"async\" class=\"img-fluid\" src=\"https:\/\/www.koonings.com\/wp-content\/uploads\/2024\/08\/KOO_Valkenburg_restaurant_AI-300x212.jpg\" srcset=\"https:\/\/www.koonings.com\/wp-content\/uploads\/2024\/08\/KOO_Valkenburg_restaurant_AI-300x212.jpg 300w, https:\/\/www.koonings.com\/wp-content\/uploads\/2024\/08\/KOO_Valkenburg_restaurant_AI-1024x724.jpg 1024w, https:\/\/www.koonings.com\/wp-content\/uploads\/2024\/08\/KOO_Valkenburg_restaurant_AI-768x543.jpg 768w, https:\/\/www.koonings.com\/wp-content\/uploads\/2024\/08\/KOO_Valkenburg_restaurant_AI-1536x1086.jpg 1536w, https:\/\/www.koonings.com\/wp-content\/uploads\/2024\/08\/KOO_Valkenburg_restaurant_AI-2048x1448.jpg 2048w\" alt=\"Koonings Orangerie Valkenburg sfeerbeeld\">\r\n                <\/div>\r\n\t\t\t\r\n            <div class=\"swiper images-swiper\">\r\n\r\n\t\t\t\t\r\n                <div class=\"swiper-wrapper\">\r\n\t\t\t\t\t                        <li class=\"swiper-slide\">\r\n                            <img decoding=\"async\" class=\" img-fluid\" src=\"https:\/\/www.koonings.com\/wp-content\/uploads\/2024\/08\/KOO_begaandegrond_kelder_restaurant_AI-1024x724.png\" srcset=\"https:\/\/www.koonings.com\/wp-content\/uploads\/2024\/08\/KOO_begaandegrond_kelder_restaurant_AI.png\" alt=\"Restaurant Mon Reve Valkenburg sfeerbeeld\">\r\n                        <\/li>\r\n\t\t\t\t\t                <\/div>\r\n\r\n                <div class=\"swiper-pagination\"><\/div>\r\n\r\n                <div class=\"swiper-button-prev\"><\/div>\r\n                <div class=\"swiper-button-next\"><\/div>\r\n\r\n            <\/div>\r\n\r\n        <\/div>\r\n\t\r\n\t<\/div><\/div><\/div>\n\n\n\n<div class=\"ghostkit-col ghostkit-col-md-12 ghostkit-col-6\"><div class=\"ghostkit-col-content is-layout-flow wp-block-ghostkit-grid-column-is-layout-flow\">\n<h2 class=\"wp-block-heading\" id=\"restaurant-mon-reve\">Restaurant Mon R\u00eave<\/h2>\n\n\n\n<p>Notre luxueux restaurant se trouve au sous-sol du Kasteel Oost. Imaginez-vous dans une cave \u00e0 vin atmosph\u00e9rique \u00e0 l&#8217;ambiance d\u00e9contract\u00e9e et d\u00e9gustez des plats de haute qualit\u00e9 accompagn\u00e9s de vins parfaitement assortis.   <\/p>\n\n\n\n<p>L&#8217;ancien et le nouveau trouvent ici un \u00e9quilibre parfait. Le cadre moderne et luxueux, associ\u00e9 \u00e0 l&#8217;authenticit\u00e9 du sous-sol, constitue l&#8217;endroit id\u00e9al pour un d\u00eener raffin\u00e9. <\/p>\n\n\n\n<div class=\"wp-block-group is-layout-flex wp-block-group-is-layout-flex\">\r\n<div class=\"eye-element bsbutton text-start \" style=\"display: inline-block;\">\r\n\t        <a class=\"btn btn-primary\" href=\"https:\/\/www.koonings.com\/fr\/valkenburg\/restaurants\/restaurant-mon-reve\/\"\r\n           target=\"\">Restaurant Mon R\u00eave<\/a>\r\n\t<\/div><\/div>\n<\/div><\/div>\n<\/div><\/div>\n\n<\/div>\r\n            <\/div>\r\n        <\/div>\r\n    <\/div>\r\n\r\n<\/div>\r\n\r\n    \r\n\r\n<div class=\"eye-element fullwidth-row alignfull faux-bg--none style-right  alignfull \" style=\"\">\r\n<div class=\"bg bg--none\" style=\"\"><\/div>\r\n\r\n    <div class=\"container\">\r\n        <div class=\"row\">\r\n            <div class=\"col-12\">\r\n                <div class=\"acf-innerblocks-container\">\n\n<div class=\"ghostkit-grid ghostkit-grid-gap-md ghostkit-grid-align-items-center\"><div class=\"ghostkit-grid-inner\">\n<div class=\"ghostkit-col ghostkit-col-md-12 ghostkit-col-6 ghostkit-col-align-self-center\"><div class=\"ghostkit-col-content is-layout-flow wp-block-ghostkit-grid-column-is-layout-flow\">\n<h2 class=\"wp-block-heading\" id=\"inekes-restaurant\">R\u00e9servez votre High tea ou High wine<\/h2>\n\n\n\n<p>Une \u00e9tag\u00e8re remplie de friandises et un pot de caf\u00e9 ou de th\u00e9 fumant. Que demander de plus ? Car en plus de notre menu \u00e0 la carte, chez Ineke&#8217;s, vous pouvez r\u00eaver en d\u00e9gustant un high tea ou un high wine servi \u00e0 la perfection. Profitez d&#8217;une d\u00e9gustation luxueuse de toutes sortes de d\u00e9lices dans notre restaurant rose avec votre entourage.     <\/p>\n\n\n\r\n<div class=\"eye-element bsbutton text-start \" >\r\n\t        <a class=\"btn btn-primary\" href=\"#\"\r\n           target=\"_blank\">R\u00e9servez votre th\u00e9 ou votre vin<\/a>\r\n\t<\/div><\/div><\/div>\n\n\n\n<div class=\"ghostkit-col ghostkit-col-md-12 ghostkit-col-6\"><div class=\"ghostkit-col-content is-layout-flow wp-block-ghostkit-grid-column-is-layout-flow\">\r\n<div class=\"eye-element images style-default variant-1 multi-image\">\r\n\r\n\t        <div class=\"composition\">\r\n\t\t\t                <div class=\"image-0\">\r\n                    <img decoding=\"async\" class=\"img-fluid\" src=\"https:\/\/www.koonings.com\/wp-content\/uploads\/2024\/07\/inekes_restaurant_5-300x185.png\" srcset=\"https:\/\/www.koonings.com\/wp-content\/uploads\/2024\/07\/inekes_restaurant_5-300x185.png 300w, https:\/\/www.koonings.com\/wp-content\/uploads\/2024\/07\/inekes_restaurant_5.png 416w\" alt=\"Koonings Ineke's Restaurant Hightea\">\r\n                <\/div>\r\n\t\t\t\r\n            <div class=\"swiper images-swiper\">\r\n\r\n\t\t\t\t\r\n                <div class=\"swiper-wrapper\">\r\n\t\t\t\t\t                        <li class=\"swiper-slide\">\r\n                            <img decoding=\"async\" class=\" img-fluid\" src=\"https:\/\/www.koonings.com\/wp-content\/uploads\/2024\/07\/inekes_restaurant_6.png\" srcset=\"https:\/\/www.koonings.com\/wp-content\/uploads\/2024\/07\/inekes_restaurant_6.png\" alt=\"Koonings Ineke's Restaurant Hightea\">\r\n                        <\/li>\r\n\t\t\t\t\t                <\/div>\r\n\r\n                <div class=\"swiper-pagination\"><\/div>\r\n\r\n                <div class=\"swiper-button-prev\"><\/div>\r\n                <div class=\"swiper-button-next\"><\/div>\r\n\r\n            <\/div>\r\n\r\n        <\/div>\r\n\t\r\n\t<\/div><\/div><\/div>\n<\/div><\/div>\n\n<\/div>\r\n            <\/div>\r\n        <\/div>\r\n    <\/div>\r\n\r\n<\/div>\r\n\r\n    ","protected":false},"excerpt":{"rendered":"","protected":false},"author":1,"featured_media":0,"parent":16211,"menu_order":0,"comment_status":"closed","ping_status":"closed","template":"","meta":{"_acf_changed":false,"ghostkit_customizer_options":"","ghostkit_custom_css":"","ghostkit_custom_js_head":"","ghostkit_custom_js_foot":"","ghostkit_typography":"","footnotes":""},"class_list":["post-16681","page","type-page","status-publish","hentry"],"acf":[],"yoast_head":"<!-- This site is optimized with the Yoast SEO plugin v27.3 - https:\/\/yoast.com\/product\/yoast-seo-wordpress\/ -->\n<title>Restaurants | Koonings<\/title>\n<meta name=\"robots\" content=\"index, follow, max-snippet:-1, max-image-preview:large, max-video-preview:-1\" \/>\n<link rel=\"canonical\" href=\"https:\/\/www.koonings.com\/fr\/valkenburg\/restaurants\/\" \/>\n<meta property=\"og:locale\" content=\"fr_FR\" \/>\n<meta property=\"og:type\" content=\"article\" \/>\n<meta property=\"og:title\" content=\"Restaurants | Koonings\" \/>\n<meta property=\"og:url\" content=\"https:\/\/www.koonings.com\/fr\/valkenburg\/restaurants\/\" \/>\n<meta property=\"og:site_name\" content=\"Koonings\" \/>\n<meta property=\"article:publisher\" content=\"https:\/\/www.facebook.com\/kooningstheweddingpalace\" \/>\n<meta property=\"article:modified_time\" content=\"2025-09-29T10:38:45+00:00\" \/>\n<meta property=\"og:image\" content=\"https:\/\/www.koonings.com\/wp-content\/uploads\/2024\/06\/palace-hero-screenshot-1024x575.png\" \/>\n\t<meta property=\"og:image:width\" content=\"1024\" \/>\n\t<meta property=\"og:image:height\" content=\"575\" \/>\n\t<meta property=\"og:image:type\" content=\"image\/png\" \/>\n<meta name=\"twitter:card\" content=\"summary_large_image\" \/>\n<meta name=\"twitter:label1\" content=\"Dur\u00e9e de lecture estim\u00e9e\" \/>\n\t<meta name=\"twitter:data1\" content=\"1 minute\" \/>\n<script type=\"application\/ld+json\" class=\"yoast-schema-graph\">{\"@context\":\"https:\\\/\\\/schema.org\",\"@graph\":[{\"@type\":\"WebPage\",\"@id\":\"https:\\\/\\\/www.koonings.com\\\/fr\\\/valkenburg\\\/restaurants\\\/\",\"url\":\"https:\\\/\\\/www.koonings.com\\\/fr\\\/valkenburg\\\/restaurants\\\/\",\"name\":\"Restaurants | Koonings\",\"isPartOf\":{\"@id\":\"https:\\\/\\\/www.koonings.com\\\/fr\\\/#website\"},\"datePublished\":\"2024-07-12T14:58:13+00:00\",\"dateModified\":\"2025-09-29T10:38:45+00:00\",\"breadcrumb\":{\"@id\":\"https:\\\/\\\/www.koonings.com\\\/fr\\\/valkenburg\\\/restaurants\\\/#breadcrumb\"},\"inLanguage\":\"fr-FR\",\"potentialAction\":[{\"@type\":\"ReadAction\",\"target\":[\"https:\\\/\\\/www.koonings.com\\\/fr\\\/valkenburg\\\/restaurants\\\/\"]}]},{\"@type\":\"BreadcrumbList\",\"@id\":\"https:\\\/\\\/www.koonings.com\\\/fr\\\/valkenburg\\\/restaurants\\\/#breadcrumb\",\"itemListElement\":[{\"@type\":\"ListItem\",\"position\":1,\"name\":\"Home\",\"item\":\"https:\\\/\\\/www.koonings.com\\\/fr\\\/\"},{\"@type\":\"ListItem\",\"position\":2,\"name\":\"Valkenburg\",\"item\":\"https:\\\/\\\/www.koonings.com\\\/fr\\\/valkenburg\\\/\"},{\"@type\":\"ListItem\",\"position\":3,\"name\":\"Restaurants\"}]},{\"@type\":\"WebSite\",\"@id\":\"https:\\\/\\\/www.koonings.com\\\/fr\\\/#website\",\"url\":\"https:\\\/\\\/www.koonings.com\\\/fr\\\/\",\"name\":\"Koonings\",\"description\":\"De grootste bruidsmodewinkel ter wereld\",\"publisher\":{\"@id\":\"https:\\\/\\\/www.koonings.com\\\/fr\\\/#organization\"},\"potentialAction\":[{\"@type\":\"SearchAction\",\"target\":{\"@type\":\"EntryPoint\",\"urlTemplate\":\"https:\\\/\\\/www.koonings.com\\\/fr\\\/?s={search_term_string}\"},\"query-input\":{\"@type\":\"PropertyValueSpecification\",\"valueRequired\":true,\"valueName\":\"search_term_string\"}}],\"inLanguage\":\"fr-FR\"},{\"@type\":\"Organization\",\"@id\":\"https:\\\/\\\/www.koonings.com\\\/fr\\\/#organization\",\"name\":\"Koonings\",\"url\":\"https:\\\/\\\/www.koonings.com\\\/fr\\\/\",\"logo\":{\"@type\":\"ImageObject\",\"inLanguage\":\"fr-FR\",\"@id\":\"https:\\\/\\\/www.koonings.com\\\/fr\\\/#\\\/schema\\\/logo\\\/image\\\/\",\"url\":\"https:\\\/\\\/www.koonings.com\\\/wp-content\\\/uploads\\\/2024\\\/07\\\/logo.png\",\"contentUrl\":\"https:\\\/\\\/www.koonings.com\\\/wp-content\\\/uploads\\\/2024\\\/07\\\/logo.png\",\"width\":600,\"height\":428,\"caption\":\"Koonings\"},\"image\":{\"@id\":\"https:\\\/\\\/www.koonings.com\\\/fr\\\/#\\\/schema\\\/logo\\\/image\\\/\"},\"sameAs\":[\"https:\\\/\\\/www.facebook.com\\\/kooningstheweddingpalace\",\"https:\\\/\\\/www.instagram.com\\\/kooningstheweddingpalace\",\"https:\\\/\\\/www.pinterest.com\\\/koonings\",\"https:\\\/\\\/www.youtube.com\\\/kooningstheweddingpalace\"]}]}<\/script>\n<!-- \/ Yoast SEO plugin. -->","yoast_head_json":{"title":"Restaurants | Koonings","robots":{"index":"index","follow":"follow","max-snippet":"max-snippet:-1","max-image-preview":"max-image-preview:large","max-video-preview":"max-video-preview:-1"},"canonical":"https:\/\/www.koonings.com\/fr\/valkenburg\/restaurants\/","og_locale":"fr_FR","og_type":"article","og_title":"Restaurants | Koonings","og_url":"https:\/\/www.koonings.com\/fr\/valkenburg\/restaurants\/","og_site_name":"Koonings","article_publisher":"https:\/\/www.facebook.com\/kooningstheweddingpalace","article_modified_time":"2025-09-29T10:38:45+00:00","og_image":[{"width":1024,"height":575,"url":"https:\/\/www.koonings.com\/wp-content\/uploads\/2024\/06\/palace-hero-screenshot-1024x575.png","type":"image\/png"}],"twitter_card":"summary_large_image","twitter_misc":{"Dur\u00e9e de lecture estim\u00e9e":"1 minute"},"schema":{"@context":"https:\/\/schema.org","@graph":[{"@type":"WebPage","@id":"https:\/\/www.koonings.com\/fr\/valkenburg\/restaurants\/","url":"https:\/\/www.koonings.com\/fr\/valkenburg\/restaurants\/","name":"Restaurants | Koonings","isPartOf":{"@id":"https:\/\/www.koonings.com\/fr\/#website"},"datePublished":"2024-07-12T14:58:13+00:00","dateModified":"2025-09-29T10:38:45+00:00","breadcrumb":{"@id":"https:\/\/www.koonings.com\/fr\/valkenburg\/restaurants\/#breadcrumb"},"inLanguage":"fr-FR","potentialAction":[{"@type":"ReadAction","target":["https:\/\/www.koonings.com\/fr\/valkenburg\/restaurants\/"]}]},{"@type":"BreadcrumbList","@id":"https:\/\/www.koonings.com\/fr\/valkenburg\/restaurants\/#breadcrumb","itemListElement":[{"@type":"ListItem","position":1,"name":"Home","item":"https:\/\/www.koonings.com\/fr\/"},{"@type":"ListItem","position":2,"name":"Valkenburg","item":"https:\/\/www.koonings.com\/fr\/valkenburg\/"},{"@type":"ListItem","position":3,"name":"Restaurants"}]},{"@type":"WebSite","@id":"https:\/\/www.koonings.com\/fr\/#website","url":"https:\/\/www.koonings.com\/fr\/","name":"Koonings","description":"De grootste bruidsmodewinkel ter wereld","publisher":{"@id":"https:\/\/www.koonings.com\/fr\/#organization"},"potentialAction":[{"@type":"SearchAction","target":{"@type":"EntryPoint","urlTemplate":"https:\/\/www.koonings.com\/fr\/?s={search_term_string}"},"query-input":{"@type":"PropertyValueSpecification","valueRequired":true,"valueName":"search_term_string"}}],"inLanguage":"fr-FR"},{"@type":"Organization","@id":"https:\/\/www.koonings.com\/fr\/#organization","name":"Koonings","url":"https:\/\/www.koonings.com\/fr\/","logo":{"@type":"ImageObject","inLanguage":"fr-FR","@id":"https:\/\/www.koonings.com\/fr\/#\/schema\/logo\/image\/","url":"https:\/\/www.koonings.com\/wp-content\/uploads\/2024\/07\/logo.png","contentUrl":"https:\/\/www.koonings.com\/wp-content\/uploads\/2024\/07\/logo.png","width":600,"height":428,"caption":"Koonings"},"image":{"@id":"https:\/\/www.koonings.com\/fr\/#\/schema\/logo\/image\/"},"sameAs":["https:\/\/www.facebook.com\/kooningstheweddingpalace","https:\/\/www.instagram.com\/kooningstheweddingpalace","https:\/\/www.pinterest.com\/koonings","https:\/\/www.youtube.com\/kooningstheweddingpalace"]}]}},"_links":{"self":[{"href":"https:\/\/www.koonings.com\/fr\/wp-json\/wp\/v2\/pages\/16681","targetHints":{"allow":["GET"]}}],"collection":[{"href":"https:\/\/www.koonings.com\/fr\/wp-json\/wp\/v2\/pages"}],"about":[{"href":"https:\/\/www.koonings.com\/fr\/wp-json\/wp\/v2\/types\/page"}],"author":[{"embeddable":true,"href":"https:\/\/www.koonings.com\/fr\/wp-json\/wp\/v2\/users\/1"}],"replies":[{"embeddable":true,"href":"https:\/\/www.koonings.com\/fr\/wp-json\/wp\/v2\/comments?post=16681"}],"version-history":[{"count":3,"href":"https:\/\/www.koonings.com\/fr\/wp-json\/wp\/v2\/pages\/16681\/revisions"}],"predecessor-version":[{"id":98724,"href":"https:\/\/www.koonings.com\/fr\/wp-json\/wp\/v2\/pages\/16681\/revisions\/98724"}],"up":[{"embeddable":true,"href":"https:\/\/www.koonings.com\/fr\/wp-json\/wp\/v2\/pages\/16211"}],"wp:attachment":[{"href":"https:\/\/www.koonings.com\/fr\/wp-json\/wp\/v2\/media?parent=16681"}],"curies":[{"name":"wp","href":"https:\/\/api.w.org\/{rel}","templated":true}]}}