{"id":16646,"date":"2024-07-18T12:54:57","date_gmt":"2024-07-18T10:54:57","guid":{"rendered":"https:\/\/www.koonings.com\/mode-feminine\/"},"modified":"2025-09-29T13:02:14","modified_gmt":"2025-09-29T11:02:14","slug":"mode-feminine","status":"publish","type":"page","link":"https:\/\/www.koonings.com\/fr\/collection-de-mariages\/invites-et-gala\/mode-feminine\/","title":{"rendered":"Mode f\u00e9minine"},"content":{"rendered":"\r\n\r\n<div class=\"eye-element fullwidth-row alignfull style-both bg--none  alignfull \" style=\" \">\r\n\r\n    <div class=\"container\">\r\n        <div class=\"row\">\r\n            <div class=\"col-12\">\r\n                <div class=\"acf-innerblocks-container\">\n\n<h1 class=\"wp-block-heading\" id=\"bruiloft-kleding-voor-dames\">Robes de mari\u00e9e pour dames<\/h1>\n\n<\/div>\r\n            <\/div>\r\n        <\/div>\r\n    <\/div>\r\n\r\n<\/div>\r\n\r\n    \r\n\r\n<div class=\"eye-element fullwidth-row alignfull style-both bg--none  alignfull \" style=\" \">\r\n\r\n    <div class=\"container\">\r\n        <div class=\"row\">\r\n            <div class=\"col-12\">\r\n                <div class=\"acf-innerblocks-container\">\n\r\n<div class=\"eye-block empty-space empty-space--large pt-md-5 pb-md-5 pt-4 pb-4\" ><\/div>\n\n\n<h2 class=\"wp-block-heading\" id=\"vind-de-trouwjurk-van-jouw-dromen-bij-koonings\">Robes de mari\u00e9e pour dames<\/h2>\n\n\n\n<p>Ce n&#8217;est peut-\u00eatre pas votre mariage, mais cela ne veut pas dire que vous ne devez pas vous faire belle. Non seulement il est tr\u00e8s amusant de se mettre sur son trente-et-un pour l&#8217;occasion, mais vous rendez \u00e9galement service aux mari\u00e9s. Ils ont beaucoup travaill\u00e9 pour que la journ\u00e9e soit parfaite. Et vous pouvez y contribuer en vous mettant sur votre trente-et-un. Un jour sp\u00e9cial exige une tenue de mariage sp\u00e9ciale.    <\/p>\n\n\n\n<h2 class=\"wp-block-heading\" id=\"welke-bruiloft-kleding-draag-je-als-gast\">Quelle tenue de mariage portez-vous en tant qu&#8217;invit\u00e9 ?<\/h2>\n\n\n\n<p>Choisir la bonne tenue de mariage pour les femmes peut \u00eatre un v\u00e9ritable d\u00e9fi. Vous voulez \u00eatre belle, mais vous ne devez pas faire de l&#8217;ombre \u00e0 la mari\u00e9e. Votre tenue doit \u00eatre confortable, mais aussi correspondre au th\u00e8me et au code vestimentaire.  <\/p>\n\n\n\n<h2 class=\"wp-block-heading\" id=\"wat-zijn-de-mogelijkheden-in-bruiloft-kleding-voor-dames\">Quelles sont les options en mati\u00e8re de v\u00eatements de mariage pour les femmes ?<\/h2>\n\n\n\n<p>Outre les robes pour invit\u00e9s de mariage, vous trouverez \u00e9galement d&#8217;autres v\u00eatements de mariage appropri\u00e9s pour les femmes. Pensez \u00e0 un tailleur pantalon chic ou \u00e0 une combinaison moderne. <\/p>\n\n\n\n<h3 class=\"wp-block-heading\" id=\"dresscodes-kies-de-perfecte-bruiloft-kleding\">Codes vestimentaires : choisissez la tenue id\u00e9ale pour votre mariage<\/h3>\n\n\n\n<p>Nous comprenons que les codes vestimentaires peuvent parfois pr\u00eater \u00e0 confusion, mais nous sommes l\u00e0 pour vous aider \u00e0 briller, quel que soit le code vestimentaire. Du chic d\u00e9contract\u00e9 \u00e0 la cravate noire. <\/p>\n\n\n\n<p><strong>Cravate noire : l&#8217;\u00e9l\u00e9gance dans le style<\/strong><br\/>Le code vestimentaire Cravate noire est synonyme de tenue de mariage chic et sophistiqu\u00e9e. Pour les dames, une robe longue et formelle est souvent un bon choix. Pensez \u00e0 la soie ou \u00e0 la mousseline pour un look \u00e9blouissant. Et n&#8217;oubliez pas vos accessoires, ils font vraiment la diff\u00e9rence !   <\/p>\n\n\n\n<p><strong>Cocktail : ludique et \u00e9l\u00e9gant<\/strong><br\/>Avec Cocktail, vous pouvez jouer un peu plus avec votre tenue. Une jolie robe au genou est souvent parfaite pour les invit\u00e9s d&#8217;un mariage. Choisissez un style qui laisse transpara\u00eetre votre personnalit\u00e9. Qu&#8217;il s&#8217;agisse d&#8217;une ligne A ou d&#8217;un bodycon, tout d\u00e9pend de votre confort et de votre style.   <\/p>\n\n\n\n<p><strong>Boh\u00e8me : libre et d\u00e9contract\u00e9<\/strong><br\/>Pour les tenues de mariage boh\u00e8me pour femmes, tout est question de libert\u00e9 et de confort. Pensez \u00e0 des robes fluides avec des imprim\u00e9s, des maxi jupes ou m\u00eame une combinaison de pantalons amples avec un haut chic. Ajoutez quelques accessoires uniques et vous aurez du style.  <\/p>\n\n\n\n<p><strong>Summer Chic : Summery and Sophisticated<\/strong><br\/>Le Summer Chic est synonyme de fra\u00eecheur et d&#8217;\u00e9l\u00e9gance. Optez pour des tissus a\u00e9r\u00e9s et des couleurs douces. Une robe d&#8217;\u00e9t\u00e9 pour les invit\u00e9s d&#8217;un mariage est le choix id\u00e9al. Mais un pantalon soign\u00e9 et un haut \u00e9l\u00e9gant constituent \u00e9galement une excellente tenue.   <\/p>\n\n\n\n<p><strong>Casual Chic<\/strong><br\/>N&#8217;oublions pas la d\u00e9contraction ! Ici, le confort est essentiel. Une robe d&#8217;\u00e9t\u00e9 pour &#8220;Dress wedding guest summer&#8221; ou un pantalon chic avec un haut \u00e9l\u00e9gant est souvent un bon choix. Pensez \u00e0 des tissus l\u00e9gers et \u00e0 des coupes d\u00e9contract\u00e9es.   <\/p>\n\n\n\n<p>Comment choisir la bonne tenue en fonction du code vestimentaire ? Regardez d&#8217;abord sur l&#8217;invitation quel est le code vestimentaire indiqu\u00e9 et cherchez ce que ce code vestimentaire signifie. Vous trouverez alors souvent d\u00e9j\u00e0 de nombreux exemples de tenues de mariage pour dames dans le bon code vestimentaire. Vous aurez ainsi un bon point de d\u00e9part pour votre recherche de la tenue id\u00e9ale. Vous \u00eates vraiment bloqu\u00e9e ? Demandez alors \u00e0 la mari\u00e9e ce qu&#8217;elle aime !     <br\/> <\/p>\n\n\n\n<h2 class=\"wp-block-heading\" id=\"bruiloft-kleding-voor-dames-voor-elk-seizoen\">Robes de mari\u00e9e pour femmes pour chaque saison<\/h2>\n\n\n\n<p>Choisir la bonne tenue de mariage pour les femmes, en fonction de la saison, peut faire la diff\u00e9rence entre se sentir \u00e0 l&#8217;aise et \u00eatre \u00e9blouissante. Voici quelques conseils pour vous aider \u00e0 choisir la tenue id\u00e9ale pour chaque saison : <\/p>\n\n\n\n<p><strong>Printemps<\/strong><br\/>Pour les mariages de printemps, optez pour des couleurs pastel plus douces comme la p\u00eache, le vert menthe ou le rose p\u00e2le. Les motifs floraux et les imprim\u00e9s d\u00e9licats peuvent donner \u00e0 votre tenue un aspect frais. Optez pour des tissus l\u00e9gers comme la mousseline de soie ou la soie pour une allure a\u00e9rienne et \u00e9l\u00e9gante.  <\/p>\n\n\n\n<p><strong>\u00c9t\u00e9<\/strong><br\/>En \u00e9t\u00e9, jouez avec des couleurs vives comme le corail, le turquoise ou le jaune soleil. Choisissez des tissus a\u00e9r\u00e9s comme le lin ou le coton pour rester au frais lorsque les temp\u00e9ratures sont plus \u00e9lev\u00e9es. En tant qu&#8217;invit\u00e9e \u00e0 un mariage, une robe est la solution id\u00e9ale. Les paillettes peuvent donner une touche festive \u00e0 votre look, mais restez subtil pour un look d&#8217;\u00e9t\u00e9.   <\/p>\n\n\n\n<p><strong>Automne<\/strong><br\/>Les mariages d&#8217;automne font souvent appel \u00e0 des tons plus chauds tels que le bordeaux, le jaune moutarde ou l&#8217;orange fonc\u00e9. Pensez aux tissus riches comme le velours ou les robes en satin soyeux. Pour les invit\u00e9s, les motifs tels que les carreaux ou les fleurs dans les tons automnaux sont le moyen id\u00e9al d&#8217;ajouter une touche d&#8217;\u00e9l\u00e9gance et un look unique \u00e0 votre tenue.  <\/p>\n\n\n\n<p><strong>Hiver<\/strong><br\/>Les v\u00eatements de mariage pour l&#8217;hiver sont souvent de couleurs plus profondes, comme le bordeaux, le bleu marine ou le vert \u00e9meraude. Ajoutez du glamour avec des d\u00e9tails paillet\u00e9s ou des accents m\u00e9talliques sur votre tenue de mariage. Pour les femmes, les tissus comme le velours ou le brocart sont parfaits pour un look luxueux qui vous gardera au chaud.  <\/p>\n\n\n\n<h2 class=\"wp-block-heading\" id=\"top-merken-bruiloft-kleding-voor-dames\">Principales marques de v\u00eatements de mariage pour femmes<\/h2>\n\n\n\n<p>En tant qu&#8217;invit\u00e9e \u00e0 un mariage, que vous soyez la m\u00e8re, la s\u0153ur ou l&#8217;amie de la mari\u00e9e, vous souhaitez naturellement avoir une allure festive et \u00e9l\u00e9gante. Avec des marques r\u00e9put\u00e9es de robes de mari\u00e9e pour femmes, telles que Sonia Pena et Linea Raffaelli, vous pouvez \u00eatre s\u00fbre non seulement d&#8217;avoir un look fabuleux, mais aussi de b\u00e9n\u00e9ficier de la meilleure qualit\u00e9 et des tissus les plus fins. Vous cherchez des robes longues pour les invit\u00e9s de mariage ? Une magnifique combinaison ? Ou des v\u00eatements de mariage pour femmes avec des imprim\u00e9s gais et des couleurs vives ? Prenez rendez-vous et trouvez la tenue de mariage id\u00e9ale !     <\/p>\n\n\n\r\n<div class=\"eye-element bsbutton text-start \" >\r\n\t        <a class=\"btn btn-gold\" href=\"https:\/\/www.koonings.com\/fr\/prendre-un-rendez-vous\/\"\r\n           target=\"\">Prenez rendez-vous<\/a>\r\n\t<\/div>\n<\/div>\r\n            <\/div>\r\n        <\/div>\r\n    <\/div>\r\n\r\n<\/div>\r\n\r\n    ","protected":false},"excerpt":{"rendered":"","protected":false},"author":1,"featured_media":0,"parent":16648,"menu_order":0,"comment_status":"closed","ping_status":"closed","template":"","meta":{"_acf_changed":false,"ghostkit_customizer_options":"","ghostkit_custom_css":"","ghostkit_custom_js_head":"","ghostkit_custom_js_foot":"","ghostkit_typography":"","footnotes":""},"class_list":["post-16646","page","type-page","status-publish","hentry"],"acf":[],"yoast_head":"<!-- This site is optimized with the Yoast SEO plugin v27.3 - https:\/\/yoast.com\/product\/yoast-seo-wordpress\/ -->\n<title>Robes de mari\u00e9e femmes %%page% | Koonings%.<\/title>\n<meta name=\"description\" content=\"Vous \u00eates \u00e0 la recherche de v\u00eatements de mariage pour dames ? Chez Koonings, vous trouverez les plus belles robes et tenues pour les invit\u00e9s de mariage. L&#039;\u00e9l\u00e9gance pour chaque r\u00f4le et chaque moment.\" \/>\n<meta name=\"robots\" content=\"index, follow, max-snippet:-1, max-image-preview:large, max-video-preview:-1\" \/>\n<link rel=\"canonical\" href=\"https:\/\/www.koonings.com\/fr\/collection-de-mariages\/invites-et-gala\/mode-feminine\/\" \/>\n<meta property=\"og:locale\" content=\"fr_FR\" \/>\n<meta property=\"og:type\" content=\"article\" \/>\n<meta property=\"og:title\" content=\"Robes de mari\u00e9e femmes %%page% | Koonings%.\" \/>\n<meta property=\"og:description\" content=\"Vous \u00eates \u00e0 la recherche de v\u00eatements de mariage pour dames ? Chez Koonings, vous trouverez les plus belles robes et tenues pour les invit\u00e9s de mariage. L&#039;\u00e9l\u00e9gance pour chaque r\u00f4le et chaque moment.\" \/>\n<meta property=\"og:url\" content=\"https:\/\/www.koonings.com\/fr\/collection-de-mariages\/invites-et-gala\/mode-feminine\/\" \/>\n<meta property=\"og:site_name\" content=\"Koonings\" \/>\n<meta property=\"article:publisher\" content=\"https:\/\/www.facebook.com\/kooningstheweddingpalace\" \/>\n<meta property=\"article:modified_time\" content=\"2025-09-29T11:02:14+00:00\" \/>\n<meta property=\"og:image\" content=\"https:\/\/www.koonings.com\/wp-content\/uploads\/2024\/06\/palace-hero-screenshot-1024x575.png\" \/>\n\t<meta property=\"og:image:width\" content=\"1024\" \/>\n\t<meta property=\"og:image:height\" content=\"575\" \/>\n\t<meta property=\"og:image:type\" content=\"image\/png\" \/>\n<meta name=\"twitter:card\" content=\"summary_large_image\" \/>\n<meta name=\"twitter:label1\" content=\"Dur\u00e9e de lecture estim\u00e9e\" \/>\n\t<meta name=\"twitter:data1\" content=\"5 minutes\" \/>\n<script type=\"application\/ld+json\" class=\"yoast-schema-graph\">{\"@context\":\"https:\\\/\\\/schema.org\",\"@graph\":[{\"@type\":\"WebPage\",\"@id\":\"https:\\\/\\\/www.koonings.com\\\/fr\\\/collection-de-mariages\\\/invites-et-gala\\\/mode-feminine\\\/\",\"url\":\"https:\\\/\\\/www.koonings.com\\\/fr\\\/collection-de-mariages\\\/invites-et-gala\\\/mode-feminine\\\/\",\"name\":\"Robes de mari\u00e9e femmes %%page% | Koonings%.\",\"isPartOf\":{\"@id\":\"https:\\\/\\\/www.koonings.com\\\/fr\\\/#website\"},\"datePublished\":\"2024-07-18T10:54:57+00:00\",\"dateModified\":\"2025-09-29T11:02:14+00:00\",\"description\":\"Vous \u00eates \u00e0 la recherche de v\u00eatements de mariage pour dames ? Chez Koonings, vous trouverez les plus belles robes et tenues pour les invit\u00e9s de mariage. L'\u00e9l\u00e9gance pour chaque r\u00f4le et chaque moment.\",\"breadcrumb\":{\"@id\":\"https:\\\/\\\/www.koonings.com\\\/fr\\\/collection-de-mariages\\\/invites-et-gala\\\/mode-feminine\\\/#breadcrumb\"},\"inLanguage\":\"fr-FR\",\"potentialAction\":[{\"@type\":\"ReadAction\",\"target\":[\"https:\\\/\\\/www.koonings.com\\\/fr\\\/collection-de-mariages\\\/invites-et-gala\\\/mode-feminine\\\/\"]}]},{\"@type\":\"BreadcrumbList\",\"@id\":\"https:\\\/\\\/www.koonings.com\\\/fr\\\/collection-de-mariages\\\/invites-et-gala\\\/mode-feminine\\\/#breadcrumb\",\"itemListElement\":[{\"@type\":\"ListItem\",\"position\":1,\"name\":\"Home\",\"item\":\"https:\\\/\\\/www.koonings.com\\\/fr\\\/\"},{\"@type\":\"ListItem\",\"position\":2,\"name\":\"Collection de mariages\",\"item\":\"https:\\\/\\\/www.koonings.com\\\/fr\\\/collection-de-mariages\\\/\"},{\"@type\":\"ListItem\",\"position\":3,\"name\":\"Invit\u00e9s et gala\",\"item\":\"https:\\\/\\\/www.koonings.com\\\/fr\\\/collection-de-mariages\\\/invites-et-gala\\\/\"},{\"@type\":\"ListItem\",\"position\":4,\"name\":\"Mode f\u00e9minine\"}]},{\"@type\":\"WebSite\",\"@id\":\"https:\\\/\\\/www.koonings.com\\\/fr\\\/#website\",\"url\":\"https:\\\/\\\/www.koonings.com\\\/fr\\\/\",\"name\":\"Koonings\",\"description\":\"De grootste bruidsmodewinkel ter wereld\",\"publisher\":{\"@id\":\"https:\\\/\\\/www.koonings.com\\\/fr\\\/#organization\"},\"potentialAction\":[{\"@type\":\"SearchAction\",\"target\":{\"@type\":\"EntryPoint\",\"urlTemplate\":\"https:\\\/\\\/www.koonings.com\\\/fr\\\/?s={search_term_string}\"},\"query-input\":{\"@type\":\"PropertyValueSpecification\",\"valueRequired\":true,\"valueName\":\"search_term_string\"}}],\"inLanguage\":\"fr-FR\"},{\"@type\":\"Organization\",\"@id\":\"https:\\\/\\\/www.koonings.com\\\/fr\\\/#organization\",\"name\":\"Koonings\",\"url\":\"https:\\\/\\\/www.koonings.com\\\/fr\\\/\",\"logo\":{\"@type\":\"ImageObject\",\"inLanguage\":\"fr-FR\",\"@id\":\"https:\\\/\\\/www.koonings.com\\\/fr\\\/#\\\/schema\\\/logo\\\/image\\\/\",\"url\":\"https:\\\/\\\/www.koonings.com\\\/wp-content\\\/uploads\\\/2024\\\/07\\\/logo.png\",\"contentUrl\":\"https:\\\/\\\/www.koonings.com\\\/wp-content\\\/uploads\\\/2024\\\/07\\\/logo.png\",\"width\":600,\"height\":428,\"caption\":\"Koonings\"},\"image\":{\"@id\":\"https:\\\/\\\/www.koonings.com\\\/fr\\\/#\\\/schema\\\/logo\\\/image\\\/\"},\"sameAs\":[\"https:\\\/\\\/www.facebook.com\\\/kooningstheweddingpalace\",\"https:\\\/\\\/www.instagram.com\\\/kooningstheweddingpalace\",\"https:\\\/\\\/www.pinterest.com\\\/koonings\",\"https:\\\/\\\/www.youtube.com\\\/kooningstheweddingpalace\"]}]}<\/script>\n<!-- \/ Yoast SEO plugin. -->","yoast_head_json":{"title":"Robes de mari\u00e9e femmes %%page% | Koonings%.","description":"Vous \u00eates \u00e0 la recherche de v\u00eatements de mariage pour dames ? Chez Koonings, vous trouverez les plus belles robes et tenues pour les invit\u00e9s de mariage. L'\u00e9l\u00e9gance pour chaque r\u00f4le et chaque moment.","robots":{"index":"index","follow":"follow","max-snippet":"max-snippet:-1","max-image-preview":"max-image-preview:large","max-video-preview":"max-video-preview:-1"},"canonical":"https:\/\/www.koonings.com\/fr\/collection-de-mariages\/invites-et-gala\/mode-feminine\/","og_locale":"fr_FR","og_type":"article","og_title":"Robes de mari\u00e9e femmes %%page% | Koonings%.","og_description":"Vous \u00eates \u00e0 la recherche de v\u00eatements de mariage pour dames ? Chez Koonings, vous trouverez les plus belles robes et tenues pour les invit\u00e9s de mariage. L'\u00e9l\u00e9gance pour chaque r\u00f4le et chaque moment.","og_url":"https:\/\/www.koonings.com\/fr\/collection-de-mariages\/invites-et-gala\/mode-feminine\/","og_site_name":"Koonings","article_publisher":"https:\/\/www.facebook.com\/kooningstheweddingpalace","article_modified_time":"2025-09-29T11:02:14+00:00","og_image":[{"width":1024,"height":575,"url":"https:\/\/www.koonings.com\/wp-content\/uploads\/2024\/06\/palace-hero-screenshot-1024x575.png","type":"image\/png"}],"twitter_card":"summary_large_image","twitter_misc":{"Dur\u00e9e de lecture estim\u00e9e":"5 minutes"},"schema":{"@context":"https:\/\/schema.org","@graph":[{"@type":"WebPage","@id":"https:\/\/www.koonings.com\/fr\/collection-de-mariages\/invites-et-gala\/mode-feminine\/","url":"https:\/\/www.koonings.com\/fr\/collection-de-mariages\/invites-et-gala\/mode-feminine\/","name":"Robes de mari\u00e9e femmes %%page% | Koonings%.","isPartOf":{"@id":"https:\/\/www.koonings.com\/fr\/#website"},"datePublished":"2024-07-18T10:54:57+00:00","dateModified":"2025-09-29T11:02:14+00:00","description":"Vous \u00eates \u00e0 la recherche de v\u00eatements de mariage pour dames ? Chez Koonings, vous trouverez les plus belles robes et tenues pour les invit\u00e9s de mariage. L'\u00e9l\u00e9gance pour chaque r\u00f4le et chaque moment.","breadcrumb":{"@id":"https:\/\/www.koonings.com\/fr\/collection-de-mariages\/invites-et-gala\/mode-feminine\/#breadcrumb"},"inLanguage":"fr-FR","potentialAction":[{"@type":"ReadAction","target":["https:\/\/www.koonings.com\/fr\/collection-de-mariages\/invites-et-gala\/mode-feminine\/"]}]},{"@type":"BreadcrumbList","@id":"https:\/\/www.koonings.com\/fr\/collection-de-mariages\/invites-et-gala\/mode-feminine\/#breadcrumb","itemListElement":[{"@type":"ListItem","position":1,"name":"Home","item":"https:\/\/www.koonings.com\/fr\/"},{"@type":"ListItem","position":2,"name":"Collection de mariages","item":"https:\/\/www.koonings.com\/fr\/collection-de-mariages\/"},{"@type":"ListItem","position":3,"name":"Invit\u00e9s et gala","item":"https:\/\/www.koonings.com\/fr\/collection-de-mariages\/invites-et-gala\/"},{"@type":"ListItem","position":4,"name":"Mode f\u00e9minine"}]},{"@type":"WebSite","@id":"https:\/\/www.koonings.com\/fr\/#website","url":"https:\/\/www.koonings.com\/fr\/","name":"Koonings","description":"De grootste bruidsmodewinkel ter wereld","publisher":{"@id":"https:\/\/www.koonings.com\/fr\/#organization"},"potentialAction":[{"@type":"SearchAction","target":{"@type":"EntryPoint","urlTemplate":"https:\/\/www.koonings.com\/fr\/?s={search_term_string}"},"query-input":{"@type":"PropertyValueSpecification","valueRequired":true,"valueName":"search_term_string"}}],"inLanguage":"fr-FR"},{"@type":"Organization","@id":"https:\/\/www.koonings.com\/fr\/#organization","name":"Koonings","url":"https:\/\/www.koonings.com\/fr\/","logo":{"@type":"ImageObject","inLanguage":"fr-FR","@id":"https:\/\/www.koonings.com\/fr\/#\/schema\/logo\/image\/","url":"https:\/\/www.koonings.com\/wp-content\/uploads\/2024\/07\/logo.png","contentUrl":"https:\/\/www.koonings.com\/wp-content\/uploads\/2024\/07\/logo.png","width":600,"height":428,"caption":"Koonings"},"image":{"@id":"https:\/\/www.koonings.com\/fr\/#\/schema\/logo\/image\/"},"sameAs":["https:\/\/www.facebook.com\/kooningstheweddingpalace","https:\/\/www.instagram.com\/kooningstheweddingpalace","https:\/\/www.pinterest.com\/koonings","https:\/\/www.youtube.com\/kooningstheweddingpalace"]}]}},"_links":{"self":[{"href":"https:\/\/www.koonings.com\/fr\/wp-json\/wp\/v2\/pages\/16646","targetHints":{"allow":["GET"]}}],"collection":[{"href":"https:\/\/www.koonings.com\/fr\/wp-json\/wp\/v2\/pages"}],"about":[{"href":"https:\/\/www.koonings.com\/fr\/wp-json\/wp\/v2\/types\/page"}],"author":[{"embeddable":true,"href":"https:\/\/www.koonings.com\/fr\/wp-json\/wp\/v2\/users\/1"}],"replies":[{"embeddable":true,"href":"https:\/\/www.koonings.com\/fr\/wp-json\/wp\/v2\/comments?post=16646"}],"version-history":[{"count":8,"href":"https:\/\/www.koonings.com\/fr\/wp-json\/wp\/v2\/pages\/16646\/revisions"}],"predecessor-version":[{"id":98818,"href":"https:\/\/www.koonings.com\/fr\/wp-json\/wp\/v2\/pages\/16646\/revisions\/98818"}],"up":[{"embeddable":true,"href":"https:\/\/www.koonings.com\/fr\/wp-json\/wp\/v2\/pages\/16648"}],"wp:attachment":[{"href":"https:\/\/www.koonings.com\/fr\/wp-json\/wp\/v2\/media?parent=16646"}],"curies":[{"name":"wp","href":"https:\/\/api.w.org\/{rel}","templated":true}]}}