{"id":16641,"date":"2024-07-18T14:19:45","date_gmt":"2024-07-18T12:19:45","guid":{"rendered":"https:\/\/www.koonings.com\/invites-de-mariage-masculins\/"},"modified":"2025-09-29T12:56:37","modified_gmt":"2025-09-29T10:56:37","slug":"invites-de-mariage-masculins","status":"publish","type":"page","link":"https:\/\/www.koonings.com\/fr\/collection-de-mariages\/invites-et-gala\/invites-de-mariage-masculins\/","title":{"rendered":"Invit\u00e9s de mariage masculins"},"content":{"rendered":"\r\n\r\n<div class=\"eye-element fullwidth-row alignfull style-both bg--none  alignfull \" style=\" \">\r\n\r\n    <div class=\"container\">\r\n        <div class=\"row\">\r\n            <div class=\"col-12\">\r\n                <div class=\"acf-innerblocks-container\">\n\n<h2 class=\"wp-block-heading has-text-align-center\" id=\"de-juiste-outfit-voor-ieder-feest\">La bonne tenue pour chaque f\u00eate<\/h2>\n\n\n\n<p class=\"has-text-align-center\">En tant que t\u00e9moin \u00e0 un mariage ou invit\u00e9 \u00e0 un autre \u00e9v\u00e9nement important, vous voulez \u00eatre \u00e0 votre avantage. Chez Koonings, vous trouverez une vaste collection de v\u00eatements d&#8217;occasion pour hommes. <br\/><\/p>\n\n<\/div>\r\n            <\/div>\r\n        <\/div>\r\n    <\/div>\r\n\r\n<\/div>\r\n\r\n    \r\n\r\n<div class=\"eye-element fullwidth-row alignfull faux-bg--lightgray style-left  alignfull \" style=\"\">\r\n<div class=\"bg bg--lightgray\" style=\"\"><\/div>\r\n\r\n    <div class=\"container\">\r\n        <div class=\"row\">\r\n            <div class=\"col-12\">\r\n                <div class=\"acf-innerblocks-container\">\n\n<div class=\"ghostkit-grid ghostkit-grid-gap-md\"><div class=\"ghostkit-grid-inner\">\n<div class=\"ghostkit-col ghostkit-col-md-12 ghostkit-col-6 ghostkit-col-align-self-center\"><div class=\"ghostkit-col-content is-layout-flow wp-block-ghostkit-grid-column-is-layout-flow\">\r\n<div id=\"vetements-pour-hommes-section\" class=\"eye-block menu-section\" title=\"vetements-pour-hommes\" data-section-name=\"V\u00eatements pour hommes\"><\/div>\r\n\n\n\n<h1 class=\"wp-block-heading\" id=\"ruim-assortiment-bruidsmode-bij-koonings\">La mode masculine chez Koonings<\/h1>\n\n\n\n<p>Les hommes peuvent s&#8217;adresser \u00e0 nous pour des costumes et des tailleurs m\u00eame s&#8217;ils ne sont pas gar\u00e7ons d&#8217;honneur. T\u00e9moins ou invit\u00e9s \u00e0 un mariage ? Ou simplement \u00e0 la recherche d&#8217;un beau costume pour toute autre occasion festive ? Nous avons un costume, une chemise ou un pantalon assorti pour chaque occasion.   <\/p>\n\n\n\r\n<div class=\"eye-element bsbutton text-start \" >\r\n\t        <a class=\"btn btn-primary\" href=\"https:\/\/www.koonings.com\/fr\/marie\/costumes-de-mariage\/\"\r\n           target=\"\">Voir notre collection de v\u00eatements pour hommes<\/a>\r\n\t<\/div><\/div><\/div>\n\n\n\n<div class=\"ghostkit-col ghostkit-col-md-12 ghostkit-col-6\"><div class=\"ghostkit-col-content is-layout-flow wp-block-ghostkit-grid-column-is-layout-flow\">\r\n<div class=\"eye-element images style-default variant-1 single-image\">\r\n\r\n\t        <div class=\"composition\">\r\n\t\t\t\r\n            <div class=\"swiper images-swiper\">\r\n\r\n\t\t\t\t\r\n                <div class=\"swiper-wrapper\">\r\n\t\t\t\t\t                        <li class=\"swiper-slide\">\r\n                            <img decoding=\"async\" class=\" img-fluid\" src=\"https:\/\/www.koonings.com\/wp-content\/uploads\/2024\/07\/herenzaak_1-1024x713.jpg\" srcset=\"https:\/\/www.koonings.com\/wp-content\/uploads\/2024\/07\/herenzaak_1-scaled.jpg\" alt=\"Koonings Herenzaak\">\r\n                        <\/li>\r\n\t\t\t\t\t                <\/div>\r\n\r\n                <div class=\"swiper-pagination\"><\/div>\r\n\r\n                <div class=\"swiper-button-prev\"><\/div>\r\n                <div class=\"swiper-button-next\"><\/div>\r\n\r\n            <\/div>\r\n\r\n        <\/div>\r\n\t\r\n\t<\/div><\/div><\/div>\n<\/div><\/div>\n\n<\/div>\r\n            <\/div>\r\n        <\/div>\r\n    <\/div>\r\n\r\n<\/div>\r\n\r\n    \r\n\r\n<div class=\"eye-element fullwidth-row alignfull style-both bg--none  alignfull \" style=\" \">\r\n\r\n    <div class=\"container\">\r\n        <div class=\"row\">\r\n            <div class=\"col-12\">\r\n                <div class=\"acf-innerblocks-container\">\n\n<div class=\"ghostkit-grid ghostkit-grid-gap-lg ghostkit-grid-align-items-center ghostkit-grid-justify-content-around\"><div class=\"ghostkit-grid-inner\">\n<div class=\"ghostkit-col ghostkit-col-md-12 ghostkit-col-6\"><div class=\"ghostkit-col-content is-layout-flow wp-block-ghostkit-grid-column-is-layout-flow\">\r\n<div class=\"eye-element images style-default variant-4 multi-image\">\r\n\r\n\t        <div class=\"composition\">\r\n\t\t\t                <div class=\"image-0\">\r\n                    <img decoding=\"async\" class=\"img-fluid\" src=\"https:\/\/www.koonings.com\/wp-content\/uploads\/2024\/07\/Koonings-Flowergirls-300x197.png\" srcset=\"https:\/\/www.koonings.com\/wp-content\/uploads\/2024\/07\/Koonings-Flowergirls-300x197.png 300w, https:\/\/www.koonings.com\/wp-content\/uploads\/2024\/07\/Koonings-Flowergirls-1024x673.png 1024w, https:\/\/www.koonings.com\/wp-content\/uploads\/2024\/07\/Koonings-Flowergirls-768x505.png 768w, https:\/\/www.koonings.com\/wp-content\/uploads\/2024\/07\/Koonings-Flowergirls-1536x1010.png 1536w, https:\/\/www.koonings.com\/wp-content\/uploads\/2024\/07\/Koonings-Flowergirls.png 1670w\" alt=\"Koonings Flowergirls\">\r\n                <\/div>\r\n\t\t\t\r\n            <div class=\"swiper images-swiper\">\r\n\r\n\t\t\t\t\r\n                <div class=\"swiper-wrapper\">\r\n\t\t\t\t\t                        <li class=\"swiper-slide\">\r\n                            <img decoding=\"async\" class=\" img-fluid\" src=\"https:\/\/www.koonings.com\/wp-content\/uploads\/2024\/07\/best-men-1024x662.png\" srcset=\"https:\/\/www.koonings.com\/wp-content\/uploads\/2024\/07\/best-men.png\" alt=\"Koonings Bruidegrom best men\">\r\n                        <\/li>\r\n\t\t\t\t\t                <\/div>\r\n\r\n                <div class=\"swiper-pagination\"><\/div>\r\n\r\n                <div class=\"swiper-button-prev\"><\/div>\r\n                <div class=\"swiper-button-next\"><\/div>\r\n\r\n            <\/div>\r\n\r\n        <\/div>\r\n\t\r\n\t<\/div><\/div><\/div>\n\n\n\n<div class=\"ghostkit-col ghostkit-col-md-12 ghostkit-col-6 ghostkit-col-align-self-center\"><div class=\"ghostkit-col-content is-layout-flow wp-block-ghostkit-grid-column-is-layout-flow\">\r\n<div id=\"les-meilleurs-hommes-section\" class=\"eye-block menu-section\" title=\"les-meilleurs-hommes\" data-section-name=\"Les meilleurs hommes\"><\/div>\r\n\n\n\n<h2 class=\"wp-block-heading\" id=\"ruim-assortiment-bruidsmode-bij-koonings\">Invit\u00e9s de mariage masculins<\/h2>\n\n\n\n<p>Venu d&#8217;Am\u00e9rique : le gar\u00e7on d&#8217;honneur. Il s&#8217;agit d&#8217;un titre honorifique port\u00e9 par votre meilleur ami, votre fr\u00e8re ou votre cousin. Le t\u00e9moin est semblable \u00e0 la demoiselle d&#8217;honneur et a donc un r\u00f4le important \u00e0 jouer. Un beau costume est donc tout indiqu\u00e9. Curieux de conna\u00eetre les possibilit\u00e9s ? <a href=\"https:\/\/www.koonings.com\/fr\/prendre-un-rendez-vous\/\">Prenez rendez-vous<\/a> et nous nous ferons un plaisir de vous aider, vous et vos invit\u00e9s.    <\/p>\n<\/div><\/div>\n<\/div><\/div>\n\n<\/div>\r\n            <\/div>\r\n        <\/div>\r\n    <\/div>\r\n\r\n<\/div>\r\n\r\n    \r\n\r\n<div class=\"eye-element fullwidth-row alignfull style-both bg--none  alignfull \" style=\" \">\r\n\r\n    <div class=\"container\">\r\n        <div class=\"row\">\r\n            <div class=\"col-12\">\r\n                <div class=\"acf-innerblocks-container\">\n\n<div class=\"ghostkit-grid ghostkit-grid-gap-md\"><div class=\"ghostkit-grid-inner\">\n<div class=\"ghostkit-col ghostkit-col-lg-12 ghostkit-col-4\"><div class=\"ghostkit-col-content is-layout-flow wp-block-ghostkit-grid-column-is-layout-flow\">\n<figure class=\"wp-block-image size-large\"><img decoding=\"async\" width=\"683\" height=\"1024\" src=\"https:\/\/www.koonings.com\/wp-content\/uploads\/2024\/07\/guglielmo-g-kostuum-g19g29x00-gob2325672_74463_b-683x1024.jpeg\" alt=\"Koonings Wedding Guest Men\" class=\"wp-image-3621\" style=\"aspect-ratio:3\/4;object-fit:cover\" srcset=\"https:\/\/www.koonings.com\/wp-content\/uploads\/2024\/07\/guglielmo-g-kostuum-g19g29x00-gob2325672_74463_b-683x1024.jpeg 683w, https:\/\/www.koonings.com\/wp-content\/uploads\/2024\/07\/guglielmo-g-kostuum-g19g29x00-gob2325672_74463_b-200x300.jpeg 200w, https:\/\/www.koonings.com\/wp-content\/uploads\/2024\/07\/guglielmo-g-kostuum-g19g29x00-gob2325672_74463_b-768x1151.jpeg 768w, https:\/\/www.koonings.com\/wp-content\/uploads\/2024\/07\/guglielmo-g-kostuum-g19g29x00-gob2325672_74463_b-1025x1536.jpeg 1025w, https:\/\/www.koonings.com\/wp-content\/uploads\/2024\/07\/guglielmo-g-kostuum-g19g29x00-gob2325672_74463_b-1367x2048.jpeg 1367w, https:\/\/www.koonings.com\/wp-content\/uploads\/2024\/07\/guglielmo-g-kostuum-g19g29x00-gob2325672_74463_b-scaled.jpeg 1709w\" sizes=\"(max-width: 683px) 100vw, 683px\" \/><\/figure>\n<\/div><\/div>\n\n\n\n<div class=\"ghostkit-col ghostkit-col-lg-12 ghostkit-col-4\"><div class=\"ghostkit-col-content is-layout-flow wp-block-ghostkit-grid-column-is-layout-flow\">\n<figure class=\"wp-block-image size-large\"><img decoding=\"async\" width=\"683\" height=\"1024\" src=\"https:\/\/www.koonings.com\/wp-content\/uploads\/2024\/07\/guglielmo-g-kostuum-g20a10x00-114430179_74217_b-683x1024.jpeg\" alt=\"Koonings Wedding Guest Men\" class=\"wp-image-3625\" style=\"aspect-ratio:3\/4;object-fit:cover\" srcset=\"https:\/\/www.koonings.com\/wp-content\/uploads\/2024\/07\/guglielmo-g-kostuum-g20a10x00-114430179_74217_b-683x1024.jpeg 683w, https:\/\/www.koonings.com\/wp-content\/uploads\/2024\/07\/guglielmo-g-kostuum-g20a10x00-114430179_74217_b-200x300.jpeg 200w, https:\/\/www.koonings.com\/wp-content\/uploads\/2024\/07\/guglielmo-g-kostuum-g20a10x00-114430179_74217_b-768x1151.jpeg 768w, https:\/\/www.koonings.com\/wp-content\/uploads\/2024\/07\/guglielmo-g-kostuum-g20a10x00-114430179_74217_b-1025x1536.jpeg 1025w, https:\/\/www.koonings.com\/wp-content\/uploads\/2024\/07\/guglielmo-g-kostuum-g20a10x00-114430179_74217_b-1367x2048.jpeg 1367w, https:\/\/www.koonings.com\/wp-content\/uploads\/2024\/07\/guglielmo-g-kostuum-g20a10x00-114430179_74217_b-scaled.jpeg 1709w\" sizes=\"(max-width: 683px) 100vw, 683px\" \/><\/figure>\n<\/div><\/div>\n\n\n\n<div class=\"ghostkit-col ghostkit-col-lg-12 ghostkit-col-4\"><div class=\"ghostkit-col-content is-layout-flow wp-block-ghostkit-grid-column-is-layout-flow\">\n<figure class=\"wp-block-image size-large\"><img decoding=\"async\" width=\"683\" height=\"1024\" src=\"https:\/\/www.koonings.com\/wp-content\/uploads\/2024\/07\/immediate-kostuum-18200-75-355-forte29744_74335_b-683x1024.jpeg\" alt=\"Koonings Wedding Guest Men\" class=\"wp-image-3629\" style=\"aspect-ratio:3\/4;object-fit:cover\" srcset=\"https:\/\/www.koonings.com\/wp-content\/uploads\/2024\/07\/immediate-kostuum-18200-75-355-forte29744_74335_b-683x1024.jpeg 683w, https:\/\/www.koonings.com\/wp-content\/uploads\/2024\/07\/immediate-kostuum-18200-75-355-forte29744_74335_b-200x300.jpeg 200w, https:\/\/www.koonings.com\/wp-content\/uploads\/2024\/07\/immediate-kostuum-18200-75-355-forte29744_74335_b-768x1151.jpeg 768w, https:\/\/www.koonings.com\/wp-content\/uploads\/2024\/07\/immediate-kostuum-18200-75-355-forte29744_74335_b-1025x1536.jpeg 1025w, https:\/\/www.koonings.com\/wp-content\/uploads\/2024\/07\/immediate-kostuum-18200-75-355-forte29744_74335_b-1367x2048.jpeg 1367w, https:\/\/www.koonings.com\/wp-content\/uploads\/2024\/07\/immediate-kostuum-18200-75-355-forte29744_74335_b-scaled.jpeg 1709w\" sizes=\"(max-width: 683px) 100vw, 683px\" \/><\/figure>\n<\/div><\/div>\n<\/div><\/div>\n\n<\/div>\r\n            <\/div>\r\n        <\/div>\r\n    <\/div>\r\n\r\n<\/div>\r\n\r\n    \r\n\r\n<div class=\"eye-element fullwidth-row alignfull style-both bg--none  alignfull \" style=\" \">\r\n\r\n    <div class=\"container\">\r\n        <div class=\"row\">\r\n            <div class=\"col-12\">\r\n                <div class=\"acf-innerblocks-container\">\n\n<h2 class=\"wp-block-heading has-text-align-center\" id=\"de-ultieme-trouwbelevingonder-een-dak\"><br\/>L&#8217;exp\u00e9rience ultime du mariage sous un m\u00eame toit<\/h2>\n\n\n\r\n<div class=\"eye-element bsbutton text-center \" >\r\n\t        <a class=\"btn btn-gold\" href=\"https:\/\/www.koonings.com\/fr\/prendre-un-rendez-vous\/\"\r\n           target=\"\">Prendre un rendez-vous<\/a>\r\n\t<\/div>\n<\/div>\r\n            <\/div>\r\n        <\/div>\r\n    <\/div>\r\n\r\n<\/div>\r\n\r\n    ","protected":false},"excerpt":{"rendered":"","protected":false},"author":1,"featured_media":0,"parent":16648,"menu_order":0,"comment_status":"closed","ping_status":"closed","template":"","meta":{"_acf_changed":false,"ghostkit_customizer_options":"","ghostkit_custom_css":"","ghostkit_custom_js_head":"","ghostkit_custom_js_foot":"","ghostkit_typography":"","footnotes":""},"class_list":["post-16641","page","type-page","status-publish","hentry"],"acf":[],"yoast_head":"<!-- This site is optimized with the Yoast SEO plugin v27.3 - https:\/\/yoast.com\/product\/yoast-seo-wordpress\/ -->\n<title>Invit\u00e9s de mariage masculins | Koonings<\/title>\n<meta name=\"robots\" content=\"index, follow, max-snippet:-1, max-image-preview:large, max-video-preview:-1\" \/>\n<link rel=\"canonical\" href=\"https:\/\/www.koonings.com\/fr\/collection-de-mariages\/invites-et-gala\/invites-de-mariage-masculins\/\" \/>\n<meta property=\"og:locale\" content=\"fr_FR\" \/>\n<meta property=\"og:type\" content=\"article\" \/>\n<meta property=\"og:title\" content=\"Invit\u00e9s de mariage masculins | Koonings\" \/>\n<meta property=\"og:url\" content=\"https:\/\/www.koonings.com\/fr\/collection-de-mariages\/invites-et-gala\/invites-de-mariage-masculins\/\" \/>\n<meta property=\"og:site_name\" content=\"Koonings\" \/>\n<meta property=\"article:publisher\" content=\"https:\/\/www.facebook.com\/kooningstheweddingpalace\" \/>\n<meta property=\"article:modified_time\" content=\"2025-09-29T10:56:37+00:00\" \/>\n<meta property=\"og:image\" content=\"https:\/\/www.koonings.com\/wp-content\/uploads\/2024\/07\/guglielmo-g-kostuum-g19g29x00-gob2325672_74463_b-683x1024.jpeg\" \/>\n<meta name=\"twitter:card\" content=\"summary_large_image\" \/>\n<meta name=\"twitter:label1\" content=\"Dur\u00e9e de lecture estim\u00e9e\" \/>\n\t<meta name=\"twitter:data1\" content=\"1 minute\" \/>\n<script type=\"application\/ld+json\" class=\"yoast-schema-graph\">{\"@context\":\"https:\\\/\\\/schema.org\",\"@graph\":[{\"@type\":\"WebPage\",\"@id\":\"https:\\\/\\\/www.koonings.com\\\/fr\\\/collection-de-mariages\\\/invites-et-gala\\\/invites-de-mariage-masculins\\\/\",\"url\":\"https:\\\/\\\/www.koonings.com\\\/fr\\\/collection-de-mariages\\\/invites-et-gala\\\/invites-de-mariage-masculins\\\/\",\"name\":\"Invit\u00e9s de mariage masculins | Koonings\",\"isPartOf\":{\"@id\":\"https:\\\/\\\/www.koonings.com\\\/fr\\\/#website\"},\"primaryImageOfPage\":{\"@id\":\"https:\\\/\\\/www.koonings.com\\\/fr\\\/collection-de-mariages\\\/invites-et-gala\\\/invites-de-mariage-masculins\\\/#primaryimage\"},\"image\":{\"@id\":\"https:\\\/\\\/www.koonings.com\\\/fr\\\/collection-de-mariages\\\/invites-et-gala\\\/invites-de-mariage-masculins\\\/#primaryimage\"},\"thumbnailUrl\":\"https:\\\/\\\/www.koonings.com\\\/wp-content\\\/uploads\\\/2024\\\/07\\\/guglielmo-g-kostuum-g19g29x00-gob2325672_74463_b-683x1024.jpeg\",\"datePublished\":\"2024-07-18T12:19:45+00:00\",\"dateModified\":\"2025-09-29T10:56:37+00:00\",\"breadcrumb\":{\"@id\":\"https:\\\/\\\/www.koonings.com\\\/fr\\\/collection-de-mariages\\\/invites-et-gala\\\/invites-de-mariage-masculins\\\/#breadcrumb\"},\"inLanguage\":\"fr-FR\",\"potentialAction\":[{\"@type\":\"ReadAction\",\"target\":[\"https:\\\/\\\/www.koonings.com\\\/fr\\\/collection-de-mariages\\\/invites-et-gala\\\/invites-de-mariage-masculins\\\/\"]}]},{\"@type\":\"ImageObject\",\"inLanguage\":\"fr-FR\",\"@id\":\"https:\\\/\\\/www.koonings.com\\\/fr\\\/collection-de-mariages\\\/invites-et-gala\\\/invites-de-mariage-masculins\\\/#primaryimage\",\"url\":\"https:\\\/\\\/www.koonings.com\\\/wp-content\\\/uploads\\\/2024\\\/07\\\/guglielmo-g-kostuum-g19g29x00-gob2325672_74463_b-683x1024.jpeg\",\"contentUrl\":\"https:\\\/\\\/www.koonings.com\\\/wp-content\\\/uploads\\\/2024\\\/07\\\/guglielmo-g-kostuum-g19g29x00-gob2325672_74463_b-683x1024.jpeg\"},{\"@type\":\"BreadcrumbList\",\"@id\":\"https:\\\/\\\/www.koonings.com\\\/fr\\\/collection-de-mariages\\\/invites-et-gala\\\/invites-de-mariage-masculins\\\/#breadcrumb\",\"itemListElement\":[{\"@type\":\"ListItem\",\"position\":1,\"name\":\"Home\",\"item\":\"https:\\\/\\\/www.koonings.com\\\/fr\\\/\"},{\"@type\":\"ListItem\",\"position\":2,\"name\":\"Collection de mariages\",\"item\":\"https:\\\/\\\/www.koonings.com\\\/fr\\\/collection-de-mariages\\\/\"},{\"@type\":\"ListItem\",\"position\":3,\"name\":\"Invit\u00e9s et gala\",\"item\":\"https:\\\/\\\/www.koonings.com\\\/fr\\\/collection-de-mariages\\\/invites-et-gala\\\/\"},{\"@type\":\"ListItem\",\"position\":4,\"name\":\"Invit\u00e9s de mariage masculins\"}]},{\"@type\":\"WebSite\",\"@id\":\"https:\\\/\\\/www.koonings.com\\\/fr\\\/#website\",\"url\":\"https:\\\/\\\/www.koonings.com\\\/fr\\\/\",\"name\":\"Koonings\",\"description\":\"De grootste bruidsmodewinkel ter wereld\",\"publisher\":{\"@id\":\"https:\\\/\\\/www.koonings.com\\\/fr\\\/#organization\"},\"potentialAction\":[{\"@type\":\"SearchAction\",\"target\":{\"@type\":\"EntryPoint\",\"urlTemplate\":\"https:\\\/\\\/www.koonings.com\\\/fr\\\/?s={search_term_string}\"},\"query-input\":{\"@type\":\"PropertyValueSpecification\",\"valueRequired\":true,\"valueName\":\"search_term_string\"}}],\"inLanguage\":\"fr-FR\"},{\"@type\":\"Organization\",\"@id\":\"https:\\\/\\\/www.koonings.com\\\/fr\\\/#organization\",\"name\":\"Koonings\",\"url\":\"https:\\\/\\\/www.koonings.com\\\/fr\\\/\",\"logo\":{\"@type\":\"ImageObject\",\"inLanguage\":\"fr-FR\",\"@id\":\"https:\\\/\\\/www.koonings.com\\\/fr\\\/#\\\/schema\\\/logo\\\/image\\\/\",\"url\":\"https:\\\/\\\/www.koonings.com\\\/wp-content\\\/uploads\\\/2024\\\/07\\\/logo.png\",\"contentUrl\":\"https:\\\/\\\/www.koonings.com\\\/wp-content\\\/uploads\\\/2024\\\/07\\\/logo.png\",\"width\":600,\"height\":428,\"caption\":\"Koonings\"},\"image\":{\"@id\":\"https:\\\/\\\/www.koonings.com\\\/fr\\\/#\\\/schema\\\/logo\\\/image\\\/\"},\"sameAs\":[\"https:\\\/\\\/www.facebook.com\\\/kooningstheweddingpalace\",\"https:\\\/\\\/www.instagram.com\\\/kooningstheweddingpalace\",\"https:\\\/\\\/www.pinterest.com\\\/koonings\",\"https:\\\/\\\/www.youtube.com\\\/kooningstheweddingpalace\"]}]}<\/script>\n<!-- \/ Yoast SEO plugin. -->","yoast_head_json":{"title":"Invit\u00e9s de mariage masculins | Koonings","robots":{"index":"index","follow":"follow","max-snippet":"max-snippet:-1","max-image-preview":"max-image-preview:large","max-video-preview":"max-video-preview:-1"},"canonical":"https:\/\/www.koonings.com\/fr\/collection-de-mariages\/invites-et-gala\/invites-de-mariage-masculins\/","og_locale":"fr_FR","og_type":"article","og_title":"Invit\u00e9s de mariage masculins | Koonings","og_url":"https:\/\/www.koonings.com\/fr\/collection-de-mariages\/invites-et-gala\/invites-de-mariage-masculins\/","og_site_name":"Koonings","article_publisher":"https:\/\/www.facebook.com\/kooningstheweddingpalace","article_modified_time":"2025-09-29T10:56:37+00:00","og_image":[{"url":"https:\/\/www.koonings.com\/wp-content\/uploads\/2024\/07\/guglielmo-g-kostuum-g19g29x00-gob2325672_74463_b-683x1024.jpeg","type":"","width":"","height":""}],"twitter_card":"summary_large_image","twitter_misc":{"Dur\u00e9e de lecture estim\u00e9e":"1 minute"},"schema":{"@context":"https:\/\/schema.org","@graph":[{"@type":"WebPage","@id":"https:\/\/www.koonings.com\/fr\/collection-de-mariages\/invites-et-gala\/invites-de-mariage-masculins\/","url":"https:\/\/www.koonings.com\/fr\/collection-de-mariages\/invites-et-gala\/invites-de-mariage-masculins\/","name":"Invit\u00e9s de mariage masculins | Koonings","isPartOf":{"@id":"https:\/\/www.koonings.com\/fr\/#website"},"primaryImageOfPage":{"@id":"https:\/\/www.koonings.com\/fr\/collection-de-mariages\/invites-et-gala\/invites-de-mariage-masculins\/#primaryimage"},"image":{"@id":"https:\/\/www.koonings.com\/fr\/collection-de-mariages\/invites-et-gala\/invites-de-mariage-masculins\/#primaryimage"},"thumbnailUrl":"https:\/\/www.koonings.com\/wp-content\/uploads\/2024\/07\/guglielmo-g-kostuum-g19g29x00-gob2325672_74463_b-683x1024.jpeg","datePublished":"2024-07-18T12:19:45+00:00","dateModified":"2025-09-29T10:56:37+00:00","breadcrumb":{"@id":"https:\/\/www.koonings.com\/fr\/collection-de-mariages\/invites-et-gala\/invites-de-mariage-masculins\/#breadcrumb"},"inLanguage":"fr-FR","potentialAction":[{"@type":"ReadAction","target":["https:\/\/www.koonings.com\/fr\/collection-de-mariages\/invites-et-gala\/invites-de-mariage-masculins\/"]}]},{"@type":"ImageObject","inLanguage":"fr-FR","@id":"https:\/\/www.koonings.com\/fr\/collection-de-mariages\/invites-et-gala\/invites-de-mariage-masculins\/#primaryimage","url":"https:\/\/www.koonings.com\/wp-content\/uploads\/2024\/07\/guglielmo-g-kostuum-g19g29x00-gob2325672_74463_b-683x1024.jpeg","contentUrl":"https:\/\/www.koonings.com\/wp-content\/uploads\/2024\/07\/guglielmo-g-kostuum-g19g29x00-gob2325672_74463_b-683x1024.jpeg"},{"@type":"BreadcrumbList","@id":"https:\/\/www.koonings.com\/fr\/collection-de-mariages\/invites-et-gala\/invites-de-mariage-masculins\/#breadcrumb","itemListElement":[{"@type":"ListItem","position":1,"name":"Home","item":"https:\/\/www.koonings.com\/fr\/"},{"@type":"ListItem","position":2,"name":"Collection de mariages","item":"https:\/\/www.koonings.com\/fr\/collection-de-mariages\/"},{"@type":"ListItem","position":3,"name":"Invit\u00e9s et gala","item":"https:\/\/www.koonings.com\/fr\/collection-de-mariages\/invites-et-gala\/"},{"@type":"ListItem","position":4,"name":"Invit\u00e9s de mariage masculins"}]},{"@type":"WebSite","@id":"https:\/\/www.koonings.com\/fr\/#website","url":"https:\/\/www.koonings.com\/fr\/","name":"Koonings","description":"De grootste bruidsmodewinkel ter wereld","publisher":{"@id":"https:\/\/www.koonings.com\/fr\/#organization"},"potentialAction":[{"@type":"SearchAction","target":{"@type":"EntryPoint","urlTemplate":"https:\/\/www.koonings.com\/fr\/?s={search_term_string}"},"query-input":{"@type":"PropertyValueSpecification","valueRequired":true,"valueName":"search_term_string"}}],"inLanguage":"fr-FR"},{"@type":"Organization","@id":"https:\/\/www.koonings.com\/fr\/#organization","name":"Koonings","url":"https:\/\/www.koonings.com\/fr\/","logo":{"@type":"ImageObject","inLanguage":"fr-FR","@id":"https:\/\/www.koonings.com\/fr\/#\/schema\/logo\/image\/","url":"https:\/\/www.koonings.com\/wp-content\/uploads\/2024\/07\/logo.png","contentUrl":"https:\/\/www.koonings.com\/wp-content\/uploads\/2024\/07\/logo.png","width":600,"height":428,"caption":"Koonings"},"image":{"@id":"https:\/\/www.koonings.com\/fr\/#\/schema\/logo\/image\/"},"sameAs":["https:\/\/www.facebook.com\/kooningstheweddingpalace","https:\/\/www.instagram.com\/kooningstheweddingpalace","https:\/\/www.pinterest.com\/koonings","https:\/\/www.youtube.com\/kooningstheweddingpalace"]}]}},"_links":{"self":[{"href":"https:\/\/www.koonings.com\/fr\/wp-json\/wp\/v2\/pages\/16641","targetHints":{"allow":["GET"]}}],"collection":[{"href":"https:\/\/www.koonings.com\/fr\/wp-json\/wp\/v2\/pages"}],"about":[{"href":"https:\/\/www.koonings.com\/fr\/wp-json\/wp\/v2\/types\/page"}],"author":[{"embeddable":true,"href":"https:\/\/www.koonings.com\/fr\/wp-json\/wp\/v2\/users\/1"}],"replies":[{"embeddable":true,"href":"https:\/\/www.koonings.com\/fr\/wp-json\/wp\/v2\/comments?post=16641"}],"version-history":[{"count":2,"href":"https:\/\/www.koonings.com\/fr\/wp-json\/wp\/v2\/pages\/16641\/revisions"}],"predecessor-version":[{"id":98806,"href":"https:\/\/www.koonings.com\/fr\/wp-json\/wp\/v2\/pages\/16641\/revisions\/98806"}],"up":[{"embeddable":true,"href":"https:\/\/www.koonings.com\/fr\/wp-json\/wp\/v2\/pages\/16648"}],"wp:attachment":[{"href":"https:\/\/www.koonings.com\/fr\/wp-json\/wp\/v2\/media?parent=16641"}],"curies":[{"name":"wp","href":"https:\/\/api.w.org\/{rel}","templated":true}]}}