{"id":16622,"date":"2024-07-19T15:42:10","date_gmt":"2024-07-19T13:42:10","guid":{"rendered":"https:\/\/www.koonings.com\/a-propos-de-nous\/regarder-a-linterieur\/"},"modified":"2024-08-13T16:11:30","modified_gmt":"2024-08-13T14:11:30","slug":"regarder-a-linterieur","status":"publish","type":"page","link":"https:\/\/www.koonings.com\/fr\/a-propos-de-nous\/regarder-a-linterieur\/","title":{"rendered":"Regarder \u00e0 l&#8217;int\u00e9rieur"},"content":{"rendered":"\r\n\r\n<div class=\"eye-element fullwidth-row alignfull style-both bg--none  alignfull \" style=\" \">\r\n\r\n    <div class=\"container\">\r\n        <div class=\"row\">\r\n            <div class=\"col-12\">\r\n                <div class=\"acf-innerblocks-container\">\n\n<h1 class=\"wp-block-heading has-text-align-center\" id=\"binnenkijken-bij-koonings\">Regarder \u00e0 l&#8217;int\u00e9rieur de Koonings<\/h1>\n\n\n\n<p class=\"has-text-align-center\">D\u00e9couvrez le monde magique de la mode nuptiale chez Koonings.<\/p>\n\n\n\r\n<div class=\"eye-block empty-space empty-space--medium pt-md-4 pb-md-4 pt-3 pb-3\" ><\/div>\n\n\n<div class=\"ghostkit-grid ghostkit-grid-gap-md\"><div class=\"ghostkit-grid-inner\">\n<div class=\"ghostkit-col ghostkit-col-md-12 ghostkit-col-6\"><div class=\"ghostkit-col-content is-layout-flow wp-block-ghostkit-grid-column-is-layout-flow\">\n<figure class=\"wp-block-image size-large\"><a href=\"https:\/\/www.koonings.com\/album\/the-wedding-palace\/\"><img decoding=\"async\" width=\"1024\" height=\"575\" src=\"https:\/\/www.koonings.com\/wp-content\/uploads\/2024\/06\/palace-hero-screenshot-1024x575.png\" alt=\"Koonings Le Palais des Mariages Deurne\" class=\"wp-image-117\" style=\"aspect-ratio:16\/9;object-fit:cover\" srcset=\"https:\/\/www.koonings.com\/wp-content\/uploads\/2024\/06\/palace-hero-screenshot-1024x575.png 1024w, https:\/\/www.koonings.com\/wp-content\/uploads\/2024\/06\/palace-hero-screenshot-300x168.png 300w, https:\/\/www.koonings.com\/wp-content\/uploads\/2024\/06\/palace-hero-screenshot-768x431.png 768w, https:\/\/www.koonings.com\/wp-content\/uploads\/2024\/06\/palace-hero-screenshot-1536x862.png 1536w, https:\/\/www.koonings.com\/wp-content\/uploads\/2024\/06\/palace-hero-screenshot-2048x1149.png 2048w\" sizes=\"(max-width: 1024px) 100vw, 1024px\" \/><\/a><\/figure>\n\n\n\r\n<div class=\"eye-block empty-space empty-space--custom \" style=\"height: 1rem\"><\/div>\n\n\n<h2 class=\"wp-block-heading has-text-align-center\" id=\"the-wedding-palace-deurne\">Palais des mariages, Deurne<\/h2>\n\n\n\n<p class=\"has-text-align-center\">Apr\u00e8s une ouverture en fanfare en octobre 2018, Koonings The Wedding Palace peut se targuer d&#8217;\u00eatre la plus grande boutique de mariage au monde : une exp\u00e9rience de shopping tout-en-un de 11 000 m2.<\/p>\n\n\n\r\n<div class=\"eye-element bsbutton text-center \" >\r\n\t        <a class=\"btn btn-primary\" href=\"https:\/\/www.koonings.com\/fr\/?page_id=17967\"\r\n           target=\"\">Voir le palais nuptial<\/a>\r\n\t<\/div><\/div><\/div>\n\n\n\n<div class=\"ghostkit-col ghostkit-col-md-12 ghostkit-col-6\"><div class=\"ghostkit-col-content is-layout-flow wp-block-ghostkit-grid-column-is-layout-flow\">\n<figure class=\"wp-block-image size-large\"><a href=\"https:\/\/www.koonings.com\/album\/the-wedding-castle-valkenburg\/\"><img decoding=\"async\" width=\"1024\" height=\"575\" src=\"https:\/\/www.koonings.com\/wp-content\/uploads\/2024\/06\/KOO_Aad_Valkenburg-1024x575.jpeg\" alt=\"Koonings Le ch&#xE2;teau du mariage Valkenburg\" class=\"wp-image-850\" style=\"aspect-ratio:16\/9;object-fit:cover\" srcset=\"https:\/\/www.koonings.com\/wp-content\/uploads\/2024\/06\/KOO_Aad_Valkenburg-1024x575.jpeg 1024w, https:\/\/www.koonings.com\/wp-content\/uploads\/2024\/06\/KOO_Aad_Valkenburg-300x168.jpeg 300w, https:\/\/www.koonings.com\/wp-content\/uploads\/2024\/06\/KOO_Aad_Valkenburg-768x431.jpeg 768w, https:\/\/www.koonings.com\/wp-content\/uploads\/2024\/06\/KOO_Aad_Valkenburg-1536x862.jpeg 1536w, https:\/\/www.koonings.com\/wp-content\/uploads\/2024\/06\/KOO_Aad_Valkenburg.jpeg 1600w\" sizes=\"(max-width: 1024px) 100vw, 1024px\" \/><\/a><\/figure>\n\n\n\r\n<div class=\"eye-block empty-space empty-space--custom \" style=\"height: 1rem\"><\/div>\n\n\n<h2 class=\"wp-block-heading has-text-align-center\" id=\"the-wedding-palace-deurne\">Le ch\u00e2teau du mariage, Valkenburg<\/h2>\n\n\n\n<p class=\"has-text-align-center\">Avec une boutique de mariage, plusieurs restaurants, un h\u00f4tel avec suite nuptiale et un magnifique lieu de mariage avec salle de bal, nous cr\u00e9ons une exp\u00e9rience pour les mari\u00e9s, leur famille et leurs amis.<\/p>\n\n\n\r\n<div class=\"eye-element bsbutton text-center \" >\r\n\t        <a class=\"btn btn-primary\" href=\"https:\/\/www.koonings.com\/fr\/?page_id=17977\"\r\n           target=\"\">Voir le ch\u00e2teau de la mari\u00e9e<\/a>\r\n\t<\/div><\/div><\/div>\n<\/div><\/div>\n\n<\/div>\r\n            <\/div>\r\n        <\/div>\r\n    <\/div>\r\n\r\n<\/div>\r\n\r\n    \r\n\r\n<div class=\"eye-element fullwidth-row alignfull style-both bg--none  alignfull \" style=\" \">\r\n\r\n    <div class=\"container\">\r\n        <div class=\"row\">\r\n            <div class=\"col-12\">\r\n                <div class=\"acf-innerblocks-container\"><\/div>\r\n            <\/div>\r\n        <\/div>\r\n    <\/div>\r\n\r\n<\/div>\r\n\r\n    ","protected":false},"excerpt":{"rendered":"","protected":false},"author":1,"featured_media":0,"parent":16540,"menu_order":0,"comment_status":"closed","ping_status":"closed","template":"","meta":{"_acf_changed":false,"ghostkit_customizer_options":"","ghostkit_custom_css":"","ghostkit_custom_js_head":"","ghostkit_custom_js_foot":"","ghostkit_typography":"","footnotes":""},"class_list":["post-16622","page","type-page","status-publish","hentry"],"acf":[],"yoast_head":"<!-- This site is optimized with the Yoast SEO plugin v26.8 - https:\/\/yoast.com\/product\/yoast-seo-wordpress\/ -->\n<title>Regarder \u00e0 l&#039;int\u00e9rieur | Koonings<\/title>\n<meta name=\"robots\" content=\"index, follow, max-snippet:-1, max-image-preview:large, max-video-preview:-1\" \/>\n<link rel=\"canonical\" href=\"https:\/\/www.koonings.com\/fr\/a-propos-de-nous\/regarder-a-linterieur\/\" \/>\n<meta property=\"og:locale\" content=\"fr_FR\" \/>\n<meta property=\"og:type\" content=\"article\" \/>\n<meta property=\"og:title\" content=\"Regarder \u00e0 l&#039;int\u00e9rieur | Koonings\" \/>\n<meta property=\"og:url\" content=\"https:\/\/www.koonings.com\/fr\/a-propos-de-nous\/regarder-a-linterieur\/\" \/>\n<meta property=\"og:site_name\" content=\"Koonings\" \/>\n<meta property=\"article:publisher\" content=\"https:\/\/www.facebook.com\/kooningstheweddingpalace\" \/>\n<meta property=\"article:modified_time\" content=\"2024-08-13T14:11:30+00:00\" \/>\n<meta property=\"og:image\" content=\"https:\/\/www.koonings.com\/wp-content\/uploads\/2024\/06\/palace-hero-screenshot-1024x575.png\" \/>\n<meta name=\"twitter:card\" content=\"summary_large_image\" \/>\n<script type=\"application\/ld+json\" class=\"yoast-schema-graph\">{\"@context\":\"https:\/\/schema.org\",\"@graph\":[{\"@type\":\"WebPage\",\"@id\":\"https:\/\/www.koonings.com\/fr\/a-propos-de-nous\/regarder-a-linterieur\/\",\"url\":\"https:\/\/www.koonings.com\/fr\/a-propos-de-nous\/regarder-a-linterieur\/\",\"name\":\"Regarder \u00e0 l'int\u00e9rieur | Koonings\",\"isPartOf\":{\"@id\":\"https:\/\/www.koonings.com\/fr\/#website\"},\"primaryImageOfPage\":{\"@id\":\"https:\/\/www.koonings.com\/fr\/a-propos-de-nous\/regarder-a-linterieur\/#primaryimage\"},\"image\":{\"@id\":\"https:\/\/www.koonings.com\/fr\/a-propos-de-nous\/regarder-a-linterieur\/#primaryimage\"},\"thumbnailUrl\":\"https:\/\/www.koonings.com\/wp-content\/uploads\/2024\/06\/palace-hero-screenshot-1024x575.png\",\"datePublished\":\"2024-07-19T13:42:10+00:00\",\"dateModified\":\"2024-08-13T14:11:30+00:00\",\"breadcrumb\":{\"@id\":\"https:\/\/www.koonings.com\/fr\/a-propos-de-nous\/regarder-a-linterieur\/#breadcrumb\"},\"inLanguage\":\"fr-FR\",\"potentialAction\":[{\"@type\":\"ReadAction\",\"target\":[\"https:\/\/www.koonings.com\/fr\/a-propos-de-nous\/regarder-a-linterieur\/\"]}]},{\"@type\":\"ImageObject\",\"inLanguage\":\"fr-FR\",\"@id\":\"https:\/\/www.koonings.com\/fr\/a-propos-de-nous\/regarder-a-linterieur\/#primaryimage\",\"url\":\"https:\/\/www.koonings.com\/wp-content\/uploads\/2024\/06\/palace-hero-screenshot-1024x575.png\",\"contentUrl\":\"https:\/\/www.koonings.com\/wp-content\/uploads\/2024\/06\/palace-hero-screenshot-1024x575.png\"},{\"@type\":\"BreadcrumbList\",\"@id\":\"https:\/\/www.koonings.com\/fr\/a-propos-de-nous\/regarder-a-linterieur\/#breadcrumb\",\"itemListElement\":[{\"@type\":\"ListItem\",\"position\":1,\"name\":\"Home\",\"item\":\"https:\/\/www.koonings.com\/fr\/\"},{\"@type\":\"ListItem\",\"position\":2,\"name\":\"A propos de nous\",\"item\":\"https:\/\/www.koonings.com\/fr\/a-propos-de-nous\/\"},{\"@type\":\"ListItem\",\"position\":3,\"name\":\"Regarder \u00e0 l&#8217;int\u00e9rieur\"}]},{\"@type\":\"WebSite\",\"@id\":\"https:\/\/www.koonings.com\/fr\/#website\",\"url\":\"https:\/\/www.koonings.com\/fr\/\",\"name\":\"Koonings\",\"description\":\"De grootste bruidsmodewinkel ter wereld\",\"publisher\":{\"@id\":\"https:\/\/www.koonings.com\/fr\/#organization\"},\"potentialAction\":[{\"@type\":\"SearchAction\",\"target\":{\"@type\":\"EntryPoint\",\"urlTemplate\":\"https:\/\/www.koonings.com\/fr\/?s={search_term_string}\"},\"query-input\":{\"@type\":\"PropertyValueSpecification\",\"valueRequired\":true,\"valueName\":\"search_term_string\"}}],\"inLanguage\":\"fr-FR\"},{\"@type\":\"Organization\",\"@id\":\"https:\/\/www.koonings.com\/fr\/#organization\",\"name\":\"Koonings\",\"url\":\"https:\/\/www.koonings.com\/fr\/\",\"logo\":{\"@type\":\"ImageObject\",\"inLanguage\":\"fr-FR\",\"@id\":\"https:\/\/www.koonings.com\/fr\/#\/schema\/logo\/image\/\",\"url\":\"https:\/\/www.koonings.com\/wp-content\/uploads\/2024\/07\/logo.png\",\"contentUrl\":\"https:\/\/www.koonings.com\/wp-content\/uploads\/2024\/07\/logo.png\",\"width\":600,\"height\":428,\"caption\":\"Koonings\"},\"image\":{\"@id\":\"https:\/\/www.koonings.com\/fr\/#\/schema\/logo\/image\/\"},\"sameAs\":[\"https:\/\/www.facebook.com\/kooningstheweddingpalace\",\"https:\/\/www.instagram.com\/kooningstheweddingpalace\",\"https:\/\/www.pinterest.com\/koonings\",\"https:\/\/www.youtube.com\/kooningstheweddingpalace\"]}]}<\/script>\n<!-- \/ Yoast SEO plugin. -->","yoast_head_json":{"title":"Regarder \u00e0 l'int\u00e9rieur | Koonings","robots":{"index":"index","follow":"follow","max-snippet":"max-snippet:-1","max-image-preview":"max-image-preview:large","max-video-preview":"max-video-preview:-1"},"canonical":"https:\/\/www.koonings.com\/fr\/a-propos-de-nous\/regarder-a-linterieur\/","og_locale":"fr_FR","og_type":"article","og_title":"Regarder \u00e0 l'int\u00e9rieur | Koonings","og_url":"https:\/\/www.koonings.com\/fr\/a-propos-de-nous\/regarder-a-linterieur\/","og_site_name":"Koonings","article_publisher":"https:\/\/www.facebook.com\/kooningstheweddingpalace","article_modified_time":"2024-08-13T14:11:30+00:00","og_image":[{"url":"https:\/\/www.koonings.com\/wp-content\/uploads\/2024\/06\/palace-hero-screenshot-1024x575.png","type":"","width":"","height":""}],"twitter_card":"summary_large_image","schema":{"@context":"https:\/\/schema.org","@graph":[{"@type":"WebPage","@id":"https:\/\/www.koonings.com\/fr\/a-propos-de-nous\/regarder-a-linterieur\/","url":"https:\/\/www.koonings.com\/fr\/a-propos-de-nous\/regarder-a-linterieur\/","name":"Regarder \u00e0 l'int\u00e9rieur | Koonings","isPartOf":{"@id":"https:\/\/www.koonings.com\/fr\/#website"},"primaryImageOfPage":{"@id":"https:\/\/www.koonings.com\/fr\/a-propos-de-nous\/regarder-a-linterieur\/#primaryimage"},"image":{"@id":"https:\/\/www.koonings.com\/fr\/a-propos-de-nous\/regarder-a-linterieur\/#primaryimage"},"thumbnailUrl":"https:\/\/www.koonings.com\/wp-content\/uploads\/2024\/06\/palace-hero-screenshot-1024x575.png","datePublished":"2024-07-19T13:42:10+00:00","dateModified":"2024-08-13T14:11:30+00:00","breadcrumb":{"@id":"https:\/\/www.koonings.com\/fr\/a-propos-de-nous\/regarder-a-linterieur\/#breadcrumb"},"inLanguage":"fr-FR","potentialAction":[{"@type":"ReadAction","target":["https:\/\/www.koonings.com\/fr\/a-propos-de-nous\/regarder-a-linterieur\/"]}]},{"@type":"ImageObject","inLanguage":"fr-FR","@id":"https:\/\/www.koonings.com\/fr\/a-propos-de-nous\/regarder-a-linterieur\/#primaryimage","url":"https:\/\/www.koonings.com\/wp-content\/uploads\/2024\/06\/palace-hero-screenshot-1024x575.png","contentUrl":"https:\/\/www.koonings.com\/wp-content\/uploads\/2024\/06\/palace-hero-screenshot-1024x575.png"},{"@type":"BreadcrumbList","@id":"https:\/\/www.koonings.com\/fr\/a-propos-de-nous\/regarder-a-linterieur\/#breadcrumb","itemListElement":[{"@type":"ListItem","position":1,"name":"Home","item":"https:\/\/www.koonings.com\/fr\/"},{"@type":"ListItem","position":2,"name":"A propos de nous","item":"https:\/\/www.koonings.com\/fr\/a-propos-de-nous\/"},{"@type":"ListItem","position":3,"name":"Regarder \u00e0 l&#8217;int\u00e9rieur"}]},{"@type":"WebSite","@id":"https:\/\/www.koonings.com\/fr\/#website","url":"https:\/\/www.koonings.com\/fr\/","name":"Koonings","description":"De grootste bruidsmodewinkel ter wereld","publisher":{"@id":"https:\/\/www.koonings.com\/fr\/#organization"},"potentialAction":[{"@type":"SearchAction","target":{"@type":"EntryPoint","urlTemplate":"https:\/\/www.koonings.com\/fr\/?s={search_term_string}"},"query-input":{"@type":"PropertyValueSpecification","valueRequired":true,"valueName":"search_term_string"}}],"inLanguage":"fr-FR"},{"@type":"Organization","@id":"https:\/\/www.koonings.com\/fr\/#organization","name":"Koonings","url":"https:\/\/www.koonings.com\/fr\/","logo":{"@type":"ImageObject","inLanguage":"fr-FR","@id":"https:\/\/www.koonings.com\/fr\/#\/schema\/logo\/image\/","url":"https:\/\/www.koonings.com\/wp-content\/uploads\/2024\/07\/logo.png","contentUrl":"https:\/\/www.koonings.com\/wp-content\/uploads\/2024\/07\/logo.png","width":600,"height":428,"caption":"Koonings"},"image":{"@id":"https:\/\/www.koonings.com\/fr\/#\/schema\/logo\/image\/"},"sameAs":["https:\/\/www.facebook.com\/kooningstheweddingpalace","https:\/\/www.instagram.com\/kooningstheweddingpalace","https:\/\/www.pinterest.com\/koonings","https:\/\/www.youtube.com\/kooningstheweddingpalace"]}]}},"_links":{"self":[{"href":"https:\/\/www.koonings.com\/fr\/wp-json\/wp\/v2\/pages\/16622","targetHints":{"allow":["GET"]}}],"collection":[{"href":"https:\/\/www.koonings.com\/fr\/wp-json\/wp\/v2\/pages"}],"about":[{"href":"https:\/\/www.koonings.com\/fr\/wp-json\/wp\/v2\/types\/page"}],"author":[{"embeddable":true,"href":"https:\/\/www.koonings.com\/fr\/wp-json\/wp\/v2\/users\/1"}],"replies":[{"embeddable":true,"href":"https:\/\/www.koonings.com\/fr\/wp-json\/wp\/v2\/comments?post=16622"}],"version-history":[{"count":2,"href":"https:\/\/www.koonings.com\/fr\/wp-json\/wp\/v2\/pages\/16622\/revisions"}],"predecessor-version":[{"id":17979,"href":"https:\/\/www.koonings.com\/fr\/wp-json\/wp\/v2\/pages\/16622\/revisions\/17979"}],"up":[{"embeddable":true,"href":"https:\/\/www.koonings.com\/fr\/wp-json\/wp\/v2\/pages\/16540"}],"wp:attachment":[{"href":"https:\/\/www.koonings.com\/fr\/wp-json\/wp\/v2\/media?parent=16622"}],"curies":[{"name":"wp","href":"https:\/\/api.w.org\/{rel}","templated":true}]}}