{"id":16613,"date":"2024-07-11T10:53:20","date_gmt":"2024-07-11T08:53:20","guid":{"rendered":"https:\/\/www.koonings.com\/deurne\/salles-dexposition\/coccinelle\/"},"modified":"2024-08-15T09:46:00","modified_gmt":"2024-08-15T07:46:00","slug":"coccinelle","status":"publish","type":"page","link":"https:\/\/www.koonings.com\/fr\/deurne\/salles-dexposition\/coccinelle\/","title":{"rendered":"Coccinelle"},"content":{"rendered":"\r\n\r\n<div class=\"eye-element fullwidth-row alignfull faux-bg--none style-right  alignfull \" style=\"\">\r\n<div class=\"bg bg--none\" style=\"\"><\/div>\r\n\r\n    <div class=\"container\">\r\n        <div class=\"row\">\r\n            <div class=\"col-12\">\r\n                <div class=\"acf-innerblocks-container\">\n\n<div class=\"ghostkit-grid ghostkit-grid-gap-md ghostkit-grid-align-items-center\"><div class=\"ghostkit-grid-inner\">\n<div class=\"ghostkit-col ghostkit-col-md-12 ghostkit-col-6\"><div class=\"ghostkit-col-content is-layout-flow wp-block-ghostkit-grid-column-is-layout-flow\">\r\n<div class=\"eye-element images style-default variant-2 single-image\">\r\n\r\n\t        <div class=\"composition\">\r\n\t\t\t\r\n            <div class=\"swiper images-swiper\">\r\n\r\n\t\t\t\t\r\n                <div class=\"swiper-wrapper\">\r\n\t\t\t\t\t                        <li class=\"swiper-slide\">\r\n                            <img decoding=\"async\" class=\" img-fluid\" src=\"https:\/\/www.koonings.com\/wp-content\/uploads\/2024\/07\/ladybird_3.jpg-1024x512.webp\" srcset=\"https:\/\/www.koonings.com\/wp-content\/uploads\/2024\/07\/ladybird_3.jpg.webp\" alt=\"Koonings Ladybird Showroom\">\r\n                        <\/li>\r\n\t\t\t\t\t                <\/div>\r\n\r\n                <div class=\"swiper-pagination\"><\/div>\r\n\r\n                <div class=\"swiper-button-prev\"><\/div>\r\n                <div class=\"swiper-button-next\"><\/div>\r\n\r\n            <\/div>\r\n\r\n        <\/div>\r\n\t\r\n\t<\/div><\/div><\/div>\n\n\n\n<div class=\"ghostkit-col ghostkit-col-md-12 ghostkit-col-6\"><div class=\"ghostkit-col-content is-layout-flow wp-block-ghostkit-grid-column-is-layout-flow\">\n<h1 class=\"wp-block-heading\" id=\"ladybird\">Coccinelle<\/h1>\n\n\n\n<h3 class=\"wp-block-heading\" id=\"showroom-binnen-koonings\">Salle d&#8217;exposition au sein de Koonings<\/h3>\n\n\n\n<p>Des robes de mari\u00e9e accessibles \u00e0 toutes les femmes.\nDe la simplicit\u00e9 au romantisme, Ladybird propose une gamme vari\u00e9e de robes de mari\u00e9e. <\/p>\n<\/div><\/div>\n<\/div><\/div>\n\n<\/div>\r\n            <\/div>\r\n        <\/div>\r\n    <\/div>\r\n\r\n<\/div>\r\n\r\n    \r\n\r\n<div class=\"eye-element fullwidth-row alignfull faux-bg--lightgray style-left  alignfull \" style=\"\">\r\n<div class=\"bg bg--lightgray\" style=\"\"><\/div>\r\n\r\n    <div class=\"container\">\r\n        <div class=\"row\">\r\n            <div class=\"col-12\">\r\n                <div class=\"acf-innerblocks-container\">\n\n<div class=\"ghostkit-grid ghostkit-grid-gap-md ghostkit-grid-align-items-center\"><div class=\"ghostkit-grid-inner\">\n<div class=\"ghostkit-col ghostkit-col-md-12 ghostkit-col-6 ghostkit-col-align-self-center\"><div class=\"ghostkit-col-content is-layout-flow wp-block-ghostkit-grid-column-is-layout-flow\">\n<h2 class=\"wp-block-heading\" id=\"kwaliteit-van-nederlandse-bodem\">La qualit\u00e9 du sol n\u00e9erlandais<\/h2>\n\n\n\n<p>Ladybird est une marque de mode nuptiale d&#8217;origine n\u00e9erlandaise qui dispose de son propre d\u00e9partement au sein de Koonings.\nLes collections sont propos\u00e9es \u00e0 des prix attrayants et sont de grande qualit\u00e9.\nDans une gamme polyvalente, vous pouvez choisir la robe de vos r\u00eaves en tant que jeune mari\u00e9e.  <\/p>\n<\/div><\/div>\n\n\n\n<div class=\"ghostkit-col ghostkit-col-md-12 ghostkit-col-6\"><div class=\"ghostkit-col-content is-layout-flow wp-block-ghostkit-grid-column-is-layout-flow\">\r\n<div class=\"eye-element images style-default variant-1 multi-image\">\r\n\r\n\t        <div class=\"composition\">\r\n\t\t\t                <div class=\"image-0\">\r\n                    <img decoding=\"async\" class=\"img-fluid\" src=\"https:\/\/www.koonings.com\/wp-content\/uploads\/2024\/07\/Ladybird_1-300x240.png\" srcset=\"https:\/\/www.koonings.com\/wp-content\/uploads\/2024\/07\/Ladybird_1-300x240.png 300w, https:\/\/www.koonings.com\/wp-content\/uploads\/2024\/07\/Ladybird_1.png 642w\" alt=\"Koonings Ladybird Showroom\">\r\n                <\/div>\r\n\t\t\t\r\n            <div class=\"swiper images-swiper\">\r\n\r\n\t\t\t\t\r\n                <div class=\"swiper-wrapper\">\r\n\t\t\t\t\t                        <li class=\"swiper-slide\">\r\n                            <img decoding=\"async\" class=\" img-fluid\" src=\"https:\/\/www.koonings.com\/wp-content\/uploads\/2024\/07\/Ladybird_2.png\" srcset=\"https:\/\/www.koonings.com\/wp-content\/uploads\/2024\/07\/Ladybird_2.png\" alt=\"Koonings Ladybird Showroom\">\r\n                        <\/li>\r\n\t\t\t\t\t                <\/div>\r\n\r\n                <div class=\"swiper-pagination\"><\/div>\r\n\r\n                <div class=\"swiper-button-prev\"><\/div>\r\n                <div class=\"swiper-button-next\"><\/div>\r\n\r\n            <\/div>\r\n\r\n        <\/div>\r\n\t\r\n\t<\/div><\/div><\/div>\n<\/div><\/div>\n\n<\/div>\r\n            <\/div>\r\n        <\/div>\r\n    <\/div>\r\n\r\n<\/div>\r\n\r\n    \r\n\r\n<div class=\"eye-element fullwidth-row alignfull style-both bg--white  alignfull \" style=\" \">\r\n\r\n    <div class=\"container\">\r\n        <div class=\"row\">\r\n            <div class=\"col-12\">\r\n                <div class=\"acf-innerblocks-container\">\n\n<div class=\"ghostkit-grid ghostkit-grid-gap-md\"><div class=\"ghostkit-grid-inner\">\n<div class=\"ghostkit-col ghostkit-col-lg-12 ghostkit-col-4\"><div class=\"ghostkit-col-content is-layout-flow wp-block-ghostkit-grid-column-is-layout-flow\">\n<figure class=\"wp-block-image size-large\"><img decoding=\"async\" width=\"768\" height=\"1024\" src=\"https:\/\/www.koonings.com\/wp-content\/uploads\/2024\/07\/Ladybird_3-768x1024.webp\" alt=\"Salle d'exposition Koonings Ladybird\" class=\"wp-image-1909\" style=\"aspect-ratio:3\/4;object-fit:cover\" srcset=\"https:\/\/www.koonings.com\/wp-content\/uploads\/2024\/07\/Ladybird_3-768x1024.webp 768w, https:\/\/www.koonings.com\/wp-content\/uploads\/2024\/07\/Ladybird_3-225x300.webp 225w, https:\/\/www.koonings.com\/wp-content\/uploads\/2024\/07\/Ladybird_3.webp 975w\" sizes=\"(max-width: 768px) 100vw, 768px\" \/><\/figure>\n<\/div><\/div>\n\n\n\n<div class=\"ghostkit-col ghostkit-col-lg-12 ghostkit-col-4\"><div class=\"ghostkit-col-content is-layout-flow wp-block-ghostkit-grid-column-is-layout-flow\">\n<figure class=\"wp-block-image size-large\"><img decoding=\"async\" width=\"768\" height=\"1024\" src=\"https:\/\/www.koonings.com\/wp-content\/uploads\/2024\/07\/Ladybird_4-768x1024.webp\" alt=\"Salle d'exposition Koonings Ladybird\" class=\"wp-image-1913\" style=\"aspect-ratio:3\/4;object-fit:cover\" srcset=\"https:\/\/www.koonings.com\/wp-content\/uploads\/2024\/07\/Ladybird_4-768x1024.webp 768w, https:\/\/www.koonings.com\/wp-content\/uploads\/2024\/07\/Ladybird_4-225x300.webp 225w, https:\/\/www.koonings.com\/wp-content\/uploads\/2024\/07\/Ladybird_4.webp 975w\" sizes=\"(max-width: 768px) 100vw, 768px\" \/><\/figure>\n<\/div><\/div>\n\n\n\n<div class=\"ghostkit-col ghostkit-col-lg-12 ghostkit-col-4\"><div class=\"ghostkit-col-content is-layout-flow wp-block-ghostkit-grid-column-is-layout-flow\">\n<figure class=\"wp-block-image size-large\"><img decoding=\"async\" width=\"768\" height=\"1024\" src=\"https:\/\/www.koonings.com\/wp-content\/uploads\/2024\/07\/Ladybird_5-768x1024.webp\" alt=\"Salle d'exposition Koonings Ladybird\" class=\"wp-image-1917\" style=\"aspect-ratio:3\/4;object-fit:cover\" srcset=\"https:\/\/www.koonings.com\/wp-content\/uploads\/2024\/07\/Ladybird_5-768x1024.webp 768w, https:\/\/www.koonings.com\/wp-content\/uploads\/2024\/07\/Ladybird_5-225x300.webp 225w, https:\/\/www.koonings.com\/wp-content\/uploads\/2024\/07\/Ladybird_5.webp 975w\" sizes=\"(max-width: 768px) 100vw, 768px\" \/><\/figure>\n<\/div><\/div>\n<\/div><\/div>\n\n<\/div>\r\n            <\/div>\r\n        <\/div>\r\n    <\/div>\r\n\r\n<\/div>\r\n\r\n    \r\n\r\n<div class=\"eye-element fullwidth-row alignfull faux-bg--lightgray style-right  alignfull \" style=\"\">\r\n<div class=\"bg bg--lightgray\" style=\"\"><\/div>\r\n\r\n    <div class=\"container\">\r\n        <div class=\"row\">\r\n            <div class=\"col-12\">\r\n                <div class=\"acf-innerblocks-container\">\n\n<div class=\"ghostkit-grid ghostkit-grid-gap-md ghostkit-grid-align-items-center\"><div class=\"ghostkit-grid-inner\">\n<div class=\"ghostkit-col ghostkit-col-md-12 ghostkit-col-6\"><div class=\"ghostkit-col-content is-layout-flow wp-block-ghostkit-grid-column-is-layout-flow\">\r\n<div class=\"eye-element images style-default variant-2 single-image\">\r\n\r\n\t        <div class=\"composition\">\r\n\t\t\t\r\n            <div class=\"swiper images-swiper\">\r\n\r\n\t\t\t\t\r\n                <div class=\"swiper-wrapper\">\r\n\t\t\t\t\t                        <li class=\"swiper-slide\">\r\n                            <img decoding=\"async\" class=\" img-fluid\" src=\"https:\/\/www.koonings.com\/wp-content\/uploads\/2024\/07\/ladybird_3.jpg-1024x512.webp\" srcset=\"https:\/\/www.koonings.com\/wp-content\/uploads\/2024\/07\/ladybird_3.jpg.webp\" alt=\"Koonings Ladybird Showroom\">\r\n                        <\/li>\r\n\t\t\t\t\t                <\/div>\r\n\r\n                <div class=\"swiper-pagination\"><\/div>\r\n\r\n                <div class=\"swiper-button-prev\"><\/div>\r\n                <div class=\"swiper-button-next\"><\/div>\r\n\r\n            <\/div>\r\n\r\n        <\/div>\r\n\t\r\n\t<\/div><\/div><\/div>\n\n\n\n<div class=\"ghostkit-col ghostkit-col-md-12 ghostkit-col-6\"><div class=\"ghostkit-col-content is-layout-flow wp-block-ghostkit-grid-column-is-layout-flow\">\n<h2 class=\"wp-block-heading\" id=\"lucky-in-love\">La chance en amour<\/h2>\n\n\n\n<p>Cet espace fleuri respire le romantisme.\nLa couleur rose tendre se refl\u00e8te dans l&#8217;int\u00e9rieur, dans les fleurs et dans l&#8217;<em>\u00e9l\u00e9ment qui attire le regard<\/em>: le belv\u00e9d\u00e8re.\nC&#8217;est aussi l&#8217;endroit id\u00e9al pour prendre une belle photo de vous et de votre robe de mari\u00e9e !  <\/p>\n<\/div><\/div>\n<\/div><\/div>\n\n<\/div>\r\n            <\/div>\r\n        <\/div>\r\n    <\/div>\r\n\r\n<\/div>\r\n\r\n    \r\n\r\n<div class=\"eye-element fullwidth-row alignfull style-both bg--white  alignfull \" style=\" \">\r\n\r\n    <div class=\"container\">\r\n        <div class=\"row\">\r\n            <div class=\"col-12\">\r\n                <div class=\"acf-innerblocks-container\">\n\n<div class=\"ghostkit-grid ghostkit-grid-gap-md\"><div class=\"ghostkit-grid-inner\">\n<div class=\"ghostkit-col ghostkit-col-lg-12 ghostkit-col-4\"><div class=\"ghostkit-col-content is-layout-flow wp-block-ghostkit-grid-column-is-layout-flow\">\n<figure class=\"wp-block-image size-large\"><img decoding=\"async\" width=\"724\" height=\"1024\" src=\"https:\/\/www.koonings.com\/wp-content\/uploads\/2024\/07\/koonings-trouwjurk-ladybird-522021-bruidsmode-a_0.jpg-724x1024.webp\" alt=\"coonings 424242\" class=\"wp-image-1927\" style=\"aspect-ratio:3\/4;object-fit:cover\" srcset=\"https:\/\/www.koonings.com\/wp-content\/uploads\/2024\/07\/koonings-trouwjurk-ladybird-522021-bruidsmode-a_0.jpg-724x1024.webp 724w, https:\/\/www.koonings.com\/wp-content\/uploads\/2024\/07\/koonings-trouwjurk-ladybird-522021-bruidsmode-a_0.jpg-212x300.webp 212w, https:\/\/www.koonings.com\/wp-content\/uploads\/2024\/07\/koonings-trouwjurk-ladybird-522021-bruidsmode-a_0.jpg-768x1086.webp 768w, https:\/\/www.koonings.com\/wp-content\/uploads\/2024\/07\/koonings-trouwjurk-ladybird-522021-bruidsmode-a_0.jpg.webp 919w\" sizes=\"(max-width: 724px) 100vw, 724px\" \/><\/figure>\n<\/div><\/div>\n\n\n\n<div class=\"ghostkit-col ghostkit-col-lg-12 ghostkit-col-4\"><div class=\"ghostkit-col-content is-layout-flow wp-block-ghostkit-grid-column-is-layout-flow\">\n<figure class=\"wp-block-image size-large\"><img decoding=\"async\" width=\"724\" height=\"1024\" src=\"https:\/\/www.koonings.com\/wp-content\/uploads\/2024\/07\/koonings-trouwjurk-ladybird-eva-plus-size-mimas-bruidsmode-a.jpg-724x1024.webp\" alt=\"Koonings robe de mari&#xE9;e Ladybird Eva plus size Mimas\" class=\"wp-image-1931\" style=\"aspect-ratio:3\/4;object-fit:cover\" srcset=\"https:\/\/www.koonings.com\/wp-content\/uploads\/2024\/07\/koonings-trouwjurk-ladybird-eva-plus-size-mimas-bruidsmode-a.jpg-724x1024.webp 724w, https:\/\/www.koonings.com\/wp-content\/uploads\/2024\/07\/koonings-trouwjurk-ladybird-eva-plus-size-mimas-bruidsmode-a.jpg-212x300.webp 212w, https:\/\/www.koonings.com\/wp-content\/uploads\/2024\/07\/koonings-trouwjurk-ladybird-eva-plus-size-mimas-bruidsmode-a.jpg-768x1086.webp 768w, https:\/\/www.koonings.com\/wp-content\/uploads\/2024\/07\/koonings-trouwjurk-ladybird-eva-plus-size-mimas-bruidsmode-a.jpg.webp 919w\" sizes=\"(max-width: 724px) 100vw, 724px\" \/><\/figure>\n<\/div><\/div>\n\n\n\n<div class=\"ghostkit-col ghostkit-col-lg-12 ghostkit-col-4\"><div class=\"ghostkit-col-content is-layout-flow wp-block-ghostkit-grid-column-is-layout-flow\">\n<figure class=\"wp-block-image size-large\"><img decoding=\"async\" width=\"724\" height=\"1024\" src=\"https:\/\/www.koonings.com\/wp-content\/uploads\/2024\/07\/koonings-trouwjurk-ladybird-eva-plus-size-althea-bruidsmode-a_0.jpg-724x1024.webp\" alt=\"Koonings Robe de mari&#xE9;e Coccinelle Eva plus taille Althea\" class=\"wp-image-1935\" style=\"aspect-ratio:3\/4;object-fit:cover\" srcset=\"https:\/\/www.koonings.com\/wp-content\/uploads\/2024\/07\/koonings-trouwjurk-ladybird-eva-plus-size-althea-bruidsmode-a_0.jpg-724x1024.webp 724w, https:\/\/www.koonings.com\/wp-content\/uploads\/2024\/07\/koonings-trouwjurk-ladybird-eva-plus-size-althea-bruidsmode-a_0.jpg-212x300.webp 212w, https:\/\/www.koonings.com\/wp-content\/uploads\/2024\/07\/koonings-trouwjurk-ladybird-eva-plus-size-althea-bruidsmode-a_0.jpg-768x1086.webp 768w, https:\/\/www.koonings.com\/wp-content\/uploads\/2024\/07\/koonings-trouwjurk-ladybird-eva-plus-size-althea-bruidsmode-a_0.jpg.webp 919w\" sizes=\"(max-width: 724px) 100vw, 724px\" \/><\/figure>\n<\/div><\/div>\n<\/div><\/div>\n\n<\/div>\r\n            <\/div>\r\n        <\/div>\r\n    <\/div>\r\n\r\n<\/div>\r\n\r\n    \r\n\r\n<div class=\"eye-element fullwidth-row alignfull style-both bg--none  alignfull \" style=\" \">\r\n\r\n    <div class=\"container\">\r\n        <div class=\"row\">\r\n            <div class=\"col-12\">\r\n                <div class=\"acf-innerblocks-container\">\n\n<h2 class=\"wp-block-heading has-text-align-center\" id=\"ben-jij-een-ladybird-bruid\">\u00cates-vous une mari\u00e9e coccinelle ?<\/h2>\n\n\n\r\n<div class=\"eye-element bsbutton text-center \" >\r\n\t        <a class=\"btn btn-primary\" href=\"https:\/\/www.koonings.com\/fr\/mariee\/robes-de-mariee\/\"\r\n           target=\"\">Voir la collection Ladybird<\/a>\r\n\t<\/div>\n<\/div>\r\n            <\/div>\r\n        <\/div>\r\n    <\/div>\r\n\r\n<\/div>\r\n\r\n    ","protected":false},"excerpt":{"rendered":"","protected":false},"author":1,"featured_media":0,"parent":16609,"menu_order":0,"comment_status":"closed","ping_status":"closed","template":"","meta":{"_acf_changed":false,"ghostkit_customizer_options":"","ghostkit_custom_css":"","ghostkit_custom_js_head":"","ghostkit_custom_js_foot":"","ghostkit_typography":"","footnotes":""},"class_list":["post-16613","page","type-page","status-publish","hentry"],"acf":[],"yoast_head":"<!-- This site is optimized with the Yoast SEO plugin v26.8 - https:\/\/yoast.com\/product\/yoast-seo-wordpress\/ -->\n<title>Coccinelle | Koonings<\/title>\n<meta name=\"robots\" content=\"index, follow, max-snippet:-1, max-image-preview:large, max-video-preview:-1\" \/>\n<link rel=\"canonical\" href=\"https:\/\/www.koonings.com\/fr\/deurne\/salles-dexposition\/coccinelle\/\" \/>\n<meta property=\"og:locale\" content=\"fr_FR\" \/>\n<meta property=\"og:type\" content=\"article\" \/>\n<meta property=\"og:title\" content=\"Coccinelle | Koonings\" \/>\n<meta property=\"og:url\" content=\"https:\/\/www.koonings.com\/fr\/deurne\/salles-dexposition\/coccinelle\/\" \/>\n<meta property=\"og:site_name\" content=\"Koonings\" \/>\n<meta property=\"article:publisher\" content=\"https:\/\/www.facebook.com\/kooningstheweddingpalace\" \/>\n<meta property=\"article:modified_time\" content=\"2024-08-15T07:46:00+00:00\" \/>\n<meta property=\"og:image\" content=\"https:\/\/www.koonings.com\/wp-content\/uploads\/2024\/07\/Ladybird_3-768x1024.webp\" \/>\n<meta name=\"twitter:card\" content=\"summary_large_image\" \/>\n<meta name=\"twitter:label1\" content=\"Dur\u00e9e de lecture estim\u00e9e\" \/>\n\t<meta name=\"twitter:data1\" content=\"1 minute\" \/>\n<script type=\"application\/ld+json\" class=\"yoast-schema-graph\">{\"@context\":\"https:\/\/schema.org\",\"@graph\":[{\"@type\":\"WebPage\",\"@id\":\"https:\/\/www.koonings.com\/fr\/deurne\/salles-dexposition\/coccinelle\/\",\"url\":\"https:\/\/www.koonings.com\/fr\/deurne\/salles-dexposition\/coccinelle\/\",\"name\":\"Coccinelle | Koonings\",\"isPartOf\":{\"@id\":\"https:\/\/www.koonings.com\/fr\/#website\"},\"primaryImageOfPage\":{\"@id\":\"https:\/\/www.koonings.com\/fr\/deurne\/salles-dexposition\/coccinelle\/#primaryimage\"},\"image\":{\"@id\":\"https:\/\/www.koonings.com\/fr\/deurne\/salles-dexposition\/coccinelle\/#primaryimage\"},\"thumbnailUrl\":\"https:\/\/www.koonings.com\/wp-content\/uploads\/2024\/07\/Ladybird_3-768x1024.webp\",\"datePublished\":\"2024-07-11T08:53:20+00:00\",\"dateModified\":\"2024-08-15T07:46:00+00:00\",\"breadcrumb\":{\"@id\":\"https:\/\/www.koonings.com\/fr\/deurne\/salles-dexposition\/coccinelle\/#breadcrumb\"},\"inLanguage\":\"fr-FR\",\"potentialAction\":[{\"@type\":\"ReadAction\",\"target\":[\"https:\/\/www.koonings.com\/fr\/deurne\/salles-dexposition\/coccinelle\/\"]}]},{\"@type\":\"ImageObject\",\"inLanguage\":\"fr-FR\",\"@id\":\"https:\/\/www.koonings.com\/fr\/deurne\/salles-dexposition\/coccinelle\/#primaryimage\",\"url\":\"https:\/\/www.koonings.com\/wp-content\/uploads\/2024\/07\/Ladybird_3-768x1024.webp\",\"contentUrl\":\"https:\/\/www.koonings.com\/wp-content\/uploads\/2024\/07\/Ladybird_3-768x1024.webp\"},{\"@type\":\"BreadcrumbList\",\"@id\":\"https:\/\/www.koonings.com\/fr\/deurne\/salles-dexposition\/coccinelle\/#breadcrumb\",\"itemListElement\":[{\"@type\":\"ListItem\",\"position\":1,\"name\":\"Home\",\"item\":\"https:\/\/www.koonings.com\/fr\/\"},{\"@type\":\"ListItem\",\"position\":2,\"name\":\"Deurne\",\"item\":\"https:\/\/www.koonings.com\/fr\/deurne\/\"},{\"@type\":\"ListItem\",\"position\":3,\"name\":\"Salles d&rsquo;exposition\",\"item\":\"https:\/\/www.koonings.com\/fr\/deurne\/salles-dexposition\/\"},{\"@type\":\"ListItem\",\"position\":4,\"name\":\"Coccinelle\"}]},{\"@type\":\"WebSite\",\"@id\":\"https:\/\/www.koonings.com\/fr\/#website\",\"url\":\"https:\/\/www.koonings.com\/fr\/\",\"name\":\"Koonings\",\"description\":\"De grootste bruidsmodewinkel ter wereld\",\"publisher\":{\"@id\":\"https:\/\/www.koonings.com\/fr\/#organization\"},\"potentialAction\":[{\"@type\":\"SearchAction\",\"target\":{\"@type\":\"EntryPoint\",\"urlTemplate\":\"https:\/\/www.koonings.com\/fr\/?s={search_term_string}\"},\"query-input\":{\"@type\":\"PropertyValueSpecification\",\"valueRequired\":true,\"valueName\":\"search_term_string\"}}],\"inLanguage\":\"fr-FR\"},{\"@type\":\"Organization\",\"@id\":\"https:\/\/www.koonings.com\/fr\/#organization\",\"name\":\"Koonings\",\"url\":\"https:\/\/www.koonings.com\/fr\/\",\"logo\":{\"@type\":\"ImageObject\",\"inLanguage\":\"fr-FR\",\"@id\":\"https:\/\/www.koonings.com\/fr\/#\/schema\/logo\/image\/\",\"url\":\"https:\/\/www.koonings.com\/wp-content\/uploads\/2024\/07\/logo.png\",\"contentUrl\":\"https:\/\/www.koonings.com\/wp-content\/uploads\/2024\/07\/logo.png\",\"width\":600,\"height\":428,\"caption\":\"Koonings\"},\"image\":{\"@id\":\"https:\/\/www.koonings.com\/fr\/#\/schema\/logo\/image\/\"},\"sameAs\":[\"https:\/\/www.facebook.com\/kooningstheweddingpalace\",\"https:\/\/www.instagram.com\/kooningstheweddingpalace\",\"https:\/\/www.pinterest.com\/koonings\",\"https:\/\/www.youtube.com\/kooningstheweddingpalace\"]}]}<\/script>\n<!-- \/ Yoast SEO plugin. -->","yoast_head_json":{"title":"Coccinelle | Koonings","robots":{"index":"index","follow":"follow","max-snippet":"max-snippet:-1","max-image-preview":"max-image-preview:large","max-video-preview":"max-video-preview:-1"},"canonical":"https:\/\/www.koonings.com\/fr\/deurne\/salles-dexposition\/coccinelle\/","og_locale":"fr_FR","og_type":"article","og_title":"Coccinelle | Koonings","og_url":"https:\/\/www.koonings.com\/fr\/deurne\/salles-dexposition\/coccinelle\/","og_site_name":"Koonings","article_publisher":"https:\/\/www.facebook.com\/kooningstheweddingpalace","article_modified_time":"2024-08-15T07:46:00+00:00","og_image":[{"url":"https:\/\/www.koonings.com\/wp-content\/uploads\/2024\/07\/Ladybird_3-768x1024.webp","type":"","width":"","height":""}],"twitter_card":"summary_large_image","twitter_misc":{"Dur\u00e9e de lecture estim\u00e9e":"1 minute"},"schema":{"@context":"https:\/\/schema.org","@graph":[{"@type":"WebPage","@id":"https:\/\/www.koonings.com\/fr\/deurne\/salles-dexposition\/coccinelle\/","url":"https:\/\/www.koonings.com\/fr\/deurne\/salles-dexposition\/coccinelle\/","name":"Coccinelle | Koonings","isPartOf":{"@id":"https:\/\/www.koonings.com\/fr\/#website"},"primaryImageOfPage":{"@id":"https:\/\/www.koonings.com\/fr\/deurne\/salles-dexposition\/coccinelle\/#primaryimage"},"image":{"@id":"https:\/\/www.koonings.com\/fr\/deurne\/salles-dexposition\/coccinelle\/#primaryimage"},"thumbnailUrl":"https:\/\/www.koonings.com\/wp-content\/uploads\/2024\/07\/Ladybird_3-768x1024.webp","datePublished":"2024-07-11T08:53:20+00:00","dateModified":"2024-08-15T07:46:00+00:00","breadcrumb":{"@id":"https:\/\/www.koonings.com\/fr\/deurne\/salles-dexposition\/coccinelle\/#breadcrumb"},"inLanguage":"fr-FR","potentialAction":[{"@type":"ReadAction","target":["https:\/\/www.koonings.com\/fr\/deurne\/salles-dexposition\/coccinelle\/"]}]},{"@type":"ImageObject","inLanguage":"fr-FR","@id":"https:\/\/www.koonings.com\/fr\/deurne\/salles-dexposition\/coccinelle\/#primaryimage","url":"https:\/\/www.koonings.com\/wp-content\/uploads\/2024\/07\/Ladybird_3-768x1024.webp","contentUrl":"https:\/\/www.koonings.com\/wp-content\/uploads\/2024\/07\/Ladybird_3-768x1024.webp"},{"@type":"BreadcrumbList","@id":"https:\/\/www.koonings.com\/fr\/deurne\/salles-dexposition\/coccinelle\/#breadcrumb","itemListElement":[{"@type":"ListItem","position":1,"name":"Home","item":"https:\/\/www.koonings.com\/fr\/"},{"@type":"ListItem","position":2,"name":"Deurne","item":"https:\/\/www.koonings.com\/fr\/deurne\/"},{"@type":"ListItem","position":3,"name":"Salles d&rsquo;exposition","item":"https:\/\/www.koonings.com\/fr\/deurne\/salles-dexposition\/"},{"@type":"ListItem","position":4,"name":"Coccinelle"}]},{"@type":"WebSite","@id":"https:\/\/www.koonings.com\/fr\/#website","url":"https:\/\/www.koonings.com\/fr\/","name":"Koonings","description":"De grootste bruidsmodewinkel ter wereld","publisher":{"@id":"https:\/\/www.koonings.com\/fr\/#organization"},"potentialAction":[{"@type":"SearchAction","target":{"@type":"EntryPoint","urlTemplate":"https:\/\/www.koonings.com\/fr\/?s={search_term_string}"},"query-input":{"@type":"PropertyValueSpecification","valueRequired":true,"valueName":"search_term_string"}}],"inLanguage":"fr-FR"},{"@type":"Organization","@id":"https:\/\/www.koonings.com\/fr\/#organization","name":"Koonings","url":"https:\/\/www.koonings.com\/fr\/","logo":{"@type":"ImageObject","inLanguage":"fr-FR","@id":"https:\/\/www.koonings.com\/fr\/#\/schema\/logo\/image\/","url":"https:\/\/www.koonings.com\/wp-content\/uploads\/2024\/07\/logo.png","contentUrl":"https:\/\/www.koonings.com\/wp-content\/uploads\/2024\/07\/logo.png","width":600,"height":428,"caption":"Koonings"},"image":{"@id":"https:\/\/www.koonings.com\/fr\/#\/schema\/logo\/image\/"},"sameAs":["https:\/\/www.facebook.com\/kooningstheweddingpalace","https:\/\/www.instagram.com\/kooningstheweddingpalace","https:\/\/www.pinterest.com\/koonings","https:\/\/www.youtube.com\/kooningstheweddingpalace"]}]}},"_links":{"self":[{"href":"https:\/\/www.koonings.com\/fr\/wp-json\/wp\/v2\/pages\/16613","targetHints":{"allow":["GET"]}}],"collection":[{"href":"https:\/\/www.koonings.com\/fr\/wp-json\/wp\/v2\/pages"}],"about":[{"href":"https:\/\/www.koonings.com\/fr\/wp-json\/wp\/v2\/types\/page"}],"author":[{"embeddable":true,"href":"https:\/\/www.koonings.com\/fr\/wp-json\/wp\/v2\/users\/1"}],"replies":[{"embeddable":true,"href":"https:\/\/www.koonings.com\/fr\/wp-json\/wp\/v2\/comments?post=16613"}],"version-history":[{"count":2,"href":"https:\/\/www.koonings.com\/fr\/wp-json\/wp\/v2\/pages\/16613\/revisions"}],"predecessor-version":[{"id":23017,"href":"https:\/\/www.koonings.com\/fr\/wp-json\/wp\/v2\/pages\/16613\/revisions\/23017"}],"up":[{"embeddable":true,"href":"https:\/\/www.koonings.com\/fr\/wp-json\/wp\/v2\/pages\/16609"}],"wp:attachment":[{"href":"https:\/\/www.koonings.com\/fr\/wp-json\/wp\/v2\/media?parent=16613"}],"curies":[{"name":"wp","href":"https:\/\/api.w.org\/{rel}","templated":true}]}}