{"id":16609,"date":"2024-07-11T17:31:05","date_gmt":"2024-07-11T15:31:05","guid":{"rendered":"https:\/\/www.koonings.com\/deurne\/salles-dexposition\/"},"modified":"2025-09-29T12:44:09","modified_gmt":"2025-09-29T10:44:09","slug":"salles-dexposition","status":"publish","type":"page","link":"https:\/\/www.koonings.com\/fr\/deurne\/salles-dexposition\/","title":{"rendered":"Salles d&#8217;exposition"},"content":{"rendered":"\r\n\r\n<div class=\"eye-element fullwidth-row alignfull style-both bg--none  alignfull \" style=\" \">\r\n\r\n    <div class=\"container\">\r\n        <div class=\"row\">\r\n            <div class=\"col-12\">\r\n                <div class=\"acf-innerblocks-container\">\n\n<h1 class=\"wp-block-heading has-text-align-center\" id=\"showrooms\">Salles d&#8217;exposition<\/h1>\n\n\n\n<p class=\"has-text-align-center\">Dans notre palais du mariage, pas moins de 8 grandes marques de mode nuptiale ont leur propre salle d&#8217;exposition. Chaque salle d&#8217;exposition est enti\u00e8rement dans le style de la marque avec de magnifiques coins photos pour que vous puissiez immortaliser la robe de r\u00eave que vous avez choisie de mani\u00e8re amusante. Entrez dans ces diff\u00e9rents univers et d\u00e9couvrez la marque qui vous convient le mieux.  <\/p>\n\n\n\r\n<div class=\"eye-element bsbutton text-center \" >\r\n\t        <a class=\"btn btn-primary\" href=\"https:\/\/www.koonings.com\/fr\/album\/the-wedding-palace\/showrooms\/\"\r\n           target=\"\">Acc\u00e9dez \u00e0 l&#8217;album photo ici<\/a>\r\n\t<\/div>\n<\/div>\r\n            <\/div>\r\n        <\/div>\r\n    <\/div>\r\n\r\n<\/div>\r\n\r\n    \r\n\r\n<div class=\"eye-element fullwidth-row alignfull style-both bg--none  alignfull \" style=\" \">\r\n\r\n    <div class=\"container\">\r\n        <div class=\"row\">\r\n            <div class=\"col-12\">\r\n                <div class=\"acf-innerblocks-container\">\n\n<div class=\"ghostkit-grid ghostkit-grid-gap-lg ghostkit-grid-align-items-center\"><div class=\"ghostkit-grid-inner\">\n<div class=\"ghostkit-col ghostkit-col-md-12 ghostkit-col-6\"><div class=\"ghostkit-col-content is-layout-flow wp-block-ghostkit-grid-column-is-layout-flow\">\r\n<div class=\"eye-element images style-default variant-4 multi-image\">\r\n\r\n\t        <div class=\"composition\">\r\n\t\t\t                <div class=\"image-0\">\r\n                    <img decoding=\"async\" class=\"img-fluid\" src=\"https:\/\/www.koonings.com\/wp-content\/uploads\/2024\/07\/koonings-trouwjurk-ramona-koonings-couture-wedding-dress-kn2344-sofia-bruidsmode.jpg-212x300.webp\" srcset=\"https:\/\/www.koonings.com\/wp-content\/uploads\/2024\/07\/koonings-trouwjurk-ramona-koonings-couture-wedding-dress-kn2344-sofia-bruidsmode.jpg-212x300.webp 212w, https:\/\/www.koonings.com\/wp-content\/uploads\/2024\/07\/koonings-trouwjurk-ramona-koonings-couture-wedding-dress-kn2344-sofia-bruidsmode.jpg-724x1024.webp 724w, https:\/\/www.koonings.com\/wp-content\/uploads\/2024\/07\/koonings-trouwjurk-ramona-koonings-couture-wedding-dress-kn2344-sofia-bruidsmode.jpg-768x1086.webp 768w, https:\/\/www.koonings.com\/wp-content\/uploads\/2024\/07\/koonings-trouwjurk-ramona-koonings-couture-wedding-dress-kn2344-sofia-bruidsmode.jpg.webp 919w\" alt=\"Ramona Koonings Couture Trouwjurk KN2344 Sofia\">\r\n                <\/div>\r\n\t\t\t\r\n            <div class=\"swiper images-swiper\">\r\n\r\n\t\t\t\t\r\n                <div class=\"swiper-wrapper\">\r\n\t\t\t\t\t                        <li class=\"swiper-slide\">\r\n                            <img decoding=\"async\" class=\" img-fluid\" src=\"https:\/\/www.koonings.com\/wp-content\/uploads\/2024\/07\/kuppens_fotografie_6405b.jpg-1024x642.webp\" srcset=\"https:\/\/www.koonings.com\/wp-content\/uploads\/2024\/07\/kuppens_fotografie_6405b.jpg.webp\" alt=\"Koonings Ramona Showroom\">\r\n                        <\/li>\r\n\t\t\t\t\t                        <li class=\"swiper-slide\">\r\n                            <img decoding=\"async\" class=\" img-fluid\" src=\"https:\/\/www.koonings.com\/wp-content\/uploads\/2024\/07\/img_0985.jpg-1-1024x725.webp\" srcset=\"https:\/\/www.koonings.com\/wp-content\/uploads\/2024\/07\/img_0985.jpg-1.webp\" alt=\"Ramona Koonings\">\r\n                        <\/li>\r\n\t\t\t\t\t                <\/div>\r\n\r\n                <div class=\"swiper-pagination\"><\/div>\r\n\r\n                <div class=\"swiper-button-prev\"><\/div>\r\n                <div class=\"swiper-button-next\"><\/div>\r\n\r\n            <\/div>\r\n\r\n        <\/div>\r\n\t\r\n\t<\/div><\/div><\/div>\n\n\n\n<div class=\"ghostkit-col ghostkit-col-md-12 ghostkit-col-6 ghostkit-col-align-self-center\"><div class=\"ghostkit-col-content is-layout-flow wp-block-ghostkit-grid-column-is-layout-flow\">\n<h2 class=\"wp-block-heading has-text-align-center\" id=\"ramona-koonings-couture\">Ramona Koonings Couture<\/h2>\n\n\n\r\n<div class=\"eye-element bsbutton text-center \" >\r\n\t        <a class=\"btn btn-primary\" href=\"https:\/\/www.koonings.com\/fr\/deurne\/salles-dexposition\/ramona-koonings-couture\/\"\r\n           target=\"\">Voir Ramona Koonings Couture ici<\/a>\r\n\t<\/div><\/div><\/div>\n<\/div><\/div>\n\n<\/div>\r\n            <\/div>\r\n        <\/div>\r\n    <\/div>\r\n\r\n<\/div>\r\n\r\n    \r\n\r\n<div class=\"eye-element fullwidth-row alignfull style-both bg--none  alignfull \" style=\" \">\r\n\r\n    <div class=\"container\">\r\n        <div class=\"row\">\r\n            <div class=\"col-12\">\r\n                <div class=\"acf-innerblocks-container\">\n\n<div class=\"ghostkit-grid ghostkit-grid-gap-md ghostkit-grid-justify-content-center equal-height-columns\"><div class=\"ghostkit-grid-inner\">\n<div class=\"ghostkit-col ghostkit-col-md-12 ghostkit-col-lg-6 ghostkit-col-3\"><div class=\"ghostkit-col-content is-layout-flow wp-block-ghostkit-grid-column-is-layout-flow\">\r\n<article class=\"eye-element imagelinkcard without-sublinks\"\r\n         style=\"position: relative\">\r\n\t    <a href=\"https:\/\/www.koonings.com\/fr\/deurne\/salles-dexposition\/ramona-koonings-couture\/\" target=\"\" class=\"main-link\"\r\n       title=\"Ramona Koonings Couture\">\r\n\t\t        <img decoding=\"async\" src=\"https:\/\/www.koonings.com\/wp-content\/uploads\/2024\/06\/kuppens_fotografie_6388_0-scaled.jpg\" srcset=\"https:\/\/www.koonings.com\/wp-content\/uploads\/2024\/06\/kuppens_fotografie_6388_0-scaled.jpg\" alt=\"\"\r\n             class=\"imagelinkcard__image img-fluid\">\r\n\t\t        <!--        <div class=\"shine\"><\/div>-->\r\n    <\/a>\r\n\r\n\t        <div class=\"card-content\">\r\n\t\t\t                <a href=\"https:\/\/www.koonings.com\/fr\/deurne\/salles-dexposition\/ramona-koonings-couture\/\" target=\"\" class=\"main-link\">\r\n                    <span>Ramona Koonings Couture<\/span>\r\n                <\/a>\r\n\t\t\t\r\n\t\t\t\r\n\t\t\t        <\/div>\r\n\t<\/article><\/div><\/div>\n\n\n\n<div class=\"ghostkit-col ghostkit-col-md-12 ghostkit-col-lg-6 ghostkit-col-3\"><div class=\"ghostkit-col-content is-layout-flow wp-block-ghostkit-grid-column-is-layout-flow\">\r\n<article class=\"eye-element imagelinkcard without-sublinks\"\r\n         style=\"position: relative\">\r\n\t    <a href=\"https:\/\/www.koonings.com\/fr\/deurne\/salles-dexposition\/pronovias\/\" target=\"\" class=\"main-link\"\r\n       title=\"Pronovias\">\r\n\t\t        <img decoding=\"async\" src=\"https:\/\/www.koonings.com\/wp-content\/uploads\/2024\/07\/pronovias_6.jpg.webp\" srcset=\"https:\/\/www.koonings.com\/wp-content\/uploads\/2024\/07\/pronovias_6.jpg.webp\" alt=\"De marmeren vloer en gouden accenten. De ruimte van Pronovias is net zo on trend als het merk zelf. De spiegels zijn versierd met ornamenten: een knipoog naar de grootsheid en het karakteristieke karakter van Pronovias.\n\n\"\r\n             class=\"imagelinkcard__image img-fluid\">\r\n\t\t        <!--        <div class=\"shine\"><\/div>-->\r\n    <\/a>\r\n\r\n\t        <div class=\"card-content\">\r\n\t\t\t                <a href=\"https:\/\/www.koonings.com\/fr\/deurne\/salles-dexposition\/pronovias\/\" target=\"\" class=\"main-link\">\r\n                    <span>Pronovias<\/span>\r\n                <\/a>\r\n\t\t\t\r\n\t\t\t\r\n\t\t\t        <\/div>\r\n\t<\/article><\/div><\/div>\n\n\n\n<div class=\"ghostkit-col ghostkit-col-md-12 ghostkit-col-lg-6 ghostkit-col-3\"><div class=\"ghostkit-col-content is-layout-flow wp-block-ghostkit-grid-column-is-layout-flow\">\r\n<article class=\"eye-element imagelinkcard without-sublinks\"\r\n         style=\"position: relative\">\r\n\t    <a href=\"https:\/\/www.koonings.com\/fr\/deurne\/salles-dexposition\/nicole-milano\/\" target=\"\" class=\"main-link\"\r\n       title=\"Nicole Milano\">\r\n\t\t        <img decoding=\"async\" src=\"https:\/\/www.koonings.com\/wp-content\/uploads\/2024\/07\/nicole_1.jpg.webp\" srcset=\"https:\/\/www.koonings.com\/wp-content\/uploads\/2024\/07\/nicole_1.jpg.webp\" alt=\"Koonings Nicole Showroom\"\r\n             class=\"imagelinkcard__image img-fluid\">\r\n\t\t        <!--        <div class=\"shine\"><\/div>-->\r\n    <\/a>\r\n\r\n\t        <div class=\"card-content\">\r\n\t\t\t                <a href=\"https:\/\/www.koonings.com\/fr\/deurne\/salles-dexposition\/nicole-milano\/\" target=\"\" class=\"main-link\">\r\n                    <span>Nicole Milano<\/span>\r\n                <\/a>\r\n\t\t\t\r\n\t\t\t\r\n\t\t\t        <\/div>\r\n\t<\/article><\/div><\/div>\n\n\n\n<div class=\"ghostkit-col ghostkit-col-md-12 ghostkit-col-lg-6 ghostkit-col-3\"><div class=\"ghostkit-col-content is-layout-flow wp-block-ghostkit-grid-column-is-layout-flow\">\r\n<article class=\"eye-element imagelinkcard without-sublinks\"\r\n         style=\"position: relative\">\r\n\t    <a href=\"https:\/\/www.koonings.com\/fr\/deurne\/salles-dexposition\/modeca\/\" target=\"\" class=\"main-link\"\r\n       title=\"Modeca\">\r\n\t\t        <img decoding=\"async\" src=\"https:\/\/www.koonings.com\/wp-content\/uploads\/2024\/07\/modeca-1-scaled.jpg\" srcset=\"https:\/\/www.koonings.com\/wp-content\/uploads\/2024\/07\/modeca-1-scaled.jpg\" alt=\"Modeca showroom bij Koonings\"\r\n             class=\"imagelinkcard__image img-fluid\">\r\n\t\t        <!--        <div class=\"shine\"><\/div>-->\r\n    <\/a>\r\n\r\n\t        <div class=\"card-content\">\r\n\t\t\t                <a href=\"https:\/\/www.koonings.com\/fr\/deurne\/salles-dexposition\/modeca\/\" target=\"\" class=\"main-link\">\r\n                    <span>Modeca<\/span>\r\n                <\/a>\r\n\t\t\t\r\n\t\t\t\r\n\t\t\t        <\/div>\r\n\t<\/article><\/div><\/div>\n\n\n\n<div class=\"ghostkit-col ghostkit-col-md-12 ghostkit-col-lg-6 ghostkit-col-3\"><div class=\"ghostkit-col-content is-layout-flow wp-block-ghostkit-grid-column-is-layout-flow\">\r\n<article class=\"eye-element imagelinkcard without-sublinks\"\r\n         style=\"position: relative\">\r\n\t    <a href=\"https:\/\/www.koonings.com\/fr\/deurne\/salles-dexposition\/rembo-styling\/\" target=\"\" class=\"main-link\"\r\n       title=\"Rembo Styling\">\r\n\t\t        <img decoding=\"async\" src=\"https:\/\/www.koonings.com\/wp-content\/uploads\/2024\/07\/rembo-marylise-1-scaled.jpg\" srcset=\"https:\/\/www.koonings.com\/wp-content\/uploads\/2024\/07\/rembo-marylise-1-scaled.jpg\" alt=\"Koonings Rembo Showroom\"\r\n             class=\"imagelinkcard__image img-fluid\">\r\n\t\t        <!--        <div class=\"shine\"><\/div>-->\r\n    <\/a>\r\n\r\n\t        <div class=\"card-content\">\r\n\t\t\t                <a href=\"https:\/\/www.koonings.com\/fr\/deurne\/salles-dexposition\/rembo-styling\/\" target=\"\" class=\"main-link\">\r\n                    <span>Rembo Styling<\/span>\r\n                <\/a>\r\n\t\t\t\r\n\t\t\t\r\n\t\t\t        <\/div>\r\n\t<\/article><\/div><\/div>\n\n\n\n<div class=\"ghostkit-col ghostkit-col-md-12 ghostkit-col-lg-6 ghostkit-col-3\"><div class=\"ghostkit-col-content is-layout-flow wp-block-ghostkit-grid-column-is-layout-flow\">\r\n<article class=\"eye-element imagelinkcard without-sublinks\"\r\n         style=\"position: relative\">\r\n\t    <a href=\"https:\/\/www.koonings.com\/fr\/deurne\/salles-dexposition\/marylise\/\" target=\"\" class=\"main-link\"\r\n       title=\"Marylise\">\r\n\t\t        <img decoding=\"async\" src=\"https:\/\/www.koonings.com\/wp-content\/uploads\/2024\/07\/rembo_4.webp\" srcset=\"https:\/\/www.koonings.com\/wp-content\/uploads\/2024\/07\/rembo_4.webp\" alt=\"Koonings Rembo Styling Showroom\"\r\n             class=\"imagelinkcard__image img-fluid\">\r\n\t\t        <!--        <div class=\"shine\"><\/div>-->\r\n    <\/a>\r\n\r\n\t        <div class=\"card-content\">\r\n\t\t\t                <a href=\"https:\/\/www.koonings.com\/fr\/deurne\/salles-dexposition\/marylise\/\" target=\"\" class=\"main-link\">\r\n                    <span>Marylise<\/span>\r\n                <\/a>\r\n\t\t\t\r\n\t\t\t\r\n\t\t\t        <\/div>\r\n\t<\/article><\/div><\/div>\n\n\n\n<div class=\"ghostkit-col ghostkit-col-md-12 ghostkit-col-lg-6 ghostkit-col-3\"><div class=\"ghostkit-col-content is-layout-flow wp-block-ghostkit-grid-column-is-layout-flow\">\r\n<article class=\"eye-element imagelinkcard without-sublinks\"\r\n         style=\"position: relative\">\r\n\t    <a href=\"https:\/\/www.koonings.com\/fr\/deurne\/salles-dexposition\/enzoani\/\" target=\"\" class=\"main-link\"\r\n       title=\"Enzoani\">\r\n\t\t        <img decoding=\"async\" src=\"https:\/\/www.koonings.com\/wp-content\/uploads\/2024\/07\/enzoani_1.jpg.webp\" srcset=\"https:\/\/www.koonings.com\/wp-content\/uploads\/2024\/07\/enzoani_1.jpg.webp\" alt=\"Enzoani Showroom\"\r\n             class=\"imagelinkcard__image img-fluid\">\r\n\t\t        <!--        <div class=\"shine\"><\/div>-->\r\n    <\/a>\r\n\r\n\t        <div class=\"card-content\">\r\n\t\t\t                <a href=\"https:\/\/www.koonings.com\/fr\/deurne\/salles-dexposition\/enzoani\/\" target=\"\" class=\"main-link\">\r\n                    <span>Enzoani<\/span>\r\n                <\/a>\r\n\t\t\t\r\n\t\t\t\r\n\t\t\t        <\/div>\r\n\t<\/article><\/div><\/div>\n\n\n\n<div class=\"ghostkit-col ghostkit-col-md-12 ghostkit-col-lg-6 ghostkit-col-3\"><div class=\"ghostkit-col-content is-layout-flow wp-block-ghostkit-grid-column-is-layout-flow\">\r\n<article class=\"eye-element imagelinkcard without-sublinks\"\r\n         style=\"position: relative\">\r\n\t    <a href=\"https:\/\/www.koonings.com\/fr\/deurne\/salles-dexposition\/demetrios\/\" target=\"\" class=\"main-link\"\r\n       title=\"Demetrios\">\r\n\t\t        <img decoding=\"async\" src=\"https:\/\/www.koonings.com\/wp-content\/uploads\/2024\/07\/demetrios-1-scaled.jpg\" srcset=\"https:\/\/www.koonings.com\/wp-content\/uploads\/2024\/07\/demetrios-1-scaled.jpg\" alt=\"Koonings Demetrios Showroom\"\r\n             class=\"imagelinkcard__image img-fluid\">\r\n\t\t        <!--        <div class=\"shine\"><\/div>-->\r\n    <\/a>\r\n\r\n\t        <div class=\"card-content\">\r\n\t\t\t                <a href=\"https:\/\/www.koonings.com\/fr\/deurne\/salles-dexposition\/demetrios\/\" target=\"\" class=\"main-link\">\r\n                    <span>Demetrios<\/span>\r\n                <\/a>\r\n\t\t\t\r\n\t\t\t\r\n\t\t\t        <\/div>\r\n\t<\/article><\/div><\/div>\n\n\n\n<div class=\"ghostkit-col ghostkit-col-md-12 ghostkit-col-lg-6 ghostkit-col-3\"><div class=\"ghostkit-col-content is-layout-flow wp-block-ghostkit-grid-column-is-layout-flow\">\r\n<article class=\"eye-element imagelinkcard without-sublinks\"\r\n         style=\"position: relative\">\r\n\t    <a href=\"https:\/\/www.koonings.com\/fr\/deurne\/salles-dexposition\/coccinelle\/\" target=\"\" class=\"main-link\"\r\n       title=\"Coccinelle\">\r\n\t\t        <img decoding=\"async\" src=\"https:\/\/www.koonings.com\/wp-content\/uploads\/2024\/07\/ladybird_0-scaled.jpg\" srcset=\"https:\/\/www.koonings.com\/wp-content\/uploads\/2024\/07\/ladybird_0-scaled.jpg\" alt=\"Ladybird showroom bij Koonings\"\r\n             class=\"imagelinkcard__image img-fluid\">\r\n\t\t        <!--        <div class=\"shine\"><\/div>-->\r\n    <\/a>\r\n\r\n\t        <div class=\"card-content\">\r\n\t\t\t                <a href=\"https:\/\/www.koonings.com\/fr\/deurne\/salles-dexposition\/coccinelle\/\" target=\"\" class=\"main-link\">\r\n                    <span>Coccinelle<\/span>\r\n                <\/a>\r\n\t\t\t\r\n\t\t\t\r\n\t\t\t        <\/div>\r\n\t<\/article><\/div><\/div>\n<\/div><\/div>\n\n<\/div>\r\n            <\/div>\r\n        <\/div>\r\n    <\/div>\r\n\r\n<\/div>\r\n\r\n    ","protected":false},"excerpt":{"rendered":"","protected":false},"author":1,"featured_media":0,"parent":16067,"menu_order":0,"comment_status":"closed","ping_status":"closed","template":"","meta":{"_acf_changed":false,"ghostkit_customizer_options":"","ghostkit_custom_css":"","ghostkit_custom_js_head":"","ghostkit_custom_js_foot":"","ghostkit_typography":"","footnotes":""},"class_list":["post-16609","page","type-page","status-publish","hentry"],"acf":[],"yoast_head":"<!-- This site is optimized with the Yoast SEO plugin v27.3 - https:\/\/yoast.com\/product\/yoast-seo-wordpress\/ -->\n<title>Salles d&#039;exposition | Koonings<\/title>\n<meta name=\"robots\" content=\"index, follow, max-snippet:-1, max-image-preview:large, max-video-preview:-1\" \/>\n<link rel=\"canonical\" href=\"https:\/\/www.koonings.com\/fr\/deurne\/salles-dexposition\/\" \/>\n<meta property=\"og:locale\" content=\"fr_FR\" \/>\n<meta property=\"og:type\" content=\"article\" \/>\n<meta property=\"og:title\" content=\"Salles d&#039;exposition | Koonings\" \/>\n<meta property=\"og:url\" content=\"https:\/\/www.koonings.com\/fr\/deurne\/salles-dexposition\/\" \/>\n<meta property=\"og:site_name\" content=\"Koonings\" \/>\n<meta property=\"article:publisher\" content=\"https:\/\/www.facebook.com\/kooningstheweddingpalace\" \/>\n<meta property=\"article:modified_time\" content=\"2025-09-29T10:44:09+00:00\" \/>\n<meta property=\"og:image\" content=\"https:\/\/www.koonings.com\/wp-content\/uploads\/2024\/06\/palace-hero-screenshot-1024x575.png\" \/>\n\t<meta property=\"og:image:width\" content=\"1024\" \/>\n\t<meta property=\"og:image:height\" content=\"575\" \/>\n\t<meta property=\"og:image:type\" content=\"image\/png\" \/>\n<meta name=\"twitter:card\" content=\"summary_large_image\" \/>\n<script type=\"application\/ld+json\" class=\"yoast-schema-graph\">{\"@context\":\"https:\\\/\\\/schema.org\",\"@graph\":[{\"@type\":\"WebPage\",\"@id\":\"https:\\\/\\\/www.koonings.com\\\/fr\\\/deurne\\\/salles-dexposition\\\/\",\"url\":\"https:\\\/\\\/www.koonings.com\\\/fr\\\/deurne\\\/salles-dexposition\\\/\",\"name\":\"Salles d'exposition | Koonings\",\"isPartOf\":{\"@id\":\"https:\\\/\\\/www.koonings.com\\\/fr\\\/#website\"},\"datePublished\":\"2024-07-11T15:31:05+00:00\",\"dateModified\":\"2025-09-29T10:44:09+00:00\",\"breadcrumb\":{\"@id\":\"https:\\\/\\\/www.koonings.com\\\/fr\\\/deurne\\\/salles-dexposition\\\/#breadcrumb\"},\"inLanguage\":\"fr-FR\",\"potentialAction\":[{\"@type\":\"ReadAction\",\"target\":[\"https:\\\/\\\/www.koonings.com\\\/fr\\\/deurne\\\/salles-dexposition\\\/\"]}]},{\"@type\":\"BreadcrumbList\",\"@id\":\"https:\\\/\\\/www.koonings.com\\\/fr\\\/deurne\\\/salles-dexposition\\\/#breadcrumb\",\"itemListElement\":[{\"@type\":\"ListItem\",\"position\":1,\"name\":\"Home\",\"item\":\"https:\\\/\\\/www.koonings.com\\\/fr\\\/\"},{\"@type\":\"ListItem\",\"position\":2,\"name\":\"Deurne\",\"item\":\"https:\\\/\\\/www.koonings.com\\\/fr\\\/deurne\\\/\"},{\"@type\":\"ListItem\",\"position\":3,\"name\":\"Salles d&rsquo;exposition\"}]},{\"@type\":\"WebSite\",\"@id\":\"https:\\\/\\\/www.koonings.com\\\/fr\\\/#website\",\"url\":\"https:\\\/\\\/www.koonings.com\\\/fr\\\/\",\"name\":\"Koonings\",\"description\":\"De grootste bruidsmodewinkel ter wereld\",\"publisher\":{\"@id\":\"https:\\\/\\\/www.koonings.com\\\/fr\\\/#organization\"},\"potentialAction\":[{\"@type\":\"SearchAction\",\"target\":{\"@type\":\"EntryPoint\",\"urlTemplate\":\"https:\\\/\\\/www.koonings.com\\\/fr\\\/?s={search_term_string}\"},\"query-input\":{\"@type\":\"PropertyValueSpecification\",\"valueRequired\":true,\"valueName\":\"search_term_string\"}}],\"inLanguage\":\"fr-FR\"},{\"@type\":\"Organization\",\"@id\":\"https:\\\/\\\/www.koonings.com\\\/fr\\\/#organization\",\"name\":\"Koonings\",\"url\":\"https:\\\/\\\/www.koonings.com\\\/fr\\\/\",\"logo\":{\"@type\":\"ImageObject\",\"inLanguage\":\"fr-FR\",\"@id\":\"https:\\\/\\\/www.koonings.com\\\/fr\\\/#\\\/schema\\\/logo\\\/image\\\/\",\"url\":\"https:\\\/\\\/www.koonings.com\\\/wp-content\\\/uploads\\\/2024\\\/07\\\/logo.png\",\"contentUrl\":\"https:\\\/\\\/www.koonings.com\\\/wp-content\\\/uploads\\\/2024\\\/07\\\/logo.png\",\"width\":600,\"height\":428,\"caption\":\"Koonings\"},\"image\":{\"@id\":\"https:\\\/\\\/www.koonings.com\\\/fr\\\/#\\\/schema\\\/logo\\\/image\\\/\"},\"sameAs\":[\"https:\\\/\\\/www.facebook.com\\\/kooningstheweddingpalace\",\"https:\\\/\\\/www.instagram.com\\\/kooningstheweddingpalace\",\"https:\\\/\\\/www.pinterest.com\\\/koonings\",\"https:\\\/\\\/www.youtube.com\\\/kooningstheweddingpalace\"]}]}<\/script>\n<!-- \/ Yoast SEO plugin. -->","yoast_head_json":{"title":"Salles d'exposition | Koonings","robots":{"index":"index","follow":"follow","max-snippet":"max-snippet:-1","max-image-preview":"max-image-preview:large","max-video-preview":"max-video-preview:-1"},"canonical":"https:\/\/www.koonings.com\/fr\/deurne\/salles-dexposition\/","og_locale":"fr_FR","og_type":"article","og_title":"Salles d'exposition | Koonings","og_url":"https:\/\/www.koonings.com\/fr\/deurne\/salles-dexposition\/","og_site_name":"Koonings","article_publisher":"https:\/\/www.facebook.com\/kooningstheweddingpalace","article_modified_time":"2025-09-29T10:44:09+00:00","og_image":[{"width":1024,"height":575,"url":"https:\/\/www.koonings.com\/wp-content\/uploads\/2024\/06\/palace-hero-screenshot-1024x575.png","type":"image\/png"}],"twitter_card":"summary_large_image","schema":{"@context":"https:\/\/schema.org","@graph":[{"@type":"WebPage","@id":"https:\/\/www.koonings.com\/fr\/deurne\/salles-dexposition\/","url":"https:\/\/www.koonings.com\/fr\/deurne\/salles-dexposition\/","name":"Salles d'exposition | Koonings","isPartOf":{"@id":"https:\/\/www.koonings.com\/fr\/#website"},"datePublished":"2024-07-11T15:31:05+00:00","dateModified":"2025-09-29T10:44:09+00:00","breadcrumb":{"@id":"https:\/\/www.koonings.com\/fr\/deurne\/salles-dexposition\/#breadcrumb"},"inLanguage":"fr-FR","potentialAction":[{"@type":"ReadAction","target":["https:\/\/www.koonings.com\/fr\/deurne\/salles-dexposition\/"]}]},{"@type":"BreadcrumbList","@id":"https:\/\/www.koonings.com\/fr\/deurne\/salles-dexposition\/#breadcrumb","itemListElement":[{"@type":"ListItem","position":1,"name":"Home","item":"https:\/\/www.koonings.com\/fr\/"},{"@type":"ListItem","position":2,"name":"Deurne","item":"https:\/\/www.koonings.com\/fr\/deurne\/"},{"@type":"ListItem","position":3,"name":"Salles d&rsquo;exposition"}]},{"@type":"WebSite","@id":"https:\/\/www.koonings.com\/fr\/#website","url":"https:\/\/www.koonings.com\/fr\/","name":"Koonings","description":"De grootste bruidsmodewinkel ter wereld","publisher":{"@id":"https:\/\/www.koonings.com\/fr\/#organization"},"potentialAction":[{"@type":"SearchAction","target":{"@type":"EntryPoint","urlTemplate":"https:\/\/www.koonings.com\/fr\/?s={search_term_string}"},"query-input":{"@type":"PropertyValueSpecification","valueRequired":true,"valueName":"search_term_string"}}],"inLanguage":"fr-FR"},{"@type":"Organization","@id":"https:\/\/www.koonings.com\/fr\/#organization","name":"Koonings","url":"https:\/\/www.koonings.com\/fr\/","logo":{"@type":"ImageObject","inLanguage":"fr-FR","@id":"https:\/\/www.koonings.com\/fr\/#\/schema\/logo\/image\/","url":"https:\/\/www.koonings.com\/wp-content\/uploads\/2024\/07\/logo.png","contentUrl":"https:\/\/www.koonings.com\/wp-content\/uploads\/2024\/07\/logo.png","width":600,"height":428,"caption":"Koonings"},"image":{"@id":"https:\/\/www.koonings.com\/fr\/#\/schema\/logo\/image\/"},"sameAs":["https:\/\/www.facebook.com\/kooningstheweddingpalace","https:\/\/www.instagram.com\/kooningstheweddingpalace","https:\/\/www.pinterest.com\/koonings","https:\/\/www.youtube.com\/kooningstheweddingpalace"]}]}},"_links":{"self":[{"href":"https:\/\/www.koonings.com\/fr\/wp-json\/wp\/v2\/pages\/16609","targetHints":{"allow":["GET"]}}],"collection":[{"href":"https:\/\/www.koonings.com\/fr\/wp-json\/wp\/v2\/pages"}],"about":[{"href":"https:\/\/www.koonings.com\/fr\/wp-json\/wp\/v2\/types\/page"}],"author":[{"embeddable":true,"href":"https:\/\/www.koonings.com\/fr\/wp-json\/wp\/v2\/users\/1"}],"replies":[{"embeddable":true,"href":"https:\/\/www.koonings.com\/fr\/wp-json\/wp\/v2\/comments?post=16609"}],"version-history":[{"count":3,"href":"https:\/\/www.koonings.com\/fr\/wp-json\/wp\/v2\/pages\/16609\/revisions"}],"predecessor-version":[{"id":98750,"href":"https:\/\/www.koonings.com\/fr\/wp-json\/wp\/v2\/pages\/16609\/revisions\/98750"}],"up":[{"embeddable":true,"href":"https:\/\/www.koonings.com\/fr\/wp-json\/wp\/v2\/pages\/16067"}],"wp:attachment":[{"href":"https:\/\/www.koonings.com\/fr\/wp-json\/wp\/v2\/media?parent=16609"}],"curies":[{"name":"wp","href":"https:\/\/api.w.org\/{rel}","templated":true}]}}