{"id":16605,"date":"2024-07-19T14:18:53","date_gmt":"2024-07-19T12:18:53","guid":{"rendered":"https:\/\/www.koonings.com\/creez-un-tableau-dhumeur\/"},"modified":"2026-04-16T08:55:10","modified_gmt":"2026-04-16T06:55:10","slug":"creez-un-tableau-dhumeur","status":"publish","type":"page","link":"https:\/\/www.koonings.com\/fr\/creez-un-tableau-dhumeur\/","title":{"rendered":"Cr\u00e9ez un tableau d&#8217;humeur"},"content":{"rendered":"\r\n\r\n<div class=\"eye-element fullwidth-row alignfull style-both bg--none  alignfull \" style=\" \">\r\n\r\n    <div class=\"container\">\r\n        <div class=\"row\">\r\n            <div class=\"col-12\">\r\n                <div class=\"acf-innerblocks-container\">\n\n<div class=\"ghostkit-grid ghostkit-grid-gap-md ghostkit-grid-align-items-center\"><div class=\"ghostkit-grid-inner\">\n<div class=\"ghostkit-col ghostkit-col-md-12 ghostkit-col-6\"><div class=\"ghostkit-col-content is-layout-flow wp-block-ghostkit-grid-column-is-layout-flow\">\n<h1 class=\"wp-block-heading\" id=\"maak-jouw-trouwjurken-moodboard\">Cr\u00e9ez votre tableau d&#8217;humeur pour les robes de mari\u00e9e<\/h1>\n\n\n\n<p>Vous \u00eates \u00e0 la recherche de la robe de mari\u00e9e id\u00e9ale ? Gr\u00e2ce \u00e0 notre outil, vous pouvez facilement s\u00e9lectionner vos robes pr\u00e9f\u00e9r\u00e9es et cr\u00e9er un tableau d&#8217;humeur personnel.  <\/p>\n\n\n\r\n<div class=\"eye-element bsbutton text-start \" >\r\n\t        <a class=\"btn btn-primary\" href=\"\/fr\/moodboard\/tool\/start\"\r\n           target=\"_blank\">Cr\u00e9ez votre propre tableau d&#8217;humeur<\/a>\r\n\t<\/div><\/div><\/div>\n\n\n\n<div class=\"ghostkit-col ghostkit-col-order-sm-last ghostkit-col-md-12 ghostkit-col-order-md-last ghostkit-col-6\"><div class=\"ghostkit-col-content is-layout-flow wp-block-ghostkit-grid-column-is-layout-flow\">\r\n<div class=\"eye-element images style-default variant-1 single-image\">\r\n\r\n\t        <div class=\"composition\">\r\n\t\t\t\r\n            <div class=\"swiper images-swiper\">\r\n\r\n\t\t\t\t\r\n                <div class=\"swiper-wrapper\">\r\n\t\t\t\t\t                        <li class=\"swiper-slide\">\r\n                            <img decoding=\"async\" class=\" img-fluid\" src=\"https:\/\/www.koonings.com\/wp-content\/uploads\/2024\/07\/moodboard-maken-mockup-1024x633.jpg\" srcset=\"https:\/\/www.koonings.com\/wp-content\/uploads\/2024\/07\/moodboard-maken-mockup.jpg\" alt=\"Moodboard maken Koonings\">\r\n                        <\/li>\r\n\t\t\t\t\t                <\/div>\r\n\r\n                <div class=\"swiper-pagination\"><\/div>\r\n\r\n                <div class=\"swiper-button-prev\"><\/div>\r\n                <div class=\"swiper-button-next\"><\/div>\r\n\r\n            <\/div>\r\n\r\n        <\/div>\r\n\t\r\n\t<\/div><\/div><\/div>\n<\/div><\/div>\n\n<\/div>\r\n            <\/div>\r\n        <\/div>\r\n    <\/div>\r\n\r\n<\/div>\r\n\r\n    \r\n\r\n<div class=\"eye-element fullwidth-row alignfull style-both bg--none  alignfull \" style=\" \">\r\n\r\n    <div class=\"container\">\r\n        <div class=\"row\">\r\n            <div class=\"col-12\">\r\n                <div class=\"acf-innerblocks-container\">\n\n<h2 class=\"wp-block-heading\" id=\"jouw-perfecte-trouwjurk-vind-je-met-een-moodboard\"><strong>Vous pouvez trouver la robe de mari\u00e9e id\u00e9ale gr\u00e2ce \u00e0 un tableau d&#8217;id\u00e9es.<\/strong><\/h2>\n\n\n\n<p>La cr\u00e9ation d&#8217;un tableau d&#8217;humeur sur la robe de mari\u00e9e vous aide \u00e0 vous faire une id\u00e9e pr\u00e9cise de ce que vous aimez et de ce que vous n&#8217;aimez pas. C&#8217;est un moyen pratique de visualiser votre style et vos pr\u00e9f\u00e9rences, ce qui facilite grandement le choix de la robe de mari\u00e9e id\u00e9ale. <\/p>\n\n\n\n<p><strong>Visualisez vos r\u00eaves :<\/strong> Un tableau d&#8217;humeur est un outil puissant pour donner corps \u00e0 vos pens\u00e9es et \u00e0 vos id\u00e9es. En rassemblant des images de tissus, de couleurs et d&#8217;accessoires de robes de mari\u00e9e dans un mood board, vous pouvez cr\u00e9er une repr\u00e9sentation visuelle de la robe de vos r\u00eaves. Cela vous aidera \u00e0 mieux comprendre le style et le th\u00e8me que vous souhaitez obtenir.  <\/p>\n\n\n\n<p><strong>D\u00e9couvrez votre style personnel :<\/strong> de nombreuses mari\u00e9es ont une id\u00e9e g\u00e9n\u00e9rale de ce qu&#8217;elles aiment, mais un moodboard de robe de mari\u00e9e permet d&#8217;affiner ces id\u00e9es. En rassemblant diff\u00e9rents \u00e9l\u00e9ments, vous pouvez d\u00e9couvrir les styles, les silhouettes et les d\u00e9tails qui vous plaisent vraiment. Ce processus peut \u00e9galement vous aider \u00e0 identifier les tendances et les th\u00e8mes qui reviennent r\u00e9guli\u00e8rement dans vos choix.  <\/p>\n\n\n\n<p><strong>Faciliter les d\u00e9cisions :<\/strong> Le choix d&#8217;une robe de mari\u00e9e peut \u00eatre une exp\u00e9rience accablante en raison des nombreuses options disponibles. Un tableau d&#8217;inspiration sert de guide et facilite la prise de d\u00e9cisions et les choix qui correspondent \u00e0 votre style personnel et \u00e0 votre vision. <\/p>\n\n<\/div>\r\n            <\/div>\r\n        <\/div>\r\n    <\/div>\r\n\r\n<\/div>\r\n\r\n    \r\n\r\n<div class=\"eye-element fullwidth-row alignfull faux-bg--lightgray style-left  alignfull \" style=\"\">\r\n<div class=\"bg bg--lightgray\" style=\"\"><\/div>\r\n\r\n    <div class=\"container\">\r\n        <div class=\"row\">\r\n            <div class=\"col-12\">\r\n                <div class=\"acf-innerblocks-container\">\n\n<div class=\"ghostkit-grid ghostkit-grid-gap-md ghostkit-grid-align-items-center\"><div class=\"ghostkit-grid-inner\">\n<div class=\"ghostkit-col ghostkit-col-md-12 ghostkit-col-6\"><div class=\"ghostkit-col-content is-layout-flow wp-block-ghostkit-grid-column-is-layout-flow\">\n<h2 class=\"wp-block-heading\" id=\"jouw-afspraak-bij-koonings\">Votre rendez-vous chez Koonings<\/h2>\n\n\n\n<p>En utilisant votre tableau d&#8217;humeur, nos stylistes peuvent vous aider \u00e0 trouver la robe parfaite.<\/p>\n<\/div><\/div>\n\n\n\n<div class=\"ghostkit-col ghostkit-col-md-12 ghostkit-col-6\"><div class=\"ghostkit-col-content is-layout-flow wp-block-ghostkit-grid-column-is-layout-flow\">\r\n<div class=\"eye-element images style-default variant-1 multi-image\">\r\n\r\n\t        <div class=\"composition\">\r\n\t\t\t                <div class=\"image-0\">\r\n                    <img decoding=\"async\" class=\"img-fluid\" src=\"https:\/\/www.koonings.com\/wp-content\/uploads\/2024\/07\/ramona-meike-231x300.png\" srcset=\"https:\/\/www.koonings.com\/wp-content\/uploads\/2024\/07\/ramona-meike-231x300.png 231w, https:\/\/www.koonings.com\/wp-content\/uploads\/2024\/07\/ramona-meike-789x1024.png 789w, https:\/\/www.koonings.com\/wp-content\/uploads\/2024\/07\/ramona-meike-768x997.png 768w, https:\/\/www.koonings.com\/wp-content\/uploads\/2024\/07\/ramona-meike.png 1134w\" alt=\"Bruid\">\r\n                <\/div>\r\n\t\t\t\r\n            <div class=\"swiper images-swiper\">\r\n\r\n\t\t\t\t\r\n                <div class=\"swiper-wrapper\">\r\n\t\t\t\t\t                        <li class=\"swiper-slide\">\r\n                            <img decoding=\"async\" class=\" img-fluid\" src=\"https:\/\/www.koonings.com\/wp-content\/uploads\/2024\/06\/kuppens_fotografie_6388_0-1024x753.jpg\" srcset=\"https:\/\/www.koonings.com\/wp-content\/uploads\/2024\/06\/kuppens_fotografie_6388_0-scaled.jpg\" alt=\"\">\r\n                        <\/li>\r\n\t\t\t\t\t                        <li class=\"swiper-slide\">\r\n                            <img decoding=\"async\" class=\" img-fluid\" src=\"https:\/\/www.koonings.com\/wp-content\/uploads\/2024\/06\/KOO_binnenkant_bruidsjurken_AI_2-1024x724.jpg\" srcset=\"https:\/\/www.koonings.com\/wp-content\/uploads\/2024\/06\/KOO_binnenkant_bruidsjurken_AI_2-scaled.jpg\" alt=\"Koonings The Wedding Castle Valkenburg\">\r\n                        <\/li>\r\n\t\t\t\t\t                <\/div>\r\n\r\n                <div class=\"swiper-pagination\"><\/div>\r\n\r\n                <div class=\"swiper-button-prev\"><\/div>\r\n                <div class=\"swiper-button-next\"><\/div>\r\n\r\n            <\/div>\r\n\r\n        <\/div>\r\n\t\r\n\t<\/div><\/div><\/div>\n<\/div><\/div>\n\n<\/div>\r\n            <\/div>\r\n        <\/div>\r\n    <\/div>\r\n\r\n<\/div>\r\n\r\n    \r\n\r\n<div class=\"eye-element fullwidth-row alignfull style-both bg--none  alignfull \" style=\" \">\r\n\r\n    <div class=\"container\">\r\n        <div class=\"row\">\r\n            <div class=\"col-12\">\r\n                <div class=\"acf-innerblocks-container\">\n\n<h2 class=\"wp-block-heading has-text-align-center\" id=\"de-ultieme-trouwbelevingonder-een-dak\"><br\/>L&#8217;exp\u00e9rience ultime du mariage sous un m\u00eame toit<\/h2>\n\n\n\r\n<div class=\"eye-element bsbutton text-center \" >\r\n\t        <a class=\"btn btn-gold\" href=\"https:\/\/www.koonings.com\/fr\/prendre-un-rendez-vous\/\"\r\n           target=\"\">Prendre un rendez-vous<\/a>\r\n\t<\/div>\n<\/div>\r\n            <\/div>\r\n        <\/div>\r\n    <\/div>\r\n\r\n<\/div>\r\n\r\n    ","protected":false},"excerpt":{"rendered":"","protected":false},"author":1,"featured_media":0,"parent":0,"menu_order":0,"comment_status":"closed","ping_status":"closed","template":"","meta":{"_acf_changed":false,"ghostkit_customizer_options":"","ghostkit_custom_css":"","ghostkit_custom_js_head":"","ghostkit_custom_js_foot":"","ghostkit_typography":"","footnotes":""},"class_list":["post-16605","page","type-page","status-publish","hentry"],"acf":[],"yoast_head":"<!-- This site is optimized with the Yoast SEO plugin v27.3 - https:\/\/yoast.com\/product\/yoast-seo-wordpress\/ -->\n<title>Robes de mari\u00e9e Cr\u00e9ez un tableau d&#039;humeur | Koonings%.<\/title>\n<meta name=\"description\" content=\"Vous \u00eates \u00e0 la recherche de la robe de mari\u00e9e id\u00e9ale ? Gr\u00e2ce \u00e0 notre outil, vous pouvez facilement s\u00e9lectionner vos robes pr\u00e9f\u00e9r\u00e9es et cr\u00e9er un tableau d&#039;humeur personnel.\" \/>\n<meta name=\"robots\" content=\"index, follow, max-snippet:-1, max-image-preview:large, max-video-preview:-1\" \/>\n<link rel=\"canonical\" href=\"https:\/\/www.koonings.com\/fr\/creez-un-tableau-dhumeur\/\" \/>\n<meta property=\"og:locale\" content=\"fr_FR\" \/>\n<meta property=\"og:type\" content=\"article\" \/>\n<meta property=\"og:title\" content=\"Robes de mari\u00e9e Cr\u00e9ez un tableau d&#039;humeur | Koonings%.\" \/>\n<meta property=\"og:description\" content=\"Vous \u00eates \u00e0 la recherche de la robe de mari\u00e9e id\u00e9ale ? Gr\u00e2ce \u00e0 notre outil, vous pouvez facilement s\u00e9lectionner vos robes pr\u00e9f\u00e9r\u00e9es et cr\u00e9er un tableau d&#039;humeur personnel.\" \/>\n<meta property=\"og:url\" content=\"https:\/\/www.koonings.com\/fr\/creez-un-tableau-dhumeur\/\" \/>\n<meta property=\"og:site_name\" content=\"Koonings\" \/>\n<meta property=\"article:publisher\" content=\"https:\/\/www.facebook.com\/kooningstheweddingpalace\" \/>\n<meta property=\"article:modified_time\" content=\"2026-04-16T06:55:10+00:00\" \/>\n<meta property=\"og:image\" content=\"https:\/\/www.koonings.com\/wp-content\/uploads\/2024\/06\/palace-hero-screenshot-1024x575.png\" \/>\n\t<meta property=\"og:image:width\" content=\"1024\" \/>\n\t<meta property=\"og:image:height\" content=\"575\" \/>\n\t<meta property=\"og:image:type\" content=\"image\/png\" \/>\n<meta name=\"twitter:card\" content=\"summary_large_image\" \/>\n<meta name=\"twitter:label1\" content=\"Dur\u00e9e de lecture estim\u00e9e\" \/>\n\t<meta name=\"twitter:data1\" content=\"2 minutes\" \/>\n<script type=\"application\/ld+json\" class=\"yoast-schema-graph\">{\"@context\":\"https:\\\/\\\/schema.org\",\"@graph\":[{\"@type\":\"WebPage\",\"@id\":\"https:\\\/\\\/www.koonings.com\\\/fr\\\/creez-un-tableau-dhumeur\\\/\",\"url\":\"https:\\\/\\\/www.koonings.com\\\/fr\\\/creez-un-tableau-dhumeur\\\/\",\"name\":\"Robes de mari\u00e9e Cr\u00e9ez un tableau d'humeur | Koonings%.\",\"isPartOf\":{\"@id\":\"https:\\\/\\\/www.koonings.com\\\/fr\\\/#website\"},\"datePublished\":\"2024-07-19T12:18:53+00:00\",\"dateModified\":\"2026-04-16T06:55:10+00:00\",\"description\":\"Vous \u00eates \u00e0 la recherche de la robe de mari\u00e9e id\u00e9ale ? Gr\u00e2ce \u00e0 notre outil, vous pouvez facilement s\u00e9lectionner vos robes pr\u00e9f\u00e9r\u00e9es et cr\u00e9er un tableau d'humeur personnel.\",\"breadcrumb\":{\"@id\":\"https:\\\/\\\/www.koonings.com\\\/fr\\\/creez-un-tableau-dhumeur\\\/#breadcrumb\"},\"inLanguage\":\"fr-FR\",\"potentialAction\":[{\"@type\":\"ReadAction\",\"target\":[\"https:\\\/\\\/www.koonings.com\\\/fr\\\/creez-un-tableau-dhumeur\\\/\"]}]},{\"@type\":\"BreadcrumbList\",\"@id\":\"https:\\\/\\\/www.koonings.com\\\/fr\\\/creez-un-tableau-dhumeur\\\/#breadcrumb\",\"itemListElement\":[{\"@type\":\"ListItem\",\"position\":1,\"name\":\"Home\",\"item\":\"https:\\\/\\\/www.koonings.com\\\/fr\\\/\"},{\"@type\":\"ListItem\",\"position\":2,\"name\":\"Cr\u00e9ez un tableau d&#8217;humeur\"}]},{\"@type\":\"WebSite\",\"@id\":\"https:\\\/\\\/www.koonings.com\\\/fr\\\/#website\",\"url\":\"https:\\\/\\\/www.koonings.com\\\/fr\\\/\",\"name\":\"Koonings\",\"description\":\"De grootste bruidsmodewinkel ter wereld\",\"publisher\":{\"@id\":\"https:\\\/\\\/www.koonings.com\\\/fr\\\/#organization\"},\"potentialAction\":[{\"@type\":\"SearchAction\",\"target\":{\"@type\":\"EntryPoint\",\"urlTemplate\":\"https:\\\/\\\/www.koonings.com\\\/fr\\\/?s={search_term_string}\"},\"query-input\":{\"@type\":\"PropertyValueSpecification\",\"valueRequired\":true,\"valueName\":\"search_term_string\"}}],\"inLanguage\":\"fr-FR\"},{\"@type\":\"Organization\",\"@id\":\"https:\\\/\\\/www.koonings.com\\\/fr\\\/#organization\",\"name\":\"Koonings\",\"url\":\"https:\\\/\\\/www.koonings.com\\\/fr\\\/\",\"logo\":{\"@type\":\"ImageObject\",\"inLanguage\":\"fr-FR\",\"@id\":\"https:\\\/\\\/www.koonings.com\\\/fr\\\/#\\\/schema\\\/logo\\\/image\\\/\",\"url\":\"https:\\\/\\\/www.koonings.com\\\/wp-content\\\/uploads\\\/2024\\\/07\\\/logo.png\",\"contentUrl\":\"https:\\\/\\\/www.koonings.com\\\/wp-content\\\/uploads\\\/2024\\\/07\\\/logo.png\",\"width\":600,\"height\":428,\"caption\":\"Koonings\"},\"image\":{\"@id\":\"https:\\\/\\\/www.koonings.com\\\/fr\\\/#\\\/schema\\\/logo\\\/image\\\/\"},\"sameAs\":[\"https:\\\/\\\/www.facebook.com\\\/kooningstheweddingpalace\",\"https:\\\/\\\/www.instagram.com\\\/kooningstheweddingpalace\",\"https:\\\/\\\/www.pinterest.com\\\/koonings\",\"https:\\\/\\\/www.youtube.com\\\/kooningstheweddingpalace\"]}]}<\/script>\n<!-- \/ Yoast SEO plugin. -->","yoast_head_json":{"title":"Robes de mari\u00e9e Cr\u00e9ez un tableau d'humeur | Koonings%.","description":"Vous \u00eates \u00e0 la recherche de la robe de mari\u00e9e id\u00e9ale ? Gr\u00e2ce \u00e0 notre outil, vous pouvez facilement s\u00e9lectionner vos robes pr\u00e9f\u00e9r\u00e9es et cr\u00e9er un tableau d'humeur personnel.","robots":{"index":"index","follow":"follow","max-snippet":"max-snippet:-1","max-image-preview":"max-image-preview:large","max-video-preview":"max-video-preview:-1"},"canonical":"https:\/\/www.koonings.com\/fr\/creez-un-tableau-dhumeur\/","og_locale":"fr_FR","og_type":"article","og_title":"Robes de mari\u00e9e Cr\u00e9ez un tableau d'humeur | Koonings%.","og_description":"Vous \u00eates \u00e0 la recherche de la robe de mari\u00e9e id\u00e9ale ? Gr\u00e2ce \u00e0 notre outil, vous pouvez facilement s\u00e9lectionner vos robes pr\u00e9f\u00e9r\u00e9es et cr\u00e9er un tableau d'humeur personnel.","og_url":"https:\/\/www.koonings.com\/fr\/creez-un-tableau-dhumeur\/","og_site_name":"Koonings","article_publisher":"https:\/\/www.facebook.com\/kooningstheweddingpalace","article_modified_time":"2026-04-16T06:55:10+00:00","og_image":[{"width":1024,"height":575,"url":"https:\/\/www.koonings.com\/wp-content\/uploads\/2024\/06\/palace-hero-screenshot-1024x575.png","type":"image\/png"}],"twitter_card":"summary_large_image","twitter_misc":{"Dur\u00e9e de lecture estim\u00e9e":"2 minutes"},"schema":{"@context":"https:\/\/schema.org","@graph":[{"@type":"WebPage","@id":"https:\/\/www.koonings.com\/fr\/creez-un-tableau-dhumeur\/","url":"https:\/\/www.koonings.com\/fr\/creez-un-tableau-dhumeur\/","name":"Robes de mari\u00e9e Cr\u00e9ez un tableau d'humeur | Koonings%.","isPartOf":{"@id":"https:\/\/www.koonings.com\/fr\/#website"},"datePublished":"2024-07-19T12:18:53+00:00","dateModified":"2026-04-16T06:55:10+00:00","description":"Vous \u00eates \u00e0 la recherche de la robe de mari\u00e9e id\u00e9ale ? Gr\u00e2ce \u00e0 notre outil, vous pouvez facilement s\u00e9lectionner vos robes pr\u00e9f\u00e9r\u00e9es et cr\u00e9er un tableau d'humeur personnel.","breadcrumb":{"@id":"https:\/\/www.koonings.com\/fr\/creez-un-tableau-dhumeur\/#breadcrumb"},"inLanguage":"fr-FR","potentialAction":[{"@type":"ReadAction","target":["https:\/\/www.koonings.com\/fr\/creez-un-tableau-dhumeur\/"]}]},{"@type":"BreadcrumbList","@id":"https:\/\/www.koonings.com\/fr\/creez-un-tableau-dhumeur\/#breadcrumb","itemListElement":[{"@type":"ListItem","position":1,"name":"Home","item":"https:\/\/www.koonings.com\/fr\/"},{"@type":"ListItem","position":2,"name":"Cr\u00e9ez un tableau d&#8217;humeur"}]},{"@type":"WebSite","@id":"https:\/\/www.koonings.com\/fr\/#website","url":"https:\/\/www.koonings.com\/fr\/","name":"Koonings","description":"De grootste bruidsmodewinkel ter wereld","publisher":{"@id":"https:\/\/www.koonings.com\/fr\/#organization"},"potentialAction":[{"@type":"SearchAction","target":{"@type":"EntryPoint","urlTemplate":"https:\/\/www.koonings.com\/fr\/?s={search_term_string}"},"query-input":{"@type":"PropertyValueSpecification","valueRequired":true,"valueName":"search_term_string"}}],"inLanguage":"fr-FR"},{"@type":"Organization","@id":"https:\/\/www.koonings.com\/fr\/#organization","name":"Koonings","url":"https:\/\/www.koonings.com\/fr\/","logo":{"@type":"ImageObject","inLanguage":"fr-FR","@id":"https:\/\/www.koonings.com\/fr\/#\/schema\/logo\/image\/","url":"https:\/\/www.koonings.com\/wp-content\/uploads\/2024\/07\/logo.png","contentUrl":"https:\/\/www.koonings.com\/wp-content\/uploads\/2024\/07\/logo.png","width":600,"height":428,"caption":"Koonings"},"image":{"@id":"https:\/\/www.koonings.com\/fr\/#\/schema\/logo\/image\/"},"sameAs":["https:\/\/www.facebook.com\/kooningstheweddingpalace","https:\/\/www.instagram.com\/kooningstheweddingpalace","https:\/\/www.pinterest.com\/koonings","https:\/\/www.youtube.com\/kooningstheweddingpalace"]}]}},"_links":{"self":[{"href":"https:\/\/www.koonings.com\/fr\/wp-json\/wp\/v2\/pages\/16605","targetHints":{"allow":["GET"]}}],"collection":[{"href":"https:\/\/www.koonings.com\/fr\/wp-json\/wp\/v2\/pages"}],"about":[{"href":"https:\/\/www.koonings.com\/fr\/wp-json\/wp\/v2\/types\/page"}],"author":[{"embeddable":true,"href":"https:\/\/www.koonings.com\/fr\/wp-json\/wp\/v2\/users\/1"}],"replies":[{"embeddable":true,"href":"https:\/\/www.koonings.com\/fr\/wp-json\/wp\/v2\/comments?post=16605"}],"version-history":[{"count":8,"href":"https:\/\/www.koonings.com\/fr\/wp-json\/wp\/v2\/pages\/16605\/revisions"}],"predecessor-version":[{"id":108831,"href":"https:\/\/www.koonings.com\/fr\/wp-json\/wp\/v2\/pages\/16605\/revisions\/108831"}],"wp:attachment":[{"href":"https:\/\/www.koonings.com\/fr\/wp-json\/wp\/v2\/media?parent=16605"}],"curies":[{"name":"wp","href":"https:\/\/api.w.org\/{rel}","templated":true}]}}