{"id":16599,"date":"2024-07-11T11:46:29","date_gmt":"2024-07-11T09:46:29","guid":{"rendered":"https:\/\/www.koonings.com\/pronovias\/"},"modified":"2024-08-15T09:46:04","modified_gmt":"2024-08-15T07:46:04","slug":"pronovias","status":"publish","type":"page","link":"https:\/\/www.koonings.com\/fr\/deurne\/salles-dexposition\/pronovias\/","title":{"rendered":"Pronovias"},"content":{"rendered":"\r\n\r\n<div class=\"eye-element fullwidth-row alignfull faux-bg--none style-right  alignfull \" style=\"\">\r\n<div class=\"bg bg--none\" style=\"\"><\/div>\r\n\r\n    <div class=\"container\">\r\n        <div class=\"row\">\r\n            <div class=\"col-12\">\r\n                <div class=\"acf-innerblocks-container\">\n\n<div class=\"ghostkit-grid ghostkit-grid-gap-md ghostkit-grid-align-items-center\"><div class=\"ghostkit-grid-inner\">\n<div class=\"ghostkit-col ghostkit-col-md-12 ghostkit-col-6\"><div class=\"ghostkit-col-content is-layout-flow wp-block-ghostkit-grid-column-is-layout-flow\">\r\n<div class=\"eye-element images style-default variant-2 single-image\">\r\n\r\n\t        <div class=\"composition\">\r\n\t\t\t\r\n            <div class=\"swiper images-swiper\">\r\n\r\n\t\t\t\t\r\n                <div class=\"swiper-wrapper\">\r\n\t\t\t\t\t                        <li class=\"swiper-slide\">\r\n                            <img decoding=\"async\" class=\" img-fluid\" src=\"https:\/\/www.koonings.com\/wp-content\/uploads\/2024\/07\/demetrios_2.jpg-1024x601.webp\" srcset=\"https:\/\/www.koonings.com\/wp-content\/uploads\/2024\/07\/demetrios_2.jpg-scaled.webp\" alt=\"Koonings Demetrios Showroom\">\r\n                        <\/li>\r\n\t\t\t\t\t                <\/div>\r\n\r\n                <div class=\"swiper-pagination\"><\/div>\r\n\r\n                <div class=\"swiper-button-prev\"><\/div>\r\n                <div class=\"swiper-button-next\"><\/div>\r\n\r\n            <\/div>\r\n\r\n        <\/div>\r\n\t\r\n\t<\/div><\/div><\/div>\n\n\n\n<div class=\"ghostkit-col ghostkit-col-md-12 ghostkit-col-6\"><div class=\"ghostkit-col-content is-layout-flow wp-block-ghostkit-grid-column-is-layout-flow\">\n<h1 class=\"wp-block-heading\" id=\"pronovias\">Pronovias<\/h1>\n\n\n\n<h3 class=\"wp-block-heading\" id=\"showroom-binnen-koonings\">Salle d&#8217;exposition au sein de Koonings<\/h3>\n\n\n\n<p>Cette marque est connue pour ses coupes parfaites.\nLes tissus et les mat\u00e9riaux sont de haute qualit\u00e9 et constituent une option \u00e9l\u00e9gante pour les mari\u00e9es soucieuses de la mode.   <\/p>\n<\/div><\/div>\n<\/div><\/div>\n\n<\/div>\r\n            <\/div>\r\n        <\/div>\r\n    <\/div>\r\n\r\n<\/div>\r\n\r\n    \r\n\r\n<div class=\"eye-element fullwidth-row alignfull faux-bg--lightgray style-left  alignfull \" style=\"\">\r\n<div class=\"bg bg--lightgray\" style=\"\"><\/div>\r\n\r\n    <div class=\"container\">\r\n        <div class=\"row\">\r\n            <div class=\"col-12\">\r\n                <div class=\"acf-innerblocks-container\">\n\n<div class=\"ghostkit-grid ghostkit-grid-gap-md ghostkit-grid-align-items-center\"><div class=\"ghostkit-grid-inner\">\n<div class=\"ghostkit-col ghostkit-col-md-12 ghostkit-col-6 ghostkit-col-align-self-center\"><div class=\"ghostkit-col-content is-layout-flow wp-block-ghostkit-grid-column-is-layout-flow\">\n<h2 class=\"wp-block-heading\" id=\"pronovias-trouwjurk\">Robe de mari\u00e9e Pronovias<\/h2>\n\n\n\n<p>La marque Pronovias, d&#8217;origine espagnole, est la marque internationale de la mode nuptiale.\nLeader lorsqu&#8217;il s&#8217;agit des derni\u00e8res tendances et conceptions.\nPronovias propose une large gamme de styles diff\u00e9rents et les robes sont connues pour leur aspect romantique, classique et \u00e9l\u00e9gant.\nLes robes de mari\u00e9e sont fabriqu\u00e9es dans des tissus magnifiques et luxueux : la robe parfaite pour la mari\u00e9e \u00e0 la recherche d&#8217;une robe glamour.\nNous disposons d&#8217;un large choix parmi les diff\u00e9rents styles propos\u00e9s par Pronovias.\nOptez-vous pour une robe de mari\u00e9e classique, boh\u00e8me, vintage ou simplement moderne ?     <\/p>\n<\/div><\/div>\n\n\n\n<div class=\"ghostkit-col ghostkit-col-md-12 ghostkit-col-6\"><div class=\"ghostkit-col-content is-layout-flow wp-block-ghostkit-grid-column-is-layout-flow\">\r\n<div class=\"eye-element images style-default variant-1 multi-image\">\r\n\r\n\t        <div class=\"composition\">\r\n\t\t\t                <div class=\"image-0\">\r\n                    <img decoding=\"async\" class=\"img-fluid\" src=\"https:\/\/www.koonings.com\/wp-content\/uploads\/2024\/07\/pronovias_1-189x300.png\" srcset=\"https:\/\/www.koonings.com\/wp-content\/uploads\/2024\/07\/pronovias_1-189x300.png 189w, https:\/\/www.koonings.com\/wp-content\/uploads\/2024\/07\/pronovias_1.png 322w\" alt=\"Koonings Pronovias Showroom\">\r\n                <\/div>\r\n\t\t\t\r\n            <div class=\"swiper images-swiper\">\r\n\r\n\t\t\t\t\r\n                <div class=\"swiper-wrapper\">\r\n\t\t\t\t\t                        <li class=\"swiper-slide\">\r\n                            <img decoding=\"async\" class=\" img-fluid\" src=\"https:\/\/www.koonings.com\/wp-content\/uploads\/2024\/07\/pronovias_2.png\" srcset=\"https:\/\/www.koonings.com\/wp-content\/uploads\/2024\/07\/pronovias_2.png\" alt=\"Koonings Pronovias Showroom\">\r\n                        <\/li>\r\n\t\t\t\t\t                <\/div>\r\n\r\n                <div class=\"swiper-pagination\"><\/div>\r\n\r\n                <div class=\"swiper-button-prev\"><\/div>\r\n                <div class=\"swiper-button-next\"><\/div>\r\n\r\n            <\/div>\r\n\r\n        <\/div>\r\n\t\r\n\t<\/div><\/div><\/div>\n<\/div><\/div>\n\n<\/div>\r\n            <\/div>\r\n        <\/div>\r\n    <\/div>\r\n\r\n<\/div>\r\n\r\n    \r\n\r\n<div class=\"eye-element fullwidth-row alignfull style-both bg--white  alignfull \" style=\" \">\r\n\r\n    <div class=\"container\">\r\n        <div class=\"row\">\r\n            <div class=\"col-12\">\r\n                <div class=\"acf-innerblocks-container\">\n\n<div class=\"ghostkit-grid ghostkit-grid-gap-md\"><div class=\"ghostkit-grid-inner\">\n<div class=\"ghostkit-col ghostkit-col-lg-12 ghostkit-col-4\"><div class=\"ghostkit-col-content is-layout-flow wp-block-ghostkit-grid-column-is-layout-flow\">\n<figure class=\"wp-block-image size-large\"><img decoding=\"async\" width=\"742\" height=\"1024\" src=\"https:\/\/www.koonings.com\/wp-content\/uploads\/2024\/07\/pronovias_3-742x1024.webp\" alt=\"Koonings Pronovias Showroom\" class=\"wp-image-2098\" style=\"aspect-ratio:3\/4;object-fit:cover\" srcset=\"https:\/\/www.koonings.com\/wp-content\/uploads\/2024\/07\/pronovias_3-742x1024.webp 742w, https:\/\/www.koonings.com\/wp-content\/uploads\/2024\/07\/pronovias_3-217x300.webp 217w, https:\/\/www.koonings.com\/wp-content\/uploads\/2024\/07\/pronovias_3-768x1060.webp 768w, https:\/\/www.koonings.com\/wp-content\/uploads\/2024\/07\/pronovias_3.webp 942w\" sizes=\"(max-width: 742px) 100vw, 742px\" \/><\/figure>\n<\/div><\/div>\n\n\n\n<div class=\"ghostkit-col ghostkit-col-lg-12 ghostkit-col-4\"><div class=\"ghostkit-col-content is-layout-flow wp-block-ghostkit-grid-column-is-layout-flow\">\n<figure class=\"wp-block-image size-large\"><img decoding=\"async\" width=\"532\" height=\"1024\" src=\"https:\/\/www.koonings.com\/wp-content\/uploads\/2024\/07\/pronovias_4-532x1024.webp\" alt=\"Koonings Pronovias Showroom\" class=\"wp-image-2102\" style=\"aspect-ratio:3\/4;object-fit:cover\" srcset=\"https:\/\/www.koonings.com\/wp-content\/uploads\/2024\/07\/pronovias_4-532x1024.webp 532w, https:\/\/www.koonings.com\/wp-content\/uploads\/2024\/07\/pronovias_4-156x300.webp 156w, https:\/\/www.koonings.com\/wp-content\/uploads\/2024\/07\/pronovias_4.webp 675w\" sizes=\"(max-width: 532px) 100vw, 532px\" \/><\/figure>\n<\/div><\/div>\n\n\n\n<div class=\"ghostkit-col ghostkit-col-lg-12 ghostkit-col-4\"><div class=\"ghostkit-col-content is-layout-flow wp-block-ghostkit-grid-column-is-layout-flow\">\n<figure class=\"wp-block-image size-large\"><img decoding=\"async\" width=\"680\" height=\"1024\" src=\"https:\/\/www.koonings.com\/wp-content\/uploads\/2024\/07\/pronovias_5-680x1024.webp\" alt=\"Koonings Pronovias Showroom\" class=\"wp-image-2106\" style=\"aspect-ratio:3\/4;object-fit:cover\" srcset=\"https:\/\/www.koonings.com\/wp-content\/uploads\/2024\/07\/pronovias_5-680x1024.webp 680w, https:\/\/www.koonings.com\/wp-content\/uploads\/2024\/07\/pronovias_5-199x300.webp 199w, https:\/\/www.koonings.com\/wp-content\/uploads\/2024\/07\/pronovias_5-768x1157.webp 768w, https:\/\/www.koonings.com\/wp-content\/uploads\/2024\/07\/pronovias_5.webp 863w\" sizes=\"(max-width: 680px) 100vw, 680px\" \/><\/figure>\n<\/div><\/div>\n<\/div><\/div>\n\n<\/div>\r\n            <\/div>\r\n        <\/div>\r\n    <\/div>\r\n\r\n<\/div>\r\n\r\n    \r\n\r\n<div class=\"eye-element fullwidth-row alignfull faux-bg--lightgray style-right  alignfull \" style=\"\">\r\n<div class=\"bg bg--lightgray\" style=\"\"><\/div>\r\n\r\n    <div class=\"container\">\r\n        <div class=\"row\">\r\n            <div class=\"col-12\">\r\n                <div class=\"acf-innerblocks-container\">\n\n<div class=\"ghostkit-grid ghostkit-grid-gap-md ghostkit-grid-align-items-center\"><div class=\"ghostkit-grid-inner\">\n<div class=\"ghostkit-col ghostkit-col-md-12 ghostkit-col-6\"><div class=\"ghostkit-col-content is-layout-flow wp-block-ghostkit-grid-column-is-layout-flow\">\r\n<div class=\"eye-element images style-default variant-2 single-image\">\r\n\r\n\t        <div class=\"composition\">\r\n\t\t\t\r\n            <div class=\"swiper images-swiper\">\r\n\r\n\t\t\t\t\r\n                <div class=\"swiper-wrapper\">\r\n\t\t\t\t\t                        <li class=\"swiper-slide\">\r\n                            <img decoding=\"async\" class=\" img-fluid\" src=\"https:\/\/www.koonings.com\/wp-content\/uploads\/2024\/07\/pronovias_6.jpg-1024x768.webp\" srcset=\"https:\/\/www.koonings.com\/wp-content\/uploads\/2024\/07\/pronovias_6.jpg.webp\" alt=\"De marmeren vloer en gouden accenten. De ruimte van Pronovias is net zo on trend als het merk zelf. De spiegels zijn versierd met ornamenten: een knipoog naar de grootsheid en het karakteristieke karakter van Pronovias.\n\n\">\r\n                        <\/li>\r\n\t\t\t\t\t                <\/div>\r\n\r\n                <div class=\"swiper-pagination\"><\/div>\r\n\r\n                <div class=\"swiper-button-prev\"><\/div>\r\n                <div class=\"swiper-button-next\"><\/div>\r\n\r\n            <\/div>\r\n\r\n        <\/div>\r\n\t\r\n\t<\/div><\/div><\/div>\n\n\n\n<div class=\"ghostkit-col ghostkit-col-md-12 ghostkit-col-6\"><div class=\"ghostkit-col-content is-layout-flow wp-block-ghostkit-grid-column-is-layout-flow\">\n<h2 class=\"wp-block-heading\" id=\"internationale-allure\">Une allure internationale<\/h2>\n\n\n\n<p>Le sol en marbre et les touches d&#8217;or.\nL&#8217;espace Pronovias est aussi <em>tendance<\/em> que la marque elle-m\u00eame.\nLes miroirs sont d\u00e9cor\u00e9s d&#8217;ornements : un clin d&#8217;\u0153il \u00e0 la grandeur et \u00e0 la signature de Pronovias.  <\/p>\n<\/div><\/div>\n<\/div><\/div>\n\n<\/div>\r\n            <\/div>\r\n        <\/div>\r\n    <\/div>\r\n\r\n<\/div>\r\n\r\n    \r\n\r\n<div class=\"eye-element fullwidth-row alignfull style-both bg--white  alignfull \" style=\" \">\r\n\r\n    <div class=\"container\">\r\n        <div class=\"row\">\r\n            <div class=\"col-12\">\r\n                <div class=\"acf-innerblocks-container\">\n\n<div class=\"ghostkit-grid ghostkit-grid-gap-md\"><div class=\"ghostkit-grid-inner\">\n<div class=\"ghostkit-col ghostkit-col-lg-12 ghostkit-col-4\"><div class=\"ghostkit-col-content is-layout-flow wp-block-ghostkit-grid-column-is-layout-flow\">\n<figure class=\"wp-block-image size-large\"><img decoding=\"async\" width=\"723\" height=\"1024\" src=\"https:\/\/www.koonings.com\/wp-content\/uploads\/2024\/07\/koonings-trouwjurk-pronovias-privee-flamenca-bruidsmode-a.jpg-723x1024.webp\" alt=\"Robe de mari&#xE9;e Koonings Pronovias Privee Flamenca\" class=\"wp-image-2115\" style=\"aspect-ratio:3\/4;object-fit:cover\" srcset=\"https:\/\/www.koonings.com\/wp-content\/uploads\/2024\/07\/koonings-trouwjurk-pronovias-privee-flamenca-bruidsmode-a.jpg-723x1024.webp 723w, https:\/\/www.koonings.com\/wp-content\/uploads\/2024\/07\/koonings-trouwjurk-pronovias-privee-flamenca-bruidsmode-a.jpg-212x300.webp 212w, https:\/\/www.koonings.com\/wp-content\/uploads\/2024\/07\/koonings-trouwjurk-pronovias-privee-flamenca-bruidsmode-a.jpg-768x1088.webp 768w, https:\/\/www.koonings.com\/wp-content\/uploads\/2024\/07\/koonings-trouwjurk-pronovias-privee-flamenca-bruidsmode-a.jpg.webp 918w\" sizes=\"(max-width: 723px) 100vw, 723px\" \/><\/figure>\n<\/div><\/div>\n\n\n\n<div class=\"ghostkit-col ghostkit-col-lg-12 ghostkit-col-4\"><div class=\"ghostkit-col-content is-layout-flow wp-block-ghostkit-grid-column-is-layout-flow\">\n<figure class=\"wp-block-image size-large\"><img decoding=\"async\" width=\"725\" height=\"1024\" src=\"https:\/\/www.koonings.com\/wp-content\/uploads\/2024\/07\/koonings-trouwjurk-pronovias-privee-firenza-bruidsmode-a.jpg-725x1024.webp\" alt=\"Robe de mari&#xE9;e Koonings Pronovias Privee Firenza\" class=\"wp-image-2119\" style=\"aspect-ratio:3\/4;object-fit:cover\" srcset=\"https:\/\/www.koonings.com\/wp-content\/uploads\/2024\/07\/koonings-trouwjurk-pronovias-privee-firenza-bruidsmode-a.jpg-725x1024.webp 725w, https:\/\/www.koonings.com\/wp-content\/uploads\/2024\/07\/koonings-trouwjurk-pronovias-privee-firenza-bruidsmode-a.jpg-213x300.webp 213w, https:\/\/www.koonings.com\/wp-content\/uploads\/2024\/07\/koonings-trouwjurk-pronovias-privee-firenza-bruidsmode-a.jpg-768x1084.webp 768w, https:\/\/www.koonings.com\/wp-content\/uploads\/2024\/07\/koonings-trouwjurk-pronovias-privee-firenza-bruidsmode-a.jpg.webp 921w\" sizes=\"(max-width: 725px) 100vw, 725px\" \/><\/figure>\n<\/div><\/div>\n\n\n\n<div class=\"ghostkit-col ghostkit-col-lg-12 ghostkit-col-4\"><div class=\"ghostkit-col-content is-layout-flow wp-block-ghostkit-grid-column-is-layout-flow\">\n<figure class=\"wp-block-image size-large\"><img decoding=\"async\" width=\"724\" height=\"1024\" src=\"https:\/\/www.koonings.com\/wp-content\/uploads\/2024\/07\/koonings-trouwjurk-pronovias-joy-charleston-bruidsmode-a.jpg-724x1024.webp\" alt=\"Robe de mari&#xE9;e Koonings Pronovias Joy Charleston\" class=\"wp-image-2123\" style=\"aspect-ratio:3\/4;object-fit:cover\" srcset=\"https:\/\/www.koonings.com\/wp-content\/uploads\/2024\/07\/koonings-trouwjurk-pronovias-joy-charleston-bruidsmode-a.jpg-724x1024.webp 724w, https:\/\/www.koonings.com\/wp-content\/uploads\/2024\/07\/koonings-trouwjurk-pronovias-joy-charleston-bruidsmode-a.jpg-212x300.webp 212w, https:\/\/www.koonings.com\/wp-content\/uploads\/2024\/07\/koonings-trouwjurk-pronovias-joy-charleston-bruidsmode-a.jpg-768x1086.webp 768w, https:\/\/www.koonings.com\/wp-content\/uploads\/2024\/07\/koonings-trouwjurk-pronovias-joy-charleston-bruidsmode-a.jpg.webp 919w\" sizes=\"(max-width: 724px) 100vw, 724px\" \/><\/figure>\n<\/div><\/div>\n<\/div><\/div>\n\n<\/div>\r\n            <\/div>\r\n        <\/div>\r\n    <\/div>\r\n\r\n<\/div>\r\n\r\n    \r\n\r\n<div class=\"eye-element fullwidth-row alignfull style-both bg--none  alignfull \" style=\" \">\r\n\r\n    <div class=\"container\">\r\n        <div class=\"row\">\r\n            <div class=\"col-12\">\r\n                <div class=\"acf-innerblocks-container\">\n\n<h2 class=\"wp-block-heading has-text-align-center\" id=\"ben-jij-een-pronovias-bruid\">\u00cates-vous une mari\u00e9e Pronovias ?<\/h2>\n\n\n\r\n<div class=\"eye-element bsbutton text-center \" >\r\n\t        <a class=\"btn btn-primary\" href=\"https:\/\/www.koonings.com\/fr\/mariee\/robes-de-mariee\/\"\r\n           target=\"\">Voir la collection Pronovias<\/a>\r\n\t<\/div>\n<\/div>\r\n            <\/div>\r\n        <\/div>\r\n    <\/div>\r\n\r\n<\/div>\r\n\r\n    ","protected":false},"excerpt":{"rendered":"","protected":false},"author":1,"featured_media":0,"parent":16609,"menu_order":0,"comment_status":"closed","ping_status":"closed","template":"","meta":{"_acf_changed":false,"ghostkit_customizer_options":"","ghostkit_custom_css":"","ghostkit_custom_js_head":"","ghostkit_custom_js_foot":"","ghostkit_typography":"","footnotes":""},"class_list":["post-16599","page","type-page","status-publish","hentry"],"acf":[],"yoast_head":"<!-- This site is optimized with the Yoast SEO plugin v27.3 - https:\/\/yoast.com\/product\/yoast-seo-wordpress\/ -->\n<title>Pronovias | Koonings<\/title>\n<meta name=\"robots\" content=\"index, follow, max-snippet:-1, max-image-preview:large, max-video-preview:-1\" \/>\n<link rel=\"canonical\" href=\"https:\/\/www.koonings.com\/fr\/deurne\/salles-dexposition\/pronovias\/\" \/>\n<meta property=\"og:locale\" content=\"fr_FR\" \/>\n<meta property=\"og:type\" content=\"article\" \/>\n<meta property=\"og:title\" content=\"Pronovias | Koonings\" \/>\n<meta property=\"og:url\" content=\"https:\/\/www.koonings.com\/fr\/deurne\/salles-dexposition\/pronovias\/\" \/>\n<meta property=\"og:site_name\" content=\"Koonings\" \/>\n<meta property=\"article:publisher\" content=\"https:\/\/www.facebook.com\/kooningstheweddingpalace\" \/>\n<meta property=\"article:modified_time\" content=\"2024-08-15T07:46:04+00:00\" \/>\n<meta property=\"og:image\" content=\"https:\/\/www.koonings.com\/wp-content\/uploads\/2024\/07\/pronovias_3-742x1024.webp\" \/>\n<meta name=\"twitter:card\" content=\"summary_large_image\" \/>\n<meta name=\"twitter:label1\" content=\"Dur\u00e9e de lecture estim\u00e9e\" \/>\n\t<meta name=\"twitter:data1\" content=\"1 minute\" \/>\n<script type=\"application\/ld+json\" class=\"yoast-schema-graph\">{\"@context\":\"https:\\\/\\\/schema.org\",\"@graph\":[{\"@type\":\"WebPage\",\"@id\":\"https:\\\/\\\/www.koonings.com\\\/fr\\\/deurne\\\/salles-dexposition\\\/pronovias\\\/\",\"url\":\"https:\\\/\\\/www.koonings.com\\\/fr\\\/deurne\\\/salles-dexposition\\\/pronovias\\\/\",\"name\":\"Pronovias | Koonings\",\"isPartOf\":{\"@id\":\"https:\\\/\\\/www.koonings.com\\\/fr\\\/#website\"},\"primaryImageOfPage\":{\"@id\":\"https:\\\/\\\/www.koonings.com\\\/fr\\\/deurne\\\/salles-dexposition\\\/pronovias\\\/#primaryimage\"},\"image\":{\"@id\":\"https:\\\/\\\/www.koonings.com\\\/fr\\\/deurne\\\/salles-dexposition\\\/pronovias\\\/#primaryimage\"},\"thumbnailUrl\":\"https:\\\/\\\/www.koonings.com\\\/wp-content\\\/uploads\\\/2024\\\/07\\\/pronovias_3-742x1024.webp\",\"datePublished\":\"2024-07-11T09:46:29+00:00\",\"dateModified\":\"2024-08-15T07:46:04+00:00\",\"breadcrumb\":{\"@id\":\"https:\\\/\\\/www.koonings.com\\\/fr\\\/deurne\\\/salles-dexposition\\\/pronovias\\\/#breadcrumb\"},\"inLanguage\":\"fr-FR\",\"potentialAction\":[{\"@type\":\"ReadAction\",\"target\":[\"https:\\\/\\\/www.koonings.com\\\/fr\\\/deurne\\\/salles-dexposition\\\/pronovias\\\/\"]}]},{\"@type\":\"ImageObject\",\"inLanguage\":\"fr-FR\",\"@id\":\"https:\\\/\\\/www.koonings.com\\\/fr\\\/deurne\\\/salles-dexposition\\\/pronovias\\\/#primaryimage\",\"url\":\"https:\\\/\\\/www.koonings.com\\\/wp-content\\\/uploads\\\/2024\\\/07\\\/pronovias_3-742x1024.webp\",\"contentUrl\":\"https:\\\/\\\/www.koonings.com\\\/wp-content\\\/uploads\\\/2024\\\/07\\\/pronovias_3-742x1024.webp\"},{\"@type\":\"BreadcrumbList\",\"@id\":\"https:\\\/\\\/www.koonings.com\\\/fr\\\/deurne\\\/salles-dexposition\\\/pronovias\\\/#breadcrumb\",\"itemListElement\":[{\"@type\":\"ListItem\",\"position\":1,\"name\":\"Home\",\"item\":\"https:\\\/\\\/www.koonings.com\\\/fr\\\/\"},{\"@type\":\"ListItem\",\"position\":2,\"name\":\"Deurne\",\"item\":\"https:\\\/\\\/www.koonings.com\\\/fr\\\/deurne\\\/\"},{\"@type\":\"ListItem\",\"position\":3,\"name\":\"Salles d&rsquo;exposition\",\"item\":\"https:\\\/\\\/www.koonings.com\\\/fr\\\/deurne\\\/salles-dexposition\\\/\"},{\"@type\":\"ListItem\",\"position\":4,\"name\":\"Pronovias\"}]},{\"@type\":\"WebSite\",\"@id\":\"https:\\\/\\\/www.koonings.com\\\/fr\\\/#website\",\"url\":\"https:\\\/\\\/www.koonings.com\\\/fr\\\/\",\"name\":\"Koonings\",\"description\":\"De grootste bruidsmodewinkel ter wereld\",\"publisher\":{\"@id\":\"https:\\\/\\\/www.koonings.com\\\/fr\\\/#organization\"},\"potentialAction\":[{\"@type\":\"SearchAction\",\"target\":{\"@type\":\"EntryPoint\",\"urlTemplate\":\"https:\\\/\\\/www.koonings.com\\\/fr\\\/?s={search_term_string}\"},\"query-input\":{\"@type\":\"PropertyValueSpecification\",\"valueRequired\":true,\"valueName\":\"search_term_string\"}}],\"inLanguage\":\"fr-FR\"},{\"@type\":\"Organization\",\"@id\":\"https:\\\/\\\/www.koonings.com\\\/fr\\\/#organization\",\"name\":\"Koonings\",\"url\":\"https:\\\/\\\/www.koonings.com\\\/fr\\\/\",\"logo\":{\"@type\":\"ImageObject\",\"inLanguage\":\"fr-FR\",\"@id\":\"https:\\\/\\\/www.koonings.com\\\/fr\\\/#\\\/schema\\\/logo\\\/image\\\/\",\"url\":\"https:\\\/\\\/www.koonings.com\\\/wp-content\\\/uploads\\\/2024\\\/07\\\/logo.png\",\"contentUrl\":\"https:\\\/\\\/www.koonings.com\\\/wp-content\\\/uploads\\\/2024\\\/07\\\/logo.png\",\"width\":600,\"height\":428,\"caption\":\"Koonings\"},\"image\":{\"@id\":\"https:\\\/\\\/www.koonings.com\\\/fr\\\/#\\\/schema\\\/logo\\\/image\\\/\"},\"sameAs\":[\"https:\\\/\\\/www.facebook.com\\\/kooningstheweddingpalace\",\"https:\\\/\\\/www.instagram.com\\\/kooningstheweddingpalace\",\"https:\\\/\\\/www.pinterest.com\\\/koonings\",\"https:\\\/\\\/www.youtube.com\\\/kooningstheweddingpalace\"]}]}<\/script>\n<!-- \/ Yoast SEO plugin. -->","yoast_head_json":{"title":"Pronovias | Koonings","robots":{"index":"index","follow":"follow","max-snippet":"max-snippet:-1","max-image-preview":"max-image-preview:large","max-video-preview":"max-video-preview:-1"},"canonical":"https:\/\/www.koonings.com\/fr\/deurne\/salles-dexposition\/pronovias\/","og_locale":"fr_FR","og_type":"article","og_title":"Pronovias | Koonings","og_url":"https:\/\/www.koonings.com\/fr\/deurne\/salles-dexposition\/pronovias\/","og_site_name":"Koonings","article_publisher":"https:\/\/www.facebook.com\/kooningstheweddingpalace","article_modified_time":"2024-08-15T07:46:04+00:00","og_image":[{"url":"https:\/\/www.koonings.com\/wp-content\/uploads\/2024\/07\/pronovias_3-742x1024.webp","type":"","width":"","height":""}],"twitter_card":"summary_large_image","twitter_misc":{"Dur\u00e9e de lecture estim\u00e9e":"1 minute"},"schema":{"@context":"https:\/\/schema.org","@graph":[{"@type":"WebPage","@id":"https:\/\/www.koonings.com\/fr\/deurne\/salles-dexposition\/pronovias\/","url":"https:\/\/www.koonings.com\/fr\/deurne\/salles-dexposition\/pronovias\/","name":"Pronovias | Koonings","isPartOf":{"@id":"https:\/\/www.koonings.com\/fr\/#website"},"primaryImageOfPage":{"@id":"https:\/\/www.koonings.com\/fr\/deurne\/salles-dexposition\/pronovias\/#primaryimage"},"image":{"@id":"https:\/\/www.koonings.com\/fr\/deurne\/salles-dexposition\/pronovias\/#primaryimage"},"thumbnailUrl":"https:\/\/www.koonings.com\/wp-content\/uploads\/2024\/07\/pronovias_3-742x1024.webp","datePublished":"2024-07-11T09:46:29+00:00","dateModified":"2024-08-15T07:46:04+00:00","breadcrumb":{"@id":"https:\/\/www.koonings.com\/fr\/deurne\/salles-dexposition\/pronovias\/#breadcrumb"},"inLanguage":"fr-FR","potentialAction":[{"@type":"ReadAction","target":["https:\/\/www.koonings.com\/fr\/deurne\/salles-dexposition\/pronovias\/"]}]},{"@type":"ImageObject","inLanguage":"fr-FR","@id":"https:\/\/www.koonings.com\/fr\/deurne\/salles-dexposition\/pronovias\/#primaryimage","url":"https:\/\/www.koonings.com\/wp-content\/uploads\/2024\/07\/pronovias_3-742x1024.webp","contentUrl":"https:\/\/www.koonings.com\/wp-content\/uploads\/2024\/07\/pronovias_3-742x1024.webp"},{"@type":"BreadcrumbList","@id":"https:\/\/www.koonings.com\/fr\/deurne\/salles-dexposition\/pronovias\/#breadcrumb","itemListElement":[{"@type":"ListItem","position":1,"name":"Home","item":"https:\/\/www.koonings.com\/fr\/"},{"@type":"ListItem","position":2,"name":"Deurne","item":"https:\/\/www.koonings.com\/fr\/deurne\/"},{"@type":"ListItem","position":3,"name":"Salles d&rsquo;exposition","item":"https:\/\/www.koonings.com\/fr\/deurne\/salles-dexposition\/"},{"@type":"ListItem","position":4,"name":"Pronovias"}]},{"@type":"WebSite","@id":"https:\/\/www.koonings.com\/fr\/#website","url":"https:\/\/www.koonings.com\/fr\/","name":"Koonings","description":"De grootste bruidsmodewinkel ter wereld","publisher":{"@id":"https:\/\/www.koonings.com\/fr\/#organization"},"potentialAction":[{"@type":"SearchAction","target":{"@type":"EntryPoint","urlTemplate":"https:\/\/www.koonings.com\/fr\/?s={search_term_string}"},"query-input":{"@type":"PropertyValueSpecification","valueRequired":true,"valueName":"search_term_string"}}],"inLanguage":"fr-FR"},{"@type":"Organization","@id":"https:\/\/www.koonings.com\/fr\/#organization","name":"Koonings","url":"https:\/\/www.koonings.com\/fr\/","logo":{"@type":"ImageObject","inLanguage":"fr-FR","@id":"https:\/\/www.koonings.com\/fr\/#\/schema\/logo\/image\/","url":"https:\/\/www.koonings.com\/wp-content\/uploads\/2024\/07\/logo.png","contentUrl":"https:\/\/www.koonings.com\/wp-content\/uploads\/2024\/07\/logo.png","width":600,"height":428,"caption":"Koonings"},"image":{"@id":"https:\/\/www.koonings.com\/fr\/#\/schema\/logo\/image\/"},"sameAs":["https:\/\/www.facebook.com\/kooningstheweddingpalace","https:\/\/www.instagram.com\/kooningstheweddingpalace","https:\/\/www.pinterest.com\/koonings","https:\/\/www.youtube.com\/kooningstheweddingpalace"]}]}},"_links":{"self":[{"href":"https:\/\/www.koonings.com\/fr\/wp-json\/wp\/v2\/pages\/16599","targetHints":{"allow":["GET"]}}],"collection":[{"href":"https:\/\/www.koonings.com\/fr\/wp-json\/wp\/v2\/pages"}],"about":[{"href":"https:\/\/www.koonings.com\/fr\/wp-json\/wp\/v2\/types\/page"}],"author":[{"embeddable":true,"href":"https:\/\/www.koonings.com\/fr\/wp-json\/wp\/v2\/users\/1"}],"replies":[{"embeddable":true,"href":"https:\/\/www.koonings.com\/fr\/wp-json\/wp\/v2\/comments?post=16599"}],"version-history":[{"count":2,"href":"https:\/\/www.koonings.com\/fr\/wp-json\/wp\/v2\/pages\/16599\/revisions"}],"predecessor-version":[{"id":23025,"href":"https:\/\/www.koonings.com\/fr\/wp-json\/wp\/v2\/pages\/16599\/revisions\/23025"}],"up":[{"embeddable":true,"href":"https:\/\/www.koonings.com\/fr\/wp-json\/wp\/v2\/pages\/16609"}],"wp:attachment":[{"href":"https:\/\/www.koonings.com\/fr\/wp-json\/wp\/v2\/media?parent=16599"}],"curies":[{"name":"wp","href":"https:\/\/api.w.org\/{rel}","templated":true}]}}