{"id":16588,"date":"2024-08-02T16:08:27","date_gmt":"2024-08-02T14:08:27","guid":{"rendered":"https:\/\/www.koonings.com\/carte-de-menu-roberts-trattoria\/"},"modified":"2025-09-29T12:13:24","modified_gmt":"2025-09-29T10:13:24","slug":"carte-de-menu-roberts-trattoria","status":"publish","type":"page","link":"https:\/\/www.koonings.com\/fr\/deurne\/restaurants\/roberts-trattoria\/carte-de-menu-roberts-trattoria\/","title":{"rendered":"Carte de menu Roberts Trattoria"},"content":{"rendered":"\r\n\r\n<div class=\"eye-element fullwidth-row alignfull style-both bg--none  alignfull \" style=\" \">\r\n\r\n    <div class=\"container\">\r\n        <div class=\"row\">\r\n            <div class=\"col-12\">\r\n                <div class=\"acf-innerblocks-container\">\n\n<h1 class=\"wp-block-heading has-text-align-center\" id=\"inekes-restaurant\">Menu de la Roberts Trattoria<\/h1>\n\n\n\n<p class=\"has-text-align-center\">Voulez-vous bien pr\u00e9parer votre visite \u00e0 la Roberts Trattoria ? Ou \u00eates-vous simplement curieux de savoir ce que nous avons au menu ? Alors jetez un coup d&#8217;\u0153il au menu avec les allerg\u00e8nes correspondants ci-dessous.  <\/p>\n\n\n\r\n<div class=\"eye-element bsbutton text-center \" >\r\n\t        <a class=\"btn btn-gold\" href=\"#aanvraagformulier\"\r\n           target=\"\">R\u00e9servez votre table \u00e0 l&#8217;avance<\/a>\r\n\t<\/div>\n<\/div>\r\n            <\/div>\r\n        <\/div>\r\n    <\/div>\r\n\r\n<\/div>\r\n\r\n    \r\n\r\n<div class=\"eye-element fullwidth-row alignfull style-both bg--white  alignfull \" style=\" \">\r\n\r\n    <div class=\"container\">\r\n        <div class=\"row\">\r\n            <div class=\"col-12\">\r\n                <div class=\"acf-innerblocks-container\">\n\n<div class=\"wp-block-group g-3 is-content-justification-center is-layout-flex wp-container-core-group-is-layout-64b26803 wp-block-group-is-layout-flex\">\n<figure class=\"wp-block-image size-large\"><img decoding=\"async\" width=\"724\" height=\"1024\" src=\"https:\/\/www.koonings.com\/wp-content\/uploads\/2024\/08\/KOO_robertstratoria_menukaart_augustus2024_website_page-0001-724x1024.jpg\" alt=\"\" class=\"wp-image-23783\" srcset=\"https:\/\/www.koonings.com\/wp-content\/uploads\/2024\/08\/KOO_robertstratoria_menukaart_augustus2024_website_page-0001-724x1024.jpg 724w, https:\/\/www.koonings.com\/wp-content\/uploads\/2024\/08\/KOO_robertstratoria_menukaart_augustus2024_website_page-0001-212x300.jpg 212w, https:\/\/www.koonings.com\/wp-content\/uploads\/2024\/08\/KOO_robertstratoria_menukaart_augustus2024_website_page-0001-768x1086.jpg 768w, https:\/\/www.koonings.com\/wp-content\/uploads\/2024\/08\/KOO_robertstratoria_menukaart_augustus2024_website_page-0001-1086x1536.jpg 1086w, https:\/\/www.koonings.com\/wp-content\/uploads\/2024\/08\/KOO_robertstratoria_menukaart_augustus2024_website_page-0001-1448x2048.jpg 1448w, https:\/\/www.koonings.com\/wp-content\/uploads\/2024\/08\/KOO_robertstratoria_menukaart_augustus2024_website_page-0001-scaled.jpg 1811w\" sizes=\"(max-width: 724px) 100vw, 724px\" \/><\/figure>\n<\/div>\n\n<\/div>\r\n            <\/div>\r\n        <\/div>\r\n    <\/div>\r\n\r\n<\/div>\r\n\r\n    \r\n\r\n<div class=\"eye-element fullwidth-row alignfull style-both bg--none  alignfull \" style=\" \">\r\n\r\n    <div class=\"container\">\r\n        <div class=\"row\">\r\n            <div class=\"col-12\">\r\n                <div class=\"acf-innerblocks-container\">\n\n<h1 class=\"wp-block-heading has-text-align-center\" id=\"aanvraagformulier\">Arr\u00eatez-vous \u00e0 la Roberts Trattoria<\/h1>\n\n\n\n<p class=\"has-text-align-center\"><em>Avez-vous des besoins alimentaires particuliers ou des allergies ?<\/em> <em>Veuillez nous en informer \u00e0 l&#8217;avance par t\u00e9l\u00e9phone, en appelant le 0493 313 220.<\/em><\/p>\n\n\n\n<p class=\"has-text-align-center\"><strong>Une r\u00e9servation n&#8217;est d\u00e9finitive que sur r\u00e9ponse de Roberts Trattoria.<\/strong><\/p>\n\n\n<div class=\"wpforms-container wpforms-container-full wpforms-block wpforms-block-92122553-cc94-4a3d-82c5-45ea7daaf653 wpforms-render-modern\" id=\"wpforms-4680\"><form id=\"wpforms-form-4680\" class=\"wpforms-validate wpforms-form wpforms-ajax-form\" data-formid=\"4680\" method=\"post\" enctype=\"multipart\/form-data\" action=\"\/fr\/wp-json\/wp\/v2\/pages\/16588\" data-token=\"b76b33eaed9c770cec139f60dfca0a3e\" data-token-time=\"1778686221\"><noscript class=\"wpforms-error-noscript\">Veuillez activer JavaScript dans votre navigateur pour remplir ce formulaire.<\/noscript><div id=\"wpforms-error-noscript\" style=\"display: none;\">Veuillez activer JavaScript dans votre navigateur pour remplir ce formulaire.<\/div><div class=\"wpforms-field-container\"><div id=\"wpforms-4680-field_0-container\" class=\"wpforms-field wpforms-field-name\" data-field-id=\"0\"><label class=\"wpforms-field-label\" for=\"wpforms-4680-field_0\">Nom <span class=\"wpforms-required-label\" aria-hidden=\"true\">*<\/span><\/label><input type=\"text\" id=\"wpforms-4680-field_0\" class=\"wpforms-field-large wpforms-field-required\" name=\"wpforms[fields][0]\" aria-errormessage=\"wpforms-4680-field_0-error\" required><\/div><div id=\"wpforms-4680-field_8-container\" class=\"wpforms-field wpforms-field-radio wpforms-list-inline\" data-field-id=\"8\"><fieldset><legend class=\"wpforms-field-label\">Que voulez-vous r\u00e9server ? <span class=\"wpforms-required-label\" aria-hidden=\"true\">*<\/span><\/legend><ul id=\"wpforms-4680-field_8\" class=\"wpforms-field-required wpforms-image-choices wpforms-image-choices-modern\"><li class=\"choice-1 depth-1 wpforms-image-choices-item\"><label class=\"wpforms-field-label-inline\" for=\"wpforms-4680-field_8_1\" tabindex=\"0\"><span class=\"wpforms-image-choices-image\"><img decoding=\"async\" src=\"https:\/\/www.koonings.com\/wp-content\/uploads\/2024\/07\/jay-wennington-N_Y88TWmGwA-unsplash-scaled.jpg\" alt=\"A la carte\" title=\"A la carte\"><\/span><input type=\"radio\" id=\"wpforms-4680-field_8_1\" class=\"wpforms-screen-reader-element\" name=\"wpforms[fields][8]\" value=\"A la carte\" aria-errormessage=\"wpforms-4680-field_8_1-error\" tabindex=\"-1\" required ><span class=\"wpforms-image-choices-label\">A la carte<\/span><\/label><\/li><li class=\"choice-2 depth-1 wpforms-image-choices-item\"><label class=\"wpforms-field-label-inline\" for=\"wpforms-4680-field_8_2\" tabindex=\"0\"><span class=\"wpforms-image-choices-image\"><img decoding=\"async\" src=\"https:\/\/www.koonings.com\/wp-content\/uploads\/2024\/07\/tristan-gassert-IRzq8sDxb7w-unsplash-scaled.jpg\" alt=\"Boissons\" title=\"Boissons\"><\/span><input type=\"radio\" id=\"wpforms-4680-field_8_2\" class=\"wpforms-screen-reader-element\" name=\"wpforms[fields][8]\" value=\"Boissons\" aria-errormessage=\"wpforms-4680-field_8_2-error\" tabindex=\"-1\" required ><span class=\"wpforms-image-choices-label\">Boissons<\/span><\/label><\/li><li class=\"choice-3 depth-1 wpforms-image-choices-item\"><label class=\"wpforms-field-label-inline\" for=\"wpforms-4680-field_8_3\" tabindex=\"0\"><span class=\"wpforms-image-choices-image\"><img decoding=\"async\" src=\"https:\/\/www.koonings.com\/wp-content\/uploads\/2024\/07\/adam-jaime-dmkmrNptMpw-unsplash-scaled.jpg\" alt=\"Boire\" title=\"Boire\"><\/span><input type=\"radio\" id=\"wpforms-4680-field_8_3\" class=\"wpforms-screen-reader-element\" name=\"wpforms[fields][8]\" value=\"Boire\" aria-errormessage=\"wpforms-4680-field_8_3-error\" tabindex=\"-1\" required ><span class=\"wpforms-image-choices-label\">Boire<\/span><\/label><\/li><\/ul><\/fieldset><\/div><div id=\"wpforms-4680-field_6-container\" class=\"wpforms-field wpforms-field-layout\" data-field-id=\"6\"><div class=\"wpforms-field-layout-rows wpforms-field-large\"><div class=\"wpforms-layout-row\"><div class=\"wpforms-layout-column wpforms-layout-column-50\"><div id=\"wpforms-4680-field_9-container\" class=\"wpforms-field wpforms-field-date-time\" data-field-id=\"9\"><fieldset><legend class=\"wpforms-field-label\">Pour quelle date et quelle heure ? <span class=\"wpforms-required-label\" aria-hidden=\"true\">*<\/span><\/legend><div class=\"wpforms-field-row wpforms-field-medium\"><div class=\"wpforms-field-row-block wpforms-date-type-datepicker\"><div class=\"wpforms-datepicker-wrap\"><input type=\"text\" id=\"wpforms-4680-field_9\" class=\"wpforms-field-date-time-date wpforms-datepicker wpforms-field-required\" data-date-format=\"m\/d\/Y\" data-disable-past-dates=\"0\" data-input=\"true\" name=\"wpforms[fields][9][date]\" aria-errormessage=\"wpforms-4680-field_9-error\" required><a title=\"Effacer la date\" data-clear role=\"button\" tabindex=\"0\" class=\"wpforms-datepicker-clear\" aria-label=\"Effacer la date\" style=\"display:none;\"><\/a><\/div><label for=\"wpforms-4680-field_9\" class=\"wpforms-field-sublabel after\">Date<\/label><\/div><div class=\"wpforms-field-row-block\"><input type=\"text\" id=\"wpforms-4680-field_9-time\" class=\"wpforms-field-date-time-time wpforms-timepicker wpforms-field-required\" data-time-format=\"g:i A\" data-step=\"30\" data-rule-time12h=\"true\" name=\"wpforms[fields][9][time]\" aria-errormessage=\"wpforms-4680-field_9-time-error\" required><label for=\"wpforms-4680-field_9-time\" class=\"wpforms-field-sublabel after\">Heure<\/label><\/div><\/div><\/fieldset><\/div><\/div><div class=\"wpforms-layout-column wpforms-layout-column-50\"><div id=\"wpforms-4680-field_5-container\" class=\"wpforms-field wpforms-field-text\" data-field-id=\"5\"><label class=\"wpforms-field-label\" for=\"wpforms-4680-field_5\">Pour combien de personnes ? <span class=\"wpforms-required-label\" aria-hidden=\"true\">*<\/span><\/label><input type=\"text\" id=\"wpforms-4680-field_5\" class=\"wpforms-field-medium wpforms-field-required\" name=\"wpforms[fields][5]\" aria-errormessage=\"wpforms-4680-field_5-error\" required><\/div><\/div><\/div><\/div><\/div><div id=\"wpforms-4680-field_4-container\" class=\"wpforms-field wpforms-field-layout\" data-field-id=\"4\"><div class=\"wpforms-field-layout-rows wpforms-field-large\"><div class=\"wpforms-layout-row\"><div class=\"wpforms-layout-column wpforms-layout-column-50\">\t\t<div id=\"wpforms-4680-field_7-container\"\n\t\t\tclass=\"wpforms-field wpforms-field-text\"\n\t\t\tdata-field-type=\"text\"\n\t\t\tdata-field-id=\"7\"\n\t\t\t>\n\t\t\t<label class=\"wpforms-field-label\" for=\"wpforms-4680-field_7\" >combien personnes Mise<\/label>\n\t\t\t<input type=\"text\" id=\"wpforms-4680-field_7\" class=\"wpforms-field-medium\" name=\"wpforms[fields][7]\" >\n\t\t<\/div>\n\t\t<div id=\"wpforms-4680-field_1-container\" class=\"wpforms-field wpforms-field-email\" data-field-id=\"1\"><label class=\"wpforms-field-label\" for=\"wpforms-4680-field_1\">Courriel <span class=\"wpforms-required-label\" aria-hidden=\"true\">*<\/span><\/label><input type=\"email\" id=\"wpforms-4680-field_1\" class=\"wpforms-field-medium wpforms-field-required\" name=\"wpforms[fields][1]\" spellcheck=\"false\" aria-errormessage=\"wpforms-4680-field_1-error\" required><\/div><\/div><div class=\"wpforms-layout-column wpforms-layout-column-50\"><div id=\"wpforms-4680-field_3-container\" class=\"wpforms-field wpforms-field-phone\" data-field-id=\"3\"><label class=\"wpforms-field-label\" for=\"wpforms-4680-field_3\">T\u00e9l\u00e9phone <span class=\"wpforms-required-label\" aria-hidden=\"true\">*<\/span><\/label><input type=\"tel\" id=\"wpforms-4680-field_3\" class=\"wpforms-field-medium wpforms-field-required wpforms-smart-phone-field\" data-rule-smart-phone-field=\"true\" name=\"wpforms[fields][3]\" aria-label=\"T\u00e9l\u00e9phone\" aria-errormessage=\"wpforms-4680-field_3-error\" required><\/div><\/div><\/div><\/div><\/div><div id=\"wpforms-4680-field_2-container\" class=\"wpforms-field wpforms-field-textarea\" data-field-id=\"2\"><label class=\"wpforms-field-label\" for=\"wpforms-4680-field_2\">Message<\/label><textarea id=\"wpforms-4680-field_2\" class=\"wpforms-field-medium\" name=\"wpforms[fields][2]\" aria-errormessage=\"wpforms-4680-field_2-error\" aria-describedby=\"wpforms-4680-field_2-description\" ><\/textarea><div id=\"wpforms-4680-field_2-description\" class=\"wpforms-field-description\">Avez-vous des exigences alimentaires particuli\u00e8res ou des allergies ? Veuillez nous en informer ici ou par t\u00e9l\u00e9phone (0493 313 220). <\/div><\/div><script>\n\t\t\t\t( function() {\n\t\t\t\t\tconst style = document.createElement( 'style' );\n\t\t\t\t\tstyle.appendChild( document.createTextNode( '#wpforms-4680-field_7-container { position: absolute !important; overflow: hidden !important; display: inline !important; height: 1px !important; width: 1px !important; z-index: -1000 !important; padding: 0 !important; } #wpforms-4680-field_7-container input { visibility: hidden; } #wpforms-conversational-form-page #wpforms-4680-field_7-container label { counter-increment: none; }' ) );\n\t\t\t\t\tdocument.head.appendChild( style );\n\t\t\t\t\tdocument.currentScript?.remove();\n\t\t\t\t} )();\n\t\t\t<\/script><\/div><!-- .wpforms-field-container --><div class=\"wpforms-recaptcha-container wpforms-is-turnstile\" ><div class=\"wpforms-turnstile\" data-sitekey=\"0x4AAAAAABYFdh_MDelKOMtD\" data-action=\"FormID-4680\"><\/div><input type=\"text\" name=\"g-recaptcha-hidden\" class=\"wpforms-recaptcha-hidden\" style=\"position:absolute!important;clip:rect(0,0,0,0)!important;height:1px!important;width:1px!important;border:0!important;overflow:hidden!important;padding:0!important;margin:0!important;\" data-rule-turnstile=\"1\"><\/div><div class=\"wpforms-submit-container\" ><input type=\"hidden\" name=\"wpforms[id]\" value=\"4680\"><input type=\"hidden\" name=\"page_title\" value=\"\"><input type=\"hidden\" name=\"page_url\" value=\"https:\/\/www.koonings.com\/fr\/wp-json\/wp\/v2\/pages\/16588\"><input type=\"hidden\" name=\"url_referer\" value=\"\"><button type=\"submit\" name=\"wpforms[submit]\" id=\"wpforms-submit-4680\" class=\"wpforms-submit\" data-alt-text=\"Exp\u00e9dition...\" data-submit-text=\"Envoyer\" aria-live=\"assertive\" value=\"wpforms-submit\">Envoyer<\/button><img decoding=\"async\" src=\"https:\/\/www.koonings.com\/wp-content\/plugins\/wpforms\/assets\/images\/submit-spin.svg\" class=\"wpforms-submit-spinner\" style=\"display: none;\" width=\"26\" height=\"26\" alt=\"Chargement en cours\"><\/div><\/form><\/div>  <!-- .wpforms-container -->\n<\/div>\r\n            <\/div>\r\n        <\/div>\r\n    <\/div>\r\n\r\n<\/div>\r\n\r\n    ","protected":false},"excerpt":{"rendered":"","protected":false},"author":1,"featured_media":0,"parent":16590,"menu_order":0,"comment_status":"closed","ping_status":"closed","template":"","meta":{"_acf_changed":false,"ghostkit_customizer_options":"","ghostkit_custom_css":"","ghostkit_custom_js_head":"","ghostkit_custom_js_foot":"","ghostkit_typography":"","footnotes":""},"class_list":["post-16588","page","type-page","status-publish","hentry"],"acf":[],"yoast_head":"<!-- This site is optimized with the Yoast SEO plugin v27.3 - https:\/\/yoast.com\/product\/yoast-seo-wordpress\/ -->\n<title>Carte de menu Roberts Trattoria | Koonings<\/title>\n<meta name=\"robots\" content=\"index, follow, max-snippet:-1, max-image-preview:large, max-video-preview:-1\" \/>\n<link rel=\"canonical\" href=\"https:\/\/www.koonings.com\/fr\/deurne\/restaurants\/roberts-trattoria\/carte-de-menu-roberts-trattoria\/\" \/>\n<meta property=\"og:locale\" content=\"fr_FR\" \/>\n<meta property=\"og:type\" content=\"article\" \/>\n<meta property=\"og:title\" content=\"Carte de menu Roberts Trattoria | Koonings\" \/>\n<meta property=\"og:url\" content=\"https:\/\/www.koonings.com\/fr\/deurne\/restaurants\/roberts-trattoria\/carte-de-menu-roberts-trattoria\/\" \/>\n<meta property=\"og:site_name\" content=\"Koonings\" \/>\n<meta property=\"article:publisher\" content=\"https:\/\/www.facebook.com\/kooningstheweddingpalace\" \/>\n<meta property=\"article:modified_time\" content=\"2025-09-29T10:13:24+00:00\" \/>\n<meta property=\"og:image\" content=\"https:\/\/www.koonings.com\/wp-content\/uploads\/2024\/08\/KOO_robertstratoria_menukaart_augustus2024_website_page-0001-scaled.jpg\" \/>\n\t<meta property=\"og:image:width\" content=\"1811\" \/>\n\t<meta property=\"og:image:height\" content=\"2560\" \/>\n\t<meta property=\"og:image:type\" content=\"image\/jpeg\" \/>\n<meta name=\"twitter:card\" content=\"summary_large_image\" \/>\n<script type=\"application\/ld+json\" class=\"yoast-schema-graph\">{\"@context\":\"https:\\\/\\\/schema.org\",\"@graph\":[{\"@type\":\"WebPage\",\"@id\":\"https:\\\/\\\/www.koonings.com\\\/fr\\\/deurne\\\/restaurants\\\/roberts-trattoria\\\/carte-de-menu-roberts-trattoria\\\/\",\"url\":\"https:\\\/\\\/www.koonings.com\\\/fr\\\/deurne\\\/restaurants\\\/roberts-trattoria\\\/carte-de-menu-roberts-trattoria\\\/\",\"name\":\"Carte de menu Roberts Trattoria | Koonings\",\"isPartOf\":{\"@id\":\"https:\\\/\\\/www.koonings.com\\\/fr\\\/#website\"},\"primaryImageOfPage\":{\"@id\":\"https:\\\/\\\/www.koonings.com\\\/fr\\\/deurne\\\/restaurants\\\/roberts-trattoria\\\/carte-de-menu-roberts-trattoria\\\/#primaryimage\"},\"image\":{\"@id\":\"https:\\\/\\\/www.koonings.com\\\/fr\\\/deurne\\\/restaurants\\\/roberts-trattoria\\\/carte-de-menu-roberts-trattoria\\\/#primaryimage\"},\"thumbnailUrl\":\"https:\\\/\\\/www.koonings.com\\\/wp-content\\\/uploads\\\/2024\\\/08\\\/KOO_robertstratoria_menukaart_augustus2024_website_page-0001-724x1024.jpg\",\"datePublished\":\"2024-08-02T14:08:27+00:00\",\"dateModified\":\"2025-09-29T10:13:24+00:00\",\"breadcrumb\":{\"@id\":\"https:\\\/\\\/www.koonings.com\\\/fr\\\/deurne\\\/restaurants\\\/roberts-trattoria\\\/carte-de-menu-roberts-trattoria\\\/#breadcrumb\"},\"inLanguage\":\"fr-FR\",\"potentialAction\":[{\"@type\":\"ReadAction\",\"target\":[\"https:\\\/\\\/www.koonings.com\\\/fr\\\/deurne\\\/restaurants\\\/roberts-trattoria\\\/carte-de-menu-roberts-trattoria\\\/\"]}]},{\"@type\":\"ImageObject\",\"inLanguage\":\"fr-FR\",\"@id\":\"https:\\\/\\\/www.koonings.com\\\/fr\\\/deurne\\\/restaurants\\\/roberts-trattoria\\\/carte-de-menu-roberts-trattoria\\\/#primaryimage\",\"url\":\"https:\\\/\\\/www.koonings.com\\\/wp-content\\\/uploads\\\/2024\\\/08\\\/KOO_robertstratoria_menukaart_augustus2024_website_page-0001-724x1024.jpg\",\"contentUrl\":\"https:\\\/\\\/www.koonings.com\\\/wp-content\\\/uploads\\\/2024\\\/08\\\/KOO_robertstratoria_menukaart_augustus2024_website_page-0001-724x1024.jpg\"},{\"@type\":\"BreadcrumbList\",\"@id\":\"https:\\\/\\\/www.koonings.com\\\/fr\\\/deurne\\\/restaurants\\\/roberts-trattoria\\\/carte-de-menu-roberts-trattoria\\\/#breadcrumb\",\"itemListElement\":[{\"@type\":\"ListItem\",\"position\":1,\"name\":\"Home\",\"item\":\"https:\\\/\\\/www.koonings.com\\\/fr\\\/\"},{\"@type\":\"ListItem\",\"position\":2,\"name\":\"Deurne\",\"item\":\"https:\\\/\\\/www.koonings.com\\\/fr\\\/deurne\\\/\"},{\"@type\":\"ListItem\",\"position\":3,\"name\":\"Restaurants\",\"item\":\"https:\\\/\\\/www.koonings.com\\\/fr\\\/deurne\\\/restaurants\\\/\"},{\"@type\":\"ListItem\",\"position\":4,\"name\":\"Roberts Trattoria\",\"item\":\"https:\\\/\\\/www.koonings.com\\\/fr\\\/deurne\\\/restaurants\\\/roberts-trattoria\\\/\"},{\"@type\":\"ListItem\",\"position\":5,\"name\":\"Carte de menu Roberts Trattoria\"}]},{\"@type\":\"WebSite\",\"@id\":\"https:\\\/\\\/www.koonings.com\\\/fr\\\/#website\",\"url\":\"https:\\\/\\\/www.koonings.com\\\/fr\\\/\",\"name\":\"Koonings\",\"description\":\"De grootste bruidsmodewinkel ter wereld\",\"publisher\":{\"@id\":\"https:\\\/\\\/www.koonings.com\\\/fr\\\/#organization\"},\"potentialAction\":[{\"@type\":\"SearchAction\",\"target\":{\"@type\":\"EntryPoint\",\"urlTemplate\":\"https:\\\/\\\/www.koonings.com\\\/fr\\\/?s={search_term_string}\"},\"query-input\":{\"@type\":\"PropertyValueSpecification\",\"valueRequired\":true,\"valueName\":\"search_term_string\"}}],\"inLanguage\":\"fr-FR\"},{\"@type\":\"Organization\",\"@id\":\"https:\\\/\\\/www.koonings.com\\\/fr\\\/#organization\",\"name\":\"Koonings\",\"url\":\"https:\\\/\\\/www.koonings.com\\\/fr\\\/\",\"logo\":{\"@type\":\"ImageObject\",\"inLanguage\":\"fr-FR\",\"@id\":\"https:\\\/\\\/www.koonings.com\\\/fr\\\/#\\\/schema\\\/logo\\\/image\\\/\",\"url\":\"https:\\\/\\\/www.koonings.com\\\/wp-content\\\/uploads\\\/2024\\\/07\\\/logo.png\",\"contentUrl\":\"https:\\\/\\\/www.koonings.com\\\/wp-content\\\/uploads\\\/2024\\\/07\\\/logo.png\",\"width\":600,\"height\":428,\"caption\":\"Koonings\"},\"image\":{\"@id\":\"https:\\\/\\\/www.koonings.com\\\/fr\\\/#\\\/schema\\\/logo\\\/image\\\/\"},\"sameAs\":[\"https:\\\/\\\/www.facebook.com\\\/kooningstheweddingpalace\",\"https:\\\/\\\/www.instagram.com\\\/kooningstheweddingpalace\",\"https:\\\/\\\/www.pinterest.com\\\/koonings\",\"https:\\\/\\\/www.youtube.com\\\/kooningstheweddingpalace\"]}]}<\/script>\n<!-- \/ Yoast SEO plugin. -->","yoast_head_json":{"title":"Carte de menu Roberts Trattoria | Koonings","robots":{"index":"index","follow":"follow","max-snippet":"max-snippet:-1","max-image-preview":"max-image-preview:large","max-video-preview":"max-video-preview:-1"},"canonical":"https:\/\/www.koonings.com\/fr\/deurne\/restaurants\/roberts-trattoria\/carte-de-menu-roberts-trattoria\/","og_locale":"fr_FR","og_type":"article","og_title":"Carte de menu Roberts Trattoria | Koonings","og_url":"https:\/\/www.koonings.com\/fr\/deurne\/restaurants\/roberts-trattoria\/carte-de-menu-roberts-trattoria\/","og_site_name":"Koonings","article_publisher":"https:\/\/www.facebook.com\/kooningstheweddingpalace","article_modified_time":"2025-09-29T10:13:24+00:00","og_image":[{"width":1811,"height":2560,"url":"https:\/\/www.koonings.com\/wp-content\/uploads\/2024\/08\/KOO_robertstratoria_menukaart_augustus2024_website_page-0001-scaled.jpg","type":"image\/jpeg"}],"twitter_card":"summary_large_image","schema":{"@context":"https:\/\/schema.org","@graph":[{"@type":"WebPage","@id":"https:\/\/www.koonings.com\/fr\/deurne\/restaurants\/roberts-trattoria\/carte-de-menu-roberts-trattoria\/","url":"https:\/\/www.koonings.com\/fr\/deurne\/restaurants\/roberts-trattoria\/carte-de-menu-roberts-trattoria\/","name":"Carte de menu Roberts Trattoria | Koonings","isPartOf":{"@id":"https:\/\/www.koonings.com\/fr\/#website"},"primaryImageOfPage":{"@id":"https:\/\/www.koonings.com\/fr\/deurne\/restaurants\/roberts-trattoria\/carte-de-menu-roberts-trattoria\/#primaryimage"},"image":{"@id":"https:\/\/www.koonings.com\/fr\/deurne\/restaurants\/roberts-trattoria\/carte-de-menu-roberts-trattoria\/#primaryimage"},"thumbnailUrl":"https:\/\/www.koonings.com\/wp-content\/uploads\/2024\/08\/KOO_robertstratoria_menukaart_augustus2024_website_page-0001-724x1024.jpg","datePublished":"2024-08-02T14:08:27+00:00","dateModified":"2025-09-29T10:13:24+00:00","breadcrumb":{"@id":"https:\/\/www.koonings.com\/fr\/deurne\/restaurants\/roberts-trattoria\/carte-de-menu-roberts-trattoria\/#breadcrumb"},"inLanguage":"fr-FR","potentialAction":[{"@type":"ReadAction","target":["https:\/\/www.koonings.com\/fr\/deurne\/restaurants\/roberts-trattoria\/carte-de-menu-roberts-trattoria\/"]}]},{"@type":"ImageObject","inLanguage":"fr-FR","@id":"https:\/\/www.koonings.com\/fr\/deurne\/restaurants\/roberts-trattoria\/carte-de-menu-roberts-trattoria\/#primaryimage","url":"https:\/\/www.koonings.com\/wp-content\/uploads\/2024\/08\/KOO_robertstratoria_menukaart_augustus2024_website_page-0001-724x1024.jpg","contentUrl":"https:\/\/www.koonings.com\/wp-content\/uploads\/2024\/08\/KOO_robertstratoria_menukaart_augustus2024_website_page-0001-724x1024.jpg"},{"@type":"BreadcrumbList","@id":"https:\/\/www.koonings.com\/fr\/deurne\/restaurants\/roberts-trattoria\/carte-de-menu-roberts-trattoria\/#breadcrumb","itemListElement":[{"@type":"ListItem","position":1,"name":"Home","item":"https:\/\/www.koonings.com\/fr\/"},{"@type":"ListItem","position":2,"name":"Deurne","item":"https:\/\/www.koonings.com\/fr\/deurne\/"},{"@type":"ListItem","position":3,"name":"Restaurants","item":"https:\/\/www.koonings.com\/fr\/deurne\/restaurants\/"},{"@type":"ListItem","position":4,"name":"Roberts Trattoria","item":"https:\/\/www.koonings.com\/fr\/deurne\/restaurants\/roberts-trattoria\/"},{"@type":"ListItem","position":5,"name":"Carte de menu Roberts Trattoria"}]},{"@type":"WebSite","@id":"https:\/\/www.koonings.com\/fr\/#website","url":"https:\/\/www.koonings.com\/fr\/","name":"Koonings","description":"De grootste bruidsmodewinkel ter wereld","publisher":{"@id":"https:\/\/www.koonings.com\/fr\/#organization"},"potentialAction":[{"@type":"SearchAction","target":{"@type":"EntryPoint","urlTemplate":"https:\/\/www.koonings.com\/fr\/?s={search_term_string}"},"query-input":{"@type":"PropertyValueSpecification","valueRequired":true,"valueName":"search_term_string"}}],"inLanguage":"fr-FR"},{"@type":"Organization","@id":"https:\/\/www.koonings.com\/fr\/#organization","name":"Koonings","url":"https:\/\/www.koonings.com\/fr\/","logo":{"@type":"ImageObject","inLanguage":"fr-FR","@id":"https:\/\/www.koonings.com\/fr\/#\/schema\/logo\/image\/","url":"https:\/\/www.koonings.com\/wp-content\/uploads\/2024\/07\/logo.png","contentUrl":"https:\/\/www.koonings.com\/wp-content\/uploads\/2024\/07\/logo.png","width":600,"height":428,"caption":"Koonings"},"image":{"@id":"https:\/\/www.koonings.com\/fr\/#\/schema\/logo\/image\/"},"sameAs":["https:\/\/www.facebook.com\/kooningstheweddingpalace","https:\/\/www.instagram.com\/kooningstheweddingpalace","https:\/\/www.pinterest.com\/koonings","https:\/\/www.youtube.com\/kooningstheweddingpalace"]}]}},"_links":{"self":[{"href":"https:\/\/www.koonings.com\/fr\/wp-json\/wp\/v2\/pages\/16588","targetHints":{"allow":["GET"]}}],"collection":[{"href":"https:\/\/www.koonings.com\/fr\/wp-json\/wp\/v2\/pages"}],"about":[{"href":"https:\/\/www.koonings.com\/fr\/wp-json\/wp\/v2\/types\/page"}],"author":[{"embeddable":true,"href":"https:\/\/www.koonings.com\/fr\/wp-json\/wp\/v2\/users\/1"}],"replies":[{"embeddable":true,"href":"https:\/\/www.koonings.com\/fr\/wp-json\/wp\/v2\/comments?post=16588"}],"version-history":[{"count":2,"href":"https:\/\/www.koonings.com\/fr\/wp-json\/wp\/v2\/pages\/16588\/revisions"}],"predecessor-version":[{"id":98571,"href":"https:\/\/www.koonings.com\/fr\/wp-json\/wp\/v2\/pages\/16588\/revisions\/98571"}],"up":[{"embeddable":true,"href":"https:\/\/www.koonings.com\/fr\/wp-json\/wp\/v2\/pages\/16590"}],"wp:attachment":[{"href":"https:\/\/www.koonings.com\/fr\/wp-json\/wp\/v2\/media?parent=16588"}],"curies":[{"name":"wp","href":"https:\/\/api.w.org\/{rel}","templated":true}]}}