{"id":16579,"date":"2024-07-03T23:06:33","date_gmt":"2024-07-03T21:06:33","guid":{"rendered":"https:\/\/www.koonings.com\/deurne\/restaurants\/"},"modified":"2025-09-29T12:05:23","modified_gmt":"2025-09-29T10:05:23","slug":"restaurants","status":"publish","type":"page","link":"https:\/\/www.koonings.com\/fr\/deurne\/restaurants\/","title":{"rendered":"Restaurants"},"content":{"rendered":"\r\n\r\n<div class=\"eye-element fullwidth-row alignfull style-both bg--none  alignfull \" style=\" \">\r\n\r\n    <div class=\"container\">\r\n        <div class=\"row\">\r\n            <div class=\"col-12\">\r\n                <div class=\"acf-innerblocks-container\">\n\n<h1 class=\"wp-block-heading has-text-align-center\" id=\"kom-je-bij-ons-eten\">Voulez-vous vous joindre \u00e0 nous pour le d\u00eener ?<\/h1>\n\n\n\n<h2 class=\"wp-block-heading has-text-align-center h3\" id=\"cheers-to-love\">A la sant\u00e9 de l&#8217;amour !<\/h2>\n\n\n\r\n<div class=\"eye-block empty-space empty-space--medium pt-md-4 pb-md-4 pt-3 pb-3\" ><\/div>\n\n\n<div class=\"ghostkit-grid ghostkit-grid-gap-md ghostkit-grid-align-items-center ghostkit-grid-justify-content-center equal-height-columns\"><div class=\"ghostkit-grid-inner\">\n<div class=\"ghostkit-col ghostkit-col-md-12 ghostkit-col-lg-6 ghostkit-col-xl-4 ghostkit-col-3\"><div class=\"ghostkit-col-content is-layout-flow wp-block-ghostkit-grid-column-is-layout-flow\">\r\n<article class=\"eye-element imagelinkcard without-sublinks\"\r\n         style=\"position: relative\">\r\n\t    <a href=\"https:\/\/www.koonings.com\/fr\/deurne\/restaurants\/restaurant-inekes\/\" target=\"\" class=\"main-link\"\r\n       title=\"Restaurant Inekes\">\r\n\t\t        <img decoding=\"async\" src=\"https:\/\/www.koonings.com\/wp-content\/uploads\/2024\/07\/aan-tafel-met-dieren-fv_0.jpg.webp\" srcset=\"https:\/\/www.koonings.com\/wp-content\/uploads\/2024\/07\/aan-tafel-met-dieren-fv_0.jpg.webp\" alt=\"Koonings Inekes Restaurant\"\r\n             class=\"imagelinkcard__image img-fluid\">\r\n\t\t        <!--        <div class=\"shine\"><\/div>-->\r\n    <\/a>\r\n\r\n\t        <div class=\"card-content\">\r\n\t\t\t                <a href=\"https:\/\/www.koonings.com\/fr\/deurne\/restaurants\/restaurant-inekes\/\" target=\"\" class=\"main-link\">\r\n                    <span>Restaurant Inekes<\/span>\r\n                <\/a>\r\n\t\t\t\r\n\t\t\t\r\n\t\t\t        <\/div>\r\n\t<\/article><\/div><\/div>\n\n\n\n<div class=\"ghostkit-col ghostkit-col-md-12 ghostkit-col-lg-6 ghostkit-col-xl-4 ghostkit-col-3\"><div class=\"ghostkit-col-content is-layout-flow wp-block-ghostkit-grid-column-is-layout-flow\">\r\n<article class=\"eye-element imagelinkcard without-sublinks\"\r\n         style=\"position: relative\">\r\n\t    <a href=\"https:\/\/www.koonings.com\/fr\/deurne\/restaurants\/roberts-trattoria\/\" target=\"\" class=\"main-link\"\r\n       title=\"Roberts Trattoria\">\r\n\t\t        <img decoding=\"async\" src=\"https:\/\/www.koonings.com\/wp-content\/uploads\/2024\/07\/koo_menu_bruidegom_trattoriaroberto1-scaled.jpg\" srcset=\"https:\/\/www.koonings.com\/wp-content\/uploads\/2024\/07\/koo_menu_bruidegom_trattoriaroberto1-scaled.jpg\" alt=\"Koonings herenzaak Roberts Trattoria\"\r\n             class=\"imagelinkcard__image img-fluid\">\r\n\t\t        <!--        <div class=\"shine\"><\/div>-->\r\n    <\/a>\r\n\r\n\t        <div class=\"card-content\">\r\n\t\t\t                <a href=\"https:\/\/www.koonings.com\/fr\/deurne\/restaurants\/roberts-trattoria\/\" target=\"\" class=\"main-link\">\r\n                    <span>Roberts Trattoria<\/span>\r\n                <\/a>\r\n\t\t\t\r\n\t\t\t\r\n\t\t\t        <\/div>\r\n\t<\/article><\/div><\/div>\n<\/div><\/div>\n\n<\/div>\r\n            <\/div>\r\n        <\/div>\r\n    <\/div>\r\n\r\n<\/div>\r\n\r\n    \r\n\r\n<div class=\"eye-element fullwidth-row alignfull faux-bg--lightgray style-right  alignfull \" style=\"\">\r\n<div class=\"bg bg--lightgray\" style=\"\"><\/div>\r\n\r\n    <div class=\"container\">\r\n        <div class=\"row\">\r\n            <div class=\"col-12\">\r\n                <div class=\"acf-innerblocks-container\">\n\n<div class=\"ghostkit-grid ghostkit-grid-gap-md ghostkit-grid-align-items-center\"><div class=\"ghostkit-grid-inner\">\n<div class=\"ghostkit-col ghostkit-col-md-12 ghostkit-col-6 ghostkit-col-align-self-center\"><div class=\"ghostkit-col-content is-layout-flow wp-block-ghostkit-grid-column-is-layout-flow\">\n<h2 class=\"wp-block-heading\" id=\"inekes-restaurant\">Restaurant Inekes<\/h2>\n\n\n\n<p>Le rose attire les regards dans les murs de Koonings. Ce magnifique restaurant porte le nom d&#8217;Ineke, la m\u00e8re de Ramona. <\/p>\n\n\n\n<p>Les plats sont aussi dignes d&#8217;Instagram que l&#8217;int\u00e9rieur : un caf\u00e9 \u00e0 la guimauve rose, un d\u00e9licieux sandwich au carpaccio ou une p\u00e2tisserie maison et bien d&#8217;autres gourmandises.<\/p>\n\n\n\n<div class=\"wp-block-group is-layout-flex wp-block-group-is-layout-flex\">\r\n<div class=\"eye-element bsbutton text-start \" >\r\n\t        <a class=\"btn btn-primary\" href=\"https:\/\/www.koonings.com\/fr\/deurne\/restaurants\/restaurant-inekes\/#aanvraagformulier\"\r\n           target=\"\">R\u00e9servez votre table \u00e0 l&#8217;avance<\/a>\r\n\t<\/div>\n\n\r\n<div class=\"eye-element bsbutton text-start \" >\r\n\t        <a class=\"btn btn-outline-secondary\" href=\"https:\/\/www.koonings.com\/fr\/deurne\/restaurants\/restaurant-inekes\/\"\r\n           target=\"\">Restaurant Inekes<\/a>\r\n\t<\/div><\/div>\n<\/div><\/div>\n\n\n\n<div class=\"ghostkit-col ghostkit-col-md-12 ghostkit-col-6\"><div class=\"ghostkit-col-content is-layout-flow wp-block-ghostkit-grid-column-is-layout-flow\">\r\n<div class=\"eye-element images style-default variant-1 multi-image\">\r\n\r\n\t        <div class=\"composition\">\r\n\t\t\t                <div class=\"image-0\">\r\n                    <img decoding=\"async\" class=\"img-fluid\" src=\"https:\/\/www.koonings.com\/wp-content\/uploads\/2024\/07\/inekes_restaurant_9-245x300.webp\" srcset=\"https:\/\/www.koonings.com\/wp-content\/uploads\/2024\/07\/inekes_restaurant_9-245x300.webp 245w, https:\/\/www.koonings.com\/wp-content\/uploads\/2024\/07\/inekes_restaurant_9-835x1024.webp 835w, https:\/\/www.koonings.com\/wp-content\/uploads\/2024\/07\/inekes_restaurant_9-768x942.webp 768w, https:\/\/www.koonings.com\/wp-content\/uploads\/2024\/07\/inekes_restaurant_9.webp 1060w\" alt=\"Koonings Ineke's Restaurant Ines Gomes\">\r\n                <\/div>\r\n\t\t\t\r\n            <div class=\"swiper images-swiper\">\r\n\r\n\t\t\t\t\r\n                <div class=\"swiper-wrapper\">\r\n\t\t\t\t\t                        <li class=\"swiper-slide\">\r\n                            <img decoding=\"async\" class=\" img-fluid\" src=\"https:\/\/www.koonings.com\/wp-content\/uploads\/2024\/07\/inekes_restaurant_3-1024x802.webp\" srcset=\"https:\/\/www.koonings.com\/wp-content\/uploads\/2024\/07\/inekes_restaurant_3.webp\" alt=\"Koonings Ineke's Restaurant Vriendinnen\">\r\n                        <\/li>\r\n\t\t\t\t\t                <\/div>\r\n\r\n                <div class=\"swiper-pagination\"><\/div>\r\n\r\n                <div class=\"swiper-button-prev\"><\/div>\r\n                <div class=\"swiper-button-next\"><\/div>\r\n\r\n            <\/div>\r\n\r\n        <\/div>\r\n\t\r\n\t<\/div><\/div><\/div>\n<\/div><\/div>\n\n<\/div>\r\n            <\/div>\r\n        <\/div>\r\n    <\/div>\r\n\r\n<\/div>\r\n\r\n    \r\n\r\n<div class=\"eye-element fullwidth-row alignfull faux-bg--white style-left  alignfull \" style=\"\">\r\n<div class=\"bg bg--white\" style=\"\"><\/div>\r\n\r\n    <div class=\"container\">\r\n        <div class=\"row\">\r\n            <div class=\"col-12\">\r\n                <div class=\"acf-innerblocks-container\">\n\n<div class=\"ghostkit-grid ghostkit-grid-gap-md ghostkit-grid-align-items-center\"><div class=\"ghostkit-grid-inner\">\n<div class=\"ghostkit-col ghostkit-col-md-12 ghostkit-col-6\"><div class=\"ghostkit-col-content is-layout-flow wp-block-ghostkit-grid-column-is-layout-flow\">\r\n<div class=\"eye-element images style-default variant-2 multi-image\">\r\n\r\n\t        <div class=\"composition\">\r\n\t\t\t                <div class=\"image-0\">\r\n                    <img decoding=\"async\" class=\"img-fluid\" src=\"https:\/\/www.koonings.com\/wp-content\/uploads\/2024\/07\/IMG_0887-300x281.jpeg\" srcset=\"https:\/\/www.koonings.com\/wp-content\/uploads\/2024\/07\/IMG_0887-300x281.jpeg 300w, https:\/\/www.koonings.com\/wp-content\/uploads\/2024\/07\/IMG_0887-1024x958.jpeg 1024w, https:\/\/www.koonings.com\/wp-content\/uploads\/2024\/07\/IMG_0887-768x719.jpeg 768w, https:\/\/www.koonings.com\/wp-content\/uploads\/2024\/07\/IMG_0887-1536x1437.jpeg 1536w, https:\/\/www.koonings.com\/wp-content\/uploads\/2024\/07\/IMG_0887-2048x1917.jpeg 2048w\" alt=\"Roberts Trattoria\">\r\n                <\/div>\r\n\t\t\t\r\n            <div class=\"swiper images-swiper\">\r\n\r\n\t\t\t\t\r\n                <div class=\"swiper-wrapper\">\r\n\t\t\t\t\t                        <li class=\"swiper-slide\">\r\n                            <img decoding=\"async\" class=\" img-fluid\" src=\"https:\/\/www.koonings.com\/wp-content\/uploads\/2024\/07\/Koonings_wedding_event_Herenzaak_Roberts_Tratoria_10122023_foto_Josanne_van_der_Heijden-2808-jpg-1024x576.webp\" srcset=\"https:\/\/www.koonings.com\/wp-content\/uploads\/2024\/07\/Koonings_wedding_event_Herenzaak_Roberts_Tratoria_10122023_foto_Josanne_van_der_Heijden-2808-jpg.webp\" alt=\"Koonings herenzaak Roberts Trattoria\">\r\n                        <\/li>\r\n\t\t\t\t\t                <\/div>\r\n\r\n                <div class=\"swiper-pagination\"><\/div>\r\n\r\n                <div class=\"swiper-button-prev\"><\/div>\r\n                <div class=\"swiper-button-next\"><\/div>\r\n\r\n            <\/div>\r\n\r\n        <\/div>\r\n\t\r\n\t<\/div><\/div><\/div>\n\n\n\n<div class=\"ghostkit-col ghostkit-col-md-12 ghostkit-col-6\"><div class=\"ghostkit-col-content is-layout-flow wp-block-ghostkit-grid-column-is-layout-flow\">\n<h2 class=\"wp-block-heading\" id=\"roberts-trattoria\">Roberts Trattoria<\/h2>\n\n\n\n<p>Roberts Trattoria est un restaurant italien situ\u00e9 dans l&#8217;enceinte de Koonings. Ce restaurant porte le nom du fils de Ramona. <\/p>\n\n\n\n<p>Ici, vous et votre entourage d\u00e9gusterez un bon verre de whisky au bar. Prenez place \u00e0 la table pour un somptueux aperitivo. Ou regardez votre pizza croustiller dans le four \u00e0 pizza unique en son genre. Vous venez chez Koonings pour essayer des costumes de mariage ? Profitez alors d&#8217;un moment privil\u00e9gi\u00e9 avant votre grand jour.    <\/p>\n\n\n\n<div class=\"wp-block-group is-layout-flex wp-block-group-is-layout-flex\">\r\n<div class=\"eye-element bsbutton text-start \" >\r\n\t        <a class=\"btn btn-primary\" href=\"https:\/\/www.koonings.com\/fr\/deurne\/restaurants\/roberts-trattoria\/#aanvraagformulier\"\r\n           target=\"\">R\u00e9servez votre table \u00e0 l&#8217;avance<\/a>\r\n\t<\/div>\n\n\r\n<div class=\"eye-element bsbutton text-start \" >\r\n\t        <a class=\"btn btn-outline-secondary\" href=\"https:\/\/www.koonings.com\/fr\/deurne\/restaurants\/roberts-trattoria\/\"\r\n           target=\"\">Plus d&#8217;informations<\/a>\r\n\t<\/div><\/div>\n<\/div><\/div>\n<\/div><\/div>\n\n<\/div>\r\n            <\/div>\r\n        <\/div>\r\n    <\/div>\r\n\r\n<\/div>\r\n\r\n    \r\n\r\n<div class=\"eye-element fullwidth-row alignfull faux-bg--lightgray style-right  alignfull \" style=\"\">\r\n<div class=\"bg bg--lightgray\" style=\"\"><\/div>\r\n\r\n    <div class=\"container\">\r\n        <div class=\"row\">\r\n            <div class=\"col-12\">\r\n                <div class=\"acf-innerblocks-container\">\n\n<div class=\"ghostkit-grid ghostkit-grid-gap-md ghostkit-grid-align-items-center\"><div class=\"ghostkit-grid-inner\">\n<div class=\"ghostkit-col ghostkit-col-md-12 ghostkit-col-6 ghostkit-col-align-self-center\"><div class=\"ghostkit-col-content is-layout-flow wp-block-ghostkit-grid-column-is-layout-flow\">\n<h2 class=\"wp-block-heading\" id=\"inekes-restaurant\">R\u00e9servez votre High tea ou High wine<\/h2>\n\n\n\n<p>Une \u00e9tag\u00e8re remplie de friandises et un pot de caf\u00e9 ou de th\u00e9 fumant. Que demander de plus ? Car en plus de notre menu \u00e0 la carte, chez Ineke&#8217;s, vous pouvez r\u00eaver en d\u00e9gustant un high tea ou un high wine servi \u00e0 la perfection. Profitez d&#8217;une d\u00e9gustation luxueuse de toutes sortes de d\u00e9lices dans notre restaurant rose avec votre entourage.     <\/p>\n\n\n\r\n<div class=\"eye-element bsbutton text-start \" >\r\n\t        <a class=\"btn btn-primary\" href=\"https:\/\/www.koonings.com\/fr\/deurne\/restaurants\/restaurant-inekes\/#aanvraagformulier\"\r\n           target=\"\">R\u00e9servez votre th\u00e9 ou votre vin<\/a>\r\n\t<\/div><\/div><\/div>\n\n\n\n<div class=\"ghostkit-col ghostkit-col-md-12 ghostkit-col-6\"><div class=\"ghostkit-col-content is-layout-flow wp-block-ghostkit-grid-column-is-layout-flow\">\r\n<div class=\"eye-element images style-default variant-1 multi-image\">\r\n\r\n\t        <div class=\"composition\">\r\n\t\t\t                <div class=\"image-0\">\r\n                    <img decoding=\"async\" class=\"img-fluid\" src=\"https:\/\/www.koonings.com\/wp-content\/uploads\/2024\/07\/inekes_restaurant_5-300x185.png\" srcset=\"https:\/\/www.koonings.com\/wp-content\/uploads\/2024\/07\/inekes_restaurant_5-300x185.png 300w, https:\/\/www.koonings.com\/wp-content\/uploads\/2024\/07\/inekes_restaurant_5.png 416w\" alt=\"Koonings Ineke's Restaurant Hightea\">\r\n                <\/div>\r\n\t\t\t\r\n            <div class=\"swiper images-swiper\">\r\n\r\n\t\t\t\t\r\n                <div class=\"swiper-wrapper\">\r\n\t\t\t\t\t                        <li class=\"swiper-slide\">\r\n                            <img decoding=\"async\" class=\" img-fluid\" src=\"https:\/\/www.koonings.com\/wp-content\/uploads\/2024\/07\/inekes_restaurant_6.png\" srcset=\"https:\/\/www.koonings.com\/wp-content\/uploads\/2024\/07\/inekes_restaurant_6.png\" alt=\"Koonings Ineke's Restaurant Hightea\">\r\n                        <\/li>\r\n\t\t\t\t\t                <\/div>\r\n\r\n                <div class=\"swiper-pagination\"><\/div>\r\n\r\n                <div class=\"swiper-button-prev\"><\/div>\r\n                <div class=\"swiper-button-next\"><\/div>\r\n\r\n            <\/div>\r\n\r\n        <\/div>\r\n\t\r\n\t<\/div><\/div><\/div>\n<\/div><\/div>\n\n<\/div>\r\n            <\/div>\r\n        <\/div>\r\n    <\/div>\r\n\r\n<\/div>\r\n\r\n    \r\n\r\n<div class=\"eye-element fullwidth-row alignfull style-both bg--none  alignfull \" style=\" \">\r\n\r\n    <div class=\"container\">\r\n        <div class=\"row\">\r\n            <div class=\"col-12\">\r\n                <div class=\"acf-innerblocks-container\">\n\n<h2 class=\"wp-block-heading has-text-align-center\" id=\"kom-je-bij-ons-eten\">Heures d&#8217;ouverture<\/h2>\n\n\n\n<div class=\"d-flex justify-content-center\">\n<\/div>\n\n\n<figure class=\"wp-block-table text-table\"><table class=\"has-fixed-layout\"><tbody><tr><td>Lundi<\/td><td>09.30 &#8211; 17.00<\/td><\/tr><tr><td>Mardi<\/td><td>ferm\u00e9<\/td><\/tr><tr><td>Mercredi<\/td><td>09.30 &#8211; 17.00<\/td><\/tr><tr><td>Jeudi<\/td><td>09.30 &#8211; 17.00<\/td><\/tr><tr><td>Vendredi<\/td><td>09.30 &#8211; 17.00<\/td><\/tr><tr><td>Samedi<\/td><td>10.00 &#8211; 17.30<\/td><\/tr><tr><td>(pas tous les) dimanches<\/td><td>11.00 &#8211; 16.00<\/td><\/tr><\/tbody><\/table><\/figure>\n\n\n\n\n\n\r\n<div class=\"eye-block empty-space empty-space--medium pt-md-4 pb-md-4 pt-3 pb-3\" ><\/div>\n\n\r\n<div class=\"eye-element externalwidget\">\r\n\r\n\r\n    <script src=\"https:\/\/apps.elfsight.com\/p\/platform.js\" type=\"text\/plain\" data-cookieconsent=\"marketing\" defer><\/script>\r\n    <div class=\"elfsight-app-84387a6f-6197-4014-8abf-8754ffafad84\"><\/div>\r\n\r\n    <div class=\"cookieconsent-opt-out cookieconsent-optout-marketing\">\r\n                    <p>Acceptez les cookies pour voir le widget du flux Instagram du restaurant Inekes.<\/p>\r\n                <a class=\"btn btn-outline-primary\" href=\"javascript:Cookiebot.renew()\">Param\u00e8tres des cookies<\/a>\r\n    <\/div>\r\n\r\n\r\n<\/div>\n<\/div>\r\n            <\/div>\r\n        <\/div>\r\n    <\/div>\r\n\r\n<\/div>\r\n\r\n    ","protected":false},"excerpt":{"rendered":"","protected":false},"author":1,"featured_media":0,"parent":16067,"menu_order":0,"comment_status":"closed","ping_status":"closed","template":"","meta":{"_acf_changed":false,"ghostkit_customizer_options":"","ghostkit_custom_css":"","ghostkit_custom_js_head":"","ghostkit_custom_js_foot":"","ghostkit_typography":"","footnotes":""},"class_list":["post-16579","page","type-page","status-publish","hentry"],"acf":[],"yoast_head":"<!-- This site is optimized with the Yoast SEO plugin v27.3 - https:\/\/yoast.com\/product\/yoast-seo-wordpress\/ -->\n<title>Restaurants | Koonings<\/title>\n<meta name=\"robots\" content=\"index, follow, max-snippet:-1, max-image-preview:large, max-video-preview:-1\" \/>\n<link rel=\"canonical\" href=\"https:\/\/www.koonings.com\/fr\/deurne\/restaurants\/\" \/>\n<meta property=\"og:locale\" content=\"fr_FR\" \/>\n<meta property=\"og:type\" content=\"article\" \/>\n<meta property=\"og:title\" content=\"Restaurants | Koonings\" \/>\n<meta property=\"og:url\" content=\"https:\/\/www.koonings.com\/fr\/deurne\/restaurants\/\" \/>\n<meta property=\"og:site_name\" content=\"Koonings\" \/>\n<meta property=\"article:publisher\" content=\"https:\/\/www.facebook.com\/kooningstheweddingpalace\" \/>\n<meta property=\"article:modified_time\" content=\"2025-09-29T10:05:23+00:00\" \/>\n<meta property=\"og:image\" content=\"https:\/\/www.koonings.com\/wp-content\/uploads\/2024\/06\/palace-hero-screenshot-1024x575.png\" \/>\n\t<meta property=\"og:image:width\" content=\"1024\" \/>\n\t<meta property=\"og:image:height\" content=\"575\" \/>\n\t<meta property=\"og:image:type\" content=\"image\/png\" \/>\n<meta name=\"twitter:card\" content=\"summary_large_image\" \/>\n<meta name=\"twitter:label1\" content=\"Dur\u00e9e de lecture estim\u00e9e\" \/>\n\t<meta name=\"twitter:data1\" content=\"1 minute\" \/>\n<script type=\"application\/ld+json\" class=\"yoast-schema-graph\">{\"@context\":\"https:\\\/\\\/schema.org\",\"@graph\":[{\"@type\":\"WebPage\",\"@id\":\"https:\\\/\\\/www.koonings.com\\\/fr\\\/deurne\\\/restaurants\\\/\",\"url\":\"https:\\\/\\\/www.koonings.com\\\/fr\\\/deurne\\\/restaurants\\\/\",\"name\":\"Restaurants | Koonings\",\"isPartOf\":{\"@id\":\"https:\\\/\\\/www.koonings.com\\\/fr\\\/#website\"},\"datePublished\":\"2024-07-03T21:06:33+00:00\",\"dateModified\":\"2025-09-29T10:05:23+00:00\",\"breadcrumb\":{\"@id\":\"https:\\\/\\\/www.koonings.com\\\/fr\\\/deurne\\\/restaurants\\\/#breadcrumb\"},\"inLanguage\":\"fr-FR\",\"potentialAction\":[{\"@type\":\"ReadAction\",\"target\":[\"https:\\\/\\\/www.koonings.com\\\/fr\\\/deurne\\\/restaurants\\\/\"]}]},{\"@type\":\"BreadcrumbList\",\"@id\":\"https:\\\/\\\/www.koonings.com\\\/fr\\\/deurne\\\/restaurants\\\/#breadcrumb\",\"itemListElement\":[{\"@type\":\"ListItem\",\"position\":1,\"name\":\"Home\",\"item\":\"https:\\\/\\\/www.koonings.com\\\/fr\\\/\"},{\"@type\":\"ListItem\",\"position\":2,\"name\":\"Deurne\",\"item\":\"https:\\\/\\\/www.koonings.com\\\/fr\\\/deurne\\\/\"},{\"@type\":\"ListItem\",\"position\":3,\"name\":\"Restaurants\"}]},{\"@type\":\"WebSite\",\"@id\":\"https:\\\/\\\/www.koonings.com\\\/fr\\\/#website\",\"url\":\"https:\\\/\\\/www.koonings.com\\\/fr\\\/\",\"name\":\"Koonings\",\"description\":\"De grootste bruidsmodewinkel ter wereld\",\"publisher\":{\"@id\":\"https:\\\/\\\/www.koonings.com\\\/fr\\\/#organization\"},\"potentialAction\":[{\"@type\":\"SearchAction\",\"target\":{\"@type\":\"EntryPoint\",\"urlTemplate\":\"https:\\\/\\\/www.koonings.com\\\/fr\\\/?s={search_term_string}\"},\"query-input\":{\"@type\":\"PropertyValueSpecification\",\"valueRequired\":true,\"valueName\":\"search_term_string\"}}],\"inLanguage\":\"fr-FR\"},{\"@type\":\"Organization\",\"@id\":\"https:\\\/\\\/www.koonings.com\\\/fr\\\/#organization\",\"name\":\"Koonings\",\"url\":\"https:\\\/\\\/www.koonings.com\\\/fr\\\/\",\"logo\":{\"@type\":\"ImageObject\",\"inLanguage\":\"fr-FR\",\"@id\":\"https:\\\/\\\/www.koonings.com\\\/fr\\\/#\\\/schema\\\/logo\\\/image\\\/\",\"url\":\"https:\\\/\\\/www.koonings.com\\\/wp-content\\\/uploads\\\/2024\\\/07\\\/logo.png\",\"contentUrl\":\"https:\\\/\\\/www.koonings.com\\\/wp-content\\\/uploads\\\/2024\\\/07\\\/logo.png\",\"width\":600,\"height\":428,\"caption\":\"Koonings\"},\"image\":{\"@id\":\"https:\\\/\\\/www.koonings.com\\\/fr\\\/#\\\/schema\\\/logo\\\/image\\\/\"},\"sameAs\":[\"https:\\\/\\\/www.facebook.com\\\/kooningstheweddingpalace\",\"https:\\\/\\\/www.instagram.com\\\/kooningstheweddingpalace\",\"https:\\\/\\\/www.pinterest.com\\\/koonings\",\"https:\\\/\\\/www.youtube.com\\\/kooningstheweddingpalace\"]}]}<\/script>\n<!-- \/ Yoast SEO plugin. -->","yoast_head_json":{"title":"Restaurants | Koonings","robots":{"index":"index","follow":"follow","max-snippet":"max-snippet:-1","max-image-preview":"max-image-preview:large","max-video-preview":"max-video-preview:-1"},"canonical":"https:\/\/www.koonings.com\/fr\/deurne\/restaurants\/","og_locale":"fr_FR","og_type":"article","og_title":"Restaurants | Koonings","og_url":"https:\/\/www.koonings.com\/fr\/deurne\/restaurants\/","og_site_name":"Koonings","article_publisher":"https:\/\/www.facebook.com\/kooningstheweddingpalace","article_modified_time":"2025-09-29T10:05:23+00:00","og_image":[{"width":1024,"height":575,"url":"https:\/\/www.koonings.com\/wp-content\/uploads\/2024\/06\/palace-hero-screenshot-1024x575.png","type":"image\/png"}],"twitter_card":"summary_large_image","twitter_misc":{"Dur\u00e9e de lecture estim\u00e9e":"1 minute"},"schema":{"@context":"https:\/\/schema.org","@graph":[{"@type":"WebPage","@id":"https:\/\/www.koonings.com\/fr\/deurne\/restaurants\/","url":"https:\/\/www.koonings.com\/fr\/deurne\/restaurants\/","name":"Restaurants | Koonings","isPartOf":{"@id":"https:\/\/www.koonings.com\/fr\/#website"},"datePublished":"2024-07-03T21:06:33+00:00","dateModified":"2025-09-29T10:05:23+00:00","breadcrumb":{"@id":"https:\/\/www.koonings.com\/fr\/deurne\/restaurants\/#breadcrumb"},"inLanguage":"fr-FR","potentialAction":[{"@type":"ReadAction","target":["https:\/\/www.koonings.com\/fr\/deurne\/restaurants\/"]}]},{"@type":"BreadcrumbList","@id":"https:\/\/www.koonings.com\/fr\/deurne\/restaurants\/#breadcrumb","itemListElement":[{"@type":"ListItem","position":1,"name":"Home","item":"https:\/\/www.koonings.com\/fr\/"},{"@type":"ListItem","position":2,"name":"Deurne","item":"https:\/\/www.koonings.com\/fr\/deurne\/"},{"@type":"ListItem","position":3,"name":"Restaurants"}]},{"@type":"WebSite","@id":"https:\/\/www.koonings.com\/fr\/#website","url":"https:\/\/www.koonings.com\/fr\/","name":"Koonings","description":"De grootste bruidsmodewinkel ter wereld","publisher":{"@id":"https:\/\/www.koonings.com\/fr\/#organization"},"potentialAction":[{"@type":"SearchAction","target":{"@type":"EntryPoint","urlTemplate":"https:\/\/www.koonings.com\/fr\/?s={search_term_string}"},"query-input":{"@type":"PropertyValueSpecification","valueRequired":true,"valueName":"search_term_string"}}],"inLanguage":"fr-FR"},{"@type":"Organization","@id":"https:\/\/www.koonings.com\/fr\/#organization","name":"Koonings","url":"https:\/\/www.koonings.com\/fr\/","logo":{"@type":"ImageObject","inLanguage":"fr-FR","@id":"https:\/\/www.koonings.com\/fr\/#\/schema\/logo\/image\/","url":"https:\/\/www.koonings.com\/wp-content\/uploads\/2024\/07\/logo.png","contentUrl":"https:\/\/www.koonings.com\/wp-content\/uploads\/2024\/07\/logo.png","width":600,"height":428,"caption":"Koonings"},"image":{"@id":"https:\/\/www.koonings.com\/fr\/#\/schema\/logo\/image\/"},"sameAs":["https:\/\/www.facebook.com\/kooningstheweddingpalace","https:\/\/www.instagram.com\/kooningstheweddingpalace","https:\/\/www.pinterest.com\/koonings","https:\/\/www.youtube.com\/kooningstheweddingpalace"]}]}},"_links":{"self":[{"href":"https:\/\/www.koonings.com\/fr\/wp-json\/wp\/v2\/pages\/16579","targetHints":{"allow":["GET"]}}],"collection":[{"href":"https:\/\/www.koonings.com\/fr\/wp-json\/wp\/v2\/pages"}],"about":[{"href":"https:\/\/www.koonings.com\/fr\/wp-json\/wp\/v2\/types\/page"}],"author":[{"embeddable":true,"href":"https:\/\/www.koonings.com\/fr\/wp-json\/wp\/v2\/users\/1"}],"replies":[{"embeddable":true,"href":"https:\/\/www.koonings.com\/fr\/wp-json\/wp\/v2\/comments?post=16579"}],"version-history":[{"count":2,"href":"https:\/\/www.koonings.com\/fr\/wp-json\/wp\/v2\/pages\/16579\/revisions"}],"predecessor-version":[{"id":98524,"href":"https:\/\/www.koonings.com\/fr\/wp-json\/wp\/v2\/pages\/16579\/revisions\/98524"}],"up":[{"embeddable":true,"href":"https:\/\/www.koonings.com\/fr\/wp-json\/wp\/v2\/pages\/16067"}],"wp:attachment":[{"href":"https:\/\/www.koonings.com\/fr\/wp-json\/wp\/v2\/media?parent=16579"}],"curies":[{"name":"wp","href":"https:\/\/api.w.org\/{rel}","templated":true}]}}