{"id":16575,"date":"2024-07-23T15:43:29","date_gmt":"2024-07-23T13:43:29","guid":{"rendered":"https:\/\/www.koonings.com\/deurne\/beaute\/prenez-votre-rendez-vous-en-ligne\/"},"modified":"2025-09-29T11:47:11","modified_gmt":"2025-09-29T09:47:11","slug":"prenez-votre-rendez-vous-en-ligne","status":"publish","type":"page","link":"https:\/\/www.koonings.com\/fr\/deurne\/beaute\/prenez-votre-rendez-vous-en-ligne\/","title":{"rendered":"Prenez votre rendez-vous en ligne"},"content":{"rendered":"\r\n\r\n<div class=\"eye-element fullwidth-row alignfull style-both bg--none  alignfull \" style=\" \">\r\n\r\n    <div class=\"container\">\r\n        <div class=\"row\">\r\n            <div class=\"col-12\">\r\n                <div class=\"acf-innerblocks-container\">\n\n<h1 class=\"wp-block-heading has-text-align-center\" id=\"maak-online-je-afspraak\">Prenez votre rendez-vous en ligne<\/h1>\n\n\n\n<p class=\"has-text-align-center\">Que vous vous pr\u00e9pariez pour un festival, une f\u00eate inoubliable, une occasion sp\u00e9ciale ou que vous soyez sur le point de vous marier. Prenez rendez-vous d\u00e8s maintenant dans notre salon de coiffure et de beaut\u00e9. Cliquez sur le bouton ci-dessous pour prendre rendez-vous \u00e0 la date et \u00e0 l&#8217;heure de votre choix.  <\/p>\n\n\n\n<div class=\"wp-block-group is-content-justification-center is-nowrap is-layout-flex wp-container-core-group-is-layout-94bc23d7 wp-block-group-is-layout-flex\">\r\n<div class=\"eye-element bsbutton text-center \" style=\"display: inline-block;\">\r\n\t        <a class=\"btn btn-gold\" href=\"#salonhub-create-client:koonings-salon:deurne\"\r\n           target=\"\">Prenez rendez-vous<\/a>\r\n\t<\/div><\/div>\n\n\n\n<script src=\"https:\/\/widget.salonhub.nl\/a\/i.js\"><\/script>\n\n<\/div>\r\n            <\/div>\r\n        <\/div>\r\n    <\/div>\r\n\r\n<\/div>\r\n\r\n    \r\n\r\n<div class=\"eye-element fullwidth-row alignfull style-both bg--none  alignfull \" style=\" \">\r\n\r\n    <div class=\"container\">\r\n        <div class=\"row\">\r\n            <div class=\"col-12\">\r\n                <div class=\"acf-innerblocks-container\">\n\n<div class=\"ghostkit-grid ghostkit-grid-gap-md ghostkit-grid-align-items-center\"><div class=\"ghostkit-grid-inner\">\n<div class=\"ghostkit-col ghostkit-col-md-12 ghostkit-col-6\"><div class=\"ghostkit-col-content is-layout-flow wp-block-ghostkit-grid-column-is-layout-flow\">\n<h2 class=\"wp-block-heading\" id=\"van-puntjes-knippen-tot-massages\">De la coupe de cheveux au massage<\/h2>\n\n\n\n<p>Curieux de conna\u00eetre tous nos traitements ? <br\/>Nos sp\u00e9cialistes de la coiffure et de la beaut\u00e9 veilleront \u00e0 ce que vous quittiez le salon<br\/>radieux. Que vous choisissiez<br\/>un soin de coiffure, un massage ou une manucure <br\/>. Mettez-y du glamour !    <\/p>\n<\/div><\/div>\n\n\n\n<div class=\"ghostkit-col ghostkit-col-md-12 ghostkit-col-6\"><div class=\"ghostkit-col-content is-layout-flow wp-block-ghostkit-grid-column-is-layout-flow\">\r\n<div class=\"eye-element images style-default variant-1 multi-image\">\r\n\r\n\t\r\n\t<\/div><\/div><\/div>\n<\/div><\/div>\n\n<\/div>\r\n            <\/div>\r\n        <\/div>\r\n    <\/div>\r\n\r\n<\/div>\r\n\r\n    ","protected":false},"excerpt":{"rendered":"","protected":false},"author":1,"featured_media":0,"parent":16561,"menu_order":0,"comment_status":"closed","ping_status":"closed","template":"","meta":{"_acf_changed":false,"ghostkit_customizer_options":"","ghostkit_custom_css":"","ghostkit_custom_js_head":"","ghostkit_custom_js_foot":"","ghostkit_typography":"","footnotes":""},"class_list":["post-16575","page","type-page","status-publish","hentry"],"acf":[],"yoast_head":"<!-- This site is optimized with the Yoast SEO plugin v27.3 - https:\/\/yoast.com\/product\/yoast-seo-wordpress\/ -->\n<title>Prenez votre rendez-vous en ligne | Koonings<\/title>\n<meta name=\"robots\" content=\"index, follow, max-snippet:-1, max-image-preview:large, max-video-preview:-1\" \/>\n<link rel=\"canonical\" href=\"https:\/\/www.koonings.com\/fr\/deurne\/beaute\/prenez-votre-rendez-vous-en-ligne\/\" \/>\n<meta property=\"og:locale\" content=\"fr_FR\" \/>\n<meta property=\"og:type\" content=\"article\" \/>\n<meta property=\"og:title\" content=\"Prenez votre rendez-vous en ligne | Koonings\" \/>\n<meta property=\"og:url\" content=\"https:\/\/www.koonings.com\/fr\/deurne\/beaute\/prenez-votre-rendez-vous-en-ligne\/\" \/>\n<meta property=\"og:site_name\" content=\"Koonings\" \/>\n<meta property=\"article:publisher\" content=\"https:\/\/www.facebook.com\/kooningstheweddingpalace\" \/>\n<meta property=\"article:modified_time\" content=\"2025-09-29T09:47:11+00:00\" \/>\n<meta property=\"og:image\" content=\"https:\/\/www.koonings.com\/wp-content\/uploads\/2024\/06\/palace-hero-screenshot-1024x575.png\" \/>\n\t<meta property=\"og:image:width\" content=\"1024\" \/>\n\t<meta property=\"og:image:height\" content=\"575\" \/>\n\t<meta property=\"og:image:type\" content=\"image\/png\" \/>\n<meta name=\"twitter:card\" content=\"summary_large_image\" \/>\n<meta name=\"twitter:label1\" content=\"Dur\u00e9e de lecture estim\u00e9e\" \/>\n\t<meta name=\"twitter:data1\" content=\"1 minute\" \/>\n<script type=\"application\/ld+json\" class=\"yoast-schema-graph\">{\"@context\":\"https:\\\/\\\/schema.org\",\"@graph\":[{\"@type\":\"WebPage\",\"@id\":\"https:\\\/\\\/www.koonings.com\\\/fr\\\/deurne\\\/beaute\\\/prenez-votre-rendez-vous-en-ligne\\\/\",\"url\":\"https:\\\/\\\/www.koonings.com\\\/fr\\\/deurne\\\/beaute\\\/prenez-votre-rendez-vous-en-ligne\\\/\",\"name\":\"Prenez votre rendez-vous en ligne | Koonings\",\"isPartOf\":{\"@id\":\"https:\\\/\\\/www.koonings.com\\\/fr\\\/#website\"},\"datePublished\":\"2024-07-23T13:43:29+00:00\",\"dateModified\":\"2025-09-29T09:47:11+00:00\",\"breadcrumb\":{\"@id\":\"https:\\\/\\\/www.koonings.com\\\/fr\\\/deurne\\\/beaute\\\/prenez-votre-rendez-vous-en-ligne\\\/#breadcrumb\"},\"inLanguage\":\"fr-FR\",\"potentialAction\":[{\"@type\":\"ReadAction\",\"target\":[\"https:\\\/\\\/www.koonings.com\\\/fr\\\/deurne\\\/beaute\\\/prenez-votre-rendez-vous-en-ligne\\\/\"]}]},{\"@type\":\"BreadcrumbList\",\"@id\":\"https:\\\/\\\/www.koonings.com\\\/fr\\\/deurne\\\/beaute\\\/prenez-votre-rendez-vous-en-ligne\\\/#breadcrumb\",\"itemListElement\":[{\"@type\":\"ListItem\",\"position\":1,\"name\":\"Home\",\"item\":\"https:\\\/\\\/www.koonings.com\\\/fr\\\/\"},{\"@type\":\"ListItem\",\"position\":2,\"name\":\"Deurne\",\"item\":\"https:\\\/\\\/www.koonings.com\\\/fr\\\/deurne\\\/\"},{\"@type\":\"ListItem\",\"position\":3,\"name\":\"Beaut\u00e9\",\"item\":\"https:\\\/\\\/www.koonings.com\\\/fr\\\/deurne\\\/beaute\\\/\"},{\"@type\":\"ListItem\",\"position\":4,\"name\":\"Prenez votre rendez-vous en ligne\"}]},{\"@type\":\"WebSite\",\"@id\":\"https:\\\/\\\/www.koonings.com\\\/fr\\\/#website\",\"url\":\"https:\\\/\\\/www.koonings.com\\\/fr\\\/\",\"name\":\"Koonings\",\"description\":\"De grootste bruidsmodewinkel ter wereld\",\"publisher\":{\"@id\":\"https:\\\/\\\/www.koonings.com\\\/fr\\\/#organization\"},\"potentialAction\":[{\"@type\":\"SearchAction\",\"target\":{\"@type\":\"EntryPoint\",\"urlTemplate\":\"https:\\\/\\\/www.koonings.com\\\/fr\\\/?s={search_term_string}\"},\"query-input\":{\"@type\":\"PropertyValueSpecification\",\"valueRequired\":true,\"valueName\":\"search_term_string\"}}],\"inLanguage\":\"fr-FR\"},{\"@type\":\"Organization\",\"@id\":\"https:\\\/\\\/www.koonings.com\\\/fr\\\/#organization\",\"name\":\"Koonings\",\"url\":\"https:\\\/\\\/www.koonings.com\\\/fr\\\/\",\"logo\":{\"@type\":\"ImageObject\",\"inLanguage\":\"fr-FR\",\"@id\":\"https:\\\/\\\/www.koonings.com\\\/fr\\\/#\\\/schema\\\/logo\\\/image\\\/\",\"url\":\"https:\\\/\\\/www.koonings.com\\\/wp-content\\\/uploads\\\/2024\\\/07\\\/logo.png\",\"contentUrl\":\"https:\\\/\\\/www.koonings.com\\\/wp-content\\\/uploads\\\/2024\\\/07\\\/logo.png\",\"width\":600,\"height\":428,\"caption\":\"Koonings\"},\"image\":{\"@id\":\"https:\\\/\\\/www.koonings.com\\\/fr\\\/#\\\/schema\\\/logo\\\/image\\\/\"},\"sameAs\":[\"https:\\\/\\\/www.facebook.com\\\/kooningstheweddingpalace\",\"https:\\\/\\\/www.instagram.com\\\/kooningstheweddingpalace\",\"https:\\\/\\\/www.pinterest.com\\\/koonings\",\"https:\\\/\\\/www.youtube.com\\\/kooningstheweddingpalace\"]}]}<\/script>\n<!-- \/ Yoast SEO plugin. -->","yoast_head_json":{"title":"Prenez votre rendez-vous en ligne | Koonings","robots":{"index":"index","follow":"follow","max-snippet":"max-snippet:-1","max-image-preview":"max-image-preview:large","max-video-preview":"max-video-preview:-1"},"canonical":"https:\/\/www.koonings.com\/fr\/deurne\/beaute\/prenez-votre-rendez-vous-en-ligne\/","og_locale":"fr_FR","og_type":"article","og_title":"Prenez votre rendez-vous en ligne | Koonings","og_url":"https:\/\/www.koonings.com\/fr\/deurne\/beaute\/prenez-votre-rendez-vous-en-ligne\/","og_site_name":"Koonings","article_publisher":"https:\/\/www.facebook.com\/kooningstheweddingpalace","article_modified_time":"2025-09-29T09:47:11+00:00","og_image":[{"width":1024,"height":575,"url":"https:\/\/www.koonings.com\/wp-content\/uploads\/2024\/06\/palace-hero-screenshot-1024x575.png","type":"image\/png"}],"twitter_card":"summary_large_image","twitter_misc":{"Dur\u00e9e de lecture estim\u00e9e":"1 minute"},"schema":{"@context":"https:\/\/schema.org","@graph":[{"@type":"WebPage","@id":"https:\/\/www.koonings.com\/fr\/deurne\/beaute\/prenez-votre-rendez-vous-en-ligne\/","url":"https:\/\/www.koonings.com\/fr\/deurne\/beaute\/prenez-votre-rendez-vous-en-ligne\/","name":"Prenez votre rendez-vous en ligne | Koonings","isPartOf":{"@id":"https:\/\/www.koonings.com\/fr\/#website"},"datePublished":"2024-07-23T13:43:29+00:00","dateModified":"2025-09-29T09:47:11+00:00","breadcrumb":{"@id":"https:\/\/www.koonings.com\/fr\/deurne\/beaute\/prenez-votre-rendez-vous-en-ligne\/#breadcrumb"},"inLanguage":"fr-FR","potentialAction":[{"@type":"ReadAction","target":["https:\/\/www.koonings.com\/fr\/deurne\/beaute\/prenez-votre-rendez-vous-en-ligne\/"]}]},{"@type":"BreadcrumbList","@id":"https:\/\/www.koonings.com\/fr\/deurne\/beaute\/prenez-votre-rendez-vous-en-ligne\/#breadcrumb","itemListElement":[{"@type":"ListItem","position":1,"name":"Home","item":"https:\/\/www.koonings.com\/fr\/"},{"@type":"ListItem","position":2,"name":"Deurne","item":"https:\/\/www.koonings.com\/fr\/deurne\/"},{"@type":"ListItem","position":3,"name":"Beaut\u00e9","item":"https:\/\/www.koonings.com\/fr\/deurne\/beaute\/"},{"@type":"ListItem","position":4,"name":"Prenez votre rendez-vous en ligne"}]},{"@type":"WebSite","@id":"https:\/\/www.koonings.com\/fr\/#website","url":"https:\/\/www.koonings.com\/fr\/","name":"Koonings","description":"De grootste bruidsmodewinkel ter wereld","publisher":{"@id":"https:\/\/www.koonings.com\/fr\/#organization"},"potentialAction":[{"@type":"SearchAction","target":{"@type":"EntryPoint","urlTemplate":"https:\/\/www.koonings.com\/fr\/?s={search_term_string}"},"query-input":{"@type":"PropertyValueSpecification","valueRequired":true,"valueName":"search_term_string"}}],"inLanguage":"fr-FR"},{"@type":"Organization","@id":"https:\/\/www.koonings.com\/fr\/#organization","name":"Koonings","url":"https:\/\/www.koonings.com\/fr\/","logo":{"@type":"ImageObject","inLanguage":"fr-FR","@id":"https:\/\/www.koonings.com\/fr\/#\/schema\/logo\/image\/","url":"https:\/\/www.koonings.com\/wp-content\/uploads\/2024\/07\/logo.png","contentUrl":"https:\/\/www.koonings.com\/wp-content\/uploads\/2024\/07\/logo.png","width":600,"height":428,"caption":"Koonings"},"image":{"@id":"https:\/\/www.koonings.com\/fr\/#\/schema\/logo\/image\/"},"sameAs":["https:\/\/www.facebook.com\/kooningstheweddingpalace","https:\/\/www.instagram.com\/kooningstheweddingpalace","https:\/\/www.pinterest.com\/koonings","https:\/\/www.youtube.com\/kooningstheweddingpalace"]}]}},"_links":{"self":[{"href":"https:\/\/www.koonings.com\/fr\/wp-json\/wp\/v2\/pages\/16575","targetHints":{"allow":["GET"]}}],"collection":[{"href":"https:\/\/www.koonings.com\/fr\/wp-json\/wp\/v2\/pages"}],"about":[{"href":"https:\/\/www.koonings.com\/fr\/wp-json\/wp\/v2\/types\/page"}],"author":[{"embeddable":true,"href":"https:\/\/www.koonings.com\/fr\/wp-json\/wp\/v2\/users\/1"}],"replies":[{"embeddable":true,"href":"https:\/\/www.koonings.com\/fr\/wp-json\/wp\/v2\/comments?post=16575"}],"version-history":[{"count":2,"href":"https:\/\/www.koonings.com\/fr\/wp-json\/wp\/v2\/pages\/16575\/revisions"}],"predecessor-version":[{"id":98438,"href":"https:\/\/www.koonings.com\/fr\/wp-json\/wp\/v2\/pages\/16575\/revisions\/98438"}],"up":[{"embeddable":true,"href":"https:\/\/www.koonings.com\/fr\/wp-json\/wp\/v2\/pages\/16561"}],"wp:attachment":[{"href":"https:\/\/www.koonings.com\/fr\/wp-json\/wp\/v2\/media?parent=16575"}],"curies":[{"name":"wp","href":"https:\/\/api.w.org\/{rel}","templated":true}]}}