{"id":16568,"date":"2024-07-11T15:16:24","date_gmt":"2024-07-11T13:16:24","guid":{"rendered":"https:\/\/www.koonings.com\/deurne\/beaute\/hommes-et-enfants\/"},"modified":"2026-02-10T11:56:34","modified_gmt":"2026-02-10T10:56:34","slug":"hommes-et-enfants","status":"publish","type":"page","link":"https:\/\/www.koonings.com\/fr\/deurne\/beaute\/hommes-et-enfants\/","title":{"rendered":"Hommes et enfants"},"content":{"rendered":"\n<script src=\"https:\/\/widget.salonhub.nl\/a\/i.js\"><\/script>\n\r\n\r\n<div class=\"eye-element fullwidth-row alignfull style-both bg--none  alignfull \" style=\" \">\r\n\r\n    <div class=\"container\">\r\n        <div class=\"row\">\r\n            <div class=\"col-12\">\r\n                <div class=\"acf-innerblocks-container\">\n\n<h1 class=\"wp-block-heading has-text-align-center\" id=\"gents-kids\">Hommes et enfants<\/h1>\n\n<\/div>\r\n            <\/div>\r\n        <\/div>\r\n    <\/div>\r\n\r\n<\/div>\r\n\r\n    \r\n<div class=\"eye-block onpagenav  pull-up\">\r\n    <div class=\"container-fluid p-sm-0\">\r\n        <nav id=\"onpage-nav\" class=\"navbar navbar-expand text-center\" aria-label=\"Inhoudsopgave\">\r\n            <div class=\" justify-content-center\" id=\"navbarSupportedContent\">\r\n                <ul class=\"nav navbar-nav\">\r\n                    <li class=\"nav-item single-hint d-none\" style=\"pointer-events: none;\">\r\n                        <a class=\"nav-link\" href=\"javascript:void()\">Table des mati\u00e8res<\/a>\r\n                    <\/li>\r\n                                            <li class=\"nav-item\">\r\n                            <a class=\"nav-link\" href=\"#gand-section\">Gand<\/a>\r\n                        <\/li>\r\n                                            <li class=\"nav-item\">\r\n                            <a class=\"nav-link\" href=\"#les-enfants-section\">Les enfants<\/a>\r\n                        <\/li>\r\n                                    <\/ul>\r\n            <\/div>\r\n            <div class=\"dropdown\">\r\n                <a class=\"dropdown-toggle btn btn-primary\" id=\"dropdownMenuButton\" data-bs-toggle=\"dropdown\" aria-haspopup=\"true\" aria-expanded=\"false\">\r\n                    <i class=\"fa-solid fa-chevron-down\"><\/i>\r\n                <\/a>\r\n                <div class=\"dropdown-menu dropdown-menu-right\" aria-labelledby=\"dropdownMenuButton\">\r\n                <\/div>\r\n            <\/div>\r\n        <\/nav>\r\n    <\/div>\r\n<\/div>\r\n\r\n<div class=\"eye-element fullwidth-row alignfull faux-bg--lightgray style-left  alignfull \" style=\"\">\r\n<div class=\"bg bg--lightgray\" style=\"\"><\/div>\r\n\r\n    <div class=\"container\">\r\n        <div class=\"row\">\r\n            <div class=\"col-12\">\r\n                <div class=\"acf-innerblocks-container\">\n\r\n<div id=\"gand-section\" class=\"eye-block menu-section\" title=\"gand\" data-section-name=\"Gand\"><\/div>\r\n\n\n\n<div class=\"ghostkit-grid ghostkit-grid-gap-md\"><div class=\"ghostkit-grid-inner\">\n<div class=\"ghostkit-col ghostkit-col-md-12 ghostkit-col-6 ghostkit-col-align-self-center\"><div class=\"ghostkit-col-content is-layout-flow wp-block-ghostkit-grid-column-is-layout-flow\">\n<h2 class=\"wp-block-heading\" id=\"cuts\">Gand<\/h2>\n\n\n\n<h3 class=\"wp-block-heading\" id=\"sometimes-a-fresh-cut-is-all-you-need-in-life\">Les bonnes mani\u00e8res, le style et une bonne coupe de cheveux ne sont jamais d\u00e9mod\u00e9s.<\/h3>\n\n\n\n<p>Nous comprenons que vous souhaitiez vous montrer sous votre meilleur jour. Qu&#8217;il s&#8217;agisse d&#8217;une coupe de cheveux rapide pour avoir l&#8217;air frais ou de parfaire votre look dans les moindres d\u00e9tails pour une occasion sp\u00e9ciale. M\u00eame si vous voulez \u00eatre coiff\u00e9 pour le grand jour. Vous \u00eates au bon endroit.   <\/p>\n\n\n\r\n<div class=\"eye-element price price--small\">\r\n\r\n\t        <div>\r\n            <div class=\"price__title\">Lavage, coupe et coiffage pour hommes<\/div>\r\n            <div class=\"price__subtitle\"><\/div>\r\n        <\/div>\r\n\t\r\n    <div class=\"d-flex align-items-end gap-2\">\r\n        <div class=\"price__price \">\u20ac 24,95<\/div>\r\n\t\t    <\/div>\r\n\r\n<\/div>\n\n\r\n<div class=\"eye-element price price--small\">\r\n\r\n\t        <div>\r\n            <div class=\"price__title\">Lavage et tonte<\/div>\r\n            <div class=\"price__subtitle\"><\/div>\r\n        <\/div>\r\n\t\r\n    <div class=\"d-flex align-items-end gap-2\">\r\n        <div class=\"price__price \">\u20ac 15,-<\/div>\r\n\t\t    <\/div>\r\n\r\n<\/div>\n\n\r\n<div class=\"eye-block empty-space empty-space--small pt-md-3 pb-md-3 pt-2 pb-2\" ><\/div>\n\n\r\n<div class=\"eye-element bsbutton text-start \" >\r\n\t        <a class=\"btn btn-gold\" href=\"#salonhub-create-client:koonings-salon:deurne\"\r\n           target=\"\">Prenez rendez-vous<\/a>\r\n\t<\/div><\/div><\/div>\n\n\n\n<div class=\"ghostkit-col ghostkit-col-md-12 ghostkit-col-6\"><div class=\"ghostkit-col-content is-layout-flow wp-block-ghostkit-grid-column-is-layout-flow\">\r\n<div class=\"eye-element images style-default variant-1 single-image\">\r\n\r\n\t        <div class=\"composition\">\r\n\t\t\t\r\n            <div class=\"swiper images-swiper\">\r\n\r\n\t\t\t\t\r\n                <div class=\"swiper-wrapper\">\r\n\t\t\t\t\t                        <li class=\"swiper-slide\">\r\n                            <img decoding=\"async\" class=\" img-fluid\" src=\"https:\/\/www.koonings.com\/wp-content\/uploads\/2024\/08\/hairdresser-1179459_1280-1024x730.jpg\" srcset=\"https:\/\/www.koonings.com\/wp-content\/uploads\/2024\/08\/hairdresser-1179459_1280.jpg\" alt=\"\">\r\n                        <\/li>\r\n\t\t\t\t\t                <\/div>\r\n\r\n                <div class=\"swiper-pagination\"><\/div>\r\n\r\n                <div class=\"swiper-button-prev\"><\/div>\r\n                <div class=\"swiper-button-next\"><\/div>\r\n\r\n            <\/div>\r\n\r\n        <\/div>\r\n\t\r\n\t<\/div><\/div><\/div>\n<\/div><\/div>\n\n<\/div>\r\n            <\/div>\r\n        <\/div>\r\n    <\/div>\r\n\r\n<\/div>\r\n\r\n    \r\n<div class=\"eye-block empty-space empty-space--large pt-md-5 pb-md-5 pt-4 pb-4\" ><\/div>\r\n\r\n<div class=\"eye-element fullwidth-row alignfull faux-bg--lightgray style-right  alignfull \" style=\"\">\r\n<div class=\"bg bg--lightgray\" style=\"\"><\/div>\r\n\r\n    <div class=\"container\">\r\n        <div class=\"row\">\r\n            <div class=\"col-12\">\r\n                <div class=\"acf-innerblocks-container\">\n\r\n<div id=\"les-enfants-section\" class=\"eye-block menu-section\" title=\"les-enfants\" data-section-name=\"Les enfants\"><\/div>\r\n\n\n\n<div class=\"ghostkit-grid ghostkit-grid-gap-md\"><div class=\"ghostkit-grid-inner\">\n<div class=\"ghostkit-col ghostkit-col-md-12 ghostkit-col-6\"><div class=\"ghostkit-col-content is-layout-flow wp-block-ghostkit-grid-column-is-layout-flow\">\r\n<div class=\"eye-element images style-default variant-2 single-image\">\r\n\r\n\t        <div class=\"composition\">\r\n\t\t\t\r\n            <div class=\"swiper images-swiper\">\r\n\r\n\t\t\t\t\r\n                <div class=\"swiper-wrapper\">\r\n\t\t\t\t\t                        <li class=\"swiper-slide\">\r\n                            <img decoding=\"async\" class=\" img-fluid\" src=\"https:\/\/www.koonings.com\/wp-content\/uploads\/2024\/08\/2204-178-1024x768.jpeg\" srcset=\"https:\/\/www.koonings.com\/wp-content\/uploads\/2024\/08\/2204-178-scaled.jpeg\" alt=\"\">\r\n                        <\/li>\r\n\t\t\t\t\t                <\/div>\r\n\r\n                <div class=\"swiper-pagination\"><\/div>\r\n\r\n                <div class=\"swiper-button-prev\"><\/div>\r\n                <div class=\"swiper-button-next\"><\/div>\r\n\r\n            <\/div>\r\n\r\n        <\/div>\r\n\t\r\n\t<\/div><\/div><\/div>\n\n\n\n<div class=\"ghostkit-col ghostkit-col-md-12 ghostkit-col-6 ghostkit-col-align-self-center\"><div class=\"ghostkit-col-content is-layout-flow wp-block-ghostkit-grid-column-is-layout-flow\">\n<h2 class=\"wp-block-heading\" id=\"cuts\">Coupes boucl\u00e9es<\/h2>\n\n\n\n<h3 class=\"wp-block-heading\" id=\"sometimes-a-fresh-cut-is-all-you-need-in-life\">Le style n&#8217;est pas r\u00e9serv\u00e9 aux adultes ; m\u00eame les plus petits peuvent d\u00e9filer sur les podiums<\/h3>\n\n\n\n<p>Les coiffeurs de Koonings savent comment laver, couper et s\u00e9cher les cheveux de votre enfant. Et ils le font de mani\u00e8re ludique, de sorte que la visite chez le coiffeur devienne aussi une f\u00eate pour votre enfant. <\/p>\n\n\n\n<h3 class=\"wp-block-heading\" id=\"communie-en-bruiloftsstylingdoet-je-kind-zijn-of-haar-eerste-communie-of-is-je-kind-bruidsmeisje-of-bruidsjonker-op-een-bruiloft-dan-ben-je-vast-en-zeker-bezig-met-alle-voorbereidingen-voor-deze-feestelijke-dag-een-mooie-outfit-mag-niet-ontbreken-en-daar-hoort-ook-een-prachtig-kapsel-bij-onze-kinderkapsels-zijn-ontworpen-om-de-allerkleinsten-te-laten-stralen\">Stylisme de communion et de mariage<\/h3>\n\n\n\n<p>Votre enfant fait sa premi\u00e8re communion ou est demoiselle d&#8217;honneur ou gar\u00e7on d&#8217;honneur \u00e0 un mariage ? Votre enfant est demoiselle d&#8217;honneur ou gar\u00e7on d&#8217;honneur \u00e0 un mariage ? Vous \u00eates certainement tr\u00e8s occup\u00e9e par tous les pr\u00e9paratifs de ce jour de f\u00eate. Une belle tenue ne doit pas manquer. Et cela inclut \u00e9galement une belle coiffure. Nos coiffures pour enfants sont con\u00e7ues pour faire briller les petits.     <\/p>\n\n\n\n<h3 class=\"wp-block-heading\" id=\"feestkapsels\">Coiffures de f\u00eate<\/h3>\n\n\n\n<p>Vous pouvez \u00e9galement y trouver la coiffure de votre enfant pour d&#8217;autres occasions festives. Qu&#8217;il s&#8217;agisse de f\u00eates d&#8217;anniversaire, de photos d&#8217;\u00e9cole ou de vacances. <\/p>\n\n\n\r\n<div class=\"eye-element price price--small\">\r\n\r\n\t        <div>\r\n            <div class=\"price__title\">Coupez<\/div>\r\n            <div class=\"price__subtitle\"><\/div>\r\n        <\/div>\r\n\t\r\n    <div class=\"d-flex align-items-end gap-2\">\r\n        <div class=\"price__price \">\u20ac 22,95<\/div>\r\n\t\t    <\/div>\r\n\r\n<\/div>\n\n\r\n<div class=\"eye-element price price--small\">\r\n\r\n\t        <div>\r\n            <div class=\"price__title\">Boucles<\/div>\r\n            <div class=\"price__subtitle\"><\/div>\r\n        <\/div>\r\n\t\r\n    <div class=\"d-flex align-items-end gap-2\">\r\n        <div class=\"price__price \">\u20ac 29,95<\/div>\r\n\t\t    <\/div>\r\n\r\n<\/div>\n\n\r\n<div class=\"eye-element price price--small\">\r\n\r\n\t        <div>\r\n            <div class=\"price__title\">Tresses<\/div>\r\n            <div class=\"price__subtitle\"><\/div>\r\n        <\/div>\r\n\t\r\n    <div class=\"d-flex align-items-end gap-2\">\r\n        <div class=\"price__price \">\u20ac 24,95<\/div>\r\n\t\t    <\/div>\r\n\r\n<\/div>\n\n\r\n<div class=\"eye-element price price--small\">\r\n\r\n\t        <div>\r\n            <div class=\"price__title\">Chignon<\/div>\r\n            <div class=\"price__subtitle\"><\/div>\r\n        <\/div>\r\n\t\r\n    <div class=\"d-flex align-items-end gap-2\">\r\n        <div class=\"price__price \">\u20ac 29,95<\/div>\r\n\t\t    <\/div>\r\n\r\n<\/div>\n\n\r\n<div class=\"eye-block empty-space empty-space--small pt-md-3 pb-md-3 pt-2 pb-2\" ><\/div>\n\n\r\n<div class=\"eye-element bsbutton text-start \" >\r\n\t        <a class=\"btn btn-gold\" href=\"#salonhub-create-client:koonings-salon:deurne\"\r\n           target=\"\">Prenez rendez-vous<\/a>\r\n\t<\/div><\/div><\/div>\n<\/div><\/div>\n\n<\/div>\r\n            <\/div>\r\n        <\/div>\r\n    <\/div>\r\n\r\n<\/div>\r\n\r\n    \r\n\r\n<div class=\"eye-element fullwidth-row alignfull style-both bg--lightgray  alignfull \" style=\" \">\r\n\r\n    <div class=\"container\">\r\n        <div class=\"row\">\r\n            <div class=\"col-12\">\r\n                <div class=\"acf-innerblocks-container\">\n\n<h2 class=\"wp-block-heading has-text-align-center\" id=\"openingstijden\">Heures d&#8217;ouverture<\/h2>\n\n<figure class=\"wp-block-table aligncenter text-table\"><table class=\"has-fixed-layout\"><tbody><tr><td class=\"has-text-align-left\" data-align=\"left\">Lundi<\/td><td class=\"has-text-align-left\" data-align=\"left\">Ferm\u00e9<\/td><\/tr><tr><td class=\"has-text-align-left\" data-align=\"left\">Mardi<\/td><td class=\"has-text-align-left\" data-align=\"left\">Ferm\u00e9<\/td><\/tr><tr><td class=\"has-text-align-left\" data-align=\"left\">Mercredi<\/td><td class=\"has-text-align-left\" data-align=\"left\">09:00 &#8211; 17:00<\/td><\/tr><tr><td class=\"has-text-align-left\" data-align=\"left\">Jeudi<\/td><td class=\"has-text-align-left\" data-align=\"left\">11:00 &#8211; 20:00<\/td><\/tr><tr><td class=\"has-text-align-left\" data-align=\"left\">Vendredi<\/td><td class=\"has-text-align-left\" data-align=\"left\">09:00 &#8211; 17:00<\/td><\/tr><tr><td class=\"has-text-align-left\" data-align=\"left\">Samedi<\/td><td class=\"has-text-align-left\" data-align=\"left\">09:00 &#8211; 17:00<\/td><\/tr><tr><td class=\"has-text-align-left\" data-align=\"left\">Dimanche<\/td><td class=\"has-text-align-left\" data-align=\"left\">Ferm\u00e9<\/td><\/tr><\/tbody><\/table><\/figure>\n\n<\/div>\r\n            <\/div>\r\n        <\/div>\r\n    <\/div>\r\n\r\n<\/div>\r\n\r\n    \r\n<div class=\"eye-block empty-space empty-space--large pt-md-5 pb-md-5 pt-4 pb-4\" ><\/div>\n<div class=\"ghostkit-grid ghostkit-grid-gap-md ghostkit-grid-justify-content-center\"><div class=\"ghostkit-grid-inner\">\n<div class=\"ghostkit-col ghostkit-col-lg-12 ghostkit-col-8\"><div class=\"ghostkit-col-content is-layout-flow wp-block-ghostkit-grid-column-is-layout-flow\">\r\n<div class=\"eye-element externalwidget\">\r\n\r\n\r\n    <script src=\"https:\/\/apps.elfsight.com\/p\/platform.js\" type=\"text\/plain\" data-cookieconsent=\"marketing\" defer><\/script>\r\n    <div class=\"elfsight-app-0b804fdf-8797-4a8d-a910-87592501504e\"><\/div>\r\n\r\n    <div class=\"cookieconsent-opt-out cookieconsent-optout-marketing\">\r\n                    <p>Acceptez les cookies pour voir le widget du flux Instagram de Beauty &amp; Hair.<\/p>\r\n                <a class=\"btn btn-outline-primary\" href=\"javascript:Cookiebot.renew()\">Param\u00e8tres des cookies<\/a>\r\n    <\/div>\r\n\r\n\r\n<\/div><\/div><\/div>\n<\/div><\/div>\n\r\n<div class=\"eye-block empty-space empty-space--large pt-md-5 pb-md-5 pt-4 pb-4\" ><\/div>","protected":false},"excerpt":{"rendered":"","protected":false},"author":1,"featured_media":0,"parent":16561,"menu_order":0,"comment_status":"closed","ping_status":"closed","template":"","meta":{"_acf_changed":false,"ghostkit_customizer_options":"","ghostkit_custom_css":"","ghostkit_custom_js_head":"","ghostkit_custom_js_foot":"","ghostkit_typography":"","footnotes":""},"class_list":["post-16568","page","type-page","status-publish","hentry"],"acf":[],"yoast_head":"<!-- This site is optimized with the Yoast SEO plugin v27.3 - https:\/\/yoast.com\/product\/yoast-seo-wordpress\/ -->\n<title>Hommes et enfants | Koonings<\/title>\n<meta name=\"robots\" content=\"index, follow, max-snippet:-1, max-image-preview:large, max-video-preview:-1\" \/>\n<link rel=\"canonical\" href=\"https:\/\/www.koonings.com\/fr\/deurne\/beaute\/hommes-et-enfants\/\" \/>\n<meta property=\"og:locale\" content=\"fr_FR\" \/>\n<meta property=\"og:type\" content=\"article\" \/>\n<meta property=\"og:title\" content=\"Hommes et enfants | Koonings\" \/>\n<meta property=\"og:url\" content=\"https:\/\/www.koonings.com\/fr\/deurne\/beaute\/hommes-et-enfants\/\" \/>\n<meta property=\"og:site_name\" content=\"Koonings\" \/>\n<meta property=\"article:publisher\" content=\"https:\/\/www.facebook.com\/kooningstheweddingpalace\" \/>\n<meta property=\"article:modified_time\" content=\"2026-02-10T10:56:34+00:00\" \/>\n<meta property=\"og:image\" content=\"https:\/\/www.koonings.com\/wp-content\/uploads\/2024\/06\/palace-hero-screenshot-1024x575.png\" \/>\n\t<meta property=\"og:image:width\" content=\"1024\" \/>\n\t<meta property=\"og:image:height\" content=\"575\" \/>\n\t<meta property=\"og:image:type\" content=\"image\/png\" \/>\n<meta name=\"twitter:card\" content=\"summary_large_image\" \/>\n<meta name=\"twitter:label1\" content=\"Dur\u00e9e de lecture estim\u00e9e\" \/>\n\t<meta name=\"twitter:data1\" content=\"1 minute\" \/>\n<script type=\"application\/ld+json\" class=\"yoast-schema-graph\">{\"@context\":\"https:\\\/\\\/schema.org\",\"@graph\":[{\"@type\":\"WebPage\",\"@id\":\"https:\\\/\\\/www.koonings.com\\\/fr\\\/deurne\\\/beaute\\\/hommes-et-enfants\\\/\",\"url\":\"https:\\\/\\\/www.koonings.com\\\/fr\\\/deurne\\\/beaute\\\/hommes-et-enfants\\\/\",\"name\":\"Hommes et enfants | Koonings\",\"isPartOf\":{\"@id\":\"https:\\\/\\\/www.koonings.com\\\/fr\\\/#website\"},\"datePublished\":\"2024-07-11T13:16:24+00:00\",\"dateModified\":\"2026-02-10T10:56:34+00:00\",\"breadcrumb\":{\"@id\":\"https:\\\/\\\/www.koonings.com\\\/fr\\\/deurne\\\/beaute\\\/hommes-et-enfants\\\/#breadcrumb\"},\"inLanguage\":\"fr-FR\",\"potentialAction\":[{\"@type\":\"ReadAction\",\"target\":[\"https:\\\/\\\/www.koonings.com\\\/fr\\\/deurne\\\/beaute\\\/hommes-et-enfants\\\/\"]}]},{\"@type\":\"BreadcrumbList\",\"@id\":\"https:\\\/\\\/www.koonings.com\\\/fr\\\/deurne\\\/beaute\\\/hommes-et-enfants\\\/#breadcrumb\",\"itemListElement\":[{\"@type\":\"ListItem\",\"position\":1,\"name\":\"Home\",\"item\":\"https:\\\/\\\/www.koonings.com\\\/fr\\\/\"},{\"@type\":\"ListItem\",\"position\":2,\"name\":\"Deurne\",\"item\":\"https:\\\/\\\/www.koonings.com\\\/fr\\\/deurne\\\/\"},{\"@type\":\"ListItem\",\"position\":3,\"name\":\"Beaut\u00e9\",\"item\":\"https:\\\/\\\/www.koonings.com\\\/fr\\\/deurne\\\/beaute\\\/\"},{\"@type\":\"ListItem\",\"position\":4,\"name\":\"Hommes et enfants\"}]},{\"@type\":\"WebSite\",\"@id\":\"https:\\\/\\\/www.koonings.com\\\/fr\\\/#website\",\"url\":\"https:\\\/\\\/www.koonings.com\\\/fr\\\/\",\"name\":\"Koonings\",\"description\":\"De grootste bruidsmodewinkel ter wereld\",\"publisher\":{\"@id\":\"https:\\\/\\\/www.koonings.com\\\/fr\\\/#organization\"},\"potentialAction\":[{\"@type\":\"SearchAction\",\"target\":{\"@type\":\"EntryPoint\",\"urlTemplate\":\"https:\\\/\\\/www.koonings.com\\\/fr\\\/?s={search_term_string}\"},\"query-input\":{\"@type\":\"PropertyValueSpecification\",\"valueRequired\":true,\"valueName\":\"search_term_string\"}}],\"inLanguage\":\"fr-FR\"},{\"@type\":\"Organization\",\"@id\":\"https:\\\/\\\/www.koonings.com\\\/fr\\\/#organization\",\"name\":\"Koonings\",\"url\":\"https:\\\/\\\/www.koonings.com\\\/fr\\\/\",\"logo\":{\"@type\":\"ImageObject\",\"inLanguage\":\"fr-FR\",\"@id\":\"https:\\\/\\\/www.koonings.com\\\/fr\\\/#\\\/schema\\\/logo\\\/image\\\/\",\"url\":\"https:\\\/\\\/www.koonings.com\\\/wp-content\\\/uploads\\\/2024\\\/07\\\/logo.png\",\"contentUrl\":\"https:\\\/\\\/www.koonings.com\\\/wp-content\\\/uploads\\\/2024\\\/07\\\/logo.png\",\"width\":600,\"height\":428,\"caption\":\"Koonings\"},\"image\":{\"@id\":\"https:\\\/\\\/www.koonings.com\\\/fr\\\/#\\\/schema\\\/logo\\\/image\\\/\"},\"sameAs\":[\"https:\\\/\\\/www.facebook.com\\\/kooningstheweddingpalace\",\"https:\\\/\\\/www.instagram.com\\\/kooningstheweddingpalace\",\"https:\\\/\\\/www.pinterest.com\\\/koonings\",\"https:\\\/\\\/www.youtube.com\\\/kooningstheweddingpalace\"]}]}<\/script>\n<!-- \/ Yoast SEO plugin. -->","yoast_head_json":{"title":"Hommes et enfants | Koonings","robots":{"index":"index","follow":"follow","max-snippet":"max-snippet:-1","max-image-preview":"max-image-preview:large","max-video-preview":"max-video-preview:-1"},"canonical":"https:\/\/www.koonings.com\/fr\/deurne\/beaute\/hommes-et-enfants\/","og_locale":"fr_FR","og_type":"article","og_title":"Hommes et enfants | Koonings","og_url":"https:\/\/www.koonings.com\/fr\/deurne\/beaute\/hommes-et-enfants\/","og_site_name":"Koonings","article_publisher":"https:\/\/www.facebook.com\/kooningstheweddingpalace","article_modified_time":"2026-02-10T10:56:34+00:00","og_image":[{"width":1024,"height":575,"url":"https:\/\/www.koonings.com\/wp-content\/uploads\/2024\/06\/palace-hero-screenshot-1024x575.png","type":"image\/png"}],"twitter_card":"summary_large_image","twitter_misc":{"Dur\u00e9e de lecture estim\u00e9e":"1 minute"},"schema":{"@context":"https:\/\/schema.org","@graph":[{"@type":"WebPage","@id":"https:\/\/www.koonings.com\/fr\/deurne\/beaute\/hommes-et-enfants\/","url":"https:\/\/www.koonings.com\/fr\/deurne\/beaute\/hommes-et-enfants\/","name":"Hommes et enfants | Koonings","isPartOf":{"@id":"https:\/\/www.koonings.com\/fr\/#website"},"datePublished":"2024-07-11T13:16:24+00:00","dateModified":"2026-02-10T10:56:34+00:00","breadcrumb":{"@id":"https:\/\/www.koonings.com\/fr\/deurne\/beaute\/hommes-et-enfants\/#breadcrumb"},"inLanguage":"fr-FR","potentialAction":[{"@type":"ReadAction","target":["https:\/\/www.koonings.com\/fr\/deurne\/beaute\/hommes-et-enfants\/"]}]},{"@type":"BreadcrumbList","@id":"https:\/\/www.koonings.com\/fr\/deurne\/beaute\/hommes-et-enfants\/#breadcrumb","itemListElement":[{"@type":"ListItem","position":1,"name":"Home","item":"https:\/\/www.koonings.com\/fr\/"},{"@type":"ListItem","position":2,"name":"Deurne","item":"https:\/\/www.koonings.com\/fr\/deurne\/"},{"@type":"ListItem","position":3,"name":"Beaut\u00e9","item":"https:\/\/www.koonings.com\/fr\/deurne\/beaute\/"},{"@type":"ListItem","position":4,"name":"Hommes et enfants"}]},{"@type":"WebSite","@id":"https:\/\/www.koonings.com\/fr\/#website","url":"https:\/\/www.koonings.com\/fr\/","name":"Koonings","description":"De grootste bruidsmodewinkel ter wereld","publisher":{"@id":"https:\/\/www.koonings.com\/fr\/#organization"},"potentialAction":[{"@type":"SearchAction","target":{"@type":"EntryPoint","urlTemplate":"https:\/\/www.koonings.com\/fr\/?s={search_term_string}"},"query-input":{"@type":"PropertyValueSpecification","valueRequired":true,"valueName":"search_term_string"}}],"inLanguage":"fr-FR"},{"@type":"Organization","@id":"https:\/\/www.koonings.com\/fr\/#organization","name":"Koonings","url":"https:\/\/www.koonings.com\/fr\/","logo":{"@type":"ImageObject","inLanguage":"fr-FR","@id":"https:\/\/www.koonings.com\/fr\/#\/schema\/logo\/image\/","url":"https:\/\/www.koonings.com\/wp-content\/uploads\/2024\/07\/logo.png","contentUrl":"https:\/\/www.koonings.com\/wp-content\/uploads\/2024\/07\/logo.png","width":600,"height":428,"caption":"Koonings"},"image":{"@id":"https:\/\/www.koonings.com\/fr\/#\/schema\/logo\/image\/"},"sameAs":["https:\/\/www.facebook.com\/kooningstheweddingpalace","https:\/\/www.instagram.com\/kooningstheweddingpalace","https:\/\/www.pinterest.com\/koonings","https:\/\/www.youtube.com\/kooningstheweddingpalace"]}]}},"_links":{"self":[{"href":"https:\/\/www.koonings.com\/fr\/wp-json\/wp\/v2\/pages\/16568","targetHints":{"allow":["GET"]}}],"collection":[{"href":"https:\/\/www.koonings.com\/fr\/wp-json\/wp\/v2\/pages"}],"about":[{"href":"https:\/\/www.koonings.com\/fr\/wp-json\/wp\/v2\/types\/page"}],"author":[{"embeddable":true,"href":"https:\/\/www.koonings.com\/fr\/wp-json\/wp\/v2\/users\/1"}],"replies":[{"embeddable":true,"href":"https:\/\/www.koonings.com\/fr\/wp-json\/wp\/v2\/comments?post=16568"}],"version-history":[{"count":4,"href":"https:\/\/www.koonings.com\/fr\/wp-json\/wp\/v2\/pages\/16568\/revisions"}],"predecessor-version":[{"id":107412,"href":"https:\/\/www.koonings.com\/fr\/wp-json\/wp\/v2\/pages\/16568\/revisions\/107412"}],"up":[{"embeddable":true,"href":"https:\/\/www.koonings.com\/fr\/wp-json\/wp\/v2\/pages\/16561"}],"wp:attachment":[{"href":"https:\/\/www.koonings.com\/fr\/wp-json\/wp\/v2\/media?parent=16568"}],"curies":[{"name":"wp","href":"https:\/\/api.w.org\/{rel}","templated":true}]}}