{"id":16567,"date":"2024-07-11T15:23:39","date_gmt":"2024-07-11T13:23:39","guid":{"rendered":"https:\/\/www.koonings.com\/deurne\/beaute\/emballages\/"},"modified":"2025-11-03T14:32:29","modified_gmt":"2025-11-03T13:32:29","slug":"emballages","status":"publish","type":"page","link":"https:\/\/www.koonings.com\/fr\/deurne\/beaute\/emballages\/","title":{"rendered":"Emballages"},"content":{"rendered":"\r\n\r\n<div class=\"eye-element fullwidth-row alignfull style-both bg--none  alignfull \" style=\" \">\r\n\r\n    <div class=\"container\">\r\n        <div class=\"row\">\r\n            <div class=\"col-12\">\r\n                <div class=\"acf-innerblocks-container\">\n\n<h1 class=\"wp-block-heading has-text-align-center\" id=\"arrangementen\">Emballages<\/h1>\n\n\n\n<p class=\"has-text-align-center\">Que vous ayez besoin d&#8217;un ultime moment de d\u00e9tente ou que vous planifiez un rendez-vous beaut\u00e9 avec vos meilleures amies. Avec un forfait glamour, vous serez encore plus choy\u00e9.  Et parce qu&#8217;aucun rendez-vous beaut\u00e9 n&#8217;est complet sans une touche de glamour, tous nos forfaits sont servis avec des bulles \u00e9tincelantes !<\/p>\n\n\n\r\n<div class=\"eye-block empty-space empty-space--small pt-md-3 pb-md-3 pt-2 pb-2\" ><\/div>\n\n\r\n<div class=\"eye-block onpagenav  \">\r\n    <div class=\"container-fluid p-sm-0\">\r\n        <nav id=\"onpage-nav\" class=\"navbar navbar-expand text-center\" aria-label=\"Inhoudsopgave\">\r\n            <div class=\" justify-content-center\" id=\"navbarSupportedContent\">\r\n                <ul class=\"nav navbar-nav\">\r\n                    <li class=\"nav-item single-hint d-none\" style=\"pointer-events: none;\">\r\n                        <a class=\"nav-link\" href=\"javascript:void()\">Table des mati\u00e8res<\/a>\r\n                    <\/li>\r\n                                            <li class=\"nav-item\">\r\n                            <a class=\"nav-link\" href=\"#bulles-et-souffles-section\">Bulles et souffles<\/a>\r\n                        <\/li>\r\n                                            <li class=\"nav-item\">\r\n                            <a class=\"nav-link\" href=\"#lamour-est-dans-les-cheveux-section\">L&#8217;amour est dans les cheveux<\/a>\r\n                        <\/li>\r\n                                            <li class=\"nav-item\">\r\n                            <a class=\"nav-link\" href=\"#cours-de-tressage-section\">Cours de tressage<\/a>\r\n                        <\/li>\r\n                                    <\/ul>\r\n            <\/div>\r\n            <div class=\"dropdown\">\r\n                <a class=\"dropdown-toggle btn btn-primary\" id=\"dropdownMenuButton\" data-bs-toggle=\"dropdown\" aria-haspopup=\"true\" aria-expanded=\"false\">\r\n                    <i class=\"fa-solid fa-chevron-down\"><\/i>\r\n                <\/a>\r\n                <div class=\"dropdown-menu dropdown-menu-right\" aria-labelledby=\"dropdownMenuButton\">\r\n                <\/div>\r\n            <\/div>\r\n        <\/nav>\r\n    <\/div>\r\n<\/div>\n<\/div>\r\n            <\/div>\r\n        <\/div>\r\n    <\/div>\r\n\r\n<\/div>\r\n\r\n    \r\n\r\n<div class=\"eye-element fullwidth-row alignfull faux-bg--lightgray style-left  alignfull \" style=\"\">\r\n<div class=\"bg bg--lightgray\" style=\"\"><\/div>\r\n\r\n    <div class=\"container\">\r\n        <div class=\"row\">\r\n            <div class=\"col-12\">\r\n                <div class=\"acf-innerblocks-container\">\n\r\n<div id=\"bulles-et-souffles-section\" class=\"eye-block menu-section\" title=\"bulles-et-souffles\" data-section-name=\"Bulles et souffles\"><\/div>\r\n\n\n\n<div class=\"ghostkit-grid ghostkit-grid-gap-md\"><div class=\"ghostkit-grid-inner\">\n<div class=\"ghostkit-col ghostkit-col-md-12 ghostkit-col-6 ghostkit-col-align-self-center\"><div class=\"ghostkit-col-content is-layout-flow wp-block-ghostkit-grid-column-is-layout-flow\">\r\n<div class=\"eye-element price price--large\">\r\n\r\n\t        <div>\r\n            <div class=\"price__title\">Bulles et souffles<\/div>\r\n            <div class=\"price__subtitle\">2,5 &#8211; 3 heures<\/div>\r\n        <\/div>\r\n\t\r\n    <div class=\"d-flex align-items-end gap-2\">\r\n        <div class=\"price__price \">\u20ac 89,95<\/div>\r\n\t\t    <\/div>\r\n\r\n<\/div>\n\n\n<ul class=\"wp-block-list\">\n<li>Coiffure (Blowout, Waves, Curls, Updo)<\/li>\n\n\n\n<li>Maquillage (doux ou de f\u00eate)<\/li>\n\n\n\n<li>Bonbons<\/li>\n\n\n\n<li>Bulles<\/li>\n<\/ul>\n\n\n\n<p><strong>Pour prendre rendez-vous :<\/strong><\/p>\n\n\n\n<div class=\"wp-block-group is-layout-flex wp-block-group-is-layout-flex\">\r\n<div class=\"eye-element bsbutton text-start \" style=\"display: inline-block;\">\r\n\t        <a class=\"btn btn-primary\" href=\"tel:0641634887\"\r\n           target=\"\">Appelez-nous<\/a>\r\n\t<\/div>\n\n\r\n<div class=\"eye-element bsbutton text-start \" style=\"display: inline-block;\">\r\n\t        <a class=\"btn btn-outline-secondary\" href=\"https:\/\/api.whatsapp.com\/send?phone=31641634887text\"\r\n           target=\"\">WhatsApp<\/a>\r\n\t<\/div><\/div>\n<\/div><\/div>\n\n\n\n<div class=\"ghostkit-col ghostkit-col-md-12 ghostkit-col-6\"><div class=\"ghostkit-col-content is-layout-flow wp-block-ghostkit-grid-column-is-layout-flow\">\r\n<div class=\"eye-element images style-default variant-1 single-image\">\r\n\r\n\t        <div class=\"composition\">\r\n\t\t\t\r\n            <div class=\"swiper images-swiper\">\r\n\r\n\t\t\t\t\r\n                <div class=\"swiper-wrapper\">\r\n\t\t\t\t\t                        <li class=\"swiper-slide\">\r\n                            <img decoding=\"async\" class=\" img-fluid\" src=\"https:\/\/www.koonings.com\/wp-content\/uploads\/2024\/08\/Arrangementen-768x1024.jpg\" srcset=\"https:\/\/www.koonings.com\/wp-content\/uploads\/2024\/08\/Arrangementen-scaled-e1723215812491.jpg\" alt=\"Arrangementen\">\r\n                        <\/li>\r\n\t\t\t\t\t                <\/div>\r\n\r\n                <div class=\"swiper-pagination\"><\/div>\r\n\r\n                <div class=\"swiper-button-prev\"><\/div>\r\n                <div class=\"swiper-button-next\"><\/div>\r\n\r\n            <\/div>\r\n\r\n        <\/div>\r\n\t\r\n\t<\/div><\/div><\/div>\n<\/div><\/div>\n\n<\/div>\r\n            <\/div>\r\n        <\/div>\r\n    <\/div>\r\n\r\n<\/div>\r\n\r\n    \r\n<div class=\"eye-block empty-space empty-space--large pt-md-5 pb-md-5 pt-4 pb-4\" ><\/div>\r\n\r\n<div class=\"eye-element fullwidth-row alignfull faux-bg--lightgray style-right  alignfull \" style=\"\">\r\n<div class=\"bg bg--lightgray\" style=\"\"><\/div>\r\n\r\n    <div class=\"container\">\r\n        <div class=\"row\">\r\n            <div class=\"col-12\">\r\n                <div class=\"acf-innerblocks-container\">\n\r\n<div id=\"lamour-est-dans-les-cheveux-section\" class=\"eye-block menu-section\" title=\"lamour-est-dans-les-cheveux\" data-section-name=\"L'amour est dans les cheveux\"><\/div>\r\n\n\n\n<div class=\"ghostkit-grid ghostkit-grid-gap-md\"><div class=\"ghostkit-grid-inner\">\n<div class=\"ghostkit-col ghostkit-col-md-12 ghostkit-col-6\"><div class=\"ghostkit-col-content is-layout-flow wp-block-ghostkit-grid-column-is-layout-flow\">\r\n<div class=\"eye-element images style-default variant-2 single-image\">\r\n\r\n\t        <div class=\"composition\">\r\n\t\t\t\r\n            <div class=\"swiper images-swiper\">\r\n\r\n\t\t\t\t\r\n                <div class=\"swiper-wrapper\">\r\n\t\t\t\t\t                        <li class=\"swiper-slide\">\r\n                            <img decoding=\"async\" class=\" img-fluid\" src=\"https:\/\/www.koonings.com\/wp-content\/uploads\/2025\/04\/1000035778-1024x473.jpg\" srcset=\"https:\/\/www.koonings.com\/wp-content\/uploads\/2025\/04\/1000035778-scaled.jpg\" alt=\"\">\r\n                        <\/li>\r\n\t\t\t\t\t                <\/div>\r\n\r\n                <div class=\"swiper-pagination\"><\/div>\r\n\r\n                <div class=\"swiper-button-prev\"><\/div>\r\n                <div class=\"swiper-button-next\"><\/div>\r\n\r\n            <\/div>\r\n\r\n        <\/div>\r\n\t\r\n\t<\/div><\/div><\/div>\n\n\n\n<div class=\"ghostkit-col ghostkit-col-md-12 ghostkit-col-6 ghostkit-col-align-self-center\"><div class=\"ghostkit-col-content is-layout-flow wp-block-ghostkit-grid-column-is-layout-flow\">\r\n<div class=\"eye-element price price--large\">\r\n\r\n\t        <div>\r\n            <div class=\"price__title\">L&#8217;amour est dans les cheveux<\/div>\r\n            <div class=\"price__subtitle\">1,5 &#8211; 2 heures<\/div>\r\n        <\/div>\r\n\t\r\n    <div class=\"d-flex align-items-end gap-2\">\r\n        <div class=\"price__price \">\u20ac 74,95<\/div>\r\n\t\t    <\/div>\r\n\r\n<\/div>\n\n\n<ul class=\"wp-block-list\">\n<li>Massage de la t\u00eate<\/li>\n\n\n\n<li>Traitement intensif pour les cheveux<\/li>\n\n\n\n<li><br\/>Coiffure (Blowout of Curls)<\/li>\n\n\n\n<li>Bonbons<\/li>\n\n\n\n<li>Bulles<\/li>\n<\/ul>\n\n\n\n<p><strong>Pour prendre rendez-vous :<\/strong><\/p>\n\n\n\n<div class=\"wp-block-group is-layout-flex wp-block-group-is-layout-flex\">\r\n<div class=\"eye-element bsbutton text-start \" style=\"display: inline-block;\">\r\n\t        <a class=\"btn btn-primary\" href=\"tel:0641634887\"\r\n           target=\"\">Appelez-nous<\/a>\r\n\t<\/div>\n\n\r\n<div class=\"eye-element bsbutton text-start \" style=\"display: inline-block;\">\r\n\t        <a class=\"btn btn-outline-secondary\" href=\"https:\/\/api.whatsapp.com\/send?phone=31641634887text\"\r\n           target=\"\">WhatsApp<\/a>\r\n\t<\/div><\/div>\n<\/div><\/div>\n<\/div><\/div>\n\n<\/div>\r\n            <\/div>\r\n        <\/div>\r\n    <\/div>\r\n\r\n<\/div>\r\n\r\n    \r\n<div class=\"eye-block empty-space empty-space--large pt-md-5 pb-md-5 pt-4 pb-4\" ><\/div>\r\n\r\n<div class=\"eye-block empty-space empty-space--large pt-md-5 pb-md-5 pt-4 pb-4\" ><\/div>\r\n\r\n<div class=\"eye-block empty-space empty-space--large pt-md-5 pb-md-5 pt-4 pb-4\" ><\/div>\r\n\r\n<div class=\"eye-element fullwidth-row alignfull faux-bg--lightgray style-left  alignfull \" style=\"\">\r\n<div class=\"bg bg--lightgray\" style=\"\"><\/div>\r\n\r\n    <div class=\"container\">\r\n        <div class=\"row\">\r\n            <div class=\"col-12\">\r\n                <div class=\"acf-innerblocks-container\">\n\r\n<div id=\"cours-de-tressage-section\" class=\"eye-block menu-section\" title=\"cours-de-tressage\" data-section-name=\"Cours de tressage\"><\/div>\r\n\n\n\n<div class=\"ghostkit-grid ghostkit-grid-gap-md\"><div class=\"ghostkit-grid-inner\">\n<div class=\"ghostkit-col ghostkit-col-md-12 ghostkit-col-6 ghostkit-col-align-self-center\"><div class=\"ghostkit-col-content is-layout-flow wp-block-ghostkit-grid-column-is-layout-flow\">\r\n<div class=\"eye-element price price--large\">\r\n\r\n\t        <div>\r\n            <div class=\"price__title\">Cours de tressage<\/div>\r\n            <div class=\"price__subtitle\">2 heures<\/div>\r\n        <\/div>\r\n\t\r\n    <div class=\"d-flex align-items-end gap-2\">\r\n        <div class=\"price__price \">\u20ac 19,95<\/div>\r\n\t\t    <\/div>\r\n\r\n<\/div>\n\n\n<ul class=\"wp-block-list\">\n<li>Apprenez 3 techniques de tressage diff\u00e9rentes<\/li>\n\n\n\n<li>Caf\u00e9, th\u00e9 et friandises inclus<\/li>\n\n\n\n<li>Beaucoup de coaching personnel dans un petit groupe<\/li>\n<\/ul>\n\n\n\n<p><strong>Pour prendre rendez-vous :<\/strong><\/p>\n\n\n\n<div class=\"wp-block-group is-layout-flex wp-block-group-is-layout-flex\">\r\n<div class=\"eye-element bsbutton text-start \" style=\"display: inline-block;\">\r\n\t        <a class=\"btn btn-primary\" href=\"tel:0641634887\"\r\n           target=\"\">Appelez-nous<\/a>\r\n\t<\/div>\n\n\r\n<div class=\"eye-element bsbutton text-start \" style=\"display: inline-block;\">\r\n\t        <a class=\"btn btn-outline-secondary\" href=\"https:\/\/api.whatsapp.com\/send?phone=31641634887text\"\r\n           target=\"\">WhatsApp<\/a>\r\n\t<\/div><\/div>\n<\/div><\/div>\n\n\n\n<div class=\"ghostkit-col ghostkit-col-md-12 ghostkit-col-6\"><div class=\"ghostkit-col-content is-layout-flow wp-block-ghostkit-grid-column-is-layout-flow\">\r\n<div class=\"eye-element images style-default variant-1 single-image\">\r\n\r\n\t        <div class=\"composition\">\r\n\t\t\t\r\n            <div class=\"swiper images-swiper\">\r\n\r\n\t\t\t\t\r\n                <div class=\"swiper-wrapper\">\r\n\t\t\t\t\t                        <li class=\"swiper-slide\">\r\n                            <img decoding=\"async\" class=\" img-fluid\" src=\"https:\/\/www.koonings.com\/wp-content\/uploads\/2025\/01\/IMG_3264-768x1024.jpg\" srcset=\"https:\/\/www.koonings.com\/wp-content\/uploads\/2025\/01\/IMG_3264-scaled-e1736524591866.jpg\" alt=\"\">\r\n                        <\/li>\r\n\t\t\t\t\t                <\/div>\r\n\r\n                <div class=\"swiper-pagination\"><\/div>\r\n\r\n                <div class=\"swiper-button-prev\"><\/div>\r\n                <div class=\"swiper-button-next\"><\/div>\r\n\r\n            <\/div>\r\n\r\n        <\/div>\r\n\t\r\n\t<\/div><\/div><\/div>\n<\/div><\/div>\n\n<\/div>\r\n            <\/div>\r\n        <\/div>\r\n    <\/div>\r\n\r\n<\/div>\r\n\r\n    \r\n\r\n<div class=\"eye-element fullwidth-row alignfull style-both bg--lightgray  alignfull \" style=\" \">\r\n\r\n    <div class=\"container\">\r\n        <div class=\"row\">\r\n            <div class=\"col-12\">\r\n                <div class=\"acf-innerblocks-container\">\n\n<h2 class=\"wp-block-heading has-text-align-center\" id=\"openingstijden\">Heures d&#8217;ouverture<\/h2>\n\n<figure class=\"wp-block-table aligncenter text-table\"><table class=\"has-fixed-layout\"><tbody><tr><td class=\"has-text-align-left\" data-align=\"left\">Lundi<\/td><td class=\"has-text-align-left\" data-align=\"left\">Ferm\u00e9<\/td><\/tr><tr><td class=\"has-text-align-left\" data-align=\"left\">Mardi<\/td><td class=\"has-text-align-left\" data-align=\"left\">Ferm\u00e9<\/td><\/tr><tr><td class=\"has-text-align-left\" data-align=\"left\">Mercredi<\/td><td class=\"has-text-align-left\" data-align=\"left\">09:00 &#8211; 17:00<\/td><\/tr><tr><td class=\"has-text-align-left\" data-align=\"left\">Jeudi<\/td><td class=\"has-text-align-left\" data-align=\"left\">11:00 &#8211; 20:00<\/td><\/tr><tr><td class=\"has-text-align-left\" data-align=\"left\">Vendredi<\/td><td class=\"has-text-align-left\" data-align=\"left\">09:00 &#8211; 17:00<\/td><\/tr><tr><td class=\"has-text-align-left\" data-align=\"left\">Samedi<\/td><td class=\"has-text-align-left\" data-align=\"left\">09:00 &#8211; 17:00<\/td><\/tr><tr><td class=\"has-text-align-left\" data-align=\"left\">Dimanche<\/td><td class=\"has-text-align-left\" data-align=\"left\">Ferm\u00e9<\/td><\/tr><\/tbody><\/table><\/figure>\n\n\n\n<p class=\"has-text-align-center\"><\/p>\n\n<\/div>\r\n            <\/div>\r\n        <\/div>\r\n    <\/div>\r\n\r\n<\/div>\r\n\r\n    \r\n<div class=\"eye-block empty-space empty-space--large pt-md-5 pb-md-5 pt-4 pb-4\" ><\/div>\n<div class=\"ghostkit-grid ghostkit-grid-gap-md ghostkit-grid-justify-content-center\"><div class=\"ghostkit-grid-inner\">\n<div class=\"ghostkit-col ghostkit-col-lg-12 ghostkit-col-8\"><div class=\"ghostkit-col-content is-layout-flow wp-block-ghostkit-grid-column-is-layout-flow\">\r\n<div class=\"eye-element externalwidget\">\r\n\r\n\r\n    <script src=\"https:\/\/apps.elfsight.com\/p\/platform.js\" type=\"text\/plain\" data-cookieconsent=\"marketing\" defer><\/script>\r\n    <div class=\"elfsight-app-0b804fdf-8797-4a8d-a910-87592501504e\"><\/div>\r\n\r\n    <div class=\"cookieconsent-opt-out cookieconsent-optout-marketing\">\r\n                    <p>Acceptez les cookies pour voir le widget du flux Instagram de Beauty &amp; Hair.<\/p>\r\n                <a class=\"btn btn-outline-primary\" href=\"javascript:Cookiebot.renew()\">Param\u00e8tres des cookies<\/a>\r\n    <\/div>\r\n\r\n\r\n<\/div><\/div><\/div>\n<\/div><\/div>\n\r\n<div class=\"eye-block empty-space empty-space--large pt-md-5 pb-md-5 pt-4 pb-4\" ><\/div>","protected":false},"excerpt":{"rendered":"","protected":false},"author":1,"featured_media":0,"parent":16561,"menu_order":0,"comment_status":"closed","ping_status":"closed","template":"","meta":{"_acf_changed":false,"ghostkit_customizer_options":"","ghostkit_custom_css":"","ghostkit_custom_js_head":"","ghostkit_custom_js_foot":"","ghostkit_typography":"","footnotes":""},"class_list":["post-16567","page","type-page","status-publish","hentry"],"acf":[],"yoast_head":"<!-- This site is optimized with the Yoast SEO plugin v27.3 - https:\/\/yoast.com\/product\/yoast-seo-wordpress\/ -->\n<title>Emballages | Koonings<\/title>\n<meta name=\"robots\" content=\"index, follow, max-snippet:-1, max-image-preview:large, max-video-preview:-1\" \/>\n<link rel=\"canonical\" href=\"https:\/\/www.koonings.com\/fr\/deurne\/beaute\/emballages\/\" \/>\n<meta property=\"og:locale\" content=\"fr_FR\" \/>\n<meta property=\"og:type\" content=\"article\" \/>\n<meta property=\"og:title\" content=\"Emballages | Koonings\" \/>\n<meta property=\"og:url\" content=\"https:\/\/www.koonings.com\/fr\/deurne\/beaute\/emballages\/\" \/>\n<meta property=\"og:site_name\" content=\"Koonings\" \/>\n<meta property=\"article:publisher\" content=\"https:\/\/www.facebook.com\/kooningstheweddingpalace\" \/>\n<meta property=\"article:modified_time\" content=\"2025-11-03T13:32:29+00:00\" \/>\n<meta property=\"og:image\" content=\"https:\/\/www.koonings.com\/wp-content\/uploads\/2024\/06\/palace-hero-screenshot-1024x575.png\" \/>\n\t<meta property=\"og:image:width\" content=\"1024\" \/>\n\t<meta property=\"og:image:height\" content=\"575\" \/>\n\t<meta property=\"og:image:type\" content=\"image\/png\" \/>\n<meta name=\"twitter:card\" content=\"summary_large_image\" \/>\n<meta name=\"twitter:label1\" content=\"Dur\u00e9e de lecture estim\u00e9e\" \/>\n\t<meta name=\"twitter:data1\" content=\"1 minute\" \/>\n<script type=\"application\/ld+json\" class=\"yoast-schema-graph\">{\"@context\":\"https:\\\/\\\/schema.org\",\"@graph\":[{\"@type\":\"WebPage\",\"@id\":\"https:\\\/\\\/www.koonings.com\\\/fr\\\/deurne\\\/beaute\\\/emballages\\\/\",\"url\":\"https:\\\/\\\/www.koonings.com\\\/fr\\\/deurne\\\/beaute\\\/emballages\\\/\",\"name\":\"Emballages | Koonings\",\"isPartOf\":{\"@id\":\"https:\\\/\\\/www.koonings.com\\\/fr\\\/#website\"},\"datePublished\":\"2024-07-11T13:23:39+00:00\",\"dateModified\":\"2025-11-03T13:32:29+00:00\",\"breadcrumb\":{\"@id\":\"https:\\\/\\\/www.koonings.com\\\/fr\\\/deurne\\\/beaute\\\/emballages\\\/#breadcrumb\"},\"inLanguage\":\"fr-FR\",\"potentialAction\":[{\"@type\":\"ReadAction\",\"target\":[\"https:\\\/\\\/www.koonings.com\\\/fr\\\/deurne\\\/beaute\\\/emballages\\\/\"]}]},{\"@type\":\"BreadcrumbList\",\"@id\":\"https:\\\/\\\/www.koonings.com\\\/fr\\\/deurne\\\/beaute\\\/emballages\\\/#breadcrumb\",\"itemListElement\":[{\"@type\":\"ListItem\",\"position\":1,\"name\":\"Home\",\"item\":\"https:\\\/\\\/www.koonings.com\\\/fr\\\/\"},{\"@type\":\"ListItem\",\"position\":2,\"name\":\"Deurne\",\"item\":\"https:\\\/\\\/www.koonings.com\\\/fr\\\/deurne\\\/\"},{\"@type\":\"ListItem\",\"position\":3,\"name\":\"Beaut\u00e9\",\"item\":\"https:\\\/\\\/www.koonings.com\\\/fr\\\/deurne\\\/beaute\\\/\"},{\"@type\":\"ListItem\",\"position\":4,\"name\":\"Emballages\"}]},{\"@type\":\"WebSite\",\"@id\":\"https:\\\/\\\/www.koonings.com\\\/fr\\\/#website\",\"url\":\"https:\\\/\\\/www.koonings.com\\\/fr\\\/\",\"name\":\"Koonings\",\"description\":\"De grootste bruidsmodewinkel ter wereld\",\"publisher\":{\"@id\":\"https:\\\/\\\/www.koonings.com\\\/fr\\\/#organization\"},\"potentialAction\":[{\"@type\":\"SearchAction\",\"target\":{\"@type\":\"EntryPoint\",\"urlTemplate\":\"https:\\\/\\\/www.koonings.com\\\/fr\\\/?s={search_term_string}\"},\"query-input\":{\"@type\":\"PropertyValueSpecification\",\"valueRequired\":true,\"valueName\":\"search_term_string\"}}],\"inLanguage\":\"fr-FR\"},{\"@type\":\"Organization\",\"@id\":\"https:\\\/\\\/www.koonings.com\\\/fr\\\/#organization\",\"name\":\"Koonings\",\"url\":\"https:\\\/\\\/www.koonings.com\\\/fr\\\/\",\"logo\":{\"@type\":\"ImageObject\",\"inLanguage\":\"fr-FR\",\"@id\":\"https:\\\/\\\/www.koonings.com\\\/fr\\\/#\\\/schema\\\/logo\\\/image\\\/\",\"url\":\"https:\\\/\\\/www.koonings.com\\\/wp-content\\\/uploads\\\/2024\\\/07\\\/logo.png\",\"contentUrl\":\"https:\\\/\\\/www.koonings.com\\\/wp-content\\\/uploads\\\/2024\\\/07\\\/logo.png\",\"width\":600,\"height\":428,\"caption\":\"Koonings\"},\"image\":{\"@id\":\"https:\\\/\\\/www.koonings.com\\\/fr\\\/#\\\/schema\\\/logo\\\/image\\\/\"},\"sameAs\":[\"https:\\\/\\\/www.facebook.com\\\/kooningstheweddingpalace\",\"https:\\\/\\\/www.instagram.com\\\/kooningstheweddingpalace\",\"https:\\\/\\\/www.pinterest.com\\\/koonings\",\"https:\\\/\\\/www.youtube.com\\\/kooningstheweddingpalace\"]}]}<\/script>\n<!-- \/ Yoast SEO plugin. -->","yoast_head_json":{"title":"Emballages | Koonings","robots":{"index":"index","follow":"follow","max-snippet":"max-snippet:-1","max-image-preview":"max-image-preview:large","max-video-preview":"max-video-preview:-1"},"canonical":"https:\/\/www.koonings.com\/fr\/deurne\/beaute\/emballages\/","og_locale":"fr_FR","og_type":"article","og_title":"Emballages | Koonings","og_url":"https:\/\/www.koonings.com\/fr\/deurne\/beaute\/emballages\/","og_site_name":"Koonings","article_publisher":"https:\/\/www.facebook.com\/kooningstheweddingpalace","article_modified_time":"2025-11-03T13:32:29+00:00","og_image":[{"width":1024,"height":575,"url":"https:\/\/www.koonings.com\/wp-content\/uploads\/2024\/06\/palace-hero-screenshot-1024x575.png","type":"image\/png"}],"twitter_card":"summary_large_image","twitter_misc":{"Dur\u00e9e de lecture estim\u00e9e":"1 minute"},"schema":{"@context":"https:\/\/schema.org","@graph":[{"@type":"WebPage","@id":"https:\/\/www.koonings.com\/fr\/deurne\/beaute\/emballages\/","url":"https:\/\/www.koonings.com\/fr\/deurne\/beaute\/emballages\/","name":"Emballages | Koonings","isPartOf":{"@id":"https:\/\/www.koonings.com\/fr\/#website"},"datePublished":"2024-07-11T13:23:39+00:00","dateModified":"2025-11-03T13:32:29+00:00","breadcrumb":{"@id":"https:\/\/www.koonings.com\/fr\/deurne\/beaute\/emballages\/#breadcrumb"},"inLanguage":"fr-FR","potentialAction":[{"@type":"ReadAction","target":["https:\/\/www.koonings.com\/fr\/deurne\/beaute\/emballages\/"]}]},{"@type":"BreadcrumbList","@id":"https:\/\/www.koonings.com\/fr\/deurne\/beaute\/emballages\/#breadcrumb","itemListElement":[{"@type":"ListItem","position":1,"name":"Home","item":"https:\/\/www.koonings.com\/fr\/"},{"@type":"ListItem","position":2,"name":"Deurne","item":"https:\/\/www.koonings.com\/fr\/deurne\/"},{"@type":"ListItem","position":3,"name":"Beaut\u00e9","item":"https:\/\/www.koonings.com\/fr\/deurne\/beaute\/"},{"@type":"ListItem","position":4,"name":"Emballages"}]},{"@type":"WebSite","@id":"https:\/\/www.koonings.com\/fr\/#website","url":"https:\/\/www.koonings.com\/fr\/","name":"Koonings","description":"De grootste bruidsmodewinkel ter wereld","publisher":{"@id":"https:\/\/www.koonings.com\/fr\/#organization"},"potentialAction":[{"@type":"SearchAction","target":{"@type":"EntryPoint","urlTemplate":"https:\/\/www.koonings.com\/fr\/?s={search_term_string}"},"query-input":{"@type":"PropertyValueSpecification","valueRequired":true,"valueName":"search_term_string"}}],"inLanguage":"fr-FR"},{"@type":"Organization","@id":"https:\/\/www.koonings.com\/fr\/#organization","name":"Koonings","url":"https:\/\/www.koonings.com\/fr\/","logo":{"@type":"ImageObject","inLanguage":"fr-FR","@id":"https:\/\/www.koonings.com\/fr\/#\/schema\/logo\/image\/","url":"https:\/\/www.koonings.com\/wp-content\/uploads\/2024\/07\/logo.png","contentUrl":"https:\/\/www.koonings.com\/wp-content\/uploads\/2024\/07\/logo.png","width":600,"height":428,"caption":"Koonings"},"image":{"@id":"https:\/\/www.koonings.com\/fr\/#\/schema\/logo\/image\/"},"sameAs":["https:\/\/www.facebook.com\/kooningstheweddingpalace","https:\/\/www.instagram.com\/kooningstheweddingpalace","https:\/\/www.pinterest.com\/koonings","https:\/\/www.youtube.com\/kooningstheweddingpalace"]}]}},"_links":{"self":[{"href":"https:\/\/www.koonings.com\/fr\/wp-json\/wp\/v2\/pages\/16567","targetHints":{"allow":["GET"]}}],"collection":[{"href":"https:\/\/www.koonings.com\/fr\/wp-json\/wp\/v2\/pages"}],"about":[{"href":"https:\/\/www.koonings.com\/fr\/wp-json\/wp\/v2\/types\/page"}],"author":[{"embeddable":true,"href":"https:\/\/www.koonings.com\/fr\/wp-json\/wp\/v2\/users\/1"}],"replies":[{"embeddable":true,"href":"https:\/\/www.koonings.com\/fr\/wp-json\/wp\/v2\/comments?post=16567"}],"version-history":[{"count":9,"href":"https:\/\/www.koonings.com\/fr\/wp-json\/wp\/v2\/pages\/16567\/revisions"}],"predecessor-version":[{"id":102525,"href":"https:\/\/www.koonings.com\/fr\/wp-json\/wp\/v2\/pages\/16567\/revisions\/102525"}],"up":[{"embeddable":true,"href":"https:\/\/www.koonings.com\/fr\/wp-json\/wp\/v2\/pages\/16561"}],"wp:attachment":[{"href":"https:\/\/www.koonings.com\/fr\/wp-json\/wp\/v2\/media?parent=16567"}],"curies":[{"name":"wp","href":"https:\/\/api.w.org\/{rel}","templated":true}]}}