{"id":16563,"date":"2024-07-19T16:11:08","date_gmt":"2024-07-19T14:11:08","guid":{"rendered":"https:\/\/www.koonings.com\/expositions-de-createurs\/"},"modified":"2025-09-29T11:51:33","modified_gmt":"2025-09-29T09:51:33","slug":"expositions-de-createurs","status":"publish","type":"page","link":"https:\/\/www.koonings.com\/fr\/expositions-de-createurs\/","title":{"rendered":"Expositions de cr\u00e9ateurs"},"content":{"rendered":"\r\n\r\n<div class=\"eye-element fullwidth-row alignfull style-both bg--none  alignfull \" style=\" \">\r\n\r\n    <div class=\"container\">\r\n        <div class=\"row\">\r\n            <div class=\"col-12\">\r\n                <div class=\"acf-innerblocks-container\">\n\n<div class=\"ghostkit-grid ghostkit-grid-gap-md\"><div class=\"ghostkit-grid-inner\">\n<div class=\"ghostkit-col ghostkit-col-md-12 ghostkit-col-6 ghostkit-col-align-self-center\"><div class=\"ghostkit-col-content is-layout-flow wp-block-ghostkit-grid-column-is-layout-flow\">\n<h1 class=\"wp-block-heading\" id=\"designer-shows\">Expositions de cr\u00e9ateurs<\/h1>\n\n\n\n<p>Vous r\u00eavez depuis longtemps des robes de mari\u00e9e d&#8217;un cr\u00e9ateur particulier ? Un salon des cr\u00e9ateurs est alors l&#8217;occasion id\u00e9ale pour vous ! D\u00e9couvrez les salons de cr\u00e9ateurs programm\u00e9s ici.  <\/p>\n\n\n\r\n<div class=\"eye-element bsbutton text-start \" >\r\n\t        <a class=\"btn btn-primary\" href=\"https:\/\/www.koonings.com\/fr\/album\/spectacles-et-evenements\/\"\r\n           target=\"\">Spectacles et \u00e9v\u00e9nements<\/a>\r\n\t<\/div><\/div><\/div>\n\n\n\n<div class=\"ghostkit-col ghostkit-col-md-12 ghostkit-col-6\"><div class=\"ghostkit-col-content is-layout-flow wp-block-ghostkit-grid-column-is-layout-flow\">\r\n<div class=\"eye-element images style-default variant-1 multi-image\">\r\n\r\n\t        <div class=\"composition\">\r\n\t\t\t                <div class=\"image-0\">\r\n                    <img decoding=\"async\" class=\"img-fluid\" src=\"https:\/\/www.koonings.com\/wp-content\/uploads\/2024\/07\/ee-kooningsevent-386-300x200.jpg\" srcset=\"https:\/\/www.koonings.com\/wp-content\/uploads\/2024\/07\/ee-kooningsevent-386-300x200.jpg 300w, https:\/\/www.koonings.com\/wp-content\/uploads\/2024\/07\/ee-kooningsevent-386-1024x683.jpg 1024w, https:\/\/www.koonings.com\/wp-content\/uploads\/2024\/07\/ee-kooningsevent-386-768x512.jpg 768w, https:\/\/www.koonings.com\/wp-content\/uploads\/2024\/07\/ee-kooningsevent-386-1536x1024.jpg 1536w, https:\/\/www.koonings.com\/wp-content\/uploads\/2024\/07\/ee-kooningsevent-386-2048x1366.jpg 2048w\" alt=\"Grandest Wedding Event\">\r\n                <\/div>\r\n\t\t\t\r\n            <div class=\"swiper images-swiper\">\r\n\r\n\t\t\t\t\r\n                <div class=\"swiper-wrapper\">\r\n\t\t\t\t\t                        <li class=\"swiper-slide\">\r\n                            <img decoding=\"async\" class=\" img-fluid\" src=\"https:\/\/www.koonings.com\/wp-content\/uploads\/2024\/07\/ee-kooningsevent-364-1-1024x683.jpg\" srcset=\"https:\/\/www.koonings.com\/wp-content\/uploads\/2024\/07\/ee-kooningsevent-364-1.jpg\" alt=\"Grandest Wedding Event\">\r\n                        <\/li>\r\n\t\t\t\t\t                        <li class=\"swiper-slide\">\r\n                            <img decoding=\"async\" class=\" img-fluid\" src=\"https:\/\/www.koonings.com\/wp-content\/uploads\/2024\/07\/ee-kooningsevent-335-1024x683.jpg\" srcset=\"https:\/\/www.koonings.com\/wp-content\/uploads\/2024\/07\/ee-kooningsevent-335.jpg\" alt=\"Grandest Wedding Event\">\r\n                        <\/li>\r\n\t\t\t\t\t                <\/div>\r\n\r\n                <div class=\"swiper-pagination\"><\/div>\r\n\r\n                <div class=\"swiper-button-prev\"><\/div>\r\n                <div class=\"swiper-button-next\"><\/div>\r\n\r\n            <\/div>\r\n\r\n        <\/div>\r\n\t\r\n\t<\/div><\/div><\/div>\n<\/div><\/div>\n\n<\/div>\r\n            <\/div>\r\n        <\/div>\r\n    <\/div>\r\n\r\n<\/div>\r\n\r\n    \r\n\r\n<div class=\"eye-element fullwidth-row alignfull style-both bg--none  alignfull \" style=\" \">\r\n\r\n    <div class=\"container\">\r\n        <div class=\"row\">\r\n            <div class=\"col-12\">\r\n                <div class=\"acf-innerblocks-container\">\n\n<div class=\"ghostkit-grid ghostkit-grid-gap-lg ghostkit-grid-align-items-center\"><div class=\"ghostkit-grid-inner\">\n<div class=\"ghostkit-col ghostkit-col-md-12 ghostkit-col-6\"><div class=\"ghostkit-col-content is-layout-flow wp-block-ghostkit-grid-column-is-layout-flow\">\r\n<div class=\"eye-element images style-default variant-2 multi-image\">\r\n\r\n\t        <div class=\"composition\">\r\n\t\t\t                <div class=\"image-0\">\r\n                    <img decoding=\"async\" class=\"img-fluid\" src=\"https:\/\/www.koonings.com\/wp-content\/uploads\/2024\/07\/koonings_buitenshow_2-187x300.png\" srcset=\"https:\/\/www.koonings.com\/wp-content\/uploads\/2024\/07\/koonings_buitenshow_2-187x300.png 187w, https:\/\/www.koonings.com\/wp-content\/uploads\/2024\/07\/koonings_buitenshow_2.png 328w\" alt=\"Koonings Buitenshow\">\r\n                <\/div>\r\n\t\t\t\r\n            <div class=\"swiper images-swiper\">\r\n\r\n\t\t\t\t\r\n                <div class=\"swiper-wrapper\">\r\n\t\t\t\t\t                        <li class=\"swiper-slide\">\r\n                            <img decoding=\"async\" class=\" img-fluid\" src=\"https:\/\/www.koonings.com\/wp-content\/uploads\/2024\/07\/the_grandest_wedding_event_1-1024x683.jpg\" srcset=\"https:\/\/www.koonings.com\/wp-content\/uploads\/2024\/07\/the_grandest_wedding_event_1-scaled.jpg\" alt=\"The Grandest Wedding Event Ever\">\r\n                        <\/li>\r\n\t\t\t\t\t                <\/div>\r\n\r\n                <div class=\"swiper-pagination\"><\/div>\r\n\r\n                <div class=\"swiper-button-prev\"><\/div>\r\n                <div class=\"swiper-button-next\"><\/div>\r\n\r\n            <\/div>\r\n\r\n        <\/div>\r\n\t\r\n\t<\/div><\/div><\/div>\n\n\n\n<div class=\"ghostkit-col ghostkit-col-md-12 ghostkit-col-6 ghostkit-col-align-self-center\"><div class=\"ghostkit-col-content is-layout-flow wp-block-ghostkit-grid-column-is-layout-flow\">\n<h2 class=\"wp-block-heading\" id=\"designer-shows\">Qu&#8217;est-ce qu&#8217;un salon des cr\u00e9ateurs ?<\/h2>\n\n\n\n<p>Lors d&#8217;un d\u00e9fil\u00e9 de cr\u00e9ateurs, <strong>toutes les robes de mari\u00e9e d&#8217;une collection sp\u00e9cifique d&#8217;un cr\u00e9ateur sp\u00e9cifique<\/strong> sont pr\u00e9sentes en exclusivit\u00e9. Nous n&#8217;avons normalement pas ces robes dans notre magasin de robes de mari\u00e9e et elles sont amen\u00e9es chez Koonings sp\u00e9cialement pour le salon des cr\u00e9ateurs. Cela signifie que vous avez la possibilit\u00e9 d&#8217;admirer et d&#8217;essayer des robes que nous n&#8217;avons normalement pas dans notre magasin ! Et nous ferons en sorte que ce moment soit encore plus festif avec un verre de bulles et quelques friandises.     <\/p>\n\n\n\n<p><strong>\u00c0 quoi pouvez-vous vous attendre lors de nos d\u00e9fil\u00e9s de cr\u00e9ateurs ?<\/strong><\/p>\n\n\n\n<ul class=\"wp-block-list\">\n<li>R\u00e9ception avec un verre de champagne et des friandises.<\/li>\n\n\n\n<li>Une collection compl\u00e8te de robes de mari\u00e9e d&#8217;un cr\u00e9ateur sp\u00e9cifique que nous n&#8217;avons pas normalement dans notre palais du mariage.<\/li>\n\n\n\n<li>Une occasion unique d&#8217;essayer des robes de mari\u00e9e avec l&#8217;aide de votre styliste personnel.<\/li>\n<\/ul>\n<\/div><\/div>\n<\/div><\/div>\n\n<\/div>\r\n            <\/div>\r\n        <\/div>\r\n    <\/div>\r\n\r\n<\/div>\r\n\r\n    \r\n\r\n<div class=\"eye-element fullwidth-row alignfull style-both bg--none  alignfull \" style=\" \">\r\n\r\n    <div class=\"container\">\r\n        <div class=\"row\">\r\n            <div class=\"col-12\">\r\n                <div class=\"acf-innerblocks-container\">\n\n<h2 class=\"wp-block-heading has-text-align-center\" id=\"veelgestelde-vragen\">Questions fr\u00e9quemment pos\u00e9es<\/h2>\n\n\n\r\n<div class=\"eye-element faqs style-default variant-\">\r\n\r\n    <div class=\"accordion\" id=\"accordionFAQ1\">\r\n\r\n                    <div class=\"accordion-item\">\r\n                <h3 class=\"accordion-header\">\r\n                    <button class=\"accordion-button collapsed\" type=\"button\" data-bs-toggle=\"collapse\" data-bs-target=\"#collapseFAQ1-0\" aria-expanded=\"false\" aria-controls=\"collapseFAQ1-0\">\r\n                        Un d\u00e9fil\u00e9 de cr\u00e9ateurs est-il un d\u00e9fil\u00e9 de mode ?                    <\/button>\r\n                <\/h3>\r\n                <div id=\"collapseFAQ1-0\" class=\"accordion-collapse collapse\" data-bs-parent=\"#accordionFAQ1\">\r\n                    <div class=\"accordion-body\">\r\n                        <p class=\"text-align-center\">Oui, lors d&#8217;un d\u00e9fil\u00e9 de cr\u00e9ateurs, nous pr\u00e9sentons toutes les robes d&#8217;une des nouvelles collections d&#8217;un cr\u00e9ateur sp\u00e9cifique. En outre, lors d&#8217;un d\u00e9fil\u00e9 de cr\u00e9ateurs, vous avez l&#8217;occasion unique d&#8217;essayer les robes directement ! <\/p>\n                    <\/div>\r\n                <\/div>\r\n            <\/div>\r\n                    <div class=\"accordion-item\">\r\n                <h3 class=\"accordion-header\">\r\n                    <button class=\"accordion-button collapsed\" type=\"button\" data-bs-toggle=\"collapse\" data-bs-target=\"#collapseFAQ1-1\" aria-expanded=\"false\" aria-controls=\"collapseFAQ1-1\">\r\n                        Une exposition de cr\u00e9ateurs est-elle une vente ?                    <\/button>\r\n                <\/h3>\r\n                <div id=\"collapseFAQ1-1\" class=\"accordion-collapse collapse\" data-bs-parent=\"#accordionFAQ1\">\r\n                    <div class=\"accordion-body\">\r\n                        <p class=\"text-align-center\">Non, un d\u00e9fil\u00e9 de cr\u00e9ateurs n&#8217;est pas une vente. Un d\u00e9fil\u00e9 de cr\u00e9ateurs est un moyen de vous pr\u00e9senter la nouvelle collection d&#8217;un cr\u00e9ateur. Vous aurez l&#8217;occasion d&#8217;essayer des robes de ce cr\u00e9ateur qui ne sont pas normalement dans la boutique.  <\/p>\n                    <\/div>\r\n                <\/div>\r\n            <\/div>\r\n                    <div class=\"accordion-item\">\r\n                <h3 class=\"accordion-header\">\r\n                    <button class=\"accordion-button collapsed\" type=\"button\" data-bs-toggle=\"collapse\" data-bs-target=\"#collapseFAQ1-2\" aria-expanded=\"false\" aria-controls=\"collapseFAQ1-2\">\r\n                        Puis-je essayer des robes de mari\u00e9e directement lors d&#8217;un d\u00e9fil\u00e9 de cr\u00e9ateurs ?                    <\/button>\r\n                <\/h3>\r\n                <div id=\"collapseFAQ1-2\" class=\"accordion-collapse collapse\" data-bs-parent=\"#accordionFAQ1\">\r\n                    <div class=\"accordion-body\">\r\n                        <p class=\"text-align-center\">Oui, optez pour un ticket + un rendez-vous d&#8217;essayage et, pendant le d\u00e9fil\u00e9 des cr\u00e9ateurs, vous aurez imm\u00e9diatement la possibilit\u00e9 d&#8217;essayer toutes les robes que vous avez vues pendant le d\u00e9fil\u00e9. Et aussi les robes qui ne se trouvent pas normalement dans notre boutique. Une occasion unique ! Et une styliste sera l\u00e0 pour vous aider.   <\/p>\n                    <\/div>\r\n                <\/div>\r\n            <\/div>\r\n                    <div class=\"accordion-item\">\r\n                <h3 class=\"accordion-header\">\r\n                    <button class=\"accordion-button collapsed\" type=\"button\" data-bs-toggle=\"collapse\" data-bs-target=\"#collapseFAQ1-3\" aria-expanded=\"false\" aria-controls=\"collapseFAQ1-3\">\r\n                        Combien de robes de mari\u00e9e puis-je essayer lors d&#8217;un d\u00e9fil\u00e9 de cr\u00e9ateurs ?                    <\/button>\r\n                <\/h3>\r\n                <div id=\"collapseFAQ1-3\" class=\"accordion-collapse collapse\" data-bs-parent=\"#accordionFAQ1\">\r\n                    <div class=\"accordion-body\">\r\n                        <p class=\"text-align-center\">Comme lors d&#8217;un rendez-vous d&#8217;essayage classique, vous disposerez de deux heures pour essayer des robes de mari\u00e9e lors d&#8217;un d\u00e9fil\u00e9 de cr\u00e9ateurs. Un styliste personnel sera \u00e0 votre disposition pour vous aider. Vous pouvez essayer autant de robes que vous le souhaitez.  <\/p>\n                    <\/div>\r\n                <\/div>\r\n            <\/div>\r\n                    <div class=\"accordion-item\">\r\n                <h3 class=\"accordion-header\">\r\n                    <button class=\"accordion-button collapsed\" type=\"button\" data-bs-toggle=\"collapse\" data-bs-target=\"#collapseFAQ1-4\" aria-expanded=\"false\" aria-controls=\"collapseFAQ1-4\">\r\n                        Puis-je \u00e9galement essayer les robes de mari\u00e9e d&#8217;un autre cr\u00e9ateur lors d&#8217;un d\u00e9fil\u00e9 ?                    <\/button>\r\n                <\/h3>\r\n                <div id=\"collapseFAQ1-4\" class=\"accordion-collapse collapse\" data-bs-parent=\"#accordionFAQ1\">\r\n                    <div class=\"accordion-body\">\r\n                        <p class=\"text-align-center\">Lors d&#8217;un d\u00e9fil\u00e9 de cr\u00e9ateurs, vous ne pouvez essayer que les robes de mari\u00e9e du cr\u00e9ateur en question. Vous souhaitez tout de m\u00eame essayer d&#8217;autres robes ? Dans ce cas, vous pouvez prendre un rendez-vous pour un essayage r\u00e9gulier pendant le d\u00e9fil\u00e9 des cr\u00e9ateurs. Une styliste personnelle vous attendra pendant deux heures !  <\/p>\n                    <\/div>\r\n                <\/div>\r\n            <\/div>\r\n                    <div class=\"accordion-item\">\r\n                <h3 class=\"accordion-header\">\r\n                    <button class=\"accordion-button collapsed\" type=\"button\" data-bs-toggle=\"collapse\" data-bs-target=\"#collapseFAQ1-5\" aria-expanded=\"false\" aria-controls=\"collapseFAQ1-5\">\r\n                        Puis-je \u00e9galement venir regarder sans essayer ?                    <\/button>\r\n                <\/h3>\r\n                <div id=\"collapseFAQ1-5\" class=\"accordion-collapse collapse\" data-bs-parent=\"#accordionFAQ1\">\r\n                    <div class=\"accordion-body\">\r\n                        <p class=\"text-align-center\">Oui ! Vous \u00eates toujours la bienvenue \u00e0 nos d\u00e9fil\u00e9s de cr\u00e9ateurs. M\u00eame si vous pr\u00e9f\u00e9rez ne pas essayer de robes \u00e0 ce moment-l\u00e0. Ou si vous venez en compagnie d&#8217;une future mari\u00e9e. Vous pouvez alors choisir un ticket sans rendez-vous d&#8217;essayage.   <\/p>\n                    <\/div>\r\n                <\/div>\r\n            <\/div>\r\n                    <div class=\"accordion-item\">\r\n                <h3 class=\"accordion-header\">\r\n                    <button class=\"accordion-button collapsed\" type=\"button\" data-bs-toggle=\"collapse\" data-bs-target=\"#collapseFAQ1-6\" aria-expanded=\"false\" aria-controls=\"collapseFAQ1-6\">\r\n                        \u00c0 quelle fr\u00e9quence un salon des cr\u00e9ateurs est-il organis\u00e9 ?                    <\/button>\r\n                <\/h3>\r\n                <div id=\"collapseFAQ1-6\" class=\"accordion-collapse collapse\" data-bs-parent=\"#accordionFAQ1\">\r\n                    <div class=\"accordion-body\">\r\n                        <p class=\"text-align-center\">Des salons de cr\u00e9ateurs sont r\u00e9guli\u00e8rement organis\u00e9s. Mais n&#8217;oubliez pas que chaque salon est consacr\u00e9 \u00e0 un cr\u00e9ateur diff\u00e9rent. Vous voulez voir un d\u00e9fil\u00e9 du cr\u00e9ateur dont vous r\u00eavez depuis longtemps ? Alors achetez vite vos billets. Car vous ne savez jamais quand aura lieu le prochain d\u00e9fil\u00e9 de ce m\u00eame cr\u00e9ateur.    <\/p>\n                    <\/div>\r\n                <\/div>\r\n            <\/div>\r\n                    <div class=\"accordion-item\">\r\n                <h3 class=\"accordion-header\">\r\n                    <button class=\"accordion-button collapsed\" type=\"button\" data-bs-toggle=\"collapse\" data-bs-target=\"#collapseFAQ1-7\" aria-expanded=\"false\" aria-controls=\"collapseFAQ1-7\">\r\n                        Quelle est la dur\u00e9e d&#8217;une exposition de cr\u00e9ateurs ?                    <\/button>\r\n                <\/h3>\r\n                <div id=\"collapseFAQ1-7\" class=\"accordion-collapse collapse\" data-bs-parent=\"#accordionFAQ1\">\r\n                    <div class=\"accordion-body\">\r\n                        <p class=\"text-align-center\">Un spectacle de cr\u00e9ateurs dure environ une heure et a lieu \u00e0 la date pour laquelle vous achetez un billet. L&#8217;heure du vernissage ou du d\u00e9fil\u00e9 ne vous convient pas ? Pas de probl\u00e8me ! Vous disposez alors de plusieurs jours pour visiter la boutique. Les robes de cr\u00e9ateurs resteront dans la boutique tout le week-end, vous aurez donc toujours la possibilit\u00e9 de les voir et de les essayer !    <\/p>\n                    <\/div>\r\n                <\/div>\r\n            <\/div>\r\n        \r\n    <\/div>\r\n\r\n<\/div>\n\n\n<div class=\"wp-block-group is-vertical is-content-justification-center is-nowrap is-layout-flex wp-container-core-group-is-layout-e862386f wp-block-group-is-layout-flex\"><\/div>\n\n<\/div>\r\n            <\/div>\r\n        <\/div>\r\n    <\/div>\r\n\r\n<\/div>\r\n\r\n    ","protected":false},"excerpt":{"rendered":"","protected":false},"author":1,"featured_media":0,"parent":0,"menu_order":0,"comment_status":"closed","ping_status":"closed","template":"","meta":{"_acf_changed":false,"ghostkit_customizer_options":"","ghostkit_custom_css":"","ghostkit_custom_js_head":"","ghostkit_custom_js_foot":"","ghostkit_typography":"","footnotes":""},"class_list":["post-16563","page","type-page","status-publish","hentry"],"acf":[],"yoast_head":"<!-- This site is optimized with the Yoast SEO plugin v27.3 - https:\/\/yoast.com\/product\/yoast-seo-wordpress\/ -->\n<title>Expositions de cr\u00e9ateurs | Koonings<\/title>\n<meta name=\"robots\" content=\"index, follow, max-snippet:-1, max-image-preview:large, max-video-preview:-1\" \/>\n<link rel=\"canonical\" href=\"https:\/\/www.koonings.com\/fr\/expositions-de-createurs\/\" \/>\n<meta property=\"og:locale\" content=\"fr_FR\" \/>\n<meta property=\"og:type\" content=\"article\" \/>\n<meta property=\"og:title\" content=\"Expositions de cr\u00e9ateurs | Koonings\" \/>\n<meta property=\"og:url\" content=\"https:\/\/www.koonings.com\/fr\/expositions-de-createurs\/\" \/>\n<meta property=\"og:site_name\" content=\"Koonings\" \/>\n<meta property=\"article:publisher\" content=\"https:\/\/www.facebook.com\/kooningstheweddingpalace\" \/>\n<meta property=\"article:modified_time\" content=\"2025-09-29T09:51:33+00:00\" \/>\n<meta property=\"og:image\" content=\"https:\/\/www.koonings.com\/wp-content\/uploads\/2024\/06\/palace-hero-screenshot-1024x575.png\" \/>\n\t<meta property=\"og:image:width\" content=\"1024\" \/>\n\t<meta property=\"og:image:height\" content=\"575\" \/>\n\t<meta property=\"og:image:type\" content=\"image\/png\" \/>\n<meta name=\"twitter:card\" content=\"summary_large_image\" \/>\n<meta name=\"twitter:label1\" content=\"Dur\u00e9e de lecture estim\u00e9e\" \/>\n\t<meta name=\"twitter:data1\" content=\"1 minute\" \/>\n<script type=\"application\/ld+json\" class=\"yoast-schema-graph\">{\"@context\":\"https:\\\/\\\/schema.org\",\"@graph\":[{\"@type\":\"WebPage\",\"@id\":\"https:\\\/\\\/www.koonings.com\\\/fr\\\/expositions-de-createurs\\\/\",\"url\":\"https:\\\/\\\/www.koonings.com\\\/fr\\\/expositions-de-createurs\\\/\",\"name\":\"Expositions de cr\u00e9ateurs | Koonings\",\"isPartOf\":{\"@id\":\"https:\\\/\\\/www.koonings.com\\\/fr\\\/#website\"},\"datePublished\":\"2024-07-19T14:11:08+00:00\",\"dateModified\":\"2025-09-29T09:51:33+00:00\",\"breadcrumb\":{\"@id\":\"https:\\\/\\\/www.koonings.com\\\/fr\\\/expositions-de-createurs\\\/#breadcrumb\"},\"inLanguage\":\"fr-FR\",\"potentialAction\":[{\"@type\":\"ReadAction\",\"target\":[\"https:\\\/\\\/www.koonings.com\\\/fr\\\/expositions-de-createurs\\\/\"]}]},{\"@type\":\"BreadcrumbList\",\"@id\":\"https:\\\/\\\/www.koonings.com\\\/fr\\\/expositions-de-createurs\\\/#breadcrumb\",\"itemListElement\":[{\"@type\":\"ListItem\",\"position\":1,\"name\":\"Home\",\"item\":\"https:\\\/\\\/www.koonings.com\\\/fr\\\/\"},{\"@type\":\"ListItem\",\"position\":2,\"name\":\"Expositions de cr\u00e9ateurs\"}]},{\"@type\":\"WebSite\",\"@id\":\"https:\\\/\\\/www.koonings.com\\\/fr\\\/#website\",\"url\":\"https:\\\/\\\/www.koonings.com\\\/fr\\\/\",\"name\":\"Koonings\",\"description\":\"De grootste bruidsmodewinkel ter wereld\",\"publisher\":{\"@id\":\"https:\\\/\\\/www.koonings.com\\\/fr\\\/#organization\"},\"potentialAction\":[{\"@type\":\"SearchAction\",\"target\":{\"@type\":\"EntryPoint\",\"urlTemplate\":\"https:\\\/\\\/www.koonings.com\\\/fr\\\/?s={search_term_string}\"},\"query-input\":{\"@type\":\"PropertyValueSpecification\",\"valueRequired\":true,\"valueName\":\"search_term_string\"}}],\"inLanguage\":\"fr-FR\"},{\"@type\":\"Organization\",\"@id\":\"https:\\\/\\\/www.koonings.com\\\/fr\\\/#organization\",\"name\":\"Koonings\",\"url\":\"https:\\\/\\\/www.koonings.com\\\/fr\\\/\",\"logo\":{\"@type\":\"ImageObject\",\"inLanguage\":\"fr-FR\",\"@id\":\"https:\\\/\\\/www.koonings.com\\\/fr\\\/#\\\/schema\\\/logo\\\/image\\\/\",\"url\":\"https:\\\/\\\/www.koonings.com\\\/wp-content\\\/uploads\\\/2024\\\/07\\\/logo.png\",\"contentUrl\":\"https:\\\/\\\/www.koonings.com\\\/wp-content\\\/uploads\\\/2024\\\/07\\\/logo.png\",\"width\":600,\"height\":428,\"caption\":\"Koonings\"},\"image\":{\"@id\":\"https:\\\/\\\/www.koonings.com\\\/fr\\\/#\\\/schema\\\/logo\\\/image\\\/\"},\"sameAs\":[\"https:\\\/\\\/www.facebook.com\\\/kooningstheweddingpalace\",\"https:\\\/\\\/www.instagram.com\\\/kooningstheweddingpalace\",\"https:\\\/\\\/www.pinterest.com\\\/koonings\",\"https:\\\/\\\/www.youtube.com\\\/kooningstheweddingpalace\"]}]}<\/script>\n<!-- \/ Yoast SEO plugin. -->","yoast_head_json":{"title":"Expositions de cr\u00e9ateurs | Koonings","robots":{"index":"index","follow":"follow","max-snippet":"max-snippet:-1","max-image-preview":"max-image-preview:large","max-video-preview":"max-video-preview:-1"},"canonical":"https:\/\/www.koonings.com\/fr\/expositions-de-createurs\/","og_locale":"fr_FR","og_type":"article","og_title":"Expositions de cr\u00e9ateurs | Koonings","og_url":"https:\/\/www.koonings.com\/fr\/expositions-de-createurs\/","og_site_name":"Koonings","article_publisher":"https:\/\/www.facebook.com\/kooningstheweddingpalace","article_modified_time":"2025-09-29T09:51:33+00:00","og_image":[{"width":1024,"height":575,"url":"https:\/\/www.koonings.com\/wp-content\/uploads\/2024\/06\/palace-hero-screenshot-1024x575.png","type":"image\/png"}],"twitter_card":"summary_large_image","twitter_misc":{"Dur\u00e9e de lecture estim\u00e9e":"1 minute"},"schema":{"@context":"https:\/\/schema.org","@graph":[{"@type":"WebPage","@id":"https:\/\/www.koonings.com\/fr\/expositions-de-createurs\/","url":"https:\/\/www.koonings.com\/fr\/expositions-de-createurs\/","name":"Expositions de cr\u00e9ateurs | Koonings","isPartOf":{"@id":"https:\/\/www.koonings.com\/fr\/#website"},"datePublished":"2024-07-19T14:11:08+00:00","dateModified":"2025-09-29T09:51:33+00:00","breadcrumb":{"@id":"https:\/\/www.koonings.com\/fr\/expositions-de-createurs\/#breadcrumb"},"inLanguage":"fr-FR","potentialAction":[{"@type":"ReadAction","target":["https:\/\/www.koonings.com\/fr\/expositions-de-createurs\/"]}]},{"@type":"BreadcrumbList","@id":"https:\/\/www.koonings.com\/fr\/expositions-de-createurs\/#breadcrumb","itemListElement":[{"@type":"ListItem","position":1,"name":"Home","item":"https:\/\/www.koonings.com\/fr\/"},{"@type":"ListItem","position":2,"name":"Expositions de cr\u00e9ateurs"}]},{"@type":"WebSite","@id":"https:\/\/www.koonings.com\/fr\/#website","url":"https:\/\/www.koonings.com\/fr\/","name":"Koonings","description":"De grootste bruidsmodewinkel ter wereld","publisher":{"@id":"https:\/\/www.koonings.com\/fr\/#organization"},"potentialAction":[{"@type":"SearchAction","target":{"@type":"EntryPoint","urlTemplate":"https:\/\/www.koonings.com\/fr\/?s={search_term_string}"},"query-input":{"@type":"PropertyValueSpecification","valueRequired":true,"valueName":"search_term_string"}}],"inLanguage":"fr-FR"},{"@type":"Organization","@id":"https:\/\/www.koonings.com\/fr\/#organization","name":"Koonings","url":"https:\/\/www.koonings.com\/fr\/","logo":{"@type":"ImageObject","inLanguage":"fr-FR","@id":"https:\/\/www.koonings.com\/fr\/#\/schema\/logo\/image\/","url":"https:\/\/www.koonings.com\/wp-content\/uploads\/2024\/07\/logo.png","contentUrl":"https:\/\/www.koonings.com\/wp-content\/uploads\/2024\/07\/logo.png","width":600,"height":428,"caption":"Koonings"},"image":{"@id":"https:\/\/www.koonings.com\/fr\/#\/schema\/logo\/image\/"},"sameAs":["https:\/\/www.facebook.com\/kooningstheweddingpalace","https:\/\/www.instagram.com\/kooningstheweddingpalace","https:\/\/www.pinterest.com\/koonings","https:\/\/www.youtube.com\/kooningstheweddingpalace"]}]}},"_links":{"self":[{"href":"https:\/\/www.koonings.com\/fr\/wp-json\/wp\/v2\/pages\/16563","targetHints":{"allow":["GET"]}}],"collection":[{"href":"https:\/\/www.koonings.com\/fr\/wp-json\/wp\/v2\/pages"}],"about":[{"href":"https:\/\/www.koonings.com\/fr\/wp-json\/wp\/v2\/types\/page"}],"author":[{"embeddable":true,"href":"https:\/\/www.koonings.com\/fr\/wp-json\/wp\/v2\/users\/1"}],"replies":[{"embeddable":true,"href":"https:\/\/www.koonings.com\/fr\/wp-json\/wp\/v2\/comments?post=16563"}],"version-history":[{"count":2,"href":"https:\/\/www.koonings.com\/fr\/wp-json\/wp\/v2\/pages\/16563\/revisions"}],"predecessor-version":[{"id":98453,"href":"https:\/\/www.koonings.com\/fr\/wp-json\/wp\/v2\/pages\/16563\/revisions\/98453"}],"wp:attachment":[{"href":"https:\/\/www.koonings.com\/fr\/wp-json\/wp\/v2\/media?parent=16563"}],"curies":[{"name":"wp","href":"https:\/\/api.w.org\/{rel}","templated":true}]}}