{"id":16558,"date":"2024-07-17T17:18:28","date_gmt":"2024-07-17T15:18:28","guid":{"rendered":"https:\/\/www.koonings.com\/marie\/costumes-de-mariage\/"},"modified":"2025-09-29T11:53:40","modified_gmt":"2025-09-29T09:53:40","slug":"costumes-de-mariage","status":"publish","type":"page","link":"https:\/\/www.koonings.com\/fr\/marie\/costumes-de-mariage\/","title":{"rendered":"Costumes de mariage"},"content":{"rendered":"\r\n\r\n<div class=\"eye-element fullwidth-row alignfull style-both bg--none  alignfull \" style=\" \">\r\n\r\n    <div class=\"container\">\r\n        <div class=\"row\">\r\n            <div class=\"col-12\">\r\n                <div class=\"acf-innerblocks-container\">\n\n<h1 class=\"wp-block-heading\" id=\"trouwpakken-1\">Costumes de mariage<\/h1>\n\n\n\n<p>Aucun jour n&#8217;est aussi important que celui de votre mariage. Votre costume de mariage est donc peut-\u00eatre la tenue la plus excitante que vous ayez jamais choisie. D\u00e9couvrez d\u00e8s \u00e0 pr\u00e9sent la magnifique collection de costumes de mariage et prenez rendez-vous sans tarder afin de pouvoir dire oui en toute confiance.  <\/p>\n\n\n\r\n<section class=\"eye-block productsindex\">\r\n\r\n    \r\n        <h2 style=\"text-align: center\">PRODUCTOVERZICHT<\/h2>\r\n\r\n    \r\n<\/section>\r\n\r\n\r\n\r\n<section class=\"product_filter_text\">\r\n    <\/section>\n<\/div>\r\n            <\/div>\r\n        <\/div>\r\n    <\/div>\r\n\r\n<\/div>\r\n\r\n    \r\n\r\n<div class=\"eye-element fullwidth-row alignfull style-both bg--none  alignfull \" style=\" \">\r\n\r\n    <div class=\"container\">\r\n        <div class=\"row\">\r\n            <div class=\"col-12\">\r\n                <div class=\"acf-innerblocks-container\">\n\n<h2 class=\"wp-block-heading\" id=\"trouwpakken\">Costumes de mariage<\/h2>\n\n\n\n<h3 class=\"wp-block-heading\" id=\"nieuw\">Notre nouvelle boutique pour hommes, votre ultime exp\u00e9rience du mariage<\/h3>\n\n\n\n<p>Notre boutique pour hommes est en train d&#8217;\u00eatre enti\u00e8rement r\u00e9nov\u00e9e afin que nous puissions vous offrir une exp\u00e9rience de mariage des plus sp\u00e9ciales lors de votre rendez-vous. Le 1er janvier 2024, nous ouvrirons les portes de notre nouveau magasin pour hommes, avec les costumes les plus r\u00e9cents et une Trattoria italienne o\u00f9 vous et votre entourage pourrez d\u00e9guster une collation et un bon verre de vin. Un moment privil\u00e9gi\u00e9 \u00e0 l&#8217;approche de votre grand jour.    <\/p>\n\n\n\r\n<div class=\"eye-element bsbutton text-start \" >\r\n\t        <a class=\"btn btn-primary\" href=\"https:\/\/www.koonings.com\/fr\/prendre-un-rendez-vous\/\"\r\n           target=\"\">Prenez rendez-vous<\/a>\r\n\t<\/div>\n\n\r\n<div class=\"eye-block empty-space empty-space--small pt-md-3 pb-md-3 pt-2 pb-2\" ><\/div>\n\n\n<h3 class=\"wp-block-heading\" id=\"trouwpakken-passen-bij-koonings\">Essai de costumes de mariage chez Koonings<\/h3>\n\n\n\n<p>Entrez dans le d\u00e9partement v\u00eatements pour hommes de Koonings. Vous pourrez y essayer des costumes de mariage en toute tranquillit\u00e9 avec votre t\u00e9moin. Nous vous servirons volontiers un verre au bar robuste. Cherchez le costume de mariage id\u00e9al. Optez-vous pour un costume de mariage moderne dans une couleur tendance comme le vert ou le bleu ? Ou un costume classique avec un imprim\u00e9 baroque unique ? Les possibilit\u00e9s sont infinies.      <br\/> <\/p>\n\n\n\n<h3 class=\"wp-block-heading\" id=\"trouwpakken-van-topmerken\">Costumes de mariage de grandes marques<\/h3>\n\n\n\n<p>Notre collection de costumes se compose de costumes de mariage modernes de grandes marques, dont Immediate, Wilvorst et Guglielmo G. Vous \u00eates donc assur\u00e9 de b\u00e9n\u00e9ficier de la meilleure qualit\u00e9 et, dans la vaste collection, vous \u00eates s\u00fbr de trouver quelque chose qui vous convienne. Chez Guglielmo G, il est m\u00eame possible de composer votre propre costume. <\/p>\n\n\n\n<p><strong>Compl\u00e9tez votre look de mariage<\/strong><br\/>Faites passer votre costume de mariage \u00e0 la vitesse sup\u00e9rieure en y ajoutant de magnifiques accessoires. Nos stylistes exp\u00e9riment\u00e9s veilleront \u00e0 ce que vos accessoires soient assortis \u00e0 votre costume. Compl\u00e9tez votre look de mariage avec une belle paire de chaussures, une chemise, un gilet ou une ceinture. Vous trouverez \u00e9galement des boutons de manchette, des carr\u00e9s de poche et m\u00eame des sous-v\u00eatements assortis dans notre rayon hommes. Optez-vous pour une cravate classique ou un joli n\u0153ud papillon ? Les possibilit\u00e9s sont infinies.     <br\/> <\/p>\n\n\n\n<h3 class=\"wp-block-heading\" id=\"het-belang-van-het-juiste-trouwpak\">L&#8217;importance d&#8217;un bon costume de mariage<\/h3>\n\n\n\n<ul class=\"wp-block-list\">\n<li><strong>Confiance en soi et apparence : <\/strong>le fait de porter le bon costume de mariage renforcera votre confiance en vous. C&#8217;est important pour se sentir \u00e0 l&#8217;aise en ce jour passionnant. Un costume adapt\u00e9 \u00e0 votre personnalit\u00e9 et \u00e0 votre style vous fera briller le jour de votre mariage.  <\/li>\n\n\n\n<li><strong>Confort tout au long de la journ\u00e9e :<\/strong> un costume de mariage bien ajust\u00e9 vous permettra de vous sentir \u00e0 l&#8217;aise tout au long de la journ\u00e9e et de la nuit, de la c\u00e9r\u00e9monie \u00e0 la f\u00eate.  <\/li>\n\n\n\n<li><strong>Souvenirs et photos :<\/strong> Les photos de mariage sont des souvenirs imp\u00e9rissables de votre journ\u00e9e sp\u00e9ciale. Il serait dommage que vous portiez un costume qui ne vous aille pas ou qui ne corresponde pas au style de votre mariage. Le costume de mariage parfait ajoute \u00e0 l&#8217;attrait visuel de ces souvenirs et fera plaisir au mari\u00e9 et \u00e0 sa compagne pendant de nombreuses ann\u00e9es.  <br\/> <\/li>\n<\/ul>\n\n\n\n<h3 class=\"wp-block-heading\" id=\"hoe-kies-je-het-perfecte-trouwpak\">Comment choisir le costume de mariage id\u00e9al ?<\/h3>\n\n\n\n<p>Choisir le costume de mariage id\u00e9al demande du temps et de l&#8217;attention. Bien s\u00fbr, vous voulez \u00eatre \u00e0 votre avantage le jour de votre mariage. C&#8217;est pourquoi vous devez garder \u00e0 l&#8217;esprit les points suivants \u00e0 l&#8217;avance :  <\/p>\n\n\n\n<ul class=\"wp-block-list\">\n<li><strong>Fixez votre budget : <\/strong>fixez un budget pour votre costume de mariage et respectez-le. Cela vous permettra de rester dans les limites de votre budget et d&#8217;\u00e9viter de vous surmener. <\/li>\n\n\n\n<li><strong>Choisissez la bonne couleur : <\/strong>r\u00e9fl\u00e9chissez \u00e0 la couleur de votre costume de mariage et \u00e0 la fa\u00e7on dont elle s&#8217;harmonise avec les couleurs du mariage. Traditionnellement, les costumes noirs, gris et bleus sont populaires, mais les possibilit\u00e9s sont infinies. <\/li>\n\n\n\n<li><strong>Le confort est important :<\/strong> assurez-vous que le costume de mariage est confortable et que vous pouvez bouger librement. Vous porterez le costume toute la journ\u00e9e, il ne doit donc pas vous pincer ou vous g\u00eaner. <\/li>\n\n\n\n<li><strong>Choix de la<\/strong> mati\u00e8re <strong>:<\/strong> choisissez la mati\u00e8re de votre costume de mariage en fonction de la saison et du lieu du mariage. La laine, par exemple, convient aux saisons froides. <\/li>\n\n\n\n<li><strong>Accessoires :<\/strong> pensez aux accessoires que vous souhaitez porter, tels que la cravate, le n\u0153ud papillon, les boutons de manchette et les chaussures. Ils doivent \u00eatre assortis au costume et compl\u00e9ter votre look. <\/li>\n<\/ul>\n\n\n\n<h3 class=\"wp-block-heading\" id=\"laat-je-adviseren-door-onze-ervaren-stylisten\"><br\/>B\u00e9n\u00e9ficiez des conseils de nos stylistes exp\u00e9riment\u00e9s  <\/h3>\n\n\n\n<p>Cela semble beaucoup \u00e0 prendre en compte. Mais nos stylistes exp\u00e9riment\u00e9s sont l\u00e0 pour vous et savent exactement ce qu&#8217;il faut faire. Ils savent quels costumes conviennent le mieux en fonction de votre morphologie, de vos pr\u00e9f\u00e9rences en mati\u00e8re de style et de votre budget. Gr\u00e2ce \u00e0 leur connaissance approfondie des costumes de mariage, \u00e0 leur regard neuf et \u00e0 leur connaissance des derni\u00e8res tendances et des mod\u00e8les intemporels, ils sont s\u00fbrs de trouver le costume de mariage id\u00e9al. Vous n&#8217;avez donc \u00e0 vous soucier de rien !    <\/p>\n\n\n\r\n<div class=\"eye-element bsbutton text-start \" >\r\n\t        <a class=\"btn btn-primary\" href=\"https:\/\/www.koonings.com\/fr\/prendre-un-rendez-vous\/\"\r\n           target=\"\">Prenez rendez-vous<\/a>\r\n\t<\/div>\n\n\r\n<div class=\"eye-block empty-space empty-space--small pt-md-3 pb-md-3 pt-2 pb-2\" ><\/div>\n\n\n<h3 class=\"wp-block-heading\" id=\"jouw-trouwpak-matchen-met-de-jurk-van-je-aanstaande\">Assortir votre costume de mariage \u00e0 la robe de votre future \u00e9pouse  <\/h3>\n\n\n\n<p>Votre future \u00e9pouse a trouv\u00e9 sa robe chez Koonings ? Ou bien vous pr\u00e9voyez une journ\u00e9e chez Koonings ensemble ? C&#8217;est tr\u00e8s agr\u00e9able ! Nos stylistes peuvent s&#8217;assurer que votre costume de mariage est parfaitement assorti \u00e0 la robe de votre future \u00e9pouse, sans m\u00eame que vous ne voyiez les tenues de mariage de l&#8217;un et de l&#8217;autre. Le styliste se fera un plaisir de parcourir quelques m\u00e8tres suppl\u00e9mentaires dans l&#8217;all\u00e9e pour s&#8217;assurer que vous vous pr\u00e9sentez \u00e0 l&#8217;autel dans votre propre style, mais en \u00e9tant bien assortis l&#8217;un \u00e0 l&#8217;autre.    <br\/> <\/p>\n\n\n\n<h3 class=\"wp-block-heading\" id=\"een-trouwpak-dat-perfect-past\">Un costume de mariage qui vous va \u00e0 merveille  <\/h3>\n\n\n\n<p>Gr\u00e2ce \u00e0 notre atelier interne, nous pouvons enti\u00e8rement personnaliser votre costume de mariage. Nous nous adaptons aux moindres d\u00e9tails ou r\u00e9pondons aux demandes sp\u00e9ciales. Sans rien d\u00e9voiler, bien s\u00fbr ! Vous formerez un beau couple lors de votre premi\u00e8re rencontre, lorsque vous vous direz oui et sur toutes les photos de votre journ\u00e9e inoubliable.     <\/p>\n\n\n\r\n<div class=\"eye-element bsbutton text-start \" >\r\n\t        <a class=\"btn btn-primary\" href=\"https:\/\/www.koonings.com\/fr\/prendre-un-rendez-vous\/\"\r\n           target=\"\">Prenez rendez-vous<\/a>\r\n\t<\/div>\n<\/div>\r\n            <\/div>\r\n        <\/div>\r\n    <\/div>\r\n\r\n<\/div>\r\n\r\n    ","protected":false},"excerpt":{"rendered":"","protected":false},"author":1,"featured_media":0,"parent":16553,"menu_order":0,"comment_status":"closed","ping_status":"closed","template":"","meta":{"_acf_changed":false,"ghostkit_customizer_options":"","ghostkit_custom_css":"","ghostkit_custom_js_head":"","ghostkit_custom_js_foot":"","ghostkit_typography":"","footnotes":""},"class_list":["post-16558","page","type-page","status-publish","hentry"],"acf":[],"yoast_head":"<!-- This site is optimized with the Yoast SEO plugin v26.8 - https:\/\/yoast.com\/product\/yoast-seo-wordpress\/ -->\n<title>Trouvez votre costume de mariage sur mesure | Koonings<\/title>\n<meta name=\"description\" content=\"Vous \u00eates \u00e0 la recherche du costume de mariage id\u00e9al ? Chez Koonings, vous trouverez des costumes de mariage classiques et tendance de cr\u00e9ateurs internationaux \u2714\ufe0fUnieke collection \u2714\ufe0fErvaren stylistes\" \/>\n<meta name=\"robots\" content=\"index, follow, max-snippet:-1, max-image-preview:large, max-video-preview:-1\" \/>\n<link rel=\"canonical\" href=\"https:\/\/www.koonings.com\/fr\/marie\/costumes-de-mariage\/\" \/>\n<meta property=\"og:locale\" content=\"fr_FR\" \/>\n<meta property=\"og:type\" content=\"article\" \/>\n<meta property=\"og:title\" content=\"Trouvez votre costume de mariage sur mesure | Koonings\" \/>\n<meta property=\"og:description\" content=\"Vous \u00eates \u00e0 la recherche du costume de mariage id\u00e9al ? Chez Koonings, vous trouverez des costumes de mariage classiques et tendance de cr\u00e9ateurs internationaux \u2714\ufe0fUnieke collection \u2714\ufe0fErvaren stylistes\" \/>\n<meta property=\"og:url\" content=\"https:\/\/www.koonings.com\/fr\/marie\/costumes-de-mariage\/\" \/>\n<meta property=\"og:site_name\" content=\"Koonings\" \/>\n<meta property=\"article:publisher\" content=\"https:\/\/www.facebook.com\/kooningstheweddingpalace\" \/>\n<meta property=\"article:modified_time\" content=\"2025-09-29T09:53:40+00:00\" \/>\n<meta property=\"og:image\" content=\"https:\/\/www.koonings.com\/wp-content\/uploads\/2024\/06\/palace-hero-screenshot-1024x575.png\" \/>\n\t<meta property=\"og:image:width\" content=\"1024\" \/>\n\t<meta property=\"og:image:height\" content=\"575\" \/>\n\t<meta property=\"og:image:type\" content=\"image\/png\" \/>\n<meta name=\"twitter:card\" content=\"summary_large_image\" \/>\n<meta name=\"twitter:label1\" content=\"Dur\u00e9e de lecture estim\u00e9e\" \/>\n\t<meta name=\"twitter:data1\" content=\"5 minutes\" \/>\n<script type=\"application\/ld+json\" class=\"yoast-schema-graph\">{\"@context\":\"https:\/\/schema.org\",\"@graph\":[{\"@type\":\"WebPage\",\"@id\":\"https:\/\/www.koonings.com\/fr\/marie\/costumes-de-mariage\/\",\"url\":\"https:\/\/www.koonings.com\/fr\/marie\/costumes-de-mariage\/\",\"name\":\"Trouvez votre costume de mariage sur mesure | Koonings\",\"isPartOf\":{\"@id\":\"https:\/\/www.koonings.com\/fr\/#website\"},\"datePublished\":\"2024-07-17T15:18:28+00:00\",\"dateModified\":\"2025-09-29T09:53:40+00:00\",\"description\":\"Vous \u00eates \u00e0 la recherche du costume de mariage id\u00e9al ? Chez Koonings, vous trouverez des costumes de mariage classiques et tendance de cr\u00e9ateurs internationaux \u2714\ufe0fUnieke collection \u2714\ufe0fErvaren stylistes\",\"breadcrumb\":{\"@id\":\"https:\/\/www.koonings.com\/fr\/marie\/costumes-de-mariage\/#breadcrumb\"},\"inLanguage\":\"fr-FR\",\"potentialAction\":[{\"@type\":\"ReadAction\",\"target\":[\"https:\/\/www.koonings.com\/fr\/marie\/costumes-de-mariage\/\"]}]},{\"@type\":\"BreadcrumbList\",\"@id\":\"https:\/\/www.koonings.com\/fr\/marie\/costumes-de-mariage\/#breadcrumb\",\"itemListElement\":[{\"@type\":\"ListItem\",\"position\":1,\"name\":\"Home\",\"item\":\"https:\/\/www.koonings.com\/fr\/\"},{\"@type\":\"ListItem\",\"position\":2,\"name\":\"Mari\u00e9\",\"item\":\"https:\/\/www.koonings.com\/fr\/marie\/\"},{\"@type\":\"ListItem\",\"position\":3,\"name\":\"Costumes de mariage\"}]},{\"@type\":\"WebSite\",\"@id\":\"https:\/\/www.koonings.com\/fr\/#website\",\"url\":\"https:\/\/www.koonings.com\/fr\/\",\"name\":\"Koonings\",\"description\":\"De grootste bruidsmodewinkel ter wereld\",\"publisher\":{\"@id\":\"https:\/\/www.koonings.com\/fr\/#organization\"},\"potentialAction\":[{\"@type\":\"SearchAction\",\"target\":{\"@type\":\"EntryPoint\",\"urlTemplate\":\"https:\/\/www.koonings.com\/fr\/?s={search_term_string}\"},\"query-input\":{\"@type\":\"PropertyValueSpecification\",\"valueRequired\":true,\"valueName\":\"search_term_string\"}}],\"inLanguage\":\"fr-FR\"},{\"@type\":\"Organization\",\"@id\":\"https:\/\/www.koonings.com\/fr\/#organization\",\"name\":\"Koonings\",\"url\":\"https:\/\/www.koonings.com\/fr\/\",\"logo\":{\"@type\":\"ImageObject\",\"inLanguage\":\"fr-FR\",\"@id\":\"https:\/\/www.koonings.com\/fr\/#\/schema\/logo\/image\/\",\"url\":\"https:\/\/www.koonings.com\/wp-content\/uploads\/2024\/07\/logo.png\",\"contentUrl\":\"https:\/\/www.koonings.com\/wp-content\/uploads\/2024\/07\/logo.png\",\"width\":600,\"height\":428,\"caption\":\"Koonings\"},\"image\":{\"@id\":\"https:\/\/www.koonings.com\/fr\/#\/schema\/logo\/image\/\"},\"sameAs\":[\"https:\/\/www.facebook.com\/kooningstheweddingpalace\",\"https:\/\/www.instagram.com\/kooningstheweddingpalace\",\"https:\/\/www.pinterest.com\/koonings\",\"https:\/\/www.youtube.com\/kooningstheweddingpalace\"]}]}<\/script>\n<!-- \/ Yoast SEO plugin. -->","yoast_head_json":{"title":"Trouvez votre costume de mariage sur mesure | Koonings","description":"Vous \u00eates \u00e0 la recherche du costume de mariage id\u00e9al ? Chez Koonings, vous trouverez des costumes de mariage classiques et tendance de cr\u00e9ateurs internationaux \u2714\ufe0fUnieke collection \u2714\ufe0fErvaren stylistes","robots":{"index":"index","follow":"follow","max-snippet":"max-snippet:-1","max-image-preview":"max-image-preview:large","max-video-preview":"max-video-preview:-1"},"canonical":"https:\/\/www.koonings.com\/fr\/marie\/costumes-de-mariage\/","og_locale":"fr_FR","og_type":"article","og_title":"Trouvez votre costume de mariage sur mesure | Koonings","og_description":"Vous \u00eates \u00e0 la recherche du costume de mariage id\u00e9al ? Chez Koonings, vous trouverez des costumes de mariage classiques et tendance de cr\u00e9ateurs internationaux \u2714\ufe0fUnieke collection \u2714\ufe0fErvaren stylistes","og_url":"https:\/\/www.koonings.com\/fr\/marie\/costumes-de-mariage\/","og_site_name":"Koonings","article_publisher":"https:\/\/www.facebook.com\/kooningstheweddingpalace","article_modified_time":"2025-09-29T09:53:40+00:00","og_image":[{"width":1024,"height":575,"url":"https:\/\/www.koonings.com\/wp-content\/uploads\/2024\/06\/palace-hero-screenshot-1024x575.png","type":"image\/png"}],"twitter_card":"summary_large_image","twitter_misc":{"Dur\u00e9e de lecture estim\u00e9e":"5 minutes"},"schema":{"@context":"https:\/\/schema.org","@graph":[{"@type":"WebPage","@id":"https:\/\/www.koonings.com\/fr\/marie\/costumes-de-mariage\/","url":"https:\/\/www.koonings.com\/fr\/marie\/costumes-de-mariage\/","name":"Trouvez votre costume de mariage sur mesure | Koonings","isPartOf":{"@id":"https:\/\/www.koonings.com\/fr\/#website"},"datePublished":"2024-07-17T15:18:28+00:00","dateModified":"2025-09-29T09:53:40+00:00","description":"Vous \u00eates \u00e0 la recherche du costume de mariage id\u00e9al ? Chez Koonings, vous trouverez des costumes de mariage classiques et tendance de cr\u00e9ateurs internationaux \u2714\ufe0fUnieke collection \u2714\ufe0fErvaren stylistes","breadcrumb":{"@id":"https:\/\/www.koonings.com\/fr\/marie\/costumes-de-mariage\/#breadcrumb"},"inLanguage":"fr-FR","potentialAction":[{"@type":"ReadAction","target":["https:\/\/www.koonings.com\/fr\/marie\/costumes-de-mariage\/"]}]},{"@type":"BreadcrumbList","@id":"https:\/\/www.koonings.com\/fr\/marie\/costumes-de-mariage\/#breadcrumb","itemListElement":[{"@type":"ListItem","position":1,"name":"Home","item":"https:\/\/www.koonings.com\/fr\/"},{"@type":"ListItem","position":2,"name":"Mari\u00e9","item":"https:\/\/www.koonings.com\/fr\/marie\/"},{"@type":"ListItem","position":3,"name":"Costumes de mariage"}]},{"@type":"WebSite","@id":"https:\/\/www.koonings.com\/fr\/#website","url":"https:\/\/www.koonings.com\/fr\/","name":"Koonings","description":"De grootste bruidsmodewinkel ter wereld","publisher":{"@id":"https:\/\/www.koonings.com\/fr\/#organization"},"potentialAction":[{"@type":"SearchAction","target":{"@type":"EntryPoint","urlTemplate":"https:\/\/www.koonings.com\/fr\/?s={search_term_string}"},"query-input":{"@type":"PropertyValueSpecification","valueRequired":true,"valueName":"search_term_string"}}],"inLanguage":"fr-FR"},{"@type":"Organization","@id":"https:\/\/www.koonings.com\/fr\/#organization","name":"Koonings","url":"https:\/\/www.koonings.com\/fr\/","logo":{"@type":"ImageObject","inLanguage":"fr-FR","@id":"https:\/\/www.koonings.com\/fr\/#\/schema\/logo\/image\/","url":"https:\/\/www.koonings.com\/wp-content\/uploads\/2024\/07\/logo.png","contentUrl":"https:\/\/www.koonings.com\/wp-content\/uploads\/2024\/07\/logo.png","width":600,"height":428,"caption":"Koonings"},"image":{"@id":"https:\/\/www.koonings.com\/fr\/#\/schema\/logo\/image\/"},"sameAs":["https:\/\/www.facebook.com\/kooningstheweddingpalace","https:\/\/www.instagram.com\/kooningstheweddingpalace","https:\/\/www.pinterest.com\/koonings","https:\/\/www.youtube.com\/kooningstheweddingpalace"]}]}},"_links":{"self":[{"href":"https:\/\/www.koonings.com\/fr\/wp-json\/wp\/v2\/pages\/16558","targetHints":{"allow":["GET"]}}],"collection":[{"href":"https:\/\/www.koonings.com\/fr\/wp-json\/wp\/v2\/pages"}],"about":[{"href":"https:\/\/www.koonings.com\/fr\/wp-json\/wp\/v2\/types\/page"}],"author":[{"embeddable":true,"href":"https:\/\/www.koonings.com\/fr\/wp-json\/wp\/v2\/users\/1"}],"replies":[{"embeddable":true,"href":"https:\/\/www.koonings.com\/fr\/wp-json\/wp\/v2\/comments?post=16558"}],"version-history":[{"count":7,"href":"https:\/\/www.koonings.com\/fr\/wp-json\/wp\/v2\/pages\/16558\/revisions"}],"predecessor-version":[{"id":98461,"href":"https:\/\/www.koonings.com\/fr\/wp-json\/wp\/v2\/pages\/16558\/revisions\/98461"}],"up":[{"embeddable":true,"href":"https:\/\/www.koonings.com\/fr\/wp-json\/wp\/v2\/pages\/16553"}],"wp:attachment":[{"href":"https:\/\/www.koonings.com\/fr\/wp-json\/wp\/v2\/media?parent=16558"}],"curies":[{"name":"wp","href":"https:\/\/api.w.org\/{rel}","templated":true}]}}