{"id":16556,"date":"2024-06-26T16:58:16","date_gmt":"2024-06-26T14:58:16","guid":{"rendered":"https:\/\/www.koonings.com\/mariee\/robes-de-mariee\/"},"modified":"2026-02-06T10:45:42","modified_gmt":"2026-02-06T09:45:42","slug":"robes-de-mariee","status":"publish","type":"page","link":"https:\/\/www.koonings.com\/fr\/mariee\/robes-de-mariee\/","title":{"rendered":"Robes de mari\u00e9e"},"content":{"rendered":"\r\n\r\n<div class=\"eye-element fullwidth-row alignfull style-both bg--none  alignfull \" style=\" \">\r\n\r\n    <div class=\"container\">\r\n        <div class=\"row\">\r\n            <div class=\"col-12\">\r\n                <div class=\"acf-innerblocks-container\">\n\n<h1 class=\"wp-block-heading\" id=\"trouwjurken\">Robes de mari\u00e9e<\/h1>\n\n\n\n<p>D\u00e9couvrez d\u00e8s \u00e0 pr\u00e9sent l&#8217;\u00e9tonnante collection. Avec plus de 4 500 robes de mari\u00e9e, vous aurez l&#8217;embarras du choix dans tous les styles et toutes les tailles. Vous pouvez trouver la robe de vos r\u00eaves \u00e0 partir de 1495 \u20ac. Sur cette page, vous ne trouverez qu&#8217;une indication de l&#8217;assortiment, alors passez nous voir et ne manquez pas la robe de vos r\u00eaves !   <\/p>\n\n\n\n<p>Vous cherchez de l&#8217;inspiration pour votre robe de mari\u00e9e ? <a href=\"https:\/\/www.koonings.com\/fr\/creez-un-tableau-dhumeur\/\">Cr\u00e9ez votre mood board<\/a> et d\u00e9couvrez votre look parfait !<\/p>\n\n\n\r\n<section class=\"eye-block productsindex\">\r\n\r\n    \r\n        <h2 style=\"text-align: center\">PRODUCTOVERZICHT<\/h2>\r\n\r\n    \r\n<\/section>\r\n\r\n\r\n\r\n<section class=\"product_filter_text\">\r\n    <\/section>\n<\/div>\r\n            <\/div>\r\n        <\/div>\r\n    <\/div>\r\n\r\n<\/div>\r\n\r\n    \r\n\r\n<div class=\"eye-element fullwidth-row alignfull style-both bg--none  alignfull \" style=\" \">\r\n\r\n    <div class=\"container\">\r\n        <div class=\"row\">\r\n            <div class=\"col-12\">\r\n                <div class=\"acf-innerblocks-container\">\n\n<h2 class=\"wp-block-heading\" id=\"vind-de-trouwjurk-van-jouw-dromen-bij-koonings\">Trouvez la robe de mari\u00e9e de vos r\u00eaves chez Koonings<\/h2>\n\n\n\n<p>Le moment est arriv\u00e9 : vous allez vous marier ! Et bien s\u00fbr, votre impatience commence par le choix de la robe de mari\u00e9e parfaite. Peut-\u00eatre avez-vous d\u00e9j\u00e0 une id\u00e9e pr\u00e9cise du type de robe de mari\u00e9e que vous souhaitez acheter, ou peut-\u00eatre \u00eates-vous quelqu&#8217;un qui garde encore toutes les options ouvertes pour le moment o\u00f9 vous direz &#8221; oui &#8220;. Dans tous les cas, nous sommes l\u00e0 pour vous.     <\/p>\n\n\n\n<p>Plongez dans le monde magique des robes de mari\u00e9e. Une exp\u00e9rience de shopping que vous ne vivrez nulle part ailleurs dans le monde. D\u00e9couvrez l&#8217;immense collection dans laquelle vous \u00eates assur\u00e9e de trouver la robe de vos r\u00eaves.    <\/p>\n\n\n\n<p>Lors d&#8217;une visite dans notre magasin de robes de mari\u00e9e, l&#8217;une de nos stylistes exp\u00e9riment\u00e9es vous accompagnera et fera de la recherche de la plus belle robe de mari\u00e9e une exp\u00e9rience \u00e0 part enti\u00e8re. Nous prenons le temps de vous conna\u00eetre et de d\u00e9couvrir le style de robe de mari\u00e9e qui vous convient le mieux en tant que personne et en fonction de votre silhouette. <\/p>\n\n\n\n<h2 class=\"wp-block-heading\" id=\"trouwjurken-van-topmerken-ontdek-de-uitgebreide-collectie-bruidsjurken\"><strong>Robes de mari\u00e9e de grandes marques : D\u00e9couvrez la vaste collection de robes de mari\u00e9e<\/strong><\/h2>\n\n\n\n<p>Dans nos salles d&#8217;exposition sp\u00e9cialement d\u00e9cor\u00e9es et pleines d&#8217;ambiance, laissez-vous inspirer par des marques de mariage renomm\u00e9es telles que <a href=\"https:\/\/www.koonings.com\/fr\/mariee\/robes-de-mariee\/?supplier=ladybird\">Ladybird<\/a>, <a href=\"https:\/\/www.koonings.com\/fr\/mariee\/robes-de-mariee\/?supplier=enzoani\">Enzoani<\/a>, <a href=\"https:\/\/www.koonings.com\/fr\/mariee\/robes-de-mariee\/?supplier=demetrios\">Demetrios<\/a>, <a href=\"https:\/\/www.koonings.com\/fr\/mariee\/robes-de-mariee\/?supplier=viktor-rolf\">Viktor &amp; Rolf<\/a>, <a href=\"https:\/\/www.koonings.com\/fr\/mariee\/robes-de-mariee\/?supplier=marylise\">Rembo Styling<\/a>, <a href=\"https:\/\/www.koonings.com\/fr\/mariee\/robes-de-mariee\/?supplier=marylise\">Marylise<\/a>, <a href=\"https:\/\/www.koonings.com\/fr\/mariee\/robes-de-mariee\/?supplier=modeca\">Modeca<\/a>, <a href=\"https:\/\/www.koonings.com\/fr\/mariee\/robes-de-mariee\/?supplier=nicole-milano\">Nicole<\/a>, <a href=\"https:\/\/www.koonings.com\/fr\/mariee\/robes-de-mariee\/?supplier=muse-by-berta\">Berta<\/a>, <a href=\"https:\/\/www.koonings.com\/fr\/mariee\/robes-de-mariee\/?supplier=pronovias-fashion-group\">Jesus Peiro<\/a> et <a href=\"https:\/\/www.koonings.com\/fr\/mariee\/robes-de-mariee\/?supplier=pronovias\">Pronovias<\/a>.  <br\/><br\/>Vous recherchez par exemple une robe de mari\u00e9e classique ou une robe de mari\u00e9e plus moderne ? Chez Koonings, vous trouverez tous les styles. De l&#8217;a-line au boho, du vintage au color\u00e9, ou des robes de mari\u00e9e sexy aux robes de mari\u00e9e deux pi\u00e8ces.    <\/p>\n\n\n\n<p>Vous n&#8217;avez pas encore d&#8217;id\u00e9e ? Votre styliste personnel vous aidera \u00e0 trouver et \u00e0 essayer la robe de mari\u00e9e parfaite. <br\/> <\/p>\n\n\n\n<h2 class=\"wp-block-heading\" id=\"ontwerp-je-eigen-unieke-bruidsjurk-met-ramona\">Cr\u00e9ez votre propre robe de mari\u00e9e avec Ramona<\/h2>\n\n\n\n<p>En tant qu&#8217;\u00e9quipe, nous prenons un grand plaisir \u00e0 servir les mari\u00e9es du monde entier. Et avec plus de 50 ans d&#8217;exp\u00e9rience, nous avons les connaissances et les comp\u00e9tences n\u00e9cessaires pour aider tout le monde \u00e0 r\u00e9ussir. En tant que plus grand magasin de robes de mari\u00e9e au monde, les possibilit\u00e9s sont sans pr\u00e9c\u00e9dent. Nos stylistes qualifi\u00e9s travaillent dur pour trouver la robe de mari\u00e9e parfaite pour vous.     <\/p>\n\n\n\n<p>Vous r\u00eavez de cr\u00e9er votre propre robe de mari\u00e9e ? C&#8217;est \u00e9galement possible chez Koonings. Avec Ramona, vous concevrez votre robe de mari\u00e9e unique.    <\/p>\n\n\n\n<h2 class=\"wp-block-heading\" id=\"hoe-kies-je-de-perfecte-bruidsjurk-die-bij-jou-past\">Comment choisir la robe de mari\u00e9e qui vous convient le mieux ?<\/h2>\n\n\n\n<p>Le plus beau jour de votre vie m\u00e9rite la plus belle robe dans laquelle vous rayonnez de confiance et vous vous sentez belle. Mais comment choisir la robe de mari\u00e9e parfaite ? <\/p>\n\n\n\n<ul class=\"wp-block-list\">\n<li><strong>Commencez \u00e0 temps :<\/strong> commencez \u00e0 chercher une robe de mari\u00e9e longtemps \u00e0 l&#8217;avance, de pr\u00e9f\u00e9rence 9 \u00e0 12 mois avant la date de votre mariage. Vous disposerez ainsi de suffisamment de temps pour proc\u00e9der \u00e0 des ajustements et \u00e0 des modifications de la robe. <\/li>\n\n\n\n<li><strong>Cr\u00e9ez un tableau d&#8217;humeur : <\/strong>sur notre site, vous pouvez d\u00e9j\u00e0 faire d\u00e9filer un grand nombre de robes de mari\u00e9e. Sauvegardez-les et apportez-les lors de votre rendez-vous. Vous donnerez ainsi \u00e0 notre styliste une bonne id\u00e9e de ce que vous recherchez.  <\/li>\n\n\n\n<li><strong>D\u00e9terminez votre budget : <\/strong>fixez un budget r\u00e9aliste pour votre robe de mari\u00e9e, y compris les accessoires tels que le voile et les chaussures.<\/li>\n\n\n\n<li><strong>Restez ouverte d&#8217;esprit :<\/strong> essayez diff\u00e9rentes robes m\u00eame si elles ne correspondent pas \u00e0 votre vision initiale. Parfois, une robe vous surprend et vous va parfaitement. <\/li>\n\n\n\n<li><strong>Demandez l&#8217;aide de professionnels :<\/strong> un styliste de mariage exp\u00e9riment\u00e9 poss\u00e8de une connaissance approfondie des robes de mari\u00e9e et peut vous aider \u00e0 trouver les styles et les coupes qui vous conviennent le mieux.<\/li>\n<\/ul>\n\n\n\n<h3 class=\"wp-block-heading\" id=\"onze-bruidsjurkexperts-maak-kennis-met-onze-ervaren-stylistes\">Nos experts en robes de mari\u00e9e : rencontrez nos stylistes exp\u00e9riment\u00e9s<\/h3>\n\n\n\n<p>M\u00eame si vous savez d\u00e9j\u00e0 exactement ce que vous voulez, avec <strong>plus de 4 000 robes de mari\u00e9e<\/strong> sous un m\u00eame toit, vous pouvez toujours utiliser l&#8217;aide de nos stylistes. Nos stylistes exp\u00e9riment\u00e9s savent exactement quelles robes conviennent le mieux en fonction de votre morphologie, de vos pr\u00e9f\u00e9rences en mati\u00e8re de style et de votre budget. Gr\u00e2ce \u00e0 leur connaissance approfondie des robes de mari\u00e9e, \u00e0 leur regard neuf et \u00e0 leur connaissance des derni\u00e8res tendances et des mod\u00e8les intemporels, ils sont s\u00fbrs de trouver la robe de mari\u00e9e id\u00e9ale.  <\/p>\n\n\n\n<h2 class=\"wp-block-heading\" id=\"jouw-say-yes-moment-de-zoektocht-naar-de-perfecte-trouwjurk\">Votre &#8220;oui&#8221; : la recherche de la robe de mari\u00e9e parfaite<\/h2>\n\n\n\n<p>Vous souhaitez \u00e9galement vivre un v\u00e9ritable moment de &#8220;oui&#8221; ? Alors faites en sorte que la recherche de votre robe de mari\u00e9e soit encore plus sp\u00e9ciale ! <strong>Vivez votre r\u00eave comme une v\u00e9ritable VIP<\/strong>. Avec une cabine d&#8217;essayage priv\u00e9e, votre propre podium, un bar \u00e0 champagne et de d\u00e9licieuses collations, vous et votre entourage vivrez des moments inoubliables.  <br\/><br\/>Dans votre propre salon VIP, vous profiterez de tout le luxe pendant que vous chercherez la robe de mari\u00e9e de vos r\u00eaves avec votre styliste priv\u00e9e. \u00c0 l&#8217;approche du plus beau jour de votre vie, vous n&#8217;allez pas vous contenter de moins, n&#8217;est-ce pas ?   <\/p>\n\n\n\r\n<div class=\"eye-element bsbutton text-start \" >\r\n\t        <a class=\"btn btn-gold\" href=\"https:\/\/www.koonings.com\/fr\/prendre-un-rendez-vous\/\"\r\n           target=\"\">Prenez votre rendez-vous VIP maintenant<\/a>\r\n\t<\/div>\n\n\n<h2 class=\"wp-block-heading\" id=\"vind-voor-iedereen-een-outfit\">Trouvez une tenue pour chacun<\/h2>\n\n\n\n<p>Vous souhaitez que le costume de votre future \u00e9pouse soit parfaitement assorti \u00e0 votre robe de mari\u00e9e ? Nos stylistes veilleront \u00e0 ce que vous et votre future \u00e9pouse soyez parfaitement assortis, sans que vous ayez d\u00e9j\u00e0 vu vos tenues de mariage respectives. Le styliste se fera un plaisir de parcourir ces m\u00e8tres suppl\u00e9mentaires dans l&#8217;all\u00e9e pour s&#8217;assurer que vous apparaissez \u00e0 l&#8217;autel dans votre propre style, mais que vous \u00eates assortis l&#8217;un \u00e0 l&#8217;autre.  <\/p>\n\n\n\n<p>Vos demoiselles d&#8217;honneur sont elles aussi \u00e0 la bonne adresse. Quoi de mieux que de faire sa grande entr\u00e9e en tant que mari\u00e9e avec une demoiselle d&#8217;honneur ? Elle vous pr\u00e9c\u00e8de dans l&#8217;all\u00e9e et porte une robe du m\u00eame style ou de la m\u00eame couleur que votre robe de mari\u00e9e.  <\/p>\n\n\n\n<h2 class=\"wp-block-heading\" id=\"word-volledig-ontzorgd-met-alles-onder-1-dak\">Soyez totalement d\u00e9charg\u00e9 en ayant tout sous un m\u00eame toit<\/h2>\n\n\n\n<p>L&#8217;un des \u00e9l\u00e9ments les plus importants de votre look de mariage est une <strong>belle coiffure de mari\u00e9e et un maquillage de mari\u00e9e impeccable<\/strong>. Et quoi de mieux que d&#8217;assortir votre look directement \u00e0 votre robe de mari\u00e9e ? L&#8217;\u00e9quipe de maquilleurs et de coiffeurs de Koonings Beauty &amp; Hair est impatiente de vous faire briller lors de votre mariage. Et le jour de votre mariage, nous nous d\u00e9pla\u00e7ons volontiers chez vous pour vous pr\u00e9parer en toute tranquillit\u00e9 \u00e0 la journ\u00e9e de vos r\u00eaves.     <\/p>\n\n\n\n<p>Le jour de votre mariage est le moment que vous voulez toujours regarder en arri\u00e8re avec amour et fiert\u00e9. Le choix de la robe de mari\u00e9e id\u00e9ale est une exp\u00e9rience unique. Vous voulez \u00eatre s\u00fbre de n&#8217;avoir manqu\u00e9 aucune occasion, n&#8217;est-ce pas ? Assurez-vous de briller dans une robe de mari\u00e9e qui refl\u00e8te votre personnalit\u00e9, en montrant la plus belle version de vous-m\u00eame. Ne manquez pas cette occasion et prenez rendez-vous d\u00e8s aujourd&#8217;hui !    <\/p>\n\n\n\r\n<div class=\"eye-element bsbutton text-start \" >\r\n\t        <a class=\"btn btn-gold\" href=\"https:\/\/www.koonings.com\/fr\/prendre-un-rendez-vous\/\"\r\n           target=\"\">Prenez rendez-vous<\/a>\r\n\t<\/div>\n<\/div>\r\n            <\/div>\r\n        <\/div>\r\n    <\/div>\r\n\r\n<\/div>\r\n\r\n    ","protected":false},"excerpt":{"rendered":"","protected":false},"author":1,"featured_media":0,"parent":16545,"menu_order":0,"comment_status":"closed","ping_status":"closed","template":"","meta":{"_acf_changed":false,"ghostkit_customizer_options":"","ghostkit_custom_css":"","ghostkit_custom_js_head":"","ghostkit_custom_js_foot":"","ghostkit_typography":"","footnotes":""},"class_list":["post-16556","page","type-page","status-publish","hentry"],"acf":[],"yoast_head":"<!-- This site is optimized with the Yoast SEO plugin v27.3 - https:\/\/yoast.com\/product\/yoast-seo-wordpress\/ -->\n<title>Robes de mari\u00e9e | Koonings<\/title>\n<meta name=\"robots\" content=\"index, follow, max-snippet:-1, max-image-preview:large, max-video-preview:-1\" \/>\n<link rel=\"canonical\" href=\"https:\/\/www.koonings.com\/fr\/mariee\/robes-de-mariee\/\" \/>\n<meta property=\"og:locale\" content=\"fr_FR\" \/>\n<meta property=\"og:type\" content=\"article\" \/>\n<meta property=\"og:title\" content=\"Robes de mari\u00e9e | Koonings\" \/>\n<meta property=\"og:url\" content=\"https:\/\/www.koonings.com\/fr\/mariee\/robes-de-mariee\/\" \/>\n<meta property=\"og:site_name\" content=\"Koonings\" \/>\n<meta property=\"article:publisher\" content=\"https:\/\/www.facebook.com\/kooningstheweddingpalace\" \/>\n<meta property=\"article:modified_time\" content=\"2026-02-06T09:45:42+00:00\" \/>\n<meta property=\"og:image\" content=\"https:\/\/www.koonings.com\/wp-content\/uploads\/2024\/06\/palace-hero-screenshot-1024x575.png\" \/>\n\t<meta property=\"og:image:width\" content=\"1024\" \/>\n\t<meta property=\"og:image:height\" content=\"575\" \/>\n\t<meta property=\"og:image:type\" content=\"image\/png\" \/>\n<meta name=\"twitter:card\" content=\"summary_large_image\" \/>\n<meta name=\"twitter:label1\" content=\"Dur\u00e9e de lecture estim\u00e9e\" \/>\n\t<meta name=\"twitter:data1\" content=\"6 minutes\" \/>\n<script type=\"application\/ld+json\" class=\"yoast-schema-graph\">{\"@context\":\"https:\\\/\\\/schema.org\",\"@graph\":[{\"@type\":\"WebPage\",\"@id\":\"https:\\\/\\\/www.koonings.com\\\/fr\\\/mariee\\\/robes-de-mariee\\\/\",\"url\":\"https:\\\/\\\/www.koonings.com\\\/fr\\\/mariee\\\/robes-de-mariee\\\/\",\"name\":\"Robes de mari\u00e9e | Koonings\",\"isPartOf\":{\"@id\":\"https:\\\/\\\/www.koonings.com\\\/fr\\\/#website\"},\"datePublished\":\"2024-06-26T14:58:16+00:00\",\"dateModified\":\"2026-02-06T09:45:42+00:00\",\"breadcrumb\":{\"@id\":\"https:\\\/\\\/www.koonings.com\\\/fr\\\/mariee\\\/robes-de-mariee\\\/#breadcrumb\"},\"inLanguage\":\"fr-FR\",\"potentialAction\":[{\"@type\":\"ReadAction\",\"target\":[\"https:\\\/\\\/www.koonings.com\\\/fr\\\/mariee\\\/robes-de-mariee\\\/\"]}]},{\"@type\":\"BreadcrumbList\",\"@id\":\"https:\\\/\\\/www.koonings.com\\\/fr\\\/mariee\\\/robes-de-mariee\\\/#breadcrumb\",\"itemListElement\":[{\"@type\":\"ListItem\",\"position\":1,\"name\":\"Home\",\"item\":\"https:\\\/\\\/www.koonings.com\\\/fr\\\/\"},{\"@type\":\"ListItem\",\"position\":2,\"name\":\"Mari\u00e9e\",\"item\":\"https:\\\/\\\/www.koonings.com\\\/fr\\\/mariee\\\/\"},{\"@type\":\"ListItem\",\"position\":3,\"name\":\"Robes de mari\u00e9e\"}]},{\"@type\":\"WebSite\",\"@id\":\"https:\\\/\\\/www.koonings.com\\\/fr\\\/#website\",\"url\":\"https:\\\/\\\/www.koonings.com\\\/fr\\\/\",\"name\":\"Koonings\",\"description\":\"De grootste bruidsmodewinkel ter wereld\",\"publisher\":{\"@id\":\"https:\\\/\\\/www.koonings.com\\\/fr\\\/#organization\"},\"potentialAction\":[{\"@type\":\"SearchAction\",\"target\":{\"@type\":\"EntryPoint\",\"urlTemplate\":\"https:\\\/\\\/www.koonings.com\\\/fr\\\/?s={search_term_string}\"},\"query-input\":{\"@type\":\"PropertyValueSpecification\",\"valueRequired\":true,\"valueName\":\"search_term_string\"}}],\"inLanguage\":\"fr-FR\"},{\"@type\":\"Organization\",\"@id\":\"https:\\\/\\\/www.koonings.com\\\/fr\\\/#organization\",\"name\":\"Koonings\",\"url\":\"https:\\\/\\\/www.koonings.com\\\/fr\\\/\",\"logo\":{\"@type\":\"ImageObject\",\"inLanguage\":\"fr-FR\",\"@id\":\"https:\\\/\\\/www.koonings.com\\\/fr\\\/#\\\/schema\\\/logo\\\/image\\\/\",\"url\":\"https:\\\/\\\/www.koonings.com\\\/wp-content\\\/uploads\\\/2024\\\/07\\\/logo.png\",\"contentUrl\":\"https:\\\/\\\/www.koonings.com\\\/wp-content\\\/uploads\\\/2024\\\/07\\\/logo.png\",\"width\":600,\"height\":428,\"caption\":\"Koonings\"},\"image\":{\"@id\":\"https:\\\/\\\/www.koonings.com\\\/fr\\\/#\\\/schema\\\/logo\\\/image\\\/\"},\"sameAs\":[\"https:\\\/\\\/www.facebook.com\\\/kooningstheweddingpalace\",\"https:\\\/\\\/www.instagram.com\\\/kooningstheweddingpalace\",\"https:\\\/\\\/www.pinterest.com\\\/koonings\",\"https:\\\/\\\/www.youtube.com\\\/kooningstheweddingpalace\"]}]}<\/script>\n<!-- \/ Yoast SEO plugin. -->","yoast_head_json":{"title":"Robes de mari\u00e9e | Koonings","robots":{"index":"index","follow":"follow","max-snippet":"max-snippet:-1","max-image-preview":"max-image-preview:large","max-video-preview":"max-video-preview:-1"},"canonical":"https:\/\/www.koonings.com\/fr\/mariee\/robes-de-mariee\/","og_locale":"fr_FR","og_type":"article","og_title":"Robes de mari\u00e9e | Koonings","og_url":"https:\/\/www.koonings.com\/fr\/mariee\/robes-de-mariee\/","og_site_name":"Koonings","article_publisher":"https:\/\/www.facebook.com\/kooningstheweddingpalace","article_modified_time":"2026-02-06T09:45:42+00:00","og_image":[{"width":1024,"height":575,"url":"https:\/\/www.koonings.com\/wp-content\/uploads\/2024\/06\/palace-hero-screenshot-1024x575.png","type":"image\/png"}],"twitter_card":"summary_large_image","twitter_misc":{"Dur\u00e9e de lecture estim\u00e9e":"6 minutes"},"schema":{"@context":"https:\/\/schema.org","@graph":[{"@type":"WebPage","@id":"https:\/\/www.koonings.com\/fr\/mariee\/robes-de-mariee\/","url":"https:\/\/www.koonings.com\/fr\/mariee\/robes-de-mariee\/","name":"Robes de mari\u00e9e | Koonings","isPartOf":{"@id":"https:\/\/www.koonings.com\/fr\/#website"},"datePublished":"2024-06-26T14:58:16+00:00","dateModified":"2026-02-06T09:45:42+00:00","breadcrumb":{"@id":"https:\/\/www.koonings.com\/fr\/mariee\/robes-de-mariee\/#breadcrumb"},"inLanguage":"fr-FR","potentialAction":[{"@type":"ReadAction","target":["https:\/\/www.koonings.com\/fr\/mariee\/robes-de-mariee\/"]}]},{"@type":"BreadcrumbList","@id":"https:\/\/www.koonings.com\/fr\/mariee\/robes-de-mariee\/#breadcrumb","itemListElement":[{"@type":"ListItem","position":1,"name":"Home","item":"https:\/\/www.koonings.com\/fr\/"},{"@type":"ListItem","position":2,"name":"Mari\u00e9e","item":"https:\/\/www.koonings.com\/fr\/mariee\/"},{"@type":"ListItem","position":3,"name":"Robes de mari\u00e9e"}]},{"@type":"WebSite","@id":"https:\/\/www.koonings.com\/fr\/#website","url":"https:\/\/www.koonings.com\/fr\/","name":"Koonings","description":"De grootste bruidsmodewinkel ter wereld","publisher":{"@id":"https:\/\/www.koonings.com\/fr\/#organization"},"potentialAction":[{"@type":"SearchAction","target":{"@type":"EntryPoint","urlTemplate":"https:\/\/www.koonings.com\/fr\/?s={search_term_string}"},"query-input":{"@type":"PropertyValueSpecification","valueRequired":true,"valueName":"search_term_string"}}],"inLanguage":"fr-FR"},{"@type":"Organization","@id":"https:\/\/www.koonings.com\/fr\/#organization","name":"Koonings","url":"https:\/\/www.koonings.com\/fr\/","logo":{"@type":"ImageObject","inLanguage":"fr-FR","@id":"https:\/\/www.koonings.com\/fr\/#\/schema\/logo\/image\/","url":"https:\/\/www.koonings.com\/wp-content\/uploads\/2024\/07\/logo.png","contentUrl":"https:\/\/www.koonings.com\/wp-content\/uploads\/2024\/07\/logo.png","width":600,"height":428,"caption":"Koonings"},"image":{"@id":"https:\/\/www.koonings.com\/fr\/#\/schema\/logo\/image\/"},"sameAs":["https:\/\/www.facebook.com\/kooningstheweddingpalace","https:\/\/www.instagram.com\/kooningstheweddingpalace","https:\/\/www.pinterest.com\/koonings","https:\/\/www.youtube.com\/kooningstheweddingpalace"]}]}},"_links":{"self":[{"href":"https:\/\/www.koonings.com\/fr\/wp-json\/wp\/v2\/pages\/16556","targetHints":{"allow":["GET"]}}],"collection":[{"href":"https:\/\/www.koonings.com\/fr\/wp-json\/wp\/v2\/pages"}],"about":[{"href":"https:\/\/www.koonings.com\/fr\/wp-json\/wp\/v2\/types\/page"}],"author":[{"embeddable":true,"href":"https:\/\/www.koonings.com\/fr\/wp-json\/wp\/v2\/users\/1"}],"replies":[{"embeddable":true,"href":"https:\/\/www.koonings.com\/fr\/wp-json\/wp\/v2\/comments?post=16556"}],"version-history":[{"count":6,"href":"https:\/\/www.koonings.com\/fr\/wp-json\/wp\/v2\/pages\/16556\/revisions"}],"predecessor-version":[{"id":107369,"href":"https:\/\/www.koonings.com\/fr\/wp-json\/wp\/v2\/pages\/16556\/revisions\/107369"}],"up":[{"embeddable":true,"href":"https:\/\/www.koonings.com\/fr\/wp-json\/wp\/v2\/pages\/16545"}],"wp:attachment":[{"href":"https:\/\/www.koonings.com\/fr\/wp-json\/wp\/v2\/media?parent=16556"}],"curies":[{"name":"wp","href":"https:\/\/api.w.org\/{rel}","templated":true}]}}