{"id":16552,"date":"2024-07-17T17:35:24","date_gmt":"2024-07-17T15:35:24","guid":{"rendered":"https:\/\/www.koonings.com\/accessoires\/"},"modified":"2025-09-29T12:39:00","modified_gmt":"2025-09-29T10:39:00","slug":"accessoires","status":"publish","type":"page","link":"https:\/\/www.koonings.com\/fr\/marie\/accessoires\/","title":{"rendered":"Accessoires"},"content":{"rendered":"\r\n\r\n<div class=\"eye-element fullwidth-row alignfull style-both bg--none  alignfull \" style=\" \">\r\n\r\n    <div class=\"container\">\r\n        <div class=\"row\">\r\n            <div class=\"col-12\">\r\n                <div class=\"acf-innerblocks-container\">\n\n<h1 class=\"wp-block-heading has-text-align-center\" id=\"accessoires-voor-de-bruidegom\">Accessoires pour le mari\u00e9<\/h1>\n\n\n\n<p class=\"has-text-align-center\">Un bon costume fait impression, mais ce sont les accessoires qui font de vous un mari\u00e9. Des boutons de manchette \u00e9l\u00e9gants \u00e0 une cravate parfaitement nou\u00e9e, en passant par un \u00e9l\u00e9gant carr\u00e9 de poche et une montre remarquable, chaque d\u00e9tail contribue \u00e0 l&#8217;image que vous souhaitez donner de vous le jour J. <\/p>\n\n\n\r\n<div class=\"eye-block empty-space empty-space--medium pt-md-4 pb-md-4 pt-3 pb-3\" ><\/div>\n\n\r\n\r\n<div class=\"eye-element fullwidth-row alignfull style-both bg--none  alignfull \" style=\" \">\r\n\r\n    <div class=\"container\">\r\n        <div class=\"row\">\r\n            <div class=\"col-12\">\r\n                <div class=\"acf-innerblocks-container\">\n\n<pre class=\"wp-block-verse has-text-align-center\">Quels sont les accessoires qui compl\u00e8tent votre tenue ?<\/pre>\n\n<\/div>\r\n            <\/div>\r\n        <\/div>\r\n    <\/div>\r\n\r\n<\/div>\r\n\r\n    \n\n\n<div class=\"ghostkit-grid ghostkit-grid-gap-md\"><div class=\"ghostkit-grid-inner\">\n<div class=\"ghostkit-col ghostkit-col-md-12 ghostkit-col-6\"><div class=\"ghostkit-col-content is-layout-flow wp-block-ghostkit-grid-column-is-layout-flow\">\r\n<div class=\"eye-block empty-space empty-space--small pt-md-3 pb-md-3 pt-2 pb-2\" ><\/div>\n\n\n<h2 class=\"wp-block-heading\" id=\"stropdassen-strikken-plastrons\"><strong>Cravates, n\u0153uds et liens<\/strong><\/h2>\n\n\n\n<p>Serr\u00e9, ample ou traditionnel ? Le bon choix d\u00e9pend de votre costume, de votre journ\u00e9e et de votre style. Choisissez une cravate en soie, un n\u0153ud papillon en velours ou un luxueux plastron comme touche finale.  <\/p>\n<\/div><\/div>\n\n\n\n<div class=\"ghostkit-col ghostkit-col-md-12 ghostkit-col-6\"><div class=\"ghostkit-col-content is-layout-flow wp-block-ghostkit-grid-column-is-layout-flow\">\n<figure class=\"wp-block-image size-large\"><img decoding=\"async\" width=\"1024\" height=\"768\" src=\"https:\/\/www.koonings.com\/wp-content\/uploads\/2025\/05\/IMG_6672-1024x768.jpeg\" alt=\"\" class=\"wp-image-86272\" srcset=\"https:\/\/www.koonings.com\/wp-content\/uploads\/2025\/05\/IMG_6672-1024x768.jpeg 1024w, https:\/\/www.koonings.com\/wp-content\/uploads\/2025\/05\/IMG_6672-300x225.jpeg 300w, https:\/\/www.koonings.com\/wp-content\/uploads\/2025\/05\/IMG_6672-768x576.jpeg 768w, https:\/\/www.koonings.com\/wp-content\/uploads\/2025\/05\/IMG_6672-1536x1152.jpeg 1536w, https:\/\/www.koonings.com\/wp-content\/uploads\/2025\/05\/IMG_6672-2048x1536.jpeg 2048w\" sizes=\"(max-width: 1024px) 100vw, 1024px\" \/><\/figure>\n<\/div><\/div>\n<\/div><\/div>\n\n\n\r\n<div class=\"eye-block empty-space empty-space--medium pt-md-4 pb-md-4 pt-3 pb-3\" ><\/div>\n\n\r\n\r\n<div class=\"eye-element fullwidth-row alignfull style-both bg--none  alignfull \" style=\" \">\r\n\r\n    <div class=\"container\">\r\n        <div class=\"row\">\r\n            <div class=\"col-12\">\r\n                <div class=\"acf-innerblocks-container\">\n\n<div class=\"ghostkit-grid ghostkit-grid-gap-md\"><div class=\"ghostkit-grid-inner\">\n<div class=\"ghostkit-col ghostkit-col-md-12 ghostkit-col-6\"><div class=\"ghostkit-col-content is-layout-flow wp-block-ghostkit-grid-column-is-layout-flow\">\n<figure class=\"wp-block-image size-large\"><img decoding=\"async\" width=\"1024\" height=\"983\" src=\"https:\/\/www.koonings.com\/wp-content\/uploads\/2025\/05\/Koonings-Demi_s-Design-93-scaled-1-e1747748353159-1024x983.jpg\" alt=\"\" class=\"wp-image-86140\" srcset=\"https:\/\/www.koonings.com\/wp-content\/uploads\/2025\/05\/Koonings-Demi_s-Design-93-scaled-1-e1747748353159-1024x983.jpg 1024w, https:\/\/www.koonings.com\/wp-content\/uploads\/2025\/05\/Koonings-Demi_s-Design-93-scaled-1-e1747748353159-300x288.jpg 300w, https:\/\/www.koonings.com\/wp-content\/uploads\/2025\/05\/Koonings-Demi_s-Design-93-scaled-1-e1747748353159-768x737.jpg 768w, https:\/\/www.koonings.com\/wp-content\/uploads\/2025\/05\/Koonings-Demi_s-Design-93-scaled-1-e1747748353159-1536x1475.jpg 1536w, https:\/\/www.koonings.com\/wp-content\/uploads\/2025\/05\/Koonings-Demi_s-Design-93-scaled-1-e1747748353159.jpg 1702w\" sizes=\"(max-width: 1024px) 100vw, 1024px\" \/><\/figure>\n<\/div><\/div>\n\n\n\n<div class=\"ghostkit-col ghostkit-col-md-12 ghostkit-col-6\"><div class=\"ghostkit-col-content is-layout-flow wp-block-ghostkit-grid-column-is-layout-flow\">\r\n<div class=\"eye-block empty-space empty-space--small pt-md-3 pb-md-3 pt-2 pb-2\" ><\/div>\n\n\n<h2 class=\"wp-block-heading\" id=\"pochetten-dasspelden\"><strong>Palmes et \u00e9pingles \u00e0 cravate<\/strong><\/h2>\n\n\n\n<p>Un carr\u00e9 de poche est petit, mais il en dit long. Il apporte de la couleur, du style et de la personnalit\u00e9. Associez-le \u00e0 une \u00e9pingle \u00e0 cravate pour un clin d&#8217;\u0153il subtil \u00e0 la classe et \u00e0 la tradition.  <\/p>\n<\/div><\/div>\n<\/div><\/div>\n\n\n\r\n\r\n<div class=\"eye-element fullwidth-row alignfull style-both bg--none  alignfull \" style=\" \">\r\n\r\n    <div class=\"container\">\r\n        <div class=\"row\">\r\n            <div class=\"col-12\">\r\n                <div class=\"acf-innerblocks-container\">\n\n<div class=\"ghostkit-grid ghostkit-grid-gap-md\"><div class=\"ghostkit-grid-inner\">\n<div class=\"ghostkit-col ghostkit-col-md-12 ghostkit-col-6\"><div class=\"ghostkit-col-content is-layout-flow wp-block-ghostkit-grid-column-is-layout-flow\">\r\n<div class=\"eye-block empty-space empty-space--small pt-md-3 pb-md-3 pt-2 pb-2\" ><\/div>\n\n\n<h2 class=\"wp-block-heading\" id=\"horloges-manchetknopen\"><strong>Montres et boutons de manchette<\/strong><\/h2>\n\n\n\n<p>Intemporelle \u00e0 plus d&#8217;un titre : une montre ou une paire de boutons de manchette n&#8217;est pas seulement fonctionnelle, c&#8217;est aussi une d\u00e9claration de style. Optez pour ce qui vous convient &#8211; discret ou accrocheur, ancien ou nouveau. <\/p>\n<\/div><\/div>\n\n\n\n<div class=\"ghostkit-col ghostkit-col-md-12 ghostkit-col-6\"><div class=\"ghostkit-col-content is-layout-flow wp-block-ghostkit-grid-column-is-layout-flow\">\n<figure class=\"wp-block-image size-large\"><img decoding=\"async\" width=\"1024\" height=\"768\" src=\"https:\/\/www.koonings.com\/wp-content\/uploads\/2025\/05\/IMG_6603-1024x768.jpeg\" alt=\"\" class=\"wp-image-86280\" srcset=\"https:\/\/www.koonings.com\/wp-content\/uploads\/2025\/05\/IMG_6603-1024x768.jpeg 1024w, https:\/\/www.koonings.com\/wp-content\/uploads\/2025\/05\/IMG_6603-300x225.jpeg 300w, https:\/\/www.koonings.com\/wp-content\/uploads\/2025\/05\/IMG_6603-768x576.jpeg 768w, https:\/\/www.koonings.com\/wp-content\/uploads\/2025\/05\/IMG_6603-1536x1152.jpeg 1536w, https:\/\/www.koonings.com\/wp-content\/uploads\/2025\/05\/IMG_6603-2048x1536.jpeg 2048w\" sizes=\"(max-width: 1024px) 100vw, 1024px\" \/><\/figure>\n<\/div><\/div>\n<\/div><\/div>\n\n\n\r\n\r\n<div class=\"eye-element fullwidth-row alignfull style-both bg--none  alignfull \" style=\" \">\r\n\r\n    <div class=\"container\">\r\n        <div class=\"row\">\r\n            <div class=\"col-12\">\r\n                <div class=\"acf-innerblocks-container\">\n\n<div class=\"ghostkit-grid ghostkit-grid-gap-md\"><div class=\"ghostkit-grid-inner\">\n<div class=\"ghostkit-col ghostkit-col-md-12 ghostkit-col-6\"><div class=\"ghostkit-col-content is-layout-flow wp-block-ghostkit-grid-column-is-layout-flow\">\n<figure class=\"wp-block-image size-large\"><img decoding=\"async\" width=\"1024\" height=\"768\" src=\"https:\/\/www.koonings.com\/wp-content\/uploads\/2025\/05\/IMG_6686-1024x768.jpeg\" alt=\"\" class=\"wp-image-86276\" srcset=\"https:\/\/www.koonings.com\/wp-content\/uploads\/2025\/05\/IMG_6686-1024x768.jpeg 1024w, https:\/\/www.koonings.com\/wp-content\/uploads\/2025\/05\/IMG_6686-300x225.jpeg 300w, https:\/\/www.koonings.com\/wp-content\/uploads\/2025\/05\/IMG_6686-768x576.jpeg 768w, https:\/\/www.koonings.com\/wp-content\/uploads\/2025\/05\/IMG_6686-1536x1152.jpeg 1536w, https:\/\/www.koonings.com\/wp-content\/uploads\/2025\/05\/IMG_6686-2048x1536.jpeg 2048w\" sizes=\"(max-width: 1024px) 100vw, 1024px\" \/><\/figure>\n<\/div><\/div>\n\n\n\n<div class=\"ghostkit-col ghostkit-col-md-12 ghostkit-col-6\"><div class=\"ghostkit-col-content is-layout-flow wp-block-ghostkit-grid-column-is-layout-flow\">\r\n<div class=\"eye-block empty-space empty-space--small pt-md-3 pb-md-3 pt-2 pb-2\" ><\/div>\n\n\n<h2 class=\"wp-block-heading\" id=\"bretels-riemen-sokken\"><strong>Appareils orthop\u00e9diques, ceintures et chaussettes<\/strong><\/h2>\n\n\n\n<p>Les accessoires doivent \u00eatre visibles. Choisissez des bretelles de caract\u00e8re, une ceinture de la m\u00eame couleur que vos chaussures ou des chaussettes qui ont une histoire. Parce que m\u00eame votre style m\u00e9rite d&#8217;\u00eatre soign\u00e9 dans les moindres d\u00e9tails.  <\/p>\n<\/div><\/div>\n<\/div><\/div>\n\n<\/div>\r\n            <\/div>\r\n        <\/div>\r\n    <\/div>\r\n\r\n<\/div>\r\n\r\n    \n\n\r\n\r\n<div class=\"eye-element fullwidth-row alignfull style-both bg--none  alignfull \" style=\" \">\r\n\r\n    <div class=\"container\">\r\n        <div class=\"row\">\r\n            <div class=\"col-12\">\r\n                <div class=\"acf-innerblocks-container\">\n\n<h2 class=\"wp-block-heading has-text-align-center\" id=\"maak-je-look-persoonlijk-eigen-en-helemaal-bruidegomwaardig\"><strong>Personnalisez votre look. Appropriez-vous ce look. Et totalement digne d&#8217;un mari\u00e9.  <\/strong><\/h2>\n\n\n\n<p class=\"has-text-align-center\">Chez Koonings, nous ne nous contentons pas de vous guider dans le choix de votre costume de mariage, mais nous r\u00e9fl\u00e9chissons avec vous au style final qui vous convient. Tout est question d&#8217;apparence, de confort et de confiance &#8211; et cela commence par les d\u00e9tails. <\/p>\n\n\n\r\n<div class=\"eye-element bsbutton text-center \" >\r\n\t        <a class=\"btn btn-gold\" href=\"https:\/\/www.koonings.com\/fr\/prendre-un-rendez-vous\/\"\r\n           target=\"\">Prenez rendez-vous<\/a>\r\n\t<\/div>\n<\/div>\r\n            <\/div>\r\n        <\/div>\r\n    <\/div>\r\n\r\n<\/div>\r\n\r\n    \n<\/div>\r\n            <\/div>\r\n        <\/div>\r\n    <\/div>\r\n\r\n<\/div>\r\n\r\n    \n<\/div>\r\n            <\/div>\r\n        <\/div>\r\n    <\/div>\r\n\r\n<\/div>\r\n\r\n    \n<\/div>\r\n            <\/div>\r\n        <\/div>\r\n    <\/div>\r\n\r\n<\/div>\r\n\r\n    ","protected":false},"excerpt":{"rendered":"","protected":false},"author":1,"featured_media":0,"parent":16553,"menu_order":0,"comment_status":"closed","ping_status":"closed","template":"","meta":{"_acf_changed":false,"ghostkit_customizer_options":"","ghostkit_custom_css":"","ghostkit_custom_js_head":"","ghostkit_custom_js_foot":"","ghostkit_typography":"","footnotes":""},"class_list":["post-16552","page","type-page","status-publish","hentry"],"acf":[],"yoast_head":"<!-- This site is optimized with the Yoast SEO plugin v27.3 - https:\/\/yoast.com\/product\/yoast-seo-wordpress\/ -->\n<title>Accessoires pour le mari\u00e9 %%page% | Koonings%.<\/title>\n<meta name=\"description\" content=\"De la cravate aux boutons de manchette, d\u00e9couvrez les accessoires pour le mari\u00e9. \u00c9l\u00e9gants, personnels et parfaitement adapt\u00e9s \u00e0 votre tenue de mariage.\" \/>\n<meta name=\"robots\" content=\"index, follow, max-snippet:-1, max-image-preview:large, max-video-preview:-1\" \/>\n<link rel=\"canonical\" href=\"https:\/\/www.koonings.com\/fr\/marie\/accessoires\/\" \/>\n<meta property=\"og:locale\" content=\"fr_FR\" \/>\n<meta property=\"og:type\" content=\"article\" \/>\n<meta property=\"og:title\" content=\"Accessoires pour le mari\u00e9 %%page% | Koonings%.\" \/>\n<meta property=\"og:description\" content=\"De la cravate aux boutons de manchette, d\u00e9couvrez les accessoires pour le mari\u00e9. \u00c9l\u00e9gants, personnels et parfaitement adapt\u00e9s \u00e0 votre tenue de mariage.\" \/>\n<meta property=\"og:url\" content=\"https:\/\/www.koonings.com\/fr\/marie\/accessoires\/\" \/>\n<meta property=\"og:site_name\" content=\"Koonings\" \/>\n<meta property=\"article:publisher\" content=\"https:\/\/www.facebook.com\/kooningstheweddingpalace\" \/>\n<meta property=\"article:modified_time\" content=\"2025-09-29T10:39:00+00:00\" \/>\n<meta property=\"og:image\" content=\"https:\/\/www.koonings.com\/wp-content\/uploads\/2025\/05\/IMG_6672-scaled.jpeg\" \/>\n\t<meta property=\"og:image:width\" content=\"2560\" \/>\n\t<meta property=\"og:image:height\" content=\"1920\" \/>\n\t<meta property=\"og:image:type\" content=\"image\/jpeg\" \/>\n<meta name=\"twitter:card\" content=\"summary_large_image\" \/>\n<meta name=\"twitter:label1\" content=\"Dur\u00e9e de lecture estim\u00e9e\" \/>\n\t<meta name=\"twitter:data1\" content=\"2 minutes\" \/>\n<script type=\"application\/ld+json\" class=\"yoast-schema-graph\">{\"@context\":\"https:\\\/\\\/schema.org\",\"@graph\":[{\"@type\":\"WebPage\",\"@id\":\"https:\\\/\\\/www.koonings.com\\\/fr\\\/marie\\\/accessoires\\\/\",\"url\":\"https:\\\/\\\/www.koonings.com\\\/fr\\\/marie\\\/accessoires\\\/\",\"name\":\"Accessoires pour le mari\u00e9 %%page% | Koonings%.\",\"isPartOf\":{\"@id\":\"https:\\\/\\\/www.koonings.com\\\/fr\\\/#website\"},\"primaryImageOfPage\":{\"@id\":\"https:\\\/\\\/www.koonings.com\\\/fr\\\/marie\\\/accessoires\\\/#primaryimage\"},\"image\":{\"@id\":\"https:\\\/\\\/www.koonings.com\\\/fr\\\/marie\\\/accessoires\\\/#primaryimage\"},\"thumbnailUrl\":\"https:\\\/\\\/www.koonings.com\\\/wp-content\\\/uploads\\\/2025\\\/05\\\/IMG_6672-1024x768.jpeg\",\"datePublished\":\"2024-07-17T15:35:24+00:00\",\"dateModified\":\"2025-09-29T10:39:00+00:00\",\"description\":\"De la cravate aux boutons de manchette, d\u00e9couvrez les accessoires pour le mari\u00e9. \u00c9l\u00e9gants, personnels et parfaitement adapt\u00e9s \u00e0 votre tenue de mariage.\",\"breadcrumb\":{\"@id\":\"https:\\\/\\\/www.koonings.com\\\/fr\\\/marie\\\/accessoires\\\/#breadcrumb\"},\"inLanguage\":\"fr-FR\",\"potentialAction\":[{\"@type\":\"ReadAction\",\"target\":[\"https:\\\/\\\/www.koonings.com\\\/fr\\\/marie\\\/accessoires\\\/\"]}]},{\"@type\":\"ImageObject\",\"inLanguage\":\"fr-FR\",\"@id\":\"https:\\\/\\\/www.koonings.com\\\/fr\\\/marie\\\/accessoires\\\/#primaryimage\",\"url\":\"https:\\\/\\\/www.koonings.com\\\/wp-content\\\/uploads\\\/2025\\\/05\\\/IMG_6672-1024x768.jpeg\",\"contentUrl\":\"https:\\\/\\\/www.koonings.com\\\/wp-content\\\/uploads\\\/2025\\\/05\\\/IMG_6672-1024x768.jpeg\"},{\"@type\":\"BreadcrumbList\",\"@id\":\"https:\\\/\\\/www.koonings.com\\\/fr\\\/marie\\\/accessoires\\\/#breadcrumb\",\"itemListElement\":[{\"@type\":\"ListItem\",\"position\":1,\"name\":\"Home\",\"item\":\"https:\\\/\\\/www.koonings.com\\\/fr\\\/\"},{\"@type\":\"ListItem\",\"position\":2,\"name\":\"Mari\u00e9\",\"item\":\"https:\\\/\\\/www.koonings.com\\\/fr\\\/marie\\\/\"},{\"@type\":\"ListItem\",\"position\":3,\"name\":\"Accessoires\"}]},{\"@type\":\"WebSite\",\"@id\":\"https:\\\/\\\/www.koonings.com\\\/fr\\\/#website\",\"url\":\"https:\\\/\\\/www.koonings.com\\\/fr\\\/\",\"name\":\"Koonings\",\"description\":\"De grootste bruidsmodewinkel ter wereld\",\"publisher\":{\"@id\":\"https:\\\/\\\/www.koonings.com\\\/fr\\\/#organization\"},\"potentialAction\":[{\"@type\":\"SearchAction\",\"target\":{\"@type\":\"EntryPoint\",\"urlTemplate\":\"https:\\\/\\\/www.koonings.com\\\/fr\\\/?s={search_term_string}\"},\"query-input\":{\"@type\":\"PropertyValueSpecification\",\"valueRequired\":true,\"valueName\":\"search_term_string\"}}],\"inLanguage\":\"fr-FR\"},{\"@type\":\"Organization\",\"@id\":\"https:\\\/\\\/www.koonings.com\\\/fr\\\/#organization\",\"name\":\"Koonings\",\"url\":\"https:\\\/\\\/www.koonings.com\\\/fr\\\/\",\"logo\":{\"@type\":\"ImageObject\",\"inLanguage\":\"fr-FR\",\"@id\":\"https:\\\/\\\/www.koonings.com\\\/fr\\\/#\\\/schema\\\/logo\\\/image\\\/\",\"url\":\"https:\\\/\\\/www.koonings.com\\\/wp-content\\\/uploads\\\/2024\\\/07\\\/logo.png\",\"contentUrl\":\"https:\\\/\\\/www.koonings.com\\\/wp-content\\\/uploads\\\/2024\\\/07\\\/logo.png\",\"width\":600,\"height\":428,\"caption\":\"Koonings\"},\"image\":{\"@id\":\"https:\\\/\\\/www.koonings.com\\\/fr\\\/#\\\/schema\\\/logo\\\/image\\\/\"},\"sameAs\":[\"https:\\\/\\\/www.facebook.com\\\/kooningstheweddingpalace\",\"https:\\\/\\\/www.instagram.com\\\/kooningstheweddingpalace\",\"https:\\\/\\\/www.pinterest.com\\\/koonings\",\"https:\\\/\\\/www.youtube.com\\\/kooningstheweddingpalace\"]}]}<\/script>\n<!-- \/ Yoast SEO plugin. -->","yoast_head_json":{"title":"Accessoires pour le mari\u00e9 %%page% | Koonings%.","description":"De la cravate aux boutons de manchette, d\u00e9couvrez les accessoires pour le mari\u00e9. \u00c9l\u00e9gants, personnels et parfaitement adapt\u00e9s \u00e0 votre tenue de mariage.","robots":{"index":"index","follow":"follow","max-snippet":"max-snippet:-1","max-image-preview":"max-image-preview:large","max-video-preview":"max-video-preview:-1"},"canonical":"https:\/\/www.koonings.com\/fr\/marie\/accessoires\/","og_locale":"fr_FR","og_type":"article","og_title":"Accessoires pour le mari\u00e9 %%page% | Koonings%.","og_description":"De la cravate aux boutons de manchette, d\u00e9couvrez les accessoires pour le mari\u00e9. \u00c9l\u00e9gants, personnels et parfaitement adapt\u00e9s \u00e0 votre tenue de mariage.","og_url":"https:\/\/www.koonings.com\/fr\/marie\/accessoires\/","og_site_name":"Koonings","article_publisher":"https:\/\/www.facebook.com\/kooningstheweddingpalace","article_modified_time":"2025-09-29T10:39:00+00:00","og_image":[{"width":2560,"height":1920,"url":"https:\/\/www.koonings.com\/wp-content\/uploads\/2025\/05\/IMG_6672-scaled.jpeg","type":"image\/jpeg"}],"twitter_card":"summary_large_image","twitter_misc":{"Dur\u00e9e de lecture estim\u00e9e":"2 minutes"},"schema":{"@context":"https:\/\/schema.org","@graph":[{"@type":"WebPage","@id":"https:\/\/www.koonings.com\/fr\/marie\/accessoires\/","url":"https:\/\/www.koonings.com\/fr\/marie\/accessoires\/","name":"Accessoires pour le mari\u00e9 %%page% | Koonings%.","isPartOf":{"@id":"https:\/\/www.koonings.com\/fr\/#website"},"primaryImageOfPage":{"@id":"https:\/\/www.koonings.com\/fr\/marie\/accessoires\/#primaryimage"},"image":{"@id":"https:\/\/www.koonings.com\/fr\/marie\/accessoires\/#primaryimage"},"thumbnailUrl":"https:\/\/www.koonings.com\/wp-content\/uploads\/2025\/05\/IMG_6672-1024x768.jpeg","datePublished":"2024-07-17T15:35:24+00:00","dateModified":"2025-09-29T10:39:00+00:00","description":"De la cravate aux boutons de manchette, d\u00e9couvrez les accessoires pour le mari\u00e9. \u00c9l\u00e9gants, personnels et parfaitement adapt\u00e9s \u00e0 votre tenue de mariage.","breadcrumb":{"@id":"https:\/\/www.koonings.com\/fr\/marie\/accessoires\/#breadcrumb"},"inLanguage":"fr-FR","potentialAction":[{"@type":"ReadAction","target":["https:\/\/www.koonings.com\/fr\/marie\/accessoires\/"]}]},{"@type":"ImageObject","inLanguage":"fr-FR","@id":"https:\/\/www.koonings.com\/fr\/marie\/accessoires\/#primaryimage","url":"https:\/\/www.koonings.com\/wp-content\/uploads\/2025\/05\/IMG_6672-1024x768.jpeg","contentUrl":"https:\/\/www.koonings.com\/wp-content\/uploads\/2025\/05\/IMG_6672-1024x768.jpeg"},{"@type":"BreadcrumbList","@id":"https:\/\/www.koonings.com\/fr\/marie\/accessoires\/#breadcrumb","itemListElement":[{"@type":"ListItem","position":1,"name":"Home","item":"https:\/\/www.koonings.com\/fr\/"},{"@type":"ListItem","position":2,"name":"Mari\u00e9","item":"https:\/\/www.koonings.com\/fr\/marie\/"},{"@type":"ListItem","position":3,"name":"Accessoires"}]},{"@type":"WebSite","@id":"https:\/\/www.koonings.com\/fr\/#website","url":"https:\/\/www.koonings.com\/fr\/","name":"Koonings","description":"De grootste bruidsmodewinkel ter wereld","publisher":{"@id":"https:\/\/www.koonings.com\/fr\/#organization"},"potentialAction":[{"@type":"SearchAction","target":{"@type":"EntryPoint","urlTemplate":"https:\/\/www.koonings.com\/fr\/?s={search_term_string}"},"query-input":{"@type":"PropertyValueSpecification","valueRequired":true,"valueName":"search_term_string"}}],"inLanguage":"fr-FR"},{"@type":"Organization","@id":"https:\/\/www.koonings.com\/fr\/#organization","name":"Koonings","url":"https:\/\/www.koonings.com\/fr\/","logo":{"@type":"ImageObject","inLanguage":"fr-FR","@id":"https:\/\/www.koonings.com\/fr\/#\/schema\/logo\/image\/","url":"https:\/\/www.koonings.com\/wp-content\/uploads\/2024\/07\/logo.png","contentUrl":"https:\/\/www.koonings.com\/wp-content\/uploads\/2024\/07\/logo.png","width":600,"height":428,"caption":"Koonings"},"image":{"@id":"https:\/\/www.koonings.com\/fr\/#\/schema\/logo\/image\/"},"sameAs":["https:\/\/www.facebook.com\/kooningstheweddingpalace","https:\/\/www.instagram.com\/kooningstheweddingpalace","https:\/\/www.pinterest.com\/koonings","https:\/\/www.youtube.com\/kooningstheweddingpalace"]}]}},"_links":{"self":[{"href":"https:\/\/www.koonings.com\/fr\/wp-json\/wp\/v2\/pages\/16552","targetHints":{"allow":["GET"]}}],"collection":[{"href":"https:\/\/www.koonings.com\/fr\/wp-json\/wp\/v2\/pages"}],"about":[{"href":"https:\/\/www.koonings.com\/fr\/wp-json\/wp\/v2\/types\/page"}],"author":[{"embeddable":true,"href":"https:\/\/www.koonings.com\/fr\/wp-json\/wp\/v2\/users\/1"}],"replies":[{"embeddable":true,"href":"https:\/\/www.koonings.com\/fr\/wp-json\/wp\/v2\/comments?post=16552"}],"version-history":[{"count":3,"href":"https:\/\/www.koonings.com\/fr\/wp-json\/wp\/v2\/pages\/16552\/revisions"}],"predecessor-version":[{"id":98726,"href":"https:\/\/www.koonings.com\/fr\/wp-json\/wp\/v2\/pages\/16552\/revisions\/98726"}],"up":[{"embeddable":true,"href":"https:\/\/www.koonings.com\/fr\/wp-json\/wp\/v2\/pages\/16553"}],"wp:attachment":[{"href":"https:\/\/www.koonings.com\/fr\/wp-json\/wp\/v2\/media?parent=16552"}],"curies":[{"name":"wp","href":"https:\/\/api.w.org\/{rel}","templated":true}]}}