{"id":16545,"date":"2024-06-26T16:58:03","date_gmt":"2024-06-26T14:58:03","guid":{"rendered":"https:\/\/www.koonings.com\/mariee\/"},"modified":"2026-04-15T11:54:10","modified_gmt":"2026-04-15T09:54:10","slug":"mariee","status":"publish","type":"page","link":"https:\/\/www.koonings.com\/fr\/mariee\/","title":{"rendered":"Mari\u00e9e"},"content":{"rendered":"\r\n\r\n<div class=\"eye-element fullwidth-row alignfull style-both bg--none  pb-0 alignfull \" style=\" \">\r\n\r\n    <div class=\"container\">\r\n        <div class=\"row\">\r\n            <div class=\"col-12\">\r\n                <div class=\"acf-innerblocks-container\">\n\n<h1 class=\"wp-block-heading has-text-align-center\" id=\"alles-voor-de-bruid\">Tout pour la mari\u00e9e<\/h1>\n\n<\/div>\r\n            <\/div>\r\n        <\/div>\r\n    <\/div>\r\n\r\n<\/div>\r\n\r\n    \n\n\r\n\r\n<div class=\"eye-element fullwidth-row alignfull style-both bg--none  alignfull \" style=\" \">\r\n\r\n    <div class=\"container\">\r\n        <div class=\"row\">\r\n            <div class=\"col-12\">\r\n                <div class=\"acf-innerblocks-container\">\n\n<div class=\"ghostkit-grid ghostkit-grid-gap-lg ghostkit-grid-align-items-center\"><div class=\"ghostkit-grid-inner\">\n<div class=\"ghostkit-col ghostkit-col-md-12 ghostkit-col-6 ghostkit-col-align-self-center\"><div class=\"ghostkit-col-content is-layout-flow wp-block-ghostkit-grid-column-is-layout-flow\">\n<h2 class=\"wp-block-heading\" id=\"ruim-assortiment-bruidsmode-bij-koonings\">Large gamme de mode nuptiale chez Koonings<\/h2>\n\n\n\n<p>Une robe de mari\u00e9e \u00e0 la silhouette simple et \u00e9l\u00e9gante ou plut\u00f4t une robe de mari\u00e9e somptueuse aux d\u00e9tails les plus exquis ? Vintage, boh\u00e8me, robe de mari\u00e9e color\u00e9e, manches longues, courtes ou sexy ? Koonings est le plus grand magasin de robes de mari\u00e9e au monde et propose une vaste gamme de robes de mari\u00e9e dans tous les styles. De plus, nos stylistes exp\u00e9riment\u00e9s savent exactement comment trouver la robe de mari\u00e9e dans laquelle vous serez la plus belle. Pendant que votre entourage s&#8217;allonge sur nos jolis canap\u00e9s, nous veillons \u00e0 ce que vous trouviez la robe de r\u00eave pour votre plus beau jour.<\/p>\n\n\n\r\n<div class=\"eye-element bsbutton text-start \" >\r\n\t        <a class=\"btn btn-primary\" href=\"https:\/\/www.koonings.com\/fr\/mariee\/robes-de-mariee\/\"\r\n           target=\"\">Parcourez notre collection de robes de mari\u00e9e<\/a>\r\n\t<\/div>\n\n\r\n<div class=\"eye-element bsbutton text-start \" >\r\n\t        <a class=\"btn btn-primary\" href=\"\/fr\/moodboard\/tool\/do\"\r\n           target=\"\">Cr\u00e9ez votre propre tableau d&#8217;humeur<\/a>\r\n\t<\/div><\/div><\/div>\n\n\n\n<div class=\"ghostkit-col ghostkit-col-md-12 ghostkit-col-6\"><div class=\"ghostkit-col-content is-layout-flow wp-block-ghostkit-grid-column-is-layout-flow\">\r\n<div class=\"eye-element images style-default variant-1 multi-image\">\r\n\r\n\t        <div class=\"composition\">\r\n\t\t\t                <div class=\"image-0\">\r\n                    <img decoding=\"async\" class=\"img-fluid\" src=\"https:\/\/www.koonings.com\/wp-content\/uploads\/2024\/06\/kuppens_fotografie_5998_1-300x212.jpg\" srcset=\"https:\/\/www.koonings.com\/wp-content\/uploads\/2024\/06\/kuppens_fotografie_5998_1-300x212.jpg 300w, https:\/\/www.koonings.com\/wp-content\/uploads\/2024\/06\/kuppens_fotografie_5998_1-1024x724.jpg 1024w, https:\/\/www.koonings.com\/wp-content\/uploads\/2024\/06\/kuppens_fotografie_5998_1-768x543.jpg 768w, https:\/\/www.koonings.com\/wp-content\/uploads\/2024\/06\/kuppens_fotografie_5998_1-1536x1086.jpg 1536w, https:\/\/www.koonings.com\/wp-content\/uploads\/2024\/06\/kuppens_fotografie_5998_1-2048x1448.jpg 2048w\" alt=\"\">\r\n                <\/div>\r\n\t\t\t\r\n            <div class=\"swiper images-swiper\">\r\n\r\n\t\t\t\t\r\n                <div class=\"swiper-wrapper\">\r\n\t\t\t\t\t                        <li class=\"swiper-slide\">\r\n                            <img decoding=\"async\" class=\" img-fluid\" src=\"https:\/\/www.koonings.com\/wp-content\/uploads\/2024\/07\/funpassen1.png\" srcset=\"https:\/\/www.koonings.com\/wp-content\/uploads\/2024\/07\/funpassen1.png\" alt=\"Koonings foto\">\r\n                        <\/li>\r\n\t\t\t\t\t                <\/div>\r\n\r\n                <div class=\"swiper-pagination\"><\/div>\r\n\r\n                <div class=\"swiper-button-prev\"><\/div>\r\n                <div class=\"swiper-button-next\"><\/div>\r\n\r\n            <\/div>\r\n\r\n        <\/div>\r\n\t\r\n\t<\/div><\/div><\/div>\n<\/div><\/div>\n\n<\/div>\r\n            <\/div>\r\n        <\/div>\r\n    <\/div>\r\n\r\n<\/div>\r\n\r\n    \n\n\r\n\r\n<div class=\"eye-element fullwidth-row alignfull style-both bg--none  alignfull \" style=\" \">\r\n\r\n    <div class=\"container\">\r\n        <div class=\"row\">\r\n            <div class=\"col-12\">\r\n                <div class=\"acf-innerblocks-container\">\n\n<div class=\"ghostkit-grid ghostkit-grid-gap-md ghostkit-grid-justify-content-around\"><div class=\"ghostkit-grid-inner\">\n<div class=\"ghostkit-col ghostkit-col-md-12 ghostkit-col-4\"><div class=\"ghostkit-col-content is-layout-flow wp-block-ghostkit-grid-column-is-layout-flow\">\n<figure class=\"wp-block-image size-large\"><img decoding=\"async\" width=\"789\" height=\"1024\" src=\"https:\/\/www.koonings.com\/wp-content\/uploads\/2024\/07\/ramona-meike-789x1024.png\" alt=\"Mari\u00e9e\" class=\"wp-image-3422\" style=\"aspect-ratio:3\/4;object-fit:cover\" srcset=\"https:\/\/www.koonings.com\/wp-content\/uploads\/2024\/07\/ramona-meike-789x1024.png 789w, https:\/\/www.koonings.com\/wp-content\/uploads\/2024\/07\/ramona-meike-231x300.png 231w, https:\/\/www.koonings.com\/wp-content\/uploads\/2024\/07\/ramona-meike-768x997.png 768w, https:\/\/www.koonings.com\/wp-content\/uploads\/2024\/07\/ramona-meike.png 1134w\" sizes=\"(max-width: 789px) 100vw, 789px\" \/><\/figure>\n<\/div><\/div>\n\n\n\n<div class=\"ghostkit-col ghostkit-col-md-12 ghostkit-col-6 ghostkit-col-align-self-center\"><div class=\"ghostkit-col-content is-layout-flow wp-block-ghostkit-grid-column-is-layout-flow\">\n<h2 class=\"wp-block-heading\" id=\"ruim-assortiment-bruidsmode-bij-koonings\">Le plus grand magasin de robes de mari\u00e9e du monde : une collection unique<\/h2>\n\n\n\n<p>Entrez dans nos salles d&#8217;exposition et d\u00e9couvrez comment un style diff\u00e9rent vous entoure toujours avec les plus belles robes. Plongez dans l&#8217;univers de la mode nuptiale de Ladybird, Enzoani, Demetrios, Rembo Styling, Marylise, Modeca, Nicole, Berta et Pronovias et trouvez votre robe dans les collections magnifiques et de grande qualit\u00e9. Jetez un coup d&#8217;\u0153il \u00e0 nos robes de mari\u00e9e ici.  <\/p>\n\n\n\r\n<div class=\"eye-element bsbutton text-start \" >\r\n\t        <a class=\"btn btn-primary\" href=\"https:\/\/www.koonings.com\/fr\/mariee\/robes-de-mariee\/\"\r\n           target=\"\">Parcourez notre collection de robes de mari\u00e9e<\/a>\r\n\t<\/div>\n\n\r\n<div class=\"eye-element bsbutton text-start \" >\r\n\t        <a class=\"btn btn-primary\" href=\"\/fr\/moodboard\/tool\/do\"\r\n           target=\"\">Cr\u00e9ez votre propre tableau d&#8217;humeur<\/a>\r\n\t<\/div><\/div><\/div>\n<\/div><\/div>\n\n<\/div>\r\n            <\/div>\r\n        <\/div>\r\n    <\/div>\r\n\r\n<\/div>\r\n\r\n    \n\n\r\n\r\n<div class=\"eye-element fullwidth-row alignfull faux-bg--lightgray style-right  alignfull \" style=\"\">\r\n<div class=\"bg bg--lightgray\" style=\"\"><\/div>\r\n\r\n    <div class=\"container\">\r\n        <div class=\"row\">\r\n            <div class=\"col-12\">\r\n                <div class=\"acf-innerblocks-container\">\n\n<div class=\"ghostkit-grid ghostkit-grid-gap-md ghostkit-grid-align-items-center\"><div class=\"ghostkit-grid-inner\">\n<div class=\"ghostkit-col ghostkit-col-md-12 ghostkit-col-6\"><div class=\"ghostkit-col-content is-layout-flow wp-block-ghostkit-grid-column-is-layout-flow\">\r\n<div class=\"eye-element images style-default variant-2 single-image\">\r\n\r\n\t        <div class=\"composition\">\r\n\t\t\t\r\n            <div class=\"swiper images-swiper\">\r\n\r\n\t\t\t\t\r\n                <div class=\"swiper-wrapper\">\r\n\t\t\t\t\t                        <li class=\"swiper-slide\">\r\n                            <img decoding=\"async\" class=\" img-fluid\" src=\"https:\/\/www.koonings.com\/wp-content\/uploads\/2024\/07\/abrazi.jpg-1024x860.webp\" srcset=\"https:\/\/www.koonings.com\/wp-content\/uploads\/2024\/07\/abrazi.jpg-scaled.webp\" alt=\"\">\r\n                        <\/li>\r\n\t\t\t\t\t                <\/div>\r\n\r\n                <div class=\"swiper-pagination\"><\/div>\r\n\r\n                <div class=\"swiper-button-prev\"><\/div>\r\n                <div class=\"swiper-button-next\"><\/div>\r\n\r\n            <\/div>\r\n\r\n        <\/div>\r\n\t\r\n\t<\/div><\/div><\/div>\n\n\n\n<div class=\"ghostkit-col ghostkit-col-md-12 ghostkit-col-6\"><div class=\"ghostkit-col-content is-layout-flow wp-block-ghostkit-grid-column-is-layout-flow\">\n<h2 class=\"wp-block-heading\" id=\"maak-jouw-bridallook-compleet\"><strong>Compl\u00e9tez votre look de mari\u00e9e<\/strong><\/h2>\n\n\n\n<p>Des chaussures de mariage parfaites sous votre robe de mari\u00e9e, mais aussi des colliers, des bracelets et des boucles d&#8217;oreilles assortis \u00e0 votre robe de mari\u00e9e ou un beau voile, un bandeau ou une \u00e9pingle \u00e0 cheveux pour votre coiffure de mari\u00e9e : votre look de mari\u00e9e n&#8217;est complet que s&#8217;il est assorti \u00e0 des accessoires. Gr\u00e2ce \u00e0 notre vaste boutique d&#8217;accessoires pour les mari\u00e9s, vous trouverez l&#8217;accessoire parfait pour votre robe ou votre costume de mariage. <\/p>\n\n\n\r\n<div class=\"eye-element bsbutton text-start \" >\r\n\t        <a class=\"btn btn-primary\" href=\"https:\/\/www.koonings.com\/bruid\/accessoires\/\"\r\n           target=\"\">Aller aux accessoires<\/a>\r\n\t<\/div><\/div><\/div>\n<\/div><\/div>\n\n<\/div>\r\n            <\/div>\r\n        <\/div>\r\n    <\/div>\r\n\r\n<\/div>\r\n\r\n    \n\n\r\n\r\n<div class=\"eye-element fullwidth-row alignfull style-both bg--none  alignfull \" style=\" \">\r\n\r\n    <div class=\"container\">\r\n        <div class=\"row\">\r\n            <div class=\"col-12\">\r\n                <div class=\"acf-innerblocks-container\">\n\n<h2 class=\"wp-block-heading has-text-align-center\" id=\"de-ultieme-trouwbelevingonder-een-dak\"><br\/>L&#8217;exp\u00e9rience ultime du mariage sous un m\u00eame toit<\/h2>\n\n\n\r\n<div class=\"eye-element bsbutton text-center \" >\r\n\t        <a class=\"btn btn-gold\" href=\"https:\/\/www.koonings.com\/fr\/prendre-un-rendez-vous\/\"\r\n           target=\"\">Prendre un rendez-vous<\/a>\r\n\t<\/div>\n<\/div>\r\n            <\/div>\r\n        <\/div>\r\n    <\/div>\r\n\r\n<\/div>\r\n\r\n    ","protected":false},"excerpt":{"rendered":"","protected":false},"author":1,"featured_media":0,"parent":0,"menu_order":0,"comment_status":"closed","ping_status":"closed","template":"","meta":{"_acf_changed":false,"ghostkit_customizer_options":"","ghostkit_custom_css":"","ghostkit_custom_js_head":"","ghostkit_custom_js_foot":"","ghostkit_typography":"","footnotes":""},"class_list":["post-16545","page","type-page","status-publish","hentry"],"acf":[],"yoast_head":"<!-- This site is optimized with the Yoast SEO plugin v27.3 - https:\/\/yoast.com\/product\/yoast-seo-wordpress\/ -->\n<title>Trouvez tout pour la mari\u00e9e ici | Koonings<\/title>\n<meta name=\"description\" content=\"Trouvez votre robe de mari\u00e9e dans le plus grand magasin de mode nuptiale du monde. Sur une surface de 11 000 m2, vous trouverez certainement la robe de mari\u00e9e de vos r\u00eaves chez Koonings.\" \/>\n<meta name=\"robots\" content=\"index, follow, max-snippet:-1, max-image-preview:large, max-video-preview:-1\" \/>\n<link rel=\"canonical\" href=\"https:\/\/www.koonings.com\/fr\/mariee\/\" \/>\n<meta property=\"og:locale\" content=\"fr_FR\" \/>\n<meta property=\"og:type\" content=\"article\" \/>\n<meta property=\"og:title\" content=\"Trouvez tout pour la mari\u00e9e ici | Koonings\" \/>\n<meta property=\"og:description\" content=\"Trouvez votre robe de mari\u00e9e dans le plus grand magasin de mode nuptiale du monde. Sur une surface de 11 000 m2, vous trouverez certainement la robe de mari\u00e9e de vos r\u00eaves chez Koonings.\" \/>\n<meta property=\"og:url\" content=\"https:\/\/www.koonings.com\/fr\/mariee\/\" \/>\n<meta property=\"og:site_name\" content=\"Koonings\" \/>\n<meta property=\"article:publisher\" content=\"https:\/\/www.facebook.com\/kooningstheweddingpalace\" \/>\n<meta property=\"article:modified_time\" content=\"2026-04-15T09:54:10+00:00\" \/>\n<meta property=\"og:image\" content=\"https:\/\/www.koonings.com\/wp-content\/uploads\/2024\/07\/ramona-meike-789x1024.png\" \/>\n<meta name=\"twitter:card\" content=\"summary_large_image\" \/>\n<meta name=\"twitter:label1\" content=\"Dur\u00e9e de lecture estim\u00e9e\" \/>\n\t<meta name=\"twitter:data1\" content=\"1 minute\" \/>\n<script type=\"application\/ld+json\" class=\"yoast-schema-graph\">{\"@context\":\"https:\\\/\\\/schema.org\",\"@graph\":[{\"@type\":\"WebPage\",\"@id\":\"https:\\\/\\\/www.koonings.com\\\/fr\\\/mariee\\\/\",\"url\":\"https:\\\/\\\/www.koonings.com\\\/fr\\\/mariee\\\/\",\"name\":\"Trouvez tout pour la mari\u00e9e ici | Koonings\",\"isPartOf\":{\"@id\":\"https:\\\/\\\/www.koonings.com\\\/fr\\\/#website\"},\"primaryImageOfPage\":{\"@id\":\"https:\\\/\\\/www.koonings.com\\\/fr\\\/mariee\\\/#primaryimage\"},\"image\":{\"@id\":\"https:\\\/\\\/www.koonings.com\\\/fr\\\/mariee\\\/#primaryimage\"},\"thumbnailUrl\":\"https:\\\/\\\/www.koonings.com\\\/wp-content\\\/uploads\\\/2024\\\/07\\\/ramona-meike-789x1024.png\",\"datePublished\":\"2024-06-26T14:58:03+00:00\",\"dateModified\":\"2026-04-15T09:54:10+00:00\",\"description\":\"Trouvez votre robe de mari\u00e9e dans le plus grand magasin de mode nuptiale du monde. Sur une surface de 11 000 m2, vous trouverez certainement la robe de mari\u00e9e de vos r\u00eaves chez Koonings.\",\"breadcrumb\":{\"@id\":\"https:\\\/\\\/www.koonings.com\\\/fr\\\/mariee\\\/#breadcrumb\"},\"inLanguage\":\"fr-FR\",\"potentialAction\":[{\"@type\":\"ReadAction\",\"target\":[\"https:\\\/\\\/www.koonings.com\\\/fr\\\/mariee\\\/\"]}]},{\"@type\":\"ImageObject\",\"inLanguage\":\"fr-FR\",\"@id\":\"https:\\\/\\\/www.koonings.com\\\/fr\\\/mariee\\\/#primaryimage\",\"url\":\"https:\\\/\\\/www.koonings.com\\\/wp-content\\\/uploads\\\/2024\\\/07\\\/ramona-meike-789x1024.png\",\"contentUrl\":\"https:\\\/\\\/www.koonings.com\\\/wp-content\\\/uploads\\\/2024\\\/07\\\/ramona-meike-789x1024.png\"},{\"@type\":\"BreadcrumbList\",\"@id\":\"https:\\\/\\\/www.koonings.com\\\/fr\\\/mariee\\\/#breadcrumb\",\"itemListElement\":[{\"@type\":\"ListItem\",\"position\":1,\"name\":\"Home\",\"item\":\"https:\\\/\\\/www.koonings.com\\\/fr\\\/\"},{\"@type\":\"ListItem\",\"position\":2,\"name\":\"Mari\u00e9e\"}]},{\"@type\":\"WebSite\",\"@id\":\"https:\\\/\\\/www.koonings.com\\\/fr\\\/#website\",\"url\":\"https:\\\/\\\/www.koonings.com\\\/fr\\\/\",\"name\":\"Koonings\",\"description\":\"De grootste bruidsmodewinkel ter wereld\",\"publisher\":{\"@id\":\"https:\\\/\\\/www.koonings.com\\\/fr\\\/#organization\"},\"potentialAction\":[{\"@type\":\"SearchAction\",\"target\":{\"@type\":\"EntryPoint\",\"urlTemplate\":\"https:\\\/\\\/www.koonings.com\\\/fr\\\/?s={search_term_string}\"},\"query-input\":{\"@type\":\"PropertyValueSpecification\",\"valueRequired\":true,\"valueName\":\"search_term_string\"}}],\"inLanguage\":\"fr-FR\"},{\"@type\":\"Organization\",\"@id\":\"https:\\\/\\\/www.koonings.com\\\/fr\\\/#organization\",\"name\":\"Koonings\",\"url\":\"https:\\\/\\\/www.koonings.com\\\/fr\\\/\",\"logo\":{\"@type\":\"ImageObject\",\"inLanguage\":\"fr-FR\",\"@id\":\"https:\\\/\\\/www.koonings.com\\\/fr\\\/#\\\/schema\\\/logo\\\/image\\\/\",\"url\":\"https:\\\/\\\/www.koonings.com\\\/wp-content\\\/uploads\\\/2024\\\/07\\\/logo.png\",\"contentUrl\":\"https:\\\/\\\/www.koonings.com\\\/wp-content\\\/uploads\\\/2024\\\/07\\\/logo.png\",\"width\":600,\"height\":428,\"caption\":\"Koonings\"},\"image\":{\"@id\":\"https:\\\/\\\/www.koonings.com\\\/fr\\\/#\\\/schema\\\/logo\\\/image\\\/\"},\"sameAs\":[\"https:\\\/\\\/www.facebook.com\\\/kooningstheweddingpalace\",\"https:\\\/\\\/www.instagram.com\\\/kooningstheweddingpalace\",\"https:\\\/\\\/www.pinterest.com\\\/koonings\",\"https:\\\/\\\/www.youtube.com\\\/kooningstheweddingpalace\"]}]}<\/script>\n<!-- \/ Yoast SEO plugin. -->","yoast_head_json":{"title":"Trouvez tout pour la mari\u00e9e ici | Koonings","description":"Trouvez votre robe de mari\u00e9e dans le plus grand magasin de mode nuptiale du monde. Sur une surface de 11 000 m2, vous trouverez certainement la robe de mari\u00e9e de vos r\u00eaves chez Koonings.","robots":{"index":"index","follow":"follow","max-snippet":"max-snippet:-1","max-image-preview":"max-image-preview:large","max-video-preview":"max-video-preview:-1"},"canonical":"https:\/\/www.koonings.com\/fr\/mariee\/","og_locale":"fr_FR","og_type":"article","og_title":"Trouvez tout pour la mari\u00e9e ici | Koonings","og_description":"Trouvez votre robe de mari\u00e9e dans le plus grand magasin de mode nuptiale du monde. Sur une surface de 11 000 m2, vous trouverez certainement la robe de mari\u00e9e de vos r\u00eaves chez Koonings.","og_url":"https:\/\/www.koonings.com\/fr\/mariee\/","og_site_name":"Koonings","article_publisher":"https:\/\/www.facebook.com\/kooningstheweddingpalace","article_modified_time":"2026-04-15T09:54:10+00:00","og_image":[{"url":"https:\/\/www.koonings.com\/wp-content\/uploads\/2024\/07\/ramona-meike-789x1024.png","type":"","width":"","height":""}],"twitter_card":"summary_large_image","twitter_misc":{"Dur\u00e9e de lecture estim\u00e9e":"1 minute"},"schema":{"@context":"https:\/\/schema.org","@graph":[{"@type":"WebPage","@id":"https:\/\/www.koonings.com\/fr\/mariee\/","url":"https:\/\/www.koonings.com\/fr\/mariee\/","name":"Trouvez tout pour la mari\u00e9e ici | Koonings","isPartOf":{"@id":"https:\/\/www.koonings.com\/fr\/#website"},"primaryImageOfPage":{"@id":"https:\/\/www.koonings.com\/fr\/mariee\/#primaryimage"},"image":{"@id":"https:\/\/www.koonings.com\/fr\/mariee\/#primaryimage"},"thumbnailUrl":"https:\/\/www.koonings.com\/wp-content\/uploads\/2024\/07\/ramona-meike-789x1024.png","datePublished":"2024-06-26T14:58:03+00:00","dateModified":"2026-04-15T09:54:10+00:00","description":"Trouvez votre robe de mari\u00e9e dans le plus grand magasin de mode nuptiale du monde. Sur une surface de 11 000 m2, vous trouverez certainement la robe de mari\u00e9e de vos r\u00eaves chez Koonings.","breadcrumb":{"@id":"https:\/\/www.koonings.com\/fr\/mariee\/#breadcrumb"},"inLanguage":"fr-FR","potentialAction":[{"@type":"ReadAction","target":["https:\/\/www.koonings.com\/fr\/mariee\/"]}]},{"@type":"ImageObject","inLanguage":"fr-FR","@id":"https:\/\/www.koonings.com\/fr\/mariee\/#primaryimage","url":"https:\/\/www.koonings.com\/wp-content\/uploads\/2024\/07\/ramona-meike-789x1024.png","contentUrl":"https:\/\/www.koonings.com\/wp-content\/uploads\/2024\/07\/ramona-meike-789x1024.png"},{"@type":"BreadcrumbList","@id":"https:\/\/www.koonings.com\/fr\/mariee\/#breadcrumb","itemListElement":[{"@type":"ListItem","position":1,"name":"Home","item":"https:\/\/www.koonings.com\/fr\/"},{"@type":"ListItem","position":2,"name":"Mari\u00e9e"}]},{"@type":"WebSite","@id":"https:\/\/www.koonings.com\/fr\/#website","url":"https:\/\/www.koonings.com\/fr\/","name":"Koonings","description":"De grootste bruidsmodewinkel ter wereld","publisher":{"@id":"https:\/\/www.koonings.com\/fr\/#organization"},"potentialAction":[{"@type":"SearchAction","target":{"@type":"EntryPoint","urlTemplate":"https:\/\/www.koonings.com\/fr\/?s={search_term_string}"},"query-input":{"@type":"PropertyValueSpecification","valueRequired":true,"valueName":"search_term_string"}}],"inLanguage":"fr-FR"},{"@type":"Organization","@id":"https:\/\/www.koonings.com\/fr\/#organization","name":"Koonings","url":"https:\/\/www.koonings.com\/fr\/","logo":{"@type":"ImageObject","inLanguage":"fr-FR","@id":"https:\/\/www.koonings.com\/fr\/#\/schema\/logo\/image\/","url":"https:\/\/www.koonings.com\/wp-content\/uploads\/2024\/07\/logo.png","contentUrl":"https:\/\/www.koonings.com\/wp-content\/uploads\/2024\/07\/logo.png","width":600,"height":428,"caption":"Koonings"},"image":{"@id":"https:\/\/www.koonings.com\/fr\/#\/schema\/logo\/image\/"},"sameAs":["https:\/\/www.facebook.com\/kooningstheweddingpalace","https:\/\/www.instagram.com\/kooningstheweddingpalace","https:\/\/www.pinterest.com\/koonings","https:\/\/www.youtube.com\/kooningstheweddingpalace"]}]}},"_links":{"self":[{"href":"https:\/\/www.koonings.com\/fr\/wp-json\/wp\/v2\/pages\/16545","targetHints":{"allow":["GET"]}}],"collection":[{"href":"https:\/\/www.koonings.com\/fr\/wp-json\/wp\/v2\/pages"}],"about":[{"href":"https:\/\/www.koonings.com\/fr\/wp-json\/wp\/v2\/types\/page"}],"author":[{"embeddable":true,"href":"https:\/\/www.koonings.com\/fr\/wp-json\/wp\/v2\/users\/1"}],"replies":[{"embeddable":true,"href":"https:\/\/www.koonings.com\/fr\/wp-json\/wp\/v2\/comments?post=16545"}],"version-history":[{"count":4,"href":"https:\/\/www.koonings.com\/fr\/wp-json\/wp\/v2\/pages\/16545\/revisions"}],"predecessor-version":[{"id":108803,"href":"https:\/\/www.koonings.com\/fr\/wp-json\/wp\/v2\/pages\/16545\/revisions\/108803"}],"wp:attachment":[{"href":"https:\/\/www.koonings.com\/fr\/wp-json\/wp\/v2\/media?parent=16545"}],"curies":[{"name":"wp","href":"https:\/\/api.w.org\/{rel}","templated":true}]}}