{"id":16540,"date":"2024-07-19T13:19:56","date_gmt":"2024-07-19T11:19:56","guid":{"rendered":"https:\/\/www.koonings.com\/a-propos-de-nous\/"},"modified":"2025-09-29T12:48:43","modified_gmt":"2025-09-29T10:48:43","slug":"a-propos-de-nous","status":"publish","type":"page","link":"https:\/\/www.koonings.com\/fr\/a-propos-de-nous\/","title":{"rendered":"A propos de nous"},"content":{"rendered":"\r\n\r\n<div class=\"eye-element fullwidth-row alignfull style-both bg--none  alignfull \" style=\" \">\r\n\r\n    <div class=\"container\">\r\n        <div class=\"row\">\r\n            <div class=\"col-12\">\r\n                <div class=\"acf-innerblocks-container\">\n\n<h1 class=\"wp-block-heading has-text-align-center\" id=\"de-grootste-bruidsmodewinkel-ter-wereld\">Le plus grand magasin de mariage du monde<\/h1>\n\n\n\n<p class=\"has-text-align-center\">D\u00e9couvrez le monde magique de la mode nuptiale chez Koonings The Wedding Palace. Lisez comment <a href=\"https:\/\/www.koonings.com\/fr\/a-propos-de-nous\/lhistoire\/\">le conte de f\u00e9es Koonings<\/a> a commenc\u00e9, voyez des photos de <a href=\"https:\/\/www.koonings.com\/fr\/deurne\/\">notre palais<\/a>, de notre <a href=\"https:\/\/www.koonings.com\/fr\/valkenburg\/\">ch\u00e2teau<\/a> ou d\u00e9couvrez ce que <a href=\"https:\/\/www.koonings.com\/fr\/a-propos-de-nous\/ramona-koonings\/\">Ramona Koonings<\/a> fait d&#8217;autre que d&#8217;\u00eatre la propri\u00e9taire. Curieux de conna\u00eetre notre \u00e9quipe ? Consultez notre <a href=\"https:\/\/www.koonings.com\/fr\/a-propos-de-nous\/equipe-koonings\/\">page d&#8217;\u00e9quipe<\/a> pour d\u00e9couvrir tous les visages qui se cachent derri\u00e8re Koonings.   <\/p>\n\n\n\r\n<div class=\"eye-block empty-space empty-space--small pt-md-3 pb-md-3 pt-2 pb-2\" ><\/div>\n\n\r\n<div class=\"eye-block onpagenav  \">\r\n    <div class=\"container-fluid p-sm-0\">\r\n        <nav id=\"onpage-nav\" class=\"navbar navbar-expand text-center\" aria-label=\"Inhoudsopgave\">\r\n            <div class=\" justify-content-center\" id=\"navbarSupportedContent\">\r\n                <ul class=\"nav navbar-nav\">\r\n                    <li class=\"nav-item single-hint d-none\" style=\"pointer-events: none;\">\r\n                        <a class=\"nav-link\" href=\"javascript:void()\">Table des mati\u00e8res<\/a>\r\n                    <\/li>\r\n                                            <li class=\"nav-item\">\r\n                            <a class=\"nav-link\" href=\"#deurne-section\">Deurne<\/a>\r\n                        <\/li>\r\n                                            <li class=\"nav-item\">\r\n                            <a class=\"nav-link\" href=\"#valkenburg-section\">Valkenburg<\/a>\r\n                        <\/li>\r\n                                    <\/ul>\r\n            <\/div>\r\n            <div class=\"dropdown\">\r\n                <a class=\"dropdown-toggle btn btn-primary\" id=\"dropdownMenuButton\" data-bs-toggle=\"dropdown\" aria-haspopup=\"true\" aria-expanded=\"false\">\r\n                    <i class=\"fa-solid fa-chevron-down\"><\/i>\r\n                <\/a>\r\n                <div class=\"dropdown-menu dropdown-menu-right\" aria-labelledby=\"dropdownMenuButton\">\r\n                <\/div>\r\n            <\/div>\r\n        <\/nav>\r\n    <\/div>\r\n<\/div>\n\n\r\n<div class=\"eye-block empty-space empty-space--medium pt-md-4 pb-md-4 pt-3 pb-3\" ><\/div>\n\n\n<div class=\"ghostkit-grid ghostkit-grid-gap-md\"><div class=\"ghostkit-grid-inner\">\n<div class=\"ghostkit-col ghostkit-col-md-12 ghostkit-col-6\"><div class=\"ghostkit-col-content is-layout-flow wp-block-ghostkit-grid-column-is-layout-flow\">\r\n<div id=\"deurne-section\" class=\"eye-block menu-section\" title=\"deurne\" data-section-name=\"Deurne\"><\/div>\r\n\n\n\n<figure class=\"wp-block-image size-large\"><a href=\"https:\/\/www.koonings.com\/fr\/deurne\/\"><img decoding=\"async\" width=\"1024\" height=\"575\" src=\"https:\/\/www.koonings.com\/wp-content\/uploads\/2024\/06\/palace-hero-screenshot-1024x575.png\" alt=\"Koonings Le Palais des Mariages Deurne\" class=\"wp-image-117\" style=\"aspect-ratio:16\/9;object-fit:cover\" srcset=\"https:\/\/www.koonings.com\/wp-content\/uploads\/2024\/06\/palace-hero-screenshot-1024x575.png 1024w, https:\/\/www.koonings.com\/wp-content\/uploads\/2024\/06\/palace-hero-screenshot-300x168.png 300w, https:\/\/www.koonings.com\/wp-content\/uploads\/2024\/06\/palace-hero-screenshot-768x431.png 768w, https:\/\/www.koonings.com\/wp-content\/uploads\/2024\/06\/palace-hero-screenshot-1536x862.png 1536w, https:\/\/www.koonings.com\/wp-content\/uploads\/2024\/06\/palace-hero-screenshot-2048x1149.png 2048w\" sizes=\"(max-width: 1024px) 100vw, 1024px\" \/><\/a><\/figure>\n\n\n\r\n<div class=\"eye-block empty-space empty-space--custom \" style=\"height: 1rem\"><\/div>\n\n\n<h2 class=\"wp-block-heading has-text-align-center\" id=\"the-wedding-palace-deurne\">Palais des mariages, Deurne<\/h2>\n\n\n\n<p>Apr\u00e8s une ouverture en fanfare en octobre 2018, Koonings The Wedding Palace peut se targuer d&#8217;\u00eatre la plus grande boutique de mariage au monde : une exp\u00e9rience de shopping tout-en-un de 11 000 m2. Chez Koonings The Wedding Palace, vous trouverez les tendances les plus exclusives de la mode nuptiale. Une exp\u00e9rience totale compl\u00e9t\u00e9e par une bouch\u00e9e et une boisson au <a href=\"https:\/\/www.koonings.com\/fr\/deurne\/restaurants\/restaurant-inekes\/\">restaurant Inekes<\/a>, <a href=\"https:\/\/www.koonings.com\/fr\/deurne\/restaurants\/roberts-trattoria\/\">Roberts Trattoria<\/a>, du shopping \u00e0 <a href=\"https:\/\/www.koonings.com\/fr\/goodiestore\/\">The Goodiestore<\/a> ou du plaisir au <a href=\"https:\/\/www.koonings.com\/fr\/deurne\/beaute\/\">Koonings Beautysalon<\/a>. <\/p>\n\n\n\r\n<div class=\"eye-element bsbutton text-center \" >\r\n\t        <a class=\"btn btn-primary\" href=\"https:\/\/www.koonings.com\/fr\/deurne\/\"\r\n           target=\"\">Plus d&#8217;informations sur le Palais des Mariages<\/a>\r\n\t<\/div><\/div><\/div>\n\n\n\n<div class=\"ghostkit-col ghostkit-col-md-12 ghostkit-col-6\"><div class=\"ghostkit-col-content is-layout-flow wp-block-ghostkit-grid-column-is-layout-flow\">\r\n<div id=\"valkenburg-section\" class=\"eye-block menu-section\" title=\"valkenburg\" data-section-name=\"Valkenburg\"><\/div>\r\n\n\n\n<figure class=\"wp-block-image size-large\"><a href=\"https:\/\/www.koonings.com\/fr\/valkenburg\/\"><img decoding=\"async\" width=\"1024\" height=\"575\" src=\"https:\/\/www.koonings.com\/wp-content\/uploads\/2024\/06\/KOO_Aad_Valkenburg-1024x575.jpeg\" alt=\"Koonings Le ch&#xE2;teau du mariage Valkenburg\" class=\"wp-image-850\" style=\"aspect-ratio:16\/9;object-fit:cover\" srcset=\"https:\/\/www.koonings.com\/wp-content\/uploads\/2024\/06\/KOO_Aad_Valkenburg-1024x575.jpeg 1024w, https:\/\/www.koonings.com\/wp-content\/uploads\/2024\/06\/KOO_Aad_Valkenburg-300x168.jpeg 300w, https:\/\/www.koonings.com\/wp-content\/uploads\/2024\/06\/KOO_Aad_Valkenburg-768x431.jpeg 768w, https:\/\/www.koonings.com\/wp-content\/uploads\/2024\/06\/KOO_Aad_Valkenburg-1536x862.jpeg 1536w, https:\/\/www.koonings.com\/wp-content\/uploads\/2024\/06\/KOO_Aad_Valkenburg.jpeg 1600w\" sizes=\"(max-width: 1024px) 100vw, 1024px\" \/><\/a><\/figure>\n\n\n\r\n<div class=\"eye-block empty-space empty-space--custom \" style=\"height: 1rem\"><\/div>\n\n\n<h2 class=\"wp-block-heading has-text-align-center\" id=\"the-wedding-palace-deurne\">Le ch\u00e2teau du mariage, Valkenburg<\/h2>\n\n\n\n<p>Avec une boutique de mariage, <a href=\"https:\/\/www.koonings.com\/fr\/valkenburg\/restaurants\/\">plusieurs restaurants<\/a>, un h\u00f4tel avec suite nuptiale et un magnifique lieu de mariage avec salle de bal, nous cr\u00e9ons une exp\u00e9rience pour les mari\u00e9s, leur famille et leurs amis. Avec une superficie totale de 34 527 m2, le domaine de Kasteel Oost offre des possibilit\u00e9s infinies pour une exp\u00e9rience de conte de f\u00e9es. Un lieu o\u00f9 les habitants de Valkenburg et d&#8217;ailleurs, les touristes, les invit\u00e9s, les entreprises, les futures mari\u00e9es et les familles sont enchant\u00e9s par le conte de f\u00e9es de Koonings, le ch\u00e2teau du mariage. Une exp\u00e9rience compl\u00e8te pour les mariages, les f\u00eates, les plaisirs, les d\u00e9jeuners, les d\u00eeners et les nuit\u00e9es.    <\/p>\n\n\n\r\n<div class=\"eye-element bsbutton text-center \" >\r\n\t        <a class=\"btn btn-primary\" href=\"https:\/\/www.koonings.com\/fr\/valkenburg\/\"\r\n           target=\"\">Plus d&#8217;informations sur le Ch\u00e2teau du Mariage<\/a>\r\n\t<\/div><\/div><\/div>\n<\/div><\/div>\n\n<\/div>\r\n            <\/div>\r\n        <\/div>\r\n    <\/div>\r\n\r\n<\/div>\r\n\r\n    \r\n\r\n<div class=\"eye-element fullwidth-row alignfull style-both bg--none  alignfull \" style=\" \">\r\n\r\n    <div class=\"container\">\r\n        <div class=\"row\">\r\n            <div class=\"col-12\">\r\n                <div class=\"acf-innerblocks-container\"><\/div>\r\n            <\/div>\r\n        <\/div>\r\n    <\/div>\r\n\r\n<\/div>\r\n\r\n    ","protected":false},"excerpt":{"rendered":"","protected":false},"author":1,"featured_media":0,"parent":0,"menu_order":0,"comment_status":"closed","ping_status":"closed","template":"","meta":{"_acf_changed":false,"ghostkit_customizer_options":"","ghostkit_custom_css":"","ghostkit_custom_js_head":"","ghostkit_custom_js_foot":"","ghostkit_typography":"","footnotes":""},"class_list":["post-16540","page","type-page","status-publish","hentry"],"acf":[],"yoast_head":"<!-- This site is optimized with the Yoast SEO plugin v27.3 - https:\/\/yoast.com\/product\/yoast-seo-wordpress\/ -->\n<title>A propos de nous | Koonings<\/title>\n<meta name=\"robots\" content=\"index, follow, max-snippet:-1, max-image-preview:large, max-video-preview:-1\" \/>\n<link rel=\"canonical\" href=\"https:\/\/www.koonings.com\/fr\/a-propos-de-nous\/\" \/>\n<meta property=\"og:locale\" content=\"fr_FR\" \/>\n<meta property=\"og:type\" content=\"article\" \/>\n<meta property=\"og:title\" content=\"A propos de nous | Koonings\" \/>\n<meta property=\"og:url\" content=\"https:\/\/www.koonings.com\/fr\/a-propos-de-nous\/\" \/>\n<meta property=\"og:site_name\" content=\"Koonings\" \/>\n<meta property=\"article:publisher\" content=\"https:\/\/www.facebook.com\/kooningstheweddingpalace\" \/>\n<meta property=\"article:modified_time\" content=\"2025-09-29T10:48:43+00:00\" \/>\n<meta property=\"og:image\" content=\"https:\/\/www.koonings.com\/wp-content\/uploads\/2024\/06\/palace-hero-screenshot-1024x575.png\" \/>\n\t<meta property=\"og:image:width\" content=\"1024\" \/>\n\t<meta property=\"og:image:height\" content=\"575\" \/>\n\t<meta property=\"og:image:type\" content=\"image\/png\" \/>\n<meta name=\"twitter:card\" content=\"summary_large_image\" \/>\n<meta name=\"twitter:label1\" content=\"Dur\u00e9e de lecture estim\u00e9e\" \/>\n\t<meta name=\"twitter:data1\" content=\"1 minute\" \/>\n<script type=\"application\/ld+json\" class=\"yoast-schema-graph\">{\"@context\":\"https:\\\/\\\/schema.org\",\"@graph\":[{\"@type\":\"WebPage\",\"@id\":\"https:\\\/\\\/www.koonings.com\\\/fr\\\/a-propos-de-nous\\\/\",\"url\":\"https:\\\/\\\/www.koonings.com\\\/fr\\\/a-propos-de-nous\\\/\",\"name\":\"A propos de nous | Koonings\",\"isPartOf\":{\"@id\":\"https:\\\/\\\/www.koonings.com\\\/fr\\\/#website\"},\"primaryImageOfPage\":{\"@id\":\"https:\\\/\\\/www.koonings.com\\\/fr\\\/a-propos-de-nous\\\/#primaryimage\"},\"image\":{\"@id\":\"https:\\\/\\\/www.koonings.com\\\/fr\\\/a-propos-de-nous\\\/#primaryimage\"},\"thumbnailUrl\":\"https:\\\/\\\/www.koonings.com\\\/wp-content\\\/uploads\\\/2024\\\/06\\\/palace-hero-screenshot-1024x575.png\",\"datePublished\":\"2024-07-19T11:19:56+00:00\",\"dateModified\":\"2025-09-29T10:48:43+00:00\",\"breadcrumb\":{\"@id\":\"https:\\\/\\\/www.koonings.com\\\/fr\\\/a-propos-de-nous\\\/#breadcrumb\"},\"inLanguage\":\"fr-FR\",\"potentialAction\":[{\"@type\":\"ReadAction\",\"target\":[\"https:\\\/\\\/www.koonings.com\\\/fr\\\/a-propos-de-nous\\\/\"]}]},{\"@type\":\"ImageObject\",\"inLanguage\":\"fr-FR\",\"@id\":\"https:\\\/\\\/www.koonings.com\\\/fr\\\/a-propos-de-nous\\\/#primaryimage\",\"url\":\"https:\\\/\\\/www.koonings.com\\\/wp-content\\\/uploads\\\/2024\\\/06\\\/palace-hero-screenshot-1024x575.png\",\"contentUrl\":\"https:\\\/\\\/www.koonings.com\\\/wp-content\\\/uploads\\\/2024\\\/06\\\/palace-hero-screenshot-1024x575.png\"},{\"@type\":\"BreadcrumbList\",\"@id\":\"https:\\\/\\\/www.koonings.com\\\/fr\\\/a-propos-de-nous\\\/#breadcrumb\",\"itemListElement\":[{\"@type\":\"ListItem\",\"position\":1,\"name\":\"Home\",\"item\":\"https:\\\/\\\/www.koonings.com\\\/fr\\\/\"},{\"@type\":\"ListItem\",\"position\":2,\"name\":\"A propos de nous\"}]},{\"@type\":\"WebSite\",\"@id\":\"https:\\\/\\\/www.koonings.com\\\/fr\\\/#website\",\"url\":\"https:\\\/\\\/www.koonings.com\\\/fr\\\/\",\"name\":\"Koonings\",\"description\":\"De grootste bruidsmodewinkel ter wereld\",\"publisher\":{\"@id\":\"https:\\\/\\\/www.koonings.com\\\/fr\\\/#organization\"},\"potentialAction\":[{\"@type\":\"SearchAction\",\"target\":{\"@type\":\"EntryPoint\",\"urlTemplate\":\"https:\\\/\\\/www.koonings.com\\\/fr\\\/?s={search_term_string}\"},\"query-input\":{\"@type\":\"PropertyValueSpecification\",\"valueRequired\":true,\"valueName\":\"search_term_string\"}}],\"inLanguage\":\"fr-FR\"},{\"@type\":\"Organization\",\"@id\":\"https:\\\/\\\/www.koonings.com\\\/fr\\\/#organization\",\"name\":\"Koonings\",\"url\":\"https:\\\/\\\/www.koonings.com\\\/fr\\\/\",\"logo\":{\"@type\":\"ImageObject\",\"inLanguage\":\"fr-FR\",\"@id\":\"https:\\\/\\\/www.koonings.com\\\/fr\\\/#\\\/schema\\\/logo\\\/image\\\/\",\"url\":\"https:\\\/\\\/www.koonings.com\\\/wp-content\\\/uploads\\\/2024\\\/07\\\/logo.png\",\"contentUrl\":\"https:\\\/\\\/www.koonings.com\\\/wp-content\\\/uploads\\\/2024\\\/07\\\/logo.png\",\"width\":600,\"height\":428,\"caption\":\"Koonings\"},\"image\":{\"@id\":\"https:\\\/\\\/www.koonings.com\\\/fr\\\/#\\\/schema\\\/logo\\\/image\\\/\"},\"sameAs\":[\"https:\\\/\\\/www.facebook.com\\\/kooningstheweddingpalace\",\"https:\\\/\\\/www.instagram.com\\\/kooningstheweddingpalace\",\"https:\\\/\\\/www.pinterest.com\\\/koonings\",\"https:\\\/\\\/www.youtube.com\\\/kooningstheweddingpalace\"]}]}<\/script>\n<!-- \/ Yoast SEO plugin. -->","yoast_head_json":{"title":"A propos de nous | Koonings","robots":{"index":"index","follow":"follow","max-snippet":"max-snippet:-1","max-image-preview":"max-image-preview:large","max-video-preview":"max-video-preview:-1"},"canonical":"https:\/\/www.koonings.com\/fr\/a-propos-de-nous\/","og_locale":"fr_FR","og_type":"article","og_title":"A propos de nous | Koonings","og_url":"https:\/\/www.koonings.com\/fr\/a-propos-de-nous\/","og_site_name":"Koonings","article_publisher":"https:\/\/www.facebook.com\/kooningstheweddingpalace","article_modified_time":"2025-09-29T10:48:43+00:00","og_image":[{"width":1024,"height":575,"url":"https:\/\/www.koonings.com\/wp-content\/uploads\/2024\/06\/palace-hero-screenshot-1024x575.png","type":"image\/png"}],"twitter_card":"summary_large_image","twitter_misc":{"Dur\u00e9e de lecture estim\u00e9e":"1 minute"},"schema":{"@context":"https:\/\/schema.org","@graph":[{"@type":"WebPage","@id":"https:\/\/www.koonings.com\/fr\/a-propos-de-nous\/","url":"https:\/\/www.koonings.com\/fr\/a-propos-de-nous\/","name":"A propos de nous | Koonings","isPartOf":{"@id":"https:\/\/www.koonings.com\/fr\/#website"},"primaryImageOfPage":{"@id":"https:\/\/www.koonings.com\/fr\/a-propos-de-nous\/#primaryimage"},"image":{"@id":"https:\/\/www.koonings.com\/fr\/a-propos-de-nous\/#primaryimage"},"thumbnailUrl":"https:\/\/www.koonings.com\/wp-content\/uploads\/2024\/06\/palace-hero-screenshot-1024x575.png","datePublished":"2024-07-19T11:19:56+00:00","dateModified":"2025-09-29T10:48:43+00:00","breadcrumb":{"@id":"https:\/\/www.koonings.com\/fr\/a-propos-de-nous\/#breadcrumb"},"inLanguage":"fr-FR","potentialAction":[{"@type":"ReadAction","target":["https:\/\/www.koonings.com\/fr\/a-propos-de-nous\/"]}]},{"@type":"ImageObject","inLanguage":"fr-FR","@id":"https:\/\/www.koonings.com\/fr\/a-propos-de-nous\/#primaryimage","url":"https:\/\/www.koonings.com\/wp-content\/uploads\/2024\/06\/palace-hero-screenshot-1024x575.png","contentUrl":"https:\/\/www.koonings.com\/wp-content\/uploads\/2024\/06\/palace-hero-screenshot-1024x575.png"},{"@type":"BreadcrumbList","@id":"https:\/\/www.koonings.com\/fr\/a-propos-de-nous\/#breadcrumb","itemListElement":[{"@type":"ListItem","position":1,"name":"Home","item":"https:\/\/www.koonings.com\/fr\/"},{"@type":"ListItem","position":2,"name":"A propos de nous"}]},{"@type":"WebSite","@id":"https:\/\/www.koonings.com\/fr\/#website","url":"https:\/\/www.koonings.com\/fr\/","name":"Koonings","description":"De grootste bruidsmodewinkel ter wereld","publisher":{"@id":"https:\/\/www.koonings.com\/fr\/#organization"},"potentialAction":[{"@type":"SearchAction","target":{"@type":"EntryPoint","urlTemplate":"https:\/\/www.koonings.com\/fr\/?s={search_term_string}"},"query-input":{"@type":"PropertyValueSpecification","valueRequired":true,"valueName":"search_term_string"}}],"inLanguage":"fr-FR"},{"@type":"Organization","@id":"https:\/\/www.koonings.com\/fr\/#organization","name":"Koonings","url":"https:\/\/www.koonings.com\/fr\/","logo":{"@type":"ImageObject","inLanguage":"fr-FR","@id":"https:\/\/www.koonings.com\/fr\/#\/schema\/logo\/image\/","url":"https:\/\/www.koonings.com\/wp-content\/uploads\/2024\/07\/logo.png","contentUrl":"https:\/\/www.koonings.com\/wp-content\/uploads\/2024\/07\/logo.png","width":600,"height":428,"caption":"Koonings"},"image":{"@id":"https:\/\/www.koonings.com\/fr\/#\/schema\/logo\/image\/"},"sameAs":["https:\/\/www.facebook.com\/kooningstheweddingpalace","https:\/\/www.instagram.com\/kooningstheweddingpalace","https:\/\/www.pinterest.com\/koonings","https:\/\/www.youtube.com\/kooningstheweddingpalace"]}]}},"_links":{"self":[{"href":"https:\/\/www.koonings.com\/fr\/wp-json\/wp\/v2\/pages\/16540","targetHints":{"allow":["GET"]}}],"collection":[{"href":"https:\/\/www.koonings.com\/fr\/wp-json\/wp\/v2\/pages"}],"about":[{"href":"https:\/\/www.koonings.com\/fr\/wp-json\/wp\/v2\/types\/page"}],"author":[{"embeddable":true,"href":"https:\/\/www.koonings.com\/fr\/wp-json\/wp\/v2\/users\/1"}],"replies":[{"embeddable":true,"href":"https:\/\/www.koonings.com\/fr\/wp-json\/wp\/v2\/comments?post=16540"}],"version-history":[{"count":3,"href":"https:\/\/www.koonings.com\/fr\/wp-json\/wp\/v2\/pages\/16540\/revisions"}],"predecessor-version":[{"id":98773,"href":"https:\/\/www.koonings.com\/fr\/wp-json\/wp\/v2\/pages\/16540\/revisions\/98773"}],"wp:attachment":[{"href":"https:\/\/www.koonings.com\/fr\/wp-json\/wp\/v2\/media?parent=16540"}],"curies":[{"name":"wp","href":"https:\/\/api.w.org\/{rel}","templated":true}]}}