{"id":16224,"date":"2024-08-06T17:14:40","date_gmt":"2024-08-06T15:14:40","guid":{"rendered":"https:\/\/www.koonings.com\/inspiration\/"},"modified":"2025-11-26T10:50:04","modified_gmt":"2025-11-26T09:50:04","slug":"inspiration","status":"publish","type":"page","link":"https:\/\/www.koonings.com\/fr\/inspiration\/","title":{"rendered":"Inspiration"},"content":{"rendered":"\r\n\r\n<div class=\"eye-element fullwidth-row alignfull style-both bg--none  alignfull \" style=\" \">\r\n\r\n    <div class=\"container\">\r\n        <div class=\"row\">\r\n            <div class=\"col-12\">\r\n                <div class=\"acf-innerblocks-container\">\n\n<h1 class=\"wp-block-heading has-text-align-center\" id=\"inspiratie\">Inspiration<\/h1>\n\n\n\n<p class=\"has-text-align-center\">Laissez-nous vous emmener dans le monde de Koonings. Des productions t\u00e9l\u00e9vis\u00e9es aux \u00e9v\u00e9nements, il se passe toujours quelque chose entre les murs du palais de Koonings. Nos blogs vous tiennent au courant de toutes les nouvelles, des tendances actuelles en mati\u00e8re de mariage, des meilleurs conseils et astuces pour votre mariage et des coulisses de Say Yes To The Dress et Married At First Sight. Consultez la page des \u00e9v\u00e9nements pour vous tenir au courant de tous nos \u00e9v\u00e9nements.   <\/p>\n\n\n\r\n<div class=\"eye-block empty-space empty-space--medium pt-md-4 pb-md-4 pt-3 pb-3\" ><\/div>\n\n\n<div class=\"ghostkit-grid ghostkit-grid-gap-md ghostkit-grid-justify-content-center equal-height-columns\"><div class=\"ghostkit-grid-inner\">\n<div class=\"ghostkit-col ghostkit-col-md-12 ghostkit-col-lg-6 ghostkit-col-3\"><div class=\"ghostkit-col-content is-layout-flow wp-block-ghostkit-grid-column-is-layout-flow\">\r\n<article class=\"eye-element imagelinkcard without-sublinks\"\r\n         style=\"position: relative\">\r\n\t    <a href=\"https:\/\/www.koonings.com\/fr\/a-propos-de-nous\/blog\/\" target=\"\" class=\"main-link\"\r\n       title=\"Blog\">\r\n\t\t        <img decoding=\"async\" src=\"https:\/\/www.koonings.com\/wp-content\/uploads\/2024\/08\/foto_blogs.jpg.webp\" srcset=\"https:\/\/www.koonings.com\/wp-content\/uploads\/2024\/08\/foto_blogs.jpg.webp\" alt=\"\"\r\n             class=\"imagelinkcard__image img-fluid\">\r\n\t\t        <!--        <div class=\"shine\"><\/div>-->\r\n    <\/a>\r\n\r\n\t        <div class=\"card-content\">\r\n\t\t\t                <a href=\"https:\/\/www.koonings.com\/fr\/a-propos-de-nous\/blog\/\" target=\"\" class=\"main-link\">\r\n                    <span>Blog<\/span>\r\n                <\/a>\r\n\t\t\t\r\n\t\t\t\r\n\t\t\t        <\/div>\r\n\t<\/article><\/div><\/div>\n\n\n\n<div class=\"ghostkit-col ghostkit-col-md-12 ghostkit-col-lg-6 ghostkit-col-3\"><div class=\"ghostkit-col-content is-layout-flow wp-block-ghostkit-grid-column-is-layout-flow\">\r\n<article class=\"eye-element imagelinkcard without-sublinks\"\r\n         style=\"position: relative\">\r\n\t    <a href=\"https:\/\/www.koonings.com\/fr\/tv-et-presse\/\" target=\"\" class=\"main-link\"\r\n       title=\"TV et presse\">\r\n\t\t        <img decoding=\"async\" src=\"https:\/\/www.koonings.com\/wp-content\/uploads\/2024\/08\/schermafbeelding_2022-10-04_om_21.29.31.png.webp\" srcset=\"https:\/\/www.koonings.com\/wp-content\/uploads\/2024\/08\/schermafbeelding_2022-10-04_om_21.29.31.png.webp\" alt=\"\"\r\n             class=\"imagelinkcard__image img-fluid\">\r\n\t\t        <!--        <div class=\"shine\"><\/div>-->\r\n    <\/a>\r\n\r\n\t        <div class=\"card-content\">\r\n\t\t\t                <a href=\"https:\/\/www.koonings.com\/fr\/tv-et-presse\/\" target=\"\" class=\"main-link\">\r\n                    <span>TV et presse<\/span>\r\n                <\/a>\r\n\t\t\t\r\n\t\t\t\r\n\t\t\t        <\/div>\r\n\t<\/article><\/div><\/div>\n\n\n\n<div class=\"ghostkit-col ghostkit-col-md-12 ghostkit-col-lg-6 ghostkit-col-3\"><div class=\"ghostkit-col-content is-layout-flow wp-block-ghostkit-grid-column-is-layout-flow\">\r\n<article class=\"eye-element imagelinkcard without-sublinks\"\r\n         style=\"position: relative\">\r\n\t    <a href=\"https:\/\/www.koonings.com\/fr\/spectacles-et-evenements\/\" target=\"\" class=\"main-link\"\r\n       title=\"Spectacles et \u00e9v\u00e9nements\">\r\n\t\t        <img decoding=\"async\" src=\"https:\/\/www.koonings.com\/wp-content\/uploads\/2024\/07\/koonings_bruidsshow_2.png\" srcset=\"https:\/\/www.koonings.com\/wp-content\/uploads\/2024\/07\/koonings_bruidsshow_2.png\" alt=\"Koonings Bruidsmodeshows\"\r\n             class=\"imagelinkcard__image img-fluid\">\r\n\t\t        <!--        <div class=\"shine\"><\/div>-->\r\n    <\/a>\r\n\r\n\t        <div class=\"card-content\">\r\n\t\t\t                <a href=\"https:\/\/www.koonings.com\/fr\/spectacles-et-evenements\/\" target=\"\" class=\"main-link\">\r\n                    <span>Spectacles et \u00e9v\u00e9nements<\/span>\r\n                <\/a>\r\n\t\t\t\r\n\t\t\t\r\n\t\t\t        <\/div>\r\n\t<\/article><\/div><\/div>\n<\/div><\/div>\n\n<\/div>\r\n            <\/div>\r\n        <\/div>\r\n    <\/div>\r\n\r\n<\/div>\r\n\r\n    \r\n\r\n<div class=\"eye-element fullwidth-row alignfull style-both bg--none  alignfull \" style=\" \">\r\n\r\n    <div class=\"container\">\r\n        <div class=\"row\">\r\n            <div class=\"col-12\">\r\n                <div class=\"acf-innerblocks-container\">\n\n<h2 class=\"wp-block-heading has-text-align-center\" id=\"trends-tips-en-ideeen\">Tendances, conseils et id\u00e9es<\/h2>\n\n\n\n<p class=\"has-text-align-center\">Vous y trouverez une vaste source d&#8217;informations et d&#8217;inspiration. Que vous recherchiez les derni\u00e8res tendances en mati\u00e8re de robes de mari\u00e9e, des conseils pour de superbes coiffures de mari\u00e9e ou des suggestions d&#8217;accessoires parfaits pour compl\u00e9ter votre look. Laissez-vous inspirer et d\u00e9couvrez toutes les possibilit\u00e9s.  <\/p>\n\n\n\r\n<div class=\"eye-block empty-space empty-space--medium pt-md-4 pb-md-4 pt-3 pb-3\" ><\/div>\n\n\n<div class=\"ghostkit-grid ghostkit-grid-gap-md\"><div class=\"ghostkit-grid-inner\">\n<div class=\"ghostkit-col ghostkit-col-lg-12 ghostkit-col-4\"><div class=\"ghostkit-col-content is-layout-flow wp-block-ghostkit-grid-column-is-layout-flow\">\n<h3 class=\"wp-block-heading\" id=\"hair-beauty\">Robes de mari\u00e9e<\/h3>\n\n\n\n<ul class=\"wp-block-list\">\n<li><a href=\"https:\/\/www.koonings.com\/fr\/inspiration\/robes-de-mariee-boheme\/\">Robes de mari\u00e9e boh\u00e8me<\/a><\/li>\n\n\n\n<li><a href=\"https:\/\/www.koonings.com\/fr\/inspiration\/robes-de-mariee-courtes\/\">Robes de mari\u00e9e courtes<\/a><\/li>\n\n\n\n<li><a href=\"https:\/\/www.koonings.com\/fr\/inspiration\/combinaison-de-mariage\/\">Combinaison de mariage<\/a><\/li>\n\n\n\n<li><a href=\"https:\/\/www.koonings.com\/fr\/inspiration\/robe-de-mariee-sexy\/\">Robe de mari\u00e9e sexy<\/a><\/li>\n\n\n\n<li><a href=\"https:\/\/www.koonings.com\/fr\/inspiration\/robe-de-mariee-avec-manches\/\">Robe de mari\u00e9e avec manches<\/a><\/li>\n\n\n\n<li><a href=\"https:\/\/www.koonings.com\/fr\/inspiration\/robe-de-mariee-classique\/\">Robe de mari\u00e9e classique<\/a><\/li>\n\n\n\n<li><a href=\"https:\/\/www.koonings.com\/fr\/inspiration\/robe-de-mariee-a-line\/\">Robe de mari\u00e9e A-line<\/a><\/li>\n\n\n\n<li><a href=\"https:\/\/www.koonings.com\/fr\/inspiration\/robe-de-mariee-de-princesse\/\">Robe de mari\u00e9e de princesse<\/a><\/li>\n\n\n\n<li><a href=\"https:\/\/www.koonings.com\/fr\/inspiration\/robe-de-mariee-sirene\/\">Robe de mari\u00e9e sir\u00e8ne<\/a><\/li>\n\n\n\n<li><a href=\"https:\/\/www.koonings.com\/fr\/inspiration\/robe-de-mariee-simple\/\">Robe de mari\u00e9e simple<\/a><\/li>\n\n\n\n<li><a href=\"https:\/\/www.koonings.com\/fr\/inspiration\/essayage-de-la-robe-de-mariee\/\">Essayage de la robe de mari\u00e9e<\/a><\/li>\n\n\n\n<li><a href=\"https:\/\/www.koonings.com\/fr\/inspiration\/robe-de-mariee-classique-2\/\">Robe de mari\u00e9e avec dentelle<\/a><\/li>\n\n\n\n<li><a href=\"https:\/\/www.koonings.com\/fr\/inspiration\/robe-de-mariee-en-dentelle\/\">Robe de mari\u00e9e moderne<\/a><\/li>\n\n\n\n<li><a href=\"https:\/\/www.koonings.com\/fr\/inspiration\/robe-de-mariee-de-plage\/\">Robe de mari\u00e9e de plage<\/a><\/li>\n\n\n\n<li><a href=\"https:\/\/www.koonings.com\/fr\/?page_id=105286\">Robe de mari\u00e9e bon march\u00e9<\/a><\/li>\n\n\n\n<li><a href=\"https:\/\/www.koonings.com\/fr\/inspiration\/robe-de-mariee-de-plage-2\/\">Robe de mari\u00e9e deux pi\u00e8ces<\/a><\/li>\n\n\n\n<li><a href=\"https:\/\/www.koonings.com\/fr\/inspiration\/code-vestimentaire-tenue-de-ville-2\/\">Robes de mari\u00e9e cintr\u00e9es<\/a><\/li>\n<\/ul>\n\n\n\n<h3 class=\"wp-block-heading\" id=\"bruidsmode\">Mode nuptiale<\/h3>\n\n\n\n<ul class=\"wp-block-list\">\n<li><a href=\"https:\/\/www.koonings.com\/fr\/inspiration\/la-mode-nuptiale-dans-le-limbourg-du-sud\/\">Mode nuptiale Limbourg<\/a><\/li>\n<\/ul>\n<\/div><\/div>\n\n\n\n<div class=\"ghostkit-col ghostkit-col-lg-12 ghostkit-col-4\"><div class=\"ghostkit-col-content is-layout-flow wp-block-ghostkit-grid-column-is-layout-flow\">\n<h3 class=\"wp-block-heading\" id=\"hair-beauty\">Coiffure et beaut\u00e9<\/h3>\n\n\n\n<ul class=\"wp-block-list\">\n<li><a href=\"https:\/\/www.koonings.com\/fr\/inspiration\/coiffures-de-mariee\/\">Coiffures de mari\u00e9e<\/a><\/li>\n\n\n\n<li><a href=\"https:\/\/www.koonings.com\/fr\/inspiration\/les-plus-belles-coiffures-de-noel\/\">Les plus belles coiffures de No\u00ebl<\/a><\/li>\n\n\n\n<li><a href=\"https:\/\/www.koonings.com\/fr\/inspiration\/votre-coiffeur-a-deurne\/\">Votre coiffeur \u00e0 Deurne<\/a><\/li>\n<\/ul>\n\n\n\n<h3 class=\"wp-block-heading\" id=\"hair-beauty\">Mari\u00e9<\/h3>\n\n\n\n<ul class=\"wp-block-list\">\n<li><a href=\"https:\/\/www.koonings.com\/fr\/inspiration\/costume-de-mariage\/\">Costume de mariage<\/a><\/li>\n\n\n\n<li><a href=\"https:\/\/www.koonings.com\/fr\/inspiration\/costume-sur-mesure\/\">Costume sur mesure<\/a><\/li>\n<\/ul>\n\n\n\n<h3 class=\"wp-block-heading\" id=\"hair-beauty\">Invit\u00e9s<\/h3>\n\n\n\n<ul class=\"wp-block-list\">\n<li><a href=\"https:\/\/www.koonings.com\/fr\/inspiration\/robe-dinvite-de-mariage\/\">Habiller les invit\u00e9s du mariage<\/a><\/li>\n<\/ul>\n\n\n\n<h3 class=\"wp-block-heading\" id=\"hair-beauty\">Accessoires<\/h3>\n\n\n\n<ul class=\"wp-block-list\">\n<li><a href=\"https:\/\/www.koonings.com\/fr\/inspiration\/voiles\/\">Voiles<\/a><\/li>\n<\/ul>\n<\/div><\/div>\n\n\n\n<div class=\"ghostkit-col ghostkit-col-lg-12 ghostkit-col-4\"><div class=\"ghostkit-col-content is-layout-flow wp-block-ghostkit-grid-column-is-layout-flow\">\n<h3 class=\"wp-block-heading\" id=\"hair-beauty\">Inspiration<\/h3>\n\n\n\n<ul class=\"wp-block-list\">\n<li><a href=\"https:\/\/www.koonings.com\/fr\/inspiration\/code-vestimentaire-pour-les-mariages\/\">Code vestimentaire pour les mariages<\/a><\/li>\n\n\n\n<li><a href=\"https:\/\/www.koonings.com\/fr\/code-vestimentaire-summer-chic\/\">Code vestimentaire \u00e9t\u00e9 chic<\/a><\/li>\n\n\n\n<li><a href=\"https:\/\/www.koonings.com\/fr\/inspiration\/code-vestimentaire-tenue-de-ville\/\">Code vestimentaire tenue de ville<\/a><\/li>\n\n\n\n<li><a href=\"https:\/\/www.koonings.com\/fr\/inspiration\/code-vestimentaire-hiver-chic\/\">Code vestimentaire hiver chic<\/a><\/li>\n\n\n\n<li><a href=\"https:\/\/www.koonings.com\/fr\/inspiration\/code-vestimentaire-chic-et-decontracte\/\">Code vestimentaire : chic et d\u00e9contract\u00e9<\/a><\/li>\n\n\n\n<li><a href=\"https:\/\/www.koonings.com\/fr\/inspiration\/code-vestimentaire-cocktail\/\">Code vestimentaire cocktail<\/a><\/li>\n\n\n\n<li><a href=\"https:\/\/www.koonings.com\/fr\/inspiration\/code-vestimentaire-boheme\/\">Code vestimentaire boh\u00e8me<\/a><\/li>\n\n\n\n<li><a href=\"https:\/\/www.koonings.com\/fr\/inspiration\/code-vestimentaire-cravate-noire\/\">Code vestimentaire : cravate noire<\/a><\/li>\n\n\n\n<li><a href=\"https:\/\/www.koonings.com\/fr\/inspiration\/code-vestimentaire-decontracte\/\">Code vestimentaire : d\u00e9contract\u00e9<\/a><\/li>\n\n\n\n<li><a href=\"https:\/\/www.koonings.com\/fr\/inspiration\/code-vestimentaire-festival-chic\/\">Code vestimentaire festival chic<\/a><\/li>\n\n\n\n<li><a href=\"https:\/\/www.koonings.com\/fr\/inspiration\/mariage-dhiver\/\">Mariage d&#8217;hiver<\/a><\/li>\n\n\n\n<li><a href=\"https:\/\/www.koonings.com\/fr\/inspiration\/mariage-dautomne\/\">Mariage d&#8217;automne<\/a><\/li>\n\n\n\n<li><a href=\"https:\/\/www.koonings.com\/fr\/inspiration\/mariage-de-printemps\/\">Mariage de printemps<\/a><\/li>\n\n\n\n<li><a href=\"https:\/\/www.koonings.com\/fr\/inspiration\/mariage-dete\/\">Mariage d&#8217;\u00e9t\u00e9<\/a><\/li>\n\n\n\n<li><a href=\"https:\/\/www.koonings.com\/fr\/inspiration\/choisir-une-date-de-mariage\/\">Choisir une date de mariage<\/a><\/li>\n<\/ul>\n<\/div><\/div>\n<\/div><\/div>\n\n<\/div>\r\n            <\/div>\r\n        <\/div>\r\n    <\/div>\r\n\r\n<\/div>\r\n\r\n    ","protected":false},"excerpt":{"rendered":"","protected":false},"author":1,"featured_media":0,"parent":0,"menu_order":0,"comment_status":"closed","ping_status":"closed","template":"","meta":{"_acf_changed":false,"ghostkit_customizer_options":"","ghostkit_custom_css":"","ghostkit_custom_js_head":"","ghostkit_custom_js_foot":"","ghostkit_typography":"","footnotes":""},"class_list":["post-16224","page","type-page","status-publish","hentry"],"acf":[],"yoast_head":"<!-- This site is optimized with the Yoast SEO plugin v27.3 - https:\/\/yoast.com\/product\/yoast-seo-wordpress\/ -->\n<title>Inspiration | Koonings<\/title>\n<meta name=\"robots\" content=\"index, follow, max-snippet:-1, max-image-preview:large, max-video-preview:-1\" \/>\n<link rel=\"canonical\" href=\"https:\/\/www.koonings.com\/fr\/inspiration\/\" \/>\n<meta property=\"og:locale\" content=\"fr_FR\" \/>\n<meta property=\"og:type\" content=\"article\" \/>\n<meta property=\"og:title\" content=\"Inspiration | Koonings\" \/>\n<meta property=\"og:url\" content=\"https:\/\/www.koonings.com\/fr\/inspiration\/\" \/>\n<meta property=\"og:site_name\" content=\"Koonings\" \/>\n<meta property=\"article:publisher\" content=\"https:\/\/www.facebook.com\/kooningstheweddingpalace\" \/>\n<meta property=\"article:modified_time\" content=\"2025-11-26T09:50:04+00:00\" \/>\n<meta property=\"og:image\" content=\"https:\/\/www.koonings.com\/wp-content\/uploads\/2024\/06\/palace-hero-screenshot-1024x575.png\" \/>\n\t<meta property=\"og:image:width\" content=\"1024\" \/>\n\t<meta property=\"og:image:height\" content=\"575\" \/>\n\t<meta property=\"og:image:type\" content=\"image\/png\" \/>\n<meta name=\"twitter:card\" content=\"summary_large_image\" \/>\n<meta name=\"twitter:label1\" content=\"Dur\u00e9e de lecture estim\u00e9e\" \/>\n\t<meta name=\"twitter:data1\" content=\"2 minutes\" \/>\n<script type=\"application\/ld+json\" class=\"yoast-schema-graph\">{\"@context\":\"https:\\\/\\\/schema.org\",\"@graph\":[{\"@type\":\"WebPage\",\"@id\":\"https:\\\/\\\/www.koonings.com\\\/fr\\\/inspiration\\\/\",\"url\":\"https:\\\/\\\/www.koonings.com\\\/fr\\\/inspiration\\\/\",\"name\":\"Inspiration | Koonings\",\"isPartOf\":{\"@id\":\"https:\\\/\\\/www.koonings.com\\\/fr\\\/#website\"},\"datePublished\":\"2024-08-06T15:14:40+00:00\",\"dateModified\":\"2025-11-26T09:50:04+00:00\",\"breadcrumb\":{\"@id\":\"https:\\\/\\\/www.koonings.com\\\/fr\\\/inspiration\\\/#breadcrumb\"},\"inLanguage\":\"fr-FR\",\"potentialAction\":[{\"@type\":\"ReadAction\",\"target\":[\"https:\\\/\\\/www.koonings.com\\\/fr\\\/inspiration\\\/\"]}]},{\"@type\":\"BreadcrumbList\",\"@id\":\"https:\\\/\\\/www.koonings.com\\\/fr\\\/inspiration\\\/#breadcrumb\",\"itemListElement\":[{\"@type\":\"ListItem\",\"position\":1,\"name\":\"Home\",\"item\":\"https:\\\/\\\/www.koonings.com\\\/fr\\\/\"},{\"@type\":\"ListItem\",\"position\":2,\"name\":\"Inspiration\"}]},{\"@type\":\"WebSite\",\"@id\":\"https:\\\/\\\/www.koonings.com\\\/fr\\\/#website\",\"url\":\"https:\\\/\\\/www.koonings.com\\\/fr\\\/\",\"name\":\"Koonings\",\"description\":\"De grootste bruidsmodewinkel ter wereld\",\"publisher\":{\"@id\":\"https:\\\/\\\/www.koonings.com\\\/fr\\\/#organization\"},\"potentialAction\":[{\"@type\":\"SearchAction\",\"target\":{\"@type\":\"EntryPoint\",\"urlTemplate\":\"https:\\\/\\\/www.koonings.com\\\/fr\\\/?s={search_term_string}\"},\"query-input\":{\"@type\":\"PropertyValueSpecification\",\"valueRequired\":true,\"valueName\":\"search_term_string\"}}],\"inLanguage\":\"fr-FR\"},{\"@type\":\"Organization\",\"@id\":\"https:\\\/\\\/www.koonings.com\\\/fr\\\/#organization\",\"name\":\"Koonings\",\"url\":\"https:\\\/\\\/www.koonings.com\\\/fr\\\/\",\"logo\":{\"@type\":\"ImageObject\",\"inLanguage\":\"fr-FR\",\"@id\":\"https:\\\/\\\/www.koonings.com\\\/fr\\\/#\\\/schema\\\/logo\\\/image\\\/\",\"url\":\"https:\\\/\\\/www.koonings.com\\\/wp-content\\\/uploads\\\/2024\\\/07\\\/logo.png\",\"contentUrl\":\"https:\\\/\\\/www.koonings.com\\\/wp-content\\\/uploads\\\/2024\\\/07\\\/logo.png\",\"width\":600,\"height\":428,\"caption\":\"Koonings\"},\"image\":{\"@id\":\"https:\\\/\\\/www.koonings.com\\\/fr\\\/#\\\/schema\\\/logo\\\/image\\\/\"},\"sameAs\":[\"https:\\\/\\\/www.facebook.com\\\/kooningstheweddingpalace\",\"https:\\\/\\\/www.instagram.com\\\/kooningstheweddingpalace\",\"https:\\\/\\\/www.pinterest.com\\\/koonings\",\"https:\\\/\\\/www.youtube.com\\\/kooningstheweddingpalace\"]}]}<\/script>\n<!-- \/ Yoast SEO plugin. -->","yoast_head_json":{"title":"Inspiration | Koonings","robots":{"index":"index","follow":"follow","max-snippet":"max-snippet:-1","max-image-preview":"max-image-preview:large","max-video-preview":"max-video-preview:-1"},"canonical":"https:\/\/www.koonings.com\/fr\/inspiration\/","og_locale":"fr_FR","og_type":"article","og_title":"Inspiration | Koonings","og_url":"https:\/\/www.koonings.com\/fr\/inspiration\/","og_site_name":"Koonings","article_publisher":"https:\/\/www.facebook.com\/kooningstheweddingpalace","article_modified_time":"2025-11-26T09:50:04+00:00","og_image":[{"width":1024,"height":575,"url":"https:\/\/www.koonings.com\/wp-content\/uploads\/2024\/06\/palace-hero-screenshot-1024x575.png","type":"image\/png"}],"twitter_card":"summary_large_image","twitter_misc":{"Dur\u00e9e de lecture estim\u00e9e":"2 minutes"},"schema":{"@context":"https:\/\/schema.org","@graph":[{"@type":"WebPage","@id":"https:\/\/www.koonings.com\/fr\/inspiration\/","url":"https:\/\/www.koonings.com\/fr\/inspiration\/","name":"Inspiration | Koonings","isPartOf":{"@id":"https:\/\/www.koonings.com\/fr\/#website"},"datePublished":"2024-08-06T15:14:40+00:00","dateModified":"2025-11-26T09:50:04+00:00","breadcrumb":{"@id":"https:\/\/www.koonings.com\/fr\/inspiration\/#breadcrumb"},"inLanguage":"fr-FR","potentialAction":[{"@type":"ReadAction","target":["https:\/\/www.koonings.com\/fr\/inspiration\/"]}]},{"@type":"BreadcrumbList","@id":"https:\/\/www.koonings.com\/fr\/inspiration\/#breadcrumb","itemListElement":[{"@type":"ListItem","position":1,"name":"Home","item":"https:\/\/www.koonings.com\/fr\/"},{"@type":"ListItem","position":2,"name":"Inspiration"}]},{"@type":"WebSite","@id":"https:\/\/www.koonings.com\/fr\/#website","url":"https:\/\/www.koonings.com\/fr\/","name":"Koonings","description":"De grootste bruidsmodewinkel ter wereld","publisher":{"@id":"https:\/\/www.koonings.com\/fr\/#organization"},"potentialAction":[{"@type":"SearchAction","target":{"@type":"EntryPoint","urlTemplate":"https:\/\/www.koonings.com\/fr\/?s={search_term_string}"},"query-input":{"@type":"PropertyValueSpecification","valueRequired":true,"valueName":"search_term_string"}}],"inLanguage":"fr-FR"},{"@type":"Organization","@id":"https:\/\/www.koonings.com\/fr\/#organization","name":"Koonings","url":"https:\/\/www.koonings.com\/fr\/","logo":{"@type":"ImageObject","inLanguage":"fr-FR","@id":"https:\/\/www.koonings.com\/fr\/#\/schema\/logo\/image\/","url":"https:\/\/www.koonings.com\/wp-content\/uploads\/2024\/07\/logo.png","contentUrl":"https:\/\/www.koonings.com\/wp-content\/uploads\/2024\/07\/logo.png","width":600,"height":428,"caption":"Koonings"},"image":{"@id":"https:\/\/www.koonings.com\/fr\/#\/schema\/logo\/image\/"},"sameAs":["https:\/\/www.facebook.com\/kooningstheweddingpalace","https:\/\/www.instagram.com\/kooningstheweddingpalace","https:\/\/www.pinterest.com\/koonings","https:\/\/www.youtube.com\/kooningstheweddingpalace"]}]}},"_links":{"self":[{"href":"https:\/\/www.koonings.com\/fr\/wp-json\/wp\/v2\/pages\/16224","targetHints":{"allow":["GET"]}}],"collection":[{"href":"https:\/\/www.koonings.com\/fr\/wp-json\/wp\/v2\/pages"}],"about":[{"href":"https:\/\/www.koonings.com\/fr\/wp-json\/wp\/v2\/types\/page"}],"author":[{"embeddable":true,"href":"https:\/\/www.koonings.com\/fr\/wp-json\/wp\/v2\/users\/1"}],"replies":[{"embeddable":true,"href":"https:\/\/www.koonings.com\/fr\/wp-json\/wp\/v2\/comments?post=16224"}],"version-history":[{"count":7,"href":"https:\/\/www.koonings.com\/fr\/wp-json\/wp\/v2\/pages\/16224\/revisions"}],"predecessor-version":[{"id":105571,"href":"https:\/\/www.koonings.com\/fr\/wp-json\/wp\/v2\/pages\/16224\/revisions\/105571"}],"wp:attachment":[{"href":"https:\/\/www.koonings.com\/fr\/wp-json\/wp\/v2\/media?parent=16224"}],"curies":[{"name":"wp","href":"https:\/\/api.w.org\/{rel}","templated":true}]}}