{"id":94600,"date":"2026-04-14T16:34:17","date_gmt":"2026-04-14T14:34:17","guid":{"rendered":"https:\/\/www.koonings.com\/product\/poirier-sk-75343-rock-olivia\/"},"modified":"2026-04-14T15:47:55","modified_gmt":"2026-04-14T13:47:55","slug":"poirier-sk-75343-rock-olivia","status":"publish","type":"product","link":"https:\/\/www.koonings.com\/de\/product\/poirier-sk-75343-rock-olivia\/","title":{"rendered":"Poirier SK-75343 Rock | Olivia"},"content":{"rendered":"<p>SK-75343 &#8211; Auff\u00e4lliger T\u00fcllrock mit sch\u00f6ner Stickerei<br \/>\nRock aus der Olivia-Linie von Poirier.<br \/>\nAus elfenbeinfarbenem T\u00fcll.<br \/>\nReich bestickt mit Pailletten.<br \/>\nKleiner Slip.<br \/>\nDer Rock ist mit einem Innenfutter f\u00fcr zus\u00e4tzlichen Komfort ausgestattet.<br \/>\nDie Verwendung von drei Lagen weichem T\u00fcll sorgt f\u00fcr einen subtilen Volumeneffekt und ein nat\u00fcrliches Aussehen.<br \/>\nGr\u00f6\u00dfen: XS, S, M, L, XL.<br \/>\nPassendes Neckholder-Top T-75415 und Schleier S75502-280\/1 aus der Olivia Linie.<\/p>\n","protected":false},"featured_media":89143,"template":"","meta":{"_acf_changed":false,"ghostkit_customizer_options":"","ghostkit_custom_css":"","ghostkit_custom_js_head":"","ghostkit_custom_js_foot":"","ghostkit_typography":""},"productdetails":[],"productneck":[],"productcolor":[],"maat":[],"productsupplier":[416],"productsleeve":[],"productcategory":[509],"productsilhouette":[],"productstyle":[],"class_list":["post-94600","product","type-product","status-publish","has-post-thumbnail","hentry","productsupplier-poirier","productcategory-accessoires-bruid"],"acf":[],"yoast_head":"<!-- This site is optimized with the Yoast SEO plugin v27.3 - https:\/\/yoast.com\/product\/yoast-seo-wordpress\/ -->\n<title>Poirier SK-75343 Rock | Olivia | Koonings<\/title>\n<meta name=\"description\" content=\"SK-75343 - Auff\u00e4lliger T\u00fcllrock mit sch\u00f6ner Stickerei Rock aus der Olivia-Linie von Poirier. Aus elfenbeinfarbenem T\u00fcll. Reich bestickt mit Pailletten. Kleiner Slip. Der Rock ist mit einem Innenfutter f\u00fcr zus\u00e4tzlichen Komfort ausgestattet. Die Verwendung von drei Lagen weichem T\u00fcll sorgt f\u00fcr einen subtilen Volumeneffekt und ein nat\u00fcrliches Aussehen. Gr\u00f6\u00dfen: XS, S, M, L, XL. Passendes Neckholder-Top T-75415 und Schleier S75502-280\/1 aus der Olivia Linie.\" \/>\n<meta name=\"robots\" content=\"index, follow, max-snippet:-1, max-image-preview:large, max-video-preview:-1\" \/>\n<link rel=\"canonical\" href=\"https:\/\/www.koonings.com\/de\/product\/poirier-sk-75343-rock-olivia\/\" \/>\n<meta property=\"og:locale\" content=\"de_DE\" \/>\n<meta property=\"og:type\" content=\"article\" \/>\n<meta property=\"og:title\" content=\"Poirier SK-75343 Rock | Olivia | Koonings\" \/>\n<meta property=\"og:description\" content=\"SK-75343 - Auff\u00e4lliger T\u00fcllrock mit sch\u00f6ner Stickerei Rock aus der Olivia-Linie von Poirier. Aus elfenbeinfarbenem T\u00fcll. Reich bestickt mit Pailletten. Kleiner Slip. Der Rock ist mit einem Innenfutter f\u00fcr zus\u00e4tzlichen Komfort ausgestattet. Die Verwendung von drei Lagen weichem T\u00fcll sorgt f\u00fcr einen subtilen Volumeneffekt und ein nat\u00fcrliches Aussehen. Gr\u00f6\u00dfen: XS, S, M, L, XL. Passendes Neckholder-Top T-75415 und Schleier S75502-280\/1 aus der Olivia Linie.\" \/>\n<meta property=\"og:url\" content=\"https:\/\/www.koonings.com\/de\/product\/poirier-sk-75343-rock-olivia\/\" \/>\n<meta property=\"og:site_name\" content=\"Koonings\" \/>\n<meta property=\"article:publisher\" content=\"https:\/\/www.facebook.com\/kooningstheweddingpalace\" \/>\n<meta property=\"og:image\" content=\"https:\/\/www.koonings.com\/wp-content\/uploads\/2025\/07\/50721_fae1be18542316450b6e78ae2a6a59c0c112a32fcffe5f89b5080e0b3e9d07d2d55747c4.jpeg\" \/>\n\t<meta property=\"og:image:width\" content=\"1349\" \/>\n\t<meta property=\"og:image:height\" content=\"1800\" \/>\n\t<meta property=\"og:image:type\" content=\"image\/jpeg\" \/>\n<meta name=\"twitter:card\" content=\"summary_large_image\" \/>\n<script type=\"application\/ld+json\" class=\"yoast-schema-graph\">{\"@context\":\"https:\\\/\\\/schema.org\",\"@graph\":[{\"@type\":\"WebPage\",\"@id\":\"https:\\\/\\\/www.koonings.com\\\/de\\\/product\\\/poirier-sk-75343-rock-olivia\\\/\",\"url\":\"https:\\\/\\\/www.koonings.com\\\/de\\\/product\\\/poirier-sk-75343-rock-olivia\\\/\",\"name\":\"Poirier SK-75343 Rock | Olivia | Koonings\",\"isPartOf\":{\"@id\":\"https:\\\/\\\/www.koonings.com\\\/de\\\/#website\"},\"primaryImageOfPage\":{\"@id\":\"https:\\\/\\\/www.koonings.com\\\/de\\\/product\\\/poirier-sk-75343-rock-olivia\\\/#primaryimage\"},\"image\":{\"@id\":\"https:\\\/\\\/www.koonings.com\\\/de\\\/product\\\/poirier-sk-75343-rock-olivia\\\/#primaryimage\"},\"thumbnailUrl\":\"https:\\\/\\\/www.koonings.com\\\/wp-content\\\/uploads\\\/2025\\\/07\\\/50721_fae1be18542316450b6e78ae2a6a59c0c112a32fcffe5f89b5080e0b3e9d07d2d55747c4.jpeg\",\"datePublished\":\"2026-04-14T14:34:17+00:00\",\"description\":\"SK-75343 - Auff\u00e4lliger T\u00fcllrock mit sch\u00f6ner Stickerei Rock aus der Olivia-Linie von Poirier. Aus elfenbeinfarbenem T\u00fcll. Reich bestickt mit Pailletten. Kleiner Slip. Der Rock ist mit einem Innenfutter f\u00fcr zus\u00e4tzlichen Komfort ausgestattet. Die Verwendung von drei Lagen weichem T\u00fcll sorgt f\u00fcr einen subtilen Volumeneffekt und ein nat\u00fcrliches Aussehen. Gr\u00f6\u00dfen: XS, S, M, L, XL. Passendes Neckholder-Top T-75415 und Schleier S75502-280\\\/1 aus der Olivia Linie.\",\"breadcrumb\":{\"@id\":\"https:\\\/\\\/www.koonings.com\\\/de\\\/product\\\/poirier-sk-75343-rock-olivia\\\/#breadcrumb\"},\"inLanguage\":\"de\",\"potentialAction\":[{\"@type\":\"ReadAction\",\"target\":[\"https:\\\/\\\/www.koonings.com\\\/de\\\/product\\\/poirier-sk-75343-rock-olivia\\\/\"]}]},{\"@type\":\"ImageObject\",\"inLanguage\":\"de\",\"@id\":\"https:\\\/\\\/www.koonings.com\\\/de\\\/product\\\/poirier-sk-75343-rock-olivia\\\/#primaryimage\",\"url\":\"https:\\\/\\\/www.koonings.com\\\/wp-content\\\/uploads\\\/2025\\\/07\\\/50721_fae1be18542316450b6e78ae2a6a59c0c112a32fcffe5f89b5080e0b3e9d07d2d55747c4.jpeg\",\"contentUrl\":\"https:\\\/\\\/www.koonings.com\\\/wp-content\\\/uploads\\\/2025\\\/07\\\/50721_fae1be18542316450b6e78ae2a6a59c0c112a32fcffe5f89b5080e0b3e9d07d2d55747c4.jpeg\",\"width\":1349,\"height\":1800},{\"@type\":\"BreadcrumbList\",\"@id\":\"https:\\\/\\\/www.koonings.com\\\/de\\\/product\\\/poirier-sk-75343-rock-olivia\\\/#breadcrumb\",\"itemListElement\":[{\"@type\":\"ListItem\",\"position\":1,\"name\":\"Home\",\"item\":\"https:\\\/\\\/www.koonings.com\\\/de\\\/\"},{\"@type\":\"ListItem\",\"position\":2,\"name\":\"Poirier SK-75343 Rock | Olivia\"}]},{\"@type\":\"WebSite\",\"@id\":\"https:\\\/\\\/www.koonings.com\\\/de\\\/#website\",\"url\":\"https:\\\/\\\/www.koonings.com\\\/de\\\/\",\"name\":\"Koonings\",\"description\":\"De grootste bruidsmodewinkel ter wereld\",\"publisher\":{\"@id\":\"https:\\\/\\\/www.koonings.com\\\/de\\\/#organization\"},\"potentialAction\":[{\"@type\":\"SearchAction\",\"target\":{\"@type\":\"EntryPoint\",\"urlTemplate\":\"https:\\\/\\\/www.koonings.com\\\/de\\\/?s={search_term_string}\"},\"query-input\":{\"@type\":\"PropertyValueSpecification\",\"valueRequired\":true,\"valueName\":\"search_term_string\"}}],\"inLanguage\":\"de\"},{\"@type\":\"Organization\",\"@id\":\"https:\\\/\\\/www.koonings.com\\\/de\\\/#organization\",\"name\":\"Koonings\",\"url\":\"https:\\\/\\\/www.koonings.com\\\/de\\\/\",\"logo\":{\"@type\":\"ImageObject\",\"inLanguage\":\"de\",\"@id\":\"https:\\\/\\\/www.koonings.com\\\/de\\\/#\\\/schema\\\/logo\\\/image\\\/\",\"url\":\"https:\\\/\\\/www.koonings.com\\\/wp-content\\\/uploads\\\/2024\\\/07\\\/logo.png\",\"contentUrl\":\"https:\\\/\\\/www.koonings.com\\\/wp-content\\\/uploads\\\/2024\\\/07\\\/logo.png\",\"width\":600,\"height\":428,\"caption\":\"Koonings\"},\"image\":{\"@id\":\"https:\\\/\\\/www.koonings.com\\\/de\\\/#\\\/schema\\\/logo\\\/image\\\/\"},\"sameAs\":[\"https:\\\/\\\/www.facebook.com\\\/kooningstheweddingpalace\",\"https:\\\/\\\/www.instagram.com\\\/kooningstheweddingpalace\",\"https:\\\/\\\/www.pinterest.com\\\/koonings\",\"https:\\\/\\\/www.youtube.com\\\/kooningstheweddingpalace\"]}]}<\/script>\n<!-- \/ Yoast SEO plugin. -->","yoast_head_json":{"title":"Poirier SK-75343 Rock | Olivia | Koonings","description":"SK-75343 - Auff\u00e4lliger T\u00fcllrock mit sch\u00f6ner Stickerei Rock aus der Olivia-Linie von Poirier. Aus elfenbeinfarbenem T\u00fcll. Reich bestickt mit Pailletten. Kleiner Slip. Der Rock ist mit einem Innenfutter f\u00fcr zus\u00e4tzlichen Komfort ausgestattet. Die Verwendung von drei Lagen weichem T\u00fcll sorgt f\u00fcr einen subtilen Volumeneffekt und ein nat\u00fcrliches Aussehen. Gr\u00f6\u00dfen: XS, S, M, L, XL. Passendes Neckholder-Top T-75415 und Schleier S75502-280\/1 aus der Olivia Linie.","robots":{"index":"index","follow":"follow","max-snippet":"max-snippet:-1","max-image-preview":"max-image-preview:large","max-video-preview":"max-video-preview:-1"},"canonical":"https:\/\/www.koonings.com\/de\/product\/poirier-sk-75343-rock-olivia\/","og_locale":"de_DE","og_type":"article","og_title":"Poirier SK-75343 Rock | Olivia | Koonings","og_description":"SK-75343 - Auff\u00e4lliger T\u00fcllrock mit sch\u00f6ner Stickerei Rock aus der Olivia-Linie von Poirier. Aus elfenbeinfarbenem T\u00fcll. Reich bestickt mit Pailletten. Kleiner Slip. Der Rock ist mit einem Innenfutter f\u00fcr zus\u00e4tzlichen Komfort ausgestattet. Die Verwendung von drei Lagen weichem T\u00fcll sorgt f\u00fcr einen subtilen Volumeneffekt und ein nat\u00fcrliches Aussehen. Gr\u00f6\u00dfen: XS, S, M, L, XL. Passendes Neckholder-Top T-75415 und Schleier S75502-280\/1 aus der Olivia Linie.","og_url":"https:\/\/www.koonings.com\/de\/product\/poirier-sk-75343-rock-olivia\/","og_site_name":"Koonings","article_publisher":"https:\/\/www.facebook.com\/kooningstheweddingpalace","og_image":[{"width":1349,"height":1800,"url":"https:\/\/www.koonings.com\/wp-content\/uploads\/2025\/07\/50721_fae1be18542316450b6e78ae2a6a59c0c112a32fcffe5f89b5080e0b3e9d07d2d55747c4.jpeg","type":"image\/jpeg"}],"twitter_card":"summary_large_image","schema":{"@context":"https:\/\/schema.org","@graph":[{"@type":"WebPage","@id":"https:\/\/www.koonings.com\/de\/product\/poirier-sk-75343-rock-olivia\/","url":"https:\/\/www.koonings.com\/de\/product\/poirier-sk-75343-rock-olivia\/","name":"Poirier SK-75343 Rock | Olivia | Koonings","isPartOf":{"@id":"https:\/\/www.koonings.com\/de\/#website"},"primaryImageOfPage":{"@id":"https:\/\/www.koonings.com\/de\/product\/poirier-sk-75343-rock-olivia\/#primaryimage"},"image":{"@id":"https:\/\/www.koonings.com\/de\/product\/poirier-sk-75343-rock-olivia\/#primaryimage"},"thumbnailUrl":"https:\/\/www.koonings.com\/wp-content\/uploads\/2025\/07\/50721_fae1be18542316450b6e78ae2a6a59c0c112a32fcffe5f89b5080e0b3e9d07d2d55747c4.jpeg","datePublished":"2026-04-14T14:34:17+00:00","description":"SK-75343 - Auff\u00e4lliger T\u00fcllrock mit sch\u00f6ner Stickerei Rock aus der Olivia-Linie von Poirier. Aus elfenbeinfarbenem T\u00fcll. Reich bestickt mit Pailletten. Kleiner Slip. Der Rock ist mit einem Innenfutter f\u00fcr zus\u00e4tzlichen Komfort ausgestattet. Die Verwendung von drei Lagen weichem T\u00fcll sorgt f\u00fcr einen subtilen Volumeneffekt und ein nat\u00fcrliches Aussehen. Gr\u00f6\u00dfen: XS, S, M, L, XL. Passendes Neckholder-Top T-75415 und Schleier S75502-280\/1 aus der Olivia Linie.","breadcrumb":{"@id":"https:\/\/www.koonings.com\/de\/product\/poirier-sk-75343-rock-olivia\/#breadcrumb"},"inLanguage":"de","potentialAction":[{"@type":"ReadAction","target":["https:\/\/www.koonings.com\/de\/product\/poirier-sk-75343-rock-olivia\/"]}]},{"@type":"ImageObject","inLanguage":"de","@id":"https:\/\/www.koonings.com\/de\/product\/poirier-sk-75343-rock-olivia\/#primaryimage","url":"https:\/\/www.koonings.com\/wp-content\/uploads\/2025\/07\/50721_fae1be18542316450b6e78ae2a6a59c0c112a32fcffe5f89b5080e0b3e9d07d2d55747c4.jpeg","contentUrl":"https:\/\/www.koonings.com\/wp-content\/uploads\/2025\/07\/50721_fae1be18542316450b6e78ae2a6a59c0c112a32fcffe5f89b5080e0b3e9d07d2d55747c4.jpeg","width":1349,"height":1800},{"@type":"BreadcrumbList","@id":"https:\/\/www.koonings.com\/de\/product\/poirier-sk-75343-rock-olivia\/#breadcrumb","itemListElement":[{"@type":"ListItem","position":1,"name":"Home","item":"https:\/\/www.koonings.com\/de\/"},{"@type":"ListItem","position":2,"name":"Poirier SK-75343 Rock | Olivia"}]},{"@type":"WebSite","@id":"https:\/\/www.koonings.com\/de\/#website","url":"https:\/\/www.koonings.com\/de\/","name":"Koonings","description":"De grootste bruidsmodewinkel ter wereld","publisher":{"@id":"https:\/\/www.koonings.com\/de\/#organization"},"potentialAction":[{"@type":"SearchAction","target":{"@type":"EntryPoint","urlTemplate":"https:\/\/www.koonings.com\/de\/?s={search_term_string}"},"query-input":{"@type":"PropertyValueSpecification","valueRequired":true,"valueName":"search_term_string"}}],"inLanguage":"de"},{"@type":"Organization","@id":"https:\/\/www.koonings.com\/de\/#organization","name":"Koonings","url":"https:\/\/www.koonings.com\/de\/","logo":{"@type":"ImageObject","inLanguage":"de","@id":"https:\/\/www.koonings.com\/de\/#\/schema\/logo\/image\/","url":"https:\/\/www.koonings.com\/wp-content\/uploads\/2024\/07\/logo.png","contentUrl":"https:\/\/www.koonings.com\/wp-content\/uploads\/2024\/07\/logo.png","width":600,"height":428,"caption":"Koonings"},"image":{"@id":"https:\/\/www.koonings.com\/de\/#\/schema\/logo\/image\/"},"sameAs":["https:\/\/www.facebook.com\/kooningstheweddingpalace","https:\/\/www.instagram.com\/kooningstheweddingpalace","https:\/\/www.pinterest.com\/koonings","https:\/\/www.youtube.com\/kooningstheweddingpalace"]}]}},"_links":{"self":[{"href":"https:\/\/www.koonings.com\/de\/wp-json\/wp\/v2\/product\/94600","targetHints":{"allow":["GET"]}}],"collection":[{"href":"https:\/\/www.koonings.com\/de\/wp-json\/wp\/v2\/product"}],"about":[{"href":"https:\/\/www.koonings.com\/de\/wp-json\/wp\/v2\/types\/product"}],"wp:featuredmedia":[{"embeddable":true,"href":"https:\/\/www.koonings.com\/de\/wp-json\/wp\/v2\/media\/89143"}],"wp:attachment":[{"href":"https:\/\/www.koonings.com\/de\/wp-json\/wp\/v2\/media?parent=94600"}],"wp:term":[{"taxonomy":"productdetails","embeddable":true,"href":"https:\/\/www.koonings.com\/de\/wp-json\/wp\/v2\/productdetails?post=94600"},{"taxonomy":"productneck","embeddable":true,"href":"https:\/\/www.koonings.com\/de\/wp-json\/wp\/v2\/productneck?post=94600"},{"taxonomy":"productcolor","embeddable":true,"href":"https:\/\/www.koonings.com\/de\/wp-json\/wp\/v2\/productcolor?post=94600"},{"taxonomy":"maat","embeddable":true,"href":"https:\/\/www.koonings.com\/de\/wp-json\/wp\/v2\/maat?post=94600"},{"taxonomy":"productsupplier","embeddable":true,"href":"https:\/\/www.koonings.com\/de\/wp-json\/wp\/v2\/productsupplier?post=94600"},{"taxonomy":"productsleeve","embeddable":true,"href":"https:\/\/www.koonings.com\/de\/wp-json\/wp\/v2\/productsleeve?post=94600"},{"taxonomy":"productcategory","embeddable":true,"href":"https:\/\/www.koonings.com\/de\/wp-json\/wp\/v2\/productcategory?post=94600"},{"taxonomy":"productsilhouette","embeddable":true,"href":"https:\/\/www.koonings.com\/de\/wp-json\/wp\/v2\/productsilhouette?post=94600"},{"taxonomy":"productstyle","embeddable":true,"href":"https:\/\/www.koonings.com\/de\/wp-json\/wp\/v2\/productstyle?post=94600"}],"curies":[{"name":"wp","href":"https:\/\/api.w.org\/{rel}","templated":true}]}}