{"id":94595,"date":"2026-03-27T16:30:13","date_gmt":"2026-03-27T15:30:13","guid":{"rendered":"https:\/\/www.koonings.com\/product\/poirier-bb-8593-haarschmuck\/"},"modified":"2026-02-17T12:12:23","modified_gmt":"2026-02-17T11:12:23","slug":"poirier-bb-8593-haarschmuck","status":"publish","type":"product","link":"https:\/\/www.koonings.com\/de\/product\/poirier-bb-8593-haarschmuck\/","title":{"rendered":"Poirier BB-8593 Haarschmuck"},"content":{"rendered":"<p>Extra langer Haarschmuck mit Blumen, Perlen und Strasssteinen<br \/>\nKreieren Sie Ihren idealen Hochzeitslook<br \/>\nExtra langer silber- oder goldfarbener Haarschmuck mit silber- oder goldfarbenen Blumen, elfenbein- oder blushfarbenen Perlen und Strasssteinen<br \/>\nDie L\u00e4nge dieses Haarschmucks betr\u00e4gt 51 cm<br \/>\nDer Brautlook, von dem Sie immer getr\u00e4umt haben<br \/>\nM\u00f6chten Sie den romantischen Brautlook kreieren, von dem Sie immer getr\u00e4umt haben?<br \/>\nW\u00e4hlen Sie diesen wundersch\u00f6nen Haarschmuck aus der Romantic Collection von Poirier, wenn Sie den romantischen Brautlook kreieren m\u00f6chten, von dem Sie schon immer getr\u00e4umt haben.<\/p>\n<p>Dieser Haarschmuck ist in 2 verschiedenen Varianten erh\u00e4ltlich:<br \/>\n&#8211; Extra langer silberner Haarschmuck mit silberfarbenen Blumen,<br \/>\n elfenbeinfarbenen Perlen und Strasssteinen (51 cm)<br \/>\n&#8211; Extra langer goldfarbener Haarschmuck mit goldfarbenen Blumen,<br \/>\n blushfarbenen Perlen und Strasssteinen (51 cm)<\/p>\n<p>Mit Poirier k\u00f6nnen Sie Ihren perfekten romantischen Hochzeitslook zusammenstellen, damit Sie an Ihrem sch\u00f6nsten Tag gl\u00e4nzen.<\/p>\n<p>Mit Poirier entscheiden Sie sich f\u00fcr Perfektion.<br \/>\nEigenschaften:<br \/>\nProdukt: BB-8593 &#8211; extra langer Haarschmuck mit Blumen, Perlen und Strasssteinen<br \/>\nEigenschaften: extra langer silber- oder goldfarbener Haarschmuck, silber- oder goldfarbene Blumen, elfenbein- oder err\u00f6tungsfarbene Perlen, Strasssteine<br \/>\nVerwendung: &#8211; in verschiedene Arten von romantischen Brautfrisuren zu integrieren<br \/>\n &#8211; die L\u00e4nge dieses Haarschmucks betr\u00e4gt 51 cm<\/p>\n","protected":false},"featured_media":89087,"template":"","meta":{"_acf_changed":false,"ghostkit_customizer_options":"","ghostkit_custom_css":"","ghostkit_custom_js_head":"","ghostkit_custom_js_foot":"","ghostkit_typography":""},"productdetails":[],"productneck":[],"productcolor":[],"maat":[],"productsupplier":[416],"productsleeve":[],"productcategory":[512],"productsilhouette":[],"productstyle":[],"class_list":["post-94595","product","type-product","status-publish","has-post-thumbnail","hentry","productsupplier-poirier","productcategory-haar-accessoires"],"acf":[],"yoast_head":"<!-- This site is optimized with the Yoast SEO plugin v26.8 - https:\/\/yoast.com\/product\/yoast-seo-wordpress\/ -->\n<title>Poirier BB-8593 Haarschmuck | Koonings<\/title>\n<meta name=\"description\" content=\"Extra langer Haarschmuck mit Blumen, Perlen und Strasssteinen Kreieren Sie Ihren idealen Hochzeitslook Extra langer silber- oder goldfarbener Haarschmuck mit silber- oder goldfarbenen Blumen, elfenbein- oder blushfarbenen Perlen und Strasssteinen Die L\u00e4nge dieses Haarschmucks betr\u00e4gt 51 cm Der Brautlook, von dem Sie immer getr\u00e4umt haben M\u00f6chten Sie den romantischen Brautlook kreieren, von dem Sie immer getr\u00e4umt haben? W\u00e4hlen Sie diesen wundersch\u00f6nen Haarschmuck aus der Romantic Collection von Poirier, wenn Sie den romantischen Brautlook kreieren m\u00f6chten, von dem Sie schon immer getr\u00e4umt haben. Dieser Haarschmuck ist in 2 verschiedenen Varianten erh\u00e4ltlich: - Extra langer silberner Haarschmuck mit silberfarbenen Blumen, elfenbeinfarbenen Perlen und Strasssteinen (51 cm) - Extra langer goldfarbener Haarschmuck mit goldfarbenen Blumen, blushfarbenen Perlen und Strasssteinen (51 cm) Mit Poirier k\u00f6nnen Sie Ihren perfekten romantischen Hochzeitslook zusammenstellen, damit Sie an Ihrem sch\u00f6nsten Tag gl\u00e4nzen. Mit Poirier entscheiden Sie sich f\u00fcr Perfektion. Eigenschaften: Produkt: BB-8593 - extra langer Haarschmuck mit Blumen, Perlen und Strasssteinen Eigenschaften: extra langer silber- oder goldfarbener Haarschmuck, silber- oder goldfarbene Blumen, elfenbein- oder err\u00f6tungsfarbene Perlen, Strasssteine Verwendung: - in verschiedene Arten von romantischen Brautfrisuren zu integrieren - die L\u00e4nge dieses Haarschmucks betr\u00e4gt 51 cm\" \/>\n<meta name=\"robots\" content=\"index, follow, max-snippet:-1, max-image-preview:large, max-video-preview:-1\" \/>\n<link rel=\"canonical\" href=\"https:\/\/www.koonings.com\/de\/product\/poirier-bb-8593-haarschmuck\/\" \/>\n<meta property=\"og:locale\" content=\"de_DE\" \/>\n<meta property=\"og:type\" content=\"article\" \/>\n<meta property=\"og:title\" content=\"Poirier BB-8593 Haarschmuck | Koonings\" \/>\n<meta property=\"og:description\" content=\"Extra langer Haarschmuck mit Blumen, Perlen und Strasssteinen Kreieren Sie Ihren idealen Hochzeitslook Extra langer silber- oder goldfarbener Haarschmuck mit silber- oder goldfarbenen Blumen, elfenbein- oder blushfarbenen Perlen und Strasssteinen Die L\u00e4nge dieses Haarschmucks betr\u00e4gt 51 cm Der Brautlook, von dem Sie immer getr\u00e4umt haben M\u00f6chten Sie den romantischen Brautlook kreieren, von dem Sie immer getr\u00e4umt haben? W\u00e4hlen Sie diesen wundersch\u00f6nen Haarschmuck aus der Romantic Collection von Poirier, wenn Sie den romantischen Brautlook kreieren m\u00f6chten, von dem Sie schon immer getr\u00e4umt haben. Dieser Haarschmuck ist in 2 verschiedenen Varianten erh\u00e4ltlich: - Extra langer silberner Haarschmuck mit silberfarbenen Blumen, elfenbeinfarbenen Perlen und Strasssteinen (51 cm) - Extra langer goldfarbener Haarschmuck mit goldfarbenen Blumen, blushfarbenen Perlen und Strasssteinen (51 cm) Mit Poirier k\u00f6nnen Sie Ihren perfekten romantischen Hochzeitslook zusammenstellen, damit Sie an Ihrem sch\u00f6nsten Tag gl\u00e4nzen. Mit Poirier entscheiden Sie sich f\u00fcr Perfektion. Eigenschaften: Produkt: BB-8593 - extra langer Haarschmuck mit Blumen, Perlen und Strasssteinen Eigenschaften: extra langer silber- oder goldfarbener Haarschmuck, silber- oder goldfarbene Blumen, elfenbein- oder err\u00f6tungsfarbene Perlen, Strasssteine Verwendung: - in verschiedene Arten von romantischen Brautfrisuren zu integrieren - die L\u00e4nge dieses Haarschmucks betr\u00e4gt 51 cm\" \/>\n<meta property=\"og:url\" content=\"https:\/\/www.koonings.com\/de\/product\/poirier-bb-8593-haarschmuck\/\" \/>\n<meta property=\"og:site_name\" content=\"Koonings\" \/>\n<meta property=\"article:publisher\" content=\"https:\/\/www.facebook.com\/kooningstheweddingpalace\" \/>\n<meta property=\"og:image\" content=\"https:\/\/www.koonings.com\/wp-content\/uploads\/2025\/07\/50717_e6429e2baad73cdd27ca6b1141ac5149f5dd50a0fa79e1f010ad288ea549061de7af533d.jpeg\" \/>\n\t<meta property=\"og:image:width\" content=\"800\" \/>\n\t<meta property=\"og:image:height\" content=\"1064\" \/>\n\t<meta property=\"og:image:type\" content=\"image\/jpeg\" \/>\n<meta name=\"twitter:card\" content=\"summary_large_image\" \/>\n<meta name=\"twitter:label1\" content=\"Gesch\u00e4tzte Lesezeit\" \/>\n\t<meta name=\"twitter:data1\" content=\"1\u00a0Minute\" \/>\n<script type=\"application\/ld+json\" class=\"yoast-schema-graph\">{\"@context\":\"https:\/\/schema.org\",\"@graph\":[{\"@type\":\"WebPage\",\"@id\":\"https:\/\/www.koonings.com\/de\/product\/poirier-bb-8593-haarschmuck\/\",\"url\":\"https:\/\/www.koonings.com\/de\/product\/poirier-bb-8593-haarschmuck\/\",\"name\":\"Poirier BB-8593 Haarschmuck | Koonings\",\"isPartOf\":{\"@id\":\"https:\/\/www.koonings.com\/de\/#website\"},\"primaryImageOfPage\":{\"@id\":\"https:\/\/www.koonings.com\/de\/product\/poirier-bb-8593-haarschmuck\/#primaryimage\"},\"image\":{\"@id\":\"https:\/\/www.koonings.com\/de\/product\/poirier-bb-8593-haarschmuck\/#primaryimage\"},\"thumbnailUrl\":\"https:\/\/www.koonings.com\/wp-content\/uploads\/2025\/07\/50717_e6429e2baad73cdd27ca6b1141ac5149f5dd50a0fa79e1f010ad288ea549061de7af533d.jpeg\",\"datePublished\":\"2026-03-27T15:30:13+00:00\",\"description\":\"Extra langer Haarschmuck mit Blumen, Perlen und Strasssteinen Kreieren Sie Ihren idealen Hochzeitslook Extra langer silber- oder goldfarbener Haarschmuck mit silber- oder goldfarbenen Blumen, elfenbein- oder blushfarbenen Perlen und Strasssteinen Die L\u00e4nge dieses Haarschmucks betr\u00e4gt 51 cm Der Brautlook, von dem Sie immer getr\u00e4umt haben M\u00f6chten Sie den romantischen Brautlook kreieren, von dem Sie immer getr\u00e4umt haben? W\u00e4hlen Sie diesen wundersch\u00f6nen Haarschmuck aus der Romantic Collection von Poirier, wenn Sie den romantischen Brautlook kreieren m\u00f6chten, von dem Sie schon immer getr\u00e4umt haben. Dieser Haarschmuck ist in 2 verschiedenen Varianten erh\u00e4ltlich: - Extra langer silberner Haarschmuck mit silberfarbenen Blumen, elfenbeinfarbenen Perlen und Strasssteinen (51 cm) - Extra langer goldfarbener Haarschmuck mit goldfarbenen Blumen, blushfarbenen Perlen und Strasssteinen (51 cm) Mit Poirier k\u00f6nnen Sie Ihren perfekten romantischen Hochzeitslook zusammenstellen, damit Sie an Ihrem sch\u00f6nsten Tag gl\u00e4nzen. Mit Poirier entscheiden Sie sich f\u00fcr Perfektion. Eigenschaften: Produkt: BB-8593 - extra langer Haarschmuck mit Blumen, Perlen und Strasssteinen Eigenschaften: extra langer silber- oder goldfarbener Haarschmuck, silber- oder goldfarbene Blumen, elfenbein- oder err\u00f6tungsfarbene Perlen, Strasssteine Verwendung: - in verschiedene Arten von romantischen Brautfrisuren zu integrieren - die L\u00e4nge dieses Haarschmucks betr\u00e4gt 51 cm\",\"breadcrumb\":{\"@id\":\"https:\/\/www.koonings.com\/de\/product\/poirier-bb-8593-haarschmuck\/#breadcrumb\"},\"inLanguage\":\"de\",\"potentialAction\":[{\"@type\":\"ReadAction\",\"target\":[\"https:\/\/www.koonings.com\/de\/product\/poirier-bb-8593-haarschmuck\/\"]}]},{\"@type\":\"ImageObject\",\"inLanguage\":\"de\",\"@id\":\"https:\/\/www.koonings.com\/de\/product\/poirier-bb-8593-haarschmuck\/#primaryimage\",\"url\":\"https:\/\/www.koonings.com\/wp-content\/uploads\/2025\/07\/50717_e6429e2baad73cdd27ca6b1141ac5149f5dd50a0fa79e1f010ad288ea549061de7af533d.jpeg\",\"contentUrl\":\"https:\/\/www.koonings.com\/wp-content\/uploads\/2025\/07\/50717_e6429e2baad73cdd27ca6b1141ac5149f5dd50a0fa79e1f010ad288ea549061de7af533d.jpeg\",\"width\":800,\"height\":1064},{\"@type\":\"BreadcrumbList\",\"@id\":\"https:\/\/www.koonings.com\/de\/product\/poirier-bb-8593-haarschmuck\/#breadcrumb\",\"itemListElement\":[{\"@type\":\"ListItem\",\"position\":1,\"name\":\"Home\",\"item\":\"https:\/\/www.koonings.com\/de\/\"},{\"@type\":\"ListItem\",\"position\":2,\"name\":\"Poirier BB-8593 Haarschmuck\"}]},{\"@type\":\"WebSite\",\"@id\":\"https:\/\/www.koonings.com\/de\/#website\",\"url\":\"https:\/\/www.koonings.com\/de\/\",\"name\":\"Koonings\",\"description\":\"De grootste bruidsmodewinkel ter wereld\",\"publisher\":{\"@id\":\"https:\/\/www.koonings.com\/de\/#organization\"},\"potentialAction\":[{\"@type\":\"SearchAction\",\"target\":{\"@type\":\"EntryPoint\",\"urlTemplate\":\"https:\/\/www.koonings.com\/de\/?s={search_term_string}\"},\"query-input\":{\"@type\":\"PropertyValueSpecification\",\"valueRequired\":true,\"valueName\":\"search_term_string\"}}],\"inLanguage\":\"de\"},{\"@type\":\"Organization\",\"@id\":\"https:\/\/www.koonings.com\/de\/#organization\",\"name\":\"Koonings\",\"url\":\"https:\/\/www.koonings.com\/de\/\",\"logo\":{\"@type\":\"ImageObject\",\"inLanguage\":\"de\",\"@id\":\"https:\/\/www.koonings.com\/de\/#\/schema\/logo\/image\/\",\"url\":\"https:\/\/www.koonings.com\/wp-content\/uploads\/2024\/07\/logo.png\",\"contentUrl\":\"https:\/\/www.koonings.com\/wp-content\/uploads\/2024\/07\/logo.png\",\"width\":600,\"height\":428,\"caption\":\"Koonings\"},\"image\":{\"@id\":\"https:\/\/www.koonings.com\/de\/#\/schema\/logo\/image\/\"},\"sameAs\":[\"https:\/\/www.facebook.com\/kooningstheweddingpalace\",\"https:\/\/www.instagram.com\/kooningstheweddingpalace\",\"https:\/\/www.pinterest.com\/koonings\",\"https:\/\/www.youtube.com\/kooningstheweddingpalace\"]}]}<\/script>\n<!-- \/ Yoast SEO plugin. -->","yoast_head_json":{"title":"Poirier BB-8593 Haarschmuck | Koonings","description":"Extra langer Haarschmuck mit Blumen, Perlen und Strasssteinen Kreieren Sie Ihren idealen Hochzeitslook Extra langer silber- oder goldfarbener Haarschmuck mit silber- oder goldfarbenen Blumen, elfenbein- oder blushfarbenen Perlen und Strasssteinen Die L\u00e4nge dieses Haarschmucks betr\u00e4gt 51 cm Der Brautlook, von dem Sie immer getr\u00e4umt haben M\u00f6chten Sie den romantischen Brautlook kreieren, von dem Sie immer getr\u00e4umt haben? W\u00e4hlen Sie diesen wundersch\u00f6nen Haarschmuck aus der Romantic Collection von Poirier, wenn Sie den romantischen Brautlook kreieren m\u00f6chten, von dem Sie schon immer getr\u00e4umt haben. Dieser Haarschmuck ist in 2 verschiedenen Varianten erh\u00e4ltlich: - Extra langer silberner Haarschmuck mit silberfarbenen Blumen, elfenbeinfarbenen Perlen und Strasssteinen (51 cm) - Extra langer goldfarbener Haarschmuck mit goldfarbenen Blumen, blushfarbenen Perlen und Strasssteinen (51 cm) Mit Poirier k\u00f6nnen Sie Ihren perfekten romantischen Hochzeitslook zusammenstellen, damit Sie an Ihrem sch\u00f6nsten Tag gl\u00e4nzen. Mit Poirier entscheiden Sie sich f\u00fcr Perfektion. Eigenschaften: Produkt: BB-8593 - extra langer Haarschmuck mit Blumen, Perlen und Strasssteinen Eigenschaften: extra langer silber- oder goldfarbener Haarschmuck, silber- oder goldfarbene Blumen, elfenbein- oder err\u00f6tungsfarbene Perlen, Strasssteine Verwendung: - in verschiedene Arten von romantischen Brautfrisuren zu integrieren - die L\u00e4nge dieses Haarschmucks betr\u00e4gt 51 cm","robots":{"index":"index","follow":"follow","max-snippet":"max-snippet:-1","max-image-preview":"max-image-preview:large","max-video-preview":"max-video-preview:-1"},"canonical":"https:\/\/www.koonings.com\/de\/product\/poirier-bb-8593-haarschmuck\/","og_locale":"de_DE","og_type":"article","og_title":"Poirier BB-8593 Haarschmuck | Koonings","og_description":"Extra langer Haarschmuck mit Blumen, Perlen und Strasssteinen Kreieren Sie Ihren idealen Hochzeitslook Extra langer silber- oder goldfarbener Haarschmuck mit silber- oder goldfarbenen Blumen, elfenbein- oder blushfarbenen Perlen und Strasssteinen Die L\u00e4nge dieses Haarschmucks betr\u00e4gt 51 cm Der Brautlook, von dem Sie immer getr\u00e4umt haben M\u00f6chten Sie den romantischen Brautlook kreieren, von dem Sie immer getr\u00e4umt haben? W\u00e4hlen Sie diesen wundersch\u00f6nen Haarschmuck aus der Romantic Collection von Poirier, wenn Sie den romantischen Brautlook kreieren m\u00f6chten, von dem Sie schon immer getr\u00e4umt haben. Dieser Haarschmuck ist in 2 verschiedenen Varianten erh\u00e4ltlich: - Extra langer silberner Haarschmuck mit silberfarbenen Blumen, elfenbeinfarbenen Perlen und Strasssteinen (51 cm) - Extra langer goldfarbener Haarschmuck mit goldfarbenen Blumen, blushfarbenen Perlen und Strasssteinen (51 cm) Mit Poirier k\u00f6nnen Sie Ihren perfekten romantischen Hochzeitslook zusammenstellen, damit Sie an Ihrem sch\u00f6nsten Tag gl\u00e4nzen. Mit Poirier entscheiden Sie sich f\u00fcr Perfektion. Eigenschaften: Produkt: BB-8593 - extra langer Haarschmuck mit Blumen, Perlen und Strasssteinen Eigenschaften: extra langer silber- oder goldfarbener Haarschmuck, silber- oder goldfarbene Blumen, elfenbein- oder err\u00f6tungsfarbene Perlen, Strasssteine Verwendung: - in verschiedene Arten von romantischen Brautfrisuren zu integrieren - die L\u00e4nge dieses Haarschmucks betr\u00e4gt 51 cm","og_url":"https:\/\/www.koonings.com\/de\/product\/poirier-bb-8593-haarschmuck\/","og_site_name":"Koonings","article_publisher":"https:\/\/www.facebook.com\/kooningstheweddingpalace","og_image":[{"width":800,"height":1064,"url":"https:\/\/www.koonings.com\/wp-content\/uploads\/2025\/07\/50717_e6429e2baad73cdd27ca6b1141ac5149f5dd50a0fa79e1f010ad288ea549061de7af533d.jpeg","type":"image\/jpeg"}],"twitter_card":"summary_large_image","twitter_misc":{"Gesch\u00e4tzte Lesezeit":"1\u00a0Minute"},"schema":{"@context":"https:\/\/schema.org","@graph":[{"@type":"WebPage","@id":"https:\/\/www.koonings.com\/de\/product\/poirier-bb-8593-haarschmuck\/","url":"https:\/\/www.koonings.com\/de\/product\/poirier-bb-8593-haarschmuck\/","name":"Poirier BB-8593 Haarschmuck | Koonings","isPartOf":{"@id":"https:\/\/www.koonings.com\/de\/#website"},"primaryImageOfPage":{"@id":"https:\/\/www.koonings.com\/de\/product\/poirier-bb-8593-haarschmuck\/#primaryimage"},"image":{"@id":"https:\/\/www.koonings.com\/de\/product\/poirier-bb-8593-haarschmuck\/#primaryimage"},"thumbnailUrl":"https:\/\/www.koonings.com\/wp-content\/uploads\/2025\/07\/50717_e6429e2baad73cdd27ca6b1141ac5149f5dd50a0fa79e1f010ad288ea549061de7af533d.jpeg","datePublished":"2026-03-27T15:30:13+00:00","description":"Extra langer Haarschmuck mit Blumen, Perlen und Strasssteinen Kreieren Sie Ihren idealen Hochzeitslook Extra langer silber- oder goldfarbener Haarschmuck mit silber- oder goldfarbenen Blumen, elfenbein- oder blushfarbenen Perlen und Strasssteinen Die L\u00e4nge dieses Haarschmucks betr\u00e4gt 51 cm Der Brautlook, von dem Sie immer getr\u00e4umt haben M\u00f6chten Sie den romantischen Brautlook kreieren, von dem Sie immer getr\u00e4umt haben? W\u00e4hlen Sie diesen wundersch\u00f6nen Haarschmuck aus der Romantic Collection von Poirier, wenn Sie den romantischen Brautlook kreieren m\u00f6chten, von dem Sie schon immer getr\u00e4umt haben. Dieser Haarschmuck ist in 2 verschiedenen Varianten erh\u00e4ltlich: - Extra langer silberner Haarschmuck mit silberfarbenen Blumen, elfenbeinfarbenen Perlen und Strasssteinen (51 cm) - Extra langer goldfarbener Haarschmuck mit goldfarbenen Blumen, blushfarbenen Perlen und Strasssteinen (51 cm) Mit Poirier k\u00f6nnen Sie Ihren perfekten romantischen Hochzeitslook zusammenstellen, damit Sie an Ihrem sch\u00f6nsten Tag gl\u00e4nzen. Mit Poirier entscheiden Sie sich f\u00fcr Perfektion. Eigenschaften: Produkt: BB-8593 - extra langer Haarschmuck mit Blumen, Perlen und Strasssteinen Eigenschaften: extra langer silber- oder goldfarbener Haarschmuck, silber- oder goldfarbene Blumen, elfenbein- oder err\u00f6tungsfarbene Perlen, Strasssteine Verwendung: - in verschiedene Arten von romantischen Brautfrisuren zu integrieren - die L\u00e4nge dieses Haarschmucks betr\u00e4gt 51 cm","breadcrumb":{"@id":"https:\/\/www.koonings.com\/de\/product\/poirier-bb-8593-haarschmuck\/#breadcrumb"},"inLanguage":"de","potentialAction":[{"@type":"ReadAction","target":["https:\/\/www.koonings.com\/de\/product\/poirier-bb-8593-haarschmuck\/"]}]},{"@type":"ImageObject","inLanguage":"de","@id":"https:\/\/www.koonings.com\/de\/product\/poirier-bb-8593-haarschmuck\/#primaryimage","url":"https:\/\/www.koonings.com\/wp-content\/uploads\/2025\/07\/50717_e6429e2baad73cdd27ca6b1141ac5149f5dd50a0fa79e1f010ad288ea549061de7af533d.jpeg","contentUrl":"https:\/\/www.koonings.com\/wp-content\/uploads\/2025\/07\/50717_e6429e2baad73cdd27ca6b1141ac5149f5dd50a0fa79e1f010ad288ea549061de7af533d.jpeg","width":800,"height":1064},{"@type":"BreadcrumbList","@id":"https:\/\/www.koonings.com\/de\/product\/poirier-bb-8593-haarschmuck\/#breadcrumb","itemListElement":[{"@type":"ListItem","position":1,"name":"Home","item":"https:\/\/www.koonings.com\/de\/"},{"@type":"ListItem","position":2,"name":"Poirier BB-8593 Haarschmuck"}]},{"@type":"WebSite","@id":"https:\/\/www.koonings.com\/de\/#website","url":"https:\/\/www.koonings.com\/de\/","name":"Koonings","description":"De grootste bruidsmodewinkel ter wereld","publisher":{"@id":"https:\/\/www.koonings.com\/de\/#organization"},"potentialAction":[{"@type":"SearchAction","target":{"@type":"EntryPoint","urlTemplate":"https:\/\/www.koonings.com\/de\/?s={search_term_string}"},"query-input":{"@type":"PropertyValueSpecification","valueRequired":true,"valueName":"search_term_string"}}],"inLanguage":"de"},{"@type":"Organization","@id":"https:\/\/www.koonings.com\/de\/#organization","name":"Koonings","url":"https:\/\/www.koonings.com\/de\/","logo":{"@type":"ImageObject","inLanguage":"de","@id":"https:\/\/www.koonings.com\/de\/#\/schema\/logo\/image\/","url":"https:\/\/www.koonings.com\/wp-content\/uploads\/2024\/07\/logo.png","contentUrl":"https:\/\/www.koonings.com\/wp-content\/uploads\/2024\/07\/logo.png","width":600,"height":428,"caption":"Koonings"},"image":{"@id":"https:\/\/www.koonings.com\/de\/#\/schema\/logo\/image\/"},"sameAs":["https:\/\/www.facebook.com\/kooningstheweddingpalace","https:\/\/www.instagram.com\/kooningstheweddingpalace","https:\/\/www.pinterest.com\/koonings","https:\/\/www.youtube.com\/kooningstheweddingpalace"]}]}},"_links":{"self":[{"href":"https:\/\/www.koonings.com\/de\/wp-json\/wp\/v2\/product\/94595","targetHints":{"allow":["GET"]}}],"collection":[{"href":"https:\/\/www.koonings.com\/de\/wp-json\/wp\/v2\/product"}],"about":[{"href":"https:\/\/www.koonings.com\/de\/wp-json\/wp\/v2\/types\/product"}],"wp:featuredmedia":[{"embeddable":true,"href":"https:\/\/www.koonings.com\/de\/wp-json\/wp\/v2\/media\/89087"}],"wp:attachment":[{"href":"https:\/\/www.koonings.com\/de\/wp-json\/wp\/v2\/media?parent=94595"}],"wp:term":[{"taxonomy":"productdetails","embeddable":true,"href":"https:\/\/www.koonings.com\/de\/wp-json\/wp\/v2\/productdetails?post=94595"},{"taxonomy":"productneck","embeddable":true,"href":"https:\/\/www.koonings.com\/de\/wp-json\/wp\/v2\/productneck?post=94595"},{"taxonomy":"productcolor","embeddable":true,"href":"https:\/\/www.koonings.com\/de\/wp-json\/wp\/v2\/productcolor?post=94595"},{"taxonomy":"maat","embeddable":true,"href":"https:\/\/www.koonings.com\/de\/wp-json\/wp\/v2\/maat?post=94595"},{"taxonomy":"productsupplier","embeddable":true,"href":"https:\/\/www.koonings.com\/de\/wp-json\/wp\/v2\/productsupplier?post=94595"},{"taxonomy":"productsleeve","embeddable":true,"href":"https:\/\/www.koonings.com\/de\/wp-json\/wp\/v2\/productsleeve?post=94595"},{"taxonomy":"productcategory","embeddable":true,"href":"https:\/\/www.koonings.com\/de\/wp-json\/wp\/v2\/productcategory?post=94595"},{"taxonomy":"productsilhouette","embeddable":true,"href":"https:\/\/www.koonings.com\/de\/wp-json\/wp\/v2\/productsilhouette?post=94595"},{"taxonomy":"productstyle","embeddable":true,"href":"https:\/\/www.koonings.com\/de\/wp-json\/wp\/v2\/productstyle?post=94595"}],"curies":[{"name":"wp","href":"https:\/\/api.w.org\/{rel}","templated":true}]}}