{"id":94594,"date":"2026-04-14T16:34:16","date_gmt":"2026-04-14T14:34:16","guid":{"rendered":"https:\/\/www.koonings.com\/product\/poirier-sk-75341-rock-satin-edelstein-lucia\/"},"modified":"2026-04-14T16:10:52","modified_gmt":"2026-04-14T14:10:52","slug":"poirier-sk-75341-rock-satin-edelstein-lucia","status":"publish","type":"product","link":"https:\/\/www.koonings.com\/de\/product\/poirier-sk-75341-rock-satin-edelstein-lucia\/","title":{"rendered":"Poirier SK-75341 Rock | Satin | Edelstein | Lucia"},"content":{"rendered":"<p>SK-75341 &#8211; Stilvoller \u00dcberrock mit Slip aus luxuri\u00f6sem, mattem Satin<br \/>\nRock mit Slip aus der Lucia-Linie der GEM Kollektion.<br \/>\nElfenbeinfarbener, matter Satin.<br \/>\nZum Tragen \u00fcber einem Brautkleid oder einer Hose.<br \/>\nHaken- und \u00d6senverschluss.<br \/>\nDer Rock ist mit einem Innenfutter f\u00fcr zus\u00e4tzlichen Komfort ausgestattet.<br \/>\nDie Verwendung von drei Lagen weichem T\u00fcll sorgt f\u00fcr eine subtile Volumisierung und einen nat\u00fcrlichen Look.<br \/>\nErh\u00e4ltlich in den Gr\u00f6\u00dfen S\/M und L\/XL.<\/p>\n","protected":false},"featured_media":89117,"template":"","meta":{"_acf_changed":false,"ghostkit_customizer_options":"","ghostkit_custom_css":"","ghostkit_custom_js_head":"","ghostkit_custom_js_foot":"","ghostkit_typography":""},"productdetails":[],"productneck":[],"productcolor":[],"maat":[],"productsupplier":[416],"productsleeve":[],"productcategory":[509],"productsilhouette":[],"productstyle":[],"class_list":["post-94594","product","type-product","status-publish","has-post-thumbnail","hentry","productsupplier-poirier","productcategory-accessoires-bruid"],"acf":[],"yoast_head":"<!-- This site is optimized with the Yoast SEO plugin v27.3 - https:\/\/yoast.com\/product\/yoast-seo-wordpress\/ -->\n<title>Poirier SK-75341 Rock | Satin | Edelstein | Lucia | Koonings<\/title>\n<meta name=\"description\" content=\"SK-75341 - Stilvoller \u00dcberrock mit Slip aus luxuri\u00f6sem, mattem Satin Rock mit Slip aus der Lucia-Linie der GEM Kollektion. Elfenbeinfarbener, matter Satin. Zum Tragen \u00fcber einem Brautkleid oder einer Hose. Haken- und \u00d6senverschluss. Der Rock ist mit einem Innenfutter f\u00fcr zus\u00e4tzlichen Komfort ausgestattet. Die Verwendung von drei Lagen weichem T\u00fcll sorgt f\u00fcr eine subtile Volumisierung und einen nat\u00fcrlichen Look. Erh\u00e4ltlich in den Gr\u00f6\u00dfen S\/M und L\/XL.\" \/>\n<meta name=\"robots\" content=\"index, follow, max-snippet:-1, max-image-preview:large, max-video-preview:-1\" \/>\n<link rel=\"canonical\" href=\"https:\/\/www.koonings.com\/de\/product\/poirier-sk-75341-rock-satin-edelstein-lucia\/\" \/>\n<meta property=\"og:locale\" content=\"de_DE\" \/>\n<meta property=\"og:type\" content=\"article\" \/>\n<meta property=\"og:title\" content=\"Poirier SK-75341 Rock | Satin | Edelstein | Lucia | Koonings\" \/>\n<meta property=\"og:description\" content=\"SK-75341 - Stilvoller \u00dcberrock mit Slip aus luxuri\u00f6sem, mattem Satin Rock mit Slip aus der Lucia-Linie der GEM Kollektion. Elfenbeinfarbener, matter Satin. Zum Tragen \u00fcber einem Brautkleid oder einer Hose. Haken- und \u00d6senverschluss. Der Rock ist mit einem Innenfutter f\u00fcr zus\u00e4tzlichen Komfort ausgestattet. Die Verwendung von drei Lagen weichem T\u00fcll sorgt f\u00fcr eine subtile Volumisierung und einen nat\u00fcrlichen Look. Erh\u00e4ltlich in den Gr\u00f6\u00dfen S\/M und L\/XL.\" \/>\n<meta property=\"og:url\" content=\"https:\/\/www.koonings.com\/de\/product\/poirier-sk-75341-rock-satin-edelstein-lucia\/\" \/>\n<meta property=\"og:site_name\" content=\"Koonings\" \/>\n<meta property=\"article:publisher\" content=\"https:\/\/www.facebook.com\/kooningstheweddingpalace\" \/>\n<meta property=\"og:image\" content=\"https:\/\/www.koonings.com\/wp-content\/uploads\/2025\/07\/50719_b9915a72483c744a42bb056538217cd34bee6c50e60e21fdf14d104d0fdc4f54eb4d3681.jpeg\" \/>\n\t<meta property=\"og:image:width\" content=\"1349\" \/>\n\t<meta property=\"og:image:height\" content=\"1800\" \/>\n\t<meta property=\"og:image:type\" content=\"image\/jpeg\" \/>\n<meta name=\"twitter:card\" content=\"summary_large_image\" \/>\n<script type=\"application\/ld+json\" class=\"yoast-schema-graph\">{\"@context\":\"https:\\\/\\\/schema.org\",\"@graph\":[{\"@type\":\"WebPage\",\"@id\":\"https:\\\/\\\/www.koonings.com\\\/de\\\/product\\\/poirier-sk-75341-rock-satin-edelstein-lucia\\\/\",\"url\":\"https:\\\/\\\/www.koonings.com\\\/de\\\/product\\\/poirier-sk-75341-rock-satin-edelstein-lucia\\\/\",\"name\":\"Poirier SK-75341 Rock | Satin | Edelstein | Lucia | Koonings\",\"isPartOf\":{\"@id\":\"https:\\\/\\\/www.koonings.com\\\/de\\\/#website\"},\"primaryImageOfPage\":{\"@id\":\"https:\\\/\\\/www.koonings.com\\\/de\\\/product\\\/poirier-sk-75341-rock-satin-edelstein-lucia\\\/#primaryimage\"},\"image\":{\"@id\":\"https:\\\/\\\/www.koonings.com\\\/de\\\/product\\\/poirier-sk-75341-rock-satin-edelstein-lucia\\\/#primaryimage\"},\"thumbnailUrl\":\"https:\\\/\\\/www.koonings.com\\\/wp-content\\\/uploads\\\/2025\\\/07\\\/50719_b9915a72483c744a42bb056538217cd34bee6c50e60e21fdf14d104d0fdc4f54eb4d3681.jpeg\",\"datePublished\":\"2026-04-14T14:34:16+00:00\",\"description\":\"SK-75341 - Stilvoller \u00dcberrock mit Slip aus luxuri\u00f6sem, mattem Satin Rock mit Slip aus der Lucia-Linie der GEM Kollektion. Elfenbeinfarbener, matter Satin. Zum Tragen \u00fcber einem Brautkleid oder einer Hose. Haken- und \u00d6senverschluss. Der Rock ist mit einem Innenfutter f\u00fcr zus\u00e4tzlichen Komfort ausgestattet. Die Verwendung von drei Lagen weichem T\u00fcll sorgt f\u00fcr eine subtile Volumisierung und einen nat\u00fcrlichen Look. Erh\u00e4ltlich in den Gr\u00f6\u00dfen S\\\/M und L\\\/XL.\",\"breadcrumb\":{\"@id\":\"https:\\\/\\\/www.koonings.com\\\/de\\\/product\\\/poirier-sk-75341-rock-satin-edelstein-lucia\\\/#breadcrumb\"},\"inLanguage\":\"de\",\"potentialAction\":[{\"@type\":\"ReadAction\",\"target\":[\"https:\\\/\\\/www.koonings.com\\\/de\\\/product\\\/poirier-sk-75341-rock-satin-edelstein-lucia\\\/\"]}]},{\"@type\":\"ImageObject\",\"inLanguage\":\"de\",\"@id\":\"https:\\\/\\\/www.koonings.com\\\/de\\\/product\\\/poirier-sk-75341-rock-satin-edelstein-lucia\\\/#primaryimage\",\"url\":\"https:\\\/\\\/www.koonings.com\\\/wp-content\\\/uploads\\\/2025\\\/07\\\/50719_b9915a72483c744a42bb056538217cd34bee6c50e60e21fdf14d104d0fdc4f54eb4d3681.jpeg\",\"contentUrl\":\"https:\\\/\\\/www.koonings.com\\\/wp-content\\\/uploads\\\/2025\\\/07\\\/50719_b9915a72483c744a42bb056538217cd34bee6c50e60e21fdf14d104d0fdc4f54eb4d3681.jpeg\",\"width\":1349,\"height\":1800},{\"@type\":\"BreadcrumbList\",\"@id\":\"https:\\\/\\\/www.koonings.com\\\/de\\\/product\\\/poirier-sk-75341-rock-satin-edelstein-lucia\\\/#breadcrumb\",\"itemListElement\":[{\"@type\":\"ListItem\",\"position\":1,\"name\":\"Home\",\"item\":\"https:\\\/\\\/www.koonings.com\\\/de\\\/\"},{\"@type\":\"ListItem\",\"position\":2,\"name\":\"Poirier SK-75341 Rock | Satin | Edelstein | Lucia\"}]},{\"@type\":\"WebSite\",\"@id\":\"https:\\\/\\\/www.koonings.com\\\/de\\\/#website\",\"url\":\"https:\\\/\\\/www.koonings.com\\\/de\\\/\",\"name\":\"Koonings\",\"description\":\"De grootste bruidsmodewinkel ter wereld\",\"publisher\":{\"@id\":\"https:\\\/\\\/www.koonings.com\\\/de\\\/#organization\"},\"potentialAction\":[{\"@type\":\"SearchAction\",\"target\":{\"@type\":\"EntryPoint\",\"urlTemplate\":\"https:\\\/\\\/www.koonings.com\\\/de\\\/?s={search_term_string}\"},\"query-input\":{\"@type\":\"PropertyValueSpecification\",\"valueRequired\":true,\"valueName\":\"search_term_string\"}}],\"inLanguage\":\"de\"},{\"@type\":\"Organization\",\"@id\":\"https:\\\/\\\/www.koonings.com\\\/de\\\/#organization\",\"name\":\"Koonings\",\"url\":\"https:\\\/\\\/www.koonings.com\\\/de\\\/\",\"logo\":{\"@type\":\"ImageObject\",\"inLanguage\":\"de\",\"@id\":\"https:\\\/\\\/www.koonings.com\\\/de\\\/#\\\/schema\\\/logo\\\/image\\\/\",\"url\":\"https:\\\/\\\/www.koonings.com\\\/wp-content\\\/uploads\\\/2024\\\/07\\\/logo.png\",\"contentUrl\":\"https:\\\/\\\/www.koonings.com\\\/wp-content\\\/uploads\\\/2024\\\/07\\\/logo.png\",\"width\":600,\"height\":428,\"caption\":\"Koonings\"},\"image\":{\"@id\":\"https:\\\/\\\/www.koonings.com\\\/de\\\/#\\\/schema\\\/logo\\\/image\\\/\"},\"sameAs\":[\"https:\\\/\\\/www.facebook.com\\\/kooningstheweddingpalace\",\"https:\\\/\\\/www.instagram.com\\\/kooningstheweddingpalace\",\"https:\\\/\\\/www.pinterest.com\\\/koonings\",\"https:\\\/\\\/www.youtube.com\\\/kooningstheweddingpalace\"]}]}<\/script>\n<!-- \/ Yoast SEO plugin. -->","yoast_head_json":{"title":"Poirier SK-75341 Rock | Satin | Edelstein | Lucia | Koonings","description":"SK-75341 - Stilvoller \u00dcberrock mit Slip aus luxuri\u00f6sem, mattem Satin Rock mit Slip aus der Lucia-Linie der GEM Kollektion. Elfenbeinfarbener, matter Satin. Zum Tragen \u00fcber einem Brautkleid oder einer Hose. Haken- und \u00d6senverschluss. Der Rock ist mit einem Innenfutter f\u00fcr zus\u00e4tzlichen Komfort ausgestattet. Die Verwendung von drei Lagen weichem T\u00fcll sorgt f\u00fcr eine subtile Volumisierung und einen nat\u00fcrlichen Look. Erh\u00e4ltlich in den Gr\u00f6\u00dfen S\/M und L\/XL.","robots":{"index":"index","follow":"follow","max-snippet":"max-snippet:-1","max-image-preview":"max-image-preview:large","max-video-preview":"max-video-preview:-1"},"canonical":"https:\/\/www.koonings.com\/de\/product\/poirier-sk-75341-rock-satin-edelstein-lucia\/","og_locale":"de_DE","og_type":"article","og_title":"Poirier SK-75341 Rock | Satin | Edelstein | Lucia | Koonings","og_description":"SK-75341 - Stilvoller \u00dcberrock mit Slip aus luxuri\u00f6sem, mattem Satin Rock mit Slip aus der Lucia-Linie der GEM Kollektion. Elfenbeinfarbener, matter Satin. Zum Tragen \u00fcber einem Brautkleid oder einer Hose. Haken- und \u00d6senverschluss. Der Rock ist mit einem Innenfutter f\u00fcr zus\u00e4tzlichen Komfort ausgestattet. Die Verwendung von drei Lagen weichem T\u00fcll sorgt f\u00fcr eine subtile Volumisierung und einen nat\u00fcrlichen Look. Erh\u00e4ltlich in den Gr\u00f6\u00dfen S\/M und L\/XL.","og_url":"https:\/\/www.koonings.com\/de\/product\/poirier-sk-75341-rock-satin-edelstein-lucia\/","og_site_name":"Koonings","article_publisher":"https:\/\/www.facebook.com\/kooningstheweddingpalace","og_image":[{"width":1349,"height":1800,"url":"https:\/\/www.koonings.com\/wp-content\/uploads\/2025\/07\/50719_b9915a72483c744a42bb056538217cd34bee6c50e60e21fdf14d104d0fdc4f54eb4d3681.jpeg","type":"image\/jpeg"}],"twitter_card":"summary_large_image","schema":{"@context":"https:\/\/schema.org","@graph":[{"@type":"WebPage","@id":"https:\/\/www.koonings.com\/de\/product\/poirier-sk-75341-rock-satin-edelstein-lucia\/","url":"https:\/\/www.koonings.com\/de\/product\/poirier-sk-75341-rock-satin-edelstein-lucia\/","name":"Poirier SK-75341 Rock | Satin | Edelstein | Lucia | Koonings","isPartOf":{"@id":"https:\/\/www.koonings.com\/de\/#website"},"primaryImageOfPage":{"@id":"https:\/\/www.koonings.com\/de\/product\/poirier-sk-75341-rock-satin-edelstein-lucia\/#primaryimage"},"image":{"@id":"https:\/\/www.koonings.com\/de\/product\/poirier-sk-75341-rock-satin-edelstein-lucia\/#primaryimage"},"thumbnailUrl":"https:\/\/www.koonings.com\/wp-content\/uploads\/2025\/07\/50719_b9915a72483c744a42bb056538217cd34bee6c50e60e21fdf14d104d0fdc4f54eb4d3681.jpeg","datePublished":"2026-04-14T14:34:16+00:00","description":"SK-75341 - Stilvoller \u00dcberrock mit Slip aus luxuri\u00f6sem, mattem Satin Rock mit Slip aus der Lucia-Linie der GEM Kollektion. Elfenbeinfarbener, matter Satin. Zum Tragen \u00fcber einem Brautkleid oder einer Hose. Haken- und \u00d6senverschluss. Der Rock ist mit einem Innenfutter f\u00fcr zus\u00e4tzlichen Komfort ausgestattet. Die Verwendung von drei Lagen weichem T\u00fcll sorgt f\u00fcr eine subtile Volumisierung und einen nat\u00fcrlichen Look. Erh\u00e4ltlich in den Gr\u00f6\u00dfen S\/M und L\/XL.","breadcrumb":{"@id":"https:\/\/www.koonings.com\/de\/product\/poirier-sk-75341-rock-satin-edelstein-lucia\/#breadcrumb"},"inLanguage":"de","potentialAction":[{"@type":"ReadAction","target":["https:\/\/www.koonings.com\/de\/product\/poirier-sk-75341-rock-satin-edelstein-lucia\/"]}]},{"@type":"ImageObject","inLanguage":"de","@id":"https:\/\/www.koonings.com\/de\/product\/poirier-sk-75341-rock-satin-edelstein-lucia\/#primaryimage","url":"https:\/\/www.koonings.com\/wp-content\/uploads\/2025\/07\/50719_b9915a72483c744a42bb056538217cd34bee6c50e60e21fdf14d104d0fdc4f54eb4d3681.jpeg","contentUrl":"https:\/\/www.koonings.com\/wp-content\/uploads\/2025\/07\/50719_b9915a72483c744a42bb056538217cd34bee6c50e60e21fdf14d104d0fdc4f54eb4d3681.jpeg","width":1349,"height":1800},{"@type":"BreadcrumbList","@id":"https:\/\/www.koonings.com\/de\/product\/poirier-sk-75341-rock-satin-edelstein-lucia\/#breadcrumb","itemListElement":[{"@type":"ListItem","position":1,"name":"Home","item":"https:\/\/www.koonings.com\/de\/"},{"@type":"ListItem","position":2,"name":"Poirier SK-75341 Rock | Satin | Edelstein | Lucia"}]},{"@type":"WebSite","@id":"https:\/\/www.koonings.com\/de\/#website","url":"https:\/\/www.koonings.com\/de\/","name":"Koonings","description":"De grootste bruidsmodewinkel ter wereld","publisher":{"@id":"https:\/\/www.koonings.com\/de\/#organization"},"potentialAction":[{"@type":"SearchAction","target":{"@type":"EntryPoint","urlTemplate":"https:\/\/www.koonings.com\/de\/?s={search_term_string}"},"query-input":{"@type":"PropertyValueSpecification","valueRequired":true,"valueName":"search_term_string"}}],"inLanguage":"de"},{"@type":"Organization","@id":"https:\/\/www.koonings.com\/de\/#organization","name":"Koonings","url":"https:\/\/www.koonings.com\/de\/","logo":{"@type":"ImageObject","inLanguage":"de","@id":"https:\/\/www.koonings.com\/de\/#\/schema\/logo\/image\/","url":"https:\/\/www.koonings.com\/wp-content\/uploads\/2024\/07\/logo.png","contentUrl":"https:\/\/www.koonings.com\/wp-content\/uploads\/2024\/07\/logo.png","width":600,"height":428,"caption":"Koonings"},"image":{"@id":"https:\/\/www.koonings.com\/de\/#\/schema\/logo\/image\/"},"sameAs":["https:\/\/www.facebook.com\/kooningstheweddingpalace","https:\/\/www.instagram.com\/kooningstheweddingpalace","https:\/\/www.pinterest.com\/koonings","https:\/\/www.youtube.com\/kooningstheweddingpalace"]}]}},"_links":{"self":[{"href":"https:\/\/www.koonings.com\/de\/wp-json\/wp\/v2\/product\/94594","targetHints":{"allow":["GET"]}}],"collection":[{"href":"https:\/\/www.koonings.com\/de\/wp-json\/wp\/v2\/product"}],"about":[{"href":"https:\/\/www.koonings.com\/de\/wp-json\/wp\/v2\/types\/product"}],"wp:featuredmedia":[{"embeddable":true,"href":"https:\/\/www.koonings.com\/de\/wp-json\/wp\/v2\/media\/89117"}],"wp:attachment":[{"href":"https:\/\/www.koonings.com\/de\/wp-json\/wp\/v2\/media?parent=94594"}],"wp:term":[{"taxonomy":"productdetails","embeddable":true,"href":"https:\/\/www.koonings.com\/de\/wp-json\/wp\/v2\/productdetails?post=94594"},{"taxonomy":"productneck","embeddable":true,"href":"https:\/\/www.koonings.com\/de\/wp-json\/wp\/v2\/productneck?post=94594"},{"taxonomy":"productcolor","embeddable":true,"href":"https:\/\/www.koonings.com\/de\/wp-json\/wp\/v2\/productcolor?post=94594"},{"taxonomy":"maat","embeddable":true,"href":"https:\/\/www.koonings.com\/de\/wp-json\/wp\/v2\/maat?post=94594"},{"taxonomy":"productsupplier","embeddable":true,"href":"https:\/\/www.koonings.com\/de\/wp-json\/wp\/v2\/productsupplier?post=94594"},{"taxonomy":"productsleeve","embeddable":true,"href":"https:\/\/www.koonings.com\/de\/wp-json\/wp\/v2\/productsleeve?post=94594"},{"taxonomy":"productcategory","embeddable":true,"href":"https:\/\/www.koonings.com\/de\/wp-json\/wp\/v2\/productcategory?post=94594"},{"taxonomy":"productsilhouette","embeddable":true,"href":"https:\/\/www.koonings.com\/de\/wp-json\/wp\/v2\/productsilhouette?post=94594"},{"taxonomy":"productstyle","embeddable":true,"href":"https:\/\/www.koonings.com\/de\/wp-json\/wp\/v2\/productstyle?post=94594"}],"curies":[{"name":"wp","href":"https:\/\/api.w.org\/{rel}","templated":true}]}}