{"id":94585,"date":"2026-05-06T15:32:36","date_gmt":"2026-05-06T13:32:36","guid":{"rendered":"https:\/\/www.koonings.com\/product\/poirier-nc-7656-ohrringe-2\/"},"modified":"2026-04-14T16:10:51","modified_gmt":"2026-04-14T14:10:51","slug":"poirier-nc-7656-ohrringe-2","status":"publish","type":"product","link":"https:\/\/www.koonings.com\/de\/product\/poirier-nc-7656-ohrringe-2\/","title":{"rendered":"Poirier NC- 7656 Ohrringe"},"content":{"rendered":"<p>Ohrringe in Form von Schneekristallen, verziert mit Strasssteinen | 2 Farben verf\u00fcgbar<br \/>\nOhrringe aus der Trend Kollektion von Poirier.<br \/>\nAnh\u00e4nger &#8211; Stecker.<br \/>\nIn Form von Schneekristallen, verziert mit Strasssteinen.<br \/>\n2 Farben: Silber UND Gold.<br \/>\nL\u00e4nge: 6 cm.<br \/>\nZu kombinieren mit dem Diadem BB-7617.<br \/>\nEntscheiden Sie sich f\u00fcr einen modernen Hochzeitslook mit den Brautaccessoires von Poirier.<\/p>\n","protected":false},"featured_media":88964,"template":"","meta":{"_acf_changed":false,"ghostkit_customizer_options":"","ghostkit_custom_css":"","ghostkit_custom_js_head":"","ghostkit_custom_js_foot":"","ghostkit_typography":""},"productdetails":[],"productneck":[],"productcolor":[],"maat":[],"productsupplier":[416],"productsleeve":[],"productcategory":[511],"productsilhouette":[],"productstyle":[],"class_list":["post-94585","product","type-product","status-publish","has-post-thumbnail","hentry","productsupplier-poirier","productcategory-sieraden"],"acf":[],"yoast_head":"<!-- This site is optimized with the Yoast SEO plugin v27.3 - https:\/\/yoast.com\/product\/yoast-seo-wordpress\/ -->\n<title>Poirier NC- 7656 Ohrringe | Koonings<\/title>\n<meta name=\"description\" content=\"Ohrringe in Form von Schneekristallen, verziert mit Strasssteinen | 2 Farben verf\u00fcgbar Ohrringe aus der Trend Kollektion von Poirier. Anh\u00e4nger - Stecker. In Form von Schneekristallen, verziert mit Strasssteinen. 2 Farben: Silber UND Gold. L\u00e4nge: 6 cm. Zu kombinieren mit dem Diadem BB-7617. Entscheiden Sie sich f\u00fcr einen modernen Hochzeitslook mit den Brautaccessoires von Poirier.\" \/>\n<meta name=\"robots\" content=\"index, follow, max-snippet:-1, max-image-preview:large, max-video-preview:-1\" \/>\n<link rel=\"canonical\" href=\"https:\/\/www.koonings.com\/de\/product\/poirier-nc-7656-ohrringe-2\/\" \/>\n<meta property=\"og:locale\" content=\"de_DE\" \/>\n<meta property=\"og:type\" content=\"article\" \/>\n<meta property=\"og:title\" content=\"Poirier NC- 7656 Ohrringe | Koonings\" \/>\n<meta property=\"og:description\" content=\"Ohrringe in Form von Schneekristallen, verziert mit Strasssteinen | 2 Farben verf\u00fcgbar Ohrringe aus der Trend Kollektion von Poirier. Anh\u00e4nger - Stecker. In Form von Schneekristallen, verziert mit Strasssteinen. 2 Farben: Silber UND Gold. L\u00e4nge: 6 cm. Zu kombinieren mit dem Diadem BB-7617. Entscheiden Sie sich f\u00fcr einen modernen Hochzeitslook mit den Brautaccessoires von Poirier.\" \/>\n<meta property=\"og:url\" content=\"https:\/\/www.koonings.com\/de\/product\/poirier-nc-7656-ohrringe-2\/\" \/>\n<meta property=\"og:site_name\" content=\"Koonings\" \/>\n<meta property=\"article:publisher\" content=\"https:\/\/www.facebook.com\/kooningstheweddingpalace\" \/>\n<meta property=\"og:image\" content=\"https:\/\/www.koonings.com\/wp-content\/uploads\/2025\/07\/50657_ca5a762a34c803e7421234316114211ff6306b81a734343357701134eb43da9eb09f1352.jpeg\" \/>\n\t<meta property=\"og:image:width\" content=\"800\" \/>\n\t<meta property=\"og:image:height\" content=\"1064\" \/>\n\t<meta property=\"og:image:type\" content=\"image\/jpeg\" \/>\n<meta name=\"twitter:card\" content=\"summary_large_image\" \/>\n<script type=\"application\/ld+json\" class=\"yoast-schema-graph\">{\"@context\":\"https:\\\/\\\/schema.org\",\"@graph\":[{\"@type\":\"WebPage\",\"@id\":\"https:\\\/\\\/www.koonings.com\\\/de\\\/product\\\/poirier-nc-7656-ohrringe-2\\\/\",\"url\":\"https:\\\/\\\/www.koonings.com\\\/de\\\/product\\\/poirier-nc-7656-ohrringe-2\\\/\",\"name\":\"Poirier NC- 7656 Ohrringe | Koonings\",\"isPartOf\":{\"@id\":\"https:\\\/\\\/www.koonings.com\\\/de\\\/#website\"},\"primaryImageOfPage\":{\"@id\":\"https:\\\/\\\/www.koonings.com\\\/de\\\/product\\\/poirier-nc-7656-ohrringe-2\\\/#primaryimage\"},\"image\":{\"@id\":\"https:\\\/\\\/www.koonings.com\\\/de\\\/product\\\/poirier-nc-7656-ohrringe-2\\\/#primaryimage\"},\"thumbnailUrl\":\"https:\\\/\\\/www.koonings.com\\\/wp-content\\\/uploads\\\/2025\\\/07\\\/50657_ca5a762a34c803e7421234316114211ff6306b81a734343357701134eb43da9eb09f1352.jpeg\",\"datePublished\":\"2026-05-06T13:32:36+00:00\",\"description\":\"Ohrringe in Form von Schneekristallen, verziert mit Strasssteinen | 2 Farben verf\u00fcgbar Ohrringe aus der Trend Kollektion von Poirier. Anh\u00e4nger - Stecker. In Form von Schneekristallen, verziert mit Strasssteinen. 2 Farben: Silber UND Gold. L\u00e4nge: 6 cm. Zu kombinieren mit dem Diadem BB-7617. Entscheiden Sie sich f\u00fcr einen modernen Hochzeitslook mit den Brautaccessoires von Poirier.\",\"breadcrumb\":{\"@id\":\"https:\\\/\\\/www.koonings.com\\\/de\\\/product\\\/poirier-nc-7656-ohrringe-2\\\/#breadcrumb\"},\"inLanguage\":\"de\",\"potentialAction\":[{\"@type\":\"ReadAction\",\"target\":[\"https:\\\/\\\/www.koonings.com\\\/de\\\/product\\\/poirier-nc-7656-ohrringe-2\\\/\"]}]},{\"@type\":\"ImageObject\",\"inLanguage\":\"de\",\"@id\":\"https:\\\/\\\/www.koonings.com\\\/de\\\/product\\\/poirier-nc-7656-ohrringe-2\\\/#primaryimage\",\"url\":\"https:\\\/\\\/www.koonings.com\\\/wp-content\\\/uploads\\\/2025\\\/07\\\/50657_ca5a762a34c803e7421234316114211ff6306b81a734343357701134eb43da9eb09f1352.jpeg\",\"contentUrl\":\"https:\\\/\\\/www.koonings.com\\\/wp-content\\\/uploads\\\/2025\\\/07\\\/50657_ca5a762a34c803e7421234316114211ff6306b81a734343357701134eb43da9eb09f1352.jpeg\",\"width\":800,\"height\":1064},{\"@type\":\"BreadcrumbList\",\"@id\":\"https:\\\/\\\/www.koonings.com\\\/de\\\/product\\\/poirier-nc-7656-ohrringe-2\\\/#breadcrumb\",\"itemListElement\":[{\"@type\":\"ListItem\",\"position\":1,\"name\":\"Home\",\"item\":\"https:\\\/\\\/www.koonings.com\\\/de\\\/\"},{\"@type\":\"ListItem\",\"position\":2,\"name\":\"Poirier NC- 7656 Ohrringe\"}]},{\"@type\":\"WebSite\",\"@id\":\"https:\\\/\\\/www.koonings.com\\\/de\\\/#website\",\"url\":\"https:\\\/\\\/www.koonings.com\\\/de\\\/\",\"name\":\"Koonings\",\"description\":\"De grootste bruidsmodewinkel ter wereld\",\"publisher\":{\"@id\":\"https:\\\/\\\/www.koonings.com\\\/de\\\/#organization\"},\"potentialAction\":[{\"@type\":\"SearchAction\",\"target\":{\"@type\":\"EntryPoint\",\"urlTemplate\":\"https:\\\/\\\/www.koonings.com\\\/de\\\/?s={search_term_string}\"},\"query-input\":{\"@type\":\"PropertyValueSpecification\",\"valueRequired\":true,\"valueName\":\"search_term_string\"}}],\"inLanguage\":\"de\"},{\"@type\":\"Organization\",\"@id\":\"https:\\\/\\\/www.koonings.com\\\/de\\\/#organization\",\"name\":\"Koonings\",\"url\":\"https:\\\/\\\/www.koonings.com\\\/de\\\/\",\"logo\":{\"@type\":\"ImageObject\",\"inLanguage\":\"de\",\"@id\":\"https:\\\/\\\/www.koonings.com\\\/de\\\/#\\\/schema\\\/logo\\\/image\\\/\",\"url\":\"https:\\\/\\\/www.koonings.com\\\/wp-content\\\/uploads\\\/2024\\\/07\\\/logo.png\",\"contentUrl\":\"https:\\\/\\\/www.koonings.com\\\/wp-content\\\/uploads\\\/2024\\\/07\\\/logo.png\",\"width\":600,\"height\":428,\"caption\":\"Koonings\"},\"image\":{\"@id\":\"https:\\\/\\\/www.koonings.com\\\/de\\\/#\\\/schema\\\/logo\\\/image\\\/\"},\"sameAs\":[\"https:\\\/\\\/www.facebook.com\\\/kooningstheweddingpalace\",\"https:\\\/\\\/www.instagram.com\\\/kooningstheweddingpalace\",\"https:\\\/\\\/www.pinterest.com\\\/koonings\",\"https:\\\/\\\/www.youtube.com\\\/kooningstheweddingpalace\"]}]}<\/script>\n<!-- \/ Yoast SEO plugin. -->","yoast_head_json":{"title":"Poirier NC- 7656 Ohrringe | Koonings","description":"Ohrringe in Form von Schneekristallen, verziert mit Strasssteinen | 2 Farben verf\u00fcgbar Ohrringe aus der Trend Kollektion von Poirier. Anh\u00e4nger - Stecker. In Form von Schneekristallen, verziert mit Strasssteinen. 2 Farben: Silber UND Gold. L\u00e4nge: 6 cm. Zu kombinieren mit dem Diadem BB-7617. Entscheiden Sie sich f\u00fcr einen modernen Hochzeitslook mit den Brautaccessoires von Poirier.","robots":{"index":"index","follow":"follow","max-snippet":"max-snippet:-1","max-image-preview":"max-image-preview:large","max-video-preview":"max-video-preview:-1"},"canonical":"https:\/\/www.koonings.com\/de\/product\/poirier-nc-7656-ohrringe-2\/","og_locale":"de_DE","og_type":"article","og_title":"Poirier NC- 7656 Ohrringe | Koonings","og_description":"Ohrringe in Form von Schneekristallen, verziert mit Strasssteinen | 2 Farben verf\u00fcgbar Ohrringe aus der Trend Kollektion von Poirier. Anh\u00e4nger - Stecker. In Form von Schneekristallen, verziert mit Strasssteinen. 2 Farben: Silber UND Gold. L\u00e4nge: 6 cm. Zu kombinieren mit dem Diadem BB-7617. Entscheiden Sie sich f\u00fcr einen modernen Hochzeitslook mit den Brautaccessoires von Poirier.","og_url":"https:\/\/www.koonings.com\/de\/product\/poirier-nc-7656-ohrringe-2\/","og_site_name":"Koonings","article_publisher":"https:\/\/www.facebook.com\/kooningstheweddingpalace","og_image":[{"width":800,"height":1064,"url":"https:\/\/www.koonings.com\/wp-content\/uploads\/2025\/07\/50657_ca5a762a34c803e7421234316114211ff6306b81a734343357701134eb43da9eb09f1352.jpeg","type":"image\/jpeg"}],"twitter_card":"summary_large_image","schema":{"@context":"https:\/\/schema.org","@graph":[{"@type":"WebPage","@id":"https:\/\/www.koonings.com\/de\/product\/poirier-nc-7656-ohrringe-2\/","url":"https:\/\/www.koonings.com\/de\/product\/poirier-nc-7656-ohrringe-2\/","name":"Poirier NC- 7656 Ohrringe | Koonings","isPartOf":{"@id":"https:\/\/www.koonings.com\/de\/#website"},"primaryImageOfPage":{"@id":"https:\/\/www.koonings.com\/de\/product\/poirier-nc-7656-ohrringe-2\/#primaryimage"},"image":{"@id":"https:\/\/www.koonings.com\/de\/product\/poirier-nc-7656-ohrringe-2\/#primaryimage"},"thumbnailUrl":"https:\/\/www.koonings.com\/wp-content\/uploads\/2025\/07\/50657_ca5a762a34c803e7421234316114211ff6306b81a734343357701134eb43da9eb09f1352.jpeg","datePublished":"2026-05-06T13:32:36+00:00","description":"Ohrringe in Form von Schneekristallen, verziert mit Strasssteinen | 2 Farben verf\u00fcgbar Ohrringe aus der Trend Kollektion von Poirier. Anh\u00e4nger - Stecker. In Form von Schneekristallen, verziert mit Strasssteinen. 2 Farben: Silber UND Gold. L\u00e4nge: 6 cm. Zu kombinieren mit dem Diadem BB-7617. Entscheiden Sie sich f\u00fcr einen modernen Hochzeitslook mit den Brautaccessoires von Poirier.","breadcrumb":{"@id":"https:\/\/www.koonings.com\/de\/product\/poirier-nc-7656-ohrringe-2\/#breadcrumb"},"inLanguage":"de","potentialAction":[{"@type":"ReadAction","target":["https:\/\/www.koonings.com\/de\/product\/poirier-nc-7656-ohrringe-2\/"]}]},{"@type":"ImageObject","inLanguage":"de","@id":"https:\/\/www.koonings.com\/de\/product\/poirier-nc-7656-ohrringe-2\/#primaryimage","url":"https:\/\/www.koonings.com\/wp-content\/uploads\/2025\/07\/50657_ca5a762a34c803e7421234316114211ff6306b81a734343357701134eb43da9eb09f1352.jpeg","contentUrl":"https:\/\/www.koonings.com\/wp-content\/uploads\/2025\/07\/50657_ca5a762a34c803e7421234316114211ff6306b81a734343357701134eb43da9eb09f1352.jpeg","width":800,"height":1064},{"@type":"BreadcrumbList","@id":"https:\/\/www.koonings.com\/de\/product\/poirier-nc-7656-ohrringe-2\/#breadcrumb","itemListElement":[{"@type":"ListItem","position":1,"name":"Home","item":"https:\/\/www.koonings.com\/de\/"},{"@type":"ListItem","position":2,"name":"Poirier NC- 7656 Ohrringe"}]},{"@type":"WebSite","@id":"https:\/\/www.koonings.com\/de\/#website","url":"https:\/\/www.koonings.com\/de\/","name":"Koonings","description":"De grootste bruidsmodewinkel ter wereld","publisher":{"@id":"https:\/\/www.koonings.com\/de\/#organization"},"potentialAction":[{"@type":"SearchAction","target":{"@type":"EntryPoint","urlTemplate":"https:\/\/www.koonings.com\/de\/?s={search_term_string}"},"query-input":{"@type":"PropertyValueSpecification","valueRequired":true,"valueName":"search_term_string"}}],"inLanguage":"de"},{"@type":"Organization","@id":"https:\/\/www.koonings.com\/de\/#organization","name":"Koonings","url":"https:\/\/www.koonings.com\/de\/","logo":{"@type":"ImageObject","inLanguage":"de","@id":"https:\/\/www.koonings.com\/de\/#\/schema\/logo\/image\/","url":"https:\/\/www.koonings.com\/wp-content\/uploads\/2024\/07\/logo.png","contentUrl":"https:\/\/www.koonings.com\/wp-content\/uploads\/2024\/07\/logo.png","width":600,"height":428,"caption":"Koonings"},"image":{"@id":"https:\/\/www.koonings.com\/de\/#\/schema\/logo\/image\/"},"sameAs":["https:\/\/www.facebook.com\/kooningstheweddingpalace","https:\/\/www.instagram.com\/kooningstheweddingpalace","https:\/\/www.pinterest.com\/koonings","https:\/\/www.youtube.com\/kooningstheweddingpalace"]}]}},"_links":{"self":[{"href":"https:\/\/www.koonings.com\/de\/wp-json\/wp\/v2\/product\/94585","targetHints":{"allow":["GET"]}}],"collection":[{"href":"https:\/\/www.koonings.com\/de\/wp-json\/wp\/v2\/product"}],"about":[{"href":"https:\/\/www.koonings.com\/de\/wp-json\/wp\/v2\/types\/product"}],"wp:featuredmedia":[{"embeddable":true,"href":"https:\/\/www.koonings.com\/de\/wp-json\/wp\/v2\/media\/88964"}],"wp:attachment":[{"href":"https:\/\/www.koonings.com\/de\/wp-json\/wp\/v2\/media?parent=94585"}],"wp:term":[{"taxonomy":"productdetails","embeddable":true,"href":"https:\/\/www.koonings.com\/de\/wp-json\/wp\/v2\/productdetails?post=94585"},{"taxonomy":"productneck","embeddable":true,"href":"https:\/\/www.koonings.com\/de\/wp-json\/wp\/v2\/productneck?post=94585"},{"taxonomy":"productcolor","embeddable":true,"href":"https:\/\/www.koonings.com\/de\/wp-json\/wp\/v2\/productcolor?post=94585"},{"taxonomy":"maat","embeddable":true,"href":"https:\/\/www.koonings.com\/de\/wp-json\/wp\/v2\/maat?post=94585"},{"taxonomy":"productsupplier","embeddable":true,"href":"https:\/\/www.koonings.com\/de\/wp-json\/wp\/v2\/productsupplier?post=94585"},{"taxonomy":"productsleeve","embeddable":true,"href":"https:\/\/www.koonings.com\/de\/wp-json\/wp\/v2\/productsleeve?post=94585"},{"taxonomy":"productcategory","embeddable":true,"href":"https:\/\/www.koonings.com\/de\/wp-json\/wp\/v2\/productcategory?post=94585"},{"taxonomy":"productsilhouette","embeddable":true,"href":"https:\/\/www.koonings.com\/de\/wp-json\/wp\/v2\/productsilhouette?post=94585"},{"taxonomy":"productstyle","embeddable":true,"href":"https:\/\/www.koonings.com\/de\/wp-json\/wp\/v2\/productstyle?post=94585"}],"curies":[{"name":"wp","href":"https:\/\/api.w.org\/{rel}","templated":true}]}}