{"id":94547,"date":"2026-04-14T16:34:23","date_gmt":"2026-04-14T14:34:23","guid":{"rendered":"https:\/\/www.koonings.com\/product\/poirier-t-200-jacke-craape-gem-dana\/"},"modified":"2026-04-14T15:47:31","modified_gmt":"2026-04-14T13:47:31","slug":"poirier-t-200-jacke-craape-gem-dana","status":"publish","type":"product","link":"https:\/\/www.koonings.com\/de\/product\/poirier-t-200-jacke-craape-gem-dana\/","title":{"rendered":"Poirier T-200 Jacke cr\u00c3\u00aape | Gem | Dana"},"content":{"rendered":"<p>Brautblazer aus elfenbeinfarbenem Cr\u00eape-Stoff mit Stoffkn\u00f6pfen an den Manschetten | Deluxe-Version | GEM Collection | Dana line<br \/>\nBrautblazer aus der Trend Collection von Poirier.<br \/>\nArtikel aus der Dana-Linie sind aus elfenbeinfarbenem Cr\u00eape-Stoff.<br \/>\nDeluxe-Version.<br \/>\nAus elfenbeinfarbenem Cr\u00eape-Stoff.<br \/>\nMit Stoffkn\u00f6pfen an den Manschetten.<br \/>\nVorne in der Mitte mit Stoffkn\u00f6pfen zu schlie\u00dfen.<br \/>\nIn den Gr\u00f6\u00dfen: XS bis XL.<br \/>\nW\u00e4hlen Sie dazu passende Produkte aus der Dana-Linie: Braut-Top T-203 und Braut-Hose T-201.<br \/>\nMit den Produkten aus der Dana-Linie der GEM Collection w\u00e4hlen Sie einen trendigen Hochzeitslook<\/p>\n","protected":false},"featured_media":89377,"template":"","meta":{"_acf_changed":false,"ghostkit_customizer_options":"","ghostkit_custom_css":"","ghostkit_custom_js_head":"","ghostkit_custom_js_foot":"","ghostkit_typography":""},"productdetails":[],"productneck":[],"productcolor":[],"maat":[],"productsupplier":[416],"productsleeve":[],"productcategory":[509],"productsilhouette":[],"productstyle":[],"class_list":["post-94547","product","type-product","status-publish","has-post-thumbnail","hentry","productsupplier-poirier","productcategory-accessoires-bruid"],"acf":[],"yoast_head":"<!-- This site is optimized with the Yoast SEO plugin v27.3 - https:\/\/yoast.com\/product\/yoast-seo-wordpress\/ -->\n<title>Poirier T-200 Jacke cr\u00c3\u00aape | Gem | Dana | Koonings<\/title>\n<meta name=\"description\" content=\"Brautblazer aus elfenbeinfarbenem Cr\u00eape-Stoff mit Stoffkn\u00f6pfen an den Manschetten | Deluxe-Version | GEM Collection | Dana line Brautblazer aus der Trend Collection von Poirier. Artikel aus der Dana-Linie sind aus elfenbeinfarbenem Cr\u00eape-Stoff. Deluxe-Version. Aus elfenbeinfarbenem Cr\u00eape-Stoff. Mit Stoffkn\u00f6pfen an den Manschetten. Vorne in der Mitte mit Stoffkn\u00f6pfen zu schlie\u00dfen. In den Gr\u00f6\u00dfen: XS bis XL. W\u00e4hlen Sie dazu passende Produkte aus der Dana-Linie: Braut-Top T-203 und Braut-Hose T-201. Mit den Produkten aus der Dana-Linie der GEM Collection w\u00e4hlen Sie einen trendigen Hochzeitslook\" \/>\n<meta name=\"robots\" content=\"index, follow, max-snippet:-1, max-image-preview:large, max-video-preview:-1\" \/>\n<link rel=\"canonical\" href=\"https:\/\/www.koonings.com\/de\/product\/poirier-t-200-jacke-craape-gem-dana\/\" \/>\n<meta property=\"og:locale\" content=\"de_DE\" \/>\n<meta property=\"og:type\" content=\"article\" \/>\n<meta property=\"og:title\" content=\"Poirier T-200 Jacke cr\u00c3\u00aape | Gem | Dana | Koonings\" \/>\n<meta property=\"og:description\" content=\"Brautblazer aus elfenbeinfarbenem Cr\u00eape-Stoff mit Stoffkn\u00f6pfen an den Manschetten | Deluxe-Version | GEM Collection | Dana line Brautblazer aus der Trend Collection von Poirier. Artikel aus der Dana-Linie sind aus elfenbeinfarbenem Cr\u00eape-Stoff. Deluxe-Version. Aus elfenbeinfarbenem Cr\u00eape-Stoff. Mit Stoffkn\u00f6pfen an den Manschetten. Vorne in der Mitte mit Stoffkn\u00f6pfen zu schlie\u00dfen. In den Gr\u00f6\u00dfen: XS bis XL. W\u00e4hlen Sie dazu passende Produkte aus der Dana-Linie: Braut-Top T-203 und Braut-Hose T-201. Mit den Produkten aus der Dana-Linie der GEM Collection w\u00e4hlen Sie einen trendigen Hochzeitslook\" \/>\n<meta property=\"og:url\" content=\"https:\/\/www.koonings.com\/de\/product\/poirier-t-200-jacke-craape-gem-dana\/\" \/>\n<meta property=\"og:site_name\" content=\"Koonings\" \/>\n<meta property=\"article:publisher\" content=\"https:\/\/www.facebook.com\/kooningstheweddingpalace\" \/>\n<meta property=\"og:image\" content=\"https:\/\/www.koonings.com\/wp-content\/uploads\/2025\/07\/50735_7827cea1cbeb529ef34643b1d5ffa99683181dada58c0067d031ac2d928be5ee4bfa63a5.jpeg\" \/>\n\t<meta property=\"og:image:width\" content=\"1731\" \/>\n\t<meta property=\"og:image:height\" content=\"2309\" \/>\n\t<meta property=\"og:image:type\" content=\"image\/jpeg\" \/>\n<meta name=\"twitter:card\" content=\"summary_large_image\" \/>\n<script type=\"application\/ld+json\" class=\"yoast-schema-graph\">{\"@context\":\"https:\\\/\\\/schema.org\",\"@graph\":[{\"@type\":\"WebPage\",\"@id\":\"https:\\\/\\\/www.koonings.com\\\/de\\\/product\\\/poirier-t-200-jacke-craape-gem-dana\\\/\",\"url\":\"https:\\\/\\\/www.koonings.com\\\/de\\\/product\\\/poirier-t-200-jacke-craape-gem-dana\\\/\",\"name\":\"Poirier T-200 Jacke cr\u00c3\u00aape | Gem | Dana | Koonings\",\"isPartOf\":{\"@id\":\"https:\\\/\\\/www.koonings.com\\\/de\\\/#website\"},\"primaryImageOfPage\":{\"@id\":\"https:\\\/\\\/www.koonings.com\\\/de\\\/product\\\/poirier-t-200-jacke-craape-gem-dana\\\/#primaryimage\"},\"image\":{\"@id\":\"https:\\\/\\\/www.koonings.com\\\/de\\\/product\\\/poirier-t-200-jacke-craape-gem-dana\\\/#primaryimage\"},\"thumbnailUrl\":\"https:\\\/\\\/www.koonings.com\\\/wp-content\\\/uploads\\\/2025\\\/07\\\/50735_7827cea1cbeb529ef34643b1d5ffa99683181dada58c0067d031ac2d928be5ee4bfa63a5.jpeg\",\"datePublished\":\"2026-04-14T14:34:23+00:00\",\"description\":\"Brautblazer aus elfenbeinfarbenem Cr\u00eape-Stoff mit Stoffkn\u00f6pfen an den Manschetten | Deluxe-Version | GEM Collection | Dana line Brautblazer aus der Trend Collection von Poirier. Artikel aus der Dana-Linie sind aus elfenbeinfarbenem Cr\u00eape-Stoff. Deluxe-Version. Aus elfenbeinfarbenem Cr\u00eape-Stoff. Mit Stoffkn\u00f6pfen an den Manschetten. Vorne in der Mitte mit Stoffkn\u00f6pfen zu schlie\u00dfen. In den Gr\u00f6\u00dfen: XS bis XL. W\u00e4hlen Sie dazu passende Produkte aus der Dana-Linie: Braut-Top T-203 und Braut-Hose T-201. Mit den Produkten aus der Dana-Linie der GEM Collection w\u00e4hlen Sie einen trendigen Hochzeitslook\",\"breadcrumb\":{\"@id\":\"https:\\\/\\\/www.koonings.com\\\/de\\\/product\\\/poirier-t-200-jacke-craape-gem-dana\\\/#breadcrumb\"},\"inLanguage\":\"de\",\"potentialAction\":[{\"@type\":\"ReadAction\",\"target\":[\"https:\\\/\\\/www.koonings.com\\\/de\\\/product\\\/poirier-t-200-jacke-craape-gem-dana\\\/\"]}]},{\"@type\":\"ImageObject\",\"inLanguage\":\"de\",\"@id\":\"https:\\\/\\\/www.koonings.com\\\/de\\\/product\\\/poirier-t-200-jacke-craape-gem-dana\\\/#primaryimage\",\"url\":\"https:\\\/\\\/www.koonings.com\\\/wp-content\\\/uploads\\\/2025\\\/07\\\/50735_7827cea1cbeb529ef34643b1d5ffa99683181dada58c0067d031ac2d928be5ee4bfa63a5.jpeg\",\"contentUrl\":\"https:\\\/\\\/www.koonings.com\\\/wp-content\\\/uploads\\\/2025\\\/07\\\/50735_7827cea1cbeb529ef34643b1d5ffa99683181dada58c0067d031ac2d928be5ee4bfa63a5.jpeg\",\"width\":1731,\"height\":2309},{\"@type\":\"BreadcrumbList\",\"@id\":\"https:\\\/\\\/www.koonings.com\\\/de\\\/product\\\/poirier-t-200-jacke-craape-gem-dana\\\/#breadcrumb\",\"itemListElement\":[{\"@type\":\"ListItem\",\"position\":1,\"name\":\"Home\",\"item\":\"https:\\\/\\\/www.koonings.com\\\/de\\\/\"},{\"@type\":\"ListItem\",\"position\":2,\"name\":\"Poirier T-200 Jacke cr\u00c3\u00aape | Gem | Dana\"}]},{\"@type\":\"WebSite\",\"@id\":\"https:\\\/\\\/www.koonings.com\\\/de\\\/#website\",\"url\":\"https:\\\/\\\/www.koonings.com\\\/de\\\/\",\"name\":\"Koonings\",\"description\":\"De grootste bruidsmodewinkel ter wereld\",\"publisher\":{\"@id\":\"https:\\\/\\\/www.koonings.com\\\/de\\\/#organization\"},\"potentialAction\":[{\"@type\":\"SearchAction\",\"target\":{\"@type\":\"EntryPoint\",\"urlTemplate\":\"https:\\\/\\\/www.koonings.com\\\/de\\\/?s={search_term_string}\"},\"query-input\":{\"@type\":\"PropertyValueSpecification\",\"valueRequired\":true,\"valueName\":\"search_term_string\"}}],\"inLanguage\":\"de\"},{\"@type\":\"Organization\",\"@id\":\"https:\\\/\\\/www.koonings.com\\\/de\\\/#organization\",\"name\":\"Koonings\",\"url\":\"https:\\\/\\\/www.koonings.com\\\/de\\\/\",\"logo\":{\"@type\":\"ImageObject\",\"inLanguage\":\"de\",\"@id\":\"https:\\\/\\\/www.koonings.com\\\/de\\\/#\\\/schema\\\/logo\\\/image\\\/\",\"url\":\"https:\\\/\\\/www.koonings.com\\\/wp-content\\\/uploads\\\/2024\\\/07\\\/logo.png\",\"contentUrl\":\"https:\\\/\\\/www.koonings.com\\\/wp-content\\\/uploads\\\/2024\\\/07\\\/logo.png\",\"width\":600,\"height\":428,\"caption\":\"Koonings\"},\"image\":{\"@id\":\"https:\\\/\\\/www.koonings.com\\\/de\\\/#\\\/schema\\\/logo\\\/image\\\/\"},\"sameAs\":[\"https:\\\/\\\/www.facebook.com\\\/kooningstheweddingpalace\",\"https:\\\/\\\/www.instagram.com\\\/kooningstheweddingpalace\",\"https:\\\/\\\/www.pinterest.com\\\/koonings\",\"https:\\\/\\\/www.youtube.com\\\/kooningstheweddingpalace\"]}]}<\/script>\n<!-- \/ Yoast SEO plugin. -->","yoast_head_json":{"title":"Poirier T-200 Jacke cr\u00c3\u00aape | Gem | Dana | Koonings","description":"Brautblazer aus elfenbeinfarbenem Cr\u00eape-Stoff mit Stoffkn\u00f6pfen an den Manschetten | Deluxe-Version | GEM Collection | Dana line Brautblazer aus der Trend Collection von Poirier. Artikel aus der Dana-Linie sind aus elfenbeinfarbenem Cr\u00eape-Stoff. Deluxe-Version. Aus elfenbeinfarbenem Cr\u00eape-Stoff. Mit Stoffkn\u00f6pfen an den Manschetten. Vorne in der Mitte mit Stoffkn\u00f6pfen zu schlie\u00dfen. In den Gr\u00f6\u00dfen: XS bis XL. W\u00e4hlen Sie dazu passende Produkte aus der Dana-Linie: Braut-Top T-203 und Braut-Hose T-201. Mit den Produkten aus der Dana-Linie der GEM Collection w\u00e4hlen Sie einen trendigen Hochzeitslook","robots":{"index":"index","follow":"follow","max-snippet":"max-snippet:-1","max-image-preview":"max-image-preview:large","max-video-preview":"max-video-preview:-1"},"canonical":"https:\/\/www.koonings.com\/de\/product\/poirier-t-200-jacke-craape-gem-dana\/","og_locale":"de_DE","og_type":"article","og_title":"Poirier T-200 Jacke cr\u00c3\u00aape | Gem | Dana | Koonings","og_description":"Brautblazer aus elfenbeinfarbenem Cr\u00eape-Stoff mit Stoffkn\u00f6pfen an den Manschetten | Deluxe-Version | GEM Collection | Dana line Brautblazer aus der Trend Collection von Poirier. Artikel aus der Dana-Linie sind aus elfenbeinfarbenem Cr\u00eape-Stoff. Deluxe-Version. Aus elfenbeinfarbenem Cr\u00eape-Stoff. Mit Stoffkn\u00f6pfen an den Manschetten. Vorne in der Mitte mit Stoffkn\u00f6pfen zu schlie\u00dfen. In den Gr\u00f6\u00dfen: XS bis XL. W\u00e4hlen Sie dazu passende Produkte aus der Dana-Linie: Braut-Top T-203 und Braut-Hose T-201. Mit den Produkten aus der Dana-Linie der GEM Collection w\u00e4hlen Sie einen trendigen Hochzeitslook","og_url":"https:\/\/www.koonings.com\/de\/product\/poirier-t-200-jacke-craape-gem-dana\/","og_site_name":"Koonings","article_publisher":"https:\/\/www.facebook.com\/kooningstheweddingpalace","og_image":[{"width":1731,"height":2309,"url":"https:\/\/www.koonings.com\/wp-content\/uploads\/2025\/07\/50735_7827cea1cbeb529ef34643b1d5ffa99683181dada58c0067d031ac2d928be5ee4bfa63a5.jpeg","type":"image\/jpeg"}],"twitter_card":"summary_large_image","schema":{"@context":"https:\/\/schema.org","@graph":[{"@type":"WebPage","@id":"https:\/\/www.koonings.com\/de\/product\/poirier-t-200-jacke-craape-gem-dana\/","url":"https:\/\/www.koonings.com\/de\/product\/poirier-t-200-jacke-craape-gem-dana\/","name":"Poirier T-200 Jacke cr\u00c3\u00aape | Gem | Dana | Koonings","isPartOf":{"@id":"https:\/\/www.koonings.com\/de\/#website"},"primaryImageOfPage":{"@id":"https:\/\/www.koonings.com\/de\/product\/poirier-t-200-jacke-craape-gem-dana\/#primaryimage"},"image":{"@id":"https:\/\/www.koonings.com\/de\/product\/poirier-t-200-jacke-craape-gem-dana\/#primaryimage"},"thumbnailUrl":"https:\/\/www.koonings.com\/wp-content\/uploads\/2025\/07\/50735_7827cea1cbeb529ef34643b1d5ffa99683181dada58c0067d031ac2d928be5ee4bfa63a5.jpeg","datePublished":"2026-04-14T14:34:23+00:00","description":"Brautblazer aus elfenbeinfarbenem Cr\u00eape-Stoff mit Stoffkn\u00f6pfen an den Manschetten | Deluxe-Version | GEM Collection | Dana line Brautblazer aus der Trend Collection von Poirier. Artikel aus der Dana-Linie sind aus elfenbeinfarbenem Cr\u00eape-Stoff. Deluxe-Version. Aus elfenbeinfarbenem Cr\u00eape-Stoff. Mit Stoffkn\u00f6pfen an den Manschetten. Vorne in der Mitte mit Stoffkn\u00f6pfen zu schlie\u00dfen. In den Gr\u00f6\u00dfen: XS bis XL. W\u00e4hlen Sie dazu passende Produkte aus der Dana-Linie: Braut-Top T-203 und Braut-Hose T-201. Mit den Produkten aus der Dana-Linie der GEM Collection w\u00e4hlen Sie einen trendigen Hochzeitslook","breadcrumb":{"@id":"https:\/\/www.koonings.com\/de\/product\/poirier-t-200-jacke-craape-gem-dana\/#breadcrumb"},"inLanguage":"de","potentialAction":[{"@type":"ReadAction","target":["https:\/\/www.koonings.com\/de\/product\/poirier-t-200-jacke-craape-gem-dana\/"]}]},{"@type":"ImageObject","inLanguage":"de","@id":"https:\/\/www.koonings.com\/de\/product\/poirier-t-200-jacke-craape-gem-dana\/#primaryimage","url":"https:\/\/www.koonings.com\/wp-content\/uploads\/2025\/07\/50735_7827cea1cbeb529ef34643b1d5ffa99683181dada58c0067d031ac2d928be5ee4bfa63a5.jpeg","contentUrl":"https:\/\/www.koonings.com\/wp-content\/uploads\/2025\/07\/50735_7827cea1cbeb529ef34643b1d5ffa99683181dada58c0067d031ac2d928be5ee4bfa63a5.jpeg","width":1731,"height":2309},{"@type":"BreadcrumbList","@id":"https:\/\/www.koonings.com\/de\/product\/poirier-t-200-jacke-craape-gem-dana\/#breadcrumb","itemListElement":[{"@type":"ListItem","position":1,"name":"Home","item":"https:\/\/www.koonings.com\/de\/"},{"@type":"ListItem","position":2,"name":"Poirier T-200 Jacke cr\u00c3\u00aape | Gem | Dana"}]},{"@type":"WebSite","@id":"https:\/\/www.koonings.com\/de\/#website","url":"https:\/\/www.koonings.com\/de\/","name":"Koonings","description":"De grootste bruidsmodewinkel ter wereld","publisher":{"@id":"https:\/\/www.koonings.com\/de\/#organization"},"potentialAction":[{"@type":"SearchAction","target":{"@type":"EntryPoint","urlTemplate":"https:\/\/www.koonings.com\/de\/?s={search_term_string}"},"query-input":{"@type":"PropertyValueSpecification","valueRequired":true,"valueName":"search_term_string"}}],"inLanguage":"de"},{"@type":"Organization","@id":"https:\/\/www.koonings.com\/de\/#organization","name":"Koonings","url":"https:\/\/www.koonings.com\/de\/","logo":{"@type":"ImageObject","inLanguage":"de","@id":"https:\/\/www.koonings.com\/de\/#\/schema\/logo\/image\/","url":"https:\/\/www.koonings.com\/wp-content\/uploads\/2024\/07\/logo.png","contentUrl":"https:\/\/www.koonings.com\/wp-content\/uploads\/2024\/07\/logo.png","width":600,"height":428,"caption":"Koonings"},"image":{"@id":"https:\/\/www.koonings.com\/de\/#\/schema\/logo\/image\/"},"sameAs":["https:\/\/www.facebook.com\/kooningstheweddingpalace","https:\/\/www.instagram.com\/kooningstheweddingpalace","https:\/\/www.pinterest.com\/koonings","https:\/\/www.youtube.com\/kooningstheweddingpalace"]}]}},"_links":{"self":[{"href":"https:\/\/www.koonings.com\/de\/wp-json\/wp\/v2\/product\/94547","targetHints":{"allow":["GET"]}}],"collection":[{"href":"https:\/\/www.koonings.com\/de\/wp-json\/wp\/v2\/product"}],"about":[{"href":"https:\/\/www.koonings.com\/de\/wp-json\/wp\/v2\/types\/product"}],"wp:featuredmedia":[{"embeddable":true,"href":"https:\/\/www.koonings.com\/de\/wp-json\/wp\/v2\/media\/89377"}],"wp:attachment":[{"href":"https:\/\/www.koonings.com\/de\/wp-json\/wp\/v2\/media?parent=94547"}],"wp:term":[{"taxonomy":"productdetails","embeddable":true,"href":"https:\/\/www.koonings.com\/de\/wp-json\/wp\/v2\/productdetails?post=94547"},{"taxonomy":"productneck","embeddable":true,"href":"https:\/\/www.koonings.com\/de\/wp-json\/wp\/v2\/productneck?post=94547"},{"taxonomy":"productcolor","embeddable":true,"href":"https:\/\/www.koonings.com\/de\/wp-json\/wp\/v2\/productcolor?post=94547"},{"taxonomy":"maat","embeddable":true,"href":"https:\/\/www.koonings.com\/de\/wp-json\/wp\/v2\/maat?post=94547"},{"taxonomy":"productsupplier","embeddable":true,"href":"https:\/\/www.koonings.com\/de\/wp-json\/wp\/v2\/productsupplier?post=94547"},{"taxonomy":"productsleeve","embeddable":true,"href":"https:\/\/www.koonings.com\/de\/wp-json\/wp\/v2\/productsleeve?post=94547"},{"taxonomy":"productcategory","embeddable":true,"href":"https:\/\/www.koonings.com\/de\/wp-json\/wp\/v2\/productcategory?post=94547"},{"taxonomy":"productsilhouette","embeddable":true,"href":"https:\/\/www.koonings.com\/de\/wp-json\/wp\/v2\/productsilhouette?post=94547"},{"taxonomy":"productstyle","embeddable":true,"href":"https:\/\/www.koonings.com\/de\/wp-json\/wp\/v2\/productstyle?post=94547"}],"curies":[{"name":"wp","href":"https:\/\/api.w.org\/{rel}","templated":true}]}}