{"id":94532,"date":"2026-04-14T16:34:18","date_gmt":"2026-04-14T14:34:18","guid":{"rendered":"https:\/\/www.koonings.com\/product\/poirier-sk-75345-rock-uma\/"},"modified":"2026-04-14T15:47:52","modified_gmt":"2026-04-14T13:47:52","slug":"poirier-sk-75345-rock-uma","status":"publish","type":"product","link":"https:\/\/www.koonings.com\/de\/product\/poirier-sk-75345-rock-uma\/","title":{"rendered":"Poirier SK-75345 Rock | Uma"},"content":{"rendered":"<p>SK-75345 &#8211; Luxuri\u00f6ser bestickter T\u00fcllrock<br \/>\nT\u00fcllrock aus der Uma-Linie von Poirier.<br \/>\nBestickter T\u00fcll mit Blumenmuster, Pailletten und Perlen.<br \/>\nElfenbeinfarben.<br \/>\nVorne links geschlitzt.<br \/>\nKleiner Slip.<br \/>\nDer Rock ist mit einem Innenfutter f\u00fcr zus\u00e4tzlichen Komfort ausgestattet.<br \/>\nDie Verwendung von drei Lagen weichem T\u00fcll sorgt f\u00fcr dezentes Volumen und einen nat\u00fcrlichen Look.<br \/>\nGr\u00f6\u00dfen: XS, S, M, L, XL.<br \/>\nPassendes Oberteil T-75416 und Schleier S75502-280\/1 aus der Linie Uma.<\/p>\n","protected":false},"featured_media":89173,"template":"","meta":{"_acf_changed":false,"ghostkit_customizer_options":"","ghostkit_custom_css":"","ghostkit_custom_js_head":"","ghostkit_custom_js_foot":"","ghostkit_typography":""},"productdetails":[],"productneck":[],"productcolor":[],"maat":[],"productsupplier":[416],"productsleeve":[],"productcategory":[509],"productsilhouette":[],"productstyle":[],"class_list":["post-94532","product","type-product","status-publish","has-post-thumbnail","hentry","productsupplier-poirier","productcategory-accessoires-bruid"],"acf":[],"yoast_head":"<!-- This site is optimized with the Yoast SEO plugin v27.3 - https:\/\/yoast.com\/product\/yoast-seo-wordpress\/ -->\n<title>Poirier SK-75345 Rock | Uma | Koonings<\/title>\n<meta name=\"description\" content=\"SK-75345 - Luxuri\u00f6ser bestickter T\u00fcllrock T\u00fcllrock aus der Uma-Linie von Poirier. Bestickter T\u00fcll mit Blumenmuster, Pailletten und Perlen. Elfenbeinfarben. Vorne links geschlitzt. Kleiner Slip. Der Rock ist mit einem Innenfutter f\u00fcr zus\u00e4tzlichen Komfort ausgestattet. Die Verwendung von drei Lagen weichem T\u00fcll sorgt f\u00fcr dezentes Volumen und einen nat\u00fcrlichen Look. Gr\u00f6\u00dfen: XS, S, M, L, XL. Passendes Oberteil T-75416 und Schleier S75502-280\/1 aus der Linie Uma.\" \/>\n<meta name=\"robots\" content=\"index, follow, max-snippet:-1, max-image-preview:large, max-video-preview:-1\" \/>\n<link rel=\"canonical\" href=\"https:\/\/www.koonings.com\/de\/product\/poirier-sk-75345-rock-uma\/\" \/>\n<meta property=\"og:locale\" content=\"de_DE\" \/>\n<meta property=\"og:type\" content=\"article\" \/>\n<meta property=\"og:title\" content=\"Poirier SK-75345 Rock | Uma | Koonings\" \/>\n<meta property=\"og:description\" content=\"SK-75345 - Luxuri\u00f6ser bestickter T\u00fcllrock T\u00fcllrock aus der Uma-Linie von Poirier. Bestickter T\u00fcll mit Blumenmuster, Pailletten und Perlen. Elfenbeinfarben. Vorne links geschlitzt. Kleiner Slip. Der Rock ist mit einem Innenfutter f\u00fcr zus\u00e4tzlichen Komfort ausgestattet. Die Verwendung von drei Lagen weichem T\u00fcll sorgt f\u00fcr dezentes Volumen und einen nat\u00fcrlichen Look. Gr\u00f6\u00dfen: XS, S, M, L, XL. Passendes Oberteil T-75416 und Schleier S75502-280\/1 aus der Linie Uma.\" \/>\n<meta property=\"og:url\" content=\"https:\/\/www.koonings.com\/de\/product\/poirier-sk-75345-rock-uma\/\" \/>\n<meta property=\"og:site_name\" content=\"Koonings\" \/>\n<meta property=\"article:publisher\" content=\"https:\/\/www.facebook.com\/kooningstheweddingpalace\" \/>\n<meta property=\"og:image\" content=\"https:\/\/www.koonings.com\/wp-content\/uploads\/2025\/07\/50723_513c0452b2ee3972675a35a5b0ddd0deca9582825a6e6cce384294ca5ba54cc38358ed51.jpeg\" \/>\n\t<meta property=\"og:image:width\" content=\"1732\" \/>\n\t<meta property=\"og:image:height\" content=\"2309\" \/>\n\t<meta property=\"og:image:type\" content=\"image\/jpeg\" \/>\n<meta name=\"twitter:card\" content=\"summary_large_image\" \/>\n<script type=\"application\/ld+json\" class=\"yoast-schema-graph\">{\"@context\":\"https:\\\/\\\/schema.org\",\"@graph\":[{\"@type\":\"WebPage\",\"@id\":\"https:\\\/\\\/www.koonings.com\\\/de\\\/product\\\/poirier-sk-75345-rock-uma\\\/\",\"url\":\"https:\\\/\\\/www.koonings.com\\\/de\\\/product\\\/poirier-sk-75345-rock-uma\\\/\",\"name\":\"Poirier SK-75345 Rock | Uma | Koonings\",\"isPartOf\":{\"@id\":\"https:\\\/\\\/www.koonings.com\\\/de\\\/#website\"},\"primaryImageOfPage\":{\"@id\":\"https:\\\/\\\/www.koonings.com\\\/de\\\/product\\\/poirier-sk-75345-rock-uma\\\/#primaryimage\"},\"image\":{\"@id\":\"https:\\\/\\\/www.koonings.com\\\/de\\\/product\\\/poirier-sk-75345-rock-uma\\\/#primaryimage\"},\"thumbnailUrl\":\"https:\\\/\\\/www.koonings.com\\\/wp-content\\\/uploads\\\/2025\\\/07\\\/50723_513c0452b2ee3972675a35a5b0ddd0deca9582825a6e6cce384294ca5ba54cc38358ed51.jpeg\",\"datePublished\":\"2026-04-14T14:34:18+00:00\",\"description\":\"SK-75345 - Luxuri\u00f6ser bestickter T\u00fcllrock T\u00fcllrock aus der Uma-Linie von Poirier. Bestickter T\u00fcll mit Blumenmuster, Pailletten und Perlen. Elfenbeinfarben. Vorne links geschlitzt. Kleiner Slip. Der Rock ist mit einem Innenfutter f\u00fcr zus\u00e4tzlichen Komfort ausgestattet. Die Verwendung von drei Lagen weichem T\u00fcll sorgt f\u00fcr dezentes Volumen und einen nat\u00fcrlichen Look. Gr\u00f6\u00dfen: XS, S, M, L, XL. Passendes Oberteil T-75416 und Schleier S75502-280\\\/1 aus der Linie Uma.\",\"breadcrumb\":{\"@id\":\"https:\\\/\\\/www.koonings.com\\\/de\\\/product\\\/poirier-sk-75345-rock-uma\\\/#breadcrumb\"},\"inLanguage\":\"de\",\"potentialAction\":[{\"@type\":\"ReadAction\",\"target\":[\"https:\\\/\\\/www.koonings.com\\\/de\\\/product\\\/poirier-sk-75345-rock-uma\\\/\"]}]},{\"@type\":\"ImageObject\",\"inLanguage\":\"de\",\"@id\":\"https:\\\/\\\/www.koonings.com\\\/de\\\/product\\\/poirier-sk-75345-rock-uma\\\/#primaryimage\",\"url\":\"https:\\\/\\\/www.koonings.com\\\/wp-content\\\/uploads\\\/2025\\\/07\\\/50723_513c0452b2ee3972675a35a5b0ddd0deca9582825a6e6cce384294ca5ba54cc38358ed51.jpeg\",\"contentUrl\":\"https:\\\/\\\/www.koonings.com\\\/wp-content\\\/uploads\\\/2025\\\/07\\\/50723_513c0452b2ee3972675a35a5b0ddd0deca9582825a6e6cce384294ca5ba54cc38358ed51.jpeg\",\"width\":1732,\"height\":2309},{\"@type\":\"BreadcrumbList\",\"@id\":\"https:\\\/\\\/www.koonings.com\\\/de\\\/product\\\/poirier-sk-75345-rock-uma\\\/#breadcrumb\",\"itemListElement\":[{\"@type\":\"ListItem\",\"position\":1,\"name\":\"Home\",\"item\":\"https:\\\/\\\/www.koonings.com\\\/de\\\/\"},{\"@type\":\"ListItem\",\"position\":2,\"name\":\"Poirier SK-75345 Rock | Uma\"}]},{\"@type\":\"WebSite\",\"@id\":\"https:\\\/\\\/www.koonings.com\\\/de\\\/#website\",\"url\":\"https:\\\/\\\/www.koonings.com\\\/de\\\/\",\"name\":\"Koonings\",\"description\":\"De grootste bruidsmodewinkel ter wereld\",\"publisher\":{\"@id\":\"https:\\\/\\\/www.koonings.com\\\/de\\\/#organization\"},\"potentialAction\":[{\"@type\":\"SearchAction\",\"target\":{\"@type\":\"EntryPoint\",\"urlTemplate\":\"https:\\\/\\\/www.koonings.com\\\/de\\\/?s={search_term_string}\"},\"query-input\":{\"@type\":\"PropertyValueSpecification\",\"valueRequired\":true,\"valueName\":\"search_term_string\"}}],\"inLanguage\":\"de\"},{\"@type\":\"Organization\",\"@id\":\"https:\\\/\\\/www.koonings.com\\\/de\\\/#organization\",\"name\":\"Koonings\",\"url\":\"https:\\\/\\\/www.koonings.com\\\/de\\\/\",\"logo\":{\"@type\":\"ImageObject\",\"inLanguage\":\"de\",\"@id\":\"https:\\\/\\\/www.koonings.com\\\/de\\\/#\\\/schema\\\/logo\\\/image\\\/\",\"url\":\"https:\\\/\\\/www.koonings.com\\\/wp-content\\\/uploads\\\/2024\\\/07\\\/logo.png\",\"contentUrl\":\"https:\\\/\\\/www.koonings.com\\\/wp-content\\\/uploads\\\/2024\\\/07\\\/logo.png\",\"width\":600,\"height\":428,\"caption\":\"Koonings\"},\"image\":{\"@id\":\"https:\\\/\\\/www.koonings.com\\\/de\\\/#\\\/schema\\\/logo\\\/image\\\/\"},\"sameAs\":[\"https:\\\/\\\/www.facebook.com\\\/kooningstheweddingpalace\",\"https:\\\/\\\/www.instagram.com\\\/kooningstheweddingpalace\",\"https:\\\/\\\/www.pinterest.com\\\/koonings\",\"https:\\\/\\\/www.youtube.com\\\/kooningstheweddingpalace\"]}]}<\/script>\n<!-- \/ Yoast SEO plugin. -->","yoast_head_json":{"title":"Poirier SK-75345 Rock | Uma | Koonings","description":"SK-75345 - Luxuri\u00f6ser bestickter T\u00fcllrock T\u00fcllrock aus der Uma-Linie von Poirier. Bestickter T\u00fcll mit Blumenmuster, Pailletten und Perlen. Elfenbeinfarben. Vorne links geschlitzt. Kleiner Slip. Der Rock ist mit einem Innenfutter f\u00fcr zus\u00e4tzlichen Komfort ausgestattet. Die Verwendung von drei Lagen weichem T\u00fcll sorgt f\u00fcr dezentes Volumen und einen nat\u00fcrlichen Look. Gr\u00f6\u00dfen: XS, S, M, L, XL. Passendes Oberteil T-75416 und Schleier S75502-280\/1 aus der Linie Uma.","robots":{"index":"index","follow":"follow","max-snippet":"max-snippet:-1","max-image-preview":"max-image-preview:large","max-video-preview":"max-video-preview:-1"},"canonical":"https:\/\/www.koonings.com\/de\/product\/poirier-sk-75345-rock-uma\/","og_locale":"de_DE","og_type":"article","og_title":"Poirier SK-75345 Rock | Uma | Koonings","og_description":"SK-75345 - Luxuri\u00f6ser bestickter T\u00fcllrock T\u00fcllrock aus der Uma-Linie von Poirier. Bestickter T\u00fcll mit Blumenmuster, Pailletten und Perlen. Elfenbeinfarben. Vorne links geschlitzt. Kleiner Slip. Der Rock ist mit einem Innenfutter f\u00fcr zus\u00e4tzlichen Komfort ausgestattet. Die Verwendung von drei Lagen weichem T\u00fcll sorgt f\u00fcr dezentes Volumen und einen nat\u00fcrlichen Look. Gr\u00f6\u00dfen: XS, S, M, L, XL. Passendes Oberteil T-75416 und Schleier S75502-280\/1 aus der Linie Uma.","og_url":"https:\/\/www.koonings.com\/de\/product\/poirier-sk-75345-rock-uma\/","og_site_name":"Koonings","article_publisher":"https:\/\/www.facebook.com\/kooningstheweddingpalace","og_image":[{"width":1732,"height":2309,"url":"https:\/\/www.koonings.com\/wp-content\/uploads\/2025\/07\/50723_513c0452b2ee3972675a35a5b0ddd0deca9582825a6e6cce384294ca5ba54cc38358ed51.jpeg","type":"image\/jpeg"}],"twitter_card":"summary_large_image","schema":{"@context":"https:\/\/schema.org","@graph":[{"@type":"WebPage","@id":"https:\/\/www.koonings.com\/de\/product\/poirier-sk-75345-rock-uma\/","url":"https:\/\/www.koonings.com\/de\/product\/poirier-sk-75345-rock-uma\/","name":"Poirier SK-75345 Rock | Uma | Koonings","isPartOf":{"@id":"https:\/\/www.koonings.com\/de\/#website"},"primaryImageOfPage":{"@id":"https:\/\/www.koonings.com\/de\/product\/poirier-sk-75345-rock-uma\/#primaryimage"},"image":{"@id":"https:\/\/www.koonings.com\/de\/product\/poirier-sk-75345-rock-uma\/#primaryimage"},"thumbnailUrl":"https:\/\/www.koonings.com\/wp-content\/uploads\/2025\/07\/50723_513c0452b2ee3972675a35a5b0ddd0deca9582825a6e6cce384294ca5ba54cc38358ed51.jpeg","datePublished":"2026-04-14T14:34:18+00:00","description":"SK-75345 - Luxuri\u00f6ser bestickter T\u00fcllrock T\u00fcllrock aus der Uma-Linie von Poirier. Bestickter T\u00fcll mit Blumenmuster, Pailletten und Perlen. Elfenbeinfarben. Vorne links geschlitzt. Kleiner Slip. Der Rock ist mit einem Innenfutter f\u00fcr zus\u00e4tzlichen Komfort ausgestattet. Die Verwendung von drei Lagen weichem T\u00fcll sorgt f\u00fcr dezentes Volumen und einen nat\u00fcrlichen Look. Gr\u00f6\u00dfen: XS, S, M, L, XL. Passendes Oberteil T-75416 und Schleier S75502-280\/1 aus der Linie Uma.","breadcrumb":{"@id":"https:\/\/www.koonings.com\/de\/product\/poirier-sk-75345-rock-uma\/#breadcrumb"},"inLanguage":"de","potentialAction":[{"@type":"ReadAction","target":["https:\/\/www.koonings.com\/de\/product\/poirier-sk-75345-rock-uma\/"]}]},{"@type":"ImageObject","inLanguage":"de","@id":"https:\/\/www.koonings.com\/de\/product\/poirier-sk-75345-rock-uma\/#primaryimage","url":"https:\/\/www.koonings.com\/wp-content\/uploads\/2025\/07\/50723_513c0452b2ee3972675a35a5b0ddd0deca9582825a6e6cce384294ca5ba54cc38358ed51.jpeg","contentUrl":"https:\/\/www.koonings.com\/wp-content\/uploads\/2025\/07\/50723_513c0452b2ee3972675a35a5b0ddd0deca9582825a6e6cce384294ca5ba54cc38358ed51.jpeg","width":1732,"height":2309},{"@type":"BreadcrumbList","@id":"https:\/\/www.koonings.com\/de\/product\/poirier-sk-75345-rock-uma\/#breadcrumb","itemListElement":[{"@type":"ListItem","position":1,"name":"Home","item":"https:\/\/www.koonings.com\/de\/"},{"@type":"ListItem","position":2,"name":"Poirier SK-75345 Rock | Uma"}]},{"@type":"WebSite","@id":"https:\/\/www.koonings.com\/de\/#website","url":"https:\/\/www.koonings.com\/de\/","name":"Koonings","description":"De grootste bruidsmodewinkel ter wereld","publisher":{"@id":"https:\/\/www.koonings.com\/de\/#organization"},"potentialAction":[{"@type":"SearchAction","target":{"@type":"EntryPoint","urlTemplate":"https:\/\/www.koonings.com\/de\/?s={search_term_string}"},"query-input":{"@type":"PropertyValueSpecification","valueRequired":true,"valueName":"search_term_string"}}],"inLanguage":"de"},{"@type":"Organization","@id":"https:\/\/www.koonings.com\/de\/#organization","name":"Koonings","url":"https:\/\/www.koonings.com\/de\/","logo":{"@type":"ImageObject","inLanguage":"de","@id":"https:\/\/www.koonings.com\/de\/#\/schema\/logo\/image\/","url":"https:\/\/www.koonings.com\/wp-content\/uploads\/2024\/07\/logo.png","contentUrl":"https:\/\/www.koonings.com\/wp-content\/uploads\/2024\/07\/logo.png","width":600,"height":428,"caption":"Koonings"},"image":{"@id":"https:\/\/www.koonings.com\/de\/#\/schema\/logo\/image\/"},"sameAs":["https:\/\/www.facebook.com\/kooningstheweddingpalace","https:\/\/www.instagram.com\/kooningstheweddingpalace","https:\/\/www.pinterest.com\/koonings","https:\/\/www.youtube.com\/kooningstheweddingpalace"]}]}},"_links":{"self":[{"href":"https:\/\/www.koonings.com\/de\/wp-json\/wp\/v2\/product\/94532","targetHints":{"allow":["GET"]}}],"collection":[{"href":"https:\/\/www.koonings.com\/de\/wp-json\/wp\/v2\/product"}],"about":[{"href":"https:\/\/www.koonings.com\/de\/wp-json\/wp\/v2\/types\/product"}],"wp:featuredmedia":[{"embeddable":true,"href":"https:\/\/www.koonings.com\/de\/wp-json\/wp\/v2\/media\/89173"}],"wp:attachment":[{"href":"https:\/\/www.koonings.com\/de\/wp-json\/wp\/v2\/media?parent=94532"}],"wp:term":[{"taxonomy":"productdetails","embeddable":true,"href":"https:\/\/www.koonings.com\/de\/wp-json\/wp\/v2\/productdetails?post=94532"},{"taxonomy":"productneck","embeddable":true,"href":"https:\/\/www.koonings.com\/de\/wp-json\/wp\/v2\/productneck?post=94532"},{"taxonomy":"productcolor","embeddable":true,"href":"https:\/\/www.koonings.com\/de\/wp-json\/wp\/v2\/productcolor?post=94532"},{"taxonomy":"maat","embeddable":true,"href":"https:\/\/www.koonings.com\/de\/wp-json\/wp\/v2\/maat?post=94532"},{"taxonomy":"productsupplier","embeddable":true,"href":"https:\/\/www.koonings.com\/de\/wp-json\/wp\/v2\/productsupplier?post=94532"},{"taxonomy":"productsleeve","embeddable":true,"href":"https:\/\/www.koonings.com\/de\/wp-json\/wp\/v2\/productsleeve?post=94532"},{"taxonomy":"productcategory","embeddable":true,"href":"https:\/\/www.koonings.com\/de\/wp-json\/wp\/v2\/productcategory?post=94532"},{"taxonomy":"productsilhouette","embeddable":true,"href":"https:\/\/www.koonings.com\/de\/wp-json\/wp\/v2\/productsilhouette?post=94532"},{"taxonomy":"productstyle","embeddable":true,"href":"https:\/\/www.koonings.com\/de\/wp-json\/wp\/v2\/productstyle?post=94532"}],"curies":[{"name":"wp","href":"https:\/\/api.w.org\/{rel}","templated":true}]}}