{"id":94499,"date":"2026-04-14T16:34:18","date_gmt":"2026-04-14T14:34:18","guid":{"rendered":"https:\/\/www.koonings.com\/product\/poirier-sk-75346-rock-spitze-martine\/"},"modified":"2026-04-14T16:09:03","modified_gmt":"2026-04-14T14:09:03","slug":"poirier-sk-75346-rock-spitze-martine","status":"publish","type":"product","link":"https:\/\/www.koonings.com\/de\/product\/poirier-sk-75346-rock-spitze-martine\/","title":{"rendered":"Poirier SK-75346 Rock | Spitze | Martine"},"content":{"rendered":"<p>SK-75346 &#8211; Stilvoller Brautrock mit pastellfarbener Blumenapplikation.<br \/>\nRock mit Schlitz vorne links aus der Linie Martine von Poirier.<br \/>\nAus elfenbeinfarbenem T\u00fcll.<br \/>\nVerziert mit pastellfarbener mehrfarbiger Applikation (hellrosa, hellgelb und hellblau).<br \/>\nKleine Schleppe.<br \/>\nDer Rock ist mit einem Innenfutter f\u00fcr zus\u00e4tzlichen Komfort ausgestattet.<br \/>\nDie Verwendung von drei Lagen weichem T\u00fcll sorgt f\u00fcr ein subtiles Volumen und einen nat\u00fcrlichen Look.<br \/>\nGr\u00f6\u00dfen: XS, S, M, L, XL.<br \/>\nPassendes Oberteil T-75428 und Schleier S75500-280\/1 aus der Linie Martine.<\/p>\n","protected":false},"featured_media":89194,"template":"","meta":{"_acf_changed":false,"ghostkit_customizer_options":"","ghostkit_custom_css":"","ghostkit_custom_js_head":"","ghostkit_custom_js_foot":"","ghostkit_typography":""},"productdetails":[],"productneck":[],"productcolor":[],"maat":[],"productsupplier":[416],"productsleeve":[],"productcategory":[509],"productsilhouette":[],"productstyle":[],"class_list":["post-94499","product","type-product","status-publish","has-post-thumbnail","hentry","productsupplier-poirier","productcategory-accessoires-bruid"],"acf":[],"yoast_head":"<!-- This site is optimized with the Yoast SEO plugin v27.3 - https:\/\/yoast.com\/product\/yoast-seo-wordpress\/ -->\n<title>Poirier SK-75346 Rock | Spitze | Martine | Koonings<\/title>\n<meta name=\"description\" content=\"SK-75346 - Stilvoller Brautrock mit pastellfarbener Blumenapplikation. Rock mit Schlitz vorne links aus der Linie Martine von Poirier. Aus elfenbeinfarbenem T\u00fcll. Verziert mit pastellfarbener mehrfarbiger Applikation (hellrosa, hellgelb und hellblau). Kleine Schleppe. Der Rock ist mit einem Innenfutter f\u00fcr zus\u00e4tzlichen Komfort ausgestattet. Die Verwendung von drei Lagen weichem T\u00fcll sorgt f\u00fcr ein subtiles Volumen und einen nat\u00fcrlichen Look. Gr\u00f6\u00dfen: XS, S, M, L, XL. Passendes Oberteil T-75428 und Schleier S75500-280\/1 aus der Linie Martine.\" \/>\n<meta name=\"robots\" content=\"index, follow, max-snippet:-1, max-image-preview:large, max-video-preview:-1\" \/>\n<link rel=\"canonical\" href=\"https:\/\/www.koonings.com\/de\/product\/poirier-sk-75346-rock-spitze-martine\/\" \/>\n<meta property=\"og:locale\" content=\"de_DE\" \/>\n<meta property=\"og:type\" content=\"article\" \/>\n<meta property=\"og:title\" content=\"Poirier SK-75346 Rock | Spitze | Martine | Koonings\" \/>\n<meta property=\"og:description\" content=\"SK-75346 - Stilvoller Brautrock mit pastellfarbener Blumenapplikation. Rock mit Schlitz vorne links aus der Linie Martine von Poirier. Aus elfenbeinfarbenem T\u00fcll. Verziert mit pastellfarbener mehrfarbiger Applikation (hellrosa, hellgelb und hellblau). Kleine Schleppe. Der Rock ist mit einem Innenfutter f\u00fcr zus\u00e4tzlichen Komfort ausgestattet. Die Verwendung von drei Lagen weichem T\u00fcll sorgt f\u00fcr ein subtiles Volumen und einen nat\u00fcrlichen Look. Gr\u00f6\u00dfen: XS, S, M, L, XL. Passendes Oberteil T-75428 und Schleier S75500-280\/1 aus der Linie Martine.\" \/>\n<meta property=\"og:url\" content=\"https:\/\/www.koonings.com\/de\/product\/poirier-sk-75346-rock-spitze-martine\/\" \/>\n<meta property=\"og:site_name\" content=\"Koonings\" \/>\n<meta property=\"article:publisher\" content=\"https:\/\/www.facebook.com\/kooningstheweddingpalace\" \/>\n<meta property=\"og:image\" content=\"https:\/\/www.koonings.com\/wp-content\/uploads\/2025\/07\/50724_be9b356a805b9ce36e4c133a547eefd8819be76ff4a5ac505a75d6ac763154bf2219cc9d.jpeg\" \/>\n\t<meta property=\"og:image:width\" content=\"1732\" \/>\n\t<meta property=\"og:image:height\" content=\"2309\" \/>\n\t<meta property=\"og:image:type\" content=\"image\/jpeg\" \/>\n<meta name=\"twitter:card\" content=\"summary_large_image\" \/>\n<script type=\"application\/ld+json\" class=\"yoast-schema-graph\">{\"@context\":\"https:\\\/\\\/schema.org\",\"@graph\":[{\"@type\":\"WebPage\",\"@id\":\"https:\\\/\\\/www.koonings.com\\\/de\\\/product\\\/poirier-sk-75346-rock-spitze-martine\\\/\",\"url\":\"https:\\\/\\\/www.koonings.com\\\/de\\\/product\\\/poirier-sk-75346-rock-spitze-martine\\\/\",\"name\":\"Poirier SK-75346 Rock | Spitze | Martine | Koonings\",\"isPartOf\":{\"@id\":\"https:\\\/\\\/www.koonings.com\\\/de\\\/#website\"},\"primaryImageOfPage\":{\"@id\":\"https:\\\/\\\/www.koonings.com\\\/de\\\/product\\\/poirier-sk-75346-rock-spitze-martine\\\/#primaryimage\"},\"image\":{\"@id\":\"https:\\\/\\\/www.koonings.com\\\/de\\\/product\\\/poirier-sk-75346-rock-spitze-martine\\\/#primaryimage\"},\"thumbnailUrl\":\"https:\\\/\\\/www.koonings.com\\\/wp-content\\\/uploads\\\/2025\\\/07\\\/50724_be9b356a805b9ce36e4c133a547eefd8819be76ff4a5ac505a75d6ac763154bf2219cc9d.jpeg\",\"datePublished\":\"2026-04-14T14:34:18+00:00\",\"description\":\"SK-75346 - Stilvoller Brautrock mit pastellfarbener Blumenapplikation. Rock mit Schlitz vorne links aus der Linie Martine von Poirier. Aus elfenbeinfarbenem T\u00fcll. Verziert mit pastellfarbener mehrfarbiger Applikation (hellrosa, hellgelb und hellblau). Kleine Schleppe. Der Rock ist mit einem Innenfutter f\u00fcr zus\u00e4tzlichen Komfort ausgestattet. Die Verwendung von drei Lagen weichem T\u00fcll sorgt f\u00fcr ein subtiles Volumen und einen nat\u00fcrlichen Look. Gr\u00f6\u00dfen: XS, S, M, L, XL. Passendes Oberteil T-75428 und Schleier S75500-280\\\/1 aus der Linie Martine.\",\"breadcrumb\":{\"@id\":\"https:\\\/\\\/www.koonings.com\\\/de\\\/product\\\/poirier-sk-75346-rock-spitze-martine\\\/#breadcrumb\"},\"inLanguage\":\"de\",\"potentialAction\":[{\"@type\":\"ReadAction\",\"target\":[\"https:\\\/\\\/www.koonings.com\\\/de\\\/product\\\/poirier-sk-75346-rock-spitze-martine\\\/\"]}]},{\"@type\":\"ImageObject\",\"inLanguage\":\"de\",\"@id\":\"https:\\\/\\\/www.koonings.com\\\/de\\\/product\\\/poirier-sk-75346-rock-spitze-martine\\\/#primaryimage\",\"url\":\"https:\\\/\\\/www.koonings.com\\\/wp-content\\\/uploads\\\/2025\\\/07\\\/50724_be9b356a805b9ce36e4c133a547eefd8819be76ff4a5ac505a75d6ac763154bf2219cc9d.jpeg\",\"contentUrl\":\"https:\\\/\\\/www.koonings.com\\\/wp-content\\\/uploads\\\/2025\\\/07\\\/50724_be9b356a805b9ce36e4c133a547eefd8819be76ff4a5ac505a75d6ac763154bf2219cc9d.jpeg\",\"width\":1732,\"height\":2309},{\"@type\":\"BreadcrumbList\",\"@id\":\"https:\\\/\\\/www.koonings.com\\\/de\\\/product\\\/poirier-sk-75346-rock-spitze-martine\\\/#breadcrumb\",\"itemListElement\":[{\"@type\":\"ListItem\",\"position\":1,\"name\":\"Home\",\"item\":\"https:\\\/\\\/www.koonings.com\\\/de\\\/\"},{\"@type\":\"ListItem\",\"position\":2,\"name\":\"Poirier SK-75346 Rock | Spitze | Martine\"}]},{\"@type\":\"WebSite\",\"@id\":\"https:\\\/\\\/www.koonings.com\\\/de\\\/#website\",\"url\":\"https:\\\/\\\/www.koonings.com\\\/de\\\/\",\"name\":\"Koonings\",\"description\":\"De grootste bruidsmodewinkel ter wereld\",\"publisher\":{\"@id\":\"https:\\\/\\\/www.koonings.com\\\/de\\\/#organization\"},\"potentialAction\":[{\"@type\":\"SearchAction\",\"target\":{\"@type\":\"EntryPoint\",\"urlTemplate\":\"https:\\\/\\\/www.koonings.com\\\/de\\\/?s={search_term_string}\"},\"query-input\":{\"@type\":\"PropertyValueSpecification\",\"valueRequired\":true,\"valueName\":\"search_term_string\"}}],\"inLanguage\":\"de\"},{\"@type\":\"Organization\",\"@id\":\"https:\\\/\\\/www.koonings.com\\\/de\\\/#organization\",\"name\":\"Koonings\",\"url\":\"https:\\\/\\\/www.koonings.com\\\/de\\\/\",\"logo\":{\"@type\":\"ImageObject\",\"inLanguage\":\"de\",\"@id\":\"https:\\\/\\\/www.koonings.com\\\/de\\\/#\\\/schema\\\/logo\\\/image\\\/\",\"url\":\"https:\\\/\\\/www.koonings.com\\\/wp-content\\\/uploads\\\/2024\\\/07\\\/logo.png\",\"contentUrl\":\"https:\\\/\\\/www.koonings.com\\\/wp-content\\\/uploads\\\/2024\\\/07\\\/logo.png\",\"width\":600,\"height\":428,\"caption\":\"Koonings\"},\"image\":{\"@id\":\"https:\\\/\\\/www.koonings.com\\\/de\\\/#\\\/schema\\\/logo\\\/image\\\/\"},\"sameAs\":[\"https:\\\/\\\/www.facebook.com\\\/kooningstheweddingpalace\",\"https:\\\/\\\/www.instagram.com\\\/kooningstheweddingpalace\",\"https:\\\/\\\/www.pinterest.com\\\/koonings\",\"https:\\\/\\\/www.youtube.com\\\/kooningstheweddingpalace\"]}]}<\/script>\n<!-- \/ Yoast SEO plugin. -->","yoast_head_json":{"title":"Poirier SK-75346 Rock | Spitze | Martine | Koonings","description":"SK-75346 - Stilvoller Brautrock mit pastellfarbener Blumenapplikation. Rock mit Schlitz vorne links aus der Linie Martine von Poirier. Aus elfenbeinfarbenem T\u00fcll. Verziert mit pastellfarbener mehrfarbiger Applikation (hellrosa, hellgelb und hellblau). Kleine Schleppe. Der Rock ist mit einem Innenfutter f\u00fcr zus\u00e4tzlichen Komfort ausgestattet. Die Verwendung von drei Lagen weichem T\u00fcll sorgt f\u00fcr ein subtiles Volumen und einen nat\u00fcrlichen Look. Gr\u00f6\u00dfen: XS, S, M, L, XL. Passendes Oberteil T-75428 und Schleier S75500-280\/1 aus der Linie Martine.","robots":{"index":"index","follow":"follow","max-snippet":"max-snippet:-1","max-image-preview":"max-image-preview:large","max-video-preview":"max-video-preview:-1"},"canonical":"https:\/\/www.koonings.com\/de\/product\/poirier-sk-75346-rock-spitze-martine\/","og_locale":"de_DE","og_type":"article","og_title":"Poirier SK-75346 Rock | Spitze | Martine | Koonings","og_description":"SK-75346 - Stilvoller Brautrock mit pastellfarbener Blumenapplikation. Rock mit Schlitz vorne links aus der Linie Martine von Poirier. Aus elfenbeinfarbenem T\u00fcll. Verziert mit pastellfarbener mehrfarbiger Applikation (hellrosa, hellgelb und hellblau). Kleine Schleppe. Der Rock ist mit einem Innenfutter f\u00fcr zus\u00e4tzlichen Komfort ausgestattet. Die Verwendung von drei Lagen weichem T\u00fcll sorgt f\u00fcr ein subtiles Volumen und einen nat\u00fcrlichen Look. Gr\u00f6\u00dfen: XS, S, M, L, XL. Passendes Oberteil T-75428 und Schleier S75500-280\/1 aus der Linie Martine.","og_url":"https:\/\/www.koonings.com\/de\/product\/poirier-sk-75346-rock-spitze-martine\/","og_site_name":"Koonings","article_publisher":"https:\/\/www.facebook.com\/kooningstheweddingpalace","og_image":[{"width":1732,"height":2309,"url":"https:\/\/www.koonings.com\/wp-content\/uploads\/2025\/07\/50724_be9b356a805b9ce36e4c133a547eefd8819be76ff4a5ac505a75d6ac763154bf2219cc9d.jpeg","type":"image\/jpeg"}],"twitter_card":"summary_large_image","schema":{"@context":"https:\/\/schema.org","@graph":[{"@type":"WebPage","@id":"https:\/\/www.koonings.com\/de\/product\/poirier-sk-75346-rock-spitze-martine\/","url":"https:\/\/www.koonings.com\/de\/product\/poirier-sk-75346-rock-spitze-martine\/","name":"Poirier SK-75346 Rock | Spitze | Martine | Koonings","isPartOf":{"@id":"https:\/\/www.koonings.com\/de\/#website"},"primaryImageOfPage":{"@id":"https:\/\/www.koonings.com\/de\/product\/poirier-sk-75346-rock-spitze-martine\/#primaryimage"},"image":{"@id":"https:\/\/www.koonings.com\/de\/product\/poirier-sk-75346-rock-spitze-martine\/#primaryimage"},"thumbnailUrl":"https:\/\/www.koonings.com\/wp-content\/uploads\/2025\/07\/50724_be9b356a805b9ce36e4c133a547eefd8819be76ff4a5ac505a75d6ac763154bf2219cc9d.jpeg","datePublished":"2026-04-14T14:34:18+00:00","description":"SK-75346 - Stilvoller Brautrock mit pastellfarbener Blumenapplikation. Rock mit Schlitz vorne links aus der Linie Martine von Poirier. Aus elfenbeinfarbenem T\u00fcll. Verziert mit pastellfarbener mehrfarbiger Applikation (hellrosa, hellgelb und hellblau). Kleine Schleppe. Der Rock ist mit einem Innenfutter f\u00fcr zus\u00e4tzlichen Komfort ausgestattet. Die Verwendung von drei Lagen weichem T\u00fcll sorgt f\u00fcr ein subtiles Volumen und einen nat\u00fcrlichen Look. Gr\u00f6\u00dfen: XS, S, M, L, XL. Passendes Oberteil T-75428 und Schleier S75500-280\/1 aus der Linie Martine.","breadcrumb":{"@id":"https:\/\/www.koonings.com\/de\/product\/poirier-sk-75346-rock-spitze-martine\/#breadcrumb"},"inLanguage":"de","potentialAction":[{"@type":"ReadAction","target":["https:\/\/www.koonings.com\/de\/product\/poirier-sk-75346-rock-spitze-martine\/"]}]},{"@type":"ImageObject","inLanguage":"de","@id":"https:\/\/www.koonings.com\/de\/product\/poirier-sk-75346-rock-spitze-martine\/#primaryimage","url":"https:\/\/www.koonings.com\/wp-content\/uploads\/2025\/07\/50724_be9b356a805b9ce36e4c133a547eefd8819be76ff4a5ac505a75d6ac763154bf2219cc9d.jpeg","contentUrl":"https:\/\/www.koonings.com\/wp-content\/uploads\/2025\/07\/50724_be9b356a805b9ce36e4c133a547eefd8819be76ff4a5ac505a75d6ac763154bf2219cc9d.jpeg","width":1732,"height":2309},{"@type":"BreadcrumbList","@id":"https:\/\/www.koonings.com\/de\/product\/poirier-sk-75346-rock-spitze-martine\/#breadcrumb","itemListElement":[{"@type":"ListItem","position":1,"name":"Home","item":"https:\/\/www.koonings.com\/de\/"},{"@type":"ListItem","position":2,"name":"Poirier SK-75346 Rock | Spitze | Martine"}]},{"@type":"WebSite","@id":"https:\/\/www.koonings.com\/de\/#website","url":"https:\/\/www.koonings.com\/de\/","name":"Koonings","description":"De grootste bruidsmodewinkel ter wereld","publisher":{"@id":"https:\/\/www.koonings.com\/de\/#organization"},"potentialAction":[{"@type":"SearchAction","target":{"@type":"EntryPoint","urlTemplate":"https:\/\/www.koonings.com\/de\/?s={search_term_string}"},"query-input":{"@type":"PropertyValueSpecification","valueRequired":true,"valueName":"search_term_string"}}],"inLanguage":"de"},{"@type":"Organization","@id":"https:\/\/www.koonings.com\/de\/#organization","name":"Koonings","url":"https:\/\/www.koonings.com\/de\/","logo":{"@type":"ImageObject","inLanguage":"de","@id":"https:\/\/www.koonings.com\/de\/#\/schema\/logo\/image\/","url":"https:\/\/www.koonings.com\/wp-content\/uploads\/2024\/07\/logo.png","contentUrl":"https:\/\/www.koonings.com\/wp-content\/uploads\/2024\/07\/logo.png","width":600,"height":428,"caption":"Koonings"},"image":{"@id":"https:\/\/www.koonings.com\/de\/#\/schema\/logo\/image\/"},"sameAs":["https:\/\/www.facebook.com\/kooningstheweddingpalace","https:\/\/www.instagram.com\/kooningstheweddingpalace","https:\/\/www.pinterest.com\/koonings","https:\/\/www.youtube.com\/kooningstheweddingpalace"]}]}},"_links":{"self":[{"href":"https:\/\/www.koonings.com\/de\/wp-json\/wp\/v2\/product\/94499","targetHints":{"allow":["GET"]}}],"collection":[{"href":"https:\/\/www.koonings.com\/de\/wp-json\/wp\/v2\/product"}],"about":[{"href":"https:\/\/www.koonings.com\/de\/wp-json\/wp\/v2\/types\/product"}],"wp:featuredmedia":[{"embeddable":true,"href":"https:\/\/www.koonings.com\/de\/wp-json\/wp\/v2\/media\/89194"}],"wp:attachment":[{"href":"https:\/\/www.koonings.com\/de\/wp-json\/wp\/v2\/media?parent=94499"}],"wp:term":[{"taxonomy":"productdetails","embeddable":true,"href":"https:\/\/www.koonings.com\/de\/wp-json\/wp\/v2\/productdetails?post=94499"},{"taxonomy":"productneck","embeddable":true,"href":"https:\/\/www.koonings.com\/de\/wp-json\/wp\/v2\/productneck?post=94499"},{"taxonomy":"productcolor","embeddable":true,"href":"https:\/\/www.koonings.com\/de\/wp-json\/wp\/v2\/productcolor?post=94499"},{"taxonomy":"maat","embeddable":true,"href":"https:\/\/www.koonings.com\/de\/wp-json\/wp\/v2\/maat?post=94499"},{"taxonomy":"productsupplier","embeddable":true,"href":"https:\/\/www.koonings.com\/de\/wp-json\/wp\/v2\/productsupplier?post=94499"},{"taxonomy":"productsleeve","embeddable":true,"href":"https:\/\/www.koonings.com\/de\/wp-json\/wp\/v2\/productsleeve?post=94499"},{"taxonomy":"productcategory","embeddable":true,"href":"https:\/\/www.koonings.com\/de\/wp-json\/wp\/v2\/productcategory?post=94499"},{"taxonomy":"productsilhouette","embeddable":true,"href":"https:\/\/www.koonings.com\/de\/wp-json\/wp\/v2\/productsilhouette?post=94499"},{"taxonomy":"productstyle","embeddable":true,"href":"https:\/\/www.koonings.com\/de\/wp-json\/wp\/v2\/productstyle?post=94499"}],"curies":[{"name":"wp","href":"https:\/\/api.w.org\/{rel}","templated":true}]}}