{"id":94437,"date":"2026-04-14T16:34:41","date_gmt":"2026-04-14T14:34:41","guid":{"rendered":"https:\/\/www.koonings.com\/product\/poirier-ac-75600-telefonkette-perlen35cm\/"},"modified":"2026-04-14T16:07:43","modified_gmt":"2026-04-14T14:07:43","slug":"poirier-ac-75600-telefonkette-perlen35cm","status":"publish","type":"product","link":"https:\/\/www.koonings.com\/de\/product\/poirier-ac-75600-telefonkette-perlen35cm\/","title":{"rendered":"Poirier AC-75600 Telefonkette | Perlen|35cm"},"content":{"rendered":"<p>AC-75600 &#8211; Telefonkette bestehend aus matten Perlen und einer verzierten Strasskugel<br \/>\nStilvolle universelle Telefonkette.<br \/>\nKurzes Design (L\u00e4nge 35 cm), kann in der Hand getragen werden.<br \/>\nAusgef\u00fchrt mit matten Perlen und einer Strasskugel.<br \/>\nInklusive Befestigung f\u00fcr jedes Modell einer Handyh\u00fclle.<\/p>\n","protected":false},"featured_media":88535,"template":"","meta":{"_acf_changed":false,"ghostkit_customizer_options":"","ghostkit_custom_css":"","ghostkit_custom_js_head":"","ghostkit_custom_js_foot":"","ghostkit_typography":""},"productdetails":[],"productneck":[],"productcolor":[],"maat":[],"productsupplier":[416],"productsleeve":[],"productcategory":[509],"productsilhouette":[],"productstyle":[],"class_list":["post-94437","product","type-product","status-publish","has-post-thumbnail","hentry","productsupplier-poirier","productcategory-accessoires-bruid"],"acf":[],"yoast_head":"<!-- This site is optimized with the Yoast SEO plugin v27.3 - https:\/\/yoast.com\/product\/yoast-seo-wordpress\/ -->\n<title>Poirier AC-75600 Telefonkette | Perlen|35cm | Koonings<\/title>\n<meta name=\"description\" content=\"AC-75600 - Telefonkette bestehend aus matten Perlen und einer verzierten Strasskugel Stilvolle universelle Telefonkette. Kurzes Design (L\u00e4nge 35 cm), kann in der Hand getragen werden. Ausgef\u00fchrt mit matten Perlen und einer Strasskugel. Inklusive Befestigung f\u00fcr jedes Modell einer Handyh\u00fclle.\" \/>\n<meta name=\"robots\" content=\"index, follow, max-snippet:-1, max-image-preview:large, max-video-preview:-1\" \/>\n<link rel=\"canonical\" href=\"https:\/\/www.koonings.com\/de\/product\/poirier-ac-75600-telefonkette-perlen35cm\/\" \/>\n<meta property=\"og:locale\" content=\"de_DE\" \/>\n<meta property=\"og:type\" content=\"article\" \/>\n<meta property=\"og:title\" content=\"Poirier AC-75600 Telefonkette | Perlen|35cm | Koonings\" \/>\n<meta property=\"og:description\" content=\"AC-75600 - Telefonkette bestehend aus matten Perlen und einer verzierten Strasskugel Stilvolle universelle Telefonkette. Kurzes Design (L\u00e4nge 35 cm), kann in der Hand getragen werden. Ausgef\u00fchrt mit matten Perlen und einer Strasskugel. Inklusive Befestigung f\u00fcr jedes Modell einer Handyh\u00fclle.\" \/>\n<meta property=\"og:url\" content=\"https:\/\/www.koonings.com\/de\/product\/poirier-ac-75600-telefonkette-perlen35cm\/\" \/>\n<meta property=\"og:site_name\" content=\"Koonings\" \/>\n<meta property=\"article:publisher\" content=\"https:\/\/www.facebook.com\/kooningstheweddingpalace\" \/>\n<meta property=\"og:image\" content=\"https:\/\/www.koonings.com\/wp-content\/uploads\/2025\/07\/50776_a1d364578efbf4b4b56291cc9bc6e4ee7e21135e4bee099da7c4e3413adf658877adcf9f.jpeg\" \/>\n\t<meta property=\"og:image:width\" content=\"1732\" \/>\n\t<meta property=\"og:image:height\" content=\"2309\" \/>\n\t<meta property=\"og:image:type\" content=\"image\/jpeg\" \/>\n<meta name=\"twitter:card\" content=\"summary_large_image\" \/>\n<script type=\"application\/ld+json\" class=\"yoast-schema-graph\">{\"@context\":\"https:\\\/\\\/schema.org\",\"@graph\":[{\"@type\":\"WebPage\",\"@id\":\"https:\\\/\\\/www.koonings.com\\\/de\\\/product\\\/poirier-ac-75600-telefonkette-perlen35cm\\\/\",\"url\":\"https:\\\/\\\/www.koonings.com\\\/de\\\/product\\\/poirier-ac-75600-telefonkette-perlen35cm\\\/\",\"name\":\"Poirier AC-75600 Telefonkette | Perlen|35cm | Koonings\",\"isPartOf\":{\"@id\":\"https:\\\/\\\/www.koonings.com\\\/de\\\/#website\"},\"primaryImageOfPage\":{\"@id\":\"https:\\\/\\\/www.koonings.com\\\/de\\\/product\\\/poirier-ac-75600-telefonkette-perlen35cm\\\/#primaryimage\"},\"image\":{\"@id\":\"https:\\\/\\\/www.koonings.com\\\/de\\\/product\\\/poirier-ac-75600-telefonkette-perlen35cm\\\/#primaryimage\"},\"thumbnailUrl\":\"https:\\\/\\\/www.koonings.com\\\/wp-content\\\/uploads\\\/2025\\\/07\\\/50776_a1d364578efbf4b4b56291cc9bc6e4ee7e21135e4bee099da7c4e3413adf658877adcf9f.jpeg\",\"datePublished\":\"2026-04-14T14:34:41+00:00\",\"description\":\"AC-75600 - Telefonkette bestehend aus matten Perlen und einer verzierten Strasskugel Stilvolle universelle Telefonkette. Kurzes Design (L\u00e4nge 35 cm), kann in der Hand getragen werden. Ausgef\u00fchrt mit matten Perlen und einer Strasskugel. Inklusive Befestigung f\u00fcr jedes Modell einer Handyh\u00fclle.\",\"breadcrumb\":{\"@id\":\"https:\\\/\\\/www.koonings.com\\\/de\\\/product\\\/poirier-ac-75600-telefonkette-perlen35cm\\\/#breadcrumb\"},\"inLanguage\":\"de\",\"potentialAction\":[{\"@type\":\"ReadAction\",\"target\":[\"https:\\\/\\\/www.koonings.com\\\/de\\\/product\\\/poirier-ac-75600-telefonkette-perlen35cm\\\/\"]}]},{\"@type\":\"ImageObject\",\"inLanguage\":\"de\",\"@id\":\"https:\\\/\\\/www.koonings.com\\\/de\\\/product\\\/poirier-ac-75600-telefonkette-perlen35cm\\\/#primaryimage\",\"url\":\"https:\\\/\\\/www.koonings.com\\\/wp-content\\\/uploads\\\/2025\\\/07\\\/50776_a1d364578efbf4b4b56291cc9bc6e4ee7e21135e4bee099da7c4e3413adf658877adcf9f.jpeg\",\"contentUrl\":\"https:\\\/\\\/www.koonings.com\\\/wp-content\\\/uploads\\\/2025\\\/07\\\/50776_a1d364578efbf4b4b56291cc9bc6e4ee7e21135e4bee099da7c4e3413adf658877adcf9f.jpeg\",\"width\":1732,\"height\":2309},{\"@type\":\"BreadcrumbList\",\"@id\":\"https:\\\/\\\/www.koonings.com\\\/de\\\/product\\\/poirier-ac-75600-telefonkette-perlen35cm\\\/#breadcrumb\",\"itemListElement\":[{\"@type\":\"ListItem\",\"position\":1,\"name\":\"Home\",\"item\":\"https:\\\/\\\/www.koonings.com\\\/de\\\/\"},{\"@type\":\"ListItem\",\"position\":2,\"name\":\"Poirier AC-75600 Telefonkette | Perlen|35cm\"}]},{\"@type\":\"WebSite\",\"@id\":\"https:\\\/\\\/www.koonings.com\\\/de\\\/#website\",\"url\":\"https:\\\/\\\/www.koonings.com\\\/de\\\/\",\"name\":\"Koonings\",\"description\":\"De grootste bruidsmodewinkel ter wereld\",\"publisher\":{\"@id\":\"https:\\\/\\\/www.koonings.com\\\/de\\\/#organization\"},\"potentialAction\":[{\"@type\":\"SearchAction\",\"target\":{\"@type\":\"EntryPoint\",\"urlTemplate\":\"https:\\\/\\\/www.koonings.com\\\/de\\\/?s={search_term_string}\"},\"query-input\":{\"@type\":\"PropertyValueSpecification\",\"valueRequired\":true,\"valueName\":\"search_term_string\"}}],\"inLanguage\":\"de\"},{\"@type\":\"Organization\",\"@id\":\"https:\\\/\\\/www.koonings.com\\\/de\\\/#organization\",\"name\":\"Koonings\",\"url\":\"https:\\\/\\\/www.koonings.com\\\/de\\\/\",\"logo\":{\"@type\":\"ImageObject\",\"inLanguage\":\"de\",\"@id\":\"https:\\\/\\\/www.koonings.com\\\/de\\\/#\\\/schema\\\/logo\\\/image\\\/\",\"url\":\"https:\\\/\\\/www.koonings.com\\\/wp-content\\\/uploads\\\/2024\\\/07\\\/logo.png\",\"contentUrl\":\"https:\\\/\\\/www.koonings.com\\\/wp-content\\\/uploads\\\/2024\\\/07\\\/logo.png\",\"width\":600,\"height\":428,\"caption\":\"Koonings\"},\"image\":{\"@id\":\"https:\\\/\\\/www.koonings.com\\\/de\\\/#\\\/schema\\\/logo\\\/image\\\/\"},\"sameAs\":[\"https:\\\/\\\/www.facebook.com\\\/kooningstheweddingpalace\",\"https:\\\/\\\/www.instagram.com\\\/kooningstheweddingpalace\",\"https:\\\/\\\/www.pinterest.com\\\/koonings\",\"https:\\\/\\\/www.youtube.com\\\/kooningstheweddingpalace\"]}]}<\/script>\n<!-- \/ Yoast SEO plugin. -->","yoast_head_json":{"title":"Poirier AC-75600 Telefonkette | Perlen|35cm | Koonings","description":"AC-75600 - Telefonkette bestehend aus matten Perlen und einer verzierten Strasskugel Stilvolle universelle Telefonkette. Kurzes Design (L\u00e4nge 35 cm), kann in der Hand getragen werden. Ausgef\u00fchrt mit matten Perlen und einer Strasskugel. Inklusive Befestigung f\u00fcr jedes Modell einer Handyh\u00fclle.","robots":{"index":"index","follow":"follow","max-snippet":"max-snippet:-1","max-image-preview":"max-image-preview:large","max-video-preview":"max-video-preview:-1"},"canonical":"https:\/\/www.koonings.com\/de\/product\/poirier-ac-75600-telefonkette-perlen35cm\/","og_locale":"de_DE","og_type":"article","og_title":"Poirier AC-75600 Telefonkette | Perlen|35cm | Koonings","og_description":"AC-75600 - Telefonkette bestehend aus matten Perlen und einer verzierten Strasskugel Stilvolle universelle Telefonkette. Kurzes Design (L\u00e4nge 35 cm), kann in der Hand getragen werden. Ausgef\u00fchrt mit matten Perlen und einer Strasskugel. Inklusive Befestigung f\u00fcr jedes Modell einer Handyh\u00fclle.","og_url":"https:\/\/www.koonings.com\/de\/product\/poirier-ac-75600-telefonkette-perlen35cm\/","og_site_name":"Koonings","article_publisher":"https:\/\/www.facebook.com\/kooningstheweddingpalace","og_image":[{"width":1732,"height":2309,"url":"https:\/\/www.koonings.com\/wp-content\/uploads\/2025\/07\/50776_a1d364578efbf4b4b56291cc9bc6e4ee7e21135e4bee099da7c4e3413adf658877adcf9f.jpeg","type":"image\/jpeg"}],"twitter_card":"summary_large_image","schema":{"@context":"https:\/\/schema.org","@graph":[{"@type":"WebPage","@id":"https:\/\/www.koonings.com\/de\/product\/poirier-ac-75600-telefonkette-perlen35cm\/","url":"https:\/\/www.koonings.com\/de\/product\/poirier-ac-75600-telefonkette-perlen35cm\/","name":"Poirier AC-75600 Telefonkette | Perlen|35cm | Koonings","isPartOf":{"@id":"https:\/\/www.koonings.com\/de\/#website"},"primaryImageOfPage":{"@id":"https:\/\/www.koonings.com\/de\/product\/poirier-ac-75600-telefonkette-perlen35cm\/#primaryimage"},"image":{"@id":"https:\/\/www.koonings.com\/de\/product\/poirier-ac-75600-telefonkette-perlen35cm\/#primaryimage"},"thumbnailUrl":"https:\/\/www.koonings.com\/wp-content\/uploads\/2025\/07\/50776_a1d364578efbf4b4b56291cc9bc6e4ee7e21135e4bee099da7c4e3413adf658877adcf9f.jpeg","datePublished":"2026-04-14T14:34:41+00:00","description":"AC-75600 - Telefonkette bestehend aus matten Perlen und einer verzierten Strasskugel Stilvolle universelle Telefonkette. Kurzes Design (L\u00e4nge 35 cm), kann in der Hand getragen werden. Ausgef\u00fchrt mit matten Perlen und einer Strasskugel. Inklusive Befestigung f\u00fcr jedes Modell einer Handyh\u00fclle.","breadcrumb":{"@id":"https:\/\/www.koonings.com\/de\/product\/poirier-ac-75600-telefonkette-perlen35cm\/#breadcrumb"},"inLanguage":"de","potentialAction":[{"@type":"ReadAction","target":["https:\/\/www.koonings.com\/de\/product\/poirier-ac-75600-telefonkette-perlen35cm\/"]}]},{"@type":"ImageObject","inLanguage":"de","@id":"https:\/\/www.koonings.com\/de\/product\/poirier-ac-75600-telefonkette-perlen35cm\/#primaryimage","url":"https:\/\/www.koonings.com\/wp-content\/uploads\/2025\/07\/50776_a1d364578efbf4b4b56291cc9bc6e4ee7e21135e4bee099da7c4e3413adf658877adcf9f.jpeg","contentUrl":"https:\/\/www.koonings.com\/wp-content\/uploads\/2025\/07\/50776_a1d364578efbf4b4b56291cc9bc6e4ee7e21135e4bee099da7c4e3413adf658877adcf9f.jpeg","width":1732,"height":2309},{"@type":"BreadcrumbList","@id":"https:\/\/www.koonings.com\/de\/product\/poirier-ac-75600-telefonkette-perlen35cm\/#breadcrumb","itemListElement":[{"@type":"ListItem","position":1,"name":"Home","item":"https:\/\/www.koonings.com\/de\/"},{"@type":"ListItem","position":2,"name":"Poirier AC-75600 Telefonkette | Perlen|35cm"}]},{"@type":"WebSite","@id":"https:\/\/www.koonings.com\/de\/#website","url":"https:\/\/www.koonings.com\/de\/","name":"Koonings","description":"De grootste bruidsmodewinkel ter wereld","publisher":{"@id":"https:\/\/www.koonings.com\/de\/#organization"},"potentialAction":[{"@type":"SearchAction","target":{"@type":"EntryPoint","urlTemplate":"https:\/\/www.koonings.com\/de\/?s={search_term_string}"},"query-input":{"@type":"PropertyValueSpecification","valueRequired":true,"valueName":"search_term_string"}}],"inLanguage":"de"},{"@type":"Organization","@id":"https:\/\/www.koonings.com\/de\/#organization","name":"Koonings","url":"https:\/\/www.koonings.com\/de\/","logo":{"@type":"ImageObject","inLanguage":"de","@id":"https:\/\/www.koonings.com\/de\/#\/schema\/logo\/image\/","url":"https:\/\/www.koonings.com\/wp-content\/uploads\/2024\/07\/logo.png","contentUrl":"https:\/\/www.koonings.com\/wp-content\/uploads\/2024\/07\/logo.png","width":600,"height":428,"caption":"Koonings"},"image":{"@id":"https:\/\/www.koonings.com\/de\/#\/schema\/logo\/image\/"},"sameAs":["https:\/\/www.facebook.com\/kooningstheweddingpalace","https:\/\/www.instagram.com\/kooningstheweddingpalace","https:\/\/www.pinterest.com\/koonings","https:\/\/www.youtube.com\/kooningstheweddingpalace"]}]}},"_links":{"self":[{"href":"https:\/\/www.koonings.com\/de\/wp-json\/wp\/v2\/product\/94437","targetHints":{"allow":["GET"]}}],"collection":[{"href":"https:\/\/www.koonings.com\/de\/wp-json\/wp\/v2\/product"}],"about":[{"href":"https:\/\/www.koonings.com\/de\/wp-json\/wp\/v2\/types\/product"}],"wp:featuredmedia":[{"embeddable":true,"href":"https:\/\/www.koonings.com\/de\/wp-json\/wp\/v2\/media\/88535"}],"wp:attachment":[{"href":"https:\/\/www.koonings.com\/de\/wp-json\/wp\/v2\/media?parent=94437"}],"wp:term":[{"taxonomy":"productdetails","embeddable":true,"href":"https:\/\/www.koonings.com\/de\/wp-json\/wp\/v2\/productdetails?post=94437"},{"taxonomy":"productneck","embeddable":true,"href":"https:\/\/www.koonings.com\/de\/wp-json\/wp\/v2\/productneck?post=94437"},{"taxonomy":"productcolor","embeddable":true,"href":"https:\/\/www.koonings.com\/de\/wp-json\/wp\/v2\/productcolor?post=94437"},{"taxonomy":"maat","embeddable":true,"href":"https:\/\/www.koonings.com\/de\/wp-json\/wp\/v2\/maat?post=94437"},{"taxonomy":"productsupplier","embeddable":true,"href":"https:\/\/www.koonings.com\/de\/wp-json\/wp\/v2\/productsupplier?post=94437"},{"taxonomy":"productsleeve","embeddable":true,"href":"https:\/\/www.koonings.com\/de\/wp-json\/wp\/v2\/productsleeve?post=94437"},{"taxonomy":"productcategory","embeddable":true,"href":"https:\/\/www.koonings.com\/de\/wp-json\/wp\/v2\/productcategory?post=94437"},{"taxonomy":"productsilhouette","embeddable":true,"href":"https:\/\/www.koonings.com\/de\/wp-json\/wp\/v2\/productsilhouette?post=94437"},{"taxonomy":"productstyle","embeddable":true,"href":"https:\/\/www.koonings.com\/de\/wp-json\/wp\/v2\/productstyle?post=94437"}],"curies":[{"name":"wp","href":"https:\/\/api.w.org\/{rel}","templated":true}]}}