{"id":94372,"date":"2026-05-06T15:32:20","date_gmt":"2026-05-06T13:32:20","guid":{"rendered":"https:\/\/www.koonings.com\/product\/poirier-jn-75271-halskette\/"},"modified":"2026-04-14T16:09:10","modified_gmt":"2026-04-14T14:09:10","slug":"poirier-jn-75271-halskette","status":"publish","type":"product","link":"https:\/\/www.koonings.com\/de\/product\/poirier-jn-75271-halskette\/","title":{"rendered":"Poirier JN-75271 Halskette"},"content":{"rendered":"<p>JN-75271 &#8211; Trendige silberne Hals- und R\u00fcckenkette mit feinen Strasssteinen, die durch den R\u00fccken verlaufen<br \/>\nSilberne Basis am Hals.<br \/>\nDiese einzigartige Halskette aus Strasssteinen verl\u00e4uft durch den R\u00fccken.<br \/>\nReihen von feinen Strasssteinen machen diesen Artikel zu etwas Einzigartigem.<br \/>\nVerschluss durch Kette.<\/p>\n","protected":false},"featured_media":90687,"template":"","meta":{"_acf_changed":false,"ghostkit_customizer_options":"","ghostkit_custom_css":"","ghostkit_custom_js_head":"","ghostkit_custom_js_foot":"","ghostkit_typography":""},"productdetails":[],"productneck":[],"productcolor":[],"maat":[],"productsupplier":[416],"productsleeve":[],"productcategory":[511],"productsilhouette":[],"productstyle":[],"class_list":["post-94372","product","type-product","status-publish","has-post-thumbnail","hentry","productsupplier-poirier","productcategory-sieraden"],"acf":[],"yoast_head":"<!-- This site is optimized with the Yoast SEO plugin v27.3 - https:\/\/yoast.com\/product\/yoast-seo-wordpress\/ -->\n<title>Poirier JN-75271 Halskette | Koonings<\/title>\n<meta name=\"description\" content=\"JN-75271 - Trendige silberne Hals- und R\u00fcckenkette mit feinen Strasssteinen, die durch den R\u00fccken verlaufen Silberne Basis am Hals. Diese einzigartige Halskette aus Strasssteinen verl\u00e4uft durch den R\u00fccken. Reihen von feinen Strasssteinen machen diesen Artikel zu etwas Einzigartigem. Verschluss durch Kette.\" \/>\n<meta name=\"robots\" content=\"index, follow, max-snippet:-1, max-image-preview:large, max-video-preview:-1\" \/>\n<link rel=\"canonical\" href=\"https:\/\/www.koonings.com\/de\/product\/poirier-jn-75271-halskette\/\" \/>\n<meta property=\"og:locale\" content=\"de_DE\" \/>\n<meta property=\"og:type\" content=\"article\" \/>\n<meta property=\"og:title\" content=\"Poirier JN-75271 Halskette | Koonings\" \/>\n<meta property=\"og:description\" content=\"JN-75271 - Trendige silberne Hals- und R\u00fcckenkette mit feinen Strasssteinen, die durch den R\u00fccken verlaufen Silberne Basis am Hals. Diese einzigartige Halskette aus Strasssteinen verl\u00e4uft durch den R\u00fccken. Reihen von feinen Strasssteinen machen diesen Artikel zu etwas Einzigartigem. Verschluss durch Kette.\" \/>\n<meta property=\"og:url\" content=\"https:\/\/www.koonings.com\/de\/product\/poirier-jn-75271-halskette\/\" \/>\n<meta property=\"og:site_name\" content=\"Koonings\" \/>\n<meta property=\"article:publisher\" content=\"https:\/\/www.facebook.com\/kooningstheweddingpalace\" \/>\n<meta property=\"og:image\" content=\"https:\/\/www.koonings.com\/wp-content\/uploads\/2025\/08\/50589_79e6e47df89f79786de4eeeff2e685906bcdb3474cf9a89707c7a9f44265b6d22951957e.jpeg\" \/>\n\t<meta property=\"og:image:width\" content=\"1500\" \/>\n\t<meta property=\"og:image:height\" content=\"2000\" \/>\n\t<meta property=\"og:image:type\" content=\"image\/jpeg\" \/>\n<meta name=\"twitter:card\" content=\"summary_large_image\" \/>\n<script type=\"application\/ld+json\" class=\"yoast-schema-graph\">{\"@context\":\"https:\\\/\\\/schema.org\",\"@graph\":[{\"@type\":\"WebPage\",\"@id\":\"https:\\\/\\\/www.koonings.com\\\/de\\\/product\\\/poirier-jn-75271-halskette\\\/\",\"url\":\"https:\\\/\\\/www.koonings.com\\\/de\\\/product\\\/poirier-jn-75271-halskette\\\/\",\"name\":\"Poirier JN-75271 Halskette | Koonings\",\"isPartOf\":{\"@id\":\"https:\\\/\\\/www.koonings.com\\\/de\\\/#website\"},\"primaryImageOfPage\":{\"@id\":\"https:\\\/\\\/www.koonings.com\\\/de\\\/product\\\/poirier-jn-75271-halskette\\\/#primaryimage\"},\"image\":{\"@id\":\"https:\\\/\\\/www.koonings.com\\\/de\\\/product\\\/poirier-jn-75271-halskette\\\/#primaryimage\"},\"thumbnailUrl\":\"https:\\\/\\\/www.koonings.com\\\/wp-content\\\/uploads\\\/2025\\\/08\\\/50589_79e6e47df89f79786de4eeeff2e685906bcdb3474cf9a89707c7a9f44265b6d22951957e.jpeg\",\"datePublished\":\"2026-05-06T13:32:20+00:00\",\"description\":\"JN-75271 - Trendige silberne Hals- und R\u00fcckenkette mit feinen Strasssteinen, die durch den R\u00fccken verlaufen Silberne Basis am Hals. Diese einzigartige Halskette aus Strasssteinen verl\u00e4uft durch den R\u00fccken. Reihen von feinen Strasssteinen machen diesen Artikel zu etwas Einzigartigem. Verschluss durch Kette.\",\"breadcrumb\":{\"@id\":\"https:\\\/\\\/www.koonings.com\\\/de\\\/product\\\/poirier-jn-75271-halskette\\\/#breadcrumb\"},\"inLanguage\":\"de\",\"potentialAction\":[{\"@type\":\"ReadAction\",\"target\":[\"https:\\\/\\\/www.koonings.com\\\/de\\\/product\\\/poirier-jn-75271-halskette\\\/\"]}]},{\"@type\":\"ImageObject\",\"inLanguage\":\"de\",\"@id\":\"https:\\\/\\\/www.koonings.com\\\/de\\\/product\\\/poirier-jn-75271-halskette\\\/#primaryimage\",\"url\":\"https:\\\/\\\/www.koonings.com\\\/wp-content\\\/uploads\\\/2025\\\/08\\\/50589_79e6e47df89f79786de4eeeff2e685906bcdb3474cf9a89707c7a9f44265b6d22951957e.jpeg\",\"contentUrl\":\"https:\\\/\\\/www.koonings.com\\\/wp-content\\\/uploads\\\/2025\\\/08\\\/50589_79e6e47df89f79786de4eeeff2e685906bcdb3474cf9a89707c7a9f44265b6d22951957e.jpeg\",\"width\":1500,\"height\":2000},{\"@type\":\"BreadcrumbList\",\"@id\":\"https:\\\/\\\/www.koonings.com\\\/de\\\/product\\\/poirier-jn-75271-halskette\\\/#breadcrumb\",\"itemListElement\":[{\"@type\":\"ListItem\",\"position\":1,\"name\":\"Home\",\"item\":\"https:\\\/\\\/www.koonings.com\\\/de\\\/\"},{\"@type\":\"ListItem\",\"position\":2,\"name\":\"Poirier JN-75271 Halskette\"}]},{\"@type\":\"WebSite\",\"@id\":\"https:\\\/\\\/www.koonings.com\\\/de\\\/#website\",\"url\":\"https:\\\/\\\/www.koonings.com\\\/de\\\/\",\"name\":\"Koonings\",\"description\":\"De grootste bruidsmodewinkel ter wereld\",\"publisher\":{\"@id\":\"https:\\\/\\\/www.koonings.com\\\/de\\\/#organization\"},\"potentialAction\":[{\"@type\":\"SearchAction\",\"target\":{\"@type\":\"EntryPoint\",\"urlTemplate\":\"https:\\\/\\\/www.koonings.com\\\/de\\\/?s={search_term_string}\"},\"query-input\":{\"@type\":\"PropertyValueSpecification\",\"valueRequired\":true,\"valueName\":\"search_term_string\"}}],\"inLanguage\":\"de\"},{\"@type\":\"Organization\",\"@id\":\"https:\\\/\\\/www.koonings.com\\\/de\\\/#organization\",\"name\":\"Koonings\",\"url\":\"https:\\\/\\\/www.koonings.com\\\/de\\\/\",\"logo\":{\"@type\":\"ImageObject\",\"inLanguage\":\"de\",\"@id\":\"https:\\\/\\\/www.koonings.com\\\/de\\\/#\\\/schema\\\/logo\\\/image\\\/\",\"url\":\"https:\\\/\\\/www.koonings.com\\\/wp-content\\\/uploads\\\/2024\\\/07\\\/logo.png\",\"contentUrl\":\"https:\\\/\\\/www.koonings.com\\\/wp-content\\\/uploads\\\/2024\\\/07\\\/logo.png\",\"width\":600,\"height\":428,\"caption\":\"Koonings\"},\"image\":{\"@id\":\"https:\\\/\\\/www.koonings.com\\\/de\\\/#\\\/schema\\\/logo\\\/image\\\/\"},\"sameAs\":[\"https:\\\/\\\/www.facebook.com\\\/kooningstheweddingpalace\",\"https:\\\/\\\/www.instagram.com\\\/kooningstheweddingpalace\",\"https:\\\/\\\/www.pinterest.com\\\/koonings\",\"https:\\\/\\\/www.youtube.com\\\/kooningstheweddingpalace\"]}]}<\/script>\n<!-- \/ Yoast SEO plugin. -->","yoast_head_json":{"title":"Poirier JN-75271 Halskette | Koonings","description":"JN-75271 - Trendige silberne Hals- und R\u00fcckenkette mit feinen Strasssteinen, die durch den R\u00fccken verlaufen Silberne Basis am Hals. Diese einzigartige Halskette aus Strasssteinen verl\u00e4uft durch den R\u00fccken. Reihen von feinen Strasssteinen machen diesen Artikel zu etwas Einzigartigem. Verschluss durch Kette.","robots":{"index":"index","follow":"follow","max-snippet":"max-snippet:-1","max-image-preview":"max-image-preview:large","max-video-preview":"max-video-preview:-1"},"canonical":"https:\/\/www.koonings.com\/de\/product\/poirier-jn-75271-halskette\/","og_locale":"de_DE","og_type":"article","og_title":"Poirier JN-75271 Halskette | Koonings","og_description":"JN-75271 - Trendige silberne Hals- und R\u00fcckenkette mit feinen Strasssteinen, die durch den R\u00fccken verlaufen Silberne Basis am Hals. Diese einzigartige Halskette aus Strasssteinen verl\u00e4uft durch den R\u00fccken. Reihen von feinen Strasssteinen machen diesen Artikel zu etwas Einzigartigem. Verschluss durch Kette.","og_url":"https:\/\/www.koonings.com\/de\/product\/poirier-jn-75271-halskette\/","og_site_name":"Koonings","article_publisher":"https:\/\/www.facebook.com\/kooningstheweddingpalace","og_image":[{"width":1500,"height":2000,"url":"https:\/\/www.koonings.com\/wp-content\/uploads\/2025\/08\/50589_79e6e47df89f79786de4eeeff2e685906bcdb3474cf9a89707c7a9f44265b6d22951957e.jpeg","type":"image\/jpeg"}],"twitter_card":"summary_large_image","schema":{"@context":"https:\/\/schema.org","@graph":[{"@type":"WebPage","@id":"https:\/\/www.koonings.com\/de\/product\/poirier-jn-75271-halskette\/","url":"https:\/\/www.koonings.com\/de\/product\/poirier-jn-75271-halskette\/","name":"Poirier JN-75271 Halskette | Koonings","isPartOf":{"@id":"https:\/\/www.koonings.com\/de\/#website"},"primaryImageOfPage":{"@id":"https:\/\/www.koonings.com\/de\/product\/poirier-jn-75271-halskette\/#primaryimage"},"image":{"@id":"https:\/\/www.koonings.com\/de\/product\/poirier-jn-75271-halskette\/#primaryimage"},"thumbnailUrl":"https:\/\/www.koonings.com\/wp-content\/uploads\/2025\/08\/50589_79e6e47df89f79786de4eeeff2e685906bcdb3474cf9a89707c7a9f44265b6d22951957e.jpeg","datePublished":"2026-05-06T13:32:20+00:00","description":"JN-75271 - Trendige silberne Hals- und R\u00fcckenkette mit feinen Strasssteinen, die durch den R\u00fccken verlaufen Silberne Basis am Hals. Diese einzigartige Halskette aus Strasssteinen verl\u00e4uft durch den R\u00fccken. Reihen von feinen Strasssteinen machen diesen Artikel zu etwas Einzigartigem. Verschluss durch Kette.","breadcrumb":{"@id":"https:\/\/www.koonings.com\/de\/product\/poirier-jn-75271-halskette\/#breadcrumb"},"inLanguage":"de","potentialAction":[{"@type":"ReadAction","target":["https:\/\/www.koonings.com\/de\/product\/poirier-jn-75271-halskette\/"]}]},{"@type":"ImageObject","inLanguage":"de","@id":"https:\/\/www.koonings.com\/de\/product\/poirier-jn-75271-halskette\/#primaryimage","url":"https:\/\/www.koonings.com\/wp-content\/uploads\/2025\/08\/50589_79e6e47df89f79786de4eeeff2e685906bcdb3474cf9a89707c7a9f44265b6d22951957e.jpeg","contentUrl":"https:\/\/www.koonings.com\/wp-content\/uploads\/2025\/08\/50589_79e6e47df89f79786de4eeeff2e685906bcdb3474cf9a89707c7a9f44265b6d22951957e.jpeg","width":1500,"height":2000},{"@type":"BreadcrumbList","@id":"https:\/\/www.koonings.com\/de\/product\/poirier-jn-75271-halskette\/#breadcrumb","itemListElement":[{"@type":"ListItem","position":1,"name":"Home","item":"https:\/\/www.koonings.com\/de\/"},{"@type":"ListItem","position":2,"name":"Poirier JN-75271 Halskette"}]},{"@type":"WebSite","@id":"https:\/\/www.koonings.com\/de\/#website","url":"https:\/\/www.koonings.com\/de\/","name":"Koonings","description":"De grootste bruidsmodewinkel ter wereld","publisher":{"@id":"https:\/\/www.koonings.com\/de\/#organization"},"potentialAction":[{"@type":"SearchAction","target":{"@type":"EntryPoint","urlTemplate":"https:\/\/www.koonings.com\/de\/?s={search_term_string}"},"query-input":{"@type":"PropertyValueSpecification","valueRequired":true,"valueName":"search_term_string"}}],"inLanguage":"de"},{"@type":"Organization","@id":"https:\/\/www.koonings.com\/de\/#organization","name":"Koonings","url":"https:\/\/www.koonings.com\/de\/","logo":{"@type":"ImageObject","inLanguage":"de","@id":"https:\/\/www.koonings.com\/de\/#\/schema\/logo\/image\/","url":"https:\/\/www.koonings.com\/wp-content\/uploads\/2024\/07\/logo.png","contentUrl":"https:\/\/www.koonings.com\/wp-content\/uploads\/2024\/07\/logo.png","width":600,"height":428,"caption":"Koonings"},"image":{"@id":"https:\/\/www.koonings.com\/de\/#\/schema\/logo\/image\/"},"sameAs":["https:\/\/www.facebook.com\/kooningstheweddingpalace","https:\/\/www.instagram.com\/kooningstheweddingpalace","https:\/\/www.pinterest.com\/koonings","https:\/\/www.youtube.com\/kooningstheweddingpalace"]}]}},"_links":{"self":[{"href":"https:\/\/www.koonings.com\/de\/wp-json\/wp\/v2\/product\/94372","targetHints":{"allow":["GET"]}}],"collection":[{"href":"https:\/\/www.koonings.com\/de\/wp-json\/wp\/v2\/product"}],"about":[{"href":"https:\/\/www.koonings.com\/de\/wp-json\/wp\/v2\/types\/product"}],"wp:featuredmedia":[{"embeddable":true,"href":"https:\/\/www.koonings.com\/de\/wp-json\/wp\/v2\/media\/90687"}],"wp:attachment":[{"href":"https:\/\/www.koonings.com\/de\/wp-json\/wp\/v2\/media?parent=94372"}],"wp:term":[{"taxonomy":"productdetails","embeddable":true,"href":"https:\/\/www.koonings.com\/de\/wp-json\/wp\/v2\/productdetails?post=94372"},{"taxonomy":"productneck","embeddable":true,"href":"https:\/\/www.koonings.com\/de\/wp-json\/wp\/v2\/productneck?post=94372"},{"taxonomy":"productcolor","embeddable":true,"href":"https:\/\/www.koonings.com\/de\/wp-json\/wp\/v2\/productcolor?post=94372"},{"taxonomy":"maat","embeddable":true,"href":"https:\/\/www.koonings.com\/de\/wp-json\/wp\/v2\/maat?post=94372"},{"taxonomy":"productsupplier","embeddable":true,"href":"https:\/\/www.koonings.com\/de\/wp-json\/wp\/v2\/productsupplier?post=94372"},{"taxonomy":"productsleeve","embeddable":true,"href":"https:\/\/www.koonings.com\/de\/wp-json\/wp\/v2\/productsleeve?post=94372"},{"taxonomy":"productcategory","embeddable":true,"href":"https:\/\/www.koonings.com\/de\/wp-json\/wp\/v2\/productcategory?post=94372"},{"taxonomy":"productsilhouette","embeddable":true,"href":"https:\/\/www.koonings.com\/de\/wp-json\/wp\/v2\/productsilhouette?post=94372"},{"taxonomy":"productstyle","embeddable":true,"href":"https:\/\/www.koonings.com\/de\/wp-json\/wp\/v2\/productstyle?post=94372"}],"curies":[{"name":"wp","href":"https:\/\/api.w.org\/{rel}","templated":true}]}}