{"id":94359,"date":"2026-04-21T18:34:09","date_gmt":"2026-04-21T16:34:09","guid":{"rendered":"https:\/\/www.koonings.com\/product\/poirier-nc-1347-ohrringe\/"},"modified":"2026-04-14T16:06:59","modified_gmt":"2026-04-14T14:06:59","slug":"poirier-nc-1347-ohrringe","status":"publish","type":"product","link":"https:\/\/www.koonings.com\/de\/product\/poirier-nc-1347-ohrringe\/","title":{"rendered":"Poirier NC-1347 Ohrringe"},"content":{"rendered":"<p>Ohrringe mit Rosenbl\u00e4ttern aus elfenbeinfarbenem Organza<br \/>\nOhrringe aus der Festival Collection von Poirier<br \/>\nBasis eines silberfarbenen Rings, an dem ein elfenbeinfarbenes Rosenblatt aus Organza befestigt ist<br \/>\nW\u00e4hlen Sie Ohrringe mit Blumen<br \/>\nDiese Ohrringe k\u00f6nnen mit verschiedenen Arten von Braut-Looks kombiniert werden<br \/>\nM\u00f6chten Sie an Ihrem gro\u00dfen Tag Ohrringe mit Blumen tragen?<br \/>\nWenn Sie an Ihrem gro\u00dfen Tag Ohrringe mit Blumen tragen m\u00f6chten, w\u00e4hlen Sie diese Ohrringe aus der Festival Collection von Poirier. Diese Ohrringe haben einen silberfarbenen Ring als Basis, an dem Rosenbl\u00fctenbl\u00e4tter aus elfenbeinfarbenem Organza befestigt sind. Die neutrale Farbe dieser Ohrringe l\u00e4sst sich mit verschiedenen Arten von Brautkleidern kombinieren.  <\/p>\n<p>W\u00e4hlen Sie mit den besonderen Produkten der Festival Collection von Poirier einen einzigartigen Look und ein einzigartiges Gef\u00fchl f\u00fcr Ihren gro\u00dfen Tag. Diese Kollektion besteht aus nat\u00fcrlichen Elementen und Formen, die in der Natur zu finden sind, aber nat\u00fcrlich auch aus der Eleganz, f\u00fcr die Poirier steht. <\/p>\n<p>Kombinieren Sie diese einzigartigen Ohrringe mit anderen Artikeln aus der Festival-Kollektion von Poirier.<\/p>\n<p>Eins mit der Natur mit Produkten von Poirier.<br \/>\nEigenschaften:<br \/>\nProdukt: NC-1347 &#8211; Ohrringe mit Rosenbl\u00fcten aus elfenbeinfarbenem Organza<br \/>\nEigenschaften: silberfarbener Ring, Rosenbl\u00fcten aus elfenbeinfarbenem Organza<br \/>\nVerwendung: &#8211; zum Tragen im Ohr<\/p>\n","protected":false},"featured_media":90183,"template":"","meta":{"_acf_changed":false,"ghostkit_customizer_options":"","ghostkit_custom_css":"","ghostkit_custom_js_head":"","ghostkit_custom_js_foot":"","ghostkit_typography":""},"productdetails":[],"productneck":[],"productcolor":[],"maat":[],"productsupplier":[416],"productsleeve":[],"productcategory":[511],"productsilhouette":[],"productstyle":[],"class_list":["post-94359","product","type-product","status-publish","has-post-thumbnail","hentry","productsupplier-poirier","productcategory-sieraden"],"acf":[],"yoast_head":"<!-- This site is optimized with the Yoast SEO plugin v27.3 - https:\/\/yoast.com\/product\/yoast-seo-wordpress\/ -->\n<title>Poirier NC-1347 Ohrringe | Koonings<\/title>\n<meta name=\"description\" content=\"Ohrringe mit Rosenbl\u00e4ttern aus elfenbeinfarbenem Organza Ohrringe aus der Festival Collection von Poirier Basis eines silberfarbenen Rings, an dem ein elfenbeinfarbenes Rosenblatt aus Organza befestigt ist W\u00e4hlen Sie Ohrringe mit Blumen Diese Ohrringe k\u00f6nnen mit verschiedenen Arten von Braut-Looks kombiniert werden M\u00f6chten Sie an Ihrem gro\u00dfen Tag Ohrringe mit Blumen tragen? Wenn Sie an Ihrem gro\u00dfen Tag Ohrringe mit Blumen tragen m\u00f6chten, w\u00e4hlen Sie diese Ohrringe aus der Festival Collection von Poirier. Diese Ohrringe haben einen silberfarbenen Ring als Basis, an dem Rosenbl\u00fctenbl\u00e4tter aus elfenbeinfarbenem Organza befestigt sind. Die neutrale Farbe dieser Ohrringe l\u00e4sst sich mit verschiedenen Arten von Brautkleidern kombinieren. W\u00e4hlen Sie mit den besonderen Produkten der Festival Collection von Poirier einen einzigartigen Look und ein einzigartiges Gef\u00fchl f\u00fcr Ihren gro\u00dfen Tag. Diese Kollektion besteht aus nat\u00fcrlichen Elementen und Formen, die in der Natur zu finden sind, aber nat\u00fcrlich auch aus der Eleganz, f\u00fcr die Poirier steht. Kombinieren Sie diese einzigartigen Ohrringe mit anderen Artikeln aus der Festival-Kollektion von Poirier. Eins mit der Natur mit Produkten von Poirier. Eigenschaften: Produkt: NC-1347 - Ohrringe mit Rosenbl\u00fcten aus elfenbeinfarbenem Organza Eigenschaften: silberfarbener Ring, Rosenbl\u00fcten aus elfenbeinfarbenem Organza Verwendung: - zum Tragen im Ohr\" \/>\n<meta name=\"robots\" content=\"index, follow, max-snippet:-1, max-image-preview:large, max-video-preview:-1\" \/>\n<link rel=\"canonical\" href=\"https:\/\/www.koonings.com\/de\/product\/poirier-nc-1347-ohrringe\/\" \/>\n<meta property=\"og:locale\" content=\"de_DE\" \/>\n<meta property=\"og:type\" content=\"article\" \/>\n<meta property=\"og:title\" content=\"Poirier NC-1347 Ohrringe | Koonings\" \/>\n<meta property=\"og:description\" content=\"Ohrringe mit Rosenbl\u00e4ttern aus elfenbeinfarbenem Organza Ohrringe aus der Festival Collection von Poirier Basis eines silberfarbenen Rings, an dem ein elfenbeinfarbenes Rosenblatt aus Organza befestigt ist W\u00e4hlen Sie Ohrringe mit Blumen Diese Ohrringe k\u00f6nnen mit verschiedenen Arten von Braut-Looks kombiniert werden M\u00f6chten Sie an Ihrem gro\u00dfen Tag Ohrringe mit Blumen tragen? Wenn Sie an Ihrem gro\u00dfen Tag Ohrringe mit Blumen tragen m\u00f6chten, w\u00e4hlen Sie diese Ohrringe aus der Festival Collection von Poirier. Diese Ohrringe haben einen silberfarbenen Ring als Basis, an dem Rosenbl\u00fctenbl\u00e4tter aus elfenbeinfarbenem Organza befestigt sind. Die neutrale Farbe dieser Ohrringe l\u00e4sst sich mit verschiedenen Arten von Brautkleidern kombinieren. W\u00e4hlen Sie mit den besonderen Produkten der Festival Collection von Poirier einen einzigartigen Look und ein einzigartiges Gef\u00fchl f\u00fcr Ihren gro\u00dfen Tag. Diese Kollektion besteht aus nat\u00fcrlichen Elementen und Formen, die in der Natur zu finden sind, aber nat\u00fcrlich auch aus der Eleganz, f\u00fcr die Poirier steht. Kombinieren Sie diese einzigartigen Ohrringe mit anderen Artikeln aus der Festival-Kollektion von Poirier. Eins mit der Natur mit Produkten von Poirier. Eigenschaften: Produkt: NC-1347 - Ohrringe mit Rosenbl\u00fcten aus elfenbeinfarbenem Organza Eigenschaften: silberfarbener Ring, Rosenbl\u00fcten aus elfenbeinfarbenem Organza Verwendung: - zum Tragen im Ohr\" \/>\n<meta property=\"og:url\" content=\"https:\/\/www.koonings.com\/de\/product\/poirier-nc-1347-ohrringe\/\" \/>\n<meta property=\"og:site_name\" content=\"Koonings\" \/>\n<meta property=\"article:publisher\" content=\"https:\/\/www.facebook.com\/kooningstheweddingpalace\" \/>\n<meta property=\"og:image\" content=\"https:\/\/www.koonings.com\/wp-content\/uploads\/2025\/08\/50633_bcdc6ccee105f7c5ef090c8805cb6f55002a886cfbc0204ddc3ea4edc7a9611fa21e7cba.jpeg\" \/>\n\t<meta property=\"og:image:width\" content=\"1204\" \/>\n\t<meta property=\"og:image:height\" content=\"1600\" \/>\n\t<meta property=\"og:image:type\" content=\"image\/jpeg\" \/>\n<meta name=\"twitter:card\" content=\"summary_large_image\" \/>\n<meta name=\"twitter:label1\" content=\"Gesch\u00e4tzte Lesezeit\" \/>\n\t<meta name=\"twitter:data1\" content=\"1\u00a0Minute\" \/>\n<script type=\"application\/ld+json\" class=\"yoast-schema-graph\">{\"@context\":\"https:\\\/\\\/schema.org\",\"@graph\":[{\"@type\":\"WebPage\",\"@id\":\"https:\\\/\\\/www.koonings.com\\\/de\\\/product\\\/poirier-nc-1347-ohrringe\\\/\",\"url\":\"https:\\\/\\\/www.koonings.com\\\/de\\\/product\\\/poirier-nc-1347-ohrringe\\\/\",\"name\":\"Poirier NC-1347 Ohrringe | Koonings\",\"isPartOf\":{\"@id\":\"https:\\\/\\\/www.koonings.com\\\/de\\\/#website\"},\"primaryImageOfPage\":{\"@id\":\"https:\\\/\\\/www.koonings.com\\\/de\\\/product\\\/poirier-nc-1347-ohrringe\\\/#primaryimage\"},\"image\":{\"@id\":\"https:\\\/\\\/www.koonings.com\\\/de\\\/product\\\/poirier-nc-1347-ohrringe\\\/#primaryimage\"},\"thumbnailUrl\":\"https:\\\/\\\/www.koonings.com\\\/wp-content\\\/uploads\\\/2025\\\/08\\\/50633_bcdc6ccee105f7c5ef090c8805cb6f55002a886cfbc0204ddc3ea4edc7a9611fa21e7cba.jpeg\",\"datePublished\":\"2026-04-21T16:34:09+00:00\",\"description\":\"Ohrringe mit Rosenbl\u00e4ttern aus elfenbeinfarbenem Organza Ohrringe aus der Festival Collection von Poirier Basis eines silberfarbenen Rings, an dem ein elfenbeinfarbenes Rosenblatt aus Organza befestigt ist W\u00e4hlen Sie Ohrringe mit Blumen Diese Ohrringe k\u00f6nnen mit verschiedenen Arten von Braut-Looks kombiniert werden M\u00f6chten Sie an Ihrem gro\u00dfen Tag Ohrringe mit Blumen tragen? Wenn Sie an Ihrem gro\u00dfen Tag Ohrringe mit Blumen tragen m\u00f6chten, w\u00e4hlen Sie diese Ohrringe aus der Festival Collection von Poirier. Diese Ohrringe haben einen silberfarbenen Ring als Basis, an dem Rosenbl\u00fctenbl\u00e4tter aus elfenbeinfarbenem Organza befestigt sind. Die neutrale Farbe dieser Ohrringe l\u00e4sst sich mit verschiedenen Arten von Brautkleidern kombinieren. W\u00e4hlen Sie mit den besonderen Produkten der Festival Collection von Poirier einen einzigartigen Look und ein einzigartiges Gef\u00fchl f\u00fcr Ihren gro\u00dfen Tag. Diese Kollektion besteht aus nat\u00fcrlichen Elementen und Formen, die in der Natur zu finden sind, aber nat\u00fcrlich auch aus der Eleganz, f\u00fcr die Poirier steht. Kombinieren Sie diese einzigartigen Ohrringe mit anderen Artikeln aus der Festival-Kollektion von Poirier. Eins mit der Natur mit Produkten von Poirier. Eigenschaften: Produkt: NC-1347 - Ohrringe mit Rosenbl\u00fcten aus elfenbeinfarbenem Organza Eigenschaften: silberfarbener Ring, Rosenbl\u00fcten aus elfenbeinfarbenem Organza Verwendung: - zum Tragen im Ohr\",\"breadcrumb\":{\"@id\":\"https:\\\/\\\/www.koonings.com\\\/de\\\/product\\\/poirier-nc-1347-ohrringe\\\/#breadcrumb\"},\"inLanguage\":\"de\",\"potentialAction\":[{\"@type\":\"ReadAction\",\"target\":[\"https:\\\/\\\/www.koonings.com\\\/de\\\/product\\\/poirier-nc-1347-ohrringe\\\/\"]}]},{\"@type\":\"ImageObject\",\"inLanguage\":\"de\",\"@id\":\"https:\\\/\\\/www.koonings.com\\\/de\\\/product\\\/poirier-nc-1347-ohrringe\\\/#primaryimage\",\"url\":\"https:\\\/\\\/www.koonings.com\\\/wp-content\\\/uploads\\\/2025\\\/08\\\/50633_bcdc6ccee105f7c5ef090c8805cb6f55002a886cfbc0204ddc3ea4edc7a9611fa21e7cba.jpeg\",\"contentUrl\":\"https:\\\/\\\/www.koonings.com\\\/wp-content\\\/uploads\\\/2025\\\/08\\\/50633_bcdc6ccee105f7c5ef090c8805cb6f55002a886cfbc0204ddc3ea4edc7a9611fa21e7cba.jpeg\",\"width\":1204,\"height\":1600},{\"@type\":\"BreadcrumbList\",\"@id\":\"https:\\\/\\\/www.koonings.com\\\/de\\\/product\\\/poirier-nc-1347-ohrringe\\\/#breadcrumb\",\"itemListElement\":[{\"@type\":\"ListItem\",\"position\":1,\"name\":\"Home\",\"item\":\"https:\\\/\\\/www.koonings.com\\\/de\\\/\"},{\"@type\":\"ListItem\",\"position\":2,\"name\":\"Poirier NC-1347 Ohrringe\"}]},{\"@type\":\"WebSite\",\"@id\":\"https:\\\/\\\/www.koonings.com\\\/de\\\/#website\",\"url\":\"https:\\\/\\\/www.koonings.com\\\/de\\\/\",\"name\":\"Koonings\",\"description\":\"De grootste bruidsmodewinkel ter wereld\",\"publisher\":{\"@id\":\"https:\\\/\\\/www.koonings.com\\\/de\\\/#organization\"},\"potentialAction\":[{\"@type\":\"SearchAction\",\"target\":{\"@type\":\"EntryPoint\",\"urlTemplate\":\"https:\\\/\\\/www.koonings.com\\\/de\\\/?s={search_term_string}\"},\"query-input\":{\"@type\":\"PropertyValueSpecification\",\"valueRequired\":true,\"valueName\":\"search_term_string\"}}],\"inLanguage\":\"de\"},{\"@type\":\"Organization\",\"@id\":\"https:\\\/\\\/www.koonings.com\\\/de\\\/#organization\",\"name\":\"Koonings\",\"url\":\"https:\\\/\\\/www.koonings.com\\\/de\\\/\",\"logo\":{\"@type\":\"ImageObject\",\"inLanguage\":\"de\",\"@id\":\"https:\\\/\\\/www.koonings.com\\\/de\\\/#\\\/schema\\\/logo\\\/image\\\/\",\"url\":\"https:\\\/\\\/www.koonings.com\\\/wp-content\\\/uploads\\\/2024\\\/07\\\/logo.png\",\"contentUrl\":\"https:\\\/\\\/www.koonings.com\\\/wp-content\\\/uploads\\\/2024\\\/07\\\/logo.png\",\"width\":600,\"height\":428,\"caption\":\"Koonings\"},\"image\":{\"@id\":\"https:\\\/\\\/www.koonings.com\\\/de\\\/#\\\/schema\\\/logo\\\/image\\\/\"},\"sameAs\":[\"https:\\\/\\\/www.facebook.com\\\/kooningstheweddingpalace\",\"https:\\\/\\\/www.instagram.com\\\/kooningstheweddingpalace\",\"https:\\\/\\\/www.pinterest.com\\\/koonings\",\"https:\\\/\\\/www.youtube.com\\\/kooningstheweddingpalace\"]}]}<\/script>\n<!-- \/ Yoast SEO plugin. -->","yoast_head_json":{"title":"Poirier NC-1347 Ohrringe | Koonings","description":"Ohrringe mit Rosenbl\u00e4ttern aus elfenbeinfarbenem Organza Ohrringe aus der Festival Collection von Poirier Basis eines silberfarbenen Rings, an dem ein elfenbeinfarbenes Rosenblatt aus Organza befestigt ist W\u00e4hlen Sie Ohrringe mit Blumen Diese Ohrringe k\u00f6nnen mit verschiedenen Arten von Braut-Looks kombiniert werden M\u00f6chten Sie an Ihrem gro\u00dfen Tag Ohrringe mit Blumen tragen? Wenn Sie an Ihrem gro\u00dfen Tag Ohrringe mit Blumen tragen m\u00f6chten, w\u00e4hlen Sie diese Ohrringe aus der Festival Collection von Poirier. Diese Ohrringe haben einen silberfarbenen Ring als Basis, an dem Rosenbl\u00fctenbl\u00e4tter aus elfenbeinfarbenem Organza befestigt sind. Die neutrale Farbe dieser Ohrringe l\u00e4sst sich mit verschiedenen Arten von Brautkleidern kombinieren. W\u00e4hlen Sie mit den besonderen Produkten der Festival Collection von Poirier einen einzigartigen Look und ein einzigartiges Gef\u00fchl f\u00fcr Ihren gro\u00dfen Tag. Diese Kollektion besteht aus nat\u00fcrlichen Elementen und Formen, die in der Natur zu finden sind, aber nat\u00fcrlich auch aus der Eleganz, f\u00fcr die Poirier steht. Kombinieren Sie diese einzigartigen Ohrringe mit anderen Artikeln aus der Festival-Kollektion von Poirier. Eins mit der Natur mit Produkten von Poirier. Eigenschaften: Produkt: NC-1347 - Ohrringe mit Rosenbl\u00fcten aus elfenbeinfarbenem Organza Eigenschaften: silberfarbener Ring, Rosenbl\u00fcten aus elfenbeinfarbenem Organza Verwendung: - zum Tragen im Ohr","robots":{"index":"index","follow":"follow","max-snippet":"max-snippet:-1","max-image-preview":"max-image-preview:large","max-video-preview":"max-video-preview:-1"},"canonical":"https:\/\/www.koonings.com\/de\/product\/poirier-nc-1347-ohrringe\/","og_locale":"de_DE","og_type":"article","og_title":"Poirier NC-1347 Ohrringe | Koonings","og_description":"Ohrringe mit Rosenbl\u00e4ttern aus elfenbeinfarbenem Organza Ohrringe aus der Festival Collection von Poirier Basis eines silberfarbenen Rings, an dem ein elfenbeinfarbenes Rosenblatt aus Organza befestigt ist W\u00e4hlen Sie Ohrringe mit Blumen Diese Ohrringe k\u00f6nnen mit verschiedenen Arten von Braut-Looks kombiniert werden M\u00f6chten Sie an Ihrem gro\u00dfen Tag Ohrringe mit Blumen tragen? Wenn Sie an Ihrem gro\u00dfen Tag Ohrringe mit Blumen tragen m\u00f6chten, w\u00e4hlen Sie diese Ohrringe aus der Festival Collection von Poirier. Diese Ohrringe haben einen silberfarbenen Ring als Basis, an dem Rosenbl\u00fctenbl\u00e4tter aus elfenbeinfarbenem Organza befestigt sind. Die neutrale Farbe dieser Ohrringe l\u00e4sst sich mit verschiedenen Arten von Brautkleidern kombinieren. W\u00e4hlen Sie mit den besonderen Produkten der Festival Collection von Poirier einen einzigartigen Look und ein einzigartiges Gef\u00fchl f\u00fcr Ihren gro\u00dfen Tag. Diese Kollektion besteht aus nat\u00fcrlichen Elementen und Formen, die in der Natur zu finden sind, aber nat\u00fcrlich auch aus der Eleganz, f\u00fcr die Poirier steht. Kombinieren Sie diese einzigartigen Ohrringe mit anderen Artikeln aus der Festival-Kollektion von Poirier. Eins mit der Natur mit Produkten von Poirier. Eigenschaften: Produkt: NC-1347 - Ohrringe mit Rosenbl\u00fcten aus elfenbeinfarbenem Organza Eigenschaften: silberfarbener Ring, Rosenbl\u00fcten aus elfenbeinfarbenem Organza Verwendung: - zum Tragen im Ohr","og_url":"https:\/\/www.koonings.com\/de\/product\/poirier-nc-1347-ohrringe\/","og_site_name":"Koonings","article_publisher":"https:\/\/www.facebook.com\/kooningstheweddingpalace","og_image":[{"width":1204,"height":1600,"url":"https:\/\/www.koonings.com\/wp-content\/uploads\/2025\/08\/50633_bcdc6ccee105f7c5ef090c8805cb6f55002a886cfbc0204ddc3ea4edc7a9611fa21e7cba.jpeg","type":"image\/jpeg"}],"twitter_card":"summary_large_image","twitter_misc":{"Gesch\u00e4tzte Lesezeit":"1\u00a0Minute"},"schema":{"@context":"https:\/\/schema.org","@graph":[{"@type":"WebPage","@id":"https:\/\/www.koonings.com\/de\/product\/poirier-nc-1347-ohrringe\/","url":"https:\/\/www.koonings.com\/de\/product\/poirier-nc-1347-ohrringe\/","name":"Poirier NC-1347 Ohrringe | Koonings","isPartOf":{"@id":"https:\/\/www.koonings.com\/de\/#website"},"primaryImageOfPage":{"@id":"https:\/\/www.koonings.com\/de\/product\/poirier-nc-1347-ohrringe\/#primaryimage"},"image":{"@id":"https:\/\/www.koonings.com\/de\/product\/poirier-nc-1347-ohrringe\/#primaryimage"},"thumbnailUrl":"https:\/\/www.koonings.com\/wp-content\/uploads\/2025\/08\/50633_bcdc6ccee105f7c5ef090c8805cb6f55002a886cfbc0204ddc3ea4edc7a9611fa21e7cba.jpeg","datePublished":"2026-04-21T16:34:09+00:00","description":"Ohrringe mit Rosenbl\u00e4ttern aus elfenbeinfarbenem Organza Ohrringe aus der Festival Collection von Poirier Basis eines silberfarbenen Rings, an dem ein elfenbeinfarbenes Rosenblatt aus Organza befestigt ist W\u00e4hlen Sie Ohrringe mit Blumen Diese Ohrringe k\u00f6nnen mit verschiedenen Arten von Braut-Looks kombiniert werden M\u00f6chten Sie an Ihrem gro\u00dfen Tag Ohrringe mit Blumen tragen? Wenn Sie an Ihrem gro\u00dfen Tag Ohrringe mit Blumen tragen m\u00f6chten, w\u00e4hlen Sie diese Ohrringe aus der Festival Collection von Poirier. Diese Ohrringe haben einen silberfarbenen Ring als Basis, an dem Rosenbl\u00fctenbl\u00e4tter aus elfenbeinfarbenem Organza befestigt sind. Die neutrale Farbe dieser Ohrringe l\u00e4sst sich mit verschiedenen Arten von Brautkleidern kombinieren. W\u00e4hlen Sie mit den besonderen Produkten der Festival Collection von Poirier einen einzigartigen Look und ein einzigartiges Gef\u00fchl f\u00fcr Ihren gro\u00dfen Tag. Diese Kollektion besteht aus nat\u00fcrlichen Elementen und Formen, die in der Natur zu finden sind, aber nat\u00fcrlich auch aus der Eleganz, f\u00fcr die Poirier steht. Kombinieren Sie diese einzigartigen Ohrringe mit anderen Artikeln aus der Festival-Kollektion von Poirier. Eins mit der Natur mit Produkten von Poirier. Eigenschaften: Produkt: NC-1347 - Ohrringe mit Rosenbl\u00fcten aus elfenbeinfarbenem Organza Eigenschaften: silberfarbener Ring, Rosenbl\u00fcten aus elfenbeinfarbenem Organza Verwendung: - zum Tragen im Ohr","breadcrumb":{"@id":"https:\/\/www.koonings.com\/de\/product\/poirier-nc-1347-ohrringe\/#breadcrumb"},"inLanguage":"de","potentialAction":[{"@type":"ReadAction","target":["https:\/\/www.koonings.com\/de\/product\/poirier-nc-1347-ohrringe\/"]}]},{"@type":"ImageObject","inLanguage":"de","@id":"https:\/\/www.koonings.com\/de\/product\/poirier-nc-1347-ohrringe\/#primaryimage","url":"https:\/\/www.koonings.com\/wp-content\/uploads\/2025\/08\/50633_bcdc6ccee105f7c5ef090c8805cb6f55002a886cfbc0204ddc3ea4edc7a9611fa21e7cba.jpeg","contentUrl":"https:\/\/www.koonings.com\/wp-content\/uploads\/2025\/08\/50633_bcdc6ccee105f7c5ef090c8805cb6f55002a886cfbc0204ddc3ea4edc7a9611fa21e7cba.jpeg","width":1204,"height":1600},{"@type":"BreadcrumbList","@id":"https:\/\/www.koonings.com\/de\/product\/poirier-nc-1347-ohrringe\/#breadcrumb","itemListElement":[{"@type":"ListItem","position":1,"name":"Home","item":"https:\/\/www.koonings.com\/de\/"},{"@type":"ListItem","position":2,"name":"Poirier NC-1347 Ohrringe"}]},{"@type":"WebSite","@id":"https:\/\/www.koonings.com\/de\/#website","url":"https:\/\/www.koonings.com\/de\/","name":"Koonings","description":"De grootste bruidsmodewinkel ter wereld","publisher":{"@id":"https:\/\/www.koonings.com\/de\/#organization"},"potentialAction":[{"@type":"SearchAction","target":{"@type":"EntryPoint","urlTemplate":"https:\/\/www.koonings.com\/de\/?s={search_term_string}"},"query-input":{"@type":"PropertyValueSpecification","valueRequired":true,"valueName":"search_term_string"}}],"inLanguage":"de"},{"@type":"Organization","@id":"https:\/\/www.koonings.com\/de\/#organization","name":"Koonings","url":"https:\/\/www.koonings.com\/de\/","logo":{"@type":"ImageObject","inLanguage":"de","@id":"https:\/\/www.koonings.com\/de\/#\/schema\/logo\/image\/","url":"https:\/\/www.koonings.com\/wp-content\/uploads\/2024\/07\/logo.png","contentUrl":"https:\/\/www.koonings.com\/wp-content\/uploads\/2024\/07\/logo.png","width":600,"height":428,"caption":"Koonings"},"image":{"@id":"https:\/\/www.koonings.com\/de\/#\/schema\/logo\/image\/"},"sameAs":["https:\/\/www.facebook.com\/kooningstheweddingpalace","https:\/\/www.instagram.com\/kooningstheweddingpalace","https:\/\/www.pinterest.com\/koonings","https:\/\/www.youtube.com\/kooningstheweddingpalace"]}]}},"_links":{"self":[{"href":"https:\/\/www.koonings.com\/de\/wp-json\/wp\/v2\/product\/94359","targetHints":{"allow":["GET"]}}],"collection":[{"href":"https:\/\/www.koonings.com\/de\/wp-json\/wp\/v2\/product"}],"about":[{"href":"https:\/\/www.koonings.com\/de\/wp-json\/wp\/v2\/types\/product"}],"wp:featuredmedia":[{"embeddable":true,"href":"https:\/\/www.koonings.com\/de\/wp-json\/wp\/v2\/media\/90183"}],"wp:attachment":[{"href":"https:\/\/www.koonings.com\/de\/wp-json\/wp\/v2\/media?parent=94359"}],"wp:term":[{"taxonomy":"productdetails","embeddable":true,"href":"https:\/\/www.koonings.com\/de\/wp-json\/wp\/v2\/productdetails?post=94359"},{"taxonomy":"productneck","embeddable":true,"href":"https:\/\/www.koonings.com\/de\/wp-json\/wp\/v2\/productneck?post=94359"},{"taxonomy":"productcolor","embeddable":true,"href":"https:\/\/www.koonings.com\/de\/wp-json\/wp\/v2\/productcolor?post=94359"},{"taxonomy":"maat","embeddable":true,"href":"https:\/\/www.koonings.com\/de\/wp-json\/wp\/v2\/maat?post=94359"},{"taxonomy":"productsupplier","embeddable":true,"href":"https:\/\/www.koonings.com\/de\/wp-json\/wp\/v2\/productsupplier?post=94359"},{"taxonomy":"productsleeve","embeddable":true,"href":"https:\/\/www.koonings.com\/de\/wp-json\/wp\/v2\/productsleeve?post=94359"},{"taxonomy":"productcategory","embeddable":true,"href":"https:\/\/www.koonings.com\/de\/wp-json\/wp\/v2\/productcategory?post=94359"},{"taxonomy":"productsilhouette","embeddable":true,"href":"https:\/\/www.koonings.com\/de\/wp-json\/wp\/v2\/productsilhouette?post=94359"},{"taxonomy":"productstyle","embeddable":true,"href":"https:\/\/www.koonings.com\/de\/wp-json\/wp\/v2\/productstyle?post=94359"}],"curies":[{"name":"wp","href":"https:\/\/api.w.org\/{rel}","templated":true}]}}