{"id":94336,"date":"2026-04-14T16:34:14","date_gmt":"2026-04-14T14:34:14","guid":{"rendered":"https:\/\/www.koonings.com\/product\/poirier-sk-75348-rock\/"},"modified":"2026-04-14T16:09:30","modified_gmt":"2026-04-14T14:09:30","slug":"poirier-sk-75348-rock","status":"publish","type":"product","link":"https:\/\/www.koonings.com\/de\/product\/poirier-sk-75348-rock\/","title":{"rendered":"Poirier SK-75348 Rock"},"content":{"rendered":"<p>SK-75348 &#8211; Wundersch\u00f6ner, mit Pailletten und Perlen verzierter T\u00fcll-\u00dcberrock mit Slip<br \/>\nT\u00fcll-\u00dcberrock mit Slip aus der Poirier-Kollektion.<br \/>\nMit Pailletten und Perlen im Blumenmuster bestickt.<br \/>\nElfenbein.<br \/>\nHaken- und \u00d6senverschluss an der Seite.<br \/>\nGr\u00f6\u00dfen: S\/M, L\/XL.<br \/>\nL\u00e4nge vorne: 125 cm; L\u00e4nge hinten: 210 cm (Schleppe).<br \/>\nPassender Schleier: S75522-350\/1\/MED.<\/p>\n","protected":false},"featured_media":89044,"template":"","meta":{"_acf_changed":false,"ghostkit_customizer_options":"","ghostkit_custom_css":"","ghostkit_custom_js_head":"","ghostkit_custom_js_foot":"","ghostkit_typography":""},"productdetails":[],"productneck":[],"productcolor":[],"maat":[],"productsupplier":[416],"productsleeve":[],"productcategory":[509],"productsilhouette":[],"productstyle":[],"class_list":["post-94336","product","type-product","status-publish","has-post-thumbnail","hentry","productsupplier-poirier","productcategory-accessoires-bruid"],"acf":[],"yoast_head":"<!-- This site is optimized with the Yoast SEO plugin v27.3 - https:\/\/yoast.com\/product\/yoast-seo-wordpress\/ -->\n<title>Poirier SK-75348 Rock | Koonings<\/title>\n<meta name=\"description\" content=\"SK-75348 - Wundersch\u00f6ner, mit Pailletten und Perlen verzierter T\u00fcll-\u00dcberrock mit Slip T\u00fcll-\u00dcberrock mit Slip aus der Poirier-Kollektion. Mit Pailletten und Perlen im Blumenmuster bestickt. Elfenbein. Haken- und \u00d6senverschluss an der Seite. Gr\u00f6\u00dfen: S\/M, L\/XL. L\u00e4nge vorne: 125 cm; L\u00e4nge hinten: 210 cm (Schleppe). Passender Schleier: S75522-350\/1\/MED.\" \/>\n<meta name=\"robots\" content=\"index, follow, max-snippet:-1, max-image-preview:large, max-video-preview:-1\" \/>\n<link rel=\"canonical\" href=\"https:\/\/www.koonings.com\/de\/product\/poirier-sk-75348-rock\/\" \/>\n<meta property=\"og:locale\" content=\"de_DE\" \/>\n<meta property=\"og:type\" content=\"article\" \/>\n<meta property=\"og:title\" content=\"Poirier SK-75348 Rock | Koonings\" \/>\n<meta property=\"og:description\" content=\"SK-75348 - Wundersch\u00f6ner, mit Pailletten und Perlen verzierter T\u00fcll-\u00dcberrock mit Slip T\u00fcll-\u00dcberrock mit Slip aus der Poirier-Kollektion. Mit Pailletten und Perlen im Blumenmuster bestickt. Elfenbein. Haken- und \u00d6senverschluss an der Seite. Gr\u00f6\u00dfen: S\/M, L\/XL. L\u00e4nge vorne: 125 cm; L\u00e4nge hinten: 210 cm (Schleppe). Passender Schleier: S75522-350\/1\/MED.\" \/>\n<meta property=\"og:url\" content=\"https:\/\/www.koonings.com\/de\/product\/poirier-sk-75348-rock\/\" \/>\n<meta property=\"og:site_name\" content=\"Koonings\" \/>\n<meta property=\"article:publisher\" content=\"https:\/\/www.facebook.com\/kooningstheweddingpalace\" \/>\n<meta property=\"og:image\" content=\"https:\/\/www.koonings.com\/wp-content\/uploads\/2025\/07\/50712_6849b4b5469ee438318bc0f1e4d3bf5435a63e5405433e6658518350effc6e5ef4f814a1.jpeg\" \/>\n\t<meta property=\"og:image:width\" content=\"1349\" \/>\n\t<meta property=\"og:image:height\" content=\"1800\" \/>\n\t<meta property=\"og:image:type\" content=\"image\/jpeg\" \/>\n<meta name=\"twitter:card\" content=\"summary_large_image\" \/>\n<script type=\"application\/ld+json\" class=\"yoast-schema-graph\">{\"@context\":\"https:\\\/\\\/schema.org\",\"@graph\":[{\"@type\":\"WebPage\",\"@id\":\"https:\\\/\\\/www.koonings.com\\\/de\\\/product\\\/poirier-sk-75348-rock\\\/\",\"url\":\"https:\\\/\\\/www.koonings.com\\\/de\\\/product\\\/poirier-sk-75348-rock\\\/\",\"name\":\"Poirier SK-75348 Rock | Koonings\",\"isPartOf\":{\"@id\":\"https:\\\/\\\/www.koonings.com\\\/de\\\/#website\"},\"primaryImageOfPage\":{\"@id\":\"https:\\\/\\\/www.koonings.com\\\/de\\\/product\\\/poirier-sk-75348-rock\\\/#primaryimage\"},\"image\":{\"@id\":\"https:\\\/\\\/www.koonings.com\\\/de\\\/product\\\/poirier-sk-75348-rock\\\/#primaryimage\"},\"thumbnailUrl\":\"https:\\\/\\\/www.koonings.com\\\/wp-content\\\/uploads\\\/2025\\\/07\\\/50712_6849b4b5469ee438318bc0f1e4d3bf5435a63e5405433e6658518350effc6e5ef4f814a1.jpeg\",\"datePublished\":\"2026-04-14T14:34:14+00:00\",\"description\":\"SK-75348 - Wundersch\u00f6ner, mit Pailletten und Perlen verzierter T\u00fcll-\u00dcberrock mit Slip T\u00fcll-\u00dcberrock mit Slip aus der Poirier-Kollektion. Mit Pailletten und Perlen im Blumenmuster bestickt. Elfenbein. Haken- und \u00d6senverschluss an der Seite. Gr\u00f6\u00dfen: S\\\/M, L\\\/XL. L\u00e4nge vorne: 125 cm; L\u00e4nge hinten: 210 cm (Schleppe). Passender Schleier: S75522-350\\\/1\\\/MED.\",\"breadcrumb\":{\"@id\":\"https:\\\/\\\/www.koonings.com\\\/de\\\/product\\\/poirier-sk-75348-rock\\\/#breadcrumb\"},\"inLanguage\":\"de\",\"potentialAction\":[{\"@type\":\"ReadAction\",\"target\":[\"https:\\\/\\\/www.koonings.com\\\/de\\\/product\\\/poirier-sk-75348-rock\\\/\"]}]},{\"@type\":\"ImageObject\",\"inLanguage\":\"de\",\"@id\":\"https:\\\/\\\/www.koonings.com\\\/de\\\/product\\\/poirier-sk-75348-rock\\\/#primaryimage\",\"url\":\"https:\\\/\\\/www.koonings.com\\\/wp-content\\\/uploads\\\/2025\\\/07\\\/50712_6849b4b5469ee438318bc0f1e4d3bf5435a63e5405433e6658518350effc6e5ef4f814a1.jpeg\",\"contentUrl\":\"https:\\\/\\\/www.koonings.com\\\/wp-content\\\/uploads\\\/2025\\\/07\\\/50712_6849b4b5469ee438318bc0f1e4d3bf5435a63e5405433e6658518350effc6e5ef4f814a1.jpeg\",\"width\":1349,\"height\":1800},{\"@type\":\"BreadcrumbList\",\"@id\":\"https:\\\/\\\/www.koonings.com\\\/de\\\/product\\\/poirier-sk-75348-rock\\\/#breadcrumb\",\"itemListElement\":[{\"@type\":\"ListItem\",\"position\":1,\"name\":\"Home\",\"item\":\"https:\\\/\\\/www.koonings.com\\\/de\\\/\"},{\"@type\":\"ListItem\",\"position\":2,\"name\":\"Poirier SK-75348 Rock\"}]},{\"@type\":\"WebSite\",\"@id\":\"https:\\\/\\\/www.koonings.com\\\/de\\\/#website\",\"url\":\"https:\\\/\\\/www.koonings.com\\\/de\\\/\",\"name\":\"Koonings\",\"description\":\"De grootste bruidsmodewinkel ter wereld\",\"publisher\":{\"@id\":\"https:\\\/\\\/www.koonings.com\\\/de\\\/#organization\"},\"potentialAction\":[{\"@type\":\"SearchAction\",\"target\":{\"@type\":\"EntryPoint\",\"urlTemplate\":\"https:\\\/\\\/www.koonings.com\\\/de\\\/?s={search_term_string}\"},\"query-input\":{\"@type\":\"PropertyValueSpecification\",\"valueRequired\":true,\"valueName\":\"search_term_string\"}}],\"inLanguage\":\"de\"},{\"@type\":\"Organization\",\"@id\":\"https:\\\/\\\/www.koonings.com\\\/de\\\/#organization\",\"name\":\"Koonings\",\"url\":\"https:\\\/\\\/www.koonings.com\\\/de\\\/\",\"logo\":{\"@type\":\"ImageObject\",\"inLanguage\":\"de\",\"@id\":\"https:\\\/\\\/www.koonings.com\\\/de\\\/#\\\/schema\\\/logo\\\/image\\\/\",\"url\":\"https:\\\/\\\/www.koonings.com\\\/wp-content\\\/uploads\\\/2024\\\/07\\\/logo.png\",\"contentUrl\":\"https:\\\/\\\/www.koonings.com\\\/wp-content\\\/uploads\\\/2024\\\/07\\\/logo.png\",\"width\":600,\"height\":428,\"caption\":\"Koonings\"},\"image\":{\"@id\":\"https:\\\/\\\/www.koonings.com\\\/de\\\/#\\\/schema\\\/logo\\\/image\\\/\"},\"sameAs\":[\"https:\\\/\\\/www.facebook.com\\\/kooningstheweddingpalace\",\"https:\\\/\\\/www.instagram.com\\\/kooningstheweddingpalace\",\"https:\\\/\\\/www.pinterest.com\\\/koonings\",\"https:\\\/\\\/www.youtube.com\\\/kooningstheweddingpalace\"]}]}<\/script>\n<!-- \/ Yoast SEO plugin. -->","yoast_head_json":{"title":"Poirier SK-75348 Rock | Koonings","description":"SK-75348 - Wundersch\u00f6ner, mit Pailletten und Perlen verzierter T\u00fcll-\u00dcberrock mit Slip T\u00fcll-\u00dcberrock mit Slip aus der Poirier-Kollektion. Mit Pailletten und Perlen im Blumenmuster bestickt. Elfenbein. Haken- und \u00d6senverschluss an der Seite. Gr\u00f6\u00dfen: S\/M, L\/XL. L\u00e4nge vorne: 125 cm; L\u00e4nge hinten: 210 cm (Schleppe). Passender Schleier: S75522-350\/1\/MED.","robots":{"index":"index","follow":"follow","max-snippet":"max-snippet:-1","max-image-preview":"max-image-preview:large","max-video-preview":"max-video-preview:-1"},"canonical":"https:\/\/www.koonings.com\/de\/product\/poirier-sk-75348-rock\/","og_locale":"de_DE","og_type":"article","og_title":"Poirier SK-75348 Rock | Koonings","og_description":"SK-75348 - Wundersch\u00f6ner, mit Pailletten und Perlen verzierter T\u00fcll-\u00dcberrock mit Slip T\u00fcll-\u00dcberrock mit Slip aus der Poirier-Kollektion. Mit Pailletten und Perlen im Blumenmuster bestickt. Elfenbein. Haken- und \u00d6senverschluss an der Seite. Gr\u00f6\u00dfen: S\/M, L\/XL. L\u00e4nge vorne: 125 cm; L\u00e4nge hinten: 210 cm (Schleppe). Passender Schleier: S75522-350\/1\/MED.","og_url":"https:\/\/www.koonings.com\/de\/product\/poirier-sk-75348-rock\/","og_site_name":"Koonings","article_publisher":"https:\/\/www.facebook.com\/kooningstheweddingpalace","og_image":[{"width":1349,"height":1800,"url":"https:\/\/www.koonings.com\/wp-content\/uploads\/2025\/07\/50712_6849b4b5469ee438318bc0f1e4d3bf5435a63e5405433e6658518350effc6e5ef4f814a1.jpeg","type":"image\/jpeg"}],"twitter_card":"summary_large_image","schema":{"@context":"https:\/\/schema.org","@graph":[{"@type":"WebPage","@id":"https:\/\/www.koonings.com\/de\/product\/poirier-sk-75348-rock\/","url":"https:\/\/www.koonings.com\/de\/product\/poirier-sk-75348-rock\/","name":"Poirier SK-75348 Rock | Koonings","isPartOf":{"@id":"https:\/\/www.koonings.com\/de\/#website"},"primaryImageOfPage":{"@id":"https:\/\/www.koonings.com\/de\/product\/poirier-sk-75348-rock\/#primaryimage"},"image":{"@id":"https:\/\/www.koonings.com\/de\/product\/poirier-sk-75348-rock\/#primaryimage"},"thumbnailUrl":"https:\/\/www.koonings.com\/wp-content\/uploads\/2025\/07\/50712_6849b4b5469ee438318bc0f1e4d3bf5435a63e5405433e6658518350effc6e5ef4f814a1.jpeg","datePublished":"2026-04-14T14:34:14+00:00","description":"SK-75348 - Wundersch\u00f6ner, mit Pailletten und Perlen verzierter T\u00fcll-\u00dcberrock mit Slip T\u00fcll-\u00dcberrock mit Slip aus der Poirier-Kollektion. Mit Pailletten und Perlen im Blumenmuster bestickt. Elfenbein. Haken- und \u00d6senverschluss an der Seite. Gr\u00f6\u00dfen: S\/M, L\/XL. L\u00e4nge vorne: 125 cm; L\u00e4nge hinten: 210 cm (Schleppe). Passender Schleier: S75522-350\/1\/MED.","breadcrumb":{"@id":"https:\/\/www.koonings.com\/de\/product\/poirier-sk-75348-rock\/#breadcrumb"},"inLanguage":"de","potentialAction":[{"@type":"ReadAction","target":["https:\/\/www.koonings.com\/de\/product\/poirier-sk-75348-rock\/"]}]},{"@type":"ImageObject","inLanguage":"de","@id":"https:\/\/www.koonings.com\/de\/product\/poirier-sk-75348-rock\/#primaryimage","url":"https:\/\/www.koonings.com\/wp-content\/uploads\/2025\/07\/50712_6849b4b5469ee438318bc0f1e4d3bf5435a63e5405433e6658518350effc6e5ef4f814a1.jpeg","contentUrl":"https:\/\/www.koonings.com\/wp-content\/uploads\/2025\/07\/50712_6849b4b5469ee438318bc0f1e4d3bf5435a63e5405433e6658518350effc6e5ef4f814a1.jpeg","width":1349,"height":1800},{"@type":"BreadcrumbList","@id":"https:\/\/www.koonings.com\/de\/product\/poirier-sk-75348-rock\/#breadcrumb","itemListElement":[{"@type":"ListItem","position":1,"name":"Home","item":"https:\/\/www.koonings.com\/de\/"},{"@type":"ListItem","position":2,"name":"Poirier SK-75348 Rock"}]},{"@type":"WebSite","@id":"https:\/\/www.koonings.com\/de\/#website","url":"https:\/\/www.koonings.com\/de\/","name":"Koonings","description":"De grootste bruidsmodewinkel ter wereld","publisher":{"@id":"https:\/\/www.koonings.com\/de\/#organization"},"potentialAction":[{"@type":"SearchAction","target":{"@type":"EntryPoint","urlTemplate":"https:\/\/www.koonings.com\/de\/?s={search_term_string}"},"query-input":{"@type":"PropertyValueSpecification","valueRequired":true,"valueName":"search_term_string"}}],"inLanguage":"de"},{"@type":"Organization","@id":"https:\/\/www.koonings.com\/de\/#organization","name":"Koonings","url":"https:\/\/www.koonings.com\/de\/","logo":{"@type":"ImageObject","inLanguage":"de","@id":"https:\/\/www.koonings.com\/de\/#\/schema\/logo\/image\/","url":"https:\/\/www.koonings.com\/wp-content\/uploads\/2024\/07\/logo.png","contentUrl":"https:\/\/www.koonings.com\/wp-content\/uploads\/2024\/07\/logo.png","width":600,"height":428,"caption":"Koonings"},"image":{"@id":"https:\/\/www.koonings.com\/de\/#\/schema\/logo\/image\/"},"sameAs":["https:\/\/www.facebook.com\/kooningstheweddingpalace","https:\/\/www.instagram.com\/kooningstheweddingpalace","https:\/\/www.pinterest.com\/koonings","https:\/\/www.youtube.com\/kooningstheweddingpalace"]}]}},"_links":{"self":[{"href":"https:\/\/www.koonings.com\/de\/wp-json\/wp\/v2\/product\/94336","targetHints":{"allow":["GET"]}}],"collection":[{"href":"https:\/\/www.koonings.com\/de\/wp-json\/wp\/v2\/product"}],"about":[{"href":"https:\/\/www.koonings.com\/de\/wp-json\/wp\/v2\/types\/product"}],"wp:featuredmedia":[{"embeddable":true,"href":"https:\/\/www.koonings.com\/de\/wp-json\/wp\/v2\/media\/89044"}],"wp:attachment":[{"href":"https:\/\/www.koonings.com\/de\/wp-json\/wp\/v2\/media?parent=94336"}],"wp:term":[{"taxonomy":"productdetails","embeddable":true,"href":"https:\/\/www.koonings.com\/de\/wp-json\/wp\/v2\/productdetails?post=94336"},{"taxonomy":"productneck","embeddable":true,"href":"https:\/\/www.koonings.com\/de\/wp-json\/wp\/v2\/productneck?post=94336"},{"taxonomy":"productcolor","embeddable":true,"href":"https:\/\/www.koonings.com\/de\/wp-json\/wp\/v2\/productcolor?post=94336"},{"taxonomy":"maat","embeddable":true,"href":"https:\/\/www.koonings.com\/de\/wp-json\/wp\/v2\/maat?post=94336"},{"taxonomy":"productsupplier","embeddable":true,"href":"https:\/\/www.koonings.com\/de\/wp-json\/wp\/v2\/productsupplier?post=94336"},{"taxonomy":"productsleeve","embeddable":true,"href":"https:\/\/www.koonings.com\/de\/wp-json\/wp\/v2\/productsleeve?post=94336"},{"taxonomy":"productcategory","embeddable":true,"href":"https:\/\/www.koonings.com\/de\/wp-json\/wp\/v2\/productcategory?post=94336"},{"taxonomy":"productsilhouette","embeddable":true,"href":"https:\/\/www.koonings.com\/de\/wp-json\/wp\/v2\/productsilhouette?post=94336"},{"taxonomy":"productstyle","embeddable":true,"href":"https:\/\/www.koonings.com\/de\/wp-json\/wp\/v2\/productstyle?post=94336"}],"curies":[{"name":"wp","href":"https:\/\/api.w.org\/{rel}","templated":true}]}}