{"id":94329,"date":"2026-04-14T16:34:16","date_gmt":"2026-04-14T14:34:16","guid":{"rendered":"https:\/\/www.koonings.com\/product\/poirier-sk-75340-rock-satin-edelstein-lucia\/"},"modified":"2026-04-14T16:11:24","modified_gmt":"2026-04-14T14:11:24","slug":"poirier-sk-75340-rock-satin-edelstein-lucia","status":"publish","type":"product","link":"https:\/\/www.koonings.com\/de\/product\/poirier-sk-75340-rock-satin-edelstein-lucia\/","title":{"rendered":"Poirier SK-75340 Rock | Satin | Edelstein | Lucia"},"content":{"rendered":"<p>SK-75340 &#8211; Stilvoller Faltenrock mit Schlitz aus elfenbeinfarbenem, mattem Satin<br \/>\nRock aus mattem Satin aus der Lucia-Linie der GEM Kollektion.<br \/>\nMit einem Schlitz vorne links.<br \/>\nElfenbeinfarben.<br \/>\nMit Schleppe.<br \/>\nDer Rock ist mit einem Innenfutter f\u00fcr zus\u00e4tzlichen Komfort ausgestattet.<br \/>\nDie Verwendung von drei Lagen weichem T\u00fcll sorgt f\u00fcr einen subtilen Volumeneffekt und einen nat\u00fcrlichen Look.<br \/>\nGr\u00f6\u00dfen: XS, S, M, L, XL.<br \/>\nPassendes Oberteil T-75402 aus der Linie Lucia.<\/p>\n","protected":false},"featured_media":89100,"template":"","meta":{"_acf_changed":false,"ghostkit_customizer_options":"","ghostkit_custom_css":"","ghostkit_custom_js_head":"","ghostkit_custom_js_foot":"","ghostkit_typography":""},"productdetails":[],"productneck":[],"productcolor":[],"maat":[],"productsupplier":[416],"productsleeve":[],"productcategory":[509],"productsilhouette":[],"productstyle":[],"class_list":["post-94329","product","type-product","status-publish","has-post-thumbnail","hentry","productsupplier-poirier","productcategory-accessoires-bruid"],"acf":[],"yoast_head":"<!-- This site is optimized with the Yoast SEO plugin v27.3 - https:\/\/yoast.com\/product\/yoast-seo-wordpress\/ -->\n<title>Poirier SK-75340 Rock | Satin | Edelstein | Lucia | Koonings<\/title>\n<meta name=\"description\" content=\"SK-75340 - Stilvoller Faltenrock mit Schlitz aus elfenbeinfarbenem, mattem Satin Rock aus mattem Satin aus der Lucia-Linie der GEM Kollektion. Mit einem Schlitz vorne links. Elfenbeinfarben. Mit Schleppe. Der Rock ist mit einem Innenfutter f\u00fcr zus\u00e4tzlichen Komfort ausgestattet. Die Verwendung von drei Lagen weichem T\u00fcll sorgt f\u00fcr einen subtilen Volumeneffekt und einen nat\u00fcrlichen Look. Gr\u00f6\u00dfen: XS, S, M, L, XL. Passendes Oberteil T-75402 aus der Linie Lucia.\" \/>\n<meta name=\"robots\" content=\"index, follow, max-snippet:-1, max-image-preview:large, max-video-preview:-1\" \/>\n<link rel=\"canonical\" href=\"https:\/\/www.koonings.com\/de\/product\/poirier-sk-75340-rock-satin-edelstein-lucia\/\" \/>\n<meta property=\"og:locale\" content=\"de_DE\" \/>\n<meta property=\"og:type\" content=\"article\" \/>\n<meta property=\"og:title\" content=\"Poirier SK-75340 Rock | Satin | Edelstein | Lucia | Koonings\" \/>\n<meta property=\"og:description\" content=\"SK-75340 - Stilvoller Faltenrock mit Schlitz aus elfenbeinfarbenem, mattem Satin Rock aus mattem Satin aus der Lucia-Linie der GEM Kollektion. Mit einem Schlitz vorne links. Elfenbeinfarben. Mit Schleppe. Der Rock ist mit einem Innenfutter f\u00fcr zus\u00e4tzlichen Komfort ausgestattet. Die Verwendung von drei Lagen weichem T\u00fcll sorgt f\u00fcr einen subtilen Volumeneffekt und einen nat\u00fcrlichen Look. Gr\u00f6\u00dfen: XS, S, M, L, XL. Passendes Oberteil T-75402 aus der Linie Lucia.\" \/>\n<meta property=\"og:url\" content=\"https:\/\/www.koonings.com\/de\/product\/poirier-sk-75340-rock-satin-edelstein-lucia\/\" \/>\n<meta property=\"og:site_name\" content=\"Koonings\" \/>\n<meta property=\"article:publisher\" content=\"https:\/\/www.facebook.com\/kooningstheweddingpalace\" \/>\n<meta property=\"og:image\" content=\"https:\/\/www.koonings.com\/wp-content\/uploads\/2025\/07\/50718_c0dbc78d7be2c47f0c4f5ad9fcbcdb334ca2abab76dab7c4beb2083db06a4ce593000ac4.jpeg\" \/>\n\t<meta property=\"og:image:width\" content=\"1732\" \/>\n\t<meta property=\"og:image:height\" content=\"2309\" \/>\n\t<meta property=\"og:image:type\" content=\"image\/jpeg\" \/>\n<meta name=\"twitter:card\" content=\"summary_large_image\" \/>\n<script type=\"application\/ld+json\" class=\"yoast-schema-graph\">{\"@context\":\"https:\\\/\\\/schema.org\",\"@graph\":[{\"@type\":\"WebPage\",\"@id\":\"https:\\\/\\\/www.koonings.com\\\/de\\\/product\\\/poirier-sk-75340-rock-satin-edelstein-lucia\\\/\",\"url\":\"https:\\\/\\\/www.koonings.com\\\/de\\\/product\\\/poirier-sk-75340-rock-satin-edelstein-lucia\\\/\",\"name\":\"Poirier SK-75340 Rock | Satin | Edelstein | Lucia | Koonings\",\"isPartOf\":{\"@id\":\"https:\\\/\\\/www.koonings.com\\\/de\\\/#website\"},\"primaryImageOfPage\":{\"@id\":\"https:\\\/\\\/www.koonings.com\\\/de\\\/product\\\/poirier-sk-75340-rock-satin-edelstein-lucia\\\/#primaryimage\"},\"image\":{\"@id\":\"https:\\\/\\\/www.koonings.com\\\/de\\\/product\\\/poirier-sk-75340-rock-satin-edelstein-lucia\\\/#primaryimage\"},\"thumbnailUrl\":\"https:\\\/\\\/www.koonings.com\\\/wp-content\\\/uploads\\\/2025\\\/07\\\/50718_c0dbc78d7be2c47f0c4f5ad9fcbcdb334ca2abab76dab7c4beb2083db06a4ce593000ac4.jpeg\",\"datePublished\":\"2026-04-14T14:34:16+00:00\",\"description\":\"SK-75340 - Stilvoller Faltenrock mit Schlitz aus elfenbeinfarbenem, mattem Satin Rock aus mattem Satin aus der Lucia-Linie der GEM Kollektion. Mit einem Schlitz vorne links. Elfenbeinfarben. Mit Schleppe. Der Rock ist mit einem Innenfutter f\u00fcr zus\u00e4tzlichen Komfort ausgestattet. Die Verwendung von drei Lagen weichem T\u00fcll sorgt f\u00fcr einen subtilen Volumeneffekt und einen nat\u00fcrlichen Look. Gr\u00f6\u00dfen: XS, S, M, L, XL. Passendes Oberteil T-75402 aus der Linie Lucia.\",\"breadcrumb\":{\"@id\":\"https:\\\/\\\/www.koonings.com\\\/de\\\/product\\\/poirier-sk-75340-rock-satin-edelstein-lucia\\\/#breadcrumb\"},\"inLanguage\":\"de\",\"potentialAction\":[{\"@type\":\"ReadAction\",\"target\":[\"https:\\\/\\\/www.koonings.com\\\/de\\\/product\\\/poirier-sk-75340-rock-satin-edelstein-lucia\\\/\"]}]},{\"@type\":\"ImageObject\",\"inLanguage\":\"de\",\"@id\":\"https:\\\/\\\/www.koonings.com\\\/de\\\/product\\\/poirier-sk-75340-rock-satin-edelstein-lucia\\\/#primaryimage\",\"url\":\"https:\\\/\\\/www.koonings.com\\\/wp-content\\\/uploads\\\/2025\\\/07\\\/50718_c0dbc78d7be2c47f0c4f5ad9fcbcdb334ca2abab76dab7c4beb2083db06a4ce593000ac4.jpeg\",\"contentUrl\":\"https:\\\/\\\/www.koonings.com\\\/wp-content\\\/uploads\\\/2025\\\/07\\\/50718_c0dbc78d7be2c47f0c4f5ad9fcbcdb334ca2abab76dab7c4beb2083db06a4ce593000ac4.jpeg\",\"width\":1732,\"height\":2309},{\"@type\":\"BreadcrumbList\",\"@id\":\"https:\\\/\\\/www.koonings.com\\\/de\\\/product\\\/poirier-sk-75340-rock-satin-edelstein-lucia\\\/#breadcrumb\",\"itemListElement\":[{\"@type\":\"ListItem\",\"position\":1,\"name\":\"Home\",\"item\":\"https:\\\/\\\/www.koonings.com\\\/de\\\/\"},{\"@type\":\"ListItem\",\"position\":2,\"name\":\"Poirier SK-75340 Rock | Satin | Edelstein | Lucia\"}]},{\"@type\":\"WebSite\",\"@id\":\"https:\\\/\\\/www.koonings.com\\\/de\\\/#website\",\"url\":\"https:\\\/\\\/www.koonings.com\\\/de\\\/\",\"name\":\"Koonings\",\"description\":\"De grootste bruidsmodewinkel ter wereld\",\"publisher\":{\"@id\":\"https:\\\/\\\/www.koonings.com\\\/de\\\/#organization\"},\"potentialAction\":[{\"@type\":\"SearchAction\",\"target\":{\"@type\":\"EntryPoint\",\"urlTemplate\":\"https:\\\/\\\/www.koonings.com\\\/de\\\/?s={search_term_string}\"},\"query-input\":{\"@type\":\"PropertyValueSpecification\",\"valueRequired\":true,\"valueName\":\"search_term_string\"}}],\"inLanguage\":\"de\"},{\"@type\":\"Organization\",\"@id\":\"https:\\\/\\\/www.koonings.com\\\/de\\\/#organization\",\"name\":\"Koonings\",\"url\":\"https:\\\/\\\/www.koonings.com\\\/de\\\/\",\"logo\":{\"@type\":\"ImageObject\",\"inLanguage\":\"de\",\"@id\":\"https:\\\/\\\/www.koonings.com\\\/de\\\/#\\\/schema\\\/logo\\\/image\\\/\",\"url\":\"https:\\\/\\\/www.koonings.com\\\/wp-content\\\/uploads\\\/2024\\\/07\\\/logo.png\",\"contentUrl\":\"https:\\\/\\\/www.koonings.com\\\/wp-content\\\/uploads\\\/2024\\\/07\\\/logo.png\",\"width\":600,\"height\":428,\"caption\":\"Koonings\"},\"image\":{\"@id\":\"https:\\\/\\\/www.koonings.com\\\/de\\\/#\\\/schema\\\/logo\\\/image\\\/\"},\"sameAs\":[\"https:\\\/\\\/www.facebook.com\\\/kooningstheweddingpalace\",\"https:\\\/\\\/www.instagram.com\\\/kooningstheweddingpalace\",\"https:\\\/\\\/www.pinterest.com\\\/koonings\",\"https:\\\/\\\/www.youtube.com\\\/kooningstheweddingpalace\"]}]}<\/script>\n<!-- \/ Yoast SEO plugin. -->","yoast_head_json":{"title":"Poirier SK-75340 Rock | Satin | Edelstein | Lucia | Koonings","description":"SK-75340 - Stilvoller Faltenrock mit Schlitz aus elfenbeinfarbenem, mattem Satin Rock aus mattem Satin aus der Lucia-Linie der GEM Kollektion. Mit einem Schlitz vorne links. Elfenbeinfarben. Mit Schleppe. Der Rock ist mit einem Innenfutter f\u00fcr zus\u00e4tzlichen Komfort ausgestattet. Die Verwendung von drei Lagen weichem T\u00fcll sorgt f\u00fcr einen subtilen Volumeneffekt und einen nat\u00fcrlichen Look. Gr\u00f6\u00dfen: XS, S, M, L, XL. Passendes Oberteil T-75402 aus der Linie Lucia.","robots":{"index":"index","follow":"follow","max-snippet":"max-snippet:-1","max-image-preview":"max-image-preview:large","max-video-preview":"max-video-preview:-1"},"canonical":"https:\/\/www.koonings.com\/de\/product\/poirier-sk-75340-rock-satin-edelstein-lucia\/","og_locale":"de_DE","og_type":"article","og_title":"Poirier SK-75340 Rock | Satin | Edelstein | Lucia | Koonings","og_description":"SK-75340 - Stilvoller Faltenrock mit Schlitz aus elfenbeinfarbenem, mattem Satin Rock aus mattem Satin aus der Lucia-Linie der GEM Kollektion. Mit einem Schlitz vorne links. Elfenbeinfarben. Mit Schleppe. Der Rock ist mit einem Innenfutter f\u00fcr zus\u00e4tzlichen Komfort ausgestattet. Die Verwendung von drei Lagen weichem T\u00fcll sorgt f\u00fcr einen subtilen Volumeneffekt und einen nat\u00fcrlichen Look. Gr\u00f6\u00dfen: XS, S, M, L, XL. Passendes Oberteil T-75402 aus der Linie Lucia.","og_url":"https:\/\/www.koonings.com\/de\/product\/poirier-sk-75340-rock-satin-edelstein-lucia\/","og_site_name":"Koonings","article_publisher":"https:\/\/www.facebook.com\/kooningstheweddingpalace","og_image":[{"width":1732,"height":2309,"url":"https:\/\/www.koonings.com\/wp-content\/uploads\/2025\/07\/50718_c0dbc78d7be2c47f0c4f5ad9fcbcdb334ca2abab76dab7c4beb2083db06a4ce593000ac4.jpeg","type":"image\/jpeg"}],"twitter_card":"summary_large_image","schema":{"@context":"https:\/\/schema.org","@graph":[{"@type":"WebPage","@id":"https:\/\/www.koonings.com\/de\/product\/poirier-sk-75340-rock-satin-edelstein-lucia\/","url":"https:\/\/www.koonings.com\/de\/product\/poirier-sk-75340-rock-satin-edelstein-lucia\/","name":"Poirier SK-75340 Rock | Satin | Edelstein | Lucia | Koonings","isPartOf":{"@id":"https:\/\/www.koonings.com\/de\/#website"},"primaryImageOfPage":{"@id":"https:\/\/www.koonings.com\/de\/product\/poirier-sk-75340-rock-satin-edelstein-lucia\/#primaryimage"},"image":{"@id":"https:\/\/www.koonings.com\/de\/product\/poirier-sk-75340-rock-satin-edelstein-lucia\/#primaryimage"},"thumbnailUrl":"https:\/\/www.koonings.com\/wp-content\/uploads\/2025\/07\/50718_c0dbc78d7be2c47f0c4f5ad9fcbcdb334ca2abab76dab7c4beb2083db06a4ce593000ac4.jpeg","datePublished":"2026-04-14T14:34:16+00:00","description":"SK-75340 - Stilvoller Faltenrock mit Schlitz aus elfenbeinfarbenem, mattem Satin Rock aus mattem Satin aus der Lucia-Linie der GEM Kollektion. Mit einem Schlitz vorne links. Elfenbeinfarben. Mit Schleppe. Der Rock ist mit einem Innenfutter f\u00fcr zus\u00e4tzlichen Komfort ausgestattet. Die Verwendung von drei Lagen weichem T\u00fcll sorgt f\u00fcr einen subtilen Volumeneffekt und einen nat\u00fcrlichen Look. Gr\u00f6\u00dfen: XS, S, M, L, XL. Passendes Oberteil T-75402 aus der Linie Lucia.","breadcrumb":{"@id":"https:\/\/www.koonings.com\/de\/product\/poirier-sk-75340-rock-satin-edelstein-lucia\/#breadcrumb"},"inLanguage":"de","potentialAction":[{"@type":"ReadAction","target":["https:\/\/www.koonings.com\/de\/product\/poirier-sk-75340-rock-satin-edelstein-lucia\/"]}]},{"@type":"ImageObject","inLanguage":"de","@id":"https:\/\/www.koonings.com\/de\/product\/poirier-sk-75340-rock-satin-edelstein-lucia\/#primaryimage","url":"https:\/\/www.koonings.com\/wp-content\/uploads\/2025\/07\/50718_c0dbc78d7be2c47f0c4f5ad9fcbcdb334ca2abab76dab7c4beb2083db06a4ce593000ac4.jpeg","contentUrl":"https:\/\/www.koonings.com\/wp-content\/uploads\/2025\/07\/50718_c0dbc78d7be2c47f0c4f5ad9fcbcdb334ca2abab76dab7c4beb2083db06a4ce593000ac4.jpeg","width":1732,"height":2309},{"@type":"BreadcrumbList","@id":"https:\/\/www.koonings.com\/de\/product\/poirier-sk-75340-rock-satin-edelstein-lucia\/#breadcrumb","itemListElement":[{"@type":"ListItem","position":1,"name":"Home","item":"https:\/\/www.koonings.com\/de\/"},{"@type":"ListItem","position":2,"name":"Poirier SK-75340 Rock | Satin | Edelstein | Lucia"}]},{"@type":"WebSite","@id":"https:\/\/www.koonings.com\/de\/#website","url":"https:\/\/www.koonings.com\/de\/","name":"Koonings","description":"De grootste bruidsmodewinkel ter wereld","publisher":{"@id":"https:\/\/www.koonings.com\/de\/#organization"},"potentialAction":[{"@type":"SearchAction","target":{"@type":"EntryPoint","urlTemplate":"https:\/\/www.koonings.com\/de\/?s={search_term_string}"},"query-input":{"@type":"PropertyValueSpecification","valueRequired":true,"valueName":"search_term_string"}}],"inLanguage":"de"},{"@type":"Organization","@id":"https:\/\/www.koonings.com\/de\/#organization","name":"Koonings","url":"https:\/\/www.koonings.com\/de\/","logo":{"@type":"ImageObject","inLanguage":"de","@id":"https:\/\/www.koonings.com\/de\/#\/schema\/logo\/image\/","url":"https:\/\/www.koonings.com\/wp-content\/uploads\/2024\/07\/logo.png","contentUrl":"https:\/\/www.koonings.com\/wp-content\/uploads\/2024\/07\/logo.png","width":600,"height":428,"caption":"Koonings"},"image":{"@id":"https:\/\/www.koonings.com\/de\/#\/schema\/logo\/image\/"},"sameAs":["https:\/\/www.facebook.com\/kooningstheweddingpalace","https:\/\/www.instagram.com\/kooningstheweddingpalace","https:\/\/www.pinterest.com\/koonings","https:\/\/www.youtube.com\/kooningstheweddingpalace"]}]}},"_links":{"self":[{"href":"https:\/\/www.koonings.com\/de\/wp-json\/wp\/v2\/product\/94329","targetHints":{"allow":["GET"]}}],"collection":[{"href":"https:\/\/www.koonings.com\/de\/wp-json\/wp\/v2\/product"}],"about":[{"href":"https:\/\/www.koonings.com\/de\/wp-json\/wp\/v2\/types\/product"}],"wp:featuredmedia":[{"embeddable":true,"href":"https:\/\/www.koonings.com\/de\/wp-json\/wp\/v2\/media\/89100"}],"wp:attachment":[{"href":"https:\/\/www.koonings.com\/de\/wp-json\/wp\/v2\/media?parent=94329"}],"wp:term":[{"taxonomy":"productdetails","embeddable":true,"href":"https:\/\/www.koonings.com\/de\/wp-json\/wp\/v2\/productdetails?post=94329"},{"taxonomy":"productneck","embeddable":true,"href":"https:\/\/www.koonings.com\/de\/wp-json\/wp\/v2\/productneck?post=94329"},{"taxonomy":"productcolor","embeddable":true,"href":"https:\/\/www.koonings.com\/de\/wp-json\/wp\/v2\/productcolor?post=94329"},{"taxonomy":"maat","embeddable":true,"href":"https:\/\/www.koonings.com\/de\/wp-json\/wp\/v2\/maat?post=94329"},{"taxonomy":"productsupplier","embeddable":true,"href":"https:\/\/www.koonings.com\/de\/wp-json\/wp\/v2\/productsupplier?post=94329"},{"taxonomy":"productsleeve","embeddable":true,"href":"https:\/\/www.koonings.com\/de\/wp-json\/wp\/v2\/productsleeve?post=94329"},{"taxonomy":"productcategory","embeddable":true,"href":"https:\/\/www.koonings.com\/de\/wp-json\/wp\/v2\/productcategory?post=94329"},{"taxonomy":"productsilhouette","embeddable":true,"href":"https:\/\/www.koonings.com\/de\/wp-json\/wp\/v2\/productsilhouette?post=94329"},{"taxonomy":"productstyle","embeddable":true,"href":"https:\/\/www.koonings.com\/de\/wp-json\/wp\/v2\/productstyle?post=94329"}],"curies":[{"name":"wp","href":"https:\/\/api.w.org\/{rel}","templated":true}]}}