{"id":94319,"date":"2026-04-14T16:34:18","date_gmt":"2026-04-14T14:34:18","guid":{"rendered":"https:\/\/www.koonings.com\/product\/poirier-sk-75344-rock-uma\/"},"modified":"2026-04-14T15:47:52","modified_gmt":"2026-04-14T13:47:52","slug":"poirier-sk-75344-rock-uma","status":"publish","type":"product","link":"https:\/\/www.koonings.com\/de\/product\/poirier-sk-75344-rock-uma\/","title":{"rendered":"Poirier SK-75344 Rock | Uma"},"content":{"rendered":"<p>SK-75344 &#8211; \u00dcberrock aus T\u00fcll mit wundersch\u00f6ner Blumenstickerei.<br \/>\nRock aus der Uma-Linie von Poirier.<br \/>\nBlumenstickerei aus T\u00fcll, verziert mit Pailletten und Perlen.<br \/>\nKleiner Slip.<br \/>\nKann \u00fcber einem Brautkleid oder einer Hose getragen werden.<br \/>\nDieser Artikel wird mit einem Unterteil aus Krepp geliefert.<br \/>\nGr\u00f6\u00dfen: XS, S, M, L, XL.<br \/>\nWunderbar zu kombinieren mit dem Oberteil T-75417 und dem Schleier S75502-280\/1 aus der Uma-Linie.<\/p>\n","protected":false},"featured_media":89160,"template":"","meta":{"_acf_changed":false,"ghostkit_customizer_options":"","ghostkit_custom_css":"","ghostkit_custom_js_head":"","ghostkit_custom_js_foot":"","ghostkit_typography":""},"productdetails":[],"productneck":[],"productcolor":[],"maat":[],"productsupplier":[416],"productsleeve":[],"productcategory":[509],"productsilhouette":[],"productstyle":[],"class_list":["post-94319","product","type-product","status-publish","has-post-thumbnail","hentry","productsupplier-poirier","productcategory-accessoires-bruid"],"acf":[],"yoast_head":"<!-- This site is optimized with the Yoast SEO plugin v27.3 - https:\/\/yoast.com\/product\/yoast-seo-wordpress\/ -->\n<title>Poirier SK-75344 Rock | Uma | Koonings<\/title>\n<meta name=\"description\" content=\"SK-75344 - \u00dcberrock aus T\u00fcll mit wundersch\u00f6ner Blumenstickerei. Rock aus der Uma-Linie von Poirier. Blumenstickerei aus T\u00fcll, verziert mit Pailletten und Perlen. Kleiner Slip. Kann \u00fcber einem Brautkleid oder einer Hose getragen werden. Dieser Artikel wird mit einem Unterteil aus Krepp geliefert. Gr\u00f6\u00dfen: XS, S, M, L, XL. Wunderbar zu kombinieren mit dem Oberteil T-75417 und dem Schleier S75502-280\/1 aus der Uma-Linie.\" \/>\n<meta name=\"robots\" content=\"index, follow, max-snippet:-1, max-image-preview:large, max-video-preview:-1\" \/>\n<link rel=\"canonical\" href=\"https:\/\/www.koonings.com\/de\/product\/poirier-sk-75344-rock-uma\/\" \/>\n<meta property=\"og:locale\" content=\"de_DE\" \/>\n<meta property=\"og:type\" content=\"article\" \/>\n<meta property=\"og:title\" content=\"Poirier SK-75344 Rock | Uma | Koonings\" \/>\n<meta property=\"og:description\" content=\"SK-75344 - \u00dcberrock aus T\u00fcll mit wundersch\u00f6ner Blumenstickerei. Rock aus der Uma-Linie von Poirier. Blumenstickerei aus T\u00fcll, verziert mit Pailletten und Perlen. Kleiner Slip. Kann \u00fcber einem Brautkleid oder einer Hose getragen werden. Dieser Artikel wird mit einem Unterteil aus Krepp geliefert. Gr\u00f6\u00dfen: XS, S, M, L, XL. Wunderbar zu kombinieren mit dem Oberteil T-75417 und dem Schleier S75502-280\/1 aus der Uma-Linie.\" \/>\n<meta property=\"og:url\" content=\"https:\/\/www.koonings.com\/de\/product\/poirier-sk-75344-rock-uma\/\" \/>\n<meta property=\"og:site_name\" content=\"Koonings\" \/>\n<meta property=\"article:publisher\" content=\"https:\/\/www.facebook.com\/kooningstheweddingpalace\" \/>\n<meta property=\"og:image\" content=\"https:\/\/www.koonings.com\/wp-content\/uploads\/2025\/07\/50722_00c8d8067b8930ca4ac8a76796966d5bf3508b15df73ad43dc3b3ed0220cf5f34b19f9bf.jpeg\" \/>\n\t<meta property=\"og:image:width\" content=\"1732\" \/>\n\t<meta property=\"og:image:height\" content=\"2309\" \/>\n\t<meta property=\"og:image:type\" content=\"image\/jpeg\" \/>\n<meta name=\"twitter:card\" content=\"summary_large_image\" \/>\n<script type=\"application\/ld+json\" class=\"yoast-schema-graph\">{\"@context\":\"https:\\\/\\\/schema.org\",\"@graph\":[{\"@type\":\"WebPage\",\"@id\":\"https:\\\/\\\/www.koonings.com\\\/de\\\/product\\\/poirier-sk-75344-rock-uma\\\/\",\"url\":\"https:\\\/\\\/www.koonings.com\\\/de\\\/product\\\/poirier-sk-75344-rock-uma\\\/\",\"name\":\"Poirier SK-75344 Rock | Uma | Koonings\",\"isPartOf\":{\"@id\":\"https:\\\/\\\/www.koonings.com\\\/de\\\/#website\"},\"primaryImageOfPage\":{\"@id\":\"https:\\\/\\\/www.koonings.com\\\/de\\\/product\\\/poirier-sk-75344-rock-uma\\\/#primaryimage\"},\"image\":{\"@id\":\"https:\\\/\\\/www.koonings.com\\\/de\\\/product\\\/poirier-sk-75344-rock-uma\\\/#primaryimage\"},\"thumbnailUrl\":\"https:\\\/\\\/www.koonings.com\\\/wp-content\\\/uploads\\\/2025\\\/07\\\/50722_00c8d8067b8930ca4ac8a76796966d5bf3508b15df73ad43dc3b3ed0220cf5f34b19f9bf.jpeg\",\"datePublished\":\"2026-04-14T14:34:18+00:00\",\"description\":\"SK-75344 - \u00dcberrock aus T\u00fcll mit wundersch\u00f6ner Blumenstickerei. Rock aus der Uma-Linie von Poirier. Blumenstickerei aus T\u00fcll, verziert mit Pailletten und Perlen. Kleiner Slip. Kann \u00fcber einem Brautkleid oder einer Hose getragen werden. Dieser Artikel wird mit einem Unterteil aus Krepp geliefert. Gr\u00f6\u00dfen: XS, S, M, L, XL. Wunderbar zu kombinieren mit dem Oberteil T-75417 und dem Schleier S75502-280\\\/1 aus der Uma-Linie.\",\"breadcrumb\":{\"@id\":\"https:\\\/\\\/www.koonings.com\\\/de\\\/product\\\/poirier-sk-75344-rock-uma\\\/#breadcrumb\"},\"inLanguage\":\"de\",\"potentialAction\":[{\"@type\":\"ReadAction\",\"target\":[\"https:\\\/\\\/www.koonings.com\\\/de\\\/product\\\/poirier-sk-75344-rock-uma\\\/\"]}]},{\"@type\":\"ImageObject\",\"inLanguage\":\"de\",\"@id\":\"https:\\\/\\\/www.koonings.com\\\/de\\\/product\\\/poirier-sk-75344-rock-uma\\\/#primaryimage\",\"url\":\"https:\\\/\\\/www.koonings.com\\\/wp-content\\\/uploads\\\/2025\\\/07\\\/50722_00c8d8067b8930ca4ac8a76796966d5bf3508b15df73ad43dc3b3ed0220cf5f34b19f9bf.jpeg\",\"contentUrl\":\"https:\\\/\\\/www.koonings.com\\\/wp-content\\\/uploads\\\/2025\\\/07\\\/50722_00c8d8067b8930ca4ac8a76796966d5bf3508b15df73ad43dc3b3ed0220cf5f34b19f9bf.jpeg\",\"width\":1732,\"height\":2309},{\"@type\":\"BreadcrumbList\",\"@id\":\"https:\\\/\\\/www.koonings.com\\\/de\\\/product\\\/poirier-sk-75344-rock-uma\\\/#breadcrumb\",\"itemListElement\":[{\"@type\":\"ListItem\",\"position\":1,\"name\":\"Home\",\"item\":\"https:\\\/\\\/www.koonings.com\\\/de\\\/\"},{\"@type\":\"ListItem\",\"position\":2,\"name\":\"Poirier SK-75344 Rock | Uma\"}]},{\"@type\":\"WebSite\",\"@id\":\"https:\\\/\\\/www.koonings.com\\\/de\\\/#website\",\"url\":\"https:\\\/\\\/www.koonings.com\\\/de\\\/\",\"name\":\"Koonings\",\"description\":\"De grootste bruidsmodewinkel ter wereld\",\"publisher\":{\"@id\":\"https:\\\/\\\/www.koonings.com\\\/de\\\/#organization\"},\"potentialAction\":[{\"@type\":\"SearchAction\",\"target\":{\"@type\":\"EntryPoint\",\"urlTemplate\":\"https:\\\/\\\/www.koonings.com\\\/de\\\/?s={search_term_string}\"},\"query-input\":{\"@type\":\"PropertyValueSpecification\",\"valueRequired\":true,\"valueName\":\"search_term_string\"}}],\"inLanguage\":\"de\"},{\"@type\":\"Organization\",\"@id\":\"https:\\\/\\\/www.koonings.com\\\/de\\\/#organization\",\"name\":\"Koonings\",\"url\":\"https:\\\/\\\/www.koonings.com\\\/de\\\/\",\"logo\":{\"@type\":\"ImageObject\",\"inLanguage\":\"de\",\"@id\":\"https:\\\/\\\/www.koonings.com\\\/de\\\/#\\\/schema\\\/logo\\\/image\\\/\",\"url\":\"https:\\\/\\\/www.koonings.com\\\/wp-content\\\/uploads\\\/2024\\\/07\\\/logo.png\",\"contentUrl\":\"https:\\\/\\\/www.koonings.com\\\/wp-content\\\/uploads\\\/2024\\\/07\\\/logo.png\",\"width\":600,\"height\":428,\"caption\":\"Koonings\"},\"image\":{\"@id\":\"https:\\\/\\\/www.koonings.com\\\/de\\\/#\\\/schema\\\/logo\\\/image\\\/\"},\"sameAs\":[\"https:\\\/\\\/www.facebook.com\\\/kooningstheweddingpalace\",\"https:\\\/\\\/www.instagram.com\\\/kooningstheweddingpalace\",\"https:\\\/\\\/www.pinterest.com\\\/koonings\",\"https:\\\/\\\/www.youtube.com\\\/kooningstheweddingpalace\"]}]}<\/script>\n<!-- \/ Yoast SEO plugin. -->","yoast_head_json":{"title":"Poirier SK-75344 Rock | Uma | Koonings","description":"SK-75344 - \u00dcberrock aus T\u00fcll mit wundersch\u00f6ner Blumenstickerei. Rock aus der Uma-Linie von Poirier. Blumenstickerei aus T\u00fcll, verziert mit Pailletten und Perlen. Kleiner Slip. Kann \u00fcber einem Brautkleid oder einer Hose getragen werden. Dieser Artikel wird mit einem Unterteil aus Krepp geliefert. Gr\u00f6\u00dfen: XS, S, M, L, XL. Wunderbar zu kombinieren mit dem Oberteil T-75417 und dem Schleier S75502-280\/1 aus der Uma-Linie.","robots":{"index":"index","follow":"follow","max-snippet":"max-snippet:-1","max-image-preview":"max-image-preview:large","max-video-preview":"max-video-preview:-1"},"canonical":"https:\/\/www.koonings.com\/de\/product\/poirier-sk-75344-rock-uma\/","og_locale":"de_DE","og_type":"article","og_title":"Poirier SK-75344 Rock | Uma | Koonings","og_description":"SK-75344 - \u00dcberrock aus T\u00fcll mit wundersch\u00f6ner Blumenstickerei. Rock aus der Uma-Linie von Poirier. Blumenstickerei aus T\u00fcll, verziert mit Pailletten und Perlen. Kleiner Slip. Kann \u00fcber einem Brautkleid oder einer Hose getragen werden. Dieser Artikel wird mit einem Unterteil aus Krepp geliefert. Gr\u00f6\u00dfen: XS, S, M, L, XL. Wunderbar zu kombinieren mit dem Oberteil T-75417 und dem Schleier S75502-280\/1 aus der Uma-Linie.","og_url":"https:\/\/www.koonings.com\/de\/product\/poirier-sk-75344-rock-uma\/","og_site_name":"Koonings","article_publisher":"https:\/\/www.facebook.com\/kooningstheweddingpalace","og_image":[{"width":1732,"height":2309,"url":"https:\/\/www.koonings.com\/wp-content\/uploads\/2025\/07\/50722_00c8d8067b8930ca4ac8a76796966d5bf3508b15df73ad43dc3b3ed0220cf5f34b19f9bf.jpeg","type":"image\/jpeg"}],"twitter_card":"summary_large_image","schema":{"@context":"https:\/\/schema.org","@graph":[{"@type":"WebPage","@id":"https:\/\/www.koonings.com\/de\/product\/poirier-sk-75344-rock-uma\/","url":"https:\/\/www.koonings.com\/de\/product\/poirier-sk-75344-rock-uma\/","name":"Poirier SK-75344 Rock | Uma | Koonings","isPartOf":{"@id":"https:\/\/www.koonings.com\/de\/#website"},"primaryImageOfPage":{"@id":"https:\/\/www.koonings.com\/de\/product\/poirier-sk-75344-rock-uma\/#primaryimage"},"image":{"@id":"https:\/\/www.koonings.com\/de\/product\/poirier-sk-75344-rock-uma\/#primaryimage"},"thumbnailUrl":"https:\/\/www.koonings.com\/wp-content\/uploads\/2025\/07\/50722_00c8d8067b8930ca4ac8a76796966d5bf3508b15df73ad43dc3b3ed0220cf5f34b19f9bf.jpeg","datePublished":"2026-04-14T14:34:18+00:00","description":"SK-75344 - \u00dcberrock aus T\u00fcll mit wundersch\u00f6ner Blumenstickerei. Rock aus der Uma-Linie von Poirier. Blumenstickerei aus T\u00fcll, verziert mit Pailletten und Perlen. Kleiner Slip. Kann \u00fcber einem Brautkleid oder einer Hose getragen werden. Dieser Artikel wird mit einem Unterteil aus Krepp geliefert. Gr\u00f6\u00dfen: XS, S, M, L, XL. Wunderbar zu kombinieren mit dem Oberteil T-75417 und dem Schleier S75502-280\/1 aus der Uma-Linie.","breadcrumb":{"@id":"https:\/\/www.koonings.com\/de\/product\/poirier-sk-75344-rock-uma\/#breadcrumb"},"inLanguage":"de","potentialAction":[{"@type":"ReadAction","target":["https:\/\/www.koonings.com\/de\/product\/poirier-sk-75344-rock-uma\/"]}]},{"@type":"ImageObject","inLanguage":"de","@id":"https:\/\/www.koonings.com\/de\/product\/poirier-sk-75344-rock-uma\/#primaryimage","url":"https:\/\/www.koonings.com\/wp-content\/uploads\/2025\/07\/50722_00c8d8067b8930ca4ac8a76796966d5bf3508b15df73ad43dc3b3ed0220cf5f34b19f9bf.jpeg","contentUrl":"https:\/\/www.koonings.com\/wp-content\/uploads\/2025\/07\/50722_00c8d8067b8930ca4ac8a76796966d5bf3508b15df73ad43dc3b3ed0220cf5f34b19f9bf.jpeg","width":1732,"height":2309},{"@type":"BreadcrumbList","@id":"https:\/\/www.koonings.com\/de\/product\/poirier-sk-75344-rock-uma\/#breadcrumb","itemListElement":[{"@type":"ListItem","position":1,"name":"Home","item":"https:\/\/www.koonings.com\/de\/"},{"@type":"ListItem","position":2,"name":"Poirier SK-75344 Rock | Uma"}]},{"@type":"WebSite","@id":"https:\/\/www.koonings.com\/de\/#website","url":"https:\/\/www.koonings.com\/de\/","name":"Koonings","description":"De grootste bruidsmodewinkel ter wereld","publisher":{"@id":"https:\/\/www.koonings.com\/de\/#organization"},"potentialAction":[{"@type":"SearchAction","target":{"@type":"EntryPoint","urlTemplate":"https:\/\/www.koonings.com\/de\/?s={search_term_string}"},"query-input":{"@type":"PropertyValueSpecification","valueRequired":true,"valueName":"search_term_string"}}],"inLanguage":"de"},{"@type":"Organization","@id":"https:\/\/www.koonings.com\/de\/#organization","name":"Koonings","url":"https:\/\/www.koonings.com\/de\/","logo":{"@type":"ImageObject","inLanguage":"de","@id":"https:\/\/www.koonings.com\/de\/#\/schema\/logo\/image\/","url":"https:\/\/www.koonings.com\/wp-content\/uploads\/2024\/07\/logo.png","contentUrl":"https:\/\/www.koonings.com\/wp-content\/uploads\/2024\/07\/logo.png","width":600,"height":428,"caption":"Koonings"},"image":{"@id":"https:\/\/www.koonings.com\/de\/#\/schema\/logo\/image\/"},"sameAs":["https:\/\/www.facebook.com\/kooningstheweddingpalace","https:\/\/www.instagram.com\/kooningstheweddingpalace","https:\/\/www.pinterest.com\/koonings","https:\/\/www.youtube.com\/kooningstheweddingpalace"]}]}},"_links":{"self":[{"href":"https:\/\/www.koonings.com\/de\/wp-json\/wp\/v2\/product\/94319","targetHints":{"allow":["GET"]}}],"collection":[{"href":"https:\/\/www.koonings.com\/de\/wp-json\/wp\/v2\/product"}],"about":[{"href":"https:\/\/www.koonings.com\/de\/wp-json\/wp\/v2\/types\/product"}],"wp:featuredmedia":[{"embeddable":true,"href":"https:\/\/www.koonings.com\/de\/wp-json\/wp\/v2\/media\/89160"}],"wp:attachment":[{"href":"https:\/\/www.koonings.com\/de\/wp-json\/wp\/v2\/media?parent=94319"}],"wp:term":[{"taxonomy":"productdetails","embeddable":true,"href":"https:\/\/www.koonings.com\/de\/wp-json\/wp\/v2\/productdetails?post=94319"},{"taxonomy":"productneck","embeddable":true,"href":"https:\/\/www.koonings.com\/de\/wp-json\/wp\/v2\/productneck?post=94319"},{"taxonomy":"productcolor","embeddable":true,"href":"https:\/\/www.koonings.com\/de\/wp-json\/wp\/v2\/productcolor?post=94319"},{"taxonomy":"maat","embeddable":true,"href":"https:\/\/www.koonings.com\/de\/wp-json\/wp\/v2\/maat?post=94319"},{"taxonomy":"productsupplier","embeddable":true,"href":"https:\/\/www.koonings.com\/de\/wp-json\/wp\/v2\/productsupplier?post=94319"},{"taxonomy":"productsleeve","embeddable":true,"href":"https:\/\/www.koonings.com\/de\/wp-json\/wp\/v2\/productsleeve?post=94319"},{"taxonomy":"productcategory","embeddable":true,"href":"https:\/\/www.koonings.com\/de\/wp-json\/wp\/v2\/productcategory?post=94319"},{"taxonomy":"productsilhouette","embeddable":true,"href":"https:\/\/www.koonings.com\/de\/wp-json\/wp\/v2\/productsilhouette?post=94319"},{"taxonomy":"productstyle","embeddable":true,"href":"https:\/\/www.koonings.com\/de\/wp-json\/wp\/v2\/productstyle?post=94319"}],"curies":[{"name":"wp","href":"https:\/\/api.w.org\/{rel}","templated":true}]}}