{"id":94314,"date":"2026-04-14T16:34:24","date_gmt":"2026-04-14T14:34:24","guid":{"rendered":"https:\/\/www.koonings.com\/product\/poirier-t-210-colbert-matt-satiniert-gemlucia\/"},"modified":"2026-04-14T16:07:09","modified_gmt":"2026-04-14T14:07:09","slug":"poirier-t-210-colbert-matt-satiniert-gemlucia","status":"publish","type":"product","link":"https:\/\/www.koonings.com\/de\/product\/poirier-t-210-colbert-matt-satiniert-gemlucia\/","title":{"rendered":"Poirier T-210 Colbert matt satiniert | Gem|Lucia"},"content":{"rendered":"<p>Brautblazer aus elfenbeinfarbenem, mattem Satin | Deluxe Version | GEM Collection | Linie Lucia<br \/>\nBrautblazer aus der Trend Collection von Poirier.<br \/>\nDie Produkte aus der Linie Lucia sind immer aus sch\u00f6nem, elfenbeinfarbenem, mattem Satin.<br \/>\nDeluxe Version.<br \/>\nHat elfenbeinfarbene Stoffkn\u00f6pfe am \u00c4rmel.<br \/>\nZentraler Verschluss vorne mit einem Satinknopf.<br \/>\nErh\u00e4ltlich in den Gr\u00f6\u00dfen: XS bis XL.<br \/>\nW\u00e4hlen Sie dazu passende Produkte aus der Lucia-Linie: Brauthose T-211.<br \/>\nMit den Produkten aus der Lucia-Linie der GEM Collection entscheiden Sie sich f\u00fcr einen trendigen Braut-Look.<\/p>\n","protected":false},"featured_media":89432,"template":"","meta":{"_acf_changed":false,"ghostkit_customizer_options":"","ghostkit_custom_css":"","ghostkit_custom_js_head":"","ghostkit_custom_js_foot":"","ghostkit_typography":""},"productdetails":[],"productneck":[],"productcolor":[],"maat":[],"productsupplier":[416],"productsleeve":[],"productcategory":[509],"productsilhouette":[],"productstyle":[],"class_list":["post-94314","product","type-product","status-publish","has-post-thumbnail","hentry","productsupplier-poirier","productcategory-accessoires-bruid"],"acf":[],"yoast_head":"<!-- This site is optimized with the Yoast SEO plugin v27.3 - https:\/\/yoast.com\/product\/yoast-seo-wordpress\/ -->\n<title>Poirier T-210 Colbert matt satiniert | Gem|Lucia | Koonings<\/title>\n<meta name=\"description\" content=\"Brautblazer aus elfenbeinfarbenem, mattem Satin | Deluxe Version | GEM Collection | Linie Lucia Brautblazer aus der Trend Collection von Poirier. Die Produkte aus der Linie Lucia sind immer aus sch\u00f6nem, elfenbeinfarbenem, mattem Satin. Deluxe Version. Hat elfenbeinfarbene Stoffkn\u00f6pfe am \u00c4rmel. Zentraler Verschluss vorne mit einem Satinknopf. Erh\u00e4ltlich in den Gr\u00f6\u00dfen: XS bis XL. W\u00e4hlen Sie dazu passende Produkte aus der Lucia-Linie: Brauthose T-211. Mit den Produkten aus der Lucia-Linie der GEM Collection entscheiden Sie sich f\u00fcr einen trendigen Braut-Look.\" \/>\n<meta name=\"robots\" content=\"index, follow, max-snippet:-1, max-image-preview:large, max-video-preview:-1\" \/>\n<link rel=\"canonical\" href=\"https:\/\/www.koonings.com\/de\/product\/poirier-t-210-colbert-matt-satiniert-gemlucia\/\" \/>\n<meta property=\"og:locale\" content=\"de_DE\" \/>\n<meta property=\"og:type\" content=\"article\" \/>\n<meta property=\"og:title\" content=\"Poirier T-210 Colbert matt satiniert | Gem|Lucia | Koonings\" \/>\n<meta property=\"og:description\" content=\"Brautblazer aus elfenbeinfarbenem, mattem Satin | Deluxe Version | GEM Collection | Linie Lucia Brautblazer aus der Trend Collection von Poirier. Die Produkte aus der Linie Lucia sind immer aus sch\u00f6nem, elfenbeinfarbenem, mattem Satin. Deluxe Version. Hat elfenbeinfarbene Stoffkn\u00f6pfe am \u00c4rmel. Zentraler Verschluss vorne mit einem Satinknopf. Erh\u00e4ltlich in den Gr\u00f6\u00dfen: XS bis XL. W\u00e4hlen Sie dazu passende Produkte aus der Lucia-Linie: Brauthose T-211. Mit den Produkten aus der Lucia-Linie der GEM Collection entscheiden Sie sich f\u00fcr einen trendigen Braut-Look.\" \/>\n<meta property=\"og:url\" content=\"https:\/\/www.koonings.com\/de\/product\/poirier-t-210-colbert-matt-satiniert-gemlucia\/\" \/>\n<meta property=\"og:site_name\" content=\"Koonings\" \/>\n<meta property=\"article:publisher\" content=\"https:\/\/www.facebook.com\/kooningstheweddingpalace\" \/>\n<meta property=\"og:image\" content=\"https:\/\/www.koonings.com\/wp-content\/uploads\/2025\/07\/50738_12086dcd45cb0a2230d4a3f1719ff01bd856f5a327c8673fc5744cdb68c14729d43827ab.jpeg\" \/>\n\t<meta property=\"og:image:width\" content=\"1732\" \/>\n\t<meta property=\"og:image:height\" content=\"2309\" \/>\n\t<meta property=\"og:image:type\" content=\"image\/jpeg\" \/>\n<meta name=\"twitter:card\" content=\"summary_large_image\" \/>\n<script type=\"application\/ld+json\" class=\"yoast-schema-graph\">{\"@context\":\"https:\\\/\\\/schema.org\",\"@graph\":[{\"@type\":\"WebPage\",\"@id\":\"https:\\\/\\\/www.koonings.com\\\/de\\\/product\\\/poirier-t-210-colbert-matt-satiniert-gemlucia\\\/\",\"url\":\"https:\\\/\\\/www.koonings.com\\\/de\\\/product\\\/poirier-t-210-colbert-matt-satiniert-gemlucia\\\/\",\"name\":\"Poirier T-210 Colbert matt satiniert | Gem|Lucia | Koonings\",\"isPartOf\":{\"@id\":\"https:\\\/\\\/www.koonings.com\\\/de\\\/#website\"},\"primaryImageOfPage\":{\"@id\":\"https:\\\/\\\/www.koonings.com\\\/de\\\/product\\\/poirier-t-210-colbert-matt-satiniert-gemlucia\\\/#primaryimage\"},\"image\":{\"@id\":\"https:\\\/\\\/www.koonings.com\\\/de\\\/product\\\/poirier-t-210-colbert-matt-satiniert-gemlucia\\\/#primaryimage\"},\"thumbnailUrl\":\"https:\\\/\\\/www.koonings.com\\\/wp-content\\\/uploads\\\/2025\\\/07\\\/50738_12086dcd45cb0a2230d4a3f1719ff01bd856f5a327c8673fc5744cdb68c14729d43827ab.jpeg\",\"datePublished\":\"2026-04-14T14:34:24+00:00\",\"description\":\"Brautblazer aus elfenbeinfarbenem, mattem Satin | Deluxe Version | GEM Collection | Linie Lucia Brautblazer aus der Trend Collection von Poirier. Die Produkte aus der Linie Lucia sind immer aus sch\u00f6nem, elfenbeinfarbenem, mattem Satin. Deluxe Version. Hat elfenbeinfarbene Stoffkn\u00f6pfe am \u00c4rmel. Zentraler Verschluss vorne mit einem Satinknopf. Erh\u00e4ltlich in den Gr\u00f6\u00dfen: XS bis XL. W\u00e4hlen Sie dazu passende Produkte aus der Lucia-Linie: Brauthose T-211. Mit den Produkten aus der Lucia-Linie der GEM Collection entscheiden Sie sich f\u00fcr einen trendigen Braut-Look.\",\"breadcrumb\":{\"@id\":\"https:\\\/\\\/www.koonings.com\\\/de\\\/product\\\/poirier-t-210-colbert-matt-satiniert-gemlucia\\\/#breadcrumb\"},\"inLanguage\":\"de\",\"potentialAction\":[{\"@type\":\"ReadAction\",\"target\":[\"https:\\\/\\\/www.koonings.com\\\/de\\\/product\\\/poirier-t-210-colbert-matt-satiniert-gemlucia\\\/\"]}]},{\"@type\":\"ImageObject\",\"inLanguage\":\"de\",\"@id\":\"https:\\\/\\\/www.koonings.com\\\/de\\\/product\\\/poirier-t-210-colbert-matt-satiniert-gemlucia\\\/#primaryimage\",\"url\":\"https:\\\/\\\/www.koonings.com\\\/wp-content\\\/uploads\\\/2025\\\/07\\\/50738_12086dcd45cb0a2230d4a3f1719ff01bd856f5a327c8673fc5744cdb68c14729d43827ab.jpeg\",\"contentUrl\":\"https:\\\/\\\/www.koonings.com\\\/wp-content\\\/uploads\\\/2025\\\/07\\\/50738_12086dcd45cb0a2230d4a3f1719ff01bd856f5a327c8673fc5744cdb68c14729d43827ab.jpeg\",\"width\":1732,\"height\":2309},{\"@type\":\"BreadcrumbList\",\"@id\":\"https:\\\/\\\/www.koonings.com\\\/de\\\/product\\\/poirier-t-210-colbert-matt-satiniert-gemlucia\\\/#breadcrumb\",\"itemListElement\":[{\"@type\":\"ListItem\",\"position\":1,\"name\":\"Home\",\"item\":\"https:\\\/\\\/www.koonings.com\\\/de\\\/\"},{\"@type\":\"ListItem\",\"position\":2,\"name\":\"Poirier T-210 Colbert matt satiniert | Gem|Lucia\"}]},{\"@type\":\"WebSite\",\"@id\":\"https:\\\/\\\/www.koonings.com\\\/de\\\/#website\",\"url\":\"https:\\\/\\\/www.koonings.com\\\/de\\\/\",\"name\":\"Koonings\",\"description\":\"De grootste bruidsmodewinkel ter wereld\",\"publisher\":{\"@id\":\"https:\\\/\\\/www.koonings.com\\\/de\\\/#organization\"},\"potentialAction\":[{\"@type\":\"SearchAction\",\"target\":{\"@type\":\"EntryPoint\",\"urlTemplate\":\"https:\\\/\\\/www.koonings.com\\\/de\\\/?s={search_term_string}\"},\"query-input\":{\"@type\":\"PropertyValueSpecification\",\"valueRequired\":true,\"valueName\":\"search_term_string\"}}],\"inLanguage\":\"de\"},{\"@type\":\"Organization\",\"@id\":\"https:\\\/\\\/www.koonings.com\\\/de\\\/#organization\",\"name\":\"Koonings\",\"url\":\"https:\\\/\\\/www.koonings.com\\\/de\\\/\",\"logo\":{\"@type\":\"ImageObject\",\"inLanguage\":\"de\",\"@id\":\"https:\\\/\\\/www.koonings.com\\\/de\\\/#\\\/schema\\\/logo\\\/image\\\/\",\"url\":\"https:\\\/\\\/www.koonings.com\\\/wp-content\\\/uploads\\\/2024\\\/07\\\/logo.png\",\"contentUrl\":\"https:\\\/\\\/www.koonings.com\\\/wp-content\\\/uploads\\\/2024\\\/07\\\/logo.png\",\"width\":600,\"height\":428,\"caption\":\"Koonings\"},\"image\":{\"@id\":\"https:\\\/\\\/www.koonings.com\\\/de\\\/#\\\/schema\\\/logo\\\/image\\\/\"},\"sameAs\":[\"https:\\\/\\\/www.facebook.com\\\/kooningstheweddingpalace\",\"https:\\\/\\\/www.instagram.com\\\/kooningstheweddingpalace\",\"https:\\\/\\\/www.pinterest.com\\\/koonings\",\"https:\\\/\\\/www.youtube.com\\\/kooningstheweddingpalace\"]}]}<\/script>\n<!-- \/ Yoast SEO plugin. -->","yoast_head_json":{"title":"Poirier T-210 Colbert matt satiniert | Gem|Lucia | Koonings","description":"Brautblazer aus elfenbeinfarbenem, mattem Satin | Deluxe Version | GEM Collection | Linie Lucia Brautblazer aus der Trend Collection von Poirier. Die Produkte aus der Linie Lucia sind immer aus sch\u00f6nem, elfenbeinfarbenem, mattem Satin. Deluxe Version. Hat elfenbeinfarbene Stoffkn\u00f6pfe am \u00c4rmel. Zentraler Verschluss vorne mit einem Satinknopf. Erh\u00e4ltlich in den Gr\u00f6\u00dfen: XS bis XL. W\u00e4hlen Sie dazu passende Produkte aus der Lucia-Linie: Brauthose T-211. Mit den Produkten aus der Lucia-Linie der GEM Collection entscheiden Sie sich f\u00fcr einen trendigen Braut-Look.","robots":{"index":"index","follow":"follow","max-snippet":"max-snippet:-1","max-image-preview":"max-image-preview:large","max-video-preview":"max-video-preview:-1"},"canonical":"https:\/\/www.koonings.com\/de\/product\/poirier-t-210-colbert-matt-satiniert-gemlucia\/","og_locale":"de_DE","og_type":"article","og_title":"Poirier T-210 Colbert matt satiniert | Gem|Lucia | Koonings","og_description":"Brautblazer aus elfenbeinfarbenem, mattem Satin | Deluxe Version | GEM Collection | Linie Lucia Brautblazer aus der Trend Collection von Poirier. Die Produkte aus der Linie Lucia sind immer aus sch\u00f6nem, elfenbeinfarbenem, mattem Satin. Deluxe Version. Hat elfenbeinfarbene Stoffkn\u00f6pfe am \u00c4rmel. Zentraler Verschluss vorne mit einem Satinknopf. Erh\u00e4ltlich in den Gr\u00f6\u00dfen: XS bis XL. W\u00e4hlen Sie dazu passende Produkte aus der Lucia-Linie: Brauthose T-211. Mit den Produkten aus der Lucia-Linie der GEM Collection entscheiden Sie sich f\u00fcr einen trendigen Braut-Look.","og_url":"https:\/\/www.koonings.com\/de\/product\/poirier-t-210-colbert-matt-satiniert-gemlucia\/","og_site_name":"Koonings","article_publisher":"https:\/\/www.facebook.com\/kooningstheweddingpalace","og_image":[{"width":1732,"height":2309,"url":"https:\/\/www.koonings.com\/wp-content\/uploads\/2025\/07\/50738_12086dcd45cb0a2230d4a3f1719ff01bd856f5a327c8673fc5744cdb68c14729d43827ab.jpeg","type":"image\/jpeg"}],"twitter_card":"summary_large_image","schema":{"@context":"https:\/\/schema.org","@graph":[{"@type":"WebPage","@id":"https:\/\/www.koonings.com\/de\/product\/poirier-t-210-colbert-matt-satiniert-gemlucia\/","url":"https:\/\/www.koonings.com\/de\/product\/poirier-t-210-colbert-matt-satiniert-gemlucia\/","name":"Poirier T-210 Colbert matt satiniert | Gem|Lucia | Koonings","isPartOf":{"@id":"https:\/\/www.koonings.com\/de\/#website"},"primaryImageOfPage":{"@id":"https:\/\/www.koonings.com\/de\/product\/poirier-t-210-colbert-matt-satiniert-gemlucia\/#primaryimage"},"image":{"@id":"https:\/\/www.koonings.com\/de\/product\/poirier-t-210-colbert-matt-satiniert-gemlucia\/#primaryimage"},"thumbnailUrl":"https:\/\/www.koonings.com\/wp-content\/uploads\/2025\/07\/50738_12086dcd45cb0a2230d4a3f1719ff01bd856f5a327c8673fc5744cdb68c14729d43827ab.jpeg","datePublished":"2026-04-14T14:34:24+00:00","description":"Brautblazer aus elfenbeinfarbenem, mattem Satin | Deluxe Version | GEM Collection | Linie Lucia Brautblazer aus der Trend Collection von Poirier. Die Produkte aus der Linie Lucia sind immer aus sch\u00f6nem, elfenbeinfarbenem, mattem Satin. Deluxe Version. Hat elfenbeinfarbene Stoffkn\u00f6pfe am \u00c4rmel. Zentraler Verschluss vorne mit einem Satinknopf. Erh\u00e4ltlich in den Gr\u00f6\u00dfen: XS bis XL. W\u00e4hlen Sie dazu passende Produkte aus der Lucia-Linie: Brauthose T-211. Mit den Produkten aus der Lucia-Linie der GEM Collection entscheiden Sie sich f\u00fcr einen trendigen Braut-Look.","breadcrumb":{"@id":"https:\/\/www.koonings.com\/de\/product\/poirier-t-210-colbert-matt-satiniert-gemlucia\/#breadcrumb"},"inLanguage":"de","potentialAction":[{"@type":"ReadAction","target":["https:\/\/www.koonings.com\/de\/product\/poirier-t-210-colbert-matt-satiniert-gemlucia\/"]}]},{"@type":"ImageObject","inLanguage":"de","@id":"https:\/\/www.koonings.com\/de\/product\/poirier-t-210-colbert-matt-satiniert-gemlucia\/#primaryimage","url":"https:\/\/www.koonings.com\/wp-content\/uploads\/2025\/07\/50738_12086dcd45cb0a2230d4a3f1719ff01bd856f5a327c8673fc5744cdb68c14729d43827ab.jpeg","contentUrl":"https:\/\/www.koonings.com\/wp-content\/uploads\/2025\/07\/50738_12086dcd45cb0a2230d4a3f1719ff01bd856f5a327c8673fc5744cdb68c14729d43827ab.jpeg","width":1732,"height":2309},{"@type":"BreadcrumbList","@id":"https:\/\/www.koonings.com\/de\/product\/poirier-t-210-colbert-matt-satiniert-gemlucia\/#breadcrumb","itemListElement":[{"@type":"ListItem","position":1,"name":"Home","item":"https:\/\/www.koonings.com\/de\/"},{"@type":"ListItem","position":2,"name":"Poirier T-210 Colbert matt satiniert | Gem|Lucia"}]},{"@type":"WebSite","@id":"https:\/\/www.koonings.com\/de\/#website","url":"https:\/\/www.koonings.com\/de\/","name":"Koonings","description":"De grootste bruidsmodewinkel ter wereld","publisher":{"@id":"https:\/\/www.koonings.com\/de\/#organization"},"potentialAction":[{"@type":"SearchAction","target":{"@type":"EntryPoint","urlTemplate":"https:\/\/www.koonings.com\/de\/?s={search_term_string}"},"query-input":{"@type":"PropertyValueSpecification","valueRequired":true,"valueName":"search_term_string"}}],"inLanguage":"de"},{"@type":"Organization","@id":"https:\/\/www.koonings.com\/de\/#organization","name":"Koonings","url":"https:\/\/www.koonings.com\/de\/","logo":{"@type":"ImageObject","inLanguage":"de","@id":"https:\/\/www.koonings.com\/de\/#\/schema\/logo\/image\/","url":"https:\/\/www.koonings.com\/wp-content\/uploads\/2024\/07\/logo.png","contentUrl":"https:\/\/www.koonings.com\/wp-content\/uploads\/2024\/07\/logo.png","width":600,"height":428,"caption":"Koonings"},"image":{"@id":"https:\/\/www.koonings.com\/de\/#\/schema\/logo\/image\/"},"sameAs":["https:\/\/www.facebook.com\/kooningstheweddingpalace","https:\/\/www.instagram.com\/kooningstheweddingpalace","https:\/\/www.pinterest.com\/koonings","https:\/\/www.youtube.com\/kooningstheweddingpalace"]}]}},"_links":{"self":[{"href":"https:\/\/www.koonings.com\/de\/wp-json\/wp\/v2\/product\/94314","targetHints":{"allow":["GET"]}}],"collection":[{"href":"https:\/\/www.koonings.com\/de\/wp-json\/wp\/v2\/product"}],"about":[{"href":"https:\/\/www.koonings.com\/de\/wp-json\/wp\/v2\/types\/product"}],"wp:featuredmedia":[{"embeddable":true,"href":"https:\/\/www.koonings.com\/de\/wp-json\/wp\/v2\/media\/89432"}],"wp:attachment":[{"href":"https:\/\/www.koonings.com\/de\/wp-json\/wp\/v2\/media?parent=94314"}],"wp:term":[{"taxonomy":"productdetails","embeddable":true,"href":"https:\/\/www.koonings.com\/de\/wp-json\/wp\/v2\/productdetails?post=94314"},{"taxonomy":"productneck","embeddable":true,"href":"https:\/\/www.koonings.com\/de\/wp-json\/wp\/v2\/productneck?post=94314"},{"taxonomy":"productcolor","embeddable":true,"href":"https:\/\/www.koonings.com\/de\/wp-json\/wp\/v2\/productcolor?post=94314"},{"taxonomy":"maat","embeddable":true,"href":"https:\/\/www.koonings.com\/de\/wp-json\/wp\/v2\/maat?post=94314"},{"taxonomy":"productsupplier","embeddable":true,"href":"https:\/\/www.koonings.com\/de\/wp-json\/wp\/v2\/productsupplier?post=94314"},{"taxonomy":"productsleeve","embeddable":true,"href":"https:\/\/www.koonings.com\/de\/wp-json\/wp\/v2\/productsleeve?post=94314"},{"taxonomy":"productcategory","embeddable":true,"href":"https:\/\/www.koonings.com\/de\/wp-json\/wp\/v2\/productcategory?post=94314"},{"taxonomy":"productsilhouette","embeddable":true,"href":"https:\/\/www.koonings.com\/de\/wp-json\/wp\/v2\/productsilhouette?post=94314"},{"taxonomy":"productstyle","embeddable":true,"href":"https:\/\/www.koonings.com\/de\/wp-json\/wp\/v2\/productstyle?post=94314"}],"curies":[{"name":"wp","href":"https:\/\/api.w.org\/{rel}","templated":true}]}}