{"id":94302,"date":"2026-04-14T16:34:30","date_gmt":"2026-04-14T14:34:30","guid":{"rendered":"https:\/\/www.koonings.com\/product\/poirier-t-75408-oberteil-strass-edelstein-gabrielle\/"},"modified":"2026-04-14T16:08:59","modified_gmt":"2026-04-14T14:08:59","slug":"poirier-t-75408-oberteil-strass-edelstein-gabrielle","status":"publish","type":"product","link":"https:\/\/www.koonings.com\/de\/product\/poirier-t-75408-oberteil-strass-edelstein-gabrielle\/","title":{"rendered":"Poirier T-75408 Oberteil Strass | Edelstein | Gabrielle"},"content":{"rendered":"<p>T-75408 &#8211; Verziertes Oberteil aus T\u00fcll und mattem Satin aus der Gabrielle-Linie der GEM Collection, mit Strasssteinen verziert<br \/>\nAus weichem T\u00fcll und mattem Satin.<br \/>\nVerziert mit Strasssteinen in verschiedenen Formen und Gr\u00f6\u00dfen.<br \/>\nElfenbeinfarben.<br \/>\n\u00dcber die Schulter gehende \u00c4rmel (kurz)<br \/>\nRei\u00dfverschluss in der hinteren Mitte.<br \/>\nGr\u00f6\u00dfen: XS, S, M, L, XL.<br \/>\nPassend dazu: Jacke und Hose aus der Linie Gabrielle der GEM Collection.<\/p>\n","protected":false},"featured_media":89643,"template":"","meta":{"_acf_changed":false,"ghostkit_customizer_options":"","ghostkit_custom_css":"","ghostkit_custom_js_head":"","ghostkit_custom_js_foot":"","ghostkit_typography":""},"productdetails":[],"productneck":[],"productcolor":[],"maat":[],"productsupplier":[416],"productsleeve":[],"productcategory":[509],"productsilhouette":[],"productstyle":[],"class_list":["post-94302","product","type-product","status-publish","has-post-thumbnail","hentry","productsupplier-poirier","productcategory-accessoires-bruid"],"acf":[],"yoast_head":"<!-- This site is optimized with the Yoast SEO plugin v27.3 - https:\/\/yoast.com\/product\/yoast-seo-wordpress\/ -->\n<title>Poirier T-75408 Oberteil Strass | Edelstein | Gabrielle | Koonings<\/title>\n<meta name=\"description\" content=\"T-75408 - Verziertes Oberteil aus T\u00fcll und mattem Satin aus der Gabrielle-Linie der GEM Collection, mit Strasssteinen verziert Aus weichem T\u00fcll und mattem Satin. Verziert mit Strasssteinen in verschiedenen Formen und Gr\u00f6\u00dfen. Elfenbeinfarben. \u00dcber die Schulter gehende \u00c4rmel (kurz) Rei\u00dfverschluss in der hinteren Mitte. Gr\u00f6\u00dfen: XS, S, M, L, XL. Passend dazu: Jacke und Hose aus der Linie Gabrielle der GEM Collection.\" \/>\n<meta name=\"robots\" content=\"index, follow, max-snippet:-1, max-image-preview:large, max-video-preview:-1\" \/>\n<link rel=\"canonical\" href=\"https:\/\/www.koonings.com\/de\/product\/poirier-t-75408-oberteil-strass-edelstein-gabrielle\/\" \/>\n<meta property=\"og:locale\" content=\"de_DE\" \/>\n<meta property=\"og:type\" content=\"article\" \/>\n<meta property=\"og:title\" content=\"Poirier T-75408 Oberteil Strass | Edelstein | Gabrielle | Koonings\" \/>\n<meta property=\"og:description\" content=\"T-75408 - Verziertes Oberteil aus T\u00fcll und mattem Satin aus der Gabrielle-Linie der GEM Collection, mit Strasssteinen verziert Aus weichem T\u00fcll und mattem Satin. Verziert mit Strasssteinen in verschiedenen Formen und Gr\u00f6\u00dfen. Elfenbeinfarben. \u00dcber die Schulter gehende \u00c4rmel (kurz) Rei\u00dfverschluss in der hinteren Mitte. Gr\u00f6\u00dfen: XS, S, M, L, XL. Passend dazu: Jacke und Hose aus der Linie Gabrielle der GEM Collection.\" \/>\n<meta property=\"og:url\" content=\"https:\/\/www.koonings.com\/de\/product\/poirier-t-75408-oberteil-strass-edelstein-gabrielle\/\" \/>\n<meta property=\"og:site_name\" content=\"Koonings\" \/>\n<meta property=\"article:publisher\" content=\"https:\/\/www.facebook.com\/kooningstheweddingpalace\" \/>\n<meta property=\"og:image\" content=\"https:\/\/www.koonings.com\/wp-content\/uploads\/2025\/07\/50749_3339699a8ca8e304c8edf74f5205150b015620daf4ca6229108c50e7cd8c76cfb5ab053e.jpeg\" \/>\n\t<meta property=\"og:image:width\" content=\"1732\" \/>\n\t<meta property=\"og:image:height\" content=\"2309\" \/>\n\t<meta property=\"og:image:type\" content=\"image\/jpeg\" \/>\n<meta name=\"twitter:card\" content=\"summary_large_image\" \/>\n<script type=\"application\/ld+json\" class=\"yoast-schema-graph\">{\"@context\":\"https:\\\/\\\/schema.org\",\"@graph\":[{\"@type\":\"WebPage\",\"@id\":\"https:\\\/\\\/www.koonings.com\\\/de\\\/product\\\/poirier-t-75408-oberteil-strass-edelstein-gabrielle\\\/\",\"url\":\"https:\\\/\\\/www.koonings.com\\\/de\\\/product\\\/poirier-t-75408-oberteil-strass-edelstein-gabrielle\\\/\",\"name\":\"Poirier T-75408 Oberteil Strass | Edelstein | Gabrielle | Koonings\",\"isPartOf\":{\"@id\":\"https:\\\/\\\/www.koonings.com\\\/de\\\/#website\"},\"primaryImageOfPage\":{\"@id\":\"https:\\\/\\\/www.koonings.com\\\/de\\\/product\\\/poirier-t-75408-oberteil-strass-edelstein-gabrielle\\\/#primaryimage\"},\"image\":{\"@id\":\"https:\\\/\\\/www.koonings.com\\\/de\\\/product\\\/poirier-t-75408-oberteil-strass-edelstein-gabrielle\\\/#primaryimage\"},\"thumbnailUrl\":\"https:\\\/\\\/www.koonings.com\\\/wp-content\\\/uploads\\\/2025\\\/07\\\/50749_3339699a8ca8e304c8edf74f5205150b015620daf4ca6229108c50e7cd8c76cfb5ab053e.jpeg\",\"datePublished\":\"2026-04-14T14:34:30+00:00\",\"description\":\"T-75408 - Verziertes Oberteil aus T\u00fcll und mattem Satin aus der Gabrielle-Linie der GEM Collection, mit Strasssteinen verziert Aus weichem T\u00fcll und mattem Satin. Verziert mit Strasssteinen in verschiedenen Formen und Gr\u00f6\u00dfen. Elfenbeinfarben. \u00dcber die Schulter gehende \u00c4rmel (kurz) Rei\u00dfverschluss in der hinteren Mitte. Gr\u00f6\u00dfen: XS, S, M, L, XL. Passend dazu: Jacke und Hose aus der Linie Gabrielle der GEM Collection.\",\"breadcrumb\":{\"@id\":\"https:\\\/\\\/www.koonings.com\\\/de\\\/product\\\/poirier-t-75408-oberteil-strass-edelstein-gabrielle\\\/#breadcrumb\"},\"inLanguage\":\"de\",\"potentialAction\":[{\"@type\":\"ReadAction\",\"target\":[\"https:\\\/\\\/www.koonings.com\\\/de\\\/product\\\/poirier-t-75408-oberteil-strass-edelstein-gabrielle\\\/\"]}]},{\"@type\":\"ImageObject\",\"inLanguage\":\"de\",\"@id\":\"https:\\\/\\\/www.koonings.com\\\/de\\\/product\\\/poirier-t-75408-oberteil-strass-edelstein-gabrielle\\\/#primaryimage\",\"url\":\"https:\\\/\\\/www.koonings.com\\\/wp-content\\\/uploads\\\/2025\\\/07\\\/50749_3339699a8ca8e304c8edf74f5205150b015620daf4ca6229108c50e7cd8c76cfb5ab053e.jpeg\",\"contentUrl\":\"https:\\\/\\\/www.koonings.com\\\/wp-content\\\/uploads\\\/2025\\\/07\\\/50749_3339699a8ca8e304c8edf74f5205150b015620daf4ca6229108c50e7cd8c76cfb5ab053e.jpeg\",\"width\":1732,\"height\":2309},{\"@type\":\"BreadcrumbList\",\"@id\":\"https:\\\/\\\/www.koonings.com\\\/de\\\/product\\\/poirier-t-75408-oberteil-strass-edelstein-gabrielle\\\/#breadcrumb\",\"itemListElement\":[{\"@type\":\"ListItem\",\"position\":1,\"name\":\"Home\",\"item\":\"https:\\\/\\\/www.koonings.com\\\/de\\\/\"},{\"@type\":\"ListItem\",\"position\":2,\"name\":\"Poirier T-75408 Oberteil Strass | Edelstein | Gabrielle\"}]},{\"@type\":\"WebSite\",\"@id\":\"https:\\\/\\\/www.koonings.com\\\/de\\\/#website\",\"url\":\"https:\\\/\\\/www.koonings.com\\\/de\\\/\",\"name\":\"Koonings\",\"description\":\"De grootste bruidsmodewinkel ter wereld\",\"publisher\":{\"@id\":\"https:\\\/\\\/www.koonings.com\\\/de\\\/#organization\"},\"potentialAction\":[{\"@type\":\"SearchAction\",\"target\":{\"@type\":\"EntryPoint\",\"urlTemplate\":\"https:\\\/\\\/www.koonings.com\\\/de\\\/?s={search_term_string}\"},\"query-input\":{\"@type\":\"PropertyValueSpecification\",\"valueRequired\":true,\"valueName\":\"search_term_string\"}}],\"inLanguage\":\"de\"},{\"@type\":\"Organization\",\"@id\":\"https:\\\/\\\/www.koonings.com\\\/de\\\/#organization\",\"name\":\"Koonings\",\"url\":\"https:\\\/\\\/www.koonings.com\\\/de\\\/\",\"logo\":{\"@type\":\"ImageObject\",\"inLanguage\":\"de\",\"@id\":\"https:\\\/\\\/www.koonings.com\\\/de\\\/#\\\/schema\\\/logo\\\/image\\\/\",\"url\":\"https:\\\/\\\/www.koonings.com\\\/wp-content\\\/uploads\\\/2024\\\/07\\\/logo.png\",\"contentUrl\":\"https:\\\/\\\/www.koonings.com\\\/wp-content\\\/uploads\\\/2024\\\/07\\\/logo.png\",\"width\":600,\"height\":428,\"caption\":\"Koonings\"},\"image\":{\"@id\":\"https:\\\/\\\/www.koonings.com\\\/de\\\/#\\\/schema\\\/logo\\\/image\\\/\"},\"sameAs\":[\"https:\\\/\\\/www.facebook.com\\\/kooningstheweddingpalace\",\"https:\\\/\\\/www.instagram.com\\\/kooningstheweddingpalace\",\"https:\\\/\\\/www.pinterest.com\\\/koonings\",\"https:\\\/\\\/www.youtube.com\\\/kooningstheweddingpalace\"]}]}<\/script>\n<!-- \/ Yoast SEO plugin. -->","yoast_head_json":{"title":"Poirier T-75408 Oberteil Strass | Edelstein | Gabrielle | Koonings","description":"T-75408 - Verziertes Oberteil aus T\u00fcll und mattem Satin aus der Gabrielle-Linie der GEM Collection, mit Strasssteinen verziert Aus weichem T\u00fcll und mattem Satin. Verziert mit Strasssteinen in verschiedenen Formen und Gr\u00f6\u00dfen. Elfenbeinfarben. \u00dcber die Schulter gehende \u00c4rmel (kurz) Rei\u00dfverschluss in der hinteren Mitte. Gr\u00f6\u00dfen: XS, S, M, L, XL. Passend dazu: Jacke und Hose aus der Linie Gabrielle der GEM Collection.","robots":{"index":"index","follow":"follow","max-snippet":"max-snippet:-1","max-image-preview":"max-image-preview:large","max-video-preview":"max-video-preview:-1"},"canonical":"https:\/\/www.koonings.com\/de\/product\/poirier-t-75408-oberteil-strass-edelstein-gabrielle\/","og_locale":"de_DE","og_type":"article","og_title":"Poirier T-75408 Oberteil Strass | Edelstein | Gabrielle | Koonings","og_description":"T-75408 - Verziertes Oberteil aus T\u00fcll und mattem Satin aus der Gabrielle-Linie der GEM Collection, mit Strasssteinen verziert Aus weichem T\u00fcll und mattem Satin. Verziert mit Strasssteinen in verschiedenen Formen und Gr\u00f6\u00dfen. Elfenbeinfarben. \u00dcber die Schulter gehende \u00c4rmel (kurz) Rei\u00dfverschluss in der hinteren Mitte. Gr\u00f6\u00dfen: XS, S, M, L, XL. Passend dazu: Jacke und Hose aus der Linie Gabrielle der GEM Collection.","og_url":"https:\/\/www.koonings.com\/de\/product\/poirier-t-75408-oberteil-strass-edelstein-gabrielle\/","og_site_name":"Koonings","article_publisher":"https:\/\/www.facebook.com\/kooningstheweddingpalace","og_image":[{"width":1732,"height":2309,"url":"https:\/\/www.koonings.com\/wp-content\/uploads\/2025\/07\/50749_3339699a8ca8e304c8edf74f5205150b015620daf4ca6229108c50e7cd8c76cfb5ab053e.jpeg","type":"image\/jpeg"}],"twitter_card":"summary_large_image","schema":{"@context":"https:\/\/schema.org","@graph":[{"@type":"WebPage","@id":"https:\/\/www.koonings.com\/de\/product\/poirier-t-75408-oberteil-strass-edelstein-gabrielle\/","url":"https:\/\/www.koonings.com\/de\/product\/poirier-t-75408-oberteil-strass-edelstein-gabrielle\/","name":"Poirier T-75408 Oberteil Strass | Edelstein | Gabrielle | Koonings","isPartOf":{"@id":"https:\/\/www.koonings.com\/de\/#website"},"primaryImageOfPage":{"@id":"https:\/\/www.koonings.com\/de\/product\/poirier-t-75408-oberteil-strass-edelstein-gabrielle\/#primaryimage"},"image":{"@id":"https:\/\/www.koonings.com\/de\/product\/poirier-t-75408-oberteil-strass-edelstein-gabrielle\/#primaryimage"},"thumbnailUrl":"https:\/\/www.koonings.com\/wp-content\/uploads\/2025\/07\/50749_3339699a8ca8e304c8edf74f5205150b015620daf4ca6229108c50e7cd8c76cfb5ab053e.jpeg","datePublished":"2026-04-14T14:34:30+00:00","description":"T-75408 - Verziertes Oberteil aus T\u00fcll und mattem Satin aus der Gabrielle-Linie der GEM Collection, mit Strasssteinen verziert Aus weichem T\u00fcll und mattem Satin. Verziert mit Strasssteinen in verschiedenen Formen und Gr\u00f6\u00dfen. Elfenbeinfarben. \u00dcber die Schulter gehende \u00c4rmel (kurz) Rei\u00dfverschluss in der hinteren Mitte. Gr\u00f6\u00dfen: XS, S, M, L, XL. Passend dazu: Jacke und Hose aus der Linie Gabrielle der GEM Collection.","breadcrumb":{"@id":"https:\/\/www.koonings.com\/de\/product\/poirier-t-75408-oberteil-strass-edelstein-gabrielle\/#breadcrumb"},"inLanguage":"de","potentialAction":[{"@type":"ReadAction","target":["https:\/\/www.koonings.com\/de\/product\/poirier-t-75408-oberteil-strass-edelstein-gabrielle\/"]}]},{"@type":"ImageObject","inLanguage":"de","@id":"https:\/\/www.koonings.com\/de\/product\/poirier-t-75408-oberteil-strass-edelstein-gabrielle\/#primaryimage","url":"https:\/\/www.koonings.com\/wp-content\/uploads\/2025\/07\/50749_3339699a8ca8e304c8edf74f5205150b015620daf4ca6229108c50e7cd8c76cfb5ab053e.jpeg","contentUrl":"https:\/\/www.koonings.com\/wp-content\/uploads\/2025\/07\/50749_3339699a8ca8e304c8edf74f5205150b015620daf4ca6229108c50e7cd8c76cfb5ab053e.jpeg","width":1732,"height":2309},{"@type":"BreadcrumbList","@id":"https:\/\/www.koonings.com\/de\/product\/poirier-t-75408-oberteil-strass-edelstein-gabrielle\/#breadcrumb","itemListElement":[{"@type":"ListItem","position":1,"name":"Home","item":"https:\/\/www.koonings.com\/de\/"},{"@type":"ListItem","position":2,"name":"Poirier T-75408 Oberteil Strass | Edelstein | Gabrielle"}]},{"@type":"WebSite","@id":"https:\/\/www.koonings.com\/de\/#website","url":"https:\/\/www.koonings.com\/de\/","name":"Koonings","description":"De grootste bruidsmodewinkel ter wereld","publisher":{"@id":"https:\/\/www.koonings.com\/de\/#organization"},"potentialAction":[{"@type":"SearchAction","target":{"@type":"EntryPoint","urlTemplate":"https:\/\/www.koonings.com\/de\/?s={search_term_string}"},"query-input":{"@type":"PropertyValueSpecification","valueRequired":true,"valueName":"search_term_string"}}],"inLanguage":"de"},{"@type":"Organization","@id":"https:\/\/www.koonings.com\/de\/#organization","name":"Koonings","url":"https:\/\/www.koonings.com\/de\/","logo":{"@type":"ImageObject","inLanguage":"de","@id":"https:\/\/www.koonings.com\/de\/#\/schema\/logo\/image\/","url":"https:\/\/www.koonings.com\/wp-content\/uploads\/2024\/07\/logo.png","contentUrl":"https:\/\/www.koonings.com\/wp-content\/uploads\/2024\/07\/logo.png","width":600,"height":428,"caption":"Koonings"},"image":{"@id":"https:\/\/www.koonings.com\/de\/#\/schema\/logo\/image\/"},"sameAs":["https:\/\/www.facebook.com\/kooningstheweddingpalace","https:\/\/www.instagram.com\/kooningstheweddingpalace","https:\/\/www.pinterest.com\/koonings","https:\/\/www.youtube.com\/kooningstheweddingpalace"]}]}},"_links":{"self":[{"href":"https:\/\/www.koonings.com\/de\/wp-json\/wp\/v2\/product\/94302","targetHints":{"allow":["GET"]}}],"collection":[{"href":"https:\/\/www.koonings.com\/de\/wp-json\/wp\/v2\/product"}],"about":[{"href":"https:\/\/www.koonings.com\/de\/wp-json\/wp\/v2\/types\/product"}],"wp:featuredmedia":[{"embeddable":true,"href":"https:\/\/www.koonings.com\/de\/wp-json\/wp\/v2\/media\/89643"}],"wp:attachment":[{"href":"https:\/\/www.koonings.com\/de\/wp-json\/wp\/v2\/media?parent=94302"}],"wp:term":[{"taxonomy":"productdetails","embeddable":true,"href":"https:\/\/www.koonings.com\/de\/wp-json\/wp\/v2\/productdetails?post=94302"},{"taxonomy":"productneck","embeddable":true,"href":"https:\/\/www.koonings.com\/de\/wp-json\/wp\/v2\/productneck?post=94302"},{"taxonomy":"productcolor","embeddable":true,"href":"https:\/\/www.koonings.com\/de\/wp-json\/wp\/v2\/productcolor?post=94302"},{"taxonomy":"maat","embeddable":true,"href":"https:\/\/www.koonings.com\/de\/wp-json\/wp\/v2\/maat?post=94302"},{"taxonomy":"productsupplier","embeddable":true,"href":"https:\/\/www.koonings.com\/de\/wp-json\/wp\/v2\/productsupplier?post=94302"},{"taxonomy":"productsleeve","embeddable":true,"href":"https:\/\/www.koonings.com\/de\/wp-json\/wp\/v2\/productsleeve?post=94302"},{"taxonomy":"productcategory","embeddable":true,"href":"https:\/\/www.koonings.com\/de\/wp-json\/wp\/v2\/productcategory?post=94302"},{"taxonomy":"productsilhouette","embeddable":true,"href":"https:\/\/www.koonings.com\/de\/wp-json\/wp\/v2\/productsilhouette?post=94302"},{"taxonomy":"productstyle","embeddable":true,"href":"https:\/\/www.koonings.com\/de\/wp-json\/wp\/v2\/productstyle?post=94302"}],"curies":[{"name":"wp","href":"https:\/\/api.w.org\/{rel}","templated":true}]}}